{"id":97318,"date":"2022-09-29T16:37:34","date_gmt":"2022-09-29T14:37:34","guid":{"rendered":"https:\/\/rivierabarcrawltours.com\/fale-conosco\/"},"modified":"2026-02-16T10:26:01","modified_gmt":"2026-02-16T09:26:01","slug":"fale-conosco","status":"publish","type":"page","link":"https:\/\/rivierabarcrawltours.com\/pt-pt\/fale-conosco\/","title":{"rendered":"Fale conosco!"},"content":{"rendered":"<div class=\"wpb-content-wrapper\"><p>[vc_row][vc_column][vc_empty_space height=&#8221;75px&#8221;][\/vc_column][\/vc_row][vc_row][vc_column]<a href=\"\/faq\/\" class=\"btn btn-success btn-normal btn-ghost\">FREQUENTLY ASKED QUESTIONS<\/a>[vc_column_text css=&#8221;.vc_custom_1765121520013{margin-top: 65px !important;}&#8221;]<\/p>\n<h2 data-path-to-node=\"2\"><strong>\ud83d\udcde Precisas de ajuda? Contacta-nos! <\/strong><\/h2>\n<p data-path-to-node=\"3\">O nosso objetivo \u00e9 tornar a procura de informa\u00e7\u00f5es f\u00e1cil e simples. Analisa o seguinte antes de contactares a nossa equipa: <\/p>\n<h2 data-path-to-node=\"4\">\u2753 <b>Respostas r\u00e1pidas e FAQs<\/b><\/h2>\n<ul data-path-to-node=\"5\">\n<li>\n<p data-path-to-node=\"5,0,0\"><b>Suporte 24\/7:<\/b> Podes obter respostas instant\u00e2neas e apoio 24 horas por dia, 7 dias por semana, atrav\u00e9s do nosso <b>Chatbot de IA<\/b> dispon\u00edvel no nosso site.<\/p>\n<\/li>\n<li>\n<p data-path-to-node=\"5,1,0\"><b>Perguntas de car\u00e1cter geral:<\/b> Se tiveres alguma quest\u00e3o relacionada com uma das tuas viagens reservadas, consulta a nossa <a href=\"https:\/\/rivierabarcrawltours.com\/pt-pt\/faq\/\" target=\"_blank\" rel=\"noopener\"><b>sec\u00e7\u00e3o FAQ<\/b><\/a> As primeiras respostas podem ser encontradas imediatamente!<\/p>\n<\/li>\n<\/ul>\n<h2 data-path-to-node=\"2\"><b>\ud83d\udccd Informa\u00e7\u00f5es de contacto e hor\u00e1rio de funcionamento<\/b><\/h2>\n<p data-path-to-node=\"3\">A nossa equipa est\u00e1 dispon\u00edvel durante as horas abaixo indicadas, mas tem em aten\u00e7\u00e3o que o nosso <b>chatbot de IA<\/b> fornece apoio instant\u00e2neo fora destes hor\u00e1rios.<\/p>\n<ul>\n<li data-path-to-node=\"4\"><b>Endere\u00e7o do escrit\u00f3rio<\/b> 8 rue Chauvain, 06000 Nice, Fran\u00e7a<\/li>\n<li data-path-to-node=\"5\"><b>Telefone WhatsApp<\/b> +33 649 244 407<\/li>\n<li data-path-to-node=\"6\">Envia <b>um e-mail para<\/b> info@rivierabarcrawltours.com<\/li>\n<\/ul>\n<h3 data-path-to-node=\"6\"><b>Mudar a data da tua digress\u00e3o<\/b><\/h3>\n<p data-path-to-node=\"7\">Se precisares de adiar ou modificar a data da tua viagem, envia-nos um pedido formal por <b>e-mail<\/b>.<\/p>\n<ul data-path-to-node=\"8\">\n<li>\n<p data-path-to-node=\"8,0,0\">Solicita que o pedido seja feito pelo menos <b>48 horas antes da realiza\u00e7\u00e3o do evento<\/b>.<\/p>\n<\/li>\n<li>\n<p data-path-to-node=\"8,1,0\">Faremos o nosso melhor para aceitar a altera\u00e7\u00e3o, mas esta est\u00e1 sempre sujeita \u00e0 disponibilidade da nova data.<\/p>\n<\/li>\n<\/ul>\n<p>[\/vc_column_text]\n<div class=\"wpcf7 no-js\" id=\"wpcf7-f62606-o1\" lang=\"en-US\" dir=\"ltr\" data-wpcf7-id=\"62606\">\n<div class=\"screen-reader-response\"><p role=\"status\" aria-live=\"polite\" aria-atomic=\"true\"><\/p> <ul><\/ul><\/div>\n<form action=\"\/pt-pt\/wp-json\/wp\/v2\/pages\/97318#wpcf7-f62606-o1\" method=\"post\" class=\"wpcf7-form init\" aria-label=\"Formul\u00e1rio de contacto\" novalidate=\"novalidate\" data-status=\"init\">\n<fieldset class=\"hidden-fields-container\"><input type=\"hidden\" name=\"_wpcf7\" value=\"62606\" \/><input type=\"hidden\" name=\"_wpcf7_version\" value=\"6.1.5\" \/><input type=\"hidden\" name=\"_wpcf7_locale\" value=\"en_US\" \/><input type=\"hidden\" name=\"_wpcf7_unit_tag\" value=\"wpcf7-f62606-o1\" \/><input type=\"hidden\" name=\"_wpcf7_container_post\" value=\"0\" \/><input type=\"hidden\" name=\"_wpcf7_posted_data_hash\" value=\"\" \/><input type=\"hidden\" name=\"_wpcf7_recaptcha_response\" value=\"\" \/>\n<\/fieldset>\n<div class=\"st-contact-form\">\n\t<div class=\"contact-header\">\n\t\t<h3>We'd love to hear from you\n\t\t<\/h3>\n\t\t<p>Send us a message and we'll respond as soon as possible\n\t\t<\/p>\n\t<\/div>\n\t<div class=\"contact-form\">\n\t\t<div class=\"form-group\">\n\t\t\t<p><span class=\"wpcf7-form-control-wrap\" data-name=\"your-name\"><input size=\"40\" maxlength=\"400\" class=\"wpcf7-form-control wpcf7-text wpcf7-validates-as-required form-control\" aria-required=\"true\" aria-invalid=\"false\" placeholder=\"Name\" value=\"\" type=\"text\" name=\"your-name\" \/><\/span>\n\t\t\t<\/p>\n\t\t<\/div>\n\t\t<div class=\"form-group\">\n\t\t\t<p><span class=\"wpcf7-form-control-wrap\" data-name=\"your-email\"><input size=\"40\" maxlength=\"400\" class=\"wpcf7-form-control wpcf7-email wpcf7-validates-as-required wpcf7-text wpcf7-validates-as-email form-control\" aria-required=\"true\" aria-invalid=\"false\" placeholder=\"Email\" value=\"\" type=\"email\" name=\"your-email\" \/><\/span>\n\t\t\t<\/p>\n\t\t<\/div>\n\t\t<div class=\"form-group\">\n\t\t\t<p><span class=\"wpcf7-form-control-wrap\" data-name=\"your-message\"><textarea cols=\"40\" rows=\"10\" maxlength=\"2000\" class=\"wpcf7-form-control wpcf7-textarea form-control\" aria-invalid=\"false\" placeholder=\"Message\" name=\"your-message\"><\/textarea><\/span>\n\t\t\t<\/p>\n\t\t<\/div>\n\t<span class=\"wpcf7-form-control-wrap recaptcha\" data-name=\"recaptcha\"><span data-sitekey=\"6LdJz1AaAAAAACdpzuGXVjdcRmpNNTMel9zmPCUG\" class=\"wpcf7-form-control wpcf7-recaptcha g-recaptcha\"><\/span>\r\n<noscript>\r\n\t<div class=\"grecaptcha-noscript\">\r\n\t\t<iframe loading=\"lazy\" src=\"https:\/\/www.google.com\/recaptcha\/api\/fallback?k=6LdJz1AaAAAAACdpzuGXVjdcRmpNNTMel9zmPCUG\" frameborder=\"0\" scrolling=\"no\" width=\"310\" height=\"430\">\r\n\t\t<\/iframe>\r\n\t\t<textarea name=\"g-recaptcha-response\" rows=\"3\" cols=\"40\" placeholder=\"reCaptcha Response Here\">\r\n\t\t<\/textarea>\r\n\t<\/div>\r\n<\/noscript>\r\n<\/span>\n\t\t<p><input class=\"wpcf7-form-control wpcf7-submit has-spinner btn btn-primary\" type=\"submit\" value=\"SEND MESSAGE\" \/>\n\t\t<\/p>\n\t<\/div>\n<\/div><p style=\"display: none !important;\" class=\"akismet-fields-container\" data-prefix=\"_wpcf7_ak_\"><label>&#916;<textarea name=\"_wpcf7_ak_hp_textarea\" cols=\"45\" rows=\"8\" maxlength=\"100\"><\/textarea><\/label><input type=\"hidden\" id=\"ak_js_1\" name=\"_wpcf7_ak_js\" value=\"232\"\/><script>document.getElementById( \"ak_js_1\" ).setAttribute( \"value\", ( new Date() ).getTime() );<\/script><\/p><div class=\"wpcf7-response-output\" aria-hidden=\"true\"><\/div>\n<\/form>\n<\/div>\n[vc_empty_space height=&#8221;25px&#8221;][vc_empty_space height=&#8221;75px&#8221;][\/vc_column][\/vc_row][vc_row full_width=&#8221;stretch_row_content_no_spaces&#8221; row_fullwidth=&#8221;yes&#8221; css=&#8221;.vc_custom_1543398264656{margin-bottom: -100px !important;}&#8221;][vc_column css=&#8221;.vc_custom_1543213048580{padding-right: 0px !important;padding-left: 0px !important;}&#8221;]\t\t<div id=\"contact-map-new\" data-lat=\"43.69780731201172\" data-lng=\"7.276341915130615\" style=\"width: 100%; height: 500px;\"><\/div>\r\n\t[\/vc_column][\/vc_row]<\/p>\n<\/div>","protected":false},"excerpt":{"rendered":"<p>[vc_row][vc_column][vc_empty_space height=&#8221;75px&#8221;][\/vc_column][\/vc_row][vc_row][vc_column][vc_column_text css=&#8221;.vc_custom_1765121520013{margin-top: 65px !important;}&#8221;] \ud83d\udcde Precisas de ajuda? Contacta-nos! O nosso objetivo \u00e9 tornar a procura de informa\u00e7\u00f5es f\u00e1cil e simples. Analisa o seguinte antes de contactares a nossa equipa: \u2753 Respostas r\u00e1pidas e FAQs Suporte 24\/7: Podes obter respostas instant\u00e2neas e apoio 24 horas por dia, 7 dias por semana, atrav\u00e9s do nosso [&hellip;]<\/p>\n","protected":false},"author":2,"featured_media":111562,"parent":0,"menu_order":0,"comment_status":"closed","ping_status":"closed","template":"template-home-modern.php","meta":{"_acf_changed":false,"footnotes":""},"class_list":["post-97318","page","type-page","status-publish","has-post-thumbnail","hentry"],"acf":[],"yoast_head":"<!-- This site is optimized with the Yoast SEO plugin v27.4 - https:\/\/yoast.com\/product\/yoast-seo-wordpress\/ -->\n<title>Fale Conosco I Riviera Bar Crawl e Tours | Aqui para te ajudar<\/title>\n<meta name=\"description\" content=\"Voc\u00ea tem alguma d\u00favida espec\u00edfica sobre nossos passeios ou precisa de ajuda, sinta-se \u00e0 vontade para nos contatar, ficaremos felizes em ajud\u00e1-lo.\" \/>\n<meta name=\"robots\" content=\"index, follow, max-snippet:-1, max-image-preview:large, max-video-preview:-1\" \/>\n<link rel=\"canonical\" href=\"https:\/\/rivierabarcrawltours.com\/pt-pt\/fale-conosco\/\" \/>\n<meta property=\"og:locale\" content=\"pt_PT\" \/>\n<meta property=\"og:type\" content=\"article\" \/>\n<meta property=\"og:title\" content=\"Fale Conosco I Riviera Bar Crawl e Tours | Aqui para te ajudar\" \/>\n<meta property=\"og:description\" content=\"Voc\u00ea tem alguma d\u00favida espec\u00edfica sobre nossos passeios ou precisa de ajuda, sinta-se \u00e0 vontade para nos contatar, ficaremos felizes em ajud\u00e1-lo.\" \/>\n<meta property=\"og:url\" content=\"https:\/\/rivierabarcrawltours.com\/pt-pt\/fale-conosco\/\" \/>\n<meta property=\"og:site_name\" content=\"Riviera Bar Crawl Tours\" \/>\n<meta property=\"article:publisher\" content=\"https:\/\/www.facebook.com\/RivieraBarCrawltours\/\" \/>\n<meta property=\"article:modified_time\" content=\"2026-02-16T09:26:01+00:00\" \/>\n<meta property=\"og:image\" content=\"https:\/\/rivierabarcrawltours.com\/wp-content\/uploads\/2020\/04\/Top-3-Reasons-Why-You-Should-Buy-a-Franchise-pic.png\" \/>\n\t<meta property=\"og:image:width\" content=\"479\" \/>\n\t<meta property=\"og:image:height\" content=\"453\" \/>\n\t<meta property=\"og:image:type\" content=\"image\/png\" \/>\n<meta name=\"twitter:card\" content=\"summary_large_image\" \/>\n<meta name=\"twitter:site\" content=\"@rivierabarcrawl\" \/>\n<meta name=\"twitter:label1\" content=\"Tempo estimado de leitura\" \/>\n\t<meta name=\"twitter:data1\" content=\"2 minutes\" \/>\n<!-- \/ Yoast SEO plugin. -->","yoast_head_json":{"title":"Fale Conosco I Riviera Bar Crawl e Tours | Aqui para te ajudar","description":"Voc\u00ea tem alguma d\u00favida espec\u00edfica sobre nossos passeios ou precisa de ajuda, sinta-se \u00e0 vontade para nos contatar, ficaremos felizes em ajud\u00e1-lo.","robots":{"index":"index","follow":"follow","max-snippet":"max-snippet:-1","max-image-preview":"max-image-preview:large","max-video-preview":"max-video-preview:-1"},"canonical":"https:\/\/rivierabarcrawltours.com\/pt-pt\/fale-conosco\/","og_locale":"pt_PT","og_type":"article","og_title":"Fale Conosco I Riviera Bar Crawl e Tours | Aqui para te ajudar","og_description":"Voc\u00ea tem alguma d\u00favida espec\u00edfica sobre nossos passeios ou precisa de ajuda, sinta-se \u00e0 vontade para nos contatar, ficaremos felizes em ajud\u00e1-lo.","og_url":"https:\/\/rivierabarcrawltours.com\/pt-pt\/fale-conosco\/","og_site_name":"Riviera Bar Crawl Tours","article_publisher":"https:\/\/www.facebook.com\/RivieraBarCrawltours\/","article_modified_time":"2026-02-16T09:26:01+00:00","og_image":[{"width":479,"height":453,"url":"https:\/\/rivierabarcrawltours.com\/wp-content\/uploads\/2020\/04\/Top-3-Reasons-Why-You-Should-Buy-a-Franchise-pic.png","type":"image\/png"}],"twitter_card":"summary_large_image","twitter_site":"@rivierabarcrawl","twitter_misc":{"Tempo estimado de leitura":"2 minutes"},"schema":{"@context":"https:\/\/schema.org","@graph":[{"@type":"WebPage","@id":"https:\/\/rivierabarcrawltours.com\/pt-pt\/fale-conosco\/","url":"https:\/\/rivierabarcrawltours.com\/pt-pt\/fale-conosco\/","name":"Fale Conosco I Riviera Bar Crawl e Tours | Aqui para te ajudar","isPartOf":{"@id":"https:\/\/rivierabarcrawltours.com\/#website"},"primaryImageOfPage":{"@id":"https:\/\/rivierabarcrawltours.com\/pt-pt\/fale-conosco\/#primaryimage"},"image":{"@id":"https:\/\/rivierabarcrawltours.com\/pt-pt\/fale-conosco\/#primaryimage"},"thumbnailUrl":"https:\/\/rivierabarcrawltours.com\/wp-content\/uploads\/2024\/02\/faq-Riviera-bar-crawl-tours.jpg","datePublished":"2022-09-29T14:37:34+00:00","dateModified":"2026-02-16T09:26:01+00:00","description":"Voc\u00ea tem alguma d\u00favida espec\u00edfica sobre nossos passeios ou precisa de ajuda, sinta-se \u00e0 vontade para nos contatar, ficaremos felizes em ajud\u00e1-lo.","breadcrumb":{"@id":"https:\/\/rivierabarcrawltours.com\/pt-pt\/fale-conosco\/#breadcrumb"},"inLanguage":"pt-PT","potentialAction":[{"@type":"ReadAction","target":["https:\/\/rivierabarcrawltours.com\/pt-pt\/fale-conosco\/"]}]},{"@type":"ImageObject","inLanguage":"pt-PT","@id":"https:\/\/rivierabarcrawltours.com\/pt-pt\/fale-conosco\/#primaryimage","url":"https:\/\/rivierabarcrawltours.com\/wp-content\/uploads\/2024\/02\/faq-Riviera-bar-crawl-tours.jpg","contentUrl":"https:\/\/rivierabarcrawltours.com\/wp-content\/uploads\/2024\/02\/faq-Riviera-bar-crawl-tours.jpg","width":1920,"height":1080},{"@type":"BreadcrumbList","@id":"https:\/\/rivierabarcrawltours.com\/pt-pt\/fale-conosco\/#breadcrumb","itemListElement":[{"@type":"ListItem","position":1,"name":"Home","item":"https:\/\/rivierabarcrawltours.com\/pt-pt\/"},{"@type":"ListItem","position":2,"name":"Fale conosco!"}]},{"@type":"WebSite","@id":"https:\/\/rivierabarcrawltours.com\/#website","url":"https:\/\/rivierabarcrawltours.com\/","name":"Riviera Bar Crawl Tours","description":"Fun Day &amp; Night Experiences I Tour operator I Guided Tours I Bar Crawls I Food Tours I","publisher":{"@id":"https:\/\/rivierabarcrawltours.com\/#organization"},"potentialAction":[{"@type":"SearchAction","target":{"@type":"EntryPoint","urlTemplate":"https:\/\/rivierabarcrawltours.com\/?s={search_term_string}"},"query-input":{"@type":"PropertyValueSpecification","valueRequired":true,"valueName":"search_term_string"}}],"inLanguage":"pt-PT"},{"@type":"Organization","@id":"https:\/\/rivierabarcrawltours.com\/#organization","name":"Riviera Bar Crawl Tours","url":"https:\/\/rivierabarcrawltours.com\/","logo":{"@type":"ImageObject","inLanguage":"pt-PT","@id":"https:\/\/rivierabarcrawltours.com\/#\/schema\/logo\/image\/","url":"https:\/\/rivierabarcrawltours.com\/wp-content\/uploads\/2019\/07\/logo.png","contentUrl":"https:\/\/rivierabarcrawltours.com\/wp-content\/uploads\/2019\/07\/logo.png","width":479,"height":453,"caption":"Riviera Bar Crawl Tours"},"image":{"@id":"https:\/\/rivierabarcrawltours.com\/#\/schema\/logo\/image\/"},"sameAs":["https:\/\/www.facebook.com\/RivieraBarCrawltours\/","https:\/\/x.com\/rivierabarcrawl"]}]}},"_links":{"self":[{"href":"https:\/\/rivierabarcrawltours.com\/pt-pt\/wp-json\/wp\/v2\/pages\/97318","targetHints":{"allow":["GET"]}}],"collection":[{"href":"https:\/\/rivierabarcrawltours.com\/pt-pt\/wp-json\/wp\/v2\/pages"}],"about":[{"href":"https:\/\/rivierabarcrawltours.com\/pt-pt\/wp-json\/wp\/v2\/types\/page"}],"author":[{"embeddable":true,"href":"https:\/\/rivierabarcrawltours.com\/pt-pt\/wp-json\/wp\/v2\/users\/2"}],"replies":[{"embeddable":true,"href":"https:\/\/rivierabarcrawltours.com\/pt-pt\/wp-json\/wp\/v2\/comments?post=97318"}],"version-history":[{"count":16,"href":"https:\/\/rivierabarcrawltours.com\/pt-pt\/wp-json\/wp\/v2\/pages\/97318\/revisions"}],"predecessor-version":[{"id":125473,"href":"https:\/\/rivierabarcrawltours.com\/pt-pt\/wp-json\/wp\/v2\/pages\/97318\/revisions\/125473"}],"wp:featuredmedia":[{"embeddable":true,"href":"https:\/\/rivierabarcrawltours.com\/pt-pt\/wp-json\/wp\/v2\/media\/111562"}],"wp:attachment":[{"href":"https:\/\/rivierabarcrawltours.com\/pt-pt\/wp-json\/wp\/v2\/media?parent=97318"}],"curies":[{"name":"wp","href":"https:\/\/api.w.org\/{rel}","templated":true}]}}