{"id":92019,"date":"2022-03-02T10:14:55","date_gmt":"2022-03-02T09:14:55","guid":{"rendered":"https:\/\/rivierabarcrawltours.com\/?page_id=92019"},"modified":"2025-12-02T09:55:34","modified_gmt":"2025-12-02T08:55:34","slug":"termos-condicoes","status":"publish","type":"page","link":"https:\/\/rivierabarcrawltours.com\/pt-pt\/termos-condicoes\/","title":{"rendered":"Termos &#038; Condi\u00e7\u00f5es"},"content":{"rendered":"<div class=\"wpb-content-wrapper\"><p>[vc_row][vc_column][vc_column_text css=&#8221;&#8221;]<\/p>\n<h2><b>CONDI\u00c7\u00d5ES GERAIS DE VENDA \u2013 RIVIERA BAR CRAWL &amp; TOURS<\/b><\/h2>\n<p><span style=\"font-weight: 400;\">(Vers\u00e3o de 20 de novembro de 2025)<\/span><\/p>\n<p><b>Artigo 1 \u2013 Identidade do Organizador<\/b><\/p>\n<ul>\n<li style=\"font-weight: 400;\" aria-level=\"1\"><b>Raz\u00e3o Social:<\/b><span style=\"font-weight: 400;\"> LUXSTARS INVESTMENT<\/span><\/li>\n<li style=\"font-weight: 400;\" aria-level=\"1\"><b>Nome Comercial:<\/b><span style=\"font-weight: 400;\"> Riviera Bar Crawl &amp; Tours<\/span><\/li>\n<li style=\"font-weight: 400;\" aria-level=\"1\"><b>Sede Social:<\/b><span style=\"font-weight: 400;\"> 8 rue chauvain 06000 Nice, France<\/span><\/li>\n<li style=\"font-weight: 400;\" aria-level=\"1\"><b>SIREN:<\/b><span style=\"font-weight: 400;\"> 991 237 181 \u2013 <\/span><b>SIRET:<\/b><span style=\"font-weight: 400;\"> 991 237 181 00011<\/span><\/li>\n<li style=\"font-weight: 400;\" aria-level=\"1\"><b>IVA Intracomunit\u00e1rio:<\/b><span style=\"font-weight: 400;\"> FR15 991237181<\/span><\/li>\n<li style=\"font-weight: 400;\" aria-level=\"1\"><b>Contacto:<\/b><span style=\"font-weight: 400;\"> info@rivierabarcrawltours.com \u2013 <\/span><b>Tel:<\/b><span style=\"font-weight: 400;\"> +33 649 244 407<\/span><\/li>\n<li style=\"font-weight: 400;\" aria-level=\"1\"><b>Respons\u00e1vel:<\/b><span style=\"font-weight: 400;\"> Sra. Brovida<\/span><\/li>\n<\/ul>\n<p><span style=\"font-weight: 400;\">Artigo 2 \u2013 \u00c2mbito de Aplica\u00e7\u00e3o<\/span><\/p>\n<p><span style=\"font-weight: 400;\">As presentes condi\u00e7\u00f5es gerais de venda (CGV) aplicam-se, sem restri\u00e7\u00e3o nem reserva, a todos os servi\u00e7os propostos pela Riviera Bar Crawl &amp; Tours. Isso inclui, sem se limitar, os bar crawls p\u00fablicos, os tours privados, as festas em barco (boat parties), as excurs\u00f5es, os transfers de grupo e qualquer outra atividade tur\u00edstica ou de eventos organizada na Riviera Francesa. A aceita\u00e7\u00e3o destas CGV \u00e9 obrigat\u00f3ria e \u00e9 feita pela valida\u00e7\u00e3o da reserva e do pagamento.<\/span><\/p>\n<p><span style=\"font-weight: 400;\">Artigo 3 \u2013 Reserva e Pagamento<\/span><\/p>\n<p><span style=\"font-weight: 400;\">3.1 A reserva \u00e9 considerada firme e definitiva a partir da rece\u00e7\u00e3o do pagamento integral da presta\u00e7\u00e3o, ou do adiantamento exigido para grupos e reservas privadas.<\/span><\/p>\n<p><span style=\"font-weight: 400;\">3.2 Meios de pagamento aceites: Cart\u00e3o banc\u00e1rio (via Stripe), PayPal, Transfer\u00eancia banc\u00e1ria.<\/span><\/p>\n<p><span style=\"font-weight: 400;\">3.3 Para qualquer reserva de grupo ou privada cujo montante total seja superior a 300 \u20ac, \u00e9 exigido um dep\u00f3sito n\u00e3o reembols\u00e1vel de 50% do montante total no momento da confirma\u00e7\u00e3o.<\/span><\/p>\n<p><span style=\"font-weight: 400;\">Artigo 4 \u2013 Pre\u00e7o<\/span><\/p>\n<p><span style=\"font-weight: 400;\">Os pre\u00e7os dos servi\u00e7os s\u00e3o indicados em euros (\u20ac) e incluem todos os impostos (TTC &#8211; Todas as Taxas Inclu\u00eddas). Incluem o Imposto sobre o Valor Acrescentado (TVA) franc\u00eas \u00e0 taxa legal em vigor no dia da reserva. Qualquer altera\u00e7\u00e3o da taxa de IVA ou a introdu\u00e7\u00e3o de novos impostos ser\u00e1 automaticamente e sem aviso pr\u00e9vio repercutida nos pre\u00e7os apresentados.<\/span><\/p>\n<p><span style=\"font-weight: 400;\">Artigo 4 Bis \u2013 Custos das Presta\u00e7\u00f5es Adicionais<\/span><\/p>\n<p><span style=\"font-weight: 400;\">Qualquer prolongamento dos Servi\u00e7os para al\u00e9m da dura\u00e7\u00e3o inicialmente acordada, solicitado pelo Cliente e aceite pelo Guia, ser\u00e1 faturado imediatamente ou adicionado \u00e0 fatura final do Cliente, de acordo com a seguinte tabela:<\/span><\/p>\n<ul>\n<li style=\"font-weight: 400;\" aria-level=\"1\"><b>Visitas Guiadas e Bar Crawls (s\u00f3 Guia):<\/b><span style=\"font-weight: 400;\"> Tarifa fixa de 60 \u20ac TTC por guia e por hora suplementar indivis\u00edvel.<\/span><\/li>\n<li style=\"font-weight: 400;\" aria-level=\"1\"><b>Tours Privados, Sightseeing e Minivan (Guia + Ve\u00edculo):<\/b><span style=\"font-weight: 400;\"> Tarifa fixa de 150 \u20ac TTC por hora suplementar indivis\u00edvel.<\/span><\/li>\n<\/ul>\n<p><span style=\"font-weight: 400;\">Artigo 5 \u2013 Cancelamento pelo Cliente \u2013 Reservas Individuais<\/span><\/p>\n<p><span style=\"font-weight: 400;\">(Aplic\u00e1vel aos bar crawls p\u00fablicos e excurs\u00f5es cl\u00e1ssicas)<\/span><\/p>\n<ul>\n<li style=\"font-weight: 400;\" aria-level=\"1\"><b>Cancelamento recebido mais de 24 horas antes da hora de in\u00edcio do evento:<\/b><span style=\"font-weight: 400;\"> Reembolso integral do montante pago, deduzidos 5 \u20ac de custos administrativos por pessoa.<\/span><\/li>\n<li style=\"font-weight: 400;\" aria-level=\"1\"><b>Cancelamento recebido menos de 24 horas antes da hora de in\u00edcio:<\/b><span style=\"font-weight: 400;\"> Nenhum reembolso.<\/span><\/li>\n<li style=\"font-weight: 400;\" aria-level=\"1\"><b>N\u00e3o comparecimento (<\/b><b><i>No-show<\/i><\/b><b>) no evento:<\/b><span style=\"font-weight: 400;\"> Nenhum reembolso.<\/span><\/li>\n<\/ul>\n<p><span style=\"font-weight: 400;\">Artigo 6 \u2013 Cancelamento pelo Cliente \u2013 Grupos e Reservas Privadas<\/span><\/p>\n<p><span style=\"font-weight: 400;\">Aplica-se a reservas de 7 pessoas ou mais, a tours privados e a servi\u00e7os personalizados.<\/span><\/p>\n<p><span style=\"font-weight: 400;\">Qualquer cancelamento ou modifica\u00e7\u00e3o substancial deve ser notificada por escrito (e-mail) para o endere\u00e7o info@rivierabarcrawltours.com. A data de rece\u00e7\u00e3o do correio eletr\u00f3nico \u00e9 considerada para o c\u00e1lculo das penalidades.<\/span><\/p>\n<ul>\n<li style=\"font-weight: 400;\" aria-level=\"1\"><b>Mais de 30 dias antes da data do Tour:<\/b><span style=\"font-weight: 400;\"> Penalidade de 50% do montante total (perda do adiantamento). Reembolso de 50% do montante total pago.<\/span><\/li>\n<li style=\"font-weight: 400;\" aria-level=\"1\"><b>De 15 a 29 dias antes da data do Tour:<\/b><span style=\"font-weight: 400;\"> Penalidade de 75% do montante total. Reembolso de 25% do montante total pago.<\/span><\/li>\n<li style=\"font-weight: 400;\" aria-level=\"1\"><span style=\"font-weight: 400;\">Menos de 15 dias antes da data do Tour ou No-show: Penalidade de 100% do montante total. Nenhum reembolso.<\/span><span style=\"font-weight: 400;\"><br \/>\n<\/span><span style=\"font-weight: 400;\">Qualquer redu\u00e7\u00e3o do n\u00famero de participantes ser\u00e1 tratada como um cancelamento parcial e sujeita \u00e0s penalidades acima na por\u00e7\u00e3o cancelada.<\/span><\/li>\n<\/ul>\n<p><span style=\"font-weight: 400;\">Artigo 7 \u2013 Modifica\u00e7\u00e3o da Reserva (Data ou Presta\u00e7\u00e3o) \u2013 Reservas Individuais e de Grupo<\/span><\/p>\n<p><span style=\"font-weight: 400;\">Qualquer pedido de adiamento da data ou de modifica\u00e7\u00e3o da presta\u00e7\u00e3o deve ser feito por escrito (e-mail para info@rivierabarcrawltours.com).<\/span><\/p>\n<ul>\n<li style=\"font-weight: 400;\" aria-level=\"1\"><b>Reservas Individuais:<\/b>\n<ul>\n<li style=\"font-weight: 400;\" aria-level=\"2\"><b>Mais de 48 horas antes do Tour:<\/b><span style=\"font-weight: 400;\"> Modifica\u00e7\u00e3o gratuita e autorizada, sob reserva de disponibilidade.<\/span><\/li>\n<li style=\"font-weight: 400;\" aria-level=\"2\"><b>Menos de 48 horas antes do Tour:<\/b><span style=\"font-weight: 400;\"> O pedido \u00e9 tratado como um cancelamento da reserva inicial (com aplica\u00e7\u00e3o das penalidades do Artigo 5).<\/span><\/li>\n<\/ul>\n<\/li>\n<li style=\"font-weight: 400;\" aria-level=\"1\"><b>Reservas de Grupo:<\/b>\n<ul>\n<li style=\"font-weight: 400;\" aria-level=\"2\"><b>Mais de 30 dias antes do Tour:<\/b><span style=\"font-weight: 400;\"> Modifica\u00e7\u00e3o gratuita e autorizada, sob reserva de disponibilidade.<\/span><\/li>\n<li style=\"font-weight: 400;\" aria-level=\"2\"><b>Menos de 30 dias antes do Tour:<\/b><span style=\"font-weight: 400;\"> O pedido \u00e9 tratado como um cancelamento da reserva inicial (com aplica\u00e7\u00e3o das penalidades do Artigo 6).<\/span><\/li>\n<li style=\"font-weight: 400;\" aria-level=\"2\"><b>Menos de 15 dias antes do Tour:<\/b><span style=\"font-weight: 400;\"> Nenhuma modifica\u00e7\u00e3o \u00e9 aceite. Qualquer pedido \u00e9 tratado como um cancelamento tardio (penalidade de 100%).<\/span><\/li>\n<\/ul>\n<\/li>\n<\/ul>\n<p><span style=\"font-weight: 400;\">Artigo 8 \u2013 Cancelamento ou Modifica\u00e7\u00e3o pelo Organizador<\/span><\/p>\n<p><span style=\"font-weight: 400;\">8.1 Riviera Bar Crawl &amp; Tours reserva-se o direito de cancelar ou modificar o itiner\u00e1rio ou os componentes de uma presta\u00e7\u00e3o em caso de for\u00e7a maior (cf. Artigo 9) ou de circunst\u00e2ncias excecionais independentes da sua vontade (ex.: alerta meteorol\u00f3gico perigoso, fecho administrativo dos estabelecimentos parceiros, restri\u00e7\u00f5es governamentais).<\/span><\/p>\n<p><span style=\"font-weight: 400;\">8.2 Neste caso, ser\u00e1 proposto ao Cliente a escolha entre:<\/span><\/p>\n<ol>\n<li><span style=\"font-weight: 400;\">a) Um adiamento da presta\u00e7\u00e3o para uma data posterior acordada.<\/span><\/li>\n<li><span style=\"font-weight: 400;\">b) Um reembolso integral das quantias pagas.<\/span><\/li>\n<\/ol>\n<p><span style=\"font-weight: 400;\">Nenhuma indemniza\u00e7\u00e3o ou dano e juro suplementar ser\u00e1 devido ao Cliente a t\u00edtulo deste cancelamento.<\/span><\/p>\n<p><span style=\"font-weight: 400;\">Artigo 9 \u2013 For\u00e7a Maior e Circunst\u00e2ncias Extraordin\u00e1rias<\/span><\/p>\n<p><span style=\"font-weight: 400;\">Em conformidade com o artigo L.211-14 II do C\u00f3digo de Turismo, o Cliente tem o direito de cancelar a sua reserva sem custos de cancelamento se a execu\u00e7\u00e3o da viagem ou o transporte dos passageiros para o local de partida for significativamente afetado por circunst\u00e2ncias excecionais e inevit\u00e1veis (ex.: cat\u00e1strofe natural importante, ato terrorista comprovado, guerra, pandemia declarada com restri\u00e7\u00f5es de desloca\u00e7\u00e3o). Nesta situa\u00e7\u00e3o, um reembolso integral ser\u00e1 efetuado no prazo de 14 dias.<\/span><\/p>\n<p><span style=\"font-weight: 400;\">Artigo 10 \u2013 Responsabilidade e Comportamento do Cliente<\/span><\/p>\n<p><span style=\"font-weight: 400;\">10.1 O Cliente compromete-se a respeitar escrupulosamente as instru\u00e7\u00f5es de seguran\u00e7a, as regras de conduta e as instru\u00e7\u00f5es dadas pelos guias ou representantes da Riviera Bar Crawl &amp; Tours.<\/span><\/p>\n<p><span style=\"font-weight: 400;\">10.2 O acesso aos estabelecimentos (bares, clubes) est\u00e1 sujeito \u00e0 discri\u00e7\u00e3o dos pr\u00f3prios estabelecimentos. Qualquer pessoa em estado de embriaguez excessiva, que tenha um comportamento violento, perigoso ou inadequado, ou que n\u00e3o respeite as regras dos estabelecimentos parceiros, poder\u00e1 ser exclu\u00edda da atividade imediatamente e sem possibilidade de reembolso.<\/span><\/p>\n<p><span style=\"font-weight: 400;\">10.3 Idade Legal: A participa\u00e7\u00e3o em qualquer atividade que envolva o consumo de \u00e1lcool \u00e9 estritamente reservada a pessoas com 18 anos completos (documento de identidade oficial e v\u00e1lido exigido).<\/span><\/p>\n<p><span style=\"font-weight: 400;\">10.4 O Organizador declina toda a responsabilidade em caso de perda, roubo ou deteriora\u00e7\u00e3o dos pertences pessoais dos participantes que ocorram durante a atividade.<\/span><\/p>\n<p><span style=\"font-weight: 400;\">Artigo 11 \u2013 Direito \u00e0 Imagem<\/span><\/p>\n<p><span style=\"font-weight: 400;\">Ao participar nas nossas atividades, o Cliente autoriza expressamente a Riviera Bar Crawl &amp; Tours a utilizar as fotografias e\/ou v\u00eddeos capturados durante o desenrolar do tour para fins promocionais (website, redes sociais, material de marketing), salvo oposi\u00e7\u00e3o escrita formal e pr\u00e9via dirigida ao Organizador antes do in\u00edcio da atividade.<\/span><\/p>\n<p><span style=\"font-weight: 400;\">Artigo 12 \u2013 Seguros<\/span><\/p>\n<p><span style=\"font-weight: 400;\">A Riviera Bar Crawl &amp; Tours est\u00e1 coberta por uma ap\u00f3lice de seguro de Responsabilidade Civil Profissional para os danos que possam ser causados por sua culpa. \u00c9 fortemente recomendado a cada participante que subscreva um seguro de viagem individual que cubra o cancelamento, a assist\u00eancia de repatriamento e os custos de sa\u00fade durante a dura\u00e7\u00e3o da sua estadia.<\/span><\/p>\n<p><span style=\"font-weight: 400;\">Artigo 13 \u2013 Reembolsos<\/span><\/p>\n<p><span style=\"font-weight: 400;\">Qualquer reembolso devido ao Cliente ser\u00e1 efetuado num prazo m\u00e1ximo de 14 dias a contar da data de notifica\u00e7\u00e3o do cancelamento, utilizando o mesmo meio de pagamento que o utilizado pelo Cliente na reserva inicial (salvo acordo expl\u00edcito do Cliente para outro meio).<\/span><\/p>\n<p><span style=\"font-weight: 400;\">Artigo 14 \u2013 Reclama\u00e7\u00f5es e Media\u00e7\u00e3o<\/span><\/p>\n<p><span style=\"font-weight: 400;\">Qualquer reclama\u00e7\u00e3o relativa a uma presta\u00e7\u00e3o deve ser endere\u00e7ada por escrito ao Organizador no prazo de 15 dias a contar da data da presta\u00e7\u00e3o em quest\u00e3o.<\/span><\/p>\n<p><span style=\"font-weight: 400;\">Artigo 15 \u2013 Lei Aplic\u00e1vel e Jurisdi\u00e7\u00e3o Competente<\/span><\/p>\n<p><span style=\"font-weight: 400;\">As presentes Condi\u00e7\u00f5es Gerais de Venda e os contratos delas decorrentes est\u00e3o sujeitos ao direito franc\u00eas. Qualquer lit\u00edgio relativo \u00e0 sua interpreta\u00e7\u00e3o, execu\u00e7\u00e3o ou validade, na falta de acordo amig\u00e1vel ou de media\u00e7\u00e3o, ser\u00e1 submetido aos tribunais competentes de Nice (Fran\u00e7a).<\/span>[\/vc_column_text][\/vc_column][\/vc_row]<\/p>\n<\/div>","protected":false},"excerpt":{"rendered":"<p>[vc_row][vc_column][vc_column_text css=&#8221;&#8221;] CONDI\u00c7\u00d5ES GERAIS DE VENDA \u2013 RIVIERA BAR CRAWL &amp; TOURS (Vers\u00e3o de 20 de novembro de 2025) Artigo 1 \u2013 Identidade do Organizador Raz\u00e3o Social: LUXSTARS INVESTMENT Nome Comercial: Riviera Bar Crawl &amp; Tours Sede Social: 8 rue chauvain 06000 Nice, France SIREN: 991 237 181 \u2013 SIRET: 991 237 181 00011 IVA [&hellip;]<\/p>\n","protected":false},"author":2,"featured_media":111562,"parent":0,"menu_order":0,"comment_status":"closed","ping_status":"closed","template":"template-home-modern.php","meta":{"_acf_changed":false,"footnotes":""},"class_list":["post-92019","page","type-page","status-publish","has-post-thumbnail","hentry"],"acf":[],"yoast_head":"<!-- This site is optimized with the Yoast SEO plugin v27.5 - https:\/\/yoast.com\/product\/yoast-seo-wordpress\/ -->\n<title>Termos &amp; Condi\u00e7\u00f5es | Riviera Bar Crawl Tours<\/title>\n<meta name=\"description\" content=\"Os Termos e Condi\u00e7\u00f5es Gerais abaixo e as condi\u00e7\u00f5es de reserva e encomenda do Riviera Bar Crawl &amp; Tours aplicam-se a todas as ofertas, encomendas e acordos.\" \/>\n<meta name=\"robots\" content=\"index, follow, max-snippet:-1, max-image-preview:large, max-video-preview:-1\" \/>\n<link rel=\"canonical\" href=\"https:\/\/rivierabarcrawltours.com\/pt-pt\/termos-condicoes\/\" \/>\n<meta property=\"og:locale\" content=\"pt_PT\" \/>\n<meta property=\"og:type\" content=\"article\" \/>\n<meta property=\"og:title\" content=\"Termos &amp; Condi\u00e7\u00f5es | Riviera Bar Crawl Tours\" \/>\n<meta property=\"og:description\" content=\"Os Termos e Condi\u00e7\u00f5es Gerais abaixo e as condi\u00e7\u00f5es de reserva e encomenda do Riviera Bar Crawl &amp; Tours aplicam-se a todas as ofertas, encomendas e acordos.\" \/>\n<meta property=\"og:url\" content=\"https:\/\/rivierabarcrawltours.com\/pt-pt\/termos-condicoes\/\" \/>\n<meta property=\"og:site_name\" content=\"Riviera Bar Crawl Tours\" \/>\n<meta property=\"article:publisher\" content=\"https:\/\/www.facebook.com\/RivieraBarCrawltours\/\" \/>\n<meta property=\"article:modified_time\" content=\"2025-12-02T08:55:34+00:00\" \/>\n<meta property=\"og:image\" content=\"https:\/\/rivierabarcrawltours.com\/wp-content\/uploads\/2021\/08\/french-riviera.jpg\" \/>\n\t<meta property=\"og:image:width\" content=\"2048\" \/>\n\t<meta property=\"og:image:height\" content=\"1153\" \/>\n\t<meta property=\"og:image:type\" content=\"image\/jpeg\" \/>\n<meta name=\"twitter:card\" content=\"summary_large_image\" \/>\n<meta name=\"twitter:site\" content=\"@rivierabarcrawl\" \/>\n<meta name=\"twitter:label1\" content=\"Tempo estimado de leitura\" \/>\n\t<meta name=\"twitter:data1\" content=\"7 minutes\" \/>\n<!-- \/ Yoast SEO plugin. -->","yoast_head_json":{"title":"Termos & Condi\u00e7\u00f5es | Riviera Bar Crawl Tours","description":"Os Termos e Condi\u00e7\u00f5es Gerais abaixo e as condi\u00e7\u00f5es de reserva e encomenda do Riviera Bar Crawl & Tours aplicam-se a todas as ofertas, encomendas e acordos.","robots":{"index":"index","follow":"follow","max-snippet":"max-snippet:-1","max-image-preview":"max-image-preview:large","max-video-preview":"max-video-preview:-1"},"canonical":"https:\/\/rivierabarcrawltours.com\/pt-pt\/termos-condicoes\/","og_locale":"pt_PT","og_type":"article","og_title":"Termos & Condi\u00e7\u00f5es | Riviera Bar Crawl Tours","og_description":"Os Termos e Condi\u00e7\u00f5es Gerais abaixo e as condi\u00e7\u00f5es de reserva e encomenda do Riviera Bar Crawl & Tours aplicam-se a todas as ofertas, encomendas e acordos.","og_url":"https:\/\/rivierabarcrawltours.com\/pt-pt\/termos-condicoes\/","og_site_name":"Riviera Bar Crawl Tours","article_publisher":"https:\/\/www.facebook.com\/RivieraBarCrawltours\/","article_modified_time":"2025-12-02T08:55:34+00:00","og_image":[{"width":2048,"height":1153,"url":"https:\/\/rivierabarcrawltours.com\/wp-content\/uploads\/2021\/08\/french-riviera.jpg","type":"image\/jpeg"}],"twitter_card":"summary_large_image","twitter_site":"@rivierabarcrawl","twitter_misc":{"Tempo estimado de leitura":"7 minutes"},"schema":{"@context":"https:\/\/schema.org","@graph":[{"@type":"WebPage","@id":"https:\/\/rivierabarcrawltours.com\/pt-pt\/termos-condicoes\/","url":"https:\/\/rivierabarcrawltours.com\/pt-pt\/termos-condicoes\/","name":"Termos & Condi\u00e7\u00f5es | Riviera Bar Crawl Tours","isPartOf":{"@id":"https:\/\/rivierabarcrawltours.com\/#website"},"primaryImageOfPage":{"@id":"https:\/\/rivierabarcrawltours.com\/pt-pt\/termos-condicoes\/#primaryimage"},"image":{"@id":"https:\/\/rivierabarcrawltours.com\/pt-pt\/termos-condicoes\/#primaryimage"},"thumbnailUrl":"https:\/\/rivierabarcrawltours.com\/wp-content\/uploads\/2024\/02\/faq-Riviera-bar-crawl-tours.jpg","datePublished":"2022-03-02T09:14:55+00:00","dateModified":"2025-12-02T08:55:34+00:00","description":"Os Termos e Condi\u00e7\u00f5es Gerais abaixo e as condi\u00e7\u00f5es de reserva e encomenda do Riviera Bar Crawl & Tours aplicam-se a todas as ofertas, encomendas e acordos.","breadcrumb":{"@id":"https:\/\/rivierabarcrawltours.com\/pt-pt\/termos-condicoes\/#breadcrumb"},"inLanguage":"pt-PT","potentialAction":[{"@type":"ReadAction","target":["https:\/\/rivierabarcrawltours.com\/pt-pt\/termos-condicoes\/"]}]},{"@type":"ImageObject","inLanguage":"pt-PT","@id":"https:\/\/rivierabarcrawltours.com\/pt-pt\/termos-condicoes\/#primaryimage","url":"https:\/\/rivierabarcrawltours.com\/wp-content\/uploads\/2024\/02\/faq-Riviera-bar-crawl-tours.jpg","contentUrl":"https:\/\/rivierabarcrawltours.com\/wp-content\/uploads\/2024\/02\/faq-Riviera-bar-crawl-tours.jpg","width":1920,"height":1080},{"@type":"BreadcrumbList","@id":"https:\/\/rivierabarcrawltours.com\/pt-pt\/termos-condicoes\/#breadcrumb","itemListElement":[{"@type":"ListItem","position":1,"name":"Home","item":"https:\/\/rivierabarcrawltours.com\/pt-pt\/"},{"@type":"ListItem","position":2,"name":"Termos &#038; Condi\u00e7\u00f5es"}]},{"@type":"WebSite","@id":"https:\/\/rivierabarcrawltours.com\/#website","url":"https:\/\/rivierabarcrawltours.com\/","name":"Riviera Bar Crawl Tours","description":"Fun Day &amp; Night Experiences I Tour operator I Guided Tours I Bar Crawls I Food Tours I","publisher":{"@id":"https:\/\/rivierabarcrawltours.com\/#organization"},"potentialAction":[{"@type":"SearchAction","target":{"@type":"EntryPoint","urlTemplate":"https:\/\/rivierabarcrawltours.com\/?s={search_term_string}"},"query-input":{"@type":"PropertyValueSpecification","valueRequired":true,"valueName":"search_term_string"}}],"inLanguage":"pt-PT"},{"@type":"Organization","@id":"https:\/\/rivierabarcrawltours.com\/#organization","name":"Riviera Bar Crawl Tours","url":"https:\/\/rivierabarcrawltours.com\/","logo":{"@type":"ImageObject","inLanguage":"pt-PT","@id":"https:\/\/rivierabarcrawltours.com\/#\/schema\/logo\/image\/","url":"https:\/\/rivierabarcrawltours.com\/wp-content\/uploads\/2019\/07\/logo.png","contentUrl":"https:\/\/rivierabarcrawltours.com\/wp-content\/uploads\/2019\/07\/logo.png","width":479,"height":453,"caption":"Riviera Bar Crawl Tours"},"image":{"@id":"https:\/\/rivierabarcrawltours.com\/#\/schema\/logo\/image\/"},"sameAs":["https:\/\/www.facebook.com\/RivieraBarCrawltours\/","https:\/\/x.com\/rivierabarcrawl"]}]}},"_links":{"self":[{"href":"https:\/\/rivierabarcrawltours.com\/pt-pt\/wp-json\/wp\/v2\/pages\/92019","targetHints":{"allow":["GET"]}}],"collection":[{"href":"https:\/\/rivierabarcrawltours.com\/pt-pt\/wp-json\/wp\/v2\/pages"}],"about":[{"href":"https:\/\/rivierabarcrawltours.com\/pt-pt\/wp-json\/wp\/v2\/types\/page"}],"author":[{"embeddable":true,"href":"https:\/\/rivierabarcrawltours.com\/pt-pt\/wp-json\/wp\/v2\/users\/2"}],"replies":[{"embeddable":true,"href":"https:\/\/rivierabarcrawltours.com\/pt-pt\/wp-json\/wp\/v2\/comments?post=92019"}],"version-history":[{"count":2,"href":"https:\/\/rivierabarcrawltours.com\/pt-pt\/wp-json\/wp\/v2\/pages\/92019\/revisions"}],"predecessor-version":[{"id":122185,"href":"https:\/\/rivierabarcrawltours.com\/pt-pt\/wp-json\/wp\/v2\/pages\/92019\/revisions\/122185"}],"wp:featuredmedia":[{"embeddable":true,"href":"https:\/\/rivierabarcrawltours.com\/pt-pt\/wp-json\/wp\/v2\/media\/111562"}],"wp:attachment":[{"href":"https:\/\/rivierabarcrawltours.com\/pt-pt\/wp-json\/wp\/v2\/media?parent=92019"}],"curies":[{"name":"wp","href":"https:\/\/api.w.org\/{rel}","templated":true}]}}