{"id":67015,"date":"2021-02-21T07:23:45","date_gmt":"2021-02-21T06:23:45","guid":{"rendered":"https:\/\/rivierabarcrawltours.com\/sobre-nos\/"},"modified":"2025-12-10T16:26:19","modified_gmt":"2025-12-10T15:26:19","slug":"sobre-nos","status":"publish","type":"page","link":"https:\/\/rivierabarcrawltours.com\/pt-pt\/sobre-nos\/","title":{"rendered":"Sobre n\u00f3s"},"content":{"rendered":"<div class=\"wpb-content-wrapper\"><p>[vc_row full_width=&#8221;stretch_row_content_no_spaces&#8221; row_fullwidth=&#8221;yes&#8221;][vc_column][vc_column_text]<strong>RIVIERA BAR CRAWL TOURS SOBRE N\u00d3S :<\/strong>[\/vc_column_text][vc_column_text css=&#8221;&#8221;]<strong>VIS\u00c3O (porqu\u00ea):<\/strong><\/p>\n<p>Experi\u00eancias sociais divertidas que ajudam as pessoas a criar liga\u00e7\u00f5es e a celebrar a vida de todos no mundo.<\/p>\n<p><strong>MISS\u00d5ES (como):<\/strong><\/p>\n<ul>\n<li>Desenvolver experi\u00eancias divertidas de entretenimento, lazer e bem-estar<\/li>\n<li>Reunir pessoas de todas as nacionalidades e origens socioecon\u00f3micas<\/li>\n<li>Incentivar a descoberta de destinos tur\u00edsticos e promover a cultura e o patrim\u00f3nio locais<\/li>\n<li>Participar no desenvolvimento de uma economia social e solid\u00e1ria<\/li>\n<li>Respeitar as pessoas, o ambiente e os estilos de vida locais<\/li>\n<li>Desenvolve o conceito em todo o mundo<\/li>\n<\/ul>\n<p><strong>CULTURA EMPRESARIAL OS VALORES :  <\/strong><\/p>\n<p>1) <strong>Criar uma equipa criativa:<\/strong> Encorajamos a diversidade de ideias, opini\u00f5es e pontos de vista construtivos. Apoiamos os membros da equipa que tomam a iniciativa de resolver problemas e participam ativamente no sucesso da sua equipa e da empresa. Assume a responsabilidade pelas situa\u00e7\u00f5es e trabalha com a equipa para ultrapassar os desafios.  <\/p>\n<p>2) <strong>Comunica\u00e7\u00e3o n\u00e3o violenta:<\/strong> exprimir os nossos sentimentos e necessidades em vez de julgar. Empatia: ouvir com bondade o que a outra pessoa est\u00e1 a dizer, estar atento ao seu ponto de vista. Trata-se de compreender os seus sentimentos e necessidades. Responsabilidade: assumir a responsabilidade pelo que dizemos, pelo que fazemos e pelas nossas inten\u00e7\u00f5es.   <\/p>\n<p>3) <strong>Aprende e melhora:<\/strong> Cada vez que praticamos, tornamo-nos os nossos pr\u00f3prios peritos. A maior compet\u00eancia que pedimos aos nossos recrutas \u00e9 a de aprender, adaptar-se e encontrar solu\u00e7\u00f5es. Para ajudar a empresa a crescer e, consequentemente, a crescer por si pr\u00f3pria. Aprende com os seus erros.   <\/p>\n<p>4) <strong>Inova e promove a mudan\u00e7a:<\/strong> Faz uma melhoria pelo menos uma vez por semana para seres uma empresa melhor. O g\u00e9nio est\u00e1 nos detalhes E \u00e9 nos detalhes que inovamos. Inova e melhora continuamente.  <\/p>\n<p>5)<strong> Estimula a alegria de viver:<\/strong> Cria experi\u00eancias divertidas e brinca como as crian\u00e7as<\/p>\n<p>6) <strong>Paix\u00e3o e determina\u00e7\u00e3o: <\/strong>A paix\u00e3o \u00e9 o que nos move porque amamos o que fazemos e a determina\u00e7\u00e3o para alcan\u00e7ar os nossos objectivos. A paix\u00e3o \u00e9 o que nos move porque adoramos o que fazemos e estamos determinados a atingir os nossos objectivos. <\/p>\n<p>7) <strong>Humildade:<\/strong> Orgulha-te dos nossos \u00eaxitos individuais e colectivos, mas isso n\u00e3o nos d\u00e1 o direito de sermos arrogantes e de tratarmos os outros de forma diferente da que queremos ser tratados. Somos uma equipa e sabemos que o nosso sucesso depende uns dos outros. <\/p>\n<p>8) <strong>Simplicidade:<\/strong> A simplicidade \u00e9 a base da rapidez de execu\u00e7\u00e3o e da confian\u00e7a. A simplicidade da organiza\u00e7\u00e3o da empresa e dos processos internos \u00e9 crucial para o desempenho e proporciona um sentido de objetivo e motiva\u00e7\u00e3o para os colaboradores e parceiros. <\/p>\n<p>9) <strong>Disciplina:<\/strong> A disciplina, ou seja, o respeito pelas regras, \u00e9 um valor importante para te destacares no teu trabalho! \u00c9 essencial para o exerc\u00edcio de uma atividade profissional. Implica ouvir, respeitar as regras e respeitar as chefias e a equipa.  <\/p>\n<p><strong>10) Autenticidade: <\/strong>Ousar dizer a tua verdade \u00e9 uma arte que pode ser aprendida e que nos permite oferecer uma vis\u00e3o preciosa do que se passa dentro de n\u00f3s e das equipas profissionais, para construir rela\u00e7\u00f5es baseadas na confian\u00e7a e no respeito.<\/p>\n<p><strong>SERVI\u00c7OS (O qu\u00ea) :  <\/strong><\/p>\n<ul>\n<li>\n<p data-path-to-node=\"3,0,0\">Bar Crawls<\/p>\n<\/li>\n<li>\n<p data-path-to-node=\"3,1,0\">Festa no barco<\/p>\n<\/li>\n<li>\n<p data-path-to-node=\"3,2,0\">Experi\u00eancias de Cocktails<\/p>\n<\/li>\n<li>\n<p data-path-to-node=\"3,3,0\">Passeios e experi\u00eancias personalizados<\/p>\n<\/li>\n<li>\n<p data-path-to-node=\"3,4,0\">Viagens de um dia<\/p>\n<\/li>\n<li>\n<p data-path-to-node=\"3,5,0\">Excurs\u00f5es gastron\u00f3micas<\/p>\n<\/li>\n<li>\n<p data-path-to-node=\"3,6,0\">Festa na piscina<\/p>\n<\/li>\n<li>\n<p data-path-to-node=\"3,7,0\">Experi\u00eancias no telhado<\/p>\n<\/li>\n<li>\n<p data-path-to-node=\"3,8,0\">Visitas autoguiadas<\/p>\n<\/li>\n<li>\n<p data-path-to-node=\"3,9,0\">Passeios tur\u00edsticos<\/p>\n<\/li>\n<li>\n<p data-path-to-node=\"3,10,0\">Experi\u00eancias Speakeasy<\/p>\n<\/li>\n<li>\n<p data-path-to-node=\"3,11,0\">Experi\u00eancias desportivas<\/p>\n<\/li>\n<li>\n<p data-path-to-node=\"3,12,0\">Passeios a p\u00e9<\/p>\n<\/li>\n<\/ul>\n<p>[\/vc_column_text][vc_column_text css=&#8221;.vc_custom_1765379558764{background-color: #ffffff !important;}&#8221;]<\/p>\n<p style=\"text-align: center;\"><strong>AS MARCAS : RIVIERA BAR CRAWL TOURS  <\/strong><\/p>\n<p>[\/vc_column_text][\/vc_column][\/vc_row][vc_row full_width=&#8221;stretch_row_content_no_spaces&#8221; row_fullwidth=&#8221;yes&#8221; css=&#8221;.vc_custom_1708623409474{background-color: #ffffff !important;}&#8221;][vc_column][vc_row_inner][vc_column_inner width=&#8221;1\/4&#8243;][vc_column_text]<strong>FESTAS NA RIVIERA FRANCESA \/ <\/strong><\/p>\n<p><strong>Servi\u00e7os de gest\u00e3o de eventos<\/strong>[\/vc_column_text][vc_single_image image=&#8221;58740&#8243; img_size=&#8221;200X100&#8243; onclick=&#8221;custom_link&#8221; link=&#8221;https:\/\/frenchrivieraparties.com\/&#8221;][\/vc_column_inner][vc_column_inner width=&#8221;1\/4&#8243;][vc_column_text]<strong>FESTA NO BARCO RIVIERA\/ <\/strong><\/p>\n<p><b>Eventos<\/b>[\/vc_column_text][vc_single_image image=&#8221;111459&#8243; img_size=&#8221;200X100&#8243; onclick=&#8221;custom_link&#8221; link=&#8221;https:\/\/rivieraboatparty.com\/&#8221;][\/vc_column_inner][vc_column_inner width=&#8221;1\/4&#8243;][\/vc_column_inner][vc_column_inner width=&#8221;1\/4&#8243;][\/vc_column_inner][\/vc_row_inner][\/vc_column][\/vc_row][vc_row full_width=&#8221;stretch_row_content_no_spaces&#8221; row_fullwidth=&#8221;yes&#8221; css=&#8221;.vc_custom_1708622869571{background-color: #000000 !important;}&#8221;][vc_column][\/vc_column][vc_column css=&#8221;.vc_custom_1543386510262{padding-right: 0px !important;padding-left: 0px !important;}&#8221;][vc_column_text css=&#8221;.vc_custom_1708623651663{background-color: #ffffff !important;}&#8221;]<\/p>\n<p style=\"text-align: center;\"><strong>A EQUIPA DA RIVIERA<\/strong><\/p>\n<p>[\/vc_column_text]<div class=\"st-aboutus-gallery\">\r\n            <div class=\"st-flickity st-gallery\">\r\n            <div class=\"carousel\"\r\n                 data-flickity='{ \"wrapAround\": true, \"pageDots\": true , \"autoPlay\" : true}'>\r\n                                    <div class=\"item\" style=\"background-image: url('https:\/\/rivierabarcrawltours.com\/wp-content\/uploads\/2021\/07\/Riviera-Bar-Crawl-Tours-3-1.jpg')\"><\/div>\r\n                                        <div class=\"item\" style=\"background-image: url('https:\/\/rivierabarcrawltours.com\/wp-content\/uploads\/2021\/07\/Riviera-Bar-Crawl-Tours-4-1.jpg')\"><\/div>\r\n                                        <div class=\"item\" style=\"background-image: url('https:\/\/rivierabarcrawltours.com\/wp-content\/uploads\/2021\/07\/Riviera-Bar-Crawl-Tours-6.jpg')\"><\/div>\r\n                                        <div class=\"item\" style=\"background-image: url('https:\/\/rivierabarcrawltours.com\/wp-content\/uploads\/2021\/07\/Riviera-Bar-Crawl-Tours-10.jpg')\"><\/div>\r\n                                <\/div>\r\n            <div class=\"slogan\">\r\n                <h4>Riviera Bar Crawl &amp; Tours<\/h4>\r\n                                        <a href=\"https:\/\/docs.google.com\/forms\/d\/1wrOAWtR5YT3r7BEd8X_1ErwMDUDnBaJjHPQtQTlzxR4\/viewform?edit_requested=true\" target=\"_blank\" class=\"btn btn-primary\">Join Our Team<\/a>\r\n                                <\/div>\r\n        <\/div>\r\n    <\/div>\r\n[vc_empty_space height=&#8221;140px&#8221;][\/vc_column][\/vc_row][vc_row][vc_column]\n<div class=\"wpcf7 no-js\" id=\"wpcf7-f62606-o1\" lang=\"en-US\" dir=\"ltr\" data-wpcf7-id=\"62606\">\n<div class=\"screen-reader-response\"><p role=\"status\" aria-live=\"polite\" aria-atomic=\"true\"><\/p> <ul><\/ul><\/div>\n<form action=\"\/pt-pt\/wp-json\/wp\/v2\/pages\/67015#wpcf7-f62606-o1\" method=\"post\" class=\"wpcf7-form init\" aria-label=\"Formul\u00e1rio de contacto\" novalidate=\"novalidate\" data-status=\"init\">\n<fieldset class=\"hidden-fields-container\"><input type=\"hidden\" name=\"_wpcf7\" value=\"62606\" \/><input type=\"hidden\" name=\"_wpcf7_version\" value=\"6.1.5\" \/><input type=\"hidden\" name=\"_wpcf7_locale\" value=\"en_US\" \/><input type=\"hidden\" name=\"_wpcf7_unit_tag\" value=\"wpcf7-f62606-o1\" \/><input type=\"hidden\" name=\"_wpcf7_container_post\" value=\"0\" \/><input type=\"hidden\" name=\"_wpcf7_posted_data_hash\" value=\"\" \/><input type=\"hidden\" name=\"_wpcf7_recaptcha_response\" value=\"\" \/>\n<\/fieldset>\n<div class=\"st-contact-form\">\n\t<div class=\"contact-header\">\n\t\t<h3>We'd love to hear from you\n\t\t<\/h3>\n\t\t<p>Send us a message and we'll respond as soon as possible\n\t\t<\/p>\n\t<\/div>\n\t<div class=\"contact-form\">\n\t\t<div class=\"form-group\">\n\t\t\t<p><span class=\"wpcf7-form-control-wrap\" data-name=\"your-name\"><input size=\"40\" maxlength=\"400\" class=\"wpcf7-form-control wpcf7-text wpcf7-validates-as-required form-control\" aria-required=\"true\" aria-invalid=\"false\" placeholder=\"Name\" value=\"\" type=\"text\" name=\"your-name\" \/><\/span>\n\t\t\t<\/p>\n\t\t<\/div>\n\t\t<div class=\"form-group\">\n\t\t\t<p><span class=\"wpcf7-form-control-wrap\" data-name=\"your-email\"><input size=\"40\" maxlength=\"400\" class=\"wpcf7-form-control wpcf7-email wpcf7-validates-as-required wpcf7-text wpcf7-validates-as-email form-control\" aria-required=\"true\" aria-invalid=\"false\" placeholder=\"Email\" value=\"\" type=\"email\" name=\"your-email\" \/><\/span>\n\t\t\t<\/p>\n\t\t<\/div>\n\t\t<div class=\"form-group\">\n\t\t\t<p><span class=\"wpcf7-form-control-wrap\" data-name=\"your-message\"><textarea cols=\"40\" rows=\"10\" maxlength=\"2000\" class=\"wpcf7-form-control wpcf7-textarea form-control\" aria-invalid=\"false\" placeholder=\"Message\" name=\"your-message\"><\/textarea><\/span>\n\t\t\t<\/p>\n\t\t<\/div>\n\t<span class=\"wpcf7-form-control-wrap recaptcha\" data-name=\"recaptcha\"><span data-sitekey=\"6LdJz1AaAAAAACdpzuGXVjdcRmpNNTMel9zmPCUG\" class=\"wpcf7-form-control wpcf7-recaptcha g-recaptcha\"><\/span>\r\n<noscript>\r\n\t<div class=\"grecaptcha-noscript\">\r\n\t\t<iframe loading=\"lazy\" src=\"https:\/\/www.google.com\/recaptcha\/api\/fallback?k=6LdJz1AaAAAAACdpzuGXVjdcRmpNNTMel9zmPCUG\" frameborder=\"0\" scrolling=\"no\" width=\"310\" height=\"430\">\r\n\t\t<\/iframe>\r\n\t\t<textarea name=\"g-recaptcha-response\" rows=\"3\" cols=\"40\" placeholder=\"reCaptcha Response Here\">\r\n\t\t<\/textarea>\r\n\t<\/div>\r\n<\/noscript>\r\n<\/span>\n\t\t<p><input class=\"wpcf7-form-control wpcf7-submit has-spinner btn btn-primary\" type=\"submit\" value=\"SEND MESSAGE\" \/>\n\t\t<\/p>\n\t<\/div>\n<\/div><p style=\"display: none !important;\" class=\"akismet-fields-container\" data-prefix=\"_wpcf7_ak_\"><label>&#916;<textarea name=\"_wpcf7_ak_hp_textarea\" cols=\"45\" rows=\"8\" maxlength=\"100\"><\/textarea><\/label><input type=\"hidden\" id=\"ak_js_1\" name=\"_wpcf7_ak_js\" value=\"236\"\/><script type=\"text\/javascript\">\n\/* <![CDATA[ *\/\ndocument.getElementById( \"ak_js_1\" ).setAttribute( \"value\", ( new Date() ).getTime() );\n\/* ]]> *\/\n<\/script>\n<\/p><div class=\"wpcf7-response-output\" aria-hidden=\"true\"><\/div>\n<\/form>\n<\/div>\n[\/vc_column][\/vc_row]<\/p>\n<\/div>","protected":false},"excerpt":{"rendered":"<p>[vc_row full_width=&#8221;stretch_row_content_no_spaces&#8221; row_fullwidth=&#8221;yes&#8221;][vc_column][vc_column_text]RIVIERA BAR CRAWL TOURS SOBRE N\u00d3S :[\/vc_column_text][vc_column_text css=&#8221;&#8221;]VIS\u00c3O (porqu\u00ea): Experi\u00eancias sociais divertidas que ajudam as pessoas a criar liga\u00e7\u00f5es e a celebrar a vida de todos no mundo. MISS\u00d5ES (como): Desenvolver experi\u00eancias divertidas de entretenimento, lazer e bem-estar Reunir pessoas de todas as nacionalidades e origens socioecon\u00f3micas Incentivar a descoberta de destinos tur\u00edsticos [&hellip;]<\/p>\n","protected":false},"author":2,"featured_media":111562,"parent":0,"menu_order":0,"comment_status":"closed","ping_status":"closed","template":"template-home-modern.php","meta":{"_acf_changed":false,"footnotes":""},"class_list":["post-67015","page","type-page","status-publish","has-post-thumbnail","hentry"],"acf":[],"yoast_head":"<!-- This site is optimized with the Yoast SEO plugin v27.4 - https:\/\/yoast.com\/product\/yoast-seo-wordpress\/ -->\n<title>Riviera Bar Crawl &amp; Tours Experi\u00eancias divertidas de dia e de noite<\/title>\n<meta name=\"description\" content=\"Diverte-te a descobrir novas experi\u00eancias de dia e de noite e faz novos amigos. Junta-te ao Riviera Bar Crawl &amp; Tours Experi\u00eancias divertidas de dia e de noite\" \/>\n<meta name=\"robots\" content=\"index, follow, max-snippet:-1, max-image-preview:large, max-video-preview:-1\" \/>\n<link rel=\"canonical\" href=\"https:\/\/rivierabarcrawltours.com\/pt-pt\/sobre-nos\/\" \/>\n<meta property=\"og:locale\" content=\"pt_PT\" \/>\n<meta property=\"og:type\" content=\"article\" \/>\n<meta property=\"og:title\" content=\"Riviera Bar Crawl &amp; Tours Experi\u00eancias divertidas de dia e de noite\" \/>\n<meta property=\"og:description\" content=\"Diverte-te a descobrir novas experi\u00eancias de dia e de noite e faz novos amigos. Junta-te ao Riviera Bar Crawl &amp; Tours Experi\u00eancias divertidas de dia e de noite\" \/>\n<meta property=\"og:url\" content=\"https:\/\/rivierabarcrawltours.com\/pt-pt\/sobre-nos\/\" \/>\n<meta property=\"og:site_name\" content=\"Riviera Bar Crawl Tours\" \/>\n<meta property=\"article:publisher\" content=\"https:\/\/www.facebook.com\/RivieraBarCrawltours\/\" \/>\n<meta property=\"article:modified_time\" content=\"2025-12-10T15:26:19+00:00\" \/>\n<meta property=\"og:image\" content=\"https:\/\/rivierabarcrawltours.com\/wp-content\/uploads\/2024\/02\/faq-Riviera-bar-crawl-tours.jpg\" \/>\n\t<meta property=\"og:image:width\" content=\"1920\" \/>\n\t<meta property=\"og:image:height\" content=\"1080\" \/>\n\t<meta property=\"og:image:type\" content=\"image\/jpeg\" \/>\n<meta name=\"twitter:card\" content=\"summary_large_image\" \/>\n<meta name=\"twitter:site\" content=\"@rivierabarcrawl\" \/>\n<meta name=\"twitter:label1\" content=\"Tempo estimado de leitura\" \/>\n\t<meta name=\"twitter:data1\" content=\"4 minutes\" \/>\n<!-- \/ Yoast SEO plugin. -->","yoast_head_json":{"title":"Riviera Bar Crawl & Tours Experi\u00eancias divertidas de dia e de noite","description":"Diverte-te a descobrir novas experi\u00eancias de dia e de noite e faz novos amigos. Junta-te ao Riviera Bar Crawl & Tours Experi\u00eancias divertidas de dia e de noite","robots":{"index":"index","follow":"follow","max-snippet":"max-snippet:-1","max-image-preview":"max-image-preview:large","max-video-preview":"max-video-preview:-1"},"canonical":"https:\/\/rivierabarcrawltours.com\/pt-pt\/sobre-nos\/","og_locale":"pt_PT","og_type":"article","og_title":"Riviera Bar Crawl & Tours Experi\u00eancias divertidas de dia e de noite","og_description":"Diverte-te a descobrir novas experi\u00eancias de dia e de noite e faz novos amigos. Junta-te ao Riviera Bar Crawl & Tours Experi\u00eancias divertidas de dia e de noite","og_url":"https:\/\/rivierabarcrawltours.com\/pt-pt\/sobre-nos\/","og_site_name":"Riviera Bar Crawl Tours","article_publisher":"https:\/\/www.facebook.com\/RivieraBarCrawltours\/","article_modified_time":"2025-12-10T15:26:19+00:00","og_image":[{"width":1920,"height":1080,"url":"https:\/\/rivierabarcrawltours.com\/wp-content\/uploads\/2024\/02\/faq-Riviera-bar-crawl-tours.jpg","type":"image\/jpeg"}],"twitter_card":"summary_large_image","twitter_site":"@rivierabarcrawl","twitter_misc":{"Tempo estimado de leitura":"4 minutes"},"schema":{"@context":"https:\/\/schema.org","@graph":[{"@type":"WebPage","@id":"https:\/\/rivierabarcrawltours.com\/pt-pt\/sobre-nos\/","url":"https:\/\/rivierabarcrawltours.com\/pt-pt\/sobre-nos\/","name":"Riviera Bar Crawl & Tours Experi\u00eancias divertidas de dia e de noite","isPartOf":{"@id":"https:\/\/rivierabarcrawltours.com\/#website"},"primaryImageOfPage":{"@id":"https:\/\/rivierabarcrawltours.com\/pt-pt\/sobre-nos\/#primaryimage"},"image":{"@id":"https:\/\/rivierabarcrawltours.com\/pt-pt\/sobre-nos\/#primaryimage"},"thumbnailUrl":"https:\/\/rivierabarcrawltours.com\/wp-content\/uploads\/2024\/02\/faq-Riviera-bar-crawl-tours.jpg","datePublished":"2021-02-21T06:23:45+00:00","dateModified":"2025-12-10T15:26:19+00:00","description":"Diverte-te a descobrir novas experi\u00eancias de dia e de noite e faz novos amigos. Junta-te ao Riviera Bar Crawl & Tours Experi\u00eancias divertidas de dia e de noite","breadcrumb":{"@id":"https:\/\/rivierabarcrawltours.com\/pt-pt\/sobre-nos\/#breadcrumb"},"inLanguage":"pt-PT","potentialAction":[{"@type":"ReadAction","target":["https:\/\/rivierabarcrawltours.com\/pt-pt\/sobre-nos\/"]}]},{"@type":"ImageObject","inLanguage":"pt-PT","@id":"https:\/\/rivierabarcrawltours.com\/pt-pt\/sobre-nos\/#primaryimage","url":"https:\/\/rivierabarcrawltours.com\/wp-content\/uploads\/2024\/02\/faq-Riviera-bar-crawl-tours.jpg","contentUrl":"https:\/\/rivierabarcrawltours.com\/wp-content\/uploads\/2024\/02\/faq-Riviera-bar-crawl-tours.jpg","width":1920,"height":1080},{"@type":"BreadcrumbList","@id":"https:\/\/rivierabarcrawltours.com\/pt-pt\/sobre-nos\/#breadcrumb","itemListElement":[{"@type":"ListItem","position":1,"name":"Home","item":"https:\/\/rivierabarcrawltours.com\/pt-pt\/"},{"@type":"ListItem","position":2,"name":"Sobre n\u00f3s"}]},{"@type":"WebSite","@id":"https:\/\/rivierabarcrawltours.com\/#website","url":"https:\/\/rivierabarcrawltours.com\/","name":"Riviera Bar Crawl Tours","description":"Fun Day &amp; Night Experiences I Tour operator I Guided Tours I Bar Crawls I Food Tours I","publisher":{"@id":"https:\/\/rivierabarcrawltours.com\/#organization"},"potentialAction":[{"@type":"SearchAction","target":{"@type":"EntryPoint","urlTemplate":"https:\/\/rivierabarcrawltours.com\/?s={search_term_string}"},"query-input":{"@type":"PropertyValueSpecification","valueRequired":true,"valueName":"search_term_string"}}],"inLanguage":"pt-PT"},{"@type":"Organization","@id":"https:\/\/rivierabarcrawltours.com\/#organization","name":"Riviera Bar Crawl Tours","url":"https:\/\/rivierabarcrawltours.com\/","logo":{"@type":"ImageObject","inLanguage":"pt-PT","@id":"https:\/\/rivierabarcrawltours.com\/#\/schema\/logo\/image\/","url":"https:\/\/rivierabarcrawltours.com\/wp-content\/uploads\/2019\/07\/logo.png","contentUrl":"https:\/\/rivierabarcrawltours.com\/wp-content\/uploads\/2019\/07\/logo.png","width":479,"height":453,"caption":"Riviera Bar Crawl Tours"},"image":{"@id":"https:\/\/rivierabarcrawltours.com\/#\/schema\/logo\/image\/"},"sameAs":["https:\/\/www.facebook.com\/RivieraBarCrawltours\/","https:\/\/x.com\/rivierabarcrawl"]}]}},"_links":{"self":[{"href":"https:\/\/rivierabarcrawltours.com\/pt-pt\/wp-json\/wp\/v2\/pages\/67015","targetHints":{"allow":["GET"]}}],"collection":[{"href":"https:\/\/rivierabarcrawltours.com\/pt-pt\/wp-json\/wp\/v2\/pages"}],"about":[{"href":"https:\/\/rivierabarcrawltours.com\/pt-pt\/wp-json\/wp\/v2\/types\/page"}],"author":[{"embeddable":true,"href":"https:\/\/rivierabarcrawltours.com\/pt-pt\/wp-json\/wp\/v2\/users\/2"}],"replies":[{"embeddable":true,"href":"https:\/\/rivierabarcrawltours.com\/pt-pt\/wp-json\/wp\/v2\/comments?post=67015"}],"version-history":[{"count":7,"href":"https:\/\/rivierabarcrawltours.com\/pt-pt\/wp-json\/wp\/v2\/pages\/67015\/revisions"}],"predecessor-version":[{"id":122316,"href":"https:\/\/rivierabarcrawltours.com\/pt-pt\/wp-json\/wp\/v2\/pages\/67015\/revisions\/122316"}],"wp:featuredmedia":[{"embeddable":true,"href":"https:\/\/rivierabarcrawltours.com\/pt-pt\/wp-json\/wp\/v2\/media\/111562"}],"wp:attachment":[{"href":"https:\/\/rivierabarcrawltours.com\/pt-pt\/wp-json\/wp\/v2\/media?parent=67015"}],"curies":[{"name":"wp","href":"https:\/\/api.w.org\/{rel}","templated":true}]}}