{"id":126783,"date":"2026-02-18T12:17:26","date_gmt":"2026-02-18T11:17:26","guid":{"rendered":"https:\/\/rivierabarcrawltours.com\/torna-te-parceiro-novo\/"},"modified":"2026-02-18T12:17:26","modified_gmt":"2026-02-18T11:17:26","slug":"torna-te-parceiro-novo","status":"publish","type":"page","link":"https:\/\/rivierabarcrawltours.com\/pt-pt\/torna-te-parceiro-novo\/","title":{"rendered":"Torna-te parceiro Novo"},"content":{"rendered":"<div class=\"wpb-content-wrapper\"><p>[vc_row full_width=&#8221;stretch_row_content_no_spaces&#8221; css=&#8221;.vc_custom_1768572290285{padding-top: 100px !important;padding-bottom: 100px !important;background-image: url(https:\/\/rivierabarcrawltours.com\/wp-content\/uploads\/2024\/04\/pub-crawl-nice-1-1.jpg?id=112063) !important;}&#8221; el_class=&#8221;text-center st-become-banner&#8221;][vc_column][vc_column_text css=&#8221;&#8221;]<\/p>\n<h1 style=\"text-align: center; color: #ffffff;\">Transforma a tua paix\u00e3o num imp\u00e9rio: Torna-te um parceiro do Riviera Bar Crawl &amp; Tours ?<\/h1>\n<p style=\"text-align: center; color: #ffffff;\">15 anos de experi\u00eancia &#8211; IA e automa\u00e7\u00e3o &#8211; Exclusividade de territ\u00f3rio<\/p>\n<p>[\/vc_column_text][vc_column_text css=&#8221;.vc_custom_1768582216890{background-position: center !important;background-repeat: no-repeat !important;background-size: contain !important;}&#8221;]<a class=\"signup btn btn-danger btn-lg\" style=\"display: none;\" data-toggle=\"modal\" data-target=\"#st-register-form\">Regista-te agora<\/a><\/p>\n<p><a class=\"signup btn btn-danger btn-lg\" href=\"https:\/\/docs.google.com\/forms\/d\/1iAIpiWnmkwC0OE1gNtyRe7L_jGifWTH6dJrOp1AJuFM\/edit\" target=\"_blank\" rel=\"noopener noreferrer\">Regista-te agora<\/a>[\/vc_column_text][\/vc_column][\/vc_row][vc_row][vc_column][vc_empty_space height=&#8221;45px&#8221;][vc_column_text css=&#8221;&#8221;]<\/p>\n<h2 style=\"text-align: center;\">Porqu\u00ea a Riviera? O poder de 15 anos de excel\u00eancia? <\/h2>\n<p>[\/vc_column_text][vc_empty_space height=&#8221;20px&#8221;][vc_column_text css=&#8221;&#8221;]<\/p>\n<p data-path-to-node=\"7\">Come\u00e7ar um neg\u00f3cio sozinho \u00e9 uma aposta de alto risco. Connosco, evita os erros fatais que custam tempo e capital. <\/p>\n<ul data-path-to-node=\"8\">\n<li>\n<p data-path-to-node=\"8,0,0\"><b data-path-to-node=\"8,0,0\" data-index-in-node=\"0\">Modelo comprovado:<\/b> Optimiz\u00e1mos todos os detalhes, desde a psicologia do h\u00f3spede at\u00e9 aos custos exactos do servi\u00e7o.<\/p>\n<\/li>\n<li>\n<p data-path-to-node=\"8,1,0\"><b data-path-to-node=\"8,1,0\" data-index-in-node=\"0\">Lan\u00e7amento expresso:<\/b> Fica operacional e gera receitas em menos de <b data-path-to-node=\"8,1,0\" data-index-in-node=\"67\">45 dias<\/b>.<\/p>\n<\/li>\n<li>\n<p data-path-to-node=\"8,2,0\"><b data-path-to-node=\"8,2,0\" data-index-in-node=\"0\">Ativo financeiro, n\u00e3o apenas um trabalho:<\/b> O nosso sistema foi concebido para que possas liderar o teu neg\u00f3cio remotamente atrav\u00e9s de delega\u00e7\u00e3o de alto n\u00edvel e IA.<\/p>\n<\/li>\n<\/ul>\n<p>[\/vc_column_text][vc_column_text css=&#8221;&#8221;]<\/p>\n<h2 style=\"text-align: center;\">Benef\u00edcios exclusivos que acabaram de ser desbloqueados para ti: ?<\/h2>\n<p>[\/vc_column_text][vc_empty_space height=&#8221;20px&#8221;][vc_column_text css=&#8221;&#8221;]Constru\u00eddo com base em 15 anos de dados: O melhor modelo de neg\u00f3cio Plug-and-Play[\/vc_column_text][vc_empty_space height=&#8221;10px&#8221;][\/vc_column][\/vc_row][vc_row el_class=&#8221;st-become-feature-wrapper text-center&#8221;][vc_column][vc_row_inner equal_height=&#8221;yes&#8221; el_class=&#8221;st-become-feature text-center&#8221; css=&#8221;.vc_custom_1611486005850{margin-top: 10px !important;margin-bottom: 10px !important;}&#8221;][vc_column_inner el_class=&#8221;column1&#8243; width=&#8221;1\/3&#8243;][vc_column_text css=&#8221;&#8221;]<\/p>\n<h3 data-path-to-node=\"4\"><b data-path-to-node=\"4\" data-index-in-node=\"0\">As vantagens da parceria principal:<\/b><\/h3>\n<ul data-path-to-node=\"5\">\n<li>\n<p style=\"text-align: left;\" data-path-to-node=\"5,0,0\"><b data-path-to-node=\"5,0,0\" data-index-in-node=\"0\">O teu plano de sucesso comprovado:<\/b> P\u00e1ra de tentar adivinhar. Pass\u00e1mos 1,5 d\u00e9cadas a otimizar todos os micro-detalhes &#8211; desde <b data-path-to-node=\"5,0,0\" data-index-in-node=\"107\">a psicologia dos h\u00f3spedes<\/b> e o fluxo de pessoas at\u00e9 aos <b data-path-to-node=\"5,0,0\" data-index-in-node=\"142\">custos precisos de servir<\/b> e \u00e0s margens de lucro. Herdas uma f\u00f3rmula que j\u00e1 est\u00e1 a ganhar. \ud83c\udfc6 <\/p>\n<\/li>\n<li style=\"text-align: left;\">\n<p data-path-to-node=\"5,1,0\"><b data-path-to-node=\"5,1,0\" data-index-in-node=\"0\">Entrada expressa no mercado (lan\u00e7amento em &lt;45 dias):<\/b> Tempo \u00e9 dinheiro. A nossa integra\u00e7\u00e3o &#8220;Plug-and-Play&#8221; permite-te estar totalmente operacional e <b data-path-to-node=\"5,1,0\" data-index-in-node=\"130\">a gerar receitas em menos de 45 dias<\/b>. N\u00f3s fornecemos a infraestrutura; tu s\u00f3 tens de ligar o interrutor. \ud83d\udd0c <\/p>\n<\/li>\n<li style=\"text-align: left;\">\n<p data-path-to-node=\"5,2,0\"><b data-path-to-node=\"5,2,0\" data-index-in-node=\"0\">Um modelo de neg\u00f3cio que d\u00e1 prioridade aos activos:<\/b> Isto n\u00e3o \u00e9 um &#8220;trabalho&#8221; &#8211; \u00e9 um ativo financeiro escal\u00e1vel. O nosso sistema foi concebido para a <b data-path-to-node=\"5,2,0\" data-index-in-node=\"114\">lideran\u00e7a remota<\/b>. Usando delega\u00e7\u00e3o de alto n\u00edvel e as nossas ferramentas de IA, podes gerir o teu imp\u00e9rio a partir de qualquer lugar do mundo. \ud83c\udf0e <\/p>\n<\/li>\n<li style=\"text-align: left;\">\n<p data-path-to-node=\"5,3,0\"><b data-path-to-node=\"5,3,0\" data-index-in-node=\"0\">Domin\u00e2ncia baseada em dados:<\/b> Aproveita 15 anos de reputa\u00e7\u00e3o de classe mundial e dom\u00ednio de SEO. Quando abres as portas, n\u00e3o \u00e9s um &#8220;novato&#8221; &#8211; \u00e9s a filial local de um l\u00edder global com os dados para apoiar cada movimento. \ud83d\udc8e<\/p>\n<\/li>\n<li>\n<p style=\"text-align: left;\" data-path-to-node=\"5,4,0\"><b data-path-to-node=\"5,4,0\" data-index-in-node=\"0\">Garantia de Mitiga\u00e7\u00e3o de Risco:<\/b> Ao utilizar os nossos <b data-path-to-node=\"5,4,0\" data-index-in-node=\"56\">SOPs (Standard Operating Procedures)<\/b> padronizados e m\u00e9tricas hist\u00f3ricas, elimina a fase de tentativa e erro que faz com que 90% das startups independentes falhem. \ud83d\uded1<\/p>\n<\/li>\n<\/ul>\n<p>[\/vc_column_text][\/vc_column_inner][vc_column_inner width=&#8221;1\/3&#8243;][vc_column_text css=&#8221;&#8221;]<\/p>\n<h3>O Arsenal da &#8220;Ultra-Automa\u00e7\u00e3o&#8221; (a tua vantagem competitiva)<\/h3>\n<p>[\/vc_column_text][vc_column_text css=&#8221;&#8221;]<\/p>\n<p style=\"text-align: left;\" data-path-to-node=\"11\">Colocamos a tecnologia de ponta ao servi\u00e7o da tua rentabilidade:<\/p>\n<ul data-path-to-node=\"12\">\n<li style=\"text-align: left;\">\n<p data-path-to-node=\"12,0,0\"><b data-path-to-node=\"12,0,0\" data-index-in-node=\"0\">Agente de IA e WhatsApp Bot 24\/7:<\/b> O teu agente virtual trata de e-mails e qualifica leads no WhatsApp instantaneamente. Servi\u00e7o de apoio ao cliente profissional sem os custos da folha de pagamento. <\/p>\n<\/li>\n<li style=\"text-align: left;\">\n<p data-path-to-node=\"12,1,0\"><b data-path-to-node=\"12,1,0\" data-index-in-node=\"0\">Sincroniza\u00e7\u00e3o multiplataforma:<\/b> Sincroniza\u00e7\u00e3o de invent\u00e1rio em tempo real com <b data-path-to-node=\"12,1,0\" data-index-in-node=\"62\">Viator, GetYourGuide, Airbnb Experiences e Expedia<\/b>. Zero overbooking, 100% de ocupa\u00e7\u00e3o. <\/p>\n<\/li>\n<li>\n<p style=\"text-align: left;\" data-path-to-node=\"12,2,0\"><b data-path-to-node=\"12,2,0\" data-index-in-node=\"0\">Ferramenta de automatiza\u00e7\u00e3o de hor\u00e1rios da equipa:<\/b> Planeia os turnos dos teus guias e do teu pessoal com apenas dois cliques. Inclui notifica\u00e7\u00f5es autom\u00e1ticas e controlo de desempenho integrado. <\/p>\n<\/li>\n<\/ul>\n<p>[\/vc_column_text][\/vc_column_inner][vc_column_inner width=&#8221;1\/3&#8243;][vc_column_text css=&#8221;&#8221;]<\/p>\n<h3>Domina o marketing a 360\u00ba<\/h3>\n<p>[\/vc_column_text][vc_column_text css=&#8221;&#8221;]<\/p>\n<p style=\"text-align: left;\" data-path-to-node=\"15\">Fornecemos mais do que apenas um log\u00f3tipo; fornecemos uma m\u00e1quina de aquisi\u00e7\u00e3o de clientes:<\/p>\n<ul data-path-to-node=\"16\">\n<li style=\"text-align: left;\">\n<p data-path-to-node=\"16,0,0\"><b data-path-to-node=\"16,0,0\" data-index-in-node=\"0\">Social Ads Power:<\/b> Estrat\u00e9gias e p\u00fablicos prontos a usar para <b data-path-to-node=\"16,0,0\" data-index-in-node=\"59\">Google Ads (Pesquisa\/Mapas), Meta (Facebook\/Instagram) e TikTok<\/b>.<\/p>\n<\/li>\n<li style=\"text-align: left;\">\n<p data-path-to-node=\"16,1,0\"><b data-path-to-node=\"16,1,0\" data-index-in-node=\"0\">SEO local:<\/b> Domina os resultados de pesquisa do Google na tua cidade desde o primeiro dia.<\/p>\n<\/li>\n<li>\n<p style=\"text-align: left;\" data-path-to-node=\"16,2,0\"><b data-path-to-node=\"16,2,0\" data-index-in-node=\"0\">Biblioteca de design e gr\u00e1ficos:<\/b> Acesso ilimitado a milhares de modelos premium (Canva\/Adobe) para cartazes, brochuras, banners e redes sociais. Marca profissional sem taxas de ag\u00eancia. <\/p>\n<\/li>\n<\/ul>\n<p>[\/vc_column_text][\/vc_column_inner][\/vc_row_inner][vc_row_inner equal_height=&#8221;yes&#8221; el_class=&#8221;st-become-feature text-center&#8221; css=&#8221;.vc_custom_1611485996885{margin-top: 10px !important;margin-bottom: 10px !important;}&#8221;][vc_column_inner el_class=&#8221;column1&#8243; width=&#8221;1\/3&#8243;][vc_column_text css=&#8221;&#8221;]<\/p>\n<h3>\ud83d\udc65 Recursos humanos e forma\u00e7\u00e3o em linha<\/h3>\n<p>[\/vc_column_text][vc_column_text css=&#8221;&#8221;]<\/p>\n<p style=\"text-align: left;\" data-path-to-node=\"19\">O sucesso depende das pessoas, mas a gest\u00e3o deve ser automatizada:<\/p>\n<ul data-path-to-node=\"20\">\n<li style=\"text-align: left;\">\n<p data-path-to-node=\"20,0,0\"><b data-path-to-node=\"20,0,0\" data-index-in-node=\"0\">Academia de forma\u00e7\u00e3o em linha:<\/b> Uma plataforma de aprendizagem digital para as tuas equipas. Os teus guias e promotores s\u00e3o formados de forma independente para cumprir os padr\u00f5es globais da Riviera. <\/p>\n<\/li>\n<li style=\"text-align: left;\">\n<p data-path-to-node=\"20,1,0\"><b data-path-to-node=\"20,1,0\" data-index-in-node=\"0\">Caixa de ferramentas de RH:<\/b> Modelos de trabalho optimizados, amostras de contratos e processos de recrutamento para atrair os melhores talentos locais.<\/p>\n<\/li>\n<li>\n<p style=\"text-align: left;\" data-path-to-node=\"20,2,0\"><b data-path-to-node=\"20,2,0\" data-index-in-node=\"0\">Painel de controlo do propriet\u00e1rio:<\/b> Monitoriza a tua rentabilidade, o Custo de Aquisi\u00e7\u00e3o de Clientes (CAC) e as margens atrav\u00e9s de uma interface \u00fanica e intuitiva.<\/p>\n<\/li>\n<\/ul>\n<p>[\/vc_column_text][\/vc_column_inner][vc_column_inner width=&#8221;1\/3&#8243;][vc_column_text css=&#8221;&#8221;]<\/p>\n<h3>\ud83d\udee0\ufe0f Assist\u00eancia cont\u00ednua: Nunca est\u00e1s sozinho<\/h3>\n<p>[\/vc_column_text][vc_column_text css=&#8221;&#8221;]<\/p>\n<p style=\"text-align: left;\" data-path-to-node=\"23\">O nosso apoio \u00e9 a espinha dorsal do teu crescimento cont\u00ednuo:<\/p>\n<ul data-path-to-node=\"24\">\n<li style=\"text-align: left;\">\n<p data-path-to-node=\"24,0,0\"><b data-path-to-node=\"24,0,0\" data-index-in-node=\"0\">Manual de opera\u00e7\u00f5es abrangente (SOP):<\/b> A &#8220;B\u00edblia do Neg\u00f3cio&#8221; que detalha todos os processos, desde os protocolos de seguran\u00e7a at\u00e9 \u00e0 rede local.<\/p>\n<\/li>\n<li style=\"text-align: left;\">\n<p data-path-to-node=\"24,1,0\"><b data-path-to-node=\"24,1,0\" data-index-in-node=\"0\">Apoio estrat\u00e9gico da sede:<\/b> Mensalmente, analisa os teus dados com os nossos especialistas e melhora o desempenho.<\/p>\n<\/li>\n<li>\n<p style=\"text-align: left;\" data-path-to-node=\"24,2,0\"><b data-path-to-node=\"24,2,0\" data-index-in-node=\"0\">Rede de Franchisados:<\/b> Acesso em tempo real \u00e0 nossa comunidade global de parceiros para partilhar dicas e estrat\u00e9gias vencedoras.<\/p>\n<\/li>\n<\/ul>\n<p>[\/vc_column_text][\/vc_column_inner][vc_column_inner width=&#8221;1\/3&#8243;][vc_column_text css=&#8221;&#8221;]<\/p>\n<h3>\ud83d\udc55 Equipamento Premium: Veste-te para o sucesso<\/h3>\n<p>[\/vc_column_text][vc_column_text css=&#8221;&#8221;]<\/p>\n<p style=\"text-align: left;\" data-path-to-node=\"5\">Uma marca profissional \u00e9 reconhecida pelo seu aspeto. Fornecemos uma gama completa de equipamentos de alta qualidade para que a tua equipa se destaque na multid\u00e3o: <\/p>\n<ul data-path-to-node=\"6\">\n<li style=\"text-align: left;\">\n<p data-path-to-node=\"6,0,0\"><b data-path-to-node=\"6,0,0\" data-index-in-node=\"0\">Vestu\u00e1rio oficial do pessoal:<\/b> <b data-path-to-node=\"6,0,0\" data-index-in-node=\"57\">T-shirts, Sweatshirts e Hoodies<\/b> de alta visibilidade e qualidade superior com a ic\u00f3nica marca Riviera. Concebidas para proporcionar conforto e durabilidade durante as longas noites. <\/p>\n<\/li>\n<li style=\"text-align: left;\">\n<p data-path-to-node=\"6,1,0\"><b data-path-to-node=\"6,1,0\" data-index-in-node=\"0\">Equipamento de seguran\u00e7a e visibilidade:<\/b> Lanyards de marca, bra\u00e7adeiras de alta visibilidade e ferramentas de identifica\u00e7\u00e3o LED para garantir que os teus guias s\u00e3o facilmente identificados pelos h\u00f3spedes.<\/p>\n<\/li>\n<li style=\"text-align: left;\">\n<p data-path-to-node=\"6,2,0\"><b data-path-to-node=\"6,2,0\" data-index-in-node=\"0\">Equipamento operacional:<\/b> Malas para tablets de check-in com marca, scanners port\u00e1teis e bandeiras\/banners para pontos de encontro.<\/p>\n<\/li>\n<li>\n<p style=\"text-align: left;\" data-path-to-node=\"6,3,0\"><b data-path-to-node=\"6,3,0\" data-index-in-node=\"0\">Mercadoria para convidados:<\/b> Acesso \u00e0 nossa cadeia de fornecimento de pulseiras de marca, bast\u00f5es luminosos e acess\u00f3rios para festas a pre\u00e7os grossistas, maximizando os teus fluxos de receitas secund\u00e1rias.<\/p>\n<\/li>\n<\/ul>\n<p>[\/vc_column_text][\/vc_column_inner][\/vc_row_inner]    <div class=\"st-video style-1 youtube-video not-play\"\r\n         style=\"background: #f1f1f1 url(https:\/\/rivierabarcrawltours.com\/wp-content\/uploads\/2024\/07\/Pub-Crawl-Nice-1.jpg) no-repeat center; \">\r\n        <div id=\"bgndVideo\" class=\"player\" data-property=\"{videoURL:'#',containment:'.youtube-video',autoPlay:true, showControls:false, showYTLogo: false, mute:false, startAt:0, opacity:1, useOnMobile: true}\"><\/div>\r\n        <div class=\"d-table\">\r\n            <div class=\"table-cell\">\r\n                <div class=\"caption\">\r\n                                            <div class=\"title-video\"><p>Riviera Bar Crawl &amp; Tours Business opportunity<\/p>\n<\/div>\r\n                                        <div class=\"st-play\">\r\n                        <a class=\"btn-play-video play\" href=\"#\"><i class=\"fa fa-play\"><\/i><i\r\n                                    class=\"fa fa-pause\"><\/i><\/a>\r\n                    <\/div>\r\n                <\/div>\r\n            <\/div>\r\n        <\/div>\r\n    <\/div>\r\n    [vc_empty_space height=&#8221;40px&#8221;][vc_column_text css=&#8221;&#8221;]<\/p>\n<h2 style=\"text-align: center;\"><strong>\ud83c\udd9a Come\u00e7ar sozinho vs. Parceria Riviera ?<\/strong><\/h2>\n<p>[\/vc_column_text][vc_empty_space height=&#8221;15px&#8221;][\/vc_column][\/vc_row][vc_row][vc_column width=&#8221;1\/3&#8243;][vc_column_text css=&#8221;&#8221;]<strong>Carater\u00edsticas<\/strong><\/p>\n<p>Tempo de lan\u00e7amento<\/p>\n<p>\ud83d\udc65 Recursos Humanos<\/p>\n<p>Forma\u00e7\u00e3o do pessoal<\/p>\n<p>.\ud83d\uddd3\ufe0f Programa\u00e7\u00e3o<\/p>\n<p>\ud83e\udd16 Tecnologia e IA<\/p>\n<p>\ud83d\udce2 Marketing e an\u00fancios<\/p>\n<p>Especializa\u00e7\u00e3o e risco<\/p>\n<p>Apoio cont\u00ednuo<\/p>\n<p>Sa\u00edda e revenda[\/vc_column_text][\/vc_column][vc_column width=&#8221;1\/3&#8243;][vc_column_text css=&#8221;&#8221;]<strong>Come\u00e7ar sozinho<\/strong><\/p>\n<p>6 a 12 meses de tentativas e erros.<\/p>\n<p>Contrata\u00e7\u00e3o por adivinha\u00e7\u00e3o. Risco elevado de rotatividade. <\/p>\n<p>Manual, repetitivo e moroso.<\/p>\n<p>Folhas de c\u00e1lculo complexas e erros de desloca\u00e7\u00e3o.<\/p>\n<p>Correio eletr\u00f3nico manual\/WhatsApp (trabalho intensivo).<\/p>\n<p>Dif\u00edcil de vender; o valor est\u00e1 ligado a ti.<\/p>\n<p>Desperdi\u00e7a o or\u00e7amento em testes n\u00e3o comprovados.<\/p>\n<p>N\u00e3o tens experi\u00eancia nenhuma. Cada erro custa-te caro. <\/p>\n<p>Fica sozinho quando surgem problemas.[\/vc_column_text][\/vc_column][vc_column width=&#8221;1\/3&#8243;][vc_column_text css=&#8221;&#8221;]<strong>Parceria Riviera<\/strong><\/p>\n<p><strong>4 a 6 semanas<\/strong> at\u00e9 ao funcionamento completo.<\/p>\n<p><strong>Caixa de ferramentas de RH<\/strong>: Modelos comprovados para contratar vencedores.<\/p>\n<p><strong>Academia online<\/strong>: Forma\u00e7\u00e3o digital automatizada.<\/p>\n<p><strong>Ferramenta de automatiza\u00e7\u00e3o<\/strong>: Agendamento inteligente, com um clique.<\/p>\n<p><strong>Agente de IA 24\/7<\/strong>: Vende enquanto dormes.<\/p>\n<p><strong>Google\/Meta\/TikTok<\/strong>: Estrat\u00e9gias comprovadas de ROI.<\/p>\n<p><strong>15 anos de excel\u00eancia<\/strong>: Um modelo &#8220;Plug &amp; Play&#8221;.<\/p>\n<p><strong>Suporte dedicado<\/strong> e chamadas estrat\u00e9gicas mensais.<\/p>\n<p><strong>Alto valor patrimonial<\/strong>: Um ativo vend\u00e1vel e de marca.[\/vc_column_text][\/vc_column][\/vc_row][vc_row el_class=&#8221;st-become-feature-wrapper text-center&#8221;][vc_column][vc_empty_space height=&#8221;40px&#8221;][vc_empty_space height=&#8221;15px&#8221;][vc_column_text css=&#8221;&#8221;]<\/p>\n<h3><strong>Pronto para ser dono da tua cidade?<\/strong><\/h3>\n<p>Os territ\u00f3rios s\u00e3o limitados. Uma vez assegurada uma cidade, a exclusividade \u00e9 total.[\/vc_column_text][vc_column_text]<a class=\"signup btn btn-danger btn-lg\" href=\"https:\/\/docs.google.com\/forms\/d\/1iAIpiWnmkwC0OE1gNtyRe7L_jGifWTH6dJrOp1AJuFM\/\" target=\"_blank\" rel=\"noopener noreferrer\">Regista-te agora<\/a>[\/vc_column_text][vc_empty_space height=&#8221;15px&#8221;][\/vc_column][\/vc_row]<\/p>\n<\/div>","protected":false},"excerpt":{"rendered":"<p>[vc_row full_width=&#8221;stretch_row_content_no_spaces&#8221; css=&#8221;.vc_custom_1768572290285{padding-top: 100px !important;padding-bottom: 100px !important;background-image: url(https:\/\/rivierabarcrawltours.com\/wp-content\/uploads\/2024\/04\/pub-crawl-nice-1-1.jpg?id=112063) !important;}&#8221; el_class=&#8221;text-center st-become-banner&#8221;][vc_column][vc_column_text css=&#8221;&#8221;] Transforma a tua paix\u00e3o num imp\u00e9rio: Torna-te um parceiro do Riviera Bar Crawl &amp; Tours ? 15 anos de experi\u00eancia &#8211; IA e automa\u00e7\u00e3o &#8211; Exclusividade de territ\u00f3rio [\/vc_column_text][vc_column_text css=&#8221;.vc_custom_1768582216890{background-position: center !important;background-repeat: no-repeat !important;background-size: contain !important;}&#8221;]Regista-te agora Regista-te agora[\/vc_column_text][\/vc_column][\/vc_row][vc_row][vc_column][vc_empty_space height=&#8221;45px&#8221;][vc_column_text css=&#8221;&#8221;] Porqu\u00ea a [&hellip;]<\/p>\n","protected":false},"author":2,"featured_media":0,"parent":0,"menu_order":0,"comment_status":"closed","ping_status":"closed","template":"template-home-modern.php","meta":{"_acf_changed":false,"footnotes":""},"class_list":["post-126783","page","type-page","status-publish","has-post-thumbnail","hentry"],"acf":[],"yoast_head":"<!-- This site is optimized with the Yoast SEO plugin v27.3 - https:\/\/yoast.com\/product\/yoast-seo-wordpress\/ -->\n<title>Inicia o teu neg\u00f3cio Bar Crawls &amp; Pub Crawls | Riviera Bar Crawl Tours<\/title>\n<meta name=\"description\" content=\"Descobre a melhor rota para estabeleceres contactos, obteres informa\u00e7\u00f5es locais e teres esp\u00edrito empreendedor. Planeia hoje a tua rasteira perfeita para startups\" \/>\n<meta name=\"robots\" content=\"index, follow, max-snippet:-1, max-image-preview:large, max-video-preview:-1\" \/>\n<link rel=\"canonical\" href=\"https:\/\/rivierabarcrawltours.com\/pt-pt\/torna-te-parceiro-novo\/\" \/>\n<meta property=\"og:locale\" content=\"pt_PT\" \/>\n<meta property=\"og:type\" content=\"article\" \/>\n<meta property=\"og:title\" content=\"Inicia o teu neg\u00f3cio Bar Crawls &amp; Pub Crawls | Riviera Bar Crawl Tours\" \/>\n<meta property=\"og:description\" content=\"Descobre a melhor rota para estabeleceres contactos, obteres informa\u00e7\u00f5es locais e teres esp\u00edrito empreendedor. Planeia hoje a tua rasteira perfeita para startups\" \/>\n<meta property=\"og:url\" content=\"https:\/\/rivierabarcrawltours.com\/pt-pt\/torna-te-parceiro-novo\/\" \/>\n<meta property=\"og:site_name\" content=\"Riviera Bar Crawl Tours\" \/>\n<meta property=\"article:publisher\" content=\"https:\/\/www.facebook.com\/RivieraBarCrawltours\/\" \/>\n<meta name=\"twitter:card\" content=\"summary_large_image\" \/>\n<meta name=\"twitter:site\" content=\"@rivierabarcrawl\" \/>\n<meta name=\"twitter:label1\" content=\"Tempo estimado de leitura\" \/>\n\t<meta name=\"twitter:data1\" content=\"8 minutes\" \/>\n<!-- \/ Yoast SEO plugin. -->","yoast_head_json":{"title":"Inicia o teu neg\u00f3cio Bar Crawls & Pub Crawls | Riviera Bar Crawl Tours","description":"Descobre a melhor rota para estabeleceres contactos, obteres informa\u00e7\u00f5es locais e teres esp\u00edrito empreendedor. Planeia hoje a tua rasteira perfeita para startups","robots":{"index":"index","follow":"follow","max-snippet":"max-snippet:-1","max-image-preview":"max-image-preview:large","max-video-preview":"max-video-preview:-1"},"canonical":"https:\/\/rivierabarcrawltours.com\/pt-pt\/torna-te-parceiro-novo\/","og_locale":"pt_PT","og_type":"article","og_title":"Inicia o teu neg\u00f3cio Bar Crawls & Pub Crawls | Riviera Bar Crawl Tours","og_description":"Descobre a melhor rota para estabeleceres contactos, obteres informa\u00e7\u00f5es locais e teres esp\u00edrito empreendedor. Planeia hoje a tua rasteira perfeita para startups","og_url":"https:\/\/rivierabarcrawltours.com\/pt-pt\/torna-te-parceiro-novo\/","og_site_name":"Riviera Bar Crawl Tours","article_publisher":"https:\/\/www.facebook.com\/RivieraBarCrawltours\/","twitter_card":"summary_large_image","twitter_site":"@rivierabarcrawl","twitter_misc":{"Tempo estimado de leitura":"8 minutes"},"schema":{"@context":"https:\/\/schema.org","@graph":[{"@type":"WebPage","@id":"https:\/\/rivierabarcrawltours.com\/pt-pt\/torna-te-parceiro-novo\/","url":"https:\/\/rivierabarcrawltours.com\/pt-pt\/torna-te-parceiro-novo\/","name":"Inicia o teu neg\u00f3cio Bar Crawls & Pub Crawls | Riviera Bar Crawl Tours","isPartOf":{"@id":"https:\/\/rivierabarcrawltours.com\/#website"},"datePublished":"2026-02-18T11:17:26+00:00","description":"Descobre a melhor rota para estabeleceres contactos, obteres informa\u00e7\u00f5es locais e teres esp\u00edrito empreendedor. Planeia hoje a tua rasteira perfeita para startups","breadcrumb":{"@id":"https:\/\/rivierabarcrawltours.com\/pt-pt\/torna-te-parceiro-novo\/#breadcrumb"},"inLanguage":"pt-PT","potentialAction":[{"@type":"ReadAction","target":["https:\/\/rivierabarcrawltours.com\/pt-pt\/torna-te-parceiro-novo\/"]}]},{"@type":"BreadcrumbList","@id":"https:\/\/rivierabarcrawltours.com\/pt-pt\/torna-te-parceiro-novo\/#breadcrumb","itemListElement":[{"@type":"ListItem","position":1,"name":"Home","item":"https:\/\/rivierabarcrawltours.com\/pt-pt\/"},{"@type":"ListItem","position":2,"name":"Torna-te parceiro Novo"}]},{"@type":"WebSite","@id":"https:\/\/rivierabarcrawltours.com\/#website","url":"https:\/\/rivierabarcrawltours.com\/","name":"Riviera Bar Crawl Tours","description":"Fun Day &amp; Night Experiences I Tour operator I Guided Tours I Bar Crawls I Food Tours I","publisher":{"@id":"https:\/\/rivierabarcrawltours.com\/#organization"},"potentialAction":[{"@type":"SearchAction","target":{"@type":"EntryPoint","urlTemplate":"https:\/\/rivierabarcrawltours.com\/?s={search_term_string}"},"query-input":{"@type":"PropertyValueSpecification","valueRequired":true,"valueName":"search_term_string"}}],"inLanguage":"pt-PT"},{"@type":"Organization","@id":"https:\/\/rivierabarcrawltours.com\/#organization","name":"Riviera Bar Crawl Tours","url":"https:\/\/rivierabarcrawltours.com\/","logo":{"@type":"ImageObject","inLanguage":"pt-PT","@id":"https:\/\/rivierabarcrawltours.com\/#\/schema\/logo\/image\/","url":"https:\/\/rivierabarcrawltours.com\/wp-content\/uploads\/2019\/07\/logo.png","contentUrl":"https:\/\/rivierabarcrawltours.com\/wp-content\/uploads\/2019\/07\/logo.png","width":479,"height":453,"caption":"Riviera Bar Crawl Tours"},"image":{"@id":"https:\/\/rivierabarcrawltours.com\/#\/schema\/logo\/image\/"},"sameAs":["https:\/\/www.facebook.com\/RivieraBarCrawltours\/","https:\/\/x.com\/rivierabarcrawl"]}]}},"_links":{"self":[{"href":"https:\/\/rivierabarcrawltours.com\/pt-pt\/wp-json\/wp\/v2\/pages\/126783","targetHints":{"allow":["GET"]}}],"collection":[{"href":"https:\/\/rivierabarcrawltours.com\/pt-pt\/wp-json\/wp\/v2\/pages"}],"about":[{"href":"https:\/\/rivierabarcrawltours.com\/pt-pt\/wp-json\/wp\/v2\/types\/page"}],"author":[{"embeddable":true,"href":"https:\/\/rivierabarcrawltours.com\/pt-pt\/wp-json\/wp\/v2\/users\/2"}],"replies":[{"embeddable":true,"href":"https:\/\/rivierabarcrawltours.com\/pt-pt\/wp-json\/wp\/v2\/comments?post=126783"}],"version-history":[{"count":2,"href":"https:\/\/rivierabarcrawltours.com\/pt-pt\/wp-json\/wp\/v2\/pages\/126783\/revisions"}],"predecessor-version":[{"id":126785,"href":"https:\/\/rivierabarcrawltours.com\/pt-pt\/wp-json\/wp\/v2\/pages\/126783\/revisions\/126785"}],"wp:attachment":[{"href":"https:\/\/rivierabarcrawltours.com\/pt-pt\/wp-json\/wp\/v2\/media?parent=126783"}],"curies":[{"name":"wp","href":"https:\/\/api.w.org\/{rel}","templated":true}]}}