{"id":126461,"date":"2026-02-16T16:54:25","date_gmt":"2026-02-16T15:54:25","guid":{"rendered":"https:\/\/rivierabarcrawltours.com\/incentivos-em-nice\/"},"modified":"2026-02-16T16:54:25","modified_gmt":"2026-02-16T15:54:25","slug":"incentivos-em-nice","status":"publish","type":"page","link":"https:\/\/rivierabarcrawltours.com\/pt-pt\/incentivos-em-nice\/","title":{"rendered":"Incentivos em Nice"},"content":{"rendered":"<div class=\"wpb-content-wrapper\"><p>[vc_row el_class=&#8221;city-tours-custom&#8221; css=&#8221;.vc_custom_1624697331275{margin-top: 40px !important;margin-bottom: 20px !important;}&#8221;][vc_column][vc_column_text]<\/p>\n<h2>O teu pr\u00f3ximo evento<\/h2>\n<p>[\/vc_column_text]<div class='list_tours'>   <div class=\"concept-listings owl-carousel owl-theme\">\n          <div class=\"style_box\">\n                      <div class=\"thumb\">\n               <header class=\"thumb-header st_avatar_fix\">\n                                      <a href=\"https:\/\/rivierabarcrawltours.com\/pt-pt\/tour\/os-sabores-das-visitas-alimentares-de-nice\/\" class=\"hover-img\">\n                       <img decoding=\"async\" width=\"260\" height=\"190\" src=\"https:\/\/rivierabarcrawltours.com\/wp-content\/uploads\/2022\/01\/Food-tours-Cannes-260x190.jpg\" class=\"attachment-260x190x1 size-260x190x1 wp-post-image\" alt=\"Passeios gastron\u00f3micos agrad\u00e1veis\" srcset=\"https:\/\/rivierabarcrawltours.com\/wp-content\/uploads\/2022\/01\/Food-tours-Cannes-260x190.jpg 260w, https:\/\/rivierabarcrawltours.com\/wp-content\/uploads\/2022\/01\/Food-tours-Cannes-680x500.jpg 680w\" sizes=\"(max-width: 260px) 100vw, 260px\" \/>                       <h5 class=\"hover-title hover-hold text-center\">\n                           Os sabores de Nice Excurs\u00f5es gastron\u00f3micas privadas                       <\/h5>\n                   <\/a>\n                                  <\/header>\n           <\/div>\n       <\/div>\n   <\/div>\n\n    \n<script type=\"text\/javascript\">\n$(document).ready(function() {\n       $(\".concept-listings\").owlCarousel({\n        margin:20,\n                dots:true,\n        responsiveClass:true,\n        responsive:{\n            0:{\n                items:1,\n                nav:false\n            },\n            600:{\n                items:3,\n                nav:false\n            },\n            1000:{\n                items:4,\n                nav:true\n            }\n        }\n       });\n}); \n\n<\/script>\n\n<style type=\"text\/css\">\n.concept-listings .owl-stage {\n    display: -webkit-box !important;\n    display: -moz-box !important;\n    display: -ms-box !important;\n    display: box !important;\n}\n.concept-listings .owl-dots {\n    margin-top: 10px;\n    text-align: center;\n}\n.concept-listings .owl-dots .owl-dot {\n    display: inline-block;\n    background: 0 0;\n    color: inherit;\n    border: none;\n    padding: 0 !important;\n}\n.concept-listings .owl-dots .owl-dot.active span {\n    background: var(--link-color, #5191FA);\n}\n.concept-listings .owl-dots .owl-dot span {\n    width: 10px;\n    height: 10px;\n    margin: 5px 7px;\n    background: var(--light-grey-color, #EAEEF3);\n    display: block;\n    transition: opacity 0.2s ease;\n    border-radius: 30px;\n}\n.city-tours-custom .feature_class{\n  left: 0 !important;\n}\n.concept-listings .owl-nav {\n    position: absolute;\n    height: 100%;\n    top: 0;\n    width: 100%;\n    z-index: -1;\n}\n.concept-listings .owl-nav button {\n    position: absolute;\n    top: 50%;\n    margin-top: -18px;\n}\n.concept-listings .owl-nav button.owl-next {\n    right: -66px;\n}\n.concept-listings .owl-nav button.owl-prev {\n    left: -66px;\n}\n.concept-listings .owl-nav button.owl-next span {\n    width: 36px;\n    height: 36px;\n    display: block;\n    background: url(https:\/\/rivierabarcrawltours.com\/wp-content\/uploads\/2021\/06\/arrow-right.png) center center no-repeat;\n    background-size: 100% auto;\n    color: transparent;\n}\n.concept-listings .owl-nav button.owl-prev span {\n    width: 36px;\n    height: 36px;\n    display: block;\n    background: url(https:\/\/rivierabarcrawltours.com\/wp-content\/uploads\/2021\/02\/arrow-left.png) center center no-repeat;\n    background-size: 100% auto;\n    color: transparent;\n}\n\n.city-tours-custom .thumb{\n    border: none !important;\n}\n<\/style><\/div>[vc_separator color=&#8221;custom&#8221; css=&#8221;.vc_custom_1667912336027{background-color: #e11e26 !important;}&#8221;][vc_btn title=&#8221;Come\u00e7a a planear o teu evento agora!&#8221; color=&#8221;juicy-pink&#8221; align=&#8221;center&#8221; button_block=&#8221;true&#8221; link=&#8221;url:https%3A%2F%2Fdocs.google.com%2Fforms%2Fd%2F1HuEfKbEAhdsDI5S_LHigp8pVe4yjD14dUH2zNBPfBeA%2Fprefill|title:Fale%20conosco%21|target:_blank|&#8221; css=&#8221;.vc_custom_1679502552570{background-color: #e11e26 !important;background-position: 0 0 !important;background-repeat: no-repeat !important;}&#8221;][\/vc_column][vc_column][\/vc_column][\/vc_row][vc_row][vc_column][vc_row_inner][vc_column_inner][vc_column_text]<\/p>\n<h2>Por que raz\u00e3o deves organizar uma viagem de incentivo em Nice?<\/h2>\n<p><span style=\"font-weight: 400;\">J\u00e1 alguma vez reuniste um grupo de pessoas e depois pediste-lhes para fazerem algo que ningu\u00e9m queria fazer? Se sim, sabe como pode ser dif\u00edcil conseguir que um grande grupo de pessoas trabalhe no mesmo projeto. Mas as viagens de incentivo n\u00e3o funcionam apenas para grandes grupos. Mesmo que o teu grupo de empregados ou clientes tenha apenas seis membros (ou at\u00e9 menos), podes beneficiar muito ao recompensar todos com uma viagem de incentivo.   <\/span><\/p>\n<p><span style=\"font-weight: 400;\">Aqui est\u00e3o algumas raz\u00f5es que te levar\u00e3o a organizar o teu pr\u00f3ximo incentivo em Nice.<\/span><\/p>\n<ol>\n<li style=\"font-weight: 400;\" aria-level=\"1\"><span style=\"font-weight: 400;\">Os incentivos s\u00e3o uma forma eficaz de aumentar a moral, melhorar a produtividade e encorajar os membros do pessoal a sentirem-se parte da empresa.  <\/span><\/li>\n<li style=\"font-weight: 400;\" aria-level=\"1\"><span style=\"font-weight: 400;\">Nice \u00e9 a capital da Riviera Francesa e, como tal, oferece-te todos os prazeres do mar.<\/span><\/li>\n<li style=\"font-weight: 400;\" aria-level=\"1\"><span style=\"font-weight: 400;\">Nice foi nomeada &#8220;o melhor destino do mundo em termos de qualidade de vida&#8221; pelo The New York Times e a Lonely Planet escolheu-a como uma das 10 melhores cidades da Europa!<\/span><\/li>\n<li style=\"font-weight: 400;\" aria-level=\"1\"><span style=\"font-weight: 400;\">O clima \u00e9 fant\u00e1stico de abril a outubro, com temperaturas a rondar os 25\u00b0C durante o dia.<\/span><\/li>\n<li style=\"font-weight: 400;\" aria-level=\"1\"><span style=\"font-weight: 400;\">A cidade oferece uma vasta gama de actividades de team-building. Os incentivos podem ser organizados desde simples excurs\u00f5es a eventos de luxo, dependendo do teu or\u00e7amento. <\/span><\/li>\n<\/ol>\n<p><span style=\"font-weight: 400;\">Se est\u00e1s \u00e0 procura das melhores actividades de incentivo em Nice, n\u00e3o procures mais. Temos uma s\u00e9rie de actividades de team building divertidas e emocionantes que s\u00e3o perfeitas para o teu grupo. <\/span><\/p>\n<p>&nbsp;<\/p>\n<h3>As nossas actividades de incentivo em Nice incluem :<\/h3>\n<h4>Aluguer de limusinas privadas<\/h4>\n<p><span style=\"font-weight: 400;\">Alugar uma limusina em Nice \u00e9 uma forma perfeita de criar la\u00e7os entre colegas. Esta atividade \u00e9 perfeita para pequenos grupos at\u00e9 8 pessoas. <\/span><\/p>\n<h4>Aluguer de catamar\u00e3 privado<\/h4>\n<p><span style=\"font-weight: 400;\">O aluguer de um catamar\u00e3 privado \u00e9 uma atividade de incentivo que pode ser facilmente adaptada a qualquer evento empresarial. Pode ser usado como uma recompensa para os melhores desempenhos ou como uma forma de agradecer aos teus funcion\u00e1rios pelo seu trabalho \u00e1rduo ao longo do ano. <\/span><\/p>\n<h4>Pub Crawls em Nice e Cannes<\/h4>\n<p><span style=\"font-weight: 400;\">Um pub crawl \u00e9 uma forma divertida e interactiva de conhecer os membros da tua equipa. \u00c9 tamb\u00e9m uma excelente forma de te familiarizares com a cultura local. <\/span><\/p>\n<h4>Ca\u00e7a ao tesouro na Cidade Velha<\/h4>\n<p><span style=\"font-weight: 400;\">Esta atividade \u00e9 perfeita para grupos que s\u00e3o competitivos e querem competir uns contra os outros! Ser-te-\u00e3o dadas pistas e tarefas para completares. O objetivo \u00e9 resolver um quebra-cabe\u00e7as e descobrir os destaques locais.  <\/span><\/p>\n<h4>Workshop de cocktails<\/h4>\n<p><span style=\"font-weight: 400;\">A prepara\u00e7\u00e3o de cocktails \u00e9 uma \u00f3ptima atividade de incentivo porque \u00e9 f\u00e1cil de organizar e pode ser utilizada como um exerc\u00edcio de team building. As melhores aulas de cocktailaria duram cerca de 2 horas, o que d\u00e1 \u00e0s pessoas tempo para desfrutar de algumas bebidas no final. <\/span><\/p>\n<h4>Visita as vinhas circundantes e prova de vinhos<\/h4>\n<p><span style=\"font-weight: 400;\">Visitar as vinhas circundantes pode ser uma excelente atividade de incentivo. Uma sess\u00e3o de prova de vinhos numa das muitas adegas locais \u00e9 tamb\u00e9m uma boa ideia. <\/span><\/p>\n<h4>Stand-up paddle boarding<\/h4>\n<p><span style=\"font-weight: 400;\">Uma prancha de stand-up paddle \u00e9 uma excelente forma de os teus empregados fazerem uma pausa da rotina di\u00e1ria e fazerem o t\u00e3o necess\u00e1rio exerc\u00edcio f\u00edsico. \u00c9 tamb\u00e9m uma \u00f3ptima forma de fazer com que os empregados trabalhem em conjunto e socializem fora dos seus cub\u00edculos. <\/span><\/p>\n<h4>Experi\u00eancia de festa na piscina<\/h4>\n<p><span style=\"font-weight: 400;\">Uma festa na piscina \u00e9 uma \u00f3ptima forma de recompensar os empregados por um trabalho bem feito. Pode ser uma forma eficaz de fomentar o esp\u00edrito de equipa e aumentar a moral durante os meses de ver\u00e3o, quando \u00e9 mais prov\u00e1vel que as pessoas queiram passar tempo ao ar livre.   <\/span><\/p>\n<h4>Passeios de bicicleta na Riviera Francesa<\/h4>\n<p><span style=\"font-weight: 400;\">Atualmente, realizamos 2 visitas guiadas de bicicleta. Um \u00e0 volta de Nice e dos seus pontos mais importantes. E a segunda \u00e9 entre Nice e Villefranche-sur-mer.  <\/span><\/p>\n<p>&nbsp;<\/p>\n<p><span style=\"font-weight: 400;\">Na Riviera Bar Crawl Tours podemos oferecer pacotes personalizados ou incentivos pr\u00e9-embalados. Quaisquer que sejam as tuas necessidades, n\u00f3s adaptaremos um programa de incentivos que se enquadre no teu or\u00e7amento. As nossas actividades de team building em Nice podem ser realizadas no interior ou no exterior, e podem ser adaptadas \u00e0s suas necessidades espec\u00edficas.  <\/span>[\/vc_column_text][\/vc_column_inner][\/vc_row_inner][vc_empty_space height=&#8221;75&#8243;][vc_btn title=&#8221;Come\u00e7a a planear o teu evento agora!&#8221; color=&#8221;juicy-pink&#8221; align=&#8221;center&#8221; button_block=&#8221;true&#8221; link=&#8221;url:https%3A%2F%2Frivierabarcrawltours.com%2Fpt-pt%2Ffale-conosco%2F|title:Fale%20conosco%21|target:_blank|&#8221; css=&#8221;.vc_custom_1667912697255{background-color: #e11e26 !important;background-position: 0 0 !important;background-repeat: no-repeat !important;}&#8221;][\/vc_column][\/vc_row][vc_row][vc_column width=&#8221;1\/2&#8243;]\n<div class=\"wpcf7 no-js\" id=\"wpcf7-f62606-o1\" lang=\"en-US\" dir=\"ltr\" data-wpcf7-id=\"62606\">\n<div class=\"screen-reader-response\"><p role=\"status\" aria-live=\"polite\" aria-atomic=\"true\"><\/p> <ul><\/ul><\/div>\n<form action=\"\/pt-pt\/wp-json\/wp\/v2\/pages\/126461#wpcf7-f62606-o1\" method=\"post\" class=\"wpcf7-form init\" aria-label=\"Formul\u00e1rio de contacto\" novalidate=\"novalidate\" data-status=\"init\">\n<fieldset class=\"hidden-fields-container\"><input type=\"hidden\" name=\"_wpcf7\" value=\"62606\" \/><input type=\"hidden\" name=\"_wpcf7_version\" value=\"6.1.5\" \/><input type=\"hidden\" name=\"_wpcf7_locale\" value=\"en_US\" \/><input type=\"hidden\" name=\"_wpcf7_unit_tag\" value=\"wpcf7-f62606-o1\" \/><input type=\"hidden\" name=\"_wpcf7_container_post\" value=\"0\" \/><input type=\"hidden\" name=\"_wpcf7_posted_data_hash\" value=\"\" \/><input type=\"hidden\" name=\"_wpcf7_recaptcha_response\" value=\"\" \/>\n<\/fieldset>\n<div class=\"st-contact-form\">\n\t<div class=\"contact-header\">\n\t\t<h3>We'd love to hear from you\n\t\t<\/h3>\n\t\t<p>Send us a message and we'll respond as soon as possible\n\t\t<\/p>\n\t<\/div>\n\t<div class=\"contact-form\">\n\t\t<div class=\"form-group\">\n\t\t\t<p><span class=\"wpcf7-form-control-wrap\" data-name=\"your-name\"><input size=\"40\" maxlength=\"400\" class=\"wpcf7-form-control wpcf7-text wpcf7-validates-as-required form-control\" aria-required=\"true\" aria-invalid=\"false\" placeholder=\"Name\" value=\"\" type=\"text\" name=\"your-name\" \/><\/span>\n\t\t\t<\/p>\n\t\t<\/div>\n\t\t<div class=\"form-group\">\n\t\t\t<p><span class=\"wpcf7-form-control-wrap\" data-name=\"your-email\"><input size=\"40\" maxlength=\"400\" class=\"wpcf7-form-control wpcf7-email wpcf7-validates-as-required wpcf7-text wpcf7-validates-as-email form-control\" aria-required=\"true\" aria-invalid=\"false\" placeholder=\"Email\" value=\"\" type=\"email\" name=\"your-email\" \/><\/span>\n\t\t\t<\/p>\n\t\t<\/div>\n\t\t<div class=\"form-group\">\n\t\t\t<p><span class=\"wpcf7-form-control-wrap\" data-name=\"your-message\"><textarea cols=\"40\" rows=\"10\" maxlength=\"2000\" class=\"wpcf7-form-control wpcf7-textarea form-control\" aria-invalid=\"false\" placeholder=\"Message\" name=\"your-message\"><\/textarea><\/span>\n\t\t\t<\/p>\n\t\t<\/div>\n\t<span class=\"wpcf7-form-control-wrap recaptcha\" data-name=\"recaptcha\"><span data-sitekey=\"6LdJz1AaAAAAACdpzuGXVjdcRmpNNTMel9zmPCUG\" class=\"wpcf7-form-control wpcf7-recaptcha g-recaptcha\"><\/span>\r\n<noscript>\r\n\t<div class=\"grecaptcha-noscript\">\r\n\t\t<iframe loading=\"lazy\" src=\"https:\/\/www.google.com\/recaptcha\/api\/fallback?k=6LdJz1AaAAAAACdpzuGXVjdcRmpNNTMel9zmPCUG\" frameborder=\"0\" scrolling=\"no\" width=\"310\" height=\"430\">\r\n\t\t<\/iframe>\r\n\t\t<textarea name=\"g-recaptcha-response\" rows=\"3\" cols=\"40\" placeholder=\"reCaptcha Response Here\">\r\n\t\t<\/textarea>\r\n\t<\/div>\r\n<\/noscript>\r\n<\/span>\n\t\t<p><input class=\"wpcf7-form-control wpcf7-submit has-spinner btn btn-primary\" type=\"submit\" value=\"SEND MESSAGE\" \/>\n\t\t<\/p>\n\t<\/div>\n<\/div><p style=\"display: none !important;\" class=\"akismet-fields-container\" data-prefix=\"_wpcf7_ak_\"><label>&#916;<textarea name=\"_wpcf7_ak_hp_textarea\" cols=\"45\" rows=\"8\" maxlength=\"100\"><\/textarea><\/label><input type=\"hidden\" id=\"ak_js_1\" name=\"_wpcf7_ak_js\" value=\"161\"\/><script>document.getElementById( \"ak_js_1\" ).setAttribute( \"value\", ( new Date() ).getTime() );<\/script><\/p><div class=\"wpcf7-response-output\" aria-hidden=\"true\"><\/div>\n<\/form>\n<\/div>\n[vc_empty_space height=&#8221;25px&#8221;][\/vc_column][vc_column width=&#8221;1\/2&#8243;][\/vc_column][\/vc_row]<\/p>\n<\/div>","protected":false},"excerpt":{"rendered":"<p>[vc_row el_class=&#8221;city-tours-custom&#8221; css=&#8221;.vc_custom_1624697331275{margin-top: 40px !important;margin-bottom: 20px !important;}&#8221;][vc_column][vc_column_text] O teu pr\u00f3ximo evento [\/vc_column_text][vc_separator color=&#8221;custom&#8221; css=&#8221;.vc_custom_1667912336027{background-color: #e11e26 !important;}&#8221;][vc_btn title=&#8221;Come\u00e7a a planear o teu evento agora!&#8221; color=&#8221;juicy-pink&#8221; align=&#8221;center&#8221; button_block=&#8221;true&#8221; link=&#8221;url:https%3A%2F%2Fdocs.google.com%2Fforms%2Fd%2F1HuEfKbEAhdsDI5S_LHigp8pVe4yjD14dUH2zNBPfBeA%2Fprefill|title:Fale%20conosco%21|target:_blank|&#8221; css=&#8221;.vc_custom_1679502552570{background-color: #e11e26 !important;background-position: 0 0 !important;background-repeat: no-repeat !important;}&#8221;][\/vc_column][vc_column][\/vc_column][\/vc_row][vc_row][vc_column][vc_row_inner][vc_column_inner][vc_column_text] Por que raz\u00e3o deves organizar uma viagem de incentivo em Nice? J\u00e1 alguma vez reuniste um grupo de pessoas e [&hellip;]<\/p>\n","protected":false},"author":2,"featured_media":104063,"parent":0,"menu_order":0,"comment_status":"closed","ping_status":"closed","template":"template-home-modern.php","meta":{"_acf_changed":false,"footnotes":""},"class_list":["post-126461","page","type-page","status-publish","has-post-thumbnail","hentry"],"acf":[],"yoast_head":"<!-- This site is optimized with the Yoast SEO plugin v27.3 - https:\/\/yoast.com\/product\/yoast-seo-wordpress\/ -->\n<title>Incentivos em Nice, Fran\u00e7a | Riviera Bar Crawl Tours<\/title>\n<meta name=\"description\" content=\"Organiza as tuas actividades de incentivo em Nice! Contacta-nos e juntos criaremos uma experi\u00eancia inesquec\u00edvel para recompensar os teus empregados pelos seus esfor\u00e7os.\" \/>\n<meta name=\"robots\" content=\"index, follow, max-snippet:-1, max-image-preview:large, max-video-preview:-1\" \/>\n<link rel=\"canonical\" href=\"https:\/\/rivierabarcrawltours.com\/pt-pt\/incentivos-em-nice\/\" \/>\n<meta property=\"og:locale\" content=\"pt_PT\" \/>\n<meta property=\"og:type\" content=\"article\" \/>\n<meta property=\"og:title\" content=\"Incentivos em Nice, Fran\u00e7a | Riviera Bar Crawl Tours\" \/>\n<meta property=\"og:description\" content=\"Organiza as tuas actividades de incentivo em Nice! Contacta-nos e juntos criaremos uma experi\u00eancia inesquec\u00edvel para recompensar os teus empregados pelos seus esfor\u00e7os.\" \/>\n<meta property=\"og:url\" content=\"https:\/\/rivierabarcrawltours.com\/pt-pt\/incentivos-em-nice\/\" \/>\n<meta property=\"og:site_name\" content=\"Riviera Bar Crawl Tours\" \/>\n<meta property=\"article:publisher\" content=\"https:\/\/www.facebook.com\/RivieraBarCrawltours\/\" \/>\n<meta property=\"og:image\" content=\"https:\/\/rivierabarcrawltours.com\/wp-content\/uploads\/2023\/01\/incentive-activities-in-Nice-copie.jpg\" \/>\n\t<meta property=\"og:image:width\" content=\"1920\" \/>\n\t<meta property=\"og:image:height\" content=\"1080\" \/>\n\t<meta property=\"og:image:type\" content=\"image\/jpeg\" \/>\n<meta name=\"twitter:card\" content=\"summary_large_image\" \/>\n<meta name=\"twitter:site\" content=\"@rivierabarcrawl\" \/>\n<meta name=\"twitter:label1\" content=\"Tempo estimado de leitura\" \/>\n\t<meta name=\"twitter:data1\" content=\"5 minutes\" \/>\n<!-- \/ Yoast SEO plugin. -->","yoast_head_json":{"title":"Incentivos em Nice, Fran\u00e7a | Riviera Bar Crawl Tours","description":"Organiza as tuas actividades de incentivo em Nice! Contacta-nos e juntos criaremos uma experi\u00eancia inesquec\u00edvel para recompensar os teus empregados pelos seus esfor\u00e7os.","robots":{"index":"index","follow":"follow","max-snippet":"max-snippet:-1","max-image-preview":"max-image-preview:large","max-video-preview":"max-video-preview:-1"},"canonical":"https:\/\/rivierabarcrawltours.com\/pt-pt\/incentivos-em-nice\/","og_locale":"pt_PT","og_type":"article","og_title":"Incentivos em Nice, Fran\u00e7a | Riviera Bar Crawl Tours","og_description":"Organiza as tuas actividades de incentivo em Nice! Contacta-nos e juntos criaremos uma experi\u00eancia inesquec\u00edvel para recompensar os teus empregados pelos seus esfor\u00e7os.","og_url":"https:\/\/rivierabarcrawltours.com\/pt-pt\/incentivos-em-nice\/","og_site_name":"Riviera Bar Crawl Tours","article_publisher":"https:\/\/www.facebook.com\/RivieraBarCrawltours\/","og_image":[{"width":1920,"height":1080,"url":"https:\/\/rivierabarcrawltours.com\/wp-content\/uploads\/2023\/01\/incentive-activities-in-Nice-copie.jpg","type":"image\/jpeg"}],"twitter_card":"summary_large_image","twitter_site":"@rivierabarcrawl","twitter_misc":{"Tempo estimado de leitura":"5 minutes"},"schema":{"@context":"https:\/\/schema.org","@graph":[{"@type":"WebPage","@id":"https:\/\/rivierabarcrawltours.com\/pt-pt\/incentivos-em-nice\/","url":"https:\/\/rivierabarcrawltours.com\/pt-pt\/incentivos-em-nice\/","name":"Incentivos em Nice, Fran\u00e7a | Riviera Bar Crawl Tours","isPartOf":{"@id":"https:\/\/rivierabarcrawltours.com\/#website"},"primaryImageOfPage":{"@id":"https:\/\/rivierabarcrawltours.com\/pt-pt\/incentivos-em-nice\/#primaryimage"},"image":{"@id":"https:\/\/rivierabarcrawltours.com\/pt-pt\/incentivos-em-nice\/#primaryimage"},"thumbnailUrl":"https:\/\/rivierabarcrawltours.com\/wp-content\/uploads\/2023\/01\/incentive-activities-in-Nice-copie.jpg","datePublished":"2026-02-16T15:54:25+00:00","description":"Organiza as tuas actividades de incentivo em Nice! Contacta-nos e juntos criaremos uma experi\u00eancia inesquec\u00edvel para recompensar os teus empregados pelos seus esfor\u00e7os.","breadcrumb":{"@id":"https:\/\/rivierabarcrawltours.com\/pt-pt\/incentivos-em-nice\/#breadcrumb"},"inLanguage":"pt-PT","potentialAction":[{"@type":"ReadAction","target":["https:\/\/rivierabarcrawltours.com\/pt-pt\/incentivos-em-nice\/"]}]},{"@type":"ImageObject","inLanguage":"pt-PT","@id":"https:\/\/rivierabarcrawltours.com\/pt-pt\/incentivos-em-nice\/#primaryimage","url":"https:\/\/rivierabarcrawltours.com\/wp-content\/uploads\/2023\/01\/incentive-activities-in-Nice-copie.jpg","contentUrl":"https:\/\/rivierabarcrawltours.com\/wp-content\/uploads\/2023\/01\/incentive-activities-in-Nice-copie.jpg","width":1920,"height":1080,"caption":"Sente dor. Jovem mulher, sem alegria, toca no pesco\u00e7o enquanto sente dores"},{"@type":"BreadcrumbList","@id":"https:\/\/rivierabarcrawltours.com\/pt-pt\/incentivos-em-nice\/#breadcrumb","itemListElement":[{"@type":"ListItem","position":1,"name":"Home","item":"https:\/\/rivierabarcrawltours.com\/pt-pt\/"},{"@type":"ListItem","position":2,"name":"Incentivos em Nice"}]},{"@type":"WebSite","@id":"https:\/\/rivierabarcrawltours.com\/#website","url":"https:\/\/rivierabarcrawltours.com\/","name":"Riviera Bar Crawl Tours","description":"Fun Day &amp; Night Experiences I Tour operator I Guided Tours I Bar Crawls I Food Tours I","publisher":{"@id":"https:\/\/rivierabarcrawltours.com\/#organization"},"potentialAction":[{"@type":"SearchAction","target":{"@type":"EntryPoint","urlTemplate":"https:\/\/rivierabarcrawltours.com\/?s={search_term_string}"},"query-input":{"@type":"PropertyValueSpecification","valueRequired":true,"valueName":"search_term_string"}}],"inLanguage":"pt-PT"},{"@type":"Organization","@id":"https:\/\/rivierabarcrawltours.com\/#organization","name":"Riviera Bar Crawl Tours","url":"https:\/\/rivierabarcrawltours.com\/","logo":{"@type":"ImageObject","inLanguage":"pt-PT","@id":"https:\/\/rivierabarcrawltours.com\/#\/schema\/logo\/image\/","url":"https:\/\/rivierabarcrawltours.com\/wp-content\/uploads\/2019\/07\/logo.png","contentUrl":"https:\/\/rivierabarcrawltours.com\/wp-content\/uploads\/2019\/07\/logo.png","width":479,"height":453,"caption":"Riviera Bar Crawl Tours"},"image":{"@id":"https:\/\/rivierabarcrawltours.com\/#\/schema\/logo\/image\/"},"sameAs":["https:\/\/www.facebook.com\/RivieraBarCrawltours\/","https:\/\/x.com\/rivierabarcrawl"]}]}},"_links":{"self":[{"href":"https:\/\/rivierabarcrawltours.com\/pt-pt\/wp-json\/wp\/v2\/pages\/126461","targetHints":{"allow":["GET"]}}],"collection":[{"href":"https:\/\/rivierabarcrawltours.com\/pt-pt\/wp-json\/wp\/v2\/pages"}],"about":[{"href":"https:\/\/rivierabarcrawltours.com\/pt-pt\/wp-json\/wp\/v2\/types\/page"}],"author":[{"embeddable":true,"href":"https:\/\/rivierabarcrawltours.com\/pt-pt\/wp-json\/wp\/v2\/users\/2"}],"replies":[{"embeddable":true,"href":"https:\/\/rivierabarcrawltours.com\/pt-pt\/wp-json\/wp\/v2\/comments?post=126461"}],"version-history":[{"count":1,"href":"https:\/\/rivierabarcrawltours.com\/pt-pt\/wp-json\/wp\/v2\/pages\/126461\/revisions"}],"predecessor-version":[{"id":126464,"href":"https:\/\/rivierabarcrawltours.com\/pt-pt\/wp-json\/wp\/v2\/pages\/126461\/revisions\/126464"}],"wp:featuredmedia":[{"embeddable":true,"href":"https:\/\/rivierabarcrawltours.com\/pt-pt\/wp-json\/wp\/v2\/media\/104063"}],"wp:attachment":[{"href":"https:\/\/rivierabarcrawltours.com\/pt-pt\/wp-json\/wp\/v2\/media?parent=126461"}],"curies":[{"name":"wp","href":"https:\/\/api.w.org\/{rel}","templated":true}]}}