{"id":126458,"date":"2026-02-16T16:54:23","date_gmt":"2026-02-16T15:54:23","guid":{"rendered":"https:\/\/rivierabarcrawltours.com\/incentivos-em-paris\/"},"modified":"2026-02-16T16:54:25","modified_gmt":"2026-02-16T15:54:25","slug":"incentivos-em-paris","status":"publish","type":"page","link":"https:\/\/rivierabarcrawltours.com\/pt-pt\/incentivos-em-paris\/","title":{"rendered":"Incentivos em Paris"},"content":{"rendered":"<div class=\"wpb-content-wrapper\"><p>[vc_row el_class=&#8221;city-tours-custom&#8221; css=&#8221;.vc_custom_1624697331275{margin-top: 40px !important;margin-bottom: 20px !important;}&#8221;][vc_column][vc_column_text]<\/p>\n<h2>O teu pr\u00f3ximo evento<\/h2>\n<p>[\/vc_column_text]<div class='list_tours'>   <div class=\"concept-listings owl-carousel owl-theme\">\n          <div class=\"style_box\">\n           <div class=\"feature_class st_featured featured\">Featured<\/div>           <div class=\"thumb\">\n               <header class=\"thumb-header st_avatar_fix\">\n                                      <a href=\"https:\/\/rivierabarcrawltours.com\/pt-pt\/tour\/riviera-bar-crawl-paris\/\" class=\"hover-img\">\n                       <img decoding=\"async\" width=\"260\" height=\"190\" src=\"https:\/\/rivierabarcrawltours.com\/wp-content\/uploads\/2020\/12\/paris-bar-crawl-2-260x190.jpg\" class=\"attachment-260x190x1 size-260x190x1 wp-post-image\" alt=\"Riviera Pub Crawl Paris\" \/>                       <h5 class=\"hover-title hover-hold text-center\">\n                           Riviera Pub Crawl Paris                       <\/h5>\n                   <\/a>\n                                  <\/header>\n           <\/div>\n       <\/div>\n   <\/div>\n\n    \n<script type=\"text\/javascript\">\n$(document).ready(function() {\n       $(\".concept-listings\").owlCarousel({\n        margin:20,\n                dots:true,\n        responsiveClass:true,\n        responsive:{\n            0:{\n                items:1,\n                nav:false\n            },\n            600:{\n                items:3,\n                nav:false\n            },\n            1000:{\n                items:4,\n                nav:true\n            }\n        }\n       });\n}); \n\n<\/script>\n\n<style type=\"text\/css\">\n.concept-listings .owl-stage {\n    display: -webkit-box !important;\n    display: -moz-box !important;\n    display: -ms-box !important;\n    display: box !important;\n}\n.concept-listings .owl-dots {\n    margin-top: 10px;\n    text-align: center;\n}\n.concept-listings .owl-dots .owl-dot {\n    display: inline-block;\n    background: 0 0;\n    color: inherit;\n    border: none;\n    padding: 0 !important;\n}\n.concept-listings .owl-dots .owl-dot.active span {\n    background: var(--link-color, #5191FA);\n}\n.concept-listings .owl-dots .owl-dot span {\n    width: 10px;\n    height: 10px;\n    margin: 5px 7px;\n    background: var(--light-grey-color, #EAEEF3);\n    display: block;\n    transition: opacity 0.2s ease;\n    border-radius: 30px;\n}\n.city-tours-custom .feature_class{\n  left: 0 !important;\n}\n.concept-listings .owl-nav {\n    position: absolute;\n    height: 100%;\n    top: 0;\n    width: 100%;\n    z-index: -1;\n}\n.concept-listings .owl-nav button {\n    position: absolute;\n    top: 50%;\n    margin-top: -18px;\n}\n.concept-listings .owl-nav button.owl-next {\n    right: -66px;\n}\n.concept-listings .owl-nav button.owl-prev {\n    left: -66px;\n}\n.concept-listings .owl-nav button.owl-next span {\n    width: 36px;\n    height: 36px;\n    display: block;\n    background: url(https:\/\/rivierabarcrawltours.com\/wp-content\/uploads\/2021\/06\/arrow-right.png) center center no-repeat;\n    background-size: 100% auto;\n    color: transparent;\n}\n.concept-listings .owl-nav button.owl-prev span {\n    width: 36px;\n    height: 36px;\n    display: block;\n    background: url(https:\/\/rivierabarcrawltours.com\/wp-content\/uploads\/2021\/02\/arrow-left.png) center center no-repeat;\n    background-size: 100% auto;\n    color: transparent;\n}\n\n.city-tours-custom .thumb{\n    border: none !important;\n}\n<\/style><\/div>[vc_separator color=&#8221;custom&#8221; css=&#8221;.vc_custom_1667912336027{background-color: #e11e26 !important;}&#8221;][vc_btn title=&#8221;Come\u00e7a a planear o teu evento agora!&#8221; color=&#8221;juicy-pink&#8221; align=&#8221;center&#8221; button_block=&#8221;true&#8221; link=&#8221;url:https%3A%2F%2Fdocs.google.com%2Fforms%2Fd%2F1HuEfKbEAhdsDI5S_LHigp8pVe4yjD14dUH2zNBPfBeA%2Fprefill|title:Contact%20Us|target:_blank|&#8221; css=&#8221;.vc_custom_1679502607333{background-color: #e11e26 !important;background-position: 0 0 !important;background-repeat: no-repeat !important;}&#8221;][\/vc_column][vc_column][\/vc_column][\/vc_row][vc_row][vc_column][vc_row_inner][vc_column_inner][vc_column_text]<\/p>\n<h2>Por que raz\u00e3o deves organizar uma viagem de incentivo em Paris?<\/h2>\n<p><span style=\"font-weight: 400;\">Paris \u00e9 a cidade mais visitada do mundo, com mais de 30 milh\u00f5es de turistas por ano. \u00c9 tamb\u00e9m um dos destinos mais rom\u00e2nticos e uma cidade repleta de hist\u00f3ria, cultura e arte. A cidade alberga numerosos museus, incluindo o Louvre e o Centro Georges Pompidou.  <\/span><\/p>\n<p><span style=\"font-weight: 400;\">Com a sua vasta gama de atrac\u00e7\u00f5es, desde a Torre Eiffel \u00e0 Catedral de Notre-Dame, Paris oferece algo para todos. Podes at\u00e9 desfrutar de um passeio no famoso rio Sena enquanto passas por alguns dos mais belos monumentos da cidade. <\/span><\/p>\n<p><span style=\"font-weight: 400;\">Com a sua vasta gama de atrac\u00e7\u00f5es, desde a Torre Eiffel \u00e0 Catedral de Notre-Dame, Paris oferece algo para todos. Podes at\u00e9 desfrutar de um passeio no famoso rio Sena enquanto passas por alguns dos mais belos monumentos da cidade. <\/span><\/p>\n<p>&nbsp;<\/p>\n<h3>Aqui est\u00e3o mais algumas raz\u00f5es que te levar\u00e3o a organizar o teu pr\u00f3ximo incentivo em Paris.<\/h3>\n<ul>\n<li><span style=\"font-weight: 400;\">A cidade \u00e9 um museu ao ar livre, repleto de uma bela arquitetura e de arte espantosa. As ruas de Paris est\u00e3o repletas de lojas de todos os tipos, desde boutiques de luxo a lojas de recorda\u00e7\u00f5es e caf\u00e9s em abund\u00e2ncia, o que a torna \u00f3ptima para fazer compras. <\/span><\/li>\n<li>Podes desfrutar de deliciosas op\u00e7\u00f5es de comida a qualquer hora do dia, bem como de lugares para te sentares ao ar livre e desfrutares de um jantar ao ar livre com um copo de vinho ou champanhe na m\u00e3o. A cidade \u00e9 conhecida pelos seus restaurantes de classe mundial que servem a mais deliciosa cozinha preparada por chefes de renome mundial. <\/li>\n<li>Em Paris, h\u00e1 muitos eventos a decorrer a toda a hora em v\u00e1rios locais da cidade, desde concertos a festivais, exposi\u00e7\u00f5es, desfiles de moda e muito mais!<\/li>\n<li>Podes desfrutar da vida nocturna da cidade sem gastar muito dinheiro em bebidas ou comida, uma vez que h\u00e1 muitos locais onde podes obt\u00ea-las a um pre\u00e7o razo\u00e1vel sem teres de gastar uma fortuna.<\/li>\n<li><span style=\"font-weight: 400;\">Outra grande raz\u00e3o para organizares um incentivo em Paris \u00e9 o facto de ser muito f\u00e1cil deslocares-te pela cidade. Se quiseres ir de bar em bar, de discoteca em discoteca ou simplesmente passear, ser\u00e1 muito f\u00e1cil para ti se tiveres uma op\u00e7\u00e3o de transporte dispon\u00edvel. O sistema de metro tamb\u00e9m \u00e9 muito f\u00e1cil de usar, o que facilita ainda mais para aqueles que n\u00e3o conhecem muito bem os sistemas de transportes p\u00fablicos.  <\/span><\/li>\n<\/ul>\n<p>&nbsp;<\/p>\n<h3>As nossas actividades de incentivo em Paris incluem :<\/h3>\n<ul>\n<li style=\"font-weight: 400;\" aria-level=\"1\"><strong>Passeios de Bar Crawl<\/strong><\/li>\n<\/ul>\n<p><span style=\"font-weight: 400;\">Vem conhecer a experi\u00eancia de vida nocturna n\u00ba 1 do Bairro Latino de Paris. O Riviera Bar Crawl \u00e9 uma experi\u00eancia \u00fanica que te permite beber em alguns dos bares mais famosos da cidade enquanto desfrutas das vistas e sons de Paris. <\/span><\/p>\n<ul>\n<li style=\"font-weight: 400;\" aria-level=\"1\"><strong>Passeios tem\u00e1ticos de Bar Crawl  <\/strong><\/li>\n<\/ul>\n<p><span style=\"font-weight: 400;\">Podes escolher entre a festa de Halloween bar crawl e o bar crawl do dia de S\u00e3o Patr\u00edcio<\/span><\/p>\n<ul>\n<li style=\"font-weight: 400;\" aria-level=\"1\"><strong>Autocarro de festa <\/strong><\/li>\n<\/ul>\n<p><span style=\"font-weight: 400;\">\u00c9 uma das nossas experi\u00eancias de vida nocturna obrigat\u00f3rias na capital do amor<\/span><\/p>\n<ul>\n<li style=\"font-weight: 400;\" aria-level=\"1\"><strong>Passeios a p\u00e9 privados em Montmartre e no Marais<\/strong><\/li>\n<\/ul>\n<p><span style=\"font-weight: 400;\">Bem-vindo \u00e0 descoberta de Le Marais e de Montmartre, zonas muito em voga em <\/span><span style=\"font-weight: 400;\">Paris<\/span><span style=\"font-weight: 400;\">.<\/span><\/p>\n<p>&nbsp;<\/p>\n<p><span style=\"font-weight: 400;\">O Riviera Bar Crawl &amp; Tours em Paris oferece-te uma forma emocionante de descobrir esta bela cidade. Com um ambiente descontra\u00eddo e muitas actividades divertidas, como os pub crawls, \u00e9 f\u00e1cil perceber porque \u00e9 que as pessoas gostam tanto destas excurs\u00f5es! <\/span><\/p>\n<p><span style=\"font-weight: 400;\">Quer estejas a planear uma viagem de incentivo, um evento empresarial ou simplesmente queiras tirar o m\u00e1ximo partido da tua estadia em Paris, temos uma gama de op\u00e7\u00f5es interessantes para considerares. Podemos adaptar os nossos pacotes \u00e0s tuas necessidades e ao teu or\u00e7amento, por isso, quer procures um autocarro de festa ou apenas algumas bebidas, temos a certeza de que podemos ajudar! <\/span>[\/vc_column_text][\/vc_column_inner][\/vc_row_inner][vc_empty_space height=&#8221;75&#8243;][vc_btn title=&#8221;Come\u00e7a a planear o teu evento agora!&#8221; color=&#8221;juicy-pink&#8221; align=&#8221;center&#8221; button_block=&#8221;true&#8221; link=&#8221;url:https%3A%2F%2Frivierabarcrawltours.com%2Fpt-pt%2Ffale-conosco%2F|title:Contact%20Us|target:_blank|&#8221; css=&#8221;.vc_custom_1667912697255{background-color: #e11e26 !important;background-position: 0 0 !important;background-repeat: no-repeat !important;}&#8221;][\/vc_column][\/vc_row][vc_row][vc_column width=&#8221;1\/2&#8243;]\n<div class=\"wpcf7 no-js\" id=\"wpcf7-f62606-o1\" lang=\"en-US\" dir=\"ltr\" data-wpcf7-id=\"62606\">\n<div class=\"screen-reader-response\"><p role=\"status\" aria-live=\"polite\" aria-atomic=\"true\"><\/p> <ul><\/ul><\/div>\n<form action=\"\/pt-pt\/wp-json\/wp\/v2\/pages\/126458#wpcf7-f62606-o1\" method=\"post\" class=\"wpcf7-form init\" aria-label=\"Formul\u00e1rio de contacto\" novalidate=\"novalidate\" data-status=\"init\">\n<fieldset class=\"hidden-fields-container\"><input type=\"hidden\" name=\"_wpcf7\" value=\"62606\" \/><input type=\"hidden\" name=\"_wpcf7_version\" value=\"6.1.5\" \/><input type=\"hidden\" name=\"_wpcf7_locale\" value=\"en_US\" \/><input type=\"hidden\" name=\"_wpcf7_unit_tag\" value=\"wpcf7-f62606-o1\" \/><input type=\"hidden\" name=\"_wpcf7_container_post\" value=\"0\" \/><input type=\"hidden\" name=\"_wpcf7_posted_data_hash\" value=\"\" \/><input type=\"hidden\" name=\"_wpcf7_recaptcha_response\" value=\"\" \/>\n<\/fieldset>\n<div class=\"st-contact-form\">\n\t<div class=\"contact-header\">\n\t\t<h3>We'd love to hear from you\n\t\t<\/h3>\n\t\t<p>Send us a message and we'll respond as soon as possible\n\t\t<\/p>\n\t<\/div>\n\t<div class=\"contact-form\">\n\t\t<div class=\"form-group\">\n\t\t\t<p><span class=\"wpcf7-form-control-wrap\" data-name=\"your-name\"><input size=\"40\" maxlength=\"400\" class=\"wpcf7-form-control wpcf7-text wpcf7-validates-as-required form-control\" aria-required=\"true\" aria-invalid=\"false\" placeholder=\"Name\" value=\"\" type=\"text\" name=\"your-name\" \/><\/span>\n\t\t\t<\/p>\n\t\t<\/div>\n\t\t<div class=\"form-group\">\n\t\t\t<p><span class=\"wpcf7-form-control-wrap\" data-name=\"your-email\"><input size=\"40\" maxlength=\"400\" class=\"wpcf7-form-control wpcf7-email wpcf7-validates-as-required wpcf7-text wpcf7-validates-as-email form-control\" aria-required=\"true\" aria-invalid=\"false\" placeholder=\"Email\" value=\"\" type=\"email\" name=\"your-email\" \/><\/span>\n\t\t\t<\/p>\n\t\t<\/div>\n\t\t<div class=\"form-group\">\n\t\t\t<p><span class=\"wpcf7-form-control-wrap\" data-name=\"your-message\"><textarea cols=\"40\" rows=\"10\" maxlength=\"2000\" class=\"wpcf7-form-control wpcf7-textarea form-control\" aria-invalid=\"false\" placeholder=\"Message\" name=\"your-message\"><\/textarea><\/span>\n\t\t\t<\/p>\n\t\t<\/div>\n\t<span class=\"wpcf7-form-control-wrap recaptcha\" data-name=\"recaptcha\"><span data-sitekey=\"6LdJz1AaAAAAACdpzuGXVjdcRmpNNTMel9zmPCUG\" class=\"wpcf7-form-control wpcf7-recaptcha g-recaptcha\"><\/span>\r\n<noscript>\r\n\t<div class=\"grecaptcha-noscript\">\r\n\t\t<iframe loading=\"lazy\" src=\"https:\/\/www.google.com\/recaptcha\/api\/fallback?k=6LdJz1AaAAAAACdpzuGXVjdcRmpNNTMel9zmPCUG\" frameborder=\"0\" scrolling=\"no\" width=\"310\" height=\"430\">\r\n\t\t<\/iframe>\r\n\t\t<textarea name=\"g-recaptcha-response\" rows=\"3\" cols=\"40\" placeholder=\"reCaptcha Response Here\">\r\n\t\t<\/textarea>\r\n\t<\/div>\r\n<\/noscript>\r\n<\/span>\n\t\t<p><input class=\"wpcf7-form-control wpcf7-submit has-spinner btn btn-primary\" type=\"submit\" value=\"SEND MESSAGE\" \/>\n\t\t<\/p>\n\t<\/div>\n<\/div><p style=\"display: none !important;\" class=\"akismet-fields-container\" data-prefix=\"_wpcf7_ak_\"><label>&#916;<textarea name=\"_wpcf7_ak_hp_textarea\" cols=\"45\" rows=\"8\" maxlength=\"100\"><\/textarea><\/label><input type=\"hidden\" id=\"ak_js_1\" name=\"_wpcf7_ak_js\" value=\"125\"\/><script>document.getElementById( \"ak_js_1\" ).setAttribute( \"value\", ( new Date() ).getTime() );<\/script><\/p><div class=\"wpcf7-response-output\" aria-hidden=\"true\"><\/div>\n<\/form>\n<\/div>\n[vc_empty_space height=&#8221;25px&#8221;][\/vc_column][vc_column width=&#8221;1\/2&#8243;][\/vc_column][\/vc_row]<\/p>\n<\/div>","protected":false},"excerpt":{"rendered":"<p>[vc_row el_class=&#8221;city-tours-custom&#8221; css=&#8221;.vc_custom_1624697331275{margin-top: 40px !important;margin-bottom: 20px !important;}&#8221;][vc_column][vc_column_text] O teu pr\u00f3ximo evento [\/vc_column_text][vc_separator color=&#8221;custom&#8221; css=&#8221;.vc_custom_1667912336027{background-color: #e11e26 !important;}&#8221;][vc_btn title=&#8221;Come\u00e7a a planear o teu evento agora!&#8221; color=&#8221;juicy-pink&#8221; align=&#8221;center&#8221; button_block=&#8221;true&#8221; link=&#8221;url:https%3A%2F%2Fdocs.google.com%2Fforms%2Fd%2F1HuEfKbEAhdsDI5S_LHigp8pVe4yjD14dUH2zNBPfBeA%2Fprefill|title:Contact%20Us|target:_blank|&#8221; css=&#8221;.vc_custom_1679502607333{background-color: #e11e26 !important;background-position: 0 0 !important;background-repeat: no-repeat !important;}&#8221;][\/vc_column][vc_column][\/vc_column][\/vc_row][vc_row][vc_column][vc_row_inner][vc_column_inner][vc_column_text] Por que raz\u00e3o deves organizar uma viagem de incentivo em Paris? Paris \u00e9 a cidade mais visitada do mundo, com [&hellip;]<\/p>\n","protected":false},"author":2,"featured_media":104338,"parent":0,"menu_order":0,"comment_status":"closed","ping_status":"closed","template":"template-home-modern.php","meta":{"_acf_changed":false,"footnotes":""},"class_list":["post-126458","page","type-page","status-publish","has-post-thumbnail","hentry"],"acf":[],"yoast_head":"<!-- This site is optimized with the Yoast SEO plugin v27.3 - https:\/\/yoast.com\/product\/yoast-seo-wordpress\/ -->\n<title>Incentivos em Paris, Fran\u00e7a | Riviera Bar Crawl Tours<\/title>\n<meta name=\"description\" content=\"Organiza as tuas actividades de incentivo em Paris! Contacta-nos e juntos criaremos uma experi\u00eancia inesquec\u00edvel para recompensar os teus colaboradores pelos seus esfor\u00e7os.\" \/>\n<meta name=\"robots\" content=\"index, follow, max-snippet:-1, max-image-preview:large, max-video-preview:-1\" \/>\n<link rel=\"canonical\" href=\"https:\/\/rivierabarcrawltours.com\/pt-pt\/incentivos-em-paris\/\" \/>\n<meta property=\"og:locale\" content=\"pt_PT\" \/>\n<meta property=\"og:type\" content=\"article\" \/>\n<meta property=\"og:title\" content=\"Incentivos em Paris, Fran\u00e7a | Riviera Bar Crawl Tours\" \/>\n<meta property=\"og:description\" content=\"Organiza as tuas actividades de incentivo em Paris! Contacta-nos e juntos criaremos uma experi\u00eancia inesquec\u00edvel para recompensar os teus colaboradores pelos seus esfor\u00e7os.\" \/>\n<meta property=\"og:url\" content=\"https:\/\/rivierabarcrawltours.com\/pt-pt\/incentivos-em-paris\/\" \/>\n<meta property=\"og:site_name\" content=\"Riviera Bar Crawl Tours\" \/>\n<meta property=\"article:publisher\" content=\"https:\/\/www.facebook.com\/RivieraBarCrawltours\/\" \/>\n<meta property=\"article:modified_time\" content=\"2026-02-16T15:54:25+00:00\" \/>\n<meta property=\"og:image\" content=\"https:\/\/rivierabarcrawltours.com\/wp-content\/uploads\/2023\/01\/incentive-activities-in-Paris.jpg\" \/>\n\t<meta property=\"og:image:width\" content=\"1920\" \/>\n\t<meta property=\"og:image:height\" content=\"1080\" \/>\n\t<meta property=\"og:image:type\" content=\"image\/jpeg\" \/>\n<meta name=\"twitter:card\" content=\"summary_large_image\" \/>\n<meta name=\"twitter:site\" content=\"@rivierabarcrawl\" \/>\n<meta name=\"twitter:label1\" content=\"Tempo estimado de leitura\" \/>\n\t<meta name=\"twitter:data1\" content=\"4 minutes\" \/>\n<!-- \/ Yoast SEO plugin. -->","yoast_head_json":{"title":"Incentivos em Paris, Fran\u00e7a | Riviera Bar Crawl Tours","description":"Organiza as tuas actividades de incentivo em Paris! Contacta-nos e juntos criaremos uma experi\u00eancia inesquec\u00edvel para recompensar os teus colaboradores pelos seus esfor\u00e7os.","robots":{"index":"index","follow":"follow","max-snippet":"max-snippet:-1","max-image-preview":"max-image-preview:large","max-video-preview":"max-video-preview:-1"},"canonical":"https:\/\/rivierabarcrawltours.com\/pt-pt\/incentivos-em-paris\/","og_locale":"pt_PT","og_type":"article","og_title":"Incentivos em Paris, Fran\u00e7a | Riviera Bar Crawl Tours","og_description":"Organiza as tuas actividades de incentivo em Paris! Contacta-nos e juntos criaremos uma experi\u00eancia inesquec\u00edvel para recompensar os teus colaboradores pelos seus esfor\u00e7os.","og_url":"https:\/\/rivierabarcrawltours.com\/pt-pt\/incentivos-em-paris\/","og_site_name":"Riviera Bar Crawl Tours","article_publisher":"https:\/\/www.facebook.com\/RivieraBarCrawltours\/","article_modified_time":"2026-02-16T15:54:25+00:00","og_image":[{"width":1920,"height":1080,"url":"https:\/\/rivierabarcrawltours.com\/wp-content\/uploads\/2023\/01\/incentive-activities-in-Paris.jpg","type":"image\/jpeg"}],"twitter_card":"summary_large_image","twitter_site":"@rivierabarcrawl","twitter_misc":{"Tempo estimado de leitura":"4 minutes"},"schema":{"@context":"https:\/\/schema.org","@graph":[{"@type":"WebPage","@id":"https:\/\/rivierabarcrawltours.com\/pt-pt\/incentivos-em-paris\/","url":"https:\/\/rivierabarcrawltours.com\/pt-pt\/incentivos-em-paris\/","name":"Incentivos em Paris, Fran\u00e7a | Riviera Bar Crawl Tours","isPartOf":{"@id":"https:\/\/rivierabarcrawltours.com\/#website"},"primaryImageOfPage":{"@id":"https:\/\/rivierabarcrawltours.com\/pt-pt\/incentivos-em-paris\/#primaryimage"},"image":{"@id":"https:\/\/rivierabarcrawltours.com\/pt-pt\/incentivos-em-paris\/#primaryimage"},"thumbnailUrl":"https:\/\/rivierabarcrawltours.com\/wp-content\/uploads\/2023\/01\/incentive-activities-in-Paris.jpg","datePublished":"2026-02-16T15:54:23+00:00","dateModified":"2026-02-16T15:54:25+00:00","description":"Organiza as tuas actividades de incentivo em Paris! Contacta-nos e juntos criaremos uma experi\u00eancia inesquec\u00edvel para recompensar os teus colaboradores pelos seus esfor\u00e7os.","breadcrumb":{"@id":"https:\/\/rivierabarcrawltours.com\/pt-pt\/incentivos-em-paris\/#breadcrumb"},"inLanguage":"pt-PT","potentialAction":[{"@type":"ReadAction","target":["https:\/\/rivierabarcrawltours.com\/pt-pt\/incentivos-em-paris\/"]}]},{"@type":"ImageObject","inLanguage":"pt-PT","@id":"https:\/\/rivierabarcrawltours.com\/pt-pt\/incentivos-em-paris\/#primaryimage","url":"https:\/\/rivierabarcrawltours.com\/wp-content\/uploads\/2023\/01\/incentive-activities-in-Paris.jpg","contentUrl":"https:\/\/rivierabarcrawltours.com\/wp-content\/uploads\/2023\/01\/incentive-activities-in-Paris.jpg","width":1920,"height":1080,"caption":"Sente dor. Jovem mulher, sem alegria, toca no pesco\u00e7o enquanto sente dores"},{"@type":"BreadcrumbList","@id":"https:\/\/rivierabarcrawltours.com\/pt-pt\/incentivos-em-paris\/#breadcrumb","itemListElement":[{"@type":"ListItem","position":1,"name":"Home","item":"https:\/\/rivierabarcrawltours.com\/pt-pt\/"},{"@type":"ListItem","position":2,"name":"Incentivos em Paris"}]},{"@type":"WebSite","@id":"https:\/\/rivierabarcrawltours.com\/#website","url":"https:\/\/rivierabarcrawltours.com\/","name":"Riviera Bar Crawl Tours","description":"Fun Day &amp; Night Experiences I Tour operator I Guided Tours I Bar Crawls I Food Tours I","publisher":{"@id":"https:\/\/rivierabarcrawltours.com\/#organization"},"potentialAction":[{"@type":"SearchAction","target":{"@type":"EntryPoint","urlTemplate":"https:\/\/rivierabarcrawltours.com\/?s={search_term_string}"},"query-input":{"@type":"PropertyValueSpecification","valueRequired":true,"valueName":"search_term_string"}}],"inLanguage":"pt-PT"},{"@type":"Organization","@id":"https:\/\/rivierabarcrawltours.com\/#organization","name":"Riviera Bar Crawl Tours","url":"https:\/\/rivierabarcrawltours.com\/","logo":{"@type":"ImageObject","inLanguage":"pt-PT","@id":"https:\/\/rivierabarcrawltours.com\/#\/schema\/logo\/image\/","url":"https:\/\/rivierabarcrawltours.com\/wp-content\/uploads\/2019\/07\/logo.png","contentUrl":"https:\/\/rivierabarcrawltours.com\/wp-content\/uploads\/2019\/07\/logo.png","width":479,"height":453,"caption":"Riviera Bar Crawl Tours"},"image":{"@id":"https:\/\/rivierabarcrawltours.com\/#\/schema\/logo\/image\/"},"sameAs":["https:\/\/www.facebook.com\/RivieraBarCrawltours\/","https:\/\/x.com\/rivierabarcrawl"]}]}},"_links":{"self":[{"href":"https:\/\/rivierabarcrawltours.com\/pt-pt\/wp-json\/wp\/v2\/pages\/126458","targetHints":{"allow":["GET"]}}],"collection":[{"href":"https:\/\/rivierabarcrawltours.com\/pt-pt\/wp-json\/wp\/v2\/pages"}],"about":[{"href":"https:\/\/rivierabarcrawltours.com\/pt-pt\/wp-json\/wp\/v2\/types\/page"}],"author":[{"embeddable":true,"href":"https:\/\/rivierabarcrawltours.com\/pt-pt\/wp-json\/wp\/v2\/users\/2"}],"replies":[{"embeddable":true,"href":"https:\/\/rivierabarcrawltours.com\/pt-pt\/wp-json\/wp\/v2\/comments?post=126458"}],"version-history":[{"count":4,"href":"https:\/\/rivierabarcrawltours.com\/pt-pt\/wp-json\/wp\/v2\/pages\/126458\/revisions"}],"predecessor-version":[{"id":126463,"href":"https:\/\/rivierabarcrawltours.com\/pt-pt\/wp-json\/wp\/v2\/pages\/126458\/revisions\/126463"}],"wp:featuredmedia":[{"embeddable":true,"href":"https:\/\/rivierabarcrawltours.com\/pt-pt\/wp-json\/wp\/v2\/media\/104338"}],"wp:attachment":[{"href":"https:\/\/rivierabarcrawltours.com\/pt-pt\/wp-json\/wp\/v2\/media?parent=126458"}],"curies":[{"name":"wp","href":"https:\/\/api.w.org\/{rel}","templated":true}]}}