{"id":126444,"date":"2026-02-16T16:52:33","date_gmt":"2026-02-16T15:52:33","guid":{"rendered":"https:\/\/rivierabarcrawltours.com\/incentivos-em-cannes\/"},"modified":"2026-02-16T16:52:33","modified_gmt":"2026-02-16T15:52:33","slug":"incentivos-em-cannes","status":"publish","type":"page","link":"https:\/\/rivierabarcrawltours.com\/pt-pt\/incentivos-em-cannes\/","title":{"rendered":"Incentivos em Cannes"},"content":{"rendered":"<div class=\"wpb-content-wrapper\"><p>[vc_row el_class=&#8221;city-tours-custom&#8221; css=&#8221;.vc_custom_1624697331275{margin-top: 40px !important;margin-bottom: 20px !important;}&#8221;][vc_column][vc_column_text]<\/p>\n<h2>O teu pr\u00f3ximo evento<\/h2>\n<p>[\/vc_column_text]<div class='list_tours'>   <div class=\"concept-listings owl-carousel owl-theme\">\n          <div class=\"style_box\">\n           <div class=\"feature_class st_featured featured\">Featured<\/div>           <div class=\"thumb\">\n               <header class=\"thumb-header st_avatar_fix\">\n                                      <a href=\"https:\/\/rivierabarcrawltours.com\/pt-pt\/tour\/riviera-bar-crawl-cannes\/\" class=\"hover-img\">\n                       <img decoding=\"async\" width=\"260\" height=\"190\" src=\"https:\/\/rivierabarcrawltours.com\/wp-content\/uploads\/2021\/01\/cannes-pub-crawl-260x190.jpg\" class=\"attachment-260x190x1 size-260x190x1 wp-post-image\" alt=\"cannes pub crawl\" \/>                       <h5 class=\"hover-title hover-hold text-center\">\n                           Passeio de bar privado na Riviera Cannes                       <\/h5>\n                   <\/a>\n                                  <\/header>\n           <\/div>\n       <\/div>\n   <\/div>\n\n    \n<script type=\"text\/javascript\">\n$(document).ready(function() {\n       $(\".concept-listings\").owlCarousel({\n        margin:20,\n                dots:true,\n        responsiveClass:true,\n        responsive:{\n            0:{\n                items:1,\n                nav:false\n            },\n            600:{\n                items:3,\n                nav:false\n            },\n            1000:{\n                items:4,\n                nav:true\n            }\n        }\n       });\n}); \n\n<\/script>\n\n<style type=\"text\/css\">\n.concept-listings .owl-stage {\n    display: -webkit-box !important;\n    display: -moz-box !important;\n    display: -ms-box !important;\n    display: box !important;\n}\n.concept-listings .owl-dots {\n    margin-top: 10px;\n    text-align: center;\n}\n.concept-listings .owl-dots .owl-dot {\n    display: inline-block;\n    background: 0 0;\n    color: inherit;\n    border: none;\n    padding: 0 !important;\n}\n.concept-listings .owl-dots .owl-dot.active span {\n    background: var(--link-color, #5191FA);\n}\n.concept-listings .owl-dots .owl-dot span {\n    width: 10px;\n    height: 10px;\n    margin: 5px 7px;\n    background: var(--light-grey-color, #EAEEF3);\n    display: block;\n    transition: opacity 0.2s ease;\n    border-radius: 30px;\n}\n.city-tours-custom .feature_class{\n  left: 0 !important;\n}\n.concept-listings .owl-nav {\n    position: absolute;\n    height: 100%;\n    top: 0;\n    width: 100%;\n    z-index: -1;\n}\n.concept-listings .owl-nav button {\n    position: absolute;\n    top: 50%;\n    margin-top: -18px;\n}\n.concept-listings .owl-nav button.owl-next {\n    right: -66px;\n}\n.concept-listings .owl-nav button.owl-prev {\n    left: -66px;\n}\n.concept-listings .owl-nav button.owl-next span {\n    width: 36px;\n    height: 36px;\n    display: block;\n    background: url(https:\/\/rivierabarcrawltours.com\/wp-content\/uploads\/2021\/06\/arrow-right.png) center center no-repeat;\n    background-size: 100% auto;\n    color: transparent;\n}\n.concept-listings .owl-nav button.owl-prev span {\n    width: 36px;\n    height: 36px;\n    display: block;\n    background: url(https:\/\/rivierabarcrawltours.com\/wp-content\/uploads\/2021\/02\/arrow-left.png) center center no-repeat;\n    background-size: 100% auto;\n    color: transparent;\n}\n\n.city-tours-custom .thumb{\n    border: none !important;\n}\n<\/style><\/div>[vc_separator color=&#8221;custom&#8221; css=&#8221;.vc_custom_1667912336027{background-color: #e11e26 !important;}&#8221;][vc_btn title=&#8221;Come\u00e7a a planear o teu evento agora!&#8221; color=&#8221;juicy-pink&#8221; align=&#8221;center&#8221; button_block=&#8221;true&#8221; link=&#8221;url:https%3A%2F%2Fdocs.google.com%2Fforms%2Fd%2F1HuEfKbEAhdsDI5S_LHigp8pVe4yjD14dUH2zNBPfBeA%2Fprefill|title:Fale%20conosco%21|target:_blank|&#8221; css=&#8221;.vc_custom_1679502460092{background-color: #e11e26 !important;background-position: 0 0 !important;background-repeat: no-repeat !important;}&#8221;][\/vc_column][vc_column][\/vc_column][\/vc_row][vc_row][vc_column][vc_row_inner][vc_column_inner][vc_column_text]<\/p>\n<h2>Por que raz\u00e3o deves organizar uma viagem de incentivo em Cannes?<\/h2>\n<p><span style=\"font-weight: 400;\">Cannes \u00e9 considerada um para\u00edso para a cultura, a gastronomia e o entretenimento. \u00c9 uma cidade \u00fanica, situada no sul de Fran\u00e7a e perto da famosa pen\u00ednsula italiana. Todos os anos, centenas de milhares de turistas visitam Cannes para assistir \u00e0 Mipcom, uma feira de televis\u00e3o.    <\/span><\/p>\n<p><span style=\"font-weight: 400;\">Cannes \u00e9 um dos principais pontos de encontro da Fran\u00e7a e uma cidade conhecida pelas suas excelentes condi\u00e7\u00f5es sanit\u00e1rias e pela sua atmosfera saud\u00e1vel, enquanto se situa no meio de um territ\u00f3rio que n\u00e3o s\u00f3 \u00e9 abundante em sol, como tamb\u00e9m est\u00e1 impregnado de petr\u00f3leo, o &#8220;ouro negro&#8221; dos nossos dias.<\/span><\/p>\n<p><span style=\"font-weight: 400;\">As viagens de incentivo s\u00e3o uma forma fant\u00e1stica de motivar a tua equipa de vendas e de agradecer aos teus empregados pelo seu trabalho \u00e1rduo. Ao organizar uma viagem de incentivo para a tua empresa, deves fazer com que seja um evento \u00fanico que os membros da tua equipa recordem.   <\/span><\/p>\n<p><span style=\"font-weight: 400;\">Cannes \u00e9 o destino ideal para que todos os membros da tua equipa tenham boas recorda\u00e7\u00f5es de Fran\u00e7a. Poder\u00e3o descobrir a Riviera Francesa em toda a sua beleza enquanto colhem o que semearam.   <\/span><\/p>\n<p><span style=\"font-weight: 400;\">Se decidires organizar uma viagem de incentivo em Cannes com actividades divertidas, a Riviera Bar Crawl Tours pode ajudar-te.<\/span><\/p>\n<p>&nbsp;<\/p>\n<h3>Aqui est\u00e3o algumas raz\u00f5es que te levar\u00e3o a organizar o teu pr\u00f3ximo incentivo em Cannes.<\/h3>\n<p><span style=\"font-weight: 400;\">Quando se trata de viagens de incentivo, h\u00e1 uma s\u00e9rie de factores que podem influenciar a escolha do destino.  <\/span><\/p>\n<ol>\n<li style=\"font-weight: 400;\" aria-level=\"1\"><span style=\"font-weight: 400;\">Cannes tem sido um destino popular para viagens de incentivo durante muitos anos, e por boas raz\u00f5es. A cidade est\u00e1 situada na Cote d&#8217;Azur, o que a torna um local ideal tanto para neg\u00f3cios como para lazer. A cidade \u00e9 um centro de neg\u00f3cios e de turismo.  <\/span><\/li>\n<li><span style=\"font-weight: 400;\">  \u00c9 um \u00f3timo local para actividades de forma\u00e7\u00e3o de equipas, como voleibol de praia, passeios de catamar\u00e3 e algumas actividades aqu\u00e1ticas.<\/span><\/li>\n<li><span style=\"font-weight: 400;\">  A cidade \u00e9 conhecida como um para\u00edso gastron\u00f3mico, com restaurantes que servem algumas das melhores cozinhas de Fran\u00e7a (e n\u00e3o s\u00f3). H\u00e1 tamb\u00e9m muitos restaurantes com estrelas Michelin, bem como alguns restaurantes excelentes que servem pratos mais informais, como pizzas e hamb\u00fargueres! <\/span><\/li>\n<\/ol>\n<p>&nbsp;<\/p>\n<h3>As nossas actividades de incentivo em Cannes incluem :<\/h3>\n<p><span style=\"font-weight: 400;\">Passeios de Bar Crawl em Cannes<\/span><\/p>\n<p><span style=\"font-weight: 400;\">Passeios de barco \u00e0s ilhas Lerins<\/span><\/p>\n<p><span style=\"font-weight: 400;\">Passeios de barco no Maci\u00e7o de Esterel<\/span><\/p>\n<p><span style=\"font-weight: 400;\">Actividades de Team Building como Ca\u00e7a ao Tesouro<\/span><\/p>\n<p><span style=\"font-weight: 400;\">Festas de barco ao p\u00f4r do sol com partida de Nice<\/span><\/p>\n<p><span style=\"font-weight: 400;\">Festa privada num iate<\/span><\/p>\n<p><span style=\"font-weight: 400;\">Passeio de Limusina Privado<\/span><\/p>\n<p>&nbsp;<\/p>\n<p><span style=\"font-weight: 400;\">Na Riviera Bar Crawl Tours oferecemos uma vasta gama de servi\u00e7os, desde viagens corporativas e pacotes de incentivo a actividades de team building, catering e planeamento de eventos. Teremos todo o prazer em ajudar-te a planear e organizar o teu pr\u00f3ximo evento. <\/span><\/p>\n<p><span style=\"font-weight: 400;\">Contacta-nos e n\u00f3s organizamos a tua viagem de incentivo de A a Z:<\/span><\/p>\n<p><span style=\"font-weight: 400;\">&#8211; Reservas de hot\u00e9is<\/span><\/p>\n<p><span style=\"font-weight: 400;\">&#8211; Restaura\u00e7\u00e3o<\/span><\/p>\n<p><span style=\"font-weight: 400;\">&#8211; Excurs\u00f5es<\/span><\/p>\n<p><span style=\"font-weight: 400;\">&#8211; Actividades (visitas \u00e0 cidade, passeios de barco, etc.)<\/span><\/p>\n<p><span style=\"font-weight: 400;\">&#8211; Entretenimento (bar crawls)<\/span>[\/vc_column_text][\/vc_column_inner][\/vc_row_inner][vc_empty_space height=&#8221;75&#8243;][vc_btn title=&#8221;Come\u00e7a a planear o teu evento agora!&#8221; color=&#8221;juicy-pink&#8221; align=&#8221;center&#8221; button_block=&#8221;true&#8221; link=&#8221;url:https%3A%2F%2Frivierabarcrawltours.com%2Fpt-pt%2Ffale-conosco%2F|title:Fale%20conosco%21|target:_blank|&#8221; css=&#8221;.vc_custom_1667912697255{background-color: #e11e26 !important;background-position: 0 0 !important;background-repeat: no-repeat !important;}&#8221;][\/vc_column][\/vc_row][vc_row][vc_column width=&#8221;1\/2&#8243;]\n<div class=\"wpcf7 no-js\" id=\"wpcf7-f62606-o1\" lang=\"en-US\" dir=\"ltr\" data-wpcf7-id=\"62606\">\n<div class=\"screen-reader-response\"><p role=\"status\" aria-live=\"polite\" aria-atomic=\"true\"><\/p> <ul><\/ul><\/div>\n<form action=\"\/pt-pt\/wp-json\/wp\/v2\/pages\/126444#wpcf7-f62606-o1\" method=\"post\" class=\"wpcf7-form init\" aria-label=\"Formul\u00e1rio de contacto\" novalidate=\"novalidate\" data-status=\"init\">\n<fieldset class=\"hidden-fields-container\"><input type=\"hidden\" name=\"_wpcf7\" value=\"62606\" \/><input type=\"hidden\" name=\"_wpcf7_version\" value=\"6.1.5\" \/><input type=\"hidden\" name=\"_wpcf7_locale\" value=\"en_US\" \/><input type=\"hidden\" name=\"_wpcf7_unit_tag\" value=\"wpcf7-f62606-o1\" \/><input type=\"hidden\" name=\"_wpcf7_container_post\" value=\"0\" \/><input type=\"hidden\" name=\"_wpcf7_posted_data_hash\" value=\"\" \/><input type=\"hidden\" name=\"_wpcf7_recaptcha_response\" value=\"\" \/>\n<\/fieldset>\n<div class=\"st-contact-form\">\n\t<div class=\"contact-header\">\n\t\t<h3>We'd love to hear from you\n\t\t<\/h3>\n\t\t<p>Send us a message and we'll respond as soon as possible\n\t\t<\/p>\n\t<\/div>\n\t<div class=\"contact-form\">\n\t\t<div class=\"form-group\">\n\t\t\t<p><span class=\"wpcf7-form-control-wrap\" data-name=\"your-name\"><input size=\"40\" maxlength=\"400\" class=\"wpcf7-form-control wpcf7-text wpcf7-validates-as-required form-control\" aria-required=\"true\" aria-invalid=\"false\" placeholder=\"Name\" value=\"\" type=\"text\" name=\"your-name\" \/><\/span>\n\t\t\t<\/p>\n\t\t<\/div>\n\t\t<div class=\"form-group\">\n\t\t\t<p><span class=\"wpcf7-form-control-wrap\" data-name=\"your-email\"><input size=\"40\" maxlength=\"400\" class=\"wpcf7-form-control wpcf7-email wpcf7-validates-as-required wpcf7-text wpcf7-validates-as-email form-control\" aria-required=\"true\" aria-invalid=\"false\" placeholder=\"Email\" value=\"\" type=\"email\" name=\"your-email\" \/><\/span>\n\t\t\t<\/p>\n\t\t<\/div>\n\t\t<div class=\"form-group\">\n\t\t\t<p><span class=\"wpcf7-form-control-wrap\" data-name=\"your-message\"><textarea cols=\"40\" rows=\"10\" maxlength=\"2000\" class=\"wpcf7-form-control wpcf7-textarea form-control\" aria-invalid=\"false\" placeholder=\"Message\" name=\"your-message\"><\/textarea><\/span>\n\t\t\t<\/p>\n\t\t<\/div>\n\t<span class=\"wpcf7-form-control-wrap recaptcha\" data-name=\"recaptcha\"><span data-sitekey=\"6LdJz1AaAAAAACdpzuGXVjdcRmpNNTMel9zmPCUG\" class=\"wpcf7-form-control wpcf7-recaptcha g-recaptcha\"><\/span>\r\n<noscript>\r\n\t<div class=\"grecaptcha-noscript\">\r\n\t\t<iframe loading=\"lazy\" src=\"https:\/\/www.google.com\/recaptcha\/api\/fallback?k=6LdJz1AaAAAAACdpzuGXVjdcRmpNNTMel9zmPCUG\" frameborder=\"0\" scrolling=\"no\" width=\"310\" height=\"430\">\r\n\t\t<\/iframe>\r\n\t\t<textarea name=\"g-recaptcha-response\" rows=\"3\" cols=\"40\" placeholder=\"reCaptcha Response Here\">\r\n\t\t<\/textarea>\r\n\t<\/div>\r\n<\/noscript>\r\n<\/span>\n\t\t<p><input class=\"wpcf7-form-control wpcf7-submit has-spinner btn btn-primary\" type=\"submit\" value=\"SEND MESSAGE\" \/>\n\t\t<\/p>\n\t<\/div>\n<\/div><p style=\"display: none !important;\" class=\"akismet-fields-container\" data-prefix=\"_wpcf7_ak_\"><label>&#916;<textarea name=\"_wpcf7_ak_hp_textarea\" cols=\"45\" rows=\"8\" maxlength=\"100\"><\/textarea><\/label><input type=\"hidden\" id=\"ak_js_1\" name=\"_wpcf7_ak_js\" value=\"122\"\/><script>document.getElementById( \"ak_js_1\" ).setAttribute( \"value\", ( new Date() ).getTime() );<\/script><\/p><div class=\"wpcf7-response-output\" aria-hidden=\"true\"><\/div>\n<\/form>\n<\/div>\n[vc_empty_space height=&#8221;25px&#8221;][\/vc_column][vc_column width=&#8221;1\/2&#8243;][\/vc_column][\/vc_row]<\/p>\n<\/div>","protected":false},"excerpt":{"rendered":"<p>[vc_row el_class=&#8221;city-tours-custom&#8221; css=&#8221;.vc_custom_1624697331275{margin-top: 40px !important;margin-bottom: 20px !important;}&#8221;][vc_column][vc_column_text] O teu pr\u00f3ximo evento [\/vc_column_text][vc_separator color=&#8221;custom&#8221; css=&#8221;.vc_custom_1667912336027{background-color: #e11e26 !important;}&#8221;][vc_btn title=&#8221;Come\u00e7a a planear o teu evento agora!&#8221; color=&#8221;juicy-pink&#8221; align=&#8221;center&#8221; button_block=&#8221;true&#8221; link=&#8221;url:https%3A%2F%2Fdocs.google.com%2Fforms%2Fd%2F1HuEfKbEAhdsDI5S_LHigp8pVe4yjD14dUH2zNBPfBeA%2Fprefill|title:Fale%20conosco%21|target:_blank|&#8221; css=&#8221;.vc_custom_1679502460092{background-color: #e11e26 !important;background-position: 0 0 !important;background-repeat: no-repeat !important;}&#8221;][\/vc_column][vc_column][\/vc_column][\/vc_row][vc_row][vc_column][vc_row_inner][vc_column_inner][vc_column_text] Por que raz\u00e3o deves organizar uma viagem de incentivo em Cannes? Cannes \u00e9 considerada um para\u00edso para a cultura, a [&hellip;]<\/p>\n","protected":false},"author":2,"featured_media":104202,"parent":0,"menu_order":0,"comment_status":"closed","ping_status":"closed","template":"template-home-modern.php","meta":{"_acf_changed":false,"footnotes":""},"class_list":["post-126444","page","type-page","status-publish","has-post-thumbnail","hentry"],"acf":[],"yoast_head":"<!-- This site is optimized with the Yoast SEO plugin v27.3 - https:\/\/yoast.com\/product\/yoast-seo-wordpress\/ -->\n<title>Incentivos em Cannes, Fran\u00e7a | Riviera Bar Crawl Tours<\/title>\n<meta name=\"description\" content=\"Organiza as tuas actividades de incentivo em Cannes! Contacta-nos e juntos criaremos uma experi\u00eancia inesquec\u00edvel para recompensar os teus empregados pelos seus esfor\u00e7os.\" \/>\n<meta name=\"robots\" content=\"index, follow, max-snippet:-1, max-image-preview:large, max-video-preview:-1\" \/>\n<link rel=\"canonical\" href=\"https:\/\/rivierabarcrawltours.com\/pt-pt\/incentivos-em-cannes\/\" \/>\n<meta property=\"og:locale\" content=\"pt_PT\" \/>\n<meta property=\"og:type\" content=\"article\" \/>\n<meta property=\"og:title\" content=\"Incentivos em Cannes, Fran\u00e7a | Riviera Bar Crawl Tours\" \/>\n<meta property=\"og:description\" content=\"Organiza as tuas actividades de incentivo em Cannes! Contacta-nos e juntos criaremos uma experi\u00eancia inesquec\u00edvel para recompensar os teus empregados pelos seus esfor\u00e7os.\" \/>\n<meta property=\"og:url\" content=\"https:\/\/rivierabarcrawltours.com\/pt-pt\/incentivos-em-cannes\/\" \/>\n<meta property=\"og:site_name\" content=\"Riviera Bar Crawl Tours\" \/>\n<meta property=\"article:publisher\" content=\"https:\/\/www.facebook.com\/RivieraBarCrawltours\/\" \/>\n<meta property=\"og:image\" content=\"https:\/\/rivierabarcrawltours.com\/wp-content\/uploads\/2023\/01\/Incentive-in-Cannes-1024x1024.jpg\" \/>\n\t<meta property=\"og:image:width\" content=\"1024\" \/>\n\t<meta property=\"og:image:height\" content=\"1024\" \/>\n\t<meta property=\"og:image:type\" content=\"image\/jpeg\" \/>\n<meta name=\"twitter:card\" content=\"summary_large_image\" \/>\n<meta name=\"twitter:site\" content=\"@rivierabarcrawl\" \/>\n<meta name=\"twitter:label1\" content=\"Tempo estimado de leitura\" \/>\n\t<meta name=\"twitter:data1\" content=\"4 minutes\" \/>\n<!-- \/ Yoast SEO plugin. -->","yoast_head_json":{"title":"Incentivos em Cannes, Fran\u00e7a | Riviera Bar Crawl Tours","description":"Organiza as tuas actividades de incentivo em Cannes! Contacta-nos e juntos criaremos uma experi\u00eancia inesquec\u00edvel para recompensar os teus empregados pelos seus esfor\u00e7os.","robots":{"index":"index","follow":"follow","max-snippet":"max-snippet:-1","max-image-preview":"max-image-preview:large","max-video-preview":"max-video-preview:-1"},"canonical":"https:\/\/rivierabarcrawltours.com\/pt-pt\/incentivos-em-cannes\/","og_locale":"pt_PT","og_type":"article","og_title":"Incentivos em Cannes, Fran\u00e7a | Riviera Bar Crawl Tours","og_description":"Organiza as tuas actividades de incentivo em Cannes! Contacta-nos e juntos criaremos uma experi\u00eancia inesquec\u00edvel para recompensar os teus empregados pelos seus esfor\u00e7os.","og_url":"https:\/\/rivierabarcrawltours.com\/pt-pt\/incentivos-em-cannes\/","og_site_name":"Riviera Bar Crawl Tours","article_publisher":"https:\/\/www.facebook.com\/RivieraBarCrawltours\/","og_image":[{"width":1024,"height":1024,"url":"https:\/\/rivierabarcrawltours.com\/wp-content\/uploads\/2023\/01\/Incentive-in-Cannes-1024x1024.jpg","type":"image\/jpeg"}],"twitter_card":"summary_large_image","twitter_site":"@rivierabarcrawl","twitter_misc":{"Tempo estimado de leitura":"4 minutes"},"schema":{"@context":"https:\/\/schema.org","@graph":[{"@type":"WebPage","@id":"https:\/\/rivierabarcrawltours.com\/pt-pt\/incentivos-em-cannes\/","url":"https:\/\/rivierabarcrawltours.com\/pt-pt\/incentivos-em-cannes\/","name":"Incentivos em Cannes, Fran\u00e7a | Riviera Bar Crawl Tours","isPartOf":{"@id":"https:\/\/rivierabarcrawltours.com\/#website"},"primaryImageOfPage":{"@id":"https:\/\/rivierabarcrawltours.com\/pt-pt\/incentivos-em-cannes\/#primaryimage"},"image":{"@id":"https:\/\/rivierabarcrawltours.com\/pt-pt\/incentivos-em-cannes\/#primaryimage"},"thumbnailUrl":"https:\/\/rivierabarcrawltours.com\/wp-content\/uploads\/2023\/01\/Incentive-in-Cannes.jpg","datePublished":"2026-02-16T15:52:33+00:00","description":"Organiza as tuas actividades de incentivo em Cannes! Contacta-nos e juntos criaremos uma experi\u00eancia inesquec\u00edvel para recompensar os teus empregados pelos seus esfor\u00e7os.","breadcrumb":{"@id":"https:\/\/rivierabarcrawltours.com\/pt-pt\/incentivos-em-cannes\/#breadcrumb"},"inLanguage":"pt-PT","potentialAction":[{"@type":"ReadAction","target":["https:\/\/rivierabarcrawltours.com\/pt-pt\/incentivos-em-cannes\/"]}]},{"@type":"ImageObject","inLanguage":"pt-PT","@id":"https:\/\/rivierabarcrawltours.com\/pt-pt\/incentivos-em-cannes\/#primaryimage","url":"https:\/\/rivierabarcrawltours.com\/wp-content\/uploads\/2023\/01\/Incentive-in-Cannes.jpg","contentUrl":"https:\/\/rivierabarcrawltours.com\/wp-content\/uploads\/2023\/01\/Incentive-in-Cannes.jpg","width":1920,"height":1080,"caption":"O porto da cidade velha de Cannes, na Cote d'Azur, no Sul de Fran\u00e7a."},{"@type":"BreadcrumbList","@id":"https:\/\/rivierabarcrawltours.com\/pt-pt\/incentivos-em-cannes\/#breadcrumb","itemListElement":[{"@type":"ListItem","position":1,"name":"Home","item":"https:\/\/rivierabarcrawltours.com\/pt-pt\/"},{"@type":"ListItem","position":2,"name":"Incentivos em Cannes"}]},{"@type":"WebSite","@id":"https:\/\/rivierabarcrawltours.com\/#website","url":"https:\/\/rivierabarcrawltours.com\/","name":"Riviera Bar Crawl Tours","description":"Fun Day &amp; Night Experiences I Tour operator I Guided Tours I Bar Crawls I Food Tours I","publisher":{"@id":"https:\/\/rivierabarcrawltours.com\/#organization"},"potentialAction":[{"@type":"SearchAction","target":{"@type":"EntryPoint","urlTemplate":"https:\/\/rivierabarcrawltours.com\/?s={search_term_string}"},"query-input":{"@type":"PropertyValueSpecification","valueRequired":true,"valueName":"search_term_string"}}],"inLanguage":"pt-PT"},{"@type":"Organization","@id":"https:\/\/rivierabarcrawltours.com\/#organization","name":"Riviera Bar Crawl Tours","url":"https:\/\/rivierabarcrawltours.com\/","logo":{"@type":"ImageObject","inLanguage":"pt-PT","@id":"https:\/\/rivierabarcrawltours.com\/#\/schema\/logo\/image\/","url":"https:\/\/rivierabarcrawltours.com\/wp-content\/uploads\/2019\/07\/logo.png","contentUrl":"https:\/\/rivierabarcrawltours.com\/wp-content\/uploads\/2019\/07\/logo.png","width":479,"height":453,"caption":"Riviera Bar Crawl Tours"},"image":{"@id":"https:\/\/rivierabarcrawltours.com\/#\/schema\/logo\/image\/"},"sameAs":["https:\/\/www.facebook.com\/RivieraBarCrawltours\/","https:\/\/x.com\/rivierabarcrawl"]}]}},"_links":{"self":[{"href":"https:\/\/rivierabarcrawltours.com\/pt-pt\/wp-json\/wp\/v2\/pages\/126444","targetHints":{"allow":["GET"]}}],"collection":[{"href":"https:\/\/rivierabarcrawltours.com\/pt-pt\/wp-json\/wp\/v2\/pages"}],"about":[{"href":"https:\/\/rivierabarcrawltours.com\/pt-pt\/wp-json\/wp\/v2\/types\/page"}],"author":[{"embeddable":true,"href":"https:\/\/rivierabarcrawltours.com\/pt-pt\/wp-json\/wp\/v2\/users\/2"}],"replies":[{"embeddable":true,"href":"https:\/\/rivierabarcrawltours.com\/pt-pt\/wp-json\/wp\/v2\/comments?post=126444"}],"version-history":[{"count":2,"href":"https:\/\/rivierabarcrawltours.com\/pt-pt\/wp-json\/wp\/v2\/pages\/126444\/revisions"}],"predecessor-version":[{"id":126446,"href":"https:\/\/rivierabarcrawltours.com\/pt-pt\/wp-json\/wp\/v2\/pages\/126444\/revisions\/126446"}],"wp:featuredmedia":[{"embeddable":true,"href":"https:\/\/rivierabarcrawltours.com\/pt-pt\/wp-json\/wp\/v2\/media\/104202"}],"wp:attachment":[{"href":"https:\/\/rivierabarcrawltours.com\/pt-pt\/wp-json\/wp\/v2\/media?parent=126444"}],"curies":[{"name":"wp","href":"https:\/\/api.w.org\/{rel}","templated":true}]}}