{"id":126335,"date":"2026-02-16T16:22:36","date_gmt":"2026-02-16T15:22:36","guid":{"rendered":"https:\/\/rivierabarcrawltours.com\/excursoes-em-terra\/"},"modified":"2026-02-16T16:22:37","modified_gmt":"2026-02-16T15:22:37","slug":"excursoes-em-terra","status":"publish","type":"page","link":"https:\/\/rivierabarcrawltours.com\/pt-pt\/excursoes-em-terra\/","title":{"rendered":"Excurs\u00f5es em terra"},"content":{"rendered":"<div class=\"wpb-content-wrapper\"><p>[vc_row equal_height=&#8221;yes&#8221; el_class=&#8221;city-tours-custom&#8221; css=&#8221;.vc_custom_1612424639627{margin-top: 40px !important;margin-bottom: 20px !important;}&#8221;][vc_column][vc_column_text]<\/p>\n<h2>Todas as nossas excurs\u00f5es em terra<\/h2>\n<p>[\/vc_column_text]<div class='list_tours'>   <div class=\"concept-listings owl-carousel owl-theme\">\n   <\/div>\n\n    \n<script type=\"text\/javascript\">\n$(document).ready(function() {\n       $(\".concept-listings\").owlCarousel({\n        margin:20,\n                dots:true,\n        responsiveClass:true,\n        responsive:{\n            0:{\n                items:1,\n                nav:false\n            },\n            600:{\n                items:3,\n                nav:false\n            },\n            1000:{\n                items:4,\n                nav:true\n            }\n        }\n       });\n}); \n\n<\/script>\n\n<style type=\"text\/css\">\n.concept-listings .owl-stage {\n    display: -webkit-box !important;\n    display: -moz-box !important;\n    display: -ms-box !important;\n    display: box !important;\n}\n.concept-listings .owl-dots {\n    margin-top: 10px;\n    text-align: center;\n}\n.concept-listings .owl-dots .owl-dot {\n    display: inline-block;\n    background: 0 0;\n    color: inherit;\n    border: none;\n    padding: 0 !important;\n}\n.concept-listings .owl-dots .owl-dot.active span {\n    background: var(--link-color, #5191FA);\n}\n.concept-listings .owl-dots .owl-dot span {\n    width: 10px;\n    height: 10px;\n    margin: 5px 7px;\n    background: var(--light-grey-color, #EAEEF3);\n    display: block;\n    transition: opacity 0.2s ease;\n    border-radius: 30px;\n}\n.city-tours-custom .feature_class{\n  left: 0 !important;\n}\n.concept-listings .owl-nav {\n    position: absolute;\n    height: 100%;\n    top: 0;\n    width: 100%;\n    z-index: -1;\n}\n.concept-listings .owl-nav button {\n    position: absolute;\n    top: 50%;\n    margin-top: -18px;\n}\n.concept-listings .owl-nav button.owl-next {\n    right: -66px;\n}\n.concept-listings .owl-nav button.owl-prev {\n    left: -66px;\n}\n.concept-listings .owl-nav button.owl-next span {\n    width: 36px;\n    height: 36px;\n    display: block;\n    background: url(https:\/\/rivierabarcrawltours.com\/wp-content\/uploads\/2021\/06\/arrow-right.png) center center no-repeat;\n    background-size: 100% auto;\n    color: transparent;\n}\n.concept-listings .owl-nav button.owl-prev span {\n    width: 36px;\n    height: 36px;\n    display: block;\n    background: url(https:\/\/rivierabarcrawltours.com\/wp-content\/uploads\/2021\/02\/arrow-left.png) center center no-repeat;\n    background-size: 100% auto;\n    color: transparent;\n}\n\n.city-tours-custom .thumb{\n    border: none !important;\n}\n<\/style><\/div>[vc_separator][\/vc_column][\/vc_row][vc_row][vc_column][vc_row_inner][vc_column_inner][vc_column_text]<\/p>\n<h2>Sobre as nossas excurs\u00f5es em terra<\/h2>\n<p>[\/vc_column_text][\/vc_column_inner][\/vc_row_inner][vc_row_inner][vc_column_inner][vc_column_text]A Riviera Francesa \u00e9 o destino de sonho de todos os turistas. E ser\u00e1 que isso \u00e9 realmente uma surpresa? Afinal de contas, a regi\u00e3o est\u00e1 cheia de atrac\u00e7\u00f5es maravilhosas! Quer queiras apanhar sol na praia, provar o melhor da gastronomia local, explorar as j\u00f3ias escondidas da Riviera ou desfrutar de uma experi\u00eancia vin\u00edcola requintada, ent\u00e3o vais certamente encontr\u00e1-lo aqui mesmo na Cote d&#8217;Azur.   <\/p>\n<p>Tendo trabalhado na ind\u00fastria do turismo durante tantos anos, compreendemos o que torna uma experi\u00eancia memor\u00e1vel. E tentamos aplicar isso a todas as nossas excurs\u00f5es e actividades. Durante qualquer uma das nossas excurs\u00f5es em terra, est\u00e1s nas m\u00e3os de um especialista local de confian\u00e7a, com anos de experi\u00eancia e um vasto conhecimento da regi\u00e3o. Eles conhecem a Riviera Francesa como a palma da m\u00e3o, por isso podes ter a certeza de que aprender\u00e1s todas as melhores dicas e truques para tirar o m\u00e1ximo partido da tua estadia. Os nossos guias est\u00e3o aqui tamb\u00e9m porque adoram trabalhar com pessoas e partilhar com elas a nossa cultura \u00fanica. Por isso, n\u00e3o tenhas medo de interagir e de fazer perguntas, os nossos guias t\u00eam todo o gosto em ajudar!     <\/p>\n<p>Sim, oferecemos a nossa quota-parte de excurs\u00f5es e actividades gerais. No entanto, perdes as vantagens de uma excurs\u00e3o privada personalizada. Se j\u00e1 est\u00e1s a viajar com um grupo, s\u00f3 faz sentido quereres desfrutar da experi\u00eancia e criar mem\u00f3rias entre voc\u00eas. Algo que pode ser dif\u00edcil de fazer se estiveres preso num grupo de 50 outros turistas desordeiros. Al\u00e9m disso, com as nossas excurs\u00f5es e actividades privadas, podes personalizar o teu dia. Queres parar algures para almo\u00e7ar ou organizar um transporte para te ir buscar ao teu hotel? Ent\u00e3o, basta avisar-nos com anteced\u00eancia e organizaremos o dia ideal para ti e para o teu grupo em apenas 72 horas. Para n\u00e3o falar da aten\u00e7\u00e3o pessoal que receber\u00e1s dos nossos guias experientes. Foge dos corvos e conhece a cidade mais de perto.        <\/p>\n<p>Organizar as tuas f\u00e9rias mais memor\u00e1veis nunca foi t\u00e3o f\u00e1cil como com os nossos pacotes de excurs\u00f5es em terra. Por isso, faz a tua reserva e n\u00e3o hesites em contactar-nos para qualquer pedido ou d\u00favida. Afinal, a tua satisfa\u00e7\u00e3o \u00e9 a nossa principal prioridade![\/vc_column_text][vc_column_text][\/vc_column_text][\/vc_column_inner][\/vc_row_inner][\/vc_column][\/vc_row]<\/p>\n<\/div>","protected":false},"excerpt":{"rendered":"<p>[vc_row equal_height=&#8221;yes&#8221; el_class=&#8221;city-tours-custom&#8221; css=&#8221;.vc_custom_1612424639627{margin-top: 40px !important;margin-bottom: 20px !important;}&#8221;][vc_column][vc_column_text] Todas as nossas excurs\u00f5es em terra [\/vc_column_text][vc_separator][\/vc_column][\/vc_row][vc_row][vc_column][vc_row_inner][vc_column_inner][vc_column_text] Sobre as nossas excurs\u00f5es em terra [\/vc_column_text][\/vc_column_inner][\/vc_row_inner][vc_row_inner][vc_column_inner][vc_column_text]A Riviera Francesa \u00e9 o destino de sonho de todos os turistas. E ser\u00e1 que isso \u00e9 realmente uma surpresa? Afinal de contas, a regi\u00e3o est\u00e1 cheia de atrac\u00e7\u00f5es maravilhosas! Quer queiras apanhar sol [&hellip;]<\/p>\n","protected":false},"author":2,"featured_media":63626,"parent":0,"menu_order":0,"comment_status":"closed","ping_status":"closed","template":"template-home-modern.php","meta":{"_acf_changed":false,"footnotes":""},"class_list":["post-126335","page","type-page","status-publish","has-post-thumbnail","hentry"],"acf":[],"yoast_head":"<!-- This site is optimized with the Yoast SEO plugin v27.3 - https:\/\/yoast.com\/product\/yoast-seo-wordpress\/ -->\n<title>Arquivos des  | Riviera Bar Crawl Tours<\/title>\n<meta name=\"description\" content=\"A Riviera Francesa est\u00e1 associada ao bom tempo, a belas praias e a paisagens deslumbrantes. Independentemente de estares aqui de f\u00e9rias ou apenas de passagem.\" \/>\n<meta name=\"robots\" content=\"index, follow, max-snippet:-1, max-image-preview:large, max-video-preview:-1\" \/>\n<link rel=\"canonical\" href=\"https:\/\/rivierabarcrawltours.com\/pt-pt\/excursoes-em-terra\/\" \/>\n<meta property=\"og:locale\" content=\"pt_PT\" \/>\n<meta property=\"og:type\" content=\"article\" \/>\n<meta property=\"og:title\" content=\"Arquivos des  | Riviera Bar Crawl Tours\" \/>\n<meta property=\"og:description\" content=\"A Riviera Francesa est\u00e1 associada ao bom tempo, a belas praias e a paisagens deslumbrantes. Independentemente de estares aqui de f\u00e9rias ou apenas de passagem.\" \/>\n<meta property=\"og:url\" content=\"https:\/\/rivierabarcrawltours.com\/pt-pt\/excursoes-em-terra\/\" \/>\n<meta property=\"og:site_name\" content=\"Riviera Bar Crawl Tours\" \/>\n<meta property=\"article:publisher\" content=\"https:\/\/www.facebook.com\/RivieraBarCrawltours\/\" \/>\n<meta property=\"article:modified_time\" content=\"2026-02-16T15:22:37+00:00\" \/>\n<meta property=\"og:image\" content=\"https:\/\/rivierabarcrawltours.com\/wp-content\/uploads\/2021\/02\/shore-excursions-pic6.jpg\" \/>\n\t<meta property=\"og:image:width\" content=\"1920\" \/>\n\t<meta property=\"og:image:height\" content=\"1825\" \/>\n\t<meta property=\"og:image:type\" content=\"image\/jpeg\" \/>\n<meta name=\"twitter:card\" content=\"summary_large_image\" \/>\n<meta name=\"twitter:site\" content=\"@rivierabarcrawl\" \/>\n<meta name=\"twitter:label1\" content=\"Tempo estimado de leitura\" \/>\n\t<meta name=\"twitter:data1\" content=\"3 minutes\" \/>\n<!-- \/ Yoast SEO plugin. -->","yoast_head_json":{"title":"Arquivos des  | Riviera Bar Crawl Tours","description":"A Riviera Francesa est\u00e1 associada ao bom tempo, a belas praias e a paisagens deslumbrantes. Independentemente de estares aqui de f\u00e9rias ou apenas de passagem.","robots":{"index":"index","follow":"follow","max-snippet":"max-snippet:-1","max-image-preview":"max-image-preview:large","max-video-preview":"max-video-preview:-1"},"canonical":"https:\/\/rivierabarcrawltours.com\/pt-pt\/excursoes-em-terra\/","og_locale":"pt_PT","og_type":"article","og_title":"Arquivos des  | Riviera Bar Crawl Tours","og_description":"A Riviera Francesa est\u00e1 associada ao bom tempo, a belas praias e a paisagens deslumbrantes. Independentemente de estares aqui de f\u00e9rias ou apenas de passagem.","og_url":"https:\/\/rivierabarcrawltours.com\/pt-pt\/excursoes-em-terra\/","og_site_name":"Riviera Bar Crawl Tours","article_publisher":"https:\/\/www.facebook.com\/RivieraBarCrawltours\/","article_modified_time":"2026-02-16T15:22:37+00:00","og_image":[{"width":1920,"height":1825,"url":"https:\/\/rivierabarcrawltours.com\/wp-content\/uploads\/2021\/02\/shore-excursions-pic6.jpg","type":"image\/jpeg"}],"twitter_card":"summary_large_image","twitter_site":"@rivierabarcrawl","twitter_misc":{"Tempo estimado de leitura":"3 minutes"},"schema":{"@context":"https:\/\/schema.org","@graph":[{"@type":"WebPage","@id":"https:\/\/rivierabarcrawltours.com\/pt-pt\/excursoes-em-terra\/","url":"https:\/\/rivierabarcrawltours.com\/pt-pt\/excursoes-em-terra\/","name":"Arquivos des | Riviera Bar Crawl Tours","isPartOf":{"@id":"https:\/\/rivierabarcrawltours.com\/#website"},"primaryImageOfPage":{"@id":"https:\/\/rivierabarcrawltours.com\/pt-pt\/excursoes-em-terra\/#primaryimage"},"image":{"@id":"https:\/\/rivierabarcrawltours.com\/pt-pt\/excursoes-em-terra\/#primaryimage"},"thumbnailUrl":"https:\/\/rivierabarcrawltours.com\/wp-content\/uploads\/2021\/02\/shore-excursions-pic6.jpg","datePublished":"2026-02-16T15:22:36+00:00","dateModified":"2026-02-16T15:22:37+00:00","description":"A Riviera Francesa est\u00e1 associada ao bom tempo, a belas praias e a paisagens deslumbrantes. Independentemente de estares aqui de f\u00e9rias ou apenas de passagem.","breadcrumb":{"@id":"https:\/\/rivierabarcrawltours.com\/pt-pt\/excursoes-em-terra\/#breadcrumb"},"inLanguage":"pt-PT","potentialAction":[{"@type":"ReadAction","target":["https:\/\/rivierabarcrawltours.com\/pt-pt\/excursoes-em-terra\/"]}]},{"@type":"ImageObject","inLanguage":"pt-PT","@id":"https:\/\/rivierabarcrawltours.com\/pt-pt\/excursoes-em-terra\/#primaryimage","url":"https:\/\/rivierabarcrawltours.com\/wp-content\/uploads\/2021\/02\/shore-excursions-pic6.jpg","contentUrl":"https:\/\/rivierabarcrawltours.com\/wp-content\/uploads\/2021\/02\/shore-excursions-pic6.jpg","width":1920,"height":1825,"caption":"Excurs\u00f5es em terra"},{"@type":"BreadcrumbList","@id":"https:\/\/rivierabarcrawltours.com\/pt-pt\/excursoes-em-terra\/#breadcrumb","itemListElement":[{"@type":"ListItem","position":1,"name":"Home","item":"https:\/\/rivierabarcrawltours.com\/pt-pt\/"},{"@type":"ListItem","position":2,"name":"Excurs\u00f5es em terra"}]},{"@type":"WebSite","@id":"https:\/\/rivierabarcrawltours.com\/#website","url":"https:\/\/rivierabarcrawltours.com\/","name":"Riviera Bar Crawl Tours","description":"Fun Day &amp; Night Experiences I Tour operator I Guided Tours I Bar Crawls I Food Tours I","publisher":{"@id":"https:\/\/rivierabarcrawltours.com\/#organization"},"potentialAction":[{"@type":"SearchAction","target":{"@type":"EntryPoint","urlTemplate":"https:\/\/rivierabarcrawltours.com\/?s={search_term_string}"},"query-input":{"@type":"PropertyValueSpecification","valueRequired":true,"valueName":"search_term_string"}}],"inLanguage":"pt-PT"},{"@type":"Organization","@id":"https:\/\/rivierabarcrawltours.com\/#organization","name":"Riviera Bar Crawl Tours","url":"https:\/\/rivierabarcrawltours.com\/","logo":{"@type":"ImageObject","inLanguage":"pt-PT","@id":"https:\/\/rivierabarcrawltours.com\/#\/schema\/logo\/image\/","url":"https:\/\/rivierabarcrawltours.com\/wp-content\/uploads\/2019\/07\/logo.png","contentUrl":"https:\/\/rivierabarcrawltours.com\/wp-content\/uploads\/2019\/07\/logo.png","width":479,"height":453,"caption":"Riviera Bar Crawl Tours"},"image":{"@id":"https:\/\/rivierabarcrawltours.com\/#\/schema\/logo\/image\/"},"sameAs":["https:\/\/www.facebook.com\/RivieraBarCrawltours\/","https:\/\/x.com\/rivierabarcrawl"]}]}},"_links":{"self":[{"href":"https:\/\/rivierabarcrawltours.com\/pt-pt\/wp-json\/wp\/v2\/pages\/126335","targetHints":{"allow":["GET"]}}],"collection":[{"href":"https:\/\/rivierabarcrawltours.com\/pt-pt\/wp-json\/wp\/v2\/pages"}],"about":[{"href":"https:\/\/rivierabarcrawltours.com\/pt-pt\/wp-json\/wp\/v2\/types\/page"}],"author":[{"embeddable":true,"href":"https:\/\/rivierabarcrawltours.com\/pt-pt\/wp-json\/wp\/v2\/users\/2"}],"replies":[{"embeddable":true,"href":"https:\/\/rivierabarcrawltours.com\/pt-pt\/wp-json\/wp\/v2\/comments?post=126335"}],"version-history":[{"count":2,"href":"https:\/\/rivierabarcrawltours.com\/pt-pt\/wp-json\/wp\/v2\/pages\/126335\/revisions"}],"predecessor-version":[{"id":126337,"href":"https:\/\/rivierabarcrawltours.com\/pt-pt\/wp-json\/wp\/v2\/pages\/126335\/revisions\/126337"}],"wp:featuredmedia":[{"embeddable":true,"href":"https:\/\/rivierabarcrawltours.com\/pt-pt\/wp-json\/wp\/v2\/media\/63626"}],"wp:attachment":[{"href":"https:\/\/rivierabarcrawltours.com\/pt-pt\/wp-json\/wp\/v2\/media?parent=126335"}],"curies":[{"name":"wp","href":"https:\/\/api.w.org\/{rel}","templated":true}]}}