{"id":126035,"date":"2026-02-16T14:09:04","date_gmt":"2026-02-16T13:09:04","guid":{"rendered":"https:\/\/rivierabarcrawltours.com\/experiencia-de-autocarro-de-festa\/"},"modified":"2026-02-16T14:09:05","modified_gmt":"2026-02-16T13:09:05","slug":"experiencia-de-autocarro-de-festa","status":"publish","type":"page","link":"https:\/\/rivierabarcrawltours.com\/pt-pt\/experiencia-de-autocarro-de-festa\/","title":{"rendered":"Experi\u00eancia de autocarro de festa"},"content":{"rendered":"<div class=\"wpb-content-wrapper\"><p>[vc_row][vc_column]<h3>Our Party Bus Tours <\/h3><div class='list_tours'>   <div class=\"concept-listings owl-carousel owl-theme\">\n          <div class=\"style_box\">\n           <div class=\"feature_class st_featured featured\">Featured<\/div>           <div class=\"thumb\">\n               <header class=\"thumb-header st_avatar_fix\">\n                                      <a href=\"https:\/\/rivierabarcrawltours.com\/pt-pt\/tour\/party-bus-paris-franca\/\" class=\"hover-img\">\n                       <img decoding=\"async\" width=\"260\" height=\"190\" src=\"https:\/\/rivierabarcrawltours.com\/wp-content\/uploads\/2022\/03\/party-bus-paris-1-260x190.jpg\" class=\"attachment-260x190x1 size-260x190x1 wp-post-image\" alt=\"party bus paris\" \/>                       <h5 class=\"hover-title hover-hold text-center\">\n                           Party Bus Paris Fran\u00e7a\u00a0                       <\/h5>\n                   <\/a>\n                                  <\/header>\n           <\/div>\n       <\/div>\n   <\/div>\n\n    \n<script type=\"text\/javascript\">\n$(document).ready(function() {\n       $(\".concept-listings\").owlCarousel({\n        margin:20,\n                dots:true,\n        responsiveClass:true,\n        responsive:{\n            0:{\n                items:1,\n                nav:false\n            },\n            600:{\n                items:3,\n                nav:false\n            },\n            1000:{\n                items:4,\n                nav:true\n            }\n        }\n       });\n}); \n\n<\/script>\n\n<style type=\"text\/css\">\n.concept-listings .owl-stage {\n    display: -webkit-box !important;\n    display: -moz-box !important;\n    display: -ms-box !important;\n    display: box !important;\n}\n.concept-listings .owl-dots {\n    margin-top: 10px;\n    text-align: center;\n}\n.concept-listings .owl-dots .owl-dot {\n    display: inline-block;\n    background: 0 0;\n    color: inherit;\n    border: none;\n    padding: 0 !important;\n}\n.concept-listings .owl-dots .owl-dot.active span {\n    background: var(--link-color, #5191FA);\n}\n.concept-listings .owl-dots .owl-dot span {\n    width: 10px;\n    height: 10px;\n    margin: 5px 7px;\n    background: var(--light-grey-color, #EAEEF3);\n    display: block;\n    transition: opacity 0.2s ease;\n    border-radius: 30px;\n}\n.city-tours-custom .feature_class{\n  left: 0 !important;\n}\n.concept-listings .owl-nav {\n    position: absolute;\n    height: 100%;\n    top: 0;\n    width: 100%;\n    z-index: -1;\n}\n.concept-listings .owl-nav button {\n    position: absolute;\n    top: 50%;\n    margin-top: -18px;\n}\n.concept-listings .owl-nav button.owl-next {\n    right: -66px;\n}\n.concept-listings .owl-nav button.owl-prev {\n    left: -66px;\n}\n.concept-listings .owl-nav button.owl-next span {\n    width: 36px;\n    height: 36px;\n    display: block;\n    background: url(https:\/\/rivierabarcrawltours.com\/wp-content\/uploads\/2021\/06\/arrow-right.png) center center no-repeat;\n    background-size: 100% auto;\n    color: transparent;\n}\n.concept-listings .owl-nav button.owl-prev span {\n    width: 36px;\n    height: 36px;\n    display: block;\n    background: url(https:\/\/rivierabarcrawltours.com\/wp-content\/uploads\/2021\/02\/arrow-left.png) center center no-repeat;\n    background-size: 100% auto;\n    color: transparent;\n}\n\n.city-tours-custom .thumb{\n    border: none !important;\n}\n<\/style><\/div>[vc_column_text]<\/p>\n<h1>O que \u00e9 uma experi\u00eancia de autocarro de festa?<\/h1>\n<p>\u00c9 exatamente o que parece e a MELHOR experi\u00eancia de transporte da tua vida! O nosso Party Bus Experience \u00e9 o meio de transporte perfeito para celebra\u00e7\u00f5es e eventos de todo o tipo. Vais sentir-te como uma celebridade enquanto \u00e9s recolhido e transportado para o teu destino de elei\u00e7\u00e3o. O teu autocarro de festa ter\u00e1 o teu grupo e o teu pr\u00f3prio motorista privado. Dan\u00e7a ao som da melhor m\u00fasica de festa com luzes de discoteca e n\u00e3o hesites em trazer uma garrafa de espumante para um brinde. N\u00e3o h\u00e1 nada melhor do que isto! Esta experi\u00eancia ser\u00e1, sem d\u00favida, uma viagem inesquec\u00edvel.      <\/p>\n<h2>Como \u00e9 que funciona uma experi\u00eancia de autocarro de festa em <a href=\"https:\/\/rivierabarcrawltours.com\/pt-pt\/city\/europa\/franca\/paris\/\" target=\"_blank\" rel=\"noopener\">Paris<\/a> e <a href=\"https:\/\/visitthefrenchriviera.com\/location\/nice\/\" target=\"_blank\" rel=\"noopener\">Nice<\/a>?<\/h2>\n<p>O primeiro passo \u00e9 determinares quantas pessoas v\u00e3o estar presentes na tua celebra\u00e7\u00e3o\/evento e que se v\u00e3o juntar a ti no autocarro de festa! Temos autocarros de festa para pequenos grupos de 9 pessoas, at\u00e9 grandes grupos de 65 pessoas. Tens mais de 65 pessoas? Podes sempre reservar mais do que um! Depois de sabermos quantas pessoas v\u00e3o participar no teu evento, tens de nos dizer onde gostarias de ser recolhido e deixado. A tua viagem \u00e9 de 1 hora? 4 horas? N\u00f3s tratamos das tuas necessidades! Naturalmente, o custo depende da dura\u00e7\u00e3o da tua viagem. Depois de te irmos buscar, sobe a bordo e prepara-te para a melhor experi\u00eancia de transporte da tua vida! Teremos m\u00fasica e luzes de discoteca para que possas mostrar os teus passos de dan\u00e7a. Queres que te vamos buscar no final do teu evento? Tamb\u00e9m podemos fazer isso! Confia em n\u00f3s, o autocarro de festa \u00e9 o caminho a seguir.             <\/p>\n<p><a href=\"https:\/\/rivierabarcrawltours.com\/tour\/party-bus-paris-france\/\" target=\"_blank\" rel=\"noopener\">Autocarro de festa Paris<\/a><\/p>\n<p>Autocarro de festa Nice<\/p>\n<p>&nbsp;<\/p>\n<p>[\/vc_column_text][\/vc_column][\/vc_row]<\/p>\n<\/div>","protected":false},"excerpt":{"rendered":"<p>[vc_row][vc_column][vc_column_text] O que \u00e9 uma experi\u00eancia de autocarro de festa? \u00c9 exatamente o que parece e a MELHOR experi\u00eancia de transporte da tua vida! O nosso Party Bus Experience \u00e9 o meio de transporte perfeito para celebra\u00e7\u00f5es e eventos de todo o tipo. Vais sentir-te como uma celebridade enquanto \u00e9s recolhido e transportado para o [&hellip;]<\/p>\n","protected":false},"author":2,"featured_media":92469,"parent":0,"menu_order":0,"comment_status":"closed","ping_status":"closed","template":"template-home-modern.php","meta":{"_acf_changed":false,"footnotes":""},"class_list":["post-126035","page","type-page","status-publish","has-post-thumbnail","hentry"],"acf":[],"yoast_head":"<!-- This site is optimized with the Yoast SEO plugin v27.4 - https:\/\/yoast.com\/product\/yoast-seo-wordpress\/ -->\n<title>Experi\u00eancia de autocarro de festa | Riviera Bar Crawl Tours<\/title>\n<meta name=\"description\" content=\"Reserva um dos nossos autocarros de festa para uma noite que n\u00e3o esquecer\u00e1s! Estes autocarros s\u00e3o perfeitos para anivers\u00e1rios, festas e outros eventos.\" \/>\n<meta name=\"robots\" content=\"index, follow, max-snippet:-1, max-image-preview:large, max-video-preview:-1\" \/>\n<link rel=\"canonical\" href=\"https:\/\/rivierabarcrawltours.com\/pt-pt\/experiencia-de-autocarro-de-festa\/\" \/>\n<meta property=\"og:locale\" content=\"pt_PT\" \/>\n<meta property=\"og:type\" content=\"article\" \/>\n<meta property=\"og:title\" content=\"Experi\u00eancia de autocarro de festa | Riviera Bar Crawl Tours\" \/>\n<meta property=\"og:description\" content=\"Reserva um dos nossos autocarros de festa para uma noite que n\u00e3o esquecer\u00e1s! Estes autocarros s\u00e3o perfeitos para anivers\u00e1rios, festas e outros eventos.\" \/>\n<meta property=\"og:url\" content=\"https:\/\/rivierabarcrawltours.com\/pt-pt\/experiencia-de-autocarro-de-festa\/\" \/>\n<meta property=\"og:site_name\" content=\"Riviera Bar Crawl Tours\" \/>\n<meta property=\"article:publisher\" content=\"https:\/\/www.facebook.com\/RivieraBarCrawltours\/\" \/>\n<meta property=\"article:modified_time\" content=\"2026-02-16T13:09:05+00:00\" \/>\n<meta property=\"og:image\" content=\"https:\/\/rivierabarcrawltours.com\/wp-content\/uploads\/2022\/03\/Party-Bus-Experience.jpeg\" \/>\n\t<meta property=\"og:image:width\" content=\"1024\" \/>\n\t<meta property=\"og:image:height\" content=\"684\" \/>\n\t<meta property=\"og:image:type\" content=\"image\/jpeg\" \/>\n<meta name=\"twitter:card\" content=\"summary_large_image\" \/>\n<meta name=\"twitter:site\" content=\"@rivierabarcrawl\" \/>\n<meta name=\"twitter:label1\" content=\"Tempo estimado de leitura\" \/>\n\t<meta name=\"twitter:data1\" content=\"2 minutes\" \/>\n<!-- \/ Yoast SEO plugin. -->","yoast_head_json":{"title":"Experi\u00eancia de autocarro de festa | Riviera Bar Crawl Tours","description":"Reserva um dos nossos autocarros de festa para uma noite que n\u00e3o esquecer\u00e1s! Estes autocarros s\u00e3o perfeitos para anivers\u00e1rios, festas e outros eventos.","robots":{"index":"index","follow":"follow","max-snippet":"max-snippet:-1","max-image-preview":"max-image-preview:large","max-video-preview":"max-video-preview:-1"},"canonical":"https:\/\/rivierabarcrawltours.com\/pt-pt\/experiencia-de-autocarro-de-festa\/","og_locale":"pt_PT","og_type":"article","og_title":"Experi\u00eancia de autocarro de festa | Riviera Bar Crawl Tours","og_description":"Reserva um dos nossos autocarros de festa para uma noite que n\u00e3o esquecer\u00e1s! Estes autocarros s\u00e3o perfeitos para anivers\u00e1rios, festas e outros eventos.","og_url":"https:\/\/rivierabarcrawltours.com\/pt-pt\/experiencia-de-autocarro-de-festa\/","og_site_name":"Riviera Bar Crawl Tours","article_publisher":"https:\/\/www.facebook.com\/RivieraBarCrawltours\/","article_modified_time":"2026-02-16T13:09:05+00:00","og_image":[{"width":1024,"height":684,"url":"https:\/\/rivierabarcrawltours.com\/wp-content\/uploads\/2022\/03\/Party-Bus-Experience.jpeg","type":"image\/jpeg"}],"twitter_card":"summary_large_image","twitter_site":"@rivierabarcrawl","twitter_misc":{"Tempo estimado de leitura":"2 minutes"},"schema":{"@context":"https:\/\/schema.org","@graph":[{"@type":"WebPage","@id":"https:\/\/rivierabarcrawltours.com\/pt-pt\/experiencia-de-autocarro-de-festa\/","url":"https:\/\/rivierabarcrawltours.com\/pt-pt\/experiencia-de-autocarro-de-festa\/","name":"Experi\u00eancia de autocarro de festa | Riviera Bar Crawl Tours","isPartOf":{"@id":"https:\/\/rivierabarcrawltours.com\/#website"},"primaryImageOfPage":{"@id":"https:\/\/rivierabarcrawltours.com\/pt-pt\/experiencia-de-autocarro-de-festa\/#primaryimage"},"image":{"@id":"https:\/\/rivierabarcrawltours.com\/pt-pt\/experiencia-de-autocarro-de-festa\/#primaryimage"},"thumbnailUrl":"https:\/\/rivierabarcrawltours.com\/wp-content\/uploads\/2022\/03\/Party-Bus-Experience.jpeg","datePublished":"2026-02-16T13:09:04+00:00","dateModified":"2026-02-16T13:09:05+00:00","description":"Reserva um dos nossos autocarros de festa para uma noite que n\u00e3o esquecer\u00e1s! Estes autocarros s\u00e3o perfeitos para anivers\u00e1rios, festas e outros eventos.","breadcrumb":{"@id":"https:\/\/rivierabarcrawltours.com\/pt-pt\/experiencia-de-autocarro-de-festa\/#breadcrumb"},"inLanguage":"pt-PT","potentialAction":[{"@type":"ReadAction","target":["https:\/\/rivierabarcrawltours.com\/pt-pt\/experiencia-de-autocarro-de-festa\/"]}]},{"@type":"ImageObject","inLanguage":"pt-PT","@id":"https:\/\/rivierabarcrawltours.com\/pt-pt\/experiencia-de-autocarro-de-festa\/#primaryimage","url":"https:\/\/rivierabarcrawltours.com\/wp-content\/uploads\/2022\/03\/Party-Bus-Experience.jpeg","contentUrl":"https:\/\/rivierabarcrawltours.com\/wp-content\/uploads\/2022\/03\/Party-Bus-Experience.jpeg","width":1024,"height":684,"caption":"Propriet\u00e1rio: ajpscs"},{"@type":"BreadcrumbList","@id":"https:\/\/rivierabarcrawltours.com\/pt-pt\/experiencia-de-autocarro-de-festa\/#breadcrumb","itemListElement":[{"@type":"ListItem","position":1,"name":"Home","item":"https:\/\/rivierabarcrawltours.com\/pt-pt\/"},{"@type":"ListItem","position":2,"name":"Experi\u00eancia de autocarro de festa"}]},{"@type":"WebSite","@id":"https:\/\/rivierabarcrawltours.com\/#website","url":"https:\/\/rivierabarcrawltours.com\/","name":"Riviera Bar Crawl Tours","description":"Fun Day &amp; Night Experiences I Tour operator I Guided Tours I Bar Crawls I Food Tours I","publisher":{"@id":"https:\/\/rivierabarcrawltours.com\/#organization"},"potentialAction":[{"@type":"SearchAction","target":{"@type":"EntryPoint","urlTemplate":"https:\/\/rivierabarcrawltours.com\/?s={search_term_string}"},"query-input":{"@type":"PropertyValueSpecification","valueRequired":true,"valueName":"search_term_string"}}],"inLanguage":"pt-PT"},{"@type":"Organization","@id":"https:\/\/rivierabarcrawltours.com\/#organization","name":"Riviera Bar Crawl Tours","url":"https:\/\/rivierabarcrawltours.com\/","logo":{"@type":"ImageObject","inLanguage":"pt-PT","@id":"https:\/\/rivierabarcrawltours.com\/#\/schema\/logo\/image\/","url":"https:\/\/rivierabarcrawltours.com\/wp-content\/uploads\/2019\/07\/logo.png","contentUrl":"https:\/\/rivierabarcrawltours.com\/wp-content\/uploads\/2019\/07\/logo.png","width":479,"height":453,"caption":"Riviera Bar Crawl Tours"},"image":{"@id":"https:\/\/rivierabarcrawltours.com\/#\/schema\/logo\/image\/"},"sameAs":["https:\/\/www.facebook.com\/RivieraBarCrawltours\/","https:\/\/x.com\/rivierabarcrawl"]}]}},"_links":{"self":[{"href":"https:\/\/rivierabarcrawltours.com\/pt-pt\/wp-json\/wp\/v2\/pages\/126035","targetHints":{"allow":["GET"]}}],"collection":[{"href":"https:\/\/rivierabarcrawltours.com\/pt-pt\/wp-json\/wp\/v2\/pages"}],"about":[{"href":"https:\/\/rivierabarcrawltours.com\/pt-pt\/wp-json\/wp\/v2\/types\/page"}],"author":[{"embeddable":true,"href":"https:\/\/rivierabarcrawltours.com\/pt-pt\/wp-json\/wp\/v2\/users\/2"}],"replies":[{"embeddable":true,"href":"https:\/\/rivierabarcrawltours.com\/pt-pt\/wp-json\/wp\/v2\/comments?post=126035"}],"version-history":[{"count":4,"href":"https:\/\/rivierabarcrawltours.com\/pt-pt\/wp-json\/wp\/v2\/pages\/126035\/revisions"}],"predecessor-version":[{"id":126039,"href":"https:\/\/rivierabarcrawltours.com\/pt-pt\/wp-json\/wp\/v2\/pages\/126035\/revisions\/126039"}],"wp:featuredmedia":[{"embeddable":true,"href":"https:\/\/rivierabarcrawltours.com\/pt-pt\/wp-json\/wp\/v2\/media\/92469"}],"wp:attachment":[{"href":"https:\/\/rivierabarcrawltours.com\/pt-pt\/wp-json\/wp\/v2\/media?parent=126035"}],"curies":[{"name":"wp","href":"https:\/\/api.w.org\/{rel}","templated":true}]}}