{"id":125976,"date":"2026-02-16T14:06:25","date_gmt":"2026-02-16T13:06:25","guid":{"rendered":"https:\/\/rivierabarcrawltours.com\/avisos-legais-riviera-bar-crawl-tours\/"},"modified":"2026-02-16T14:06:25","modified_gmt":"2026-02-16T13:06:25","slug":"avisos-legais-riviera-bar-crawl-tours","status":"publish","type":"page","link":"https:\/\/rivierabarcrawltours.com\/pt-pt\/avisos-legais-riviera-bar-crawl-tours\/","title":{"rendered":"AVISOS LEGAIS RIVIERA BAR CRAWL &amp; TOURS"},"content":{"rendered":"<div class=\"wpb-content-wrapper\"><p>[vc_row css=&#8221;.vc_custom_1611471413193{margin-top: 20px !important;margin-bottom: 20px !important;}&#8221;][vc_column][vc_column_text css=&#8221;&#8221;]<\/p>\n<p data-path-to-node=\"0\"><strong>MENTIONS L\u00c9GALES RIVIERA BAR CRAWL &amp; TOURS<\/strong><\/p>\n<h3 data-path-to-node=\"3\">I. Identifica\u00e7\u00e3o do editor do s\u00edtio<\/h3>\n<ul data-path-to-node=\"4\">\n<li>\n<p data-path-to-node=\"4,0,0\"><b>Designa\u00e7\u00e3o comercial :<\/b> Riviera Bar Crawl &amp; Tours<\/p>\n<\/li>\n<li>\n<p data-path-to-node=\"4,1,0\"><b>Nome da Sociedade :<\/b> LUXSTARS INVESTMENT<\/p>\n<\/li>\n<li>\n<p data-path-to-node=\"4,3,0\"><b>Sede social:<\/b> 8 rue Chauvain, 06000 Nice, Fran\u00e7a<\/p>\n<\/li>\n<li>\n<p data-path-to-node=\"4,4,0\"><b>SIRENE :<\/b> 991 237 181<\/p>\n<\/li>\n<li>\n<p data-path-to-node=\"4,5,0\"><b>SIRET :<\/b> 991 237 181 00011<\/p>\n<\/li>\n<li>\n<p data-path-to-node=\"4,6,0\"><b>TVA Intracommunautaire :<\/b> FR15 991237181<\/p>\n<\/li>\n<\/ul>\n<h3 data-path-to-node=\"5\">II. Contacto <\/h3>\n<ul data-path-to-node=\"6\">\n<li>\n<p data-path-to-node=\"6,0,0\"><b>Email :<\/b> info@rivierabarcrawltours.com<\/p>\n<\/li>\n<li>\n<p data-path-to-node=\"6,1,0\"><b>Telefone:<\/b> +33 649 244 407<\/p>\n<\/li>\n<\/ul>\n<h3 data-path-to-node=\"7\">III. Dire\u00e7\u00e3o e responsabilidade <\/h3>\n<ul data-path-to-node=\"8\">\n<li>\n<p data-path-to-node=\"8,0,0\"><b>Respons\u00e1vel :<\/b> Madame Brovida<\/p>\n<\/li>\n<li>\n<p data-path-to-node=\"8,1,0\"><b>Respons\u00e1vel pela publica\u00e7\u00e3o:<\/b> Madame Brovida<\/p>\n<\/li>\n<\/ul>\n<h3 data-path-to-node=\"9\">IV. Conce\u00e7\u00e3o e comunica\u00e7\u00e3o Web <\/h3>\n<ul data-path-to-node=\"10\">\n<li>\n<p data-path-to-node=\"10,0,0\"><b>Realiza\u00e7\u00e3o do site e comunica\u00e7\u00e3o web :<\/b> Riviera Bar Crawl Tours<\/p>\n<\/li>\n<\/ul>\n<h3 data-path-to-node=\"11\">V. Alojamento do s\u00edtio<\/h3>\n<ul data-path-to-node=\"12\">\n<li>\n<p data-path-to-node=\"12,0,0\"><b>Fornecedor :<\/b> OVH<\/p>\n<\/li>\n<li>\n<p data-path-to-node=\"12,1,0\"><b>Morada do respons\u00e1vel:<\/b> 2 rue Kellermann, 59100 Roubaix, Fran\u00e7a<\/p>\n<\/li>\n<li>\n<p data-path-to-node=\"12,2,0\"><b>Contactar o Fornecedor:<\/b> Recorre ao suporte da OVH para contactar o fornecedor de servi\u00e7os.<\/p>\n<\/li>\n<\/ul>\n<h3 data-path-to-node=\"13\">VI. Direitos de propriedade intelectual <\/h3>\n<ul data-path-to-node=\"14\">\n<li>\n<p data-path-to-node=\"14,0,0\"><b>Cr\u00e9ditos Fotogr\u00e1ficos e Visuais :<\/b> Riviera Bar Crawl Tours, Adobe Stock, Envato.<\/p>\n<\/li>\n<li>\n<p data-path-to-node=\"14,1,0\"><b>Direitos de reprodu\u00e7\u00e3o :<\/b> Todos os direitos de reprodu\u00e7\u00e3o s\u00e3o reservados.<\/p>\n<\/li>\n<\/ul>\n<p>[\/vc_column_text][\/vc_column][\/vc_row]<\/p>\n<\/div>","protected":false},"excerpt":{"rendered":"<p>[vc_row css=&#8221;.vc_custom_1611471413193{margin-top: 20px !important;margin-bottom: 20px !important;}&#8221;][vc_column][vc_column_text css=&#8221;&#8221;] MENTIONS L\u00c9GALES RIVIERA BAR CRAWL &amp; TOURS I. Identifica\u00e7\u00e3o do editor do s\u00edtio Designa\u00e7\u00e3o comercial : Riviera Bar Crawl &amp; Tours Nome da Sociedade : LUXSTARS INVESTMENT Sede social: 8 rue Chauvain, 06000 Nice, Fran\u00e7a SIRENE : 991 237 181 SIRET : 991 237 181 00011 TVA Intracommunautaire [&hellip;]<\/p>\n","protected":false},"author":2,"featured_media":111562,"parent":0,"menu_order":0,"comment_status":"closed","ping_status":"closed","template":"template-home-modern.php","meta":{"_acf_changed":false,"footnotes":""},"class_list":["post-125976","page","type-page","status-publish","has-post-thumbnail","hentry"],"acf":[],"yoast_head":"<!-- This site is optimized with the Yoast SEO plugin v27.5 - https:\/\/yoast.com\/product\/yoast-seo-wordpress\/ -->\n<title>AVISOS LEGAIS RIVIERA BAR CRAWL &amp; TOURS | Riviera Bar Crawl Tours<\/title>\n<meta name=\"description\" content=\"AVISOS LEGAIS RIVIERA BAR CRAWL &amp; TOURS COMPANY : RBCT\" \/>\n<meta name=\"robots\" content=\"index, follow, max-snippet:-1, max-image-preview:large, max-video-preview:-1\" \/>\n<link rel=\"canonical\" href=\"https:\/\/rivierabarcrawltours.com\/pt-pt\/avisos-legais-riviera-bar-crawl-tours\/\" \/>\n<meta property=\"og:locale\" content=\"pt_PT\" \/>\n<meta property=\"og:type\" content=\"article\" \/>\n<meta property=\"og:title\" content=\"AVISOS LEGAIS RIVIERA BAR CRAWL &amp; TOURS | Riviera Bar Crawl Tours\" \/>\n<meta property=\"og:description\" content=\"AVISOS LEGAIS RIVIERA BAR CRAWL &amp; TOURS COMPANY : RBCT\" \/>\n<meta property=\"og:url\" content=\"https:\/\/rivierabarcrawltours.com\/pt-pt\/avisos-legais-riviera-bar-crawl-tours\/\" \/>\n<meta property=\"og:site_name\" content=\"Riviera Bar Crawl Tours\" \/>\n<meta property=\"article:publisher\" content=\"https:\/\/www.facebook.com\/RivieraBarCrawltours\/\" \/>\n<meta property=\"og:image\" content=\"https:\/\/rivierabarcrawltours.com\/wp-content\/uploads\/2024\/02\/faq-Riviera-bar-crawl-tours.jpg\" \/>\n\t<meta property=\"og:image:width\" content=\"1920\" \/>\n\t<meta property=\"og:image:height\" content=\"1080\" \/>\n\t<meta property=\"og:image:type\" content=\"image\/jpeg\" \/>\n<meta name=\"twitter:card\" content=\"summary_large_image\" \/>\n<meta name=\"twitter:site\" content=\"@rivierabarcrawl\" \/>\n<meta name=\"twitter:label1\" content=\"Tempo estimado de leitura\" \/>\n\t<meta name=\"twitter:data1\" content=\"1 minute\" \/>\n<!-- \/ Yoast SEO plugin. -->","yoast_head_json":{"title":"AVISOS LEGAIS RIVIERA BAR CRAWL &amp; TOURS | Riviera Bar Crawl Tours","description":"AVISOS LEGAIS RIVIERA BAR CRAWL & TOURS COMPANY : RBCT","robots":{"index":"index","follow":"follow","max-snippet":"max-snippet:-1","max-image-preview":"max-image-preview:large","max-video-preview":"max-video-preview:-1"},"canonical":"https:\/\/rivierabarcrawltours.com\/pt-pt\/avisos-legais-riviera-bar-crawl-tours\/","og_locale":"pt_PT","og_type":"article","og_title":"AVISOS LEGAIS RIVIERA BAR CRAWL &amp; TOURS | Riviera Bar Crawl Tours","og_description":"AVISOS LEGAIS RIVIERA BAR CRAWL & TOURS COMPANY : RBCT","og_url":"https:\/\/rivierabarcrawltours.com\/pt-pt\/avisos-legais-riviera-bar-crawl-tours\/","og_site_name":"Riviera Bar Crawl Tours","article_publisher":"https:\/\/www.facebook.com\/RivieraBarCrawltours\/","og_image":[{"width":1920,"height":1080,"url":"https:\/\/rivierabarcrawltours.com\/wp-content\/uploads\/2024\/02\/faq-Riviera-bar-crawl-tours.jpg","type":"image\/jpeg"}],"twitter_card":"summary_large_image","twitter_site":"@rivierabarcrawl","twitter_misc":{"Tempo estimado de leitura":"1 minute"},"schema":{"@context":"https:\/\/schema.org","@graph":[{"@type":"WebPage","@id":"https:\/\/rivierabarcrawltours.com\/pt-pt\/avisos-legais-riviera-bar-crawl-tours\/","url":"https:\/\/rivierabarcrawltours.com\/pt-pt\/avisos-legais-riviera-bar-crawl-tours\/","name":"AVISOS LEGAIS RIVIERA BAR CRAWL &amp; TOURS | Riviera Bar Crawl Tours","isPartOf":{"@id":"https:\/\/rivierabarcrawltours.com\/#website"},"primaryImageOfPage":{"@id":"https:\/\/rivierabarcrawltours.com\/pt-pt\/avisos-legais-riviera-bar-crawl-tours\/#primaryimage"},"image":{"@id":"https:\/\/rivierabarcrawltours.com\/pt-pt\/avisos-legais-riviera-bar-crawl-tours\/#primaryimage"},"thumbnailUrl":"https:\/\/rivierabarcrawltours.com\/wp-content\/uploads\/2024\/02\/faq-Riviera-bar-crawl-tours.jpg","datePublished":"2026-02-16T13:06:25+00:00","description":"AVISOS LEGAIS RIVIERA BAR CRAWL & TOURS COMPANY : RBCT","breadcrumb":{"@id":"https:\/\/rivierabarcrawltours.com\/pt-pt\/avisos-legais-riviera-bar-crawl-tours\/#breadcrumb"},"inLanguage":"pt-PT","potentialAction":[{"@type":"ReadAction","target":["https:\/\/rivierabarcrawltours.com\/pt-pt\/avisos-legais-riviera-bar-crawl-tours\/"]}]},{"@type":"ImageObject","inLanguage":"pt-PT","@id":"https:\/\/rivierabarcrawltours.com\/pt-pt\/avisos-legais-riviera-bar-crawl-tours\/#primaryimage","url":"https:\/\/rivierabarcrawltours.com\/wp-content\/uploads\/2024\/02\/faq-Riviera-bar-crawl-tours.jpg","contentUrl":"https:\/\/rivierabarcrawltours.com\/wp-content\/uploads\/2024\/02\/faq-Riviera-bar-crawl-tours.jpg","width":1920,"height":1080},{"@type":"BreadcrumbList","@id":"https:\/\/rivierabarcrawltours.com\/pt-pt\/avisos-legais-riviera-bar-crawl-tours\/#breadcrumb","itemListElement":[{"@type":"ListItem","position":1,"name":"Home","item":"https:\/\/rivierabarcrawltours.com\/pt-pt\/"},{"@type":"ListItem","position":2,"name":"AVISOS LEGAIS RIVIERA BAR CRAWL &amp; TOURS"}]},{"@type":"WebSite","@id":"https:\/\/rivierabarcrawltours.com\/#website","url":"https:\/\/rivierabarcrawltours.com\/","name":"Riviera Bar Crawl Tours","description":"Fun Day &amp; Night Experiences I Tour operator I Guided Tours I Bar Crawls I Food Tours I","publisher":{"@id":"https:\/\/rivierabarcrawltours.com\/#organization"},"potentialAction":[{"@type":"SearchAction","target":{"@type":"EntryPoint","urlTemplate":"https:\/\/rivierabarcrawltours.com\/?s={search_term_string}"},"query-input":{"@type":"PropertyValueSpecification","valueRequired":true,"valueName":"search_term_string"}}],"inLanguage":"pt-PT"},{"@type":"Organization","@id":"https:\/\/rivierabarcrawltours.com\/#organization","name":"Riviera Bar Crawl Tours","url":"https:\/\/rivierabarcrawltours.com\/","logo":{"@type":"ImageObject","inLanguage":"pt-PT","@id":"https:\/\/rivierabarcrawltours.com\/#\/schema\/logo\/image\/","url":"https:\/\/rivierabarcrawltours.com\/wp-content\/uploads\/2019\/07\/logo.png","contentUrl":"https:\/\/rivierabarcrawltours.com\/wp-content\/uploads\/2019\/07\/logo.png","width":479,"height":453,"caption":"Riviera Bar Crawl Tours"},"image":{"@id":"https:\/\/rivierabarcrawltours.com\/#\/schema\/logo\/image\/"},"sameAs":["https:\/\/www.facebook.com\/RivieraBarCrawltours\/","https:\/\/x.com\/rivierabarcrawl"]}]}},"_links":{"self":[{"href":"https:\/\/rivierabarcrawltours.com\/pt-pt\/wp-json\/wp\/v2\/pages\/125976","targetHints":{"allow":["GET"]}}],"collection":[{"href":"https:\/\/rivierabarcrawltours.com\/pt-pt\/wp-json\/wp\/v2\/pages"}],"about":[{"href":"https:\/\/rivierabarcrawltours.com\/pt-pt\/wp-json\/wp\/v2\/types\/page"}],"author":[{"embeddable":true,"href":"https:\/\/rivierabarcrawltours.com\/pt-pt\/wp-json\/wp\/v2\/users\/2"}],"replies":[{"embeddable":true,"href":"https:\/\/rivierabarcrawltours.com\/pt-pt\/wp-json\/wp\/v2\/comments?post=125976"}],"version-history":[{"count":2,"href":"https:\/\/rivierabarcrawltours.com\/pt-pt\/wp-json\/wp\/v2\/pages\/125976\/revisions"}],"predecessor-version":[{"id":125978,"href":"https:\/\/rivierabarcrawltours.com\/pt-pt\/wp-json\/wp\/v2\/pages\/125976\/revisions\/125978"}],"wp:featuredmedia":[{"embeddable":true,"href":"https:\/\/rivierabarcrawltours.com\/pt-pt\/wp-json\/wp\/v2\/media\/111562"}],"wp:attachment":[{"href":"https:\/\/rivierabarcrawltours.com\/pt-pt\/wp-json\/wp\/v2\/media?parent=125976"}],"curies":[{"name":"wp","href":"https:\/\/api.w.org\/{rel}","templated":true}]}}