{"id":125970,"date":"2026-02-16T14:03:32","date_gmt":"2026-02-16T13:03:32","guid":{"rendered":"https:\/\/rivierabarcrawltours.com\/politica-de-cookies-para-riviera-bar-crawl\/"},"modified":"2026-02-16T14:03:32","modified_gmt":"2026-02-16T13:03:32","slug":"politica-de-cookies-para-riviera-bar-crawl","status":"publish","type":"page","link":"https:\/\/rivierabarcrawltours.com\/pt-pt\/politica-de-cookies-para-riviera-bar-crawl\/","title":{"rendered":"Pol\u00edtica de cookies para Riviera Bar Crawl"},"content":{"rendered":"<div class=\"wpb-content-wrapper\"><p>[vc_row][vc_column][vc_column_text css=&#8221;&#8221;]<\/p>\n<h2><span style=\"font-weight: 400;\">RIVIERA BAR CRAWL TOURS POL\u00cdTICA DE COOKIES<\/span><\/h2>\n<p><span style=\"font-weight: 400;\">Data de vig\u00eancia: 02\/12\/2025<\/span><\/p>\n<p><span style=\"font-weight: 400;\">Bem-vindo a rivierabarcrawltours.com. Esta Pol\u00edtica de Cookies explica o que s\u00e3o cookies e tecnologias semelhantes, como os usamos e quais s\u00e3o as tuas escolhas em rela\u00e7\u00e3o a eles. <\/span><\/p>\n<ol>\n<li style=\"font-weight: 400;\" aria-level=\"1\"><span style=\"font-weight: 400;\">O QUE \u00c9 UMA BOLACHA?<\/span><\/li>\n<\/ol>\n<p><span style=\"font-weight: 400;\">Um cookie \u00e9 um pequeno ficheiro de texto que \u00e9 armazenado no teu computador ou dispositivo m\u00f3vel quando visitas um s\u00edtio Web. Os cookies s\u00e3o amplamente utilizados para permitir que os s\u00edtios Web funcionem de forma mais eficiente, bem como para fornecer informa\u00e7\u00f5es aos propriet\u00e1rios do s\u00edtio. <\/span><\/p>\n<p><span style=\"font-weight: 400;\">Para o site rivierabarcrawltours.com, permitem-nos recordar as tuas ac\u00e7\u00f5es e prefer\u00eancias (como o in\u00edcio de sess\u00e3o, a l\u00edngua, a moeda, etc.) para que n\u00e3o tenhas de as introduzir novamente quando regressas ao site ou navegas de p\u00e1gina para p\u00e1gina.<\/span><\/p>\n<ol>\n<li style=\"font-weight: 400;\" aria-level=\"1\"><span style=\"font-weight: 400;\">COMO UTILIZAMOS OS COOKIES<\/span><\/li>\n<\/ol>\n<p><span style=\"font-weight: 400;\">Utilizamos cookies e outras tecnologias de rastreio pelas seguintes raz\u00f5es:<\/span><\/p>\n<ul>\n<li style=\"font-weight: 400;\" aria-level=\"1\"><span style=\"font-weight: 400;\">Para garantir o bom funcionamento do s\u00edtio Web e a seguran\u00e7a das tuas transac\u00e7\u00f5es (por exemplo, processo de reserva e de pagamento).<\/span><\/li>\n<li style=\"font-weight: 400;\" aria-level=\"1\"><span style=\"font-weight: 400;\">Para analisar a forma como o s\u00edtio \u00e9 utilizado (medi\u00e7\u00e3o da audi\u00eancia e do desempenho).<\/span><\/li>\n<li style=\"font-weight: 400;\" aria-level=\"1\"><span style=\"font-weight: 400;\">Para melhorar a tua experi\u00eancia de utilizador, recordando as tuas prefer\u00eancias.<\/span><\/li>\n<li style=\"font-weight: 400;\" aria-level=\"1\"><span style=\"font-weight: 400;\">Para te oferecer publicidade direcionada e ofertas relevantes para os nossos passeios e eventos.<\/span><\/li>\n<\/ul>\n<ol>\n<li style=\"font-weight: 400;\" aria-level=\"1\"><span style=\"font-weight: 400;\">TIPOS DE COOKIES UTILIZADOS<\/span><\/li>\n<\/ol>\n<p><span style=\"font-weight: 400;\">Classificamos os cookies utilizados no nosso site nas seguintes categorias:<\/span><\/p>\n<ol>\n<li><span style=\"font-weight: 400;\">  Cookies estritamente necess\u00e1rios (essenciais) Descri\u00e7\u00e3o: Estes cookies s\u00e3o indispens\u00e1veis para o funcionamento b\u00e1sico do site e n\u00e3o podem ser desactivados. Permitem funcionalidades como o acesso \u00e0 \u00e1rea pessoal, a gest\u00e3o do carrinho de reservas e a seguran\u00e7a. N\u00e3o requerem o teu consentimento. Exemplo: Manter a tua sess\u00e3o ativa, registar produtos no teu carrinho, garantir a seguran\u00e7a dos pagamentos.   <\/span><\/li>\n<li><span style=\"font-weight: 400;\">  Descri\u00e7\u00e3o dos cookies de desempenho e an\u00e1lise: Estes cookies ajudam-nos a compreender como os visitantes interagem com o nosso site, recolhendo informa\u00e7\u00f5es de forma an\u00f3nima. Permite-nos medir o n\u00famero de visitantes, as p\u00e1ginas mais visitadas e identificar erros. (Requerem o teu consentimento) Exemplo: Google Analytics (para controlo de tr\u00e1fego), taxa de convers\u00e3o de p\u00e1ginas de reserva.   <\/span><\/li>\n<li><span style=\"font-weight: 400;\">  Descri\u00e7\u00e3o dos cookies de funcionalidade: Estes cookies permitem que o site se lembre das escolhas que fazes (como o teu nome de utilizador, l\u00edngua ou regi\u00e3o) para te fornecer funcionalidades melhoradas e mais pessoais. (Requer o teu consentimento) Exemplo: Recordar o idioma selecionado, recordar as tuas prefer\u00eancias de moeda para os pre\u00e7os das visitas.  <\/span><\/li>\n<li><span style=\"font-weight: 400;\">  Cookies de segmenta\u00e7\u00e3o e publicidade Descri\u00e7\u00e3o: Estes cookies s\u00e3o utilizados para te apresentar an\u00fancios e ofertas mais relevantes, tanto no nosso site como em sites de terceiros. Seguem a tua navega\u00e7\u00e3o e recolhem informa\u00e7\u00f5es para criar um perfil dos teus interesses. (Requerem o teu consentimento) Exemplo: Retargeting atrav\u00e9s de Facebook Ads ou Google Ads depois de veres uma p\u00e1gina espec\u00edfica da visita.   <\/span><\/li>\n<\/ol>\n<p><span style=\"font-weight: 400;\">COOKIES DE TERCEIROS Tamb\u00e9m utilizamos servi\u00e7os de terceiros que podem colocar cookies em nosso nome. Estes servi\u00e7os incluem, nomeadamente: Google Analytics, Plataformas de reserva\/pagamento e Redes Sociais (atrav\u00e9s de bot\u00f5es de partilha ou pix\u00e9is de rastreio). <\/span><\/p>\n<ol>\n<li style=\"font-weight: 400;\" aria-level=\"1\"><span style=\"font-weight: 400;\">AS TUAS ESCOLHAS E A GEST\u00c3O DE COOKIES<\/span><\/li>\n<\/ol>\n<p><span style=\"font-weight: 400;\">Com exce\u00e7\u00e3o dos cookies estritamente necess\u00e1rios, a coloca\u00e7\u00e3o de cookies requer o teu consentimento pr\u00e9vio.<\/span><\/p>\n<ol>\n<li><span style=\"font-weight: 400;\">  Plataforma de gest\u00e3o de consentimento (CMP) Durante a tua primeira visita ao site rivierabarcrawltours.com, uma faixa de consentimento permite-te aceitar ou recusar cookies por categoria. Podes modificar ou retirar o teu consentimento a qualquer momento, clicando na liga\u00e7\u00e3o &#8220;Gerir cookies&#8221; (geralmente localizada no rodap\u00e9 do s\u00edtio). <\/span><\/li>\n<li><span style=\"font-weight: 400;\">  Defini\u00e7\u00f5es do browser Podes configurar o teu browser para aceitar ou rejeitar todos os cookies, aceit\u00e1-los apenas para determinados sites ou avisar-te quando um cookie \u00e9 colocado. A desativa\u00e7\u00e3o de cookies essenciais pode afetar a capacidade de funcionamento correto do nosso s\u00edtio, nomeadamente impedindo o processo de reserva. <\/span><\/li>\n<\/ol>\n<ol>\n<li style=\"font-weight: 400;\" aria-level=\"1\"><span style=\"font-weight: 400;\">ALTERA\u00c7\u00d5ES \u00c0 POL\u00cdTICA DE COOKIES<\/span><\/li>\n<\/ol>\n<p><span style=\"font-weight: 400;\">Podemos atualizar esta Pol\u00edtica de Cookies periodicamente para refletir altera\u00e7\u00f5es nas nossas pr\u00e1ticas de cookies ou por outras raz\u00f5es operacionais, legais ou regulamentares. A data de entrada em vigor no topo desta p\u00e1gina indica quando foi actualizada pela \u00faltima vez. <\/span><\/p>\n<ol>\n<li style=\"font-weight: 400;\" aria-level=\"1\"><span style=\"font-weight: 400;\">CONTACTA-NOS<\/span><\/li>\n<\/ol>\n<p><span style=\"font-weight: 400;\">Se tiveres d\u00favidas sobre a utiliza\u00e7\u00e3o de cookies no nosso s\u00edtio, contacta-nos:<\/span><\/p>\n<p><span style=\"font-weight: 400;\">Riviera Bar Crawl Tours E-mail : info@rivierabarcrawltours.com Endere\u00e7o postal : 8 rue chauvain 06000 Nice, Fran\u00e7a<\/span>[\/vc_column_text][\/vc_column][\/vc_row]<\/p>\n<\/div>","protected":false},"excerpt":{"rendered":"<p>[vc_row][vc_column][vc_column_text css=&#8221;&#8221;] RIVIERA BAR CRAWL TOURS POL\u00cdTICA DE COOKIES Data de vig\u00eancia: 02\/12\/2025 Bem-vindo a rivierabarcrawltours.com. Esta Pol\u00edtica de Cookies explica o que s\u00e3o cookies e tecnologias semelhantes, como os usamos e quais s\u00e3o as tuas escolhas em rela\u00e7\u00e3o a eles. O QUE \u00c9 UMA BOLACHA? Um cookie \u00e9 um pequeno ficheiro de texto que [&hellip;]<\/p>\n","protected":false},"author":2,"featured_media":111562,"parent":0,"menu_order":0,"comment_status":"closed","ping_status":"closed","template":"template-home-modern.php","meta":{"_acf_changed":false,"footnotes":""},"class_list":["post-125970","page","type-page","status-publish","has-post-thumbnail","hentry"],"acf":[],"yoast_head":"<!-- This site is optimized with the Yoast SEO plugin v27.4 - https:\/\/yoast.com\/product\/yoast-seo-wordpress\/ -->\n<title>Pol\u00edtica de cookies para Riviera Bar Crawl | Riviera Bar Crawl Tours<\/title>\n<meta name=\"description\" content=\"Esta \u00e9 a Pol\u00edtica de Cookies das Festas da Riviera Francesa, acess\u00edvel a partir de www.rivierabarcrawl.com\" \/>\n<meta name=\"robots\" content=\"index, follow, max-snippet:-1, max-image-preview:large, max-video-preview:-1\" \/>\n<link rel=\"canonical\" href=\"https:\/\/rivierabarcrawltours.com\/pt-pt\/politica-de-cookies-para-riviera-bar-crawl\/\" \/>\n<meta property=\"og:locale\" content=\"pt_PT\" \/>\n<meta property=\"og:type\" content=\"article\" \/>\n<meta property=\"og:title\" content=\"Pol\u00edtica de cookies para Riviera Bar Crawl | Riviera Bar Crawl Tours\" \/>\n<meta property=\"og:description\" content=\"Esta \u00e9 a Pol\u00edtica de Cookies das Festas da Riviera Francesa, acess\u00edvel a partir de www.rivierabarcrawl.com\" \/>\n<meta property=\"og:url\" content=\"https:\/\/rivierabarcrawltours.com\/pt-pt\/politica-de-cookies-para-riviera-bar-crawl\/\" \/>\n<meta property=\"og:site_name\" content=\"Riviera Bar Crawl Tours\" \/>\n<meta property=\"article:publisher\" content=\"https:\/\/www.facebook.com\/RivieraBarCrawltours\/\" \/>\n<meta property=\"og:image\" content=\"https:\/\/rivierabarcrawltours.com\/wp-content\/uploads\/2024\/02\/faq-Riviera-bar-crawl-tours.jpg\" \/>\n\t<meta property=\"og:image:width\" content=\"1920\" \/>\n\t<meta property=\"og:image:height\" content=\"1080\" \/>\n\t<meta property=\"og:image:type\" content=\"image\/jpeg\" \/>\n<meta name=\"twitter:card\" content=\"summary_large_image\" \/>\n<meta name=\"twitter:site\" content=\"@rivierabarcrawl\" \/>\n<meta name=\"twitter:label1\" content=\"Tempo estimado de leitura\" \/>\n\t<meta name=\"twitter:data1\" content=\"4 minutes\" \/>\n<!-- \/ Yoast SEO plugin. -->","yoast_head_json":{"title":"Pol\u00edtica de cookies para Riviera Bar Crawl | Riviera Bar Crawl Tours","description":"Esta \u00e9 a Pol\u00edtica de Cookies das Festas da Riviera Francesa, acess\u00edvel a partir de www.rivierabarcrawl.com","robots":{"index":"index","follow":"follow","max-snippet":"max-snippet:-1","max-image-preview":"max-image-preview:large","max-video-preview":"max-video-preview:-1"},"canonical":"https:\/\/rivierabarcrawltours.com\/pt-pt\/politica-de-cookies-para-riviera-bar-crawl\/","og_locale":"pt_PT","og_type":"article","og_title":"Pol\u00edtica de cookies para Riviera Bar Crawl | Riviera Bar Crawl Tours","og_description":"Esta \u00e9 a Pol\u00edtica de Cookies das Festas da Riviera Francesa, acess\u00edvel a partir de www.rivierabarcrawl.com","og_url":"https:\/\/rivierabarcrawltours.com\/pt-pt\/politica-de-cookies-para-riviera-bar-crawl\/","og_site_name":"Riviera Bar Crawl Tours","article_publisher":"https:\/\/www.facebook.com\/RivieraBarCrawltours\/","og_image":[{"width":1920,"height":1080,"url":"https:\/\/rivierabarcrawltours.com\/wp-content\/uploads\/2024\/02\/faq-Riviera-bar-crawl-tours.jpg","type":"image\/jpeg"}],"twitter_card":"summary_large_image","twitter_site":"@rivierabarcrawl","twitter_misc":{"Tempo estimado de leitura":"4 minutes"},"schema":{"@context":"https:\/\/schema.org","@graph":[{"@type":"WebPage","@id":"https:\/\/rivierabarcrawltours.com\/pt-pt\/politica-de-cookies-para-riviera-bar-crawl\/","url":"https:\/\/rivierabarcrawltours.com\/pt-pt\/politica-de-cookies-para-riviera-bar-crawl\/","name":"Pol\u00edtica de cookies para Riviera Bar Crawl | Riviera Bar Crawl Tours","isPartOf":{"@id":"https:\/\/rivierabarcrawltours.com\/#website"},"primaryImageOfPage":{"@id":"https:\/\/rivierabarcrawltours.com\/pt-pt\/politica-de-cookies-para-riviera-bar-crawl\/#primaryimage"},"image":{"@id":"https:\/\/rivierabarcrawltours.com\/pt-pt\/politica-de-cookies-para-riviera-bar-crawl\/#primaryimage"},"thumbnailUrl":"https:\/\/rivierabarcrawltours.com\/wp-content\/uploads\/2024\/02\/faq-Riviera-bar-crawl-tours.jpg","datePublished":"2026-02-16T13:03:32+00:00","description":"Esta \u00e9 a Pol\u00edtica de Cookies das Festas da Riviera Francesa, acess\u00edvel a partir de www.rivierabarcrawl.com","breadcrumb":{"@id":"https:\/\/rivierabarcrawltours.com\/pt-pt\/politica-de-cookies-para-riviera-bar-crawl\/#breadcrumb"},"inLanguage":"pt-PT","potentialAction":[{"@type":"ReadAction","target":["https:\/\/rivierabarcrawltours.com\/pt-pt\/politica-de-cookies-para-riviera-bar-crawl\/"]}]},{"@type":"ImageObject","inLanguage":"pt-PT","@id":"https:\/\/rivierabarcrawltours.com\/pt-pt\/politica-de-cookies-para-riviera-bar-crawl\/#primaryimage","url":"https:\/\/rivierabarcrawltours.com\/wp-content\/uploads\/2024\/02\/faq-Riviera-bar-crawl-tours.jpg","contentUrl":"https:\/\/rivierabarcrawltours.com\/wp-content\/uploads\/2024\/02\/faq-Riviera-bar-crawl-tours.jpg","width":1920,"height":1080},{"@type":"BreadcrumbList","@id":"https:\/\/rivierabarcrawltours.com\/pt-pt\/politica-de-cookies-para-riviera-bar-crawl\/#breadcrumb","itemListElement":[{"@type":"ListItem","position":1,"name":"Home","item":"https:\/\/rivierabarcrawltours.com\/pt-pt\/"},{"@type":"ListItem","position":2,"name":"Pol\u00edtica de cookies para Riviera Bar Crawl"}]},{"@type":"WebSite","@id":"https:\/\/rivierabarcrawltours.com\/#website","url":"https:\/\/rivierabarcrawltours.com\/","name":"Riviera Bar Crawl Tours","description":"Fun Day &amp; Night Experiences I Tour operator I Guided Tours I Bar Crawls I Food Tours I","publisher":{"@id":"https:\/\/rivierabarcrawltours.com\/#organization"},"potentialAction":[{"@type":"SearchAction","target":{"@type":"EntryPoint","urlTemplate":"https:\/\/rivierabarcrawltours.com\/?s={search_term_string}"},"query-input":{"@type":"PropertyValueSpecification","valueRequired":true,"valueName":"search_term_string"}}],"inLanguage":"pt-PT"},{"@type":"Organization","@id":"https:\/\/rivierabarcrawltours.com\/#organization","name":"Riviera Bar Crawl Tours","url":"https:\/\/rivierabarcrawltours.com\/","logo":{"@type":"ImageObject","inLanguage":"pt-PT","@id":"https:\/\/rivierabarcrawltours.com\/#\/schema\/logo\/image\/","url":"https:\/\/rivierabarcrawltours.com\/wp-content\/uploads\/2019\/07\/logo.png","contentUrl":"https:\/\/rivierabarcrawltours.com\/wp-content\/uploads\/2019\/07\/logo.png","width":479,"height":453,"caption":"Riviera Bar Crawl Tours"},"image":{"@id":"https:\/\/rivierabarcrawltours.com\/#\/schema\/logo\/image\/"},"sameAs":["https:\/\/www.facebook.com\/RivieraBarCrawltours\/","https:\/\/x.com\/rivierabarcrawl"]}]}},"_links":{"self":[{"href":"https:\/\/rivierabarcrawltours.com\/pt-pt\/wp-json\/wp\/v2\/pages\/125970","targetHints":{"allow":["GET"]}}],"collection":[{"href":"https:\/\/rivierabarcrawltours.com\/pt-pt\/wp-json\/wp\/v2\/pages"}],"about":[{"href":"https:\/\/rivierabarcrawltours.com\/pt-pt\/wp-json\/wp\/v2\/types\/page"}],"author":[{"embeddable":true,"href":"https:\/\/rivierabarcrawltours.com\/pt-pt\/wp-json\/wp\/v2\/users\/2"}],"replies":[{"embeddable":true,"href":"https:\/\/rivierabarcrawltours.com\/pt-pt\/wp-json\/wp\/v2\/comments?post=125970"}],"version-history":[{"count":2,"href":"https:\/\/rivierabarcrawltours.com\/pt-pt\/wp-json\/wp\/v2\/pages\/125970\/revisions"}],"predecessor-version":[{"id":125972,"href":"https:\/\/rivierabarcrawltours.com\/pt-pt\/wp-json\/wp\/v2\/pages\/125970\/revisions\/125972"}],"wp:featuredmedia":[{"embeddable":true,"href":"https:\/\/rivierabarcrawltours.com\/pt-pt\/wp-json\/wp\/v2\/media\/111562"}],"wp:attachment":[{"href":"https:\/\/rivierabarcrawltours.com\/pt-pt\/wp-json\/wp\/v2\/media?parent=125970"}],"curies":[{"name":"wp","href":"https:\/\/api.w.org\/{rel}","templated":true}]}}