{"id":125570,"date":"2026-02-16T12:26:46","date_gmt":"2026-02-16T11:26:46","guid":{"rendered":"https:\/\/rivierabarcrawltours.com\/passeios-e-experiencias-2\/"},"modified":"2026-02-19T15:53:22","modified_gmt":"2026-02-19T14:53:22","slug":"passeios-e-experiencias-2","status":"publish","type":"page","link":"https:\/\/rivierabarcrawltours.com\/pt-pt\/passeios-e-experiencias-2\/","title":{"rendered":"Passeios e experi\u00eancias"},"content":{"rendered":"<div class=\"wpb-content-wrapper\"><p>[vc_row css=&#8221;.vc_custom_1612431259800{margin-top: 40px !important;}&#8221;][vc_column][vc_column_text css=&#8221;&#8221;]<\/p>\n<h2>Passeios e experi\u00eancias<\/h2>\n<p>[\/vc_column_text][vc_column_text css=&#8221;&#8221;]<\/p>\n<div>\n<h2>Descobre a Europa (e n\u00e3o s\u00f3) com o Riviera Bar Crawl &amp; Tours<\/h2>\n<p>Experimenta os destinos como um local com o <strong>Riviera Bar Crawl &amp; Tours &#8211;<\/strong>experi\u00eancias divertidas, amig\u00e1veis e habilmente organizadas, concebidas para <strong>viajantes, h\u00f3spedes de cruzeiros, grupos de amigos e empresas<\/strong> que procuram algo verdadeiramente memor\u00e1vel. Quer estejas aqui pela <strong>cultura, vida nocturna ou sabores incr\u00edveis<\/strong>, n\u00f3s tornamo-lo f\u00e1cil: <strong>grandes guias, grandes locais, grandes vibra\u00e7\u00f5es &#8211; com uma<\/strong>organiza\u00e7\u00e3o suave e sem stress do in\u00edcio ao fim.<\/p>\n<h3>As nossas experi\u00eancias<\/h3>\n<ul>\n<li><strong>Tours Privados<\/strong> &#8211; Uma experi\u00eancia feita \u00e0 medida para casais, amigos, anivers\u00e1rios ou visitas VIP. Escolhe o teu ritmo, o teu estilo e os locais a visitar. <\/li>\n<li><strong>Team Building<\/strong> &#8211; Re\u00fane a tua equipa com momentos interactivos, desafios partilhados e um ambiente social divertido. Ideal para grupos empresariais. <\/li>\n<li><strong>Passeios a p\u00e9<\/strong> &#8211; Explora a p\u00e9 com hist\u00f3rias envolventes, informa\u00e7\u00f5es locais e j\u00f3ias escondidas.<\/li>\n<li><strong>Excurs\u00f5es tur\u00edsticas<\/strong> &#8211; Visita os pontos altos com um anfitri\u00e3o local e um itiner\u00e1rio inteligente que aproveita ao m\u00e1ximo o teu tempo.<\/li>\n<li><strong>Pub Crawls<\/strong> &#8211; Conhece novas pessoas, desfruta de bares escolhidos a dedo e descobre a vida nocturna com um anfitri\u00e3o que mant\u00e9m a noite a fluir.<\/li>\n<li><strong>Party Bus<\/strong> &#8211; Transforma a viagem numa festa: m\u00fasica, energia e um percurso concebido para uma noite inesquec\u00edvel.<\/li>\n<li><strong>Food Tours<\/strong> &#8211; Saboreia cada destino atrav\u00e9s de paragens aut\u00eanticas e especialidades locais. Ideal para os amantes da gastronomia que querem o verdadeiro neg\u00f3cio. <\/li>\n<li><strong>Degusta\u00e7\u00e3o de vinhos<\/strong> &#8211; Saboreia, aprende e desfruta de degusta\u00e7\u00f5es selecionadas que mostram o terroir e as tradi\u00e7\u00f5es locais.<\/li>\n<li><strong>Passeio fotogr\u00e1fico<\/strong> &#8211; Explora locais c\u00e9nicos enquanto captas os teus melhores momentos &#8211; perfeito para casais, amigos e criadores.<\/li>\n<li><strong>Ca\u00e7a ao Tesouro<\/strong> &#8211; Uma forma l\u00fadica e social de descobrir uma cidade atrav\u00e9s de pistas, mini-desafios e paragens surpresa.<\/li>\n<li><strong>Escape Game<\/strong> &#8211; Uma aventura de fuga no mundo real criada para trabalhar em equipa, rir e descobrir &#8211; \u00f3ptima para grupos e sa\u00eddas de empresas.<\/li>\n<li><strong>Boat Party<\/strong> &#8211; Sol, mar, m\u00fasica e boa gente &#8211; uma experi\u00eancia feita para festejar e guardar mem\u00f3rias inesquec\u00edveis.<\/li>\n<li><strong>Aula de cocktails<\/strong> &#8211; Agita, mexe e aprende os segredos por detr\u00e1s de cocktails ic\u00f3nicos com uma sess\u00e3o pr\u00e1tica e divertida.<\/li>\n<\/ul>\n<h3>Porqu\u00ea reservar connosco?<\/h3>\n<ul>\n<li><strong>Experi\u00eancia local, onde quer que v\u00e1s<\/strong> &#8211; Recomenda\u00e7\u00f5es reais, moradas reais, ambiente real<\/li>\n<li><strong>Planeamento f\u00e1cil<\/strong> &#8211; Tratamos dos pormenores para que possas desfrutar do momento<\/li>\n<li><strong>Experi\u00eancias para todos os grupos<\/strong> &#8211; Desde viajantes individuais a grupos privados e equipas empresariais<\/li>\n<li><strong>Hospedado e sem problemas<\/strong> &#8211; Tu apareces, n\u00f3s mantemos tudo a fluir<\/li>\n<\/ul>\n<h3>Est\u00e1s pronto para reservar a tua pr\u00f3xima experi\u00eancia?<\/h3>\n<p>As datas esgotam-se rapidamente &#8211; envia-nos uma mensagem para verificar a disponibilidade e deixa-nos criar o plano perfeito para a tua viagem.<\/p>\n<\/div>\n<div><strong>WhatsApp \/ Telefone:<\/strong> +33 649 244 407<\/div>\n<div>Envia um e-mail: info@rivierabarcrawltours.com<\/div>\n<p>[\/vc_column_text][\/vc_column][\/vc_row][vc_row][vc_column width=&#8221;1\/4&#8243; el_class=&#8221;main-col&#8221; css=&#8221;.vc_custom_1612431923475{margin-bottom: 20px !important;}&#8221;][vc_column_text css=&#8221;.vc_custom_1612433291524{background-image: url(https:\/\/rivierabarcrawltours.com\/wp-content\/uploads\/2020\/04\/private-tours-paris-france-1-1.jpg?id=53673) !important;}&#8221;]<a href=\"\/concept\/riviera-private-tours\">Visitas privadas<\/a>[\/vc_column_text][\/vc_column][vc_column width=&#8221;1\/4&#8243; el_class=&#8221;main-col&#8221; css=&#8221;.vc_custom_1612432008756{margin-bottom: 20px !important;}&#8221;][vc_column_text css=&#8221;.vc_custom_1612433943747{background-image: url(https:\/\/rivierabarcrawltours.com\/wp-content\/uploads\/2021\/01\/teambuilding-nice.jpg?id=63064) !important;}&#8221;]<a href=\"\/concept\/riviera-team-building\">Forma\u00e7\u00e3o de equipas<\/a>[\/vc_column_text][\/vc_column][vc_column width=&#8221;1\/4&#8243; el_class=&#8221;main-col&#8221; css=&#8221;.vc_custom_1613118716288{margin-bottom: 20px !important;}&#8221;][vc_column_text css=&#8221;.vc_custom_1712854665597{background-image: url(https:\/\/rivierabarcrawltours.com\/wp-content\/uploads\/2024\/04\/walking-tours.jpg?id=111976) !important;}&#8221;]<a href=\"\/concept\/riviera-walking-tours\">Passeios a p\u00e9<\/a>[\/vc_column_text][\/vc_column][vc_column width=&#8221;1\/4&#8243; el_class=&#8221;main-col&#8221; css=&#8221;.vc_custom_1612432062266{margin-bottom: 20px !important;}&#8221;][vc_column_text css=&#8221;.vc_custom_1712924583170{background-image: url(https:\/\/rivierabarcrawltours.com\/wp-content\/uploads\/2021\/02\/nice-pub-crawls-300&#215;300-1.jpg?id=106823) !important;}&#8221;]<a href=\"https:\/\/rivierabarcrawltours.com\/pt-pt\/?attachment_id=108044\">Rastreios em bares<\/a>[\/vc_column_text][\/vc_column][\/vc_row][vc_row][vc_column width=&#8221;1\/4&#8243; el_class=&#8221;main-col&#8221; css=&#8221;.vc_custom_1612431923475{margin-bottom: 20px !important;}&#8221;][vc_column_text css=&#8221;.vc_custom_1712924798017{background-image: url(https:\/\/rivierabarcrawltours.com\/wp-content\/uploads\/2022\/01\/Cannes-Food-Tours-2022.mp4_000037866.png?id=106646) !important;}&#8221;]<a href=\"\/concept\/riviera-food-tours\">Excurs\u00f5es gastron\u00f3micas<\/a>[\/vc_column_text][\/vc_column][vc_column width=&#8221;1\/4&#8243; el_class=&#8221;main-col&#8221; css=&#8221;.vc_custom_1612432008756{margin-bottom: 20px !important;}&#8221;][vc_column_text css=&#8221;.vc_custom_1612437069872{background-image: url(https:\/\/rivierabarcrawltours.com\/wp-content\/uploads\/2020\/03\/vineyard-tours-nice-france.pic-2.jpg?id=51786) !important;}&#8221;]<\/p>\n<p><a href=\"\/concept\/riviera-wine-tasting\">Prova de vinhos<\/a><\/p>\n<p>[\/vc_column_text][\/vc_column][vc_column width=&#8221;1\/4&#8243; el_class=&#8221;main-col&#8221; css=&#8221;.vc_custom_1613118716288{margin-bottom: 20px !important;}&#8221;][vc_column_text css=&#8221;.vc_custom_1770904298989{background-image: url(https:\/\/rivierabarcrawltours.com\/wp-content\/uploads\/2026\/02\/Sightseeing-tours.jpg?id=125346) !important;}&#8221;]<a href=\"https:\/\/rivierabarcrawltours.com\/tour\/sightseeing-tour%E2%80%A6o-antibes-cannes\/\">Passeios tur\u00edsticos<\/a>[\/vc_column_text][\/vc_column][vc_column width=&#8221;1\/4&#8243; el_class=&#8221;main-col&#8221; css=&#8221;.vc_custom_1612432062266{margin-bottom: 20px !important;}&#8221;][vc_column_text css=&#8221;.vc_custom_1771495644174{background-image: url(https:\/\/rivierabarcrawltours.com\/wp-content\/uploads\/2026\/02\/Party-bus-.webp?id=125347) !important;}&#8221;]<a href=\"https:\/\/rivierabarcrawltours.com\/pt-pt\/tour\/party-bus-paris-franca\/\">Autocarro de festa<\/a>[\/vc_column_text][\/vc_column][\/vc_row][vc_row][vc_column width=&#8221;1\/4&#8243; el_class=&#8221;main-col&#8221; css=&#8221;.vc_custom_1612431923475{margin-bottom: 20px !important;}&#8221;][vc_column_text css=&#8221;.vc_custom_1770972442520{background-image: url(https:\/\/rivierabarcrawltours.com\/wp-content\/uploads\/2026\/02\/Photo-walk-scaled.jpg?id=125348) !important;}&#8221;]<a href=\"https:\/\/rivierabarcrawltours.com\/pt-pt\/tour\/capture-paris-um-passeio-fotografico-inesquecivel-no-quartier-latin\/\">Passeio fotogr\u00e1fico<\/a>[\/vc_column_text][\/vc_column][vc_column width=&#8221;1\/4&#8243; el_class=&#8221;main-col&#8221; css=&#8221;.vc_custom_1612432008756{margin-bottom: 20px !important;}&#8221;][vc_column_text css=&#8221;.vc_custom_1770972476163{background-image: url(https:\/\/rivierabarcrawltours.com\/wp-content\/uploads\/2026\/02\/Treasure-Hunt-.webp?id=125349) !important;}&#8221;]<a href=\"https:\/\/rivierabarcrawltours.com\/tour\/treasure-hunting\/\">Ca\u00e7a ao tesouro<\/a>[\/vc_column_text][\/vc_column][vc_column width=&#8221;1\/4&#8243; el_class=&#8221;main-col&#8221; css=&#8221;.vc_custom_1613118716288{margin-bottom: 20px !important;}&#8221;][vc_column_text css=&#8221;.vc_custom_1771512526046{background-image: url(https:\/\/rivierabarcrawltours.com\/wp-content\/uploads\/2026\/02\/Outdoor-escape-game-.jpg?id=125350) !important;}&#8221;]<a href=\"https:\/\/rivierabarcrawltours.com\/tour\/heist-of-the-cen%E2%80%A6y-escape-game-38\/\">Jogo de fuga<\/a>[\/vc_column_text][\/vc_column][vc_column width=&#8221;1\/4&#8243; el_class=&#8221;main-col&#8221; css=&#8221;.vc_custom_1612432062266{margin-bottom: 20px !important;}&#8221;][vc_column_text css=&#8221;.vc_custom_1770973038691{background-image: url(https:\/\/rivierabarcrawltours.com\/wp-content\/uploads\/2023\/05\/Riviera-boat-party-1.jpg?id=109905) !important;}&#8221;]<a href=\"https:\/\/rivierabarcrawltours.com\/pt-pt\/tour\/festa-de-barco-nice-franca\/\">Festa no barco<\/a>[\/vc_column_text][\/vc_column][\/vc_row][vc_row][vc_column width=&#8221;1\/4&#8243; el_class=&#8221;main-col&#8221; css=&#8221;.vc_custom_1612431923475{margin-bottom: 20px !important;}&#8221;][vc_column_text css=&#8221;.vc_custom_1770973071243{background-image: url(https:\/\/rivierabarcrawltours.com\/wp-content\/uploads\/2021\/08\/Cocktail-Masterclass-Niza-4.jpg?id=107887) !important;}&#8221;]<a href=\"https:\/\/rivierabarcrawltours.com\/tour\/cocktail-making-%E2%80%A6e-french-riviera\/\">Aula de prepara\u00e7\u00e3o de cocktails<\/a>[\/vc_column_text][\/vc_column][vc_column width=&#8221;1\/4&#8243; el_class=&#8221;main-col&#8221; css=&#8221;.vc_custom_1612432008756{margin-bottom: 20px !important;}&#8221;][\/vc_column][vc_column width=&#8221;1\/4&#8243; el_class=&#8221;main-col&#8221; css=&#8221;.vc_custom_1613118716288{margin-bottom: 20px !important;}&#8221;][\/vc_column][vc_column width=&#8221;1\/4&#8243; el_class=&#8221;main-col&#8221; css=&#8221;.vc_custom_1612432062266{margin-bottom: 20px !important;}&#8221;][\/vc_column][\/vc_row]<\/p>\n<\/div>","protected":false},"excerpt":{"rendered":"<p>[vc_row css=&#8221;.vc_custom_1612431259800{margin-top: 40px !important;}&#8221;][vc_column][vc_column_text css=&#8221;&#8221;] Passeios e experi\u00eancias [\/vc_column_text][vc_column_text css=&#8221;&#8221;] Descobre a Europa (e n\u00e3o s\u00f3) com o Riviera Bar Crawl &amp; Tours Experimenta os destinos como um local com o Riviera Bar Crawl &amp; Tours &#8211;experi\u00eancias divertidas, amig\u00e1veis e habilmente organizadas, concebidas para viajantes, h\u00f3spedes de cruzeiros, grupos de amigos e empresas que procuram [&hellip;]<\/p>\n","protected":false},"author":2,"featured_media":125569,"parent":0,"menu_order":0,"comment_status":"closed","ping_status":"closed","template":"template-home-modern.php","meta":{"_acf_changed":false,"footnotes":""},"class_list":["post-125570","page","type-page","status-publish","has-post-thumbnail","hentry"],"acf":[],"yoast_head":"<!-- This site is optimized with the Yoast SEO plugin v27.3 - https:\/\/yoast.com\/product\/yoast-seo-wordpress\/ -->\n<title>Passeios e experi\u00eancias | Riviera Bar Crawl Tours<\/title>\n<meta name=\"description\" content=\"Riviera Bar Crawl &amp; Tours d\u00e1 vida \u00e0 Riviera. Somos especialistas em grandes actividades, festas super divertidas e passeios r\u00e1pidos pela Riviera Francesa.\" \/>\n<meta name=\"robots\" content=\"index, follow, max-snippet:-1, max-image-preview:large, max-video-preview:-1\" \/>\n<link rel=\"canonical\" href=\"https:\/\/rivierabarcrawltours.com\/pt-pt\/passeios-e-experiencias-2\/\" \/>\n<meta property=\"og:locale\" content=\"pt_PT\" \/>\n<meta property=\"og:type\" content=\"article\" \/>\n<meta property=\"og:title\" content=\"Passeios e experi\u00eancias | Riviera Bar Crawl Tours\" \/>\n<meta property=\"og:description\" content=\"Riviera Bar Crawl &amp; Tours d\u00e1 vida \u00e0 Riviera. Somos especialistas em grandes actividades, festas super divertidas e passeios r\u00e1pidos pela Riviera Francesa.\" \/>\n<meta property=\"og:url\" content=\"https:\/\/rivierabarcrawltours.com\/pt-pt\/passeios-e-experiencias-2\/\" \/>\n<meta property=\"og:site_name\" content=\"Riviera Bar Crawl Tours\" \/>\n<meta property=\"article:publisher\" content=\"https:\/\/www.facebook.com\/RivieraBarCrawltours\/\" \/>\n<meta property=\"article:modified_time\" content=\"2026-02-19T14:53:22+00:00\" \/>\n<meta property=\"og:image\" content=\"https:\/\/rivierabarcrawltours.com\/wp-content\/uploads\/2024\/07\/riviera-pub-crawls-1024x1024.jpg\" \/>\n<meta name=\"twitter:card\" content=\"summary_large_image\" \/>\n<meta name=\"twitter:site\" content=\"@rivierabarcrawl\" \/>\n<meta name=\"twitter:label1\" content=\"Tempo estimado de leitura\" \/>\n\t<meta name=\"twitter:data1\" content=\"5 minutes\" \/>\n<!-- \/ Yoast SEO plugin. -->","yoast_head_json":{"title":"Passeios e experi\u00eancias | Riviera Bar Crawl Tours","description":"Riviera Bar Crawl & Tours d\u00e1 vida \u00e0 Riviera. Somos especialistas em grandes actividades, festas super divertidas e passeios r\u00e1pidos pela Riviera Francesa.","robots":{"index":"index","follow":"follow","max-snippet":"max-snippet:-1","max-image-preview":"max-image-preview:large","max-video-preview":"max-video-preview:-1"},"canonical":"https:\/\/rivierabarcrawltours.com\/pt-pt\/passeios-e-experiencias-2\/","og_locale":"pt_PT","og_type":"article","og_title":"Passeios e experi\u00eancias | Riviera Bar Crawl Tours","og_description":"Riviera Bar Crawl & Tours d\u00e1 vida \u00e0 Riviera. Somos especialistas em grandes actividades, festas super divertidas e passeios r\u00e1pidos pela Riviera Francesa.","og_url":"https:\/\/rivierabarcrawltours.com\/pt-pt\/passeios-e-experiencias-2\/","og_site_name":"Riviera Bar Crawl Tours","article_publisher":"https:\/\/www.facebook.com\/RivieraBarCrawltours\/","article_modified_time":"2026-02-19T14:53:22+00:00","og_image":[{"url":"https:\/\/rivierabarcrawltours.com\/wp-content\/uploads\/2024\/07\/riviera-pub-crawls-1024x1024.jpg","type":"","width":"","height":""}],"twitter_card":"summary_large_image","twitter_site":"@rivierabarcrawl","twitter_misc":{"Tempo estimado de leitura":"5 minutes"},"schema":{"@context":"https:\/\/schema.org","@graph":[{"@type":"WebPage","@id":"https:\/\/rivierabarcrawltours.com\/pt-pt\/passeios-e-experiencias-2\/","url":"https:\/\/rivierabarcrawltours.com\/pt-pt\/passeios-e-experiencias-2\/","name":"Passeios e experi\u00eancias | Riviera Bar Crawl Tours","isPartOf":{"@id":"https:\/\/rivierabarcrawltours.com\/#website"},"primaryImageOfPage":{"@id":"https:\/\/rivierabarcrawltours.com\/pt-pt\/passeios-e-experiencias-2\/#primaryimage"},"image":{"@id":"https:\/\/rivierabarcrawltours.com\/pt-pt\/passeios-e-experiencias-2\/#primaryimage"},"thumbnailUrl":"https:\/\/rivierabarcrawltours.com\/wp-content\/uploads\/2026\/02\/french-riviera.jpeg","datePublished":"2026-02-16T11:26:46+00:00","dateModified":"2026-02-19T14:53:22+00:00","description":"Riviera Bar Crawl & Tours d\u00e1 vida \u00e0 Riviera. Somos especialistas em grandes actividades, festas super divertidas e passeios r\u00e1pidos pela Riviera Francesa.","breadcrumb":{"@id":"https:\/\/rivierabarcrawltours.com\/pt-pt\/passeios-e-experiencias-2\/#breadcrumb"},"inLanguage":"pt-PT","potentialAction":[{"@type":"ReadAction","target":["https:\/\/rivierabarcrawltours.com\/pt-pt\/passeios-e-experiencias-2\/"]}]},{"@type":"ImageObject","inLanguage":"pt-PT","@id":"https:\/\/rivierabarcrawltours.com\/pt-pt\/passeios-e-experiencias-2\/#primaryimage","url":"https:\/\/rivierabarcrawltours.com\/wp-content\/uploads\/2026\/02\/french-riviera.jpeg","contentUrl":"https:\/\/rivierabarcrawltours.com\/wp-content\/uploads\/2026\/02\/french-riviera.jpeg","width":1440,"height":764},{"@type":"BreadcrumbList","@id":"https:\/\/rivierabarcrawltours.com\/pt-pt\/passeios-e-experiencias-2\/#breadcrumb","itemListElement":[{"@type":"ListItem","position":1,"name":"Home","item":"https:\/\/rivierabarcrawltours.com\/pt-pt\/"},{"@type":"ListItem","position":2,"name":"Passeios e experi\u00eancias"}]},{"@type":"WebSite","@id":"https:\/\/rivierabarcrawltours.com\/#website","url":"https:\/\/rivierabarcrawltours.com\/","name":"Riviera Bar Crawl Tours","description":"Fun Day &amp; Night Experiences I Tour operator I Guided Tours I Bar Crawls I Food Tours I","publisher":{"@id":"https:\/\/rivierabarcrawltours.com\/#organization"},"potentialAction":[{"@type":"SearchAction","target":{"@type":"EntryPoint","urlTemplate":"https:\/\/rivierabarcrawltours.com\/?s={search_term_string}"},"query-input":{"@type":"PropertyValueSpecification","valueRequired":true,"valueName":"search_term_string"}}],"inLanguage":"pt-PT"},{"@type":"Organization","@id":"https:\/\/rivierabarcrawltours.com\/#organization","name":"Riviera Bar Crawl Tours","url":"https:\/\/rivierabarcrawltours.com\/","logo":{"@type":"ImageObject","inLanguage":"pt-PT","@id":"https:\/\/rivierabarcrawltours.com\/#\/schema\/logo\/image\/","url":"https:\/\/rivierabarcrawltours.com\/wp-content\/uploads\/2019\/07\/logo.png","contentUrl":"https:\/\/rivierabarcrawltours.com\/wp-content\/uploads\/2019\/07\/logo.png","width":479,"height":453,"caption":"Riviera Bar Crawl Tours"},"image":{"@id":"https:\/\/rivierabarcrawltours.com\/#\/schema\/logo\/image\/"},"sameAs":["https:\/\/www.facebook.com\/RivieraBarCrawltours\/","https:\/\/x.com\/rivierabarcrawl"]}]}},"_links":{"self":[{"href":"https:\/\/rivierabarcrawltours.com\/pt-pt\/wp-json\/wp\/v2\/pages\/125570","targetHints":{"allow":["GET"]}}],"collection":[{"href":"https:\/\/rivierabarcrawltours.com\/pt-pt\/wp-json\/wp\/v2\/pages"}],"about":[{"href":"https:\/\/rivierabarcrawltours.com\/pt-pt\/wp-json\/wp\/v2\/types\/page"}],"author":[{"embeddable":true,"href":"https:\/\/rivierabarcrawltours.com\/pt-pt\/wp-json\/wp\/v2\/users\/2"}],"replies":[{"embeddable":true,"href":"https:\/\/rivierabarcrawltours.com\/pt-pt\/wp-json\/wp\/v2\/comments?post=125570"}],"version-history":[{"count":5,"href":"https:\/\/rivierabarcrawltours.com\/pt-pt\/wp-json\/wp\/v2\/pages\/125570\/revisions"}],"predecessor-version":[{"id":126915,"href":"https:\/\/rivierabarcrawltours.com\/pt-pt\/wp-json\/wp\/v2\/pages\/125570\/revisions\/126915"}],"wp:featuredmedia":[{"embeddable":true,"href":"https:\/\/rivierabarcrawltours.com\/pt-pt\/wp-json\/wp\/v2\/media\/125569"}],"wp:attachment":[{"href":"https:\/\/rivierabarcrawltours.com\/pt-pt\/wp-json\/wp\/v2\/media?parent=125570"}],"curies":[{"name":"wp","href":"https:\/\/api.w.org\/{rel}","templated":true}]}}