{"id":125544,"date":"2026-02-16T12:19:53","date_gmt":"2026-02-16T11:19:53","guid":{"rendered":"https:\/\/rivierabarcrawltours.com\/bar-crawls\/"},"modified":"2026-02-16T12:19:54","modified_gmt":"2026-02-16T11:19:54","slug":"bar-crawls","status":"publish","type":"page","link":"https:\/\/rivierabarcrawltours.com\/pt-pt\/bar-crawls\/","title":{"rendered":"Bar Crawls"},"content":{"rendered":"<div class=\"wpb-content-wrapper\"><p>[vc_row css=&#8221;.vc_custom_1612431259800{margin-top: 40px !important;}&#8221;][vc_column][vc_column_text css=&#8221;&#8221;]<\/p>\n<h1><strong>Aventuras \u00e9picas em bares pela Europa e pelo mundo<\/strong><\/h1>\n<p>[\/vc_column_text][vc_column_text css=&#8221;&#8221;]<strong>Descobre os melhores Pub Crawls nas cidades mais quentes da Europa<\/strong><\/p>\n<p>Est\u00e1s pronto para viver uma vida nocturna lend\u00e1ria? A Riviera Bar Crawl &amp; Tours traz-te experi\u00eancias inesquec\u00edveis de bar crawl em Fran\u00e7a, It\u00e1lia e B\u00e9lgica. Desde 2012, j\u00e1 recebemos mais de 100.000 viajantes que procuram aut\u00eanticas aventuras na vida nocturna europeia.  <\/p>\n<p><strong>O que est\u00e1 inclu\u00eddo em cada Bar Crawl:<\/strong><\/p>\n<ul>\n<li><strong>Acesso ao Clube VIP<\/strong> &#8211; Evita as filas e entra nos melhores locais sem complica\u00e7\u00f5es<\/li>\n<li><strong>Welcome Shots &amp; Drink Specials<\/strong> &#8211; Ofertas exclusivas em cada paragem<\/li>\n<li><strong>Guias locais especializados<\/strong> &#8211; Anfitri\u00f5es divertidos e conhecedores dos melhores locais<\/li>\n<li><strong>Multid\u00e3o internacional<\/strong> &#8211; Conhece viajantes de todo o mundo<\/li>\n<li><b>Reserva a tua visita <\/b>&#8211; com grupo p\u00fablico ou privado tamb\u00e9m<\/li>\n<\/ul>\n<p>Quer estejas a explorar a glamorosa Riviera Francesa, a descobrir a vida nocturna italiana ou a mergulhar na cultura de festa belga, os nossos bar crawls proporcionam experi\u00eancias de excel\u00eancia a pre\u00e7os acess\u00edveis. Desfruta de uma noite inesquec\u00edvel com aventureiros que pensam como tu. <\/p>\n<p><strong>Junta-te a milhares de clientes satisfeitos e classificados como &#8220;EXCELENTE&#8221; com mais de 1.291 avalia\u00e7\u00f5es de cinco estrelas. A tua noite europeia \u00e9pica come\u00e7a aqui. <\/strong><\/p>\n<p><strong>Escolhe a tua aventura no Bar Crawl:<\/strong>[\/vc_column_text][\/vc_column][\/vc_row][vc_row][vc_column width=&#8221;1\/4&#8243; el_class=&#8221;main-col&#8221; css=&#8221;.vc_custom_1612431923475{margin-bottom: 20px !important;}&#8221;][vc_column_text css=&#8221;.vc_custom_1770901483761{background-image: url(https:\/\/rivierabarcrawltours.com\/wp-content\/uploads\/2023\/02\/RBCT-Friday-night-in-Paris.jpeg?id=105557) !important;}&#8221;]<a href=\"https:\/\/rivierabarcrawltours.com\/pt-pt\/franca-bar-crawls\/\">Fran\u00e7a Bar Crawl<\/a>[\/vc_column_text][\/vc_column][vc_column width=&#8221;1\/4&#8243; el_class=&#8221;main-col&#8221; css=&#8221;.vc_custom_1612432008756{margin-bottom: 20px !important;}&#8221;][vc_column_text css=&#8221;.vc_custom_1770901538292{background-image: url(https:\/\/rivierabarcrawltours.com\/wp-content\/uploads\/2020\/09\/Colosseum-Rome-Italy-1.jpg?id=61082) !important;}&#8221;]<a href=\"https:\/\/rivierabarcrawltours.com\/pt-pt\/italia-bar-crawls\/\">It\u00e1lia Bar Crawl<\/a>[\/vc_column_text][\/vc_column][vc_column width=&#8221;1\/4&#8243; el_class=&#8221;main-col&#8221; css=&#8221;.vc_custom_1613118716288{margin-bottom: 20px !important;}&#8221;][vc_column_text css=&#8221;.vc_custom_1770901576537{background-image: url(https:\/\/rivierabarcrawltours.com\/wp-content\/uploads\/2026\/02\/Brussels-by-night-.jpg?id=125280) !important;}&#8221;]<a href=\"https:\/\/rivierabarcrawltours.com\/pt-pt\/belgica-bar-crawls\/\">B\u00e9lgica Bar Crawl<\/a>[\/vc_column_text][\/vc_column][vc_column width=&#8221;1\/4&#8243; el_class=&#8221;main-col&#8221; css=&#8221;.vc_custom_1612432062266{margin-bottom: 20px !important;}&#8221;][vc_column_text css=&#8221;.vc_custom_1770901609224{background-image: url(https:\/\/rivierabarcrawltours.com\/wp-content\/uploads\/2026\/02\/instagram-post-Nice-NYE-2027.jpg?id=125284) !important;}&#8221;]<a href=\"https:\/\/rivierabarcrawltours.com\/pt-pt\/bar-crawls-especiais\/\">Especial Bar Crawl<\/a>[\/vc_column_text][\/vc_column][\/vc_row][vc_row][vc_column][vc_column_text css=&#8221;&#8221;]<a href=\"https:\/\/rivierabarcrawltours.com\/pt-pt\/fale-conosco\/\">Contacta-nos para um pedido espec\u00edfico <\/a><\/p>\n<p><b>WhatsApp Telefone<\/b> +33 649 244 407<\/p>\n<p><b>Email<\/b> info@rivierabarcrawltours.com[\/vc_column_text][\/vc_column][\/vc_row]<\/p>\n<\/div>","protected":false},"excerpt":{"rendered":"<p>[vc_row css=&#8221;.vc_custom_1612431259800{margin-top: 40px !important;}&#8221;][vc_column][vc_column_text css=&#8221;&#8221;] Aventuras \u00e9picas em bares pela Europa e pelo mundo [\/vc_column_text][vc_column_text css=&#8221;&#8221;]Descobre os melhores Pub Crawls nas cidades mais quentes da Europa Est\u00e1s pronto para viver uma vida nocturna lend\u00e1ria? A Riviera Bar Crawl &amp; Tours traz-te experi\u00eancias inesquec\u00edveis de bar crawl em Fran\u00e7a, It\u00e1lia e B\u00e9lgica. Desde 2012, j\u00e1 recebemos [&hellip;]<\/p>\n","protected":false},"author":2,"featured_media":108044,"parent":0,"menu_order":0,"comment_status":"closed","ping_status":"closed","template":"template-home-modern.php","meta":{"_acf_changed":false,"footnotes":""},"class_list":["post-125544","page","type-page","status-publish","has-post-thumbnail","hentry"],"acf":[],"yoast_head":"<!-- This site is optimized with the Yoast SEO plugin v27.3 - https:\/\/yoast.com\/product\/yoast-seo-wordpress\/ -->\n<title>Riviera Bar Crawl Tours I Reserva os teus divertidos Bar Crawls<\/title>\n<meta name=\"description\" content=\"Queres passar um bom bocado? Junta-te aos Riviera Bar Crawls e desfruta dos melhores pub crawls da Europa e de todo o mundo\" \/>\n<meta name=\"robots\" content=\"index, follow, max-snippet:-1, max-image-preview:large, max-video-preview:-1\" \/>\n<link rel=\"canonical\" href=\"https:\/\/rivierabarcrawltours.com\/pt-pt\/bar-crawls\/\" \/>\n<meta property=\"og:locale\" content=\"pt_PT\" \/>\n<meta property=\"og:type\" content=\"article\" \/>\n<meta property=\"og:title\" content=\"Rastreio especial de bares\" \/>\n<meta property=\"og:description\" content=\"Rastreio especial de bares\" \/>\n<meta property=\"og:url\" content=\"https:\/\/rivierabarcrawltours.com\/pt-pt\/bar-crawls\/\" \/>\n<meta property=\"og:site_name\" content=\"Riviera Bar Crawl Tours\" \/>\n<meta property=\"article:publisher\" content=\"https:\/\/www.facebook.com\/RivieraBarCrawltours\/\" \/>\n<meta property=\"article:modified_time\" content=\"2026-02-16T11:19:54+00:00\" \/>\n<meta property=\"og:image\" content=\"https:\/\/rivierabarcrawltours.com\/wp-content\/uploads\/2024\/07\/riviera-pub-crawls-1024x1024.jpg\" \/>\n<meta name=\"twitter:card\" content=\"summary_large_image\" \/>\n<meta name=\"twitter:site\" content=\"@rivierabarcrawl\" \/>\n<meta name=\"twitter:label1\" content=\"Tempo estimado de leitura\" \/>\n\t<meta name=\"twitter:data1\" content=\"2 minutes\" \/>\n<!-- \/ Yoast SEO plugin. -->","yoast_head_json":{"title":"Riviera Bar Crawl Tours I Reserva os teus divertidos Bar Crawls","description":"Queres passar um bom bocado? Junta-te aos Riviera Bar Crawls e desfruta dos melhores pub crawls da Europa e de todo o mundo","robots":{"index":"index","follow":"follow","max-snippet":"max-snippet:-1","max-image-preview":"max-image-preview:large","max-video-preview":"max-video-preview:-1"},"canonical":"https:\/\/rivierabarcrawltours.com\/pt-pt\/bar-crawls\/","og_locale":"pt_PT","og_type":"article","og_title":"Rastreio especial de bares","og_description":"Rastreio especial de bares","og_url":"https:\/\/rivierabarcrawltours.com\/pt-pt\/bar-crawls\/","og_site_name":"Riviera Bar Crawl Tours","article_publisher":"https:\/\/www.facebook.com\/RivieraBarCrawltours\/","article_modified_time":"2026-02-16T11:19:54+00:00","og_image":[{"url":"https:\/\/rivierabarcrawltours.com\/wp-content\/uploads\/2024\/07\/riviera-pub-crawls-1024x1024.jpg","type":"","width":"","height":""}],"twitter_card":"summary_large_image","twitter_site":"@rivierabarcrawl","twitter_misc":{"Tempo estimado de leitura":"2 minutes"},"schema":{"@context":"https:\/\/schema.org","@graph":[{"@type":"WebPage","@id":"https:\/\/rivierabarcrawltours.com\/pt-pt\/bar-crawls\/","url":"https:\/\/rivierabarcrawltours.com\/pt-pt\/bar-crawls\/","name":"Riviera Bar Crawl Tours I Reserva os teus divertidos Bar Crawls","isPartOf":{"@id":"https:\/\/rivierabarcrawltours.com\/#website"},"primaryImageOfPage":{"@id":"https:\/\/rivierabarcrawltours.com\/pt-pt\/bar-crawls\/#primaryimage"},"image":{"@id":"https:\/\/rivierabarcrawltours.com\/pt-pt\/bar-crawls\/#primaryimage"},"thumbnailUrl":"https:\/\/rivierabarcrawltours.com\/wp-content\/uploads\/2023\/06\/riviera-pub-crawls.jpg","datePublished":"2026-02-16T11:19:53+00:00","dateModified":"2026-02-16T11:19:54+00:00","description":"Queres passar um bom bocado? Junta-te aos Riviera Bar Crawls e desfruta dos melhores pub crawls da Europa e de todo o mundo","breadcrumb":{"@id":"https:\/\/rivierabarcrawltours.com\/pt-pt\/bar-crawls\/#breadcrumb"},"inLanguage":"pt-PT","potentialAction":[{"@type":"ReadAction","target":["https:\/\/rivierabarcrawltours.com\/pt-pt\/bar-crawls\/"]}]},{"@type":"ImageObject","inLanguage":"pt-PT","@id":"https:\/\/rivierabarcrawltours.com\/pt-pt\/bar-crawls\/#primaryimage","url":"https:\/\/rivierabarcrawltours.com\/wp-content\/uploads\/2023\/06\/riviera-pub-crawls.jpg","contentUrl":"https:\/\/rivierabarcrawltours.com\/wp-content\/uploads\/2023\/06\/riviera-pub-crawls.jpg","width":1920,"height":1113,"caption":"boas experi\u00eancias de vida nocturna"},{"@type":"BreadcrumbList","@id":"https:\/\/rivierabarcrawltours.com\/pt-pt\/bar-crawls\/#breadcrumb","itemListElement":[{"@type":"ListItem","position":1,"name":"Home","item":"https:\/\/rivierabarcrawltours.com\/pt-pt\/"},{"@type":"ListItem","position":2,"name":"Bar Crawls"}]},{"@type":"WebSite","@id":"https:\/\/rivierabarcrawltours.com\/#website","url":"https:\/\/rivierabarcrawltours.com\/","name":"Riviera Bar Crawl Tours","description":"Fun Day &amp; Night Experiences I Tour operator I Guided Tours I Bar Crawls I Food Tours I","publisher":{"@id":"https:\/\/rivierabarcrawltours.com\/#organization"},"potentialAction":[{"@type":"SearchAction","target":{"@type":"EntryPoint","urlTemplate":"https:\/\/rivierabarcrawltours.com\/?s={search_term_string}"},"query-input":{"@type":"PropertyValueSpecification","valueRequired":true,"valueName":"search_term_string"}}],"inLanguage":"pt-PT"},{"@type":"Organization","@id":"https:\/\/rivierabarcrawltours.com\/#organization","name":"Riviera Bar Crawl Tours","url":"https:\/\/rivierabarcrawltours.com\/","logo":{"@type":"ImageObject","inLanguage":"pt-PT","@id":"https:\/\/rivierabarcrawltours.com\/#\/schema\/logo\/image\/","url":"https:\/\/rivierabarcrawltours.com\/wp-content\/uploads\/2019\/07\/logo.png","contentUrl":"https:\/\/rivierabarcrawltours.com\/wp-content\/uploads\/2019\/07\/logo.png","width":479,"height":453,"caption":"Riviera Bar Crawl Tours"},"image":{"@id":"https:\/\/rivierabarcrawltours.com\/#\/schema\/logo\/image\/"},"sameAs":["https:\/\/www.facebook.com\/RivieraBarCrawltours\/","https:\/\/x.com\/rivierabarcrawl"]}]}},"_links":{"self":[{"href":"https:\/\/rivierabarcrawltours.com\/pt-pt\/wp-json\/wp\/v2\/pages\/125544","targetHints":{"allow":["GET"]}}],"collection":[{"href":"https:\/\/rivierabarcrawltours.com\/pt-pt\/wp-json\/wp\/v2\/pages"}],"about":[{"href":"https:\/\/rivierabarcrawltours.com\/pt-pt\/wp-json\/wp\/v2\/types\/page"}],"author":[{"embeddable":true,"href":"https:\/\/rivierabarcrawltours.com\/pt-pt\/wp-json\/wp\/v2\/users\/2"}],"replies":[{"embeddable":true,"href":"https:\/\/rivierabarcrawltours.com\/pt-pt\/wp-json\/wp\/v2\/comments?post=125544"}],"version-history":[{"count":2,"href":"https:\/\/rivierabarcrawltours.com\/pt-pt\/wp-json\/wp\/v2\/pages\/125544\/revisions"}],"predecessor-version":[{"id":125546,"href":"https:\/\/rivierabarcrawltours.com\/pt-pt\/wp-json\/wp\/v2\/pages\/125544\/revisions\/125546"}],"wp:featuredmedia":[{"embeddable":true,"href":"https:\/\/rivierabarcrawltours.com\/pt-pt\/wp-json\/wp\/v2\/media\/108044"}],"wp:attachment":[{"href":"https:\/\/rivierabarcrawltours.com\/pt-pt\/wp-json\/wp\/v2\/media?parent=125544"}],"curies":[{"name":"wp","href":"https:\/\/api.w.org\/{rel}","templated":true}]}}