{"id":125421,"date":"2026-02-16T10:15:41","date_gmt":"2026-02-16T09:15:41","guid":{"rendered":"https:\/\/rivierabarcrawltours.com\/festa-de-despedida-de-solteira\/"},"modified":"2026-02-16T10:17:27","modified_gmt":"2026-02-16T09:17:27","slug":"festa-de-despedida-de-solteira","status":"publish","type":"page","link":"https:\/\/rivierabarcrawltours.com\/pt-pt\/festa-de-despedida-de-solteira\/","title":{"rendered":"Festa de despedida de solteira"},"content":{"rendered":"<div class=\"wpb-content-wrapper\"><p>[vc_row css=&#8221;.vc_custom_1612431259800{margin-top: 40px !important;}&#8221;][vc_column][vc_column_text css=&#8221;&#8221;]<\/p>\n<h1>Todos os nossos destinos para despedidas de solteira e despedidas de solteiro<\/h1>\n<p>[\/vc_column_text][vc_column_text css=&#8221;&#8221;]<\/p>\n<h2><strong>Despedidas de solteira e festas de despedida de solteira no estrangeiro<\/strong><\/h2>\n<p><strong>Planeia uma despedida de solteira \u00fanica na vida &#8211; sem stress e com momentos 100% inesquec\u00edveis.<\/strong><\/p>\n<p>Planear uma despedida de solteira ou uma despedida de solteiro no estrangeiro deve ser emocionante, n\u00e3o esmagador. Na <strong>Riviera Bar Crawl &amp; Tours<\/strong>, ajudamos-te a criar o tipo de celebra\u00e7\u00e3o de que o teu grupo falar\u00e1 durante anos &#8211; quer estejas a sonhar com uma noite glamorosa na <strong>Riviera Francesa<\/strong> ou com uma escapadela \u00e0 cidade com muita energia. <\/p>\n<p>Desde locais ic\u00f3nicos para festas a destinos mais luxuosos como <strong>Saint-Tropez<\/strong>, criamos experi\u00eancias que combinam com a tua vibra\u00e7\u00e3o: cocktails com classe, vida nocturna selvagem ou uma mistura perfeita de ambos. Queres agitar as coisas? Escolhe a partir de uma gama de ideias divertidas e entretenimento para grupos &#8211; como <strong>bar crawls privados<\/strong>, experi\u00eancias de vida nocturna e muito mais &#8211; adaptadas ao teu destino e ao teu hor\u00e1rio.  <\/p>\n<h3><strong>Porqu\u00ea planear a tua despedida de solteiro connosco?<\/strong><\/h3>\n<ul>\n<li><strong>Feito para grupos:<\/strong> planeamento f\u00e1cil, coordena\u00e7\u00e3o sem problemas e um programa de que todos gostam<\/li>\n<li><strong>Experi\u00eancia local:<\/strong> sabemos onde ir, quando ir e como fazer a noite fluir<\/li>\n<li>Vibra\u00e7\u00f5es <strong>flex\u00edveis:<\/strong> desde celebra\u00e7\u00f5es chiques at\u00e9 ao modo de festa total<\/li>\n<li><strong>As mem\u00f3rias em primeiro lugar:<\/strong> o objetivo \u00e9 simples &#8211; dar \u00e0 futura noiva a melhor noite (ou fim de semana) da viagem<\/li>\n<\/ul>\n<h3><strong>Como funciona<\/strong><\/h3>\n<p>Diz-nos o teu <strong>destino<\/strong>, <strong>o tamanho do grupo<\/strong> e o tipo de celebra\u00e7\u00e3o que pretendes (descontra\u00edda, premium, festa ou todas as anteriores). Iremos orientar-te para as melhores op\u00e7\u00f5es e ajudar-te a definir o plano rapidamente &#8211; para que te possas concentrar na roupa, nas listas de reprodu\u00e7\u00e3o e em aproveitar ao m\u00e1ximo o momento. <\/p>\n<p>Escolhe <strong>o teu destino abaixo<\/strong> para descobrires as melhores op\u00e7\u00f5es de despedida de solteira e come\u00e7a a criar a tua celebra\u00e7\u00e3o perfeita agora.<\/p>\n<p><a href=\"https:\/\/rivierabarcrawltours.com\/pt-pt\/fale-conosco\/\">Para pedidos especiais :  <\/a><\/p>\n<p><b>Telefone WhatsApp<\/b> +33 649 244 407<\/p>\n<p>Envia <b>um e-mail para<\/b> info@rivierabarcrawltours.com[\/vc_column_text][\/vc_column][\/vc_row][vc_row][vc_column width=&#8221;1\/4&#8243; el_class=&#8221;main-col&#8221; css=&#8221;.vc_custom_1612431923475{margin-bottom: 20px !important;}&#8221;][vc_column_text css=&#8221;.vc_custom_1771231985934{background-image: url(https:\/\/rivierabarcrawltours.com\/wp-content\/uploads\/2021\/08\/antibes.jpg?id=79220) !important;}&#8221;]<a href=\"https:\/\/rivierabarcrawltours.com\/hen-do-bachelorette-party\/in-antibes\/\">Antibes<\/a>[\/vc_column_text][\/vc_column][vc_column width=&#8221;1\/4&#8243; el_class=&#8221;main-col&#8221; css=&#8221;.vc_custom_1612432008756{margin-bottom: 20px !important;}&#8221;][vc_column_text css=&#8221;.vc_custom_1771232055030{background-image: url(https:\/\/rivierabarcrawltours.com\/wp-content\/uploads\/2026\/02\/Cannes-by-night.jpg?id=125263) !important;}&#8221;]<a href=\"https:\/\/rivierabarcrawltours.com\/hen-do-bachelorette-party\/in-cannes\/\">Cannes<\/a>[\/vc_column_text][\/vc_column][vc_column width=&#8221;1\/4&#8243; el_class=&#8221;main-col&#8221; css=&#8221;.vc_custom_1613118716288{margin-bottom: 20px !important;}&#8221;][vc_column_text css=&#8221;.vc_custom_1771232172813{background-image: url(https:\/\/rivierabarcrawltours.com\/wp-content\/uploads\/2021\/02\/excursions-a-terre-monaco-1.jpg?id=81495) !important;}&#8221;]<a href=\"https:\/\/rivierabarcrawltours.com\/hen-do-bachelorette-party\/in-monaco\/\">M\u00f3naco<\/a>[\/vc_column_text][\/vc_column][vc_column width=&#8221;1\/4&#8243; el_class=&#8221;main-col&#8221; css=&#8221;.vc_custom_1612432062266{margin-bottom: 20px !important;}&#8221;][vc_column_text css=&#8221;.vc_custom_1771232274220{background-image: url(https:\/\/rivierabarcrawltours.com\/wp-content\/uploads\/2026\/02\/paris-by-night.jpg?id=125255) !important;}&#8221;]<a href=\"https:\/\/rivierabarcrawltours.com\/hen-do-bachelorette-party\/in-paris\/\">Paris<\/a>[\/vc_column_text][\/vc_column][\/vc_row][vc_row][vc_column width=&#8221;1\/4&#8243; el_class=&#8221;main-col&#8221; css=&#8221;.vc_custom_1612431923475{margin-bottom: 20px !important;}&#8221;][vc_column_text css=&#8221;.vc_custom_1771232367233{background-image: url(https:\/\/rivierabarcrawltours.com\/wp-content\/uploads\/2021\/08\/visite-touristique-privee-saint-tropez-port-grimaud-2.jpg?id=82248) !important;}&#8221;]<a href=\"https:\/\/rivierabarcrawltours.com\/hen-do-bachelorette-party\/in-saint-tropez\/\">Saint-Tropez<\/a>[\/vc_column_text][\/vc_column][vc_column width=&#8221;1\/4&#8243; el_class=&#8221;main-col&#8221; css=&#8221;.vc_custom_1612432008756{margin-bottom: 20px !important;}&#8221;][vc_column_text css=&#8221;.vc_custom_1771232709521{background-image: url(https:\/\/rivierabarcrawltours.com\/wp-content\/uploads\/2025\/03\/Nice-France-1.jpeg?id=115748) !important;}&#8221;]<a href=\"https:\/\/rivierabarcrawltours.com\/hen-do-bachelorette-party\/hen-do-in-nice-france\/\">Nice<\/a>[\/vc_column_text][\/vc_column][\/vc_row]<\/p>\n<\/div>","protected":false},"excerpt":{"rendered":"<p>[vc_row css=&#8221;.vc_custom_1612431259800{margin-top: 40px !important;}&#8221;][vc_column][vc_column_text css=&#8221;&#8221;] Todos os nossos destinos para despedidas de solteira e despedidas de solteiro [\/vc_column_text][vc_column_text css=&#8221;&#8221;] Despedidas de solteira e festas de despedida de solteira no estrangeiro Planeia uma despedida de solteira \u00fanica na vida &#8211; sem stress e com momentos 100% inesquec\u00edveis. Planear uma despedida de solteira ou uma despedida de [&hellip;]<\/p>\n","protected":false},"author":2,"featured_media":103232,"parent":0,"menu_order":0,"comment_status":"closed","ping_status":"closed","template":"template-home-modern.php","meta":{"_acf_changed":false,"footnotes":""},"class_list":["post-125421","page","type-page","status-publish","has-post-thumbnail","hentry"],"acf":[],"yoast_head":"<!-- This site is optimized with the Yoast SEO plugin v27.6 - https:\/\/yoast.com\/product\/yoast-seo-wordpress\/ -->\n<title>Faz a festa de despedida de solteira perfeita - Hen Do no estrangeiro connosco!<\/title>\n<meta name=\"description\" content=\"Queres ir para a praia? Um &quot;brinde final&quot; louco? Uma experi\u00eancia com vinho? Estamos aqui para te inspirar com os melhores destinos e ideias para despedidas de solteira!\" \/>\n<meta name=\"robots\" content=\"index, follow, max-snippet:-1, max-image-preview:large, max-video-preview:-1\" \/>\n<link rel=\"canonical\" href=\"https:\/\/rivierabarcrawltours.com\/pt-pt\/festa-de-despedida-de-solteira\/\" \/>\n<meta property=\"og:locale\" content=\"pt_PT\" \/>\n<meta property=\"og:type\" content=\"article\" \/>\n<meta property=\"og:title\" content=\"Festa de despedida de solteira\" \/>\n<meta property=\"og:description\" content=\"Festa de despedida de solteira\" \/>\n<meta property=\"og:url\" content=\"https:\/\/rivierabarcrawltours.com\/pt-pt\/festa-de-despedida-de-solteira\/\" \/>\n<meta property=\"og:site_name\" content=\"Riviera Bar Crawl Tours\" \/>\n<meta property=\"article:publisher\" content=\"https:\/\/www.facebook.com\/RivieraBarCrawltours\/\" \/>\n<meta property=\"article:modified_time\" content=\"2026-02-16T09:17:27+00:00\" \/>\n<meta property=\"og:image\" content=\"https:\/\/rivierabarcrawltours.com\/wp-content\/uploads\/2022\/10\/Hen-Do-Bachelorette-Party-e1666621066263-1024x1024.jpeg\" \/>\n<meta name=\"twitter:card\" content=\"summary_large_image\" \/>\n<meta name=\"twitter:site\" content=\"@rivierabarcrawl\" \/>\n<meta name=\"twitter:label1\" content=\"Tempo estimado de leitura\" \/>\n\t<meta name=\"twitter:data1\" content=\"3 minutes\" \/>\n<!-- \/ Yoast SEO plugin. -->","yoast_head_json":{"title":"Faz a festa de despedida de solteira perfeita - Hen Do no estrangeiro connosco!","description":"Queres ir para a praia? Um \"brinde final\" louco? Uma experi\u00eancia com vinho? Estamos aqui para te inspirar com os melhores destinos e ideias para despedidas de solteira!","robots":{"index":"index","follow":"follow","max-snippet":"max-snippet:-1","max-image-preview":"max-image-preview:large","max-video-preview":"max-video-preview:-1"},"canonical":"https:\/\/rivierabarcrawltours.com\/pt-pt\/festa-de-despedida-de-solteira\/","og_locale":"pt_PT","og_type":"article","og_title":"Festa de despedida de solteira","og_description":"Festa de despedida de solteira","og_url":"https:\/\/rivierabarcrawltours.com\/pt-pt\/festa-de-despedida-de-solteira\/","og_site_name":"Riviera Bar Crawl Tours","article_publisher":"https:\/\/www.facebook.com\/RivieraBarCrawltours\/","article_modified_time":"2026-02-16T09:17:27+00:00","og_image":[{"url":"https:\/\/rivierabarcrawltours.com\/wp-content\/uploads\/2022\/10\/Hen-Do-Bachelorette-Party-e1666621066263-1024x1024.jpeg","type":"","width":"","height":""}],"twitter_card":"summary_large_image","twitter_site":"@rivierabarcrawl","twitter_misc":{"Tempo estimado de leitura":"3 minutes"},"schema":{"@context":"https:\/\/schema.org","@graph":[{"@type":"WebPage","@id":"https:\/\/rivierabarcrawltours.com\/pt-pt\/festa-de-despedida-de-solteira\/","url":"https:\/\/rivierabarcrawltours.com\/pt-pt\/festa-de-despedida-de-solteira\/","name":"Faz a festa de despedida de solteira perfeita - Hen Do no estrangeiro connosco!","isPartOf":{"@id":"https:\/\/rivierabarcrawltours.com\/#website"},"primaryImageOfPage":{"@id":"https:\/\/rivierabarcrawltours.com\/pt-pt\/festa-de-despedida-de-solteira\/#primaryimage"},"image":{"@id":"https:\/\/rivierabarcrawltours.com\/pt-pt\/festa-de-despedida-de-solteira\/#primaryimage"},"thumbnailUrl":"https:\/\/rivierabarcrawltours.com\/wp-content\/uploads\/2022\/10\/Hen-Do-Bachelorette-Party-e1666621066263.jpeg","datePublished":"2026-02-16T09:15:41+00:00","dateModified":"2026-02-16T09:17:27+00:00","description":"Queres ir para a praia? Um \"brinde final\" louco? Uma experi\u00eancia com vinho? Estamos aqui para te inspirar com os melhores destinos e ideias para despedidas de solteira!","breadcrumb":{"@id":"https:\/\/rivierabarcrawltours.com\/pt-pt\/festa-de-despedida-de-solteira\/#breadcrumb"},"inLanguage":"pt-PT","potentialAction":[{"@type":"ReadAction","target":["https:\/\/rivierabarcrawltours.com\/pt-pt\/festa-de-despedida-de-solteira\/"]}]},{"@type":"ImageObject","inLanguage":"pt-PT","@id":"https:\/\/rivierabarcrawltours.com\/pt-pt\/festa-de-despedida-de-solteira\/#primaryimage","url":"https:\/\/rivierabarcrawltours.com\/wp-content\/uploads\/2022\/10\/Hen-Do-Bachelorette-Party-e1666621066263.jpeg","contentUrl":"https:\/\/rivierabarcrawltours.com\/wp-content\/uploads\/2022\/10\/Hen-Do-Bachelorette-Party-e1666621066263.jpeg","width":1620,"height":1080,"caption":"happy beautiful girlfriends having a great time at the hen party. Attractive young women bride floating on a big inflatable swan in pool."},{"@type":"BreadcrumbList","@id":"https:\/\/rivierabarcrawltours.com\/pt-pt\/festa-de-despedida-de-solteira\/#breadcrumb","itemListElement":[{"@type":"ListItem","position":1,"name":"Home","item":"https:\/\/rivierabarcrawltours.com\/pt-pt\/"},{"@type":"ListItem","position":2,"name":"Festa de despedida de solteira"}]},{"@type":"WebSite","@id":"https:\/\/rivierabarcrawltours.com\/#website","url":"https:\/\/rivierabarcrawltours.com\/","name":"Riviera Bar Crawl Tours","description":"Fun Day &amp; Night Experiences I Tour operator I Guided Tours I Bar Crawls I Food Tours I","publisher":{"@id":"https:\/\/rivierabarcrawltours.com\/#organization"},"potentialAction":[{"@type":"SearchAction","target":{"@type":"EntryPoint","urlTemplate":"https:\/\/rivierabarcrawltours.com\/?s={search_term_string}"},"query-input":{"@type":"PropertyValueSpecification","valueRequired":true,"valueName":"search_term_string"}}],"inLanguage":"pt-PT"},{"@type":"Organization","@id":"https:\/\/rivierabarcrawltours.com\/#organization","name":"Riviera Bar Crawl Tours","url":"https:\/\/rivierabarcrawltours.com\/","logo":{"@type":"ImageObject","inLanguage":"pt-PT","@id":"https:\/\/rivierabarcrawltours.com\/#\/schema\/logo\/image\/","url":"https:\/\/rivierabarcrawltours.com\/wp-content\/uploads\/2019\/07\/logo.png","contentUrl":"https:\/\/rivierabarcrawltours.com\/wp-content\/uploads\/2019\/07\/logo.png","width":479,"height":453,"caption":"Riviera Bar Crawl Tours"},"image":{"@id":"https:\/\/rivierabarcrawltours.com\/#\/schema\/logo\/image\/"},"sameAs":["https:\/\/www.facebook.com\/RivieraBarCrawltours\/","https:\/\/x.com\/rivierabarcrawl"]}]}},"_links":{"self":[{"href":"https:\/\/rivierabarcrawltours.com\/pt-pt\/wp-json\/wp\/v2\/pages\/125421","targetHints":{"allow":["GET"]}}],"collection":[{"href":"https:\/\/rivierabarcrawltours.com\/pt-pt\/wp-json\/wp\/v2\/pages"}],"about":[{"href":"https:\/\/rivierabarcrawltours.com\/pt-pt\/wp-json\/wp\/v2\/types\/page"}],"author":[{"embeddable":true,"href":"https:\/\/rivierabarcrawltours.com\/pt-pt\/wp-json\/wp\/v2\/users\/2"}],"replies":[{"embeddable":true,"href":"https:\/\/rivierabarcrawltours.com\/pt-pt\/wp-json\/wp\/v2\/comments?post=125421"}],"version-history":[{"count":6,"href":"https:\/\/rivierabarcrawltours.com\/pt-pt\/wp-json\/wp\/v2\/pages\/125421\/revisions"}],"predecessor-version":[{"id":125455,"href":"https:\/\/rivierabarcrawltours.com\/pt-pt\/wp-json\/wp\/v2\/pages\/125421\/revisions\/125455"}],"wp:featuredmedia":[{"embeddable":true,"href":"https:\/\/rivierabarcrawltours.com\/pt-pt\/wp-json\/wp\/v2\/media\/103232"}],"wp:attachment":[{"href":"https:\/\/rivierabarcrawltours.com\/pt-pt\/wp-json\/wp\/v2\/media?parent=125421"}],"curies":[{"name":"wp","href":"https:\/\/api.w.org\/{rel}","templated":true}]}}