{"id":124058,"date":"2026-02-11T12:55:15","date_gmt":"2026-02-11T11:55:15","guid":{"rendered":"https:\/\/rivierabarcrawltours.com\/formacao-de-equipas\/"},"modified":"2026-02-11T12:55:15","modified_gmt":"2026-02-11T11:55:15","slug":"formacao-de-equipas","status":"publish","type":"page","link":"https:\/\/rivierabarcrawltours.com\/pt-pt\/formacao-de-equipas\/","title":{"rendered":"Forma\u00e7\u00e3o de equipas"},"content":{"rendered":"<div class=\"wpb-content-wrapper\"><p>[vc_row el_class=&#8221;city-tours-custom&#8221; css=&#8221;.vc_custom_1624697779479{margin-top: 40px !important;margin-bottom: 20px !important;}&#8221;][vc_column][vc_column_text]<\/p>\n<h2>Todos os nossos Team Building<\/h2>\n<p>[\/vc_column_text]<div class='list_tours'>   <div class=\"concept-listings owl-carousel owl-theme\">\n   <\/div>\n\n    \n<script type=\"text\/javascript\">\n$(document).ready(function() {\n       $(\".concept-listings\").owlCarousel({\n        margin:20,\n                dots:true,\n        responsiveClass:true,\n        responsive:{\n            0:{\n                items:1,\n                nav:false\n            },\n            600:{\n                items:3,\n                nav:false\n            },\n            1000:{\n                items:4,\n                nav:true\n            }\n        }\n       });\n}); \n\n<\/script>\n\n<style type=\"text\/css\">\n.concept-listings .owl-stage {\n    display: -webkit-box !important;\n    display: -moz-box !important;\n    display: -ms-box !important;\n    display: box !important;\n}\n.concept-listings .owl-dots {\n    margin-top: 10px;\n    text-align: center;\n}\n.concept-listings .owl-dots .owl-dot {\n    display: inline-block;\n    background: 0 0;\n    color: inherit;\n    border: none;\n    padding: 0 !important;\n}\n.concept-listings .owl-dots .owl-dot.active span {\n    background: var(--link-color, #5191FA);\n}\n.concept-listings .owl-dots .owl-dot span {\n    width: 10px;\n    height: 10px;\n    margin: 5px 7px;\n    background: var(--light-grey-color, #EAEEF3);\n    display: block;\n    transition: opacity 0.2s ease;\n    border-radius: 30px;\n}\n.city-tours-custom .feature_class{\n  left: 0 !important;\n}\n.concept-listings .owl-nav {\n    position: absolute;\n    height: 100%;\n    top: 0;\n    width: 100%;\n    z-index: -1;\n}\n.concept-listings .owl-nav button {\n    position: absolute;\n    top: 50%;\n    margin-top: -18px;\n}\n.concept-listings .owl-nav button.owl-next {\n    right: -66px;\n}\n.concept-listings .owl-nav button.owl-prev {\n    left: -66px;\n}\n.concept-listings .owl-nav button.owl-next span {\n    width: 36px;\n    height: 36px;\n    display: block;\n    background: url(https:\/\/rivierabarcrawltours.com\/wp-content\/uploads\/2021\/06\/arrow-right.png) center center no-repeat;\n    background-size: 100% auto;\n    color: transparent;\n}\n.concept-listings .owl-nav button.owl-prev span {\n    width: 36px;\n    height: 36px;\n    display: block;\n    background: url(https:\/\/rivierabarcrawltours.com\/wp-content\/uploads\/2021\/02\/arrow-left.png) center center no-repeat;\n    background-size: 100% auto;\n    color: transparent;\n}\n\n.city-tours-custom .thumb{\n    border: none !important;\n}\n<\/style><\/div>[vc_separator][\/vc_column][\/vc_row][vc_row][vc_column][vc_row_inner][vc_column_inner][vc_column_text]<\/p>\n<h2>Sobre o nosso Team Building<\/h2>\n<p>[\/vc_column_text][\/vc_column_inner][\/vc_row_inner][vc_row_inner][vc_column_inner width=&#8221;1\/2&#8243;][vc_column_text]<\/p>\n<h3><strong>A IMPORT\u00c2NCIA DO TEAM BUILDING PARA A TUA EMPRESA<\/strong><\/h3>\n<p>J\u00e1 ouviste falar, talvez por colegas, na televis\u00e3o ou em revistas, o &#8220;team building&#8221; est\u00e1 na moda no mundo do trabalho h\u00e1 v\u00e1rios anos. Mas o que \u00e9 a forma\u00e7\u00e3o de equipas? Qual \u00e9 o objetivo? A quem se destina e como funciona?   <\/p>\n<p>Em qualquer estrutura que inclua um grande n\u00famero de pessoas, \u00e9 por vezes necess\u00e1rio e mesmo vital realizar actividades com colegas fora do quadro profissional. \u00c9 uma forma de quebrar a rotina, de criar equipas, de nos conhecermos melhor a n\u00edvel pessoal&#8230; porque, afinal, passamos muito tempo com eles! <\/p>\n<p>\u00c9 a\u00ed que entra o team building. O team building \u00e9 uma atividade l\u00fadica, desportiva, cultural, destinada aos empregados de uma empresa, realizada coletivamente por todo o grupo, cujo objetivo \u00e9 refor\u00e7ar e ligar as pessoas em torno do projeto da empresa. Neste artigo, veremos em que consiste e dar-te-emos algumas ideias de team building para desenvolveres mais a uni\u00e3o entre a equipa e partilhares objectivos comuns.  <\/p>\n<h4><strong>Qual \u00e9 o objetivo da forma\u00e7\u00e3o de equipas?<\/strong><\/h4>\n<p>O team building responde a uma quest\u00e3o fundamental para qualquer projeto empresarial: como criar um grupo, motivar equipas e reunir uma equipa forte e os seus membros em torno de uma miss\u00e3o, de um objetivo comum, e isto a longo prazo?<\/p>\n<p>O team building, gra\u00e7as a um conjunto de actividades l\u00fadicas, desportivas ou criativas, refor\u00e7ar\u00e1 a coes\u00e3o entre os membros da empresa.<\/p>\n<p>O teu objetivo? Fomentar o esp\u00edrito de equipa, construir rela\u00e7\u00f5es, melhorar a comunica\u00e7\u00e3o e o ambiente de trabalho. Tende para o conhecimento do outro e para a solidariedade entre as pessoas. Ao mesmo tempo, ajuda a integrar rapidamente um novo membro no &#8220;c\u00edrculo&#8221; da empresa.   <\/p>\n<p>No entanto, as actividades de team building n\u00e3o s\u00e3o meramente recreativas. No final de cada workshop, de cada atividade de team building, ou no final de cada desafio, h\u00e1 uma procura de entreajuda e de considera\u00e7\u00e3o pelos outros. \u00c9 uma excelente maneira de compreender cada membro da equipa nas suas qualidades e nas suas fraquezas, simplesmente a coes\u00e3o do grupo. \u00c9 por isso que a maioria das actividades deve ser feita em grupo. Ao participar na forma\u00e7\u00e3o de equipas, os membros conhecem-se uns aos outros, e uma equipa que se conhece \u00e9 mais eficiente e mais divertida de trabalhar!    <\/p>\n<h4><strong>Porqu\u00ea fazer um team building na Riviera Francesa?<\/strong><\/h4>\n<ul>\n<li>Um local glamoroso e acolhedor \u00e9 bom para a moral dos teus colegas<\/li>\n<li>Nada como um saboroso prato proven\u00e7al para refor\u00e7ar a coes\u00e3o da equipa<\/li>\n<li>Muitas oportunidades para realizar actividades e desafios em conjunto com a tua equipa<\/li>\n<\/ul>\n<p>Nice, Cannes, Antibes e algumas das melhores cidades da Riviera Francesa e da Cote d&#8217;Azur s\u00e3o um must na regi\u00e3o! Com uma excelente gastronomia local e o mar Mediterr\u00e2neo, cidades como M\u00f3naco, Villefranche sur Mer, Nice ou Cannes atraem muitos turistas. Mas o com\u00e9rcio local n\u00e3o fica de fora!  <\/p>\n<p>Afasta-te das salas de reuni\u00e3o e promove a coes\u00e3o da equipa com uma atividade de team building.<\/p>\n<p>Organiza um semin\u00e1rio, nada melhor para refor\u00e7ar o esp\u00edrito de equipa, com uma ca\u00e7a ao tesouro, uma festa de assassinato numa mans\u00e3o, golfe, desportos aqu\u00e1ticos, ou actividades gastron\u00f3micas e passeios pela cidade. Um momento diferente das reuni\u00f5es de trabalho para separar o trabalho do descanso, para refor\u00e7ar a coes\u00e3o do grupo e recompensar a tua equipa com actividades desportivas. <\/p>\n<p>Ao escolher os melhores organizadores de team building e gestores de projectos, poder\u00e1s privatizar um catering para organizar um cocktail criativo. Podes organizar as actividades certas, originais e \u00fanicas, que mostrar\u00e3o o carinho que tens pelo teu pessoal e pelos membros da tua equipa, e at\u00e9 ter todo o alojamento e transporte cobertos. <\/p>\n<p>Na Riviera Francesa, encontrar\u00e1s uma vasta gama de actividades especialmente concebidas para o teambuilding. Desde pequenas equipas a desafios de incentivo ou semin\u00e1rios empresariais, \u00e9 um espa\u00e7o ideal para criar uma verdadeira uni\u00e3o de equipa e partilhar objectivos comuns. Com as actividades de team building adequadas, podes desenvolver a resolu\u00e7\u00e3o de problemas, encontrar a a\u00e7\u00e3o certa que motiva as equipas. Os exerc\u00edcios de team building s\u00e3o reconhecidos para criar uma equipa forte. Melhorar a tua equipa \u00e9 criar l\u00edderes de equipa; o team building certo ir\u00e1 criar confian\u00e7a, bem como melhorar a comunica\u00e7\u00e3o e o desempenho da equipa. E gra\u00e7as \u00e0s actividades de team building, podes dar \u00e0s tuas equipas um bom momento!     <\/p>\n<p>Por isso, para organizar um evento empresarial, confia apenas nos <a href=\"https:\/\/rivierabarcrawltours.com\/pt-pt\/blog\/\">melhores organizadores de team building<\/a> e empresas de eventos e descobre a nossa sele\u00e7\u00e3o das melhores actividades perto de Nice, Cannes e Antibes.[\/vc_column_text][\/vc_column_inner][vc_column_inner width=&#8221;1\/2&#8243;][vc_column_text]<\/p>\n<h3>Algumas ideias de actividades de team building<\/h3>\n<p>A forma\u00e7\u00e3o de equipas \u00e9 geralmente proposta por iniciativa do departamento de recursos humanos, do gestor de empresas, do chefe de equipa ou mesmo do diretor. Pode perfeitamente enquadrar-se num fim de semana de semin\u00e1rio e \u00e9 perfeito para criar o ambiente, reunir as pessoas e criar boas recorda\u00e7\u00f5es. <\/p>\n<p>O conceito de desafio \u00e9 fundamental na constru\u00e7\u00e3o da equipa, sendo o objetivo que cada um d\u00ea o melhor de si pr\u00f3prio, mas num esp\u00edrito positivo e descontra\u00eddo.<\/p>\n<h4>Aqui tens algumas ideias modernas para o team building:<\/h4>\n<ul>\n<li>Ca\u00e7a ao Tesouro: A equipa \u00e9 dividida em pequenos grupos, cada um com um mapa que leva a um tesouro. Com pistas escondidas e enigmas para resolver, o primeiro a encontrar o tesouro ganha o jogo! <\/li>\n<li>Cria\u00e7\u00e3o de uma curta-metragem: em torno de um cen\u00e1rio improvisado, os participantes ter\u00e3o de interpretar um papel num mini-filme.<\/li>\n<li>Corrida de canoa, caiaque ou stand up paddle na \u00e1gua, onde os participantes t\u00eam de trabalhar em equipa, enquanto desfrutam de actividades divertidas e \u00fanicas.<\/li>\n<li>Jogo de Paintball ou Laser com dois grupos equipados com pistolas laser que se defrontam num campo de batalha cheio de esconderijos.<\/li>\n<li>Workshop de culin\u00e1ria e aulas de cozinha, atrav\u00e9s de um chef, permite-te descobrir sabores dignos das melhores mesas.<\/li>\n<li>Os passeios gastron\u00f3micos e as visitas de degusta\u00e7\u00e3o de vinhos a novas cidades e regi\u00f5es s\u00e3o \u00f3ptimos para criar entusiasmo.<\/li>\n<li>As Olimp\u00edadas s\u00e3o um desafio desportivo por excel\u00eancia; a Olimp\u00edada \u00e9 um cl\u00e1ssico das actividades de team building.<\/li>\n<li>H\u00e1 tantas oportunidades para criar um excelente team-building em Nice e na Cote d&#8217;Azur, que as op\u00e7\u00f5es e escolhas s\u00e3o infinitas.<\/li>\n<li>Passeios a p\u00e9. Descobre uma cidade a p\u00e9 <\/li>\n<\/ul>\n<p>A forma\u00e7\u00e3o de equipas contribui para a boa disposi\u00e7\u00e3o colectiva. E quanto melhor for a pessoa, mais as pessoas do mesmo grupo se sentir\u00e3o motivadas para atingir um objetivo comum. Em Fran\u00e7a, existem muitas empresas especializadas em team building. \u00c9 uma boa maneira de soldar os membros da tua equipa!   <\/p>\n<h4><strong>O que precisas para uma forma\u00e7\u00e3o de equipas bem sucedida<\/strong><\/h4>\n<p>Na nossa economia turbulenta e baseada no conhecimento, onde a guerra de talentos est\u00e1 ao rubro, confiar em equipas unidas e de elevado desempenho \u00e9 a vantagem competitiva dos tempos modernos.<\/p>\n<p>A gest\u00e3o n\u00e3o consiste em investir em duas ou tr\u00eas estrelas. Temos sempre tend\u00eancia para acarinhar o &#8220;campe\u00e3o&#8221; deste ou daquele projeto e os chefes de equipa, mas quem &#8220;realmente&#8221; assegura diariamente a continuidade das opera\u00e7\u00f5es: TODOS os membros da equipa. <\/p>\n<p>Assim, para motivar todas as suas tropas, e com os bons dias que se avizinham, os gestores deixam germinar ideias de team building para o ver\u00e3o. Afinal, fazer um merecido retiro de equipa antes das f\u00e9rias \u00e9, de facto, uma op\u00e7\u00e3o atraente. O team building tem como objetivo &#8220;puxar&#8221; pelos colaboradores e fomentar a criatividade, a coes\u00e3o da equipa. Mas como garantir que o evento seja um sucesso?   <\/p>\n<p>Apresentamos-te algumas perguntas a fazer antes de organizares o teu team building, uma experi\u00eancia que agrade aos participantes e obtenha os resultados esperados para a empresa.<\/p>\n<ol>\n<li><strong>O teu projeto de team building est\u00e1 bem enquadrado?<\/strong><\/li>\n<\/ol>\n<p>Recomendo sempre a utiliza\u00e7\u00e3o de uma empresa externa para organizar os teus eventos de team building. Consulta alguns organizadores de eventos e excurs\u00f5es locais reconhecidos para os teus dias de team building. Todos os projectos devem come\u00e7ar com uma raz\u00e3o bem definida:  <\/p>\n<ul>\n<li>Porque queres organizar um team building?<\/li>\n<li>Ser\u00e1 esta a melhor op\u00e7\u00e3o do ponto de vista dos resultados\/investimento?<\/li>\n<li>Que objetivo SMART est\u00e1s a perseguir?<\/li>\n<li>Que indicadores de sucesso mensur\u00e1veis te permitir\u00e3o saber se a iniciativa foi um sucesso ou um fracasso?<\/li>\n<li>Certifica-te de que a tua gest\u00e3o de topo sabe as respostas a estas perguntas e apoia a tua iniciativa de teambuilding.<\/li>\n<\/ul>\n<p>Com a tua dire\u00e7\u00e3o, assegura um or\u00e7amento dedicado \u00e0 iniciativa. Entre custos log\u00edsticos, alugueres, restaura\u00e7\u00e3o e despesas relacionadas com as pr\u00f3prias actividades de grupo, tens de prever um envelope. Deves fazer as contas e determinar em \u20ac os recursos que podes\/queres colocar no teu team building.  <\/p>\n<p>\u00c9 claro que tamb\u00e9m tens de pensar na natureza das actividades que queres realizar durante o team building:<\/p>\n<ul>\n<li>Precisas de instala\u00e7\u00f5es desportivas?<\/li>\n<li>Organiza confer\u00eancias?<\/li>\n<li>Reservar um lugar em particular?<\/li>\n<li>Fornecer oradores ou fornecedores espec\u00edficos?<\/li>\n<\/ul>\n<ol start=\"2\">\n<li><strong>Internalizar ou externalizar a organiza\u00e7\u00e3o do team building?<\/strong><\/li>\n<\/ol>\n<p>Pode parecer trivial, mas o facto \u00e9 que, se queres materializar as tuas ideias, ser\u00e1 necess\u00e1rio que algu\u00e9m organize o evento. Uma das quest\u00f5es que podemos colocar a n\u00f3s pr\u00f3prios \u00e9: devemos faz\u00ea-lo internamente ou subcontratar uma ag\u00eancia especializada em team building? <\/p>\n<p>Instintivamente, queremos delegar a um funcion\u00e1rio interno. Mas a organiza\u00e7\u00e3o de eventos \u00e9 um trabalho a s\u00e9rio e pode consumir muito tempo. N\u00e3o \u00e9 raro que a pessoa respons\u00e1vel pela organiza\u00e7\u00e3o da equipa de team building passe v\u00e1rias semanas a preparar o evento. Em contrapartida, poderia ter feito outra coisa em vez de responder a perguntas: apoio ao cliente, ajudar a criar melhores produtos, otimizar os processos de trabalho para obter mais produtividade, etc.   <\/p>\n<p>\u00c9 por isso que se coloca a quest\u00e3o da externaliza\u00e7\u00e3o!<\/p>\n<p>Ficarias surpreendido com a lista de todas as vantagens de receber trabalho de um parceiro, por vezes muito mais barato do que faz\u00ea-lo internamente.[\/vc_column_text][\/vc_column_inner][\/vc_row_inner][\/vc_column][\/vc_row]<\/p>\n<\/div>","protected":false},"excerpt":{"rendered":"<p>[vc_row el_class=&#8221;city-tours-custom&#8221; css=&#8221;.vc_custom_1624697779479{margin-top: 40px !important;margin-bottom: 20px !important;}&#8221;][vc_column][vc_column_text] Todos os nossos Team Building [\/vc_column_text][vc_separator][\/vc_column][\/vc_row][vc_row][vc_column][vc_row_inner][vc_column_inner][vc_column_text] Sobre o nosso Team Building [\/vc_column_text][\/vc_column_inner][\/vc_row_inner][vc_row_inner][vc_column_inner width=&#8221;1\/2&#8243;][vc_column_text] A IMPORT\u00c2NCIA DO TEAM BUILDING PARA A TUA EMPRESA J\u00e1 ouviste falar, talvez por colegas, na televis\u00e3o ou em revistas, o &#8220;team building&#8221; est\u00e1 na moda no mundo do trabalho h\u00e1 v\u00e1rios anos. Mas o [&hellip;]<\/p>\n","protected":false},"author":2,"featured_media":63071,"parent":0,"menu_order":0,"comment_status":"closed","ping_status":"closed","template":"template-home-modern.php","meta":{"_acf_changed":false,"footnotes":""},"class_list":["post-124058","page","type-page","status-publish","has-post-thumbnail","hentry"],"acf":[],"yoast_head":"<!-- This site is optimized with the Yoast SEO plugin v27.4 - https:\/\/yoast.com\/product\/yoast-seo-wordpress\/ -->\n<title>Team building - Eventos empresariais Fran\u00e7a e Riviera Francesa<\/title>\n<meta name=\"description\" content=\"A forma\u00e7\u00e3o de equipas \u00e9 geralmente proposta por iniciativa do departamento de recursos humanos, do gestor de neg\u00f3cios, do chefe de equipa ou mesmo do diretor\" \/>\n<meta name=\"robots\" content=\"index, follow, max-snippet:-1, max-image-preview:large, max-video-preview:-1\" \/>\n<link rel=\"canonical\" href=\"https:\/\/rivierabarcrawltours.com\/pt-pt\/formacao-de-equipas\/\" \/>\n<meta property=\"og:locale\" content=\"pt_PT\" \/>\n<meta property=\"og:type\" content=\"article\" \/>\n<meta property=\"og:title\" content=\"Team building - Eventos empresariais Fran\u00e7a e Riviera Francesa\" \/>\n<meta property=\"og:description\" content=\"A forma\u00e7\u00e3o de equipas \u00e9 geralmente proposta por iniciativa do departamento de recursos humanos, do gestor de neg\u00f3cios, do chefe de equipa ou mesmo do diretor\" \/>\n<meta property=\"og:url\" content=\"https:\/\/rivierabarcrawltours.com\/pt-pt\/formacao-de-equipas\/\" \/>\n<meta property=\"og:site_name\" content=\"Riviera Bar Crawl Tours\" \/>\n<meta property=\"article:publisher\" content=\"https:\/\/www.facebook.com\/RivieraBarCrawltours\/\" \/>\n<meta property=\"og:image\" content=\"https:\/\/rivierabarcrawltours.com\/wp-content\/uploads\/2021\/01\/teambuilding-nice.jpg\" \/>\n\t<meta property=\"og:image:width\" content=\"1600\" \/>\n\t<meta property=\"og:image:height\" content=\"1200\" \/>\n\t<meta property=\"og:image:type\" content=\"image\/jpeg\" \/>\n<meta name=\"twitter:card\" content=\"summary_large_image\" \/>\n<meta name=\"twitter:site\" content=\"@rivierabarcrawl\" \/>\n<meta name=\"twitter:label1\" content=\"Tempo estimado de leitura\" \/>\n\t<meta name=\"twitter:data1\" content=\"9 minutes\" \/>\n<!-- \/ Yoast SEO plugin. -->","yoast_head_json":{"title":"Team building - Eventos empresariais Fran\u00e7a e Riviera Francesa","description":"A forma\u00e7\u00e3o de equipas \u00e9 geralmente proposta por iniciativa do departamento de recursos humanos, do gestor de neg\u00f3cios, do chefe de equipa ou mesmo do diretor","robots":{"index":"index","follow":"follow","max-snippet":"max-snippet:-1","max-image-preview":"max-image-preview:large","max-video-preview":"max-video-preview:-1"},"canonical":"https:\/\/rivierabarcrawltours.com\/pt-pt\/formacao-de-equipas\/","og_locale":"pt_PT","og_type":"article","og_title":"Team building - Eventos empresariais Fran\u00e7a e Riviera Francesa","og_description":"A forma\u00e7\u00e3o de equipas \u00e9 geralmente proposta por iniciativa do departamento de recursos humanos, do gestor de neg\u00f3cios, do chefe de equipa ou mesmo do diretor","og_url":"https:\/\/rivierabarcrawltours.com\/pt-pt\/formacao-de-equipas\/","og_site_name":"Riviera Bar Crawl Tours","article_publisher":"https:\/\/www.facebook.com\/RivieraBarCrawltours\/","og_image":[{"width":1600,"height":1200,"url":"https:\/\/rivierabarcrawltours.com\/wp-content\/uploads\/2021\/01\/teambuilding-nice.jpg","type":"image\/jpeg"}],"twitter_card":"summary_large_image","twitter_site":"@rivierabarcrawl","twitter_misc":{"Tempo estimado de leitura":"9 minutes"},"schema":{"@context":"https:\/\/schema.org","@graph":[{"@type":"WebPage","@id":"https:\/\/rivierabarcrawltours.com\/pt-pt\/formacao-de-equipas\/","url":"https:\/\/rivierabarcrawltours.com\/pt-pt\/formacao-de-equipas\/","name":"Team building - Eventos empresariais Fran\u00e7a e Riviera Francesa","isPartOf":{"@id":"https:\/\/rivierabarcrawltours.com\/#website"},"primaryImageOfPage":{"@id":"https:\/\/rivierabarcrawltours.com\/pt-pt\/formacao-de-equipas\/#primaryimage"},"image":{"@id":"https:\/\/rivierabarcrawltours.com\/pt-pt\/formacao-de-equipas\/#primaryimage"},"thumbnailUrl":"https:\/\/rivierabarcrawltours.com\/wp-content\/uploads\/2021\/01\/teambuilding-nice.jpg","datePublished":"2026-02-11T11:55:15+00:00","description":"A forma\u00e7\u00e3o de equipas \u00e9 geralmente proposta por iniciativa do departamento de recursos humanos, do gestor de neg\u00f3cios, do chefe de equipa ou mesmo do diretor","breadcrumb":{"@id":"https:\/\/rivierabarcrawltours.com\/pt-pt\/formacao-de-equipas\/#breadcrumb"},"inLanguage":"pt-PT","potentialAction":[{"@type":"ReadAction","target":["https:\/\/rivierabarcrawltours.com\/pt-pt\/formacao-de-equipas\/"]}]},{"@type":"ImageObject","inLanguage":"pt-PT","@id":"https:\/\/rivierabarcrawltours.com\/pt-pt\/formacao-de-equipas\/#primaryimage","url":"https:\/\/rivierabarcrawltours.com\/wp-content\/uploads\/2021\/01\/teambuilding-nice.jpg","contentUrl":"https:\/\/rivierabarcrawltours.com\/wp-content\/uploads\/2021\/01\/teambuilding-nice.jpg","width":1600,"height":1200,"caption":"team building agrad\u00e1vel"},{"@type":"BreadcrumbList","@id":"https:\/\/rivierabarcrawltours.com\/pt-pt\/formacao-de-equipas\/#breadcrumb","itemListElement":[{"@type":"ListItem","position":1,"name":"Home","item":"https:\/\/rivierabarcrawltours.com\/pt-pt\/"},{"@type":"ListItem","position":2,"name":"Forma\u00e7\u00e3o de equipas"}]},{"@type":"WebSite","@id":"https:\/\/rivierabarcrawltours.com\/#website","url":"https:\/\/rivierabarcrawltours.com\/","name":"Riviera Bar Crawl Tours","description":"Fun Day &amp; Night Experiences I Tour operator I Guided Tours I Bar Crawls I Food Tours I","publisher":{"@id":"https:\/\/rivierabarcrawltours.com\/#organization"},"potentialAction":[{"@type":"SearchAction","target":{"@type":"EntryPoint","urlTemplate":"https:\/\/rivierabarcrawltours.com\/?s={search_term_string}"},"query-input":{"@type":"PropertyValueSpecification","valueRequired":true,"valueName":"search_term_string"}}],"inLanguage":"pt-PT"},{"@type":"Organization","@id":"https:\/\/rivierabarcrawltours.com\/#organization","name":"Riviera Bar Crawl Tours","url":"https:\/\/rivierabarcrawltours.com\/","logo":{"@type":"ImageObject","inLanguage":"pt-PT","@id":"https:\/\/rivierabarcrawltours.com\/#\/schema\/logo\/image\/","url":"https:\/\/rivierabarcrawltours.com\/wp-content\/uploads\/2019\/07\/logo.png","contentUrl":"https:\/\/rivierabarcrawltours.com\/wp-content\/uploads\/2019\/07\/logo.png","width":479,"height":453,"caption":"Riviera Bar Crawl Tours"},"image":{"@id":"https:\/\/rivierabarcrawltours.com\/#\/schema\/logo\/image\/"},"sameAs":["https:\/\/www.facebook.com\/RivieraBarCrawltours\/","https:\/\/x.com\/rivierabarcrawl"]}]}},"_links":{"self":[{"href":"https:\/\/rivierabarcrawltours.com\/pt-pt\/wp-json\/wp\/v2\/pages\/124058","targetHints":{"allow":["GET"]}}],"collection":[{"href":"https:\/\/rivierabarcrawltours.com\/pt-pt\/wp-json\/wp\/v2\/pages"}],"about":[{"href":"https:\/\/rivierabarcrawltours.com\/pt-pt\/wp-json\/wp\/v2\/types\/page"}],"author":[{"embeddable":true,"href":"https:\/\/rivierabarcrawltours.com\/pt-pt\/wp-json\/wp\/v2\/users\/2"}],"replies":[{"embeddable":true,"href":"https:\/\/rivierabarcrawltours.com\/pt-pt\/wp-json\/wp\/v2\/comments?post=124058"}],"version-history":[{"count":2,"href":"https:\/\/rivierabarcrawltours.com\/pt-pt\/wp-json\/wp\/v2\/pages\/124058\/revisions"}],"predecessor-version":[{"id":124060,"href":"https:\/\/rivierabarcrawltours.com\/pt-pt\/wp-json\/wp\/v2\/pages\/124058\/revisions\/124060"}],"wp:featuredmedia":[{"embeddable":true,"href":"https:\/\/rivierabarcrawltours.com\/pt-pt\/wp-json\/wp\/v2\/media\/63071"}],"wp:attachment":[{"href":"https:\/\/rivierabarcrawltours.com\/pt-pt\/wp-json\/wp\/v2\/media?parent=124058"}],"curies":[{"name":"wp","href":"https:\/\/api.w.org\/{rel}","templated":true}]}}