{"id":124052,"date":"2026-02-11T12:54:01","date_gmt":"2026-02-11T11:54:01","guid":{"rendered":"https:\/\/rivierabarcrawltours.com\/festa-de-despedida-de-solteira\/festa-de-despedida-de-solteiro-no-monaco-monte-carlo\/"},"modified":"2026-02-11T12:54:01","modified_gmt":"2026-02-11T11:54:01","slug":"festa-de-despedida-de-solteiro-no-monaco-monte-carlo","status":"publish","type":"page","link":"https:\/\/rivierabarcrawltours.com\/pt-pt\/festa-de-despedida-de-solteiro-no-monaco-monte-carlo\/","title":{"rendered":"Festa de despedida de solteiro no M\u00f3naco, Monte-Carlo"},"content":{"rendered":"<div class=\"wpb-content-wrapper\"><p>[vc_row el_class=&#8221;city-tours-custom&#8221; css=&#8221;.vc_custom_1624697331275{margin-top: 40px !important;margin-bottom: 20px !important;}&#8221;][vc_column][vc_column_text]<\/p>\n<h2>O teu pr\u00f3ximo evento<\/h2>\n<p>[\/vc_column_text]<div class='list_tours'>   <div class=\"concept-listings owl-carousel owl-theme\">\n          <div class=\"style_box\">\n                      <div class=\"thumb\">\n               <header class=\"thumb-header st_avatar_fix\">\n                                      <a href=\"https:\/\/rivierabarcrawltours.com\/pt-pt\/tour\/passeio-de-barco-privado-de-nice-ao-monaco\/\" class=\"hover-img\">\n                       <img decoding=\"async\" width=\"260\" height=\"190\" src=\"https:\/\/rivierabarcrawltours.com\/wp-content\/uploads\/2021\/08\/boat-tours-from-nice-to-monaco-260x190.jpg\" class=\"attachment-260x190x1 size-260x190x1 wp-post-image\" alt=\"boat tours from nice to monaco\" srcset=\"https:\/\/rivierabarcrawltours.com\/wp-content\/uploads\/2021\/08\/boat-tours-from-nice-to-monaco-260x190.jpg 260w, https:\/\/rivierabarcrawltours.com\/wp-content\/uploads\/2021\/08\/boat-tours-from-nice-to-monaco-680x500.jpg 680w\" sizes=\"(max-width: 260px) 100vw, 260px\" \/>                       <h5 class=\"hover-title hover-hold text-center\">\n                           Passeio de barco privado de Nice para M\u00f4naco                       <\/h5>\n                   <\/a>\n                                  <\/header>\n           <\/div>\n       <\/div>\n   <\/div>\n\n    \n<script type=\"text\/javascript\">\n$(document).ready(function() {\n       $(\".concept-listings\").owlCarousel({\n        margin:20,\n                dots:true,\n        responsiveClass:true,\n        responsive:{\n            0:{\n                items:1,\n                nav:false\n            },\n            600:{\n                items:3,\n                nav:false\n            },\n            1000:{\n                items:4,\n                nav:true\n            }\n        }\n       });\n}); \n\n<\/script>\n\n<style type=\"text\/css\">\n.concept-listings .owl-stage {\n    display: -webkit-box !important;\n    display: -moz-box !important;\n    display: -ms-box !important;\n    display: box !important;\n}\n.concept-listings .owl-dots {\n    margin-top: 10px;\n    text-align: center;\n}\n.concept-listings .owl-dots .owl-dot {\n    display: inline-block;\n    background: 0 0;\n    color: inherit;\n    border: none;\n    padding: 0 !important;\n}\n.concept-listings .owl-dots .owl-dot.active span {\n    background: var(--link-color, #5191FA);\n}\n.concept-listings .owl-dots .owl-dot span {\n    width: 10px;\n    height: 10px;\n    margin: 5px 7px;\n    background: var(--light-grey-color, #EAEEF3);\n    display: block;\n    transition: opacity 0.2s ease;\n    border-radius: 30px;\n}\n.city-tours-custom .feature_class{\n  left: 0 !important;\n}\n.concept-listings .owl-nav {\n    position: absolute;\n    height: 100%;\n    top: 0;\n    width: 100%;\n    z-index: -1;\n}\n.concept-listings .owl-nav button {\n    position: absolute;\n    top: 50%;\n    margin-top: -18px;\n}\n.concept-listings .owl-nav button.owl-next {\n    right: -66px;\n}\n.concept-listings .owl-nav button.owl-prev {\n    left: -66px;\n}\n.concept-listings .owl-nav button.owl-next span {\n    width: 36px;\n    height: 36px;\n    display: block;\n    background: url(https:\/\/rivierabarcrawltours.com\/wp-content\/uploads\/2021\/06\/arrow-right.png) center center no-repeat;\n    background-size: 100% auto;\n    color: transparent;\n}\n.concept-listings .owl-nav button.owl-prev span {\n    width: 36px;\n    height: 36px;\n    display: block;\n    background: url(https:\/\/rivierabarcrawltours.com\/wp-content\/uploads\/2021\/02\/arrow-left.png) center center no-repeat;\n    background-size: 100% auto;\n    color: transparent;\n}\n\n.city-tours-custom .thumb{\n    border: none !important;\n}\n<\/style><\/div>[vc_separator color=&#8221;custom&#8221; css=&#8221;.vc_custom_1667912336027{background-color: #e11e26 !important;}&#8221;][vc_btn title=&#8221;Come\u00e7a a planear o teu evento agora!&#8221; color=&#8221;juicy-pink&#8221; align=&#8221;center&#8221; button_block=&#8221;true&#8221; link=&#8221;url:https%3A%2F%2Fdocs.google.com%2Fforms%2Fd%2F1HuEfKbEAhdsDI5S_LHigp8pVe4yjD14dUH2zNBPfBeA%2Fprefill|title:Fale%20conosco%21|target:_blank|&#8221; css=&#8221;.vc_custom_1679503218696{background-color: #e11e26 !important;background-position: 0 0 !important;background-repeat: no-repeat !important;}&#8221;][\/vc_column][vc_column][\/vc_column][\/vc_row][vc_row][vc_column][vc_row_inner][vc_column_inner][vc_column_text]<\/p>\n<h2><strong>Organiza a tua despedida de solteiro no M\u00f3naco<\/strong><\/h2>\n<p><span style=\"font-weight: 400;\">Um fim de semana de despedida de solteira \u00e9 uma festa que celebra a \u00faltima noite de liberdade de uma futura noiva antes de se casar. Tradicionalmente, \u00e9 a noite que antecede o dia do casamento, mas tamb\u00e9m pode fazer parte de outra celebra\u00e7\u00e3o, como uma festa de despedida de solteira. As despedidas de solteira s\u00e3o geralmente organizadas pelas amigas ou irm\u00e3s mais pr\u00f3ximas da futura noiva e incluem outros familiares e convidados do sexo feminino.    <\/span><\/p>\n<p><span style=\"font-weight: 400;\">Se est\u00e1s \u00e0 procura de um destino excitante, divertido e \u00fanico para a tua despedida de solteira, ent\u00e3o o M\u00f3naco \u00e9 o lugar perfeito. O pequeno pa\u00eds tem muito para oferecer, desde belas praias e hot\u00e9is fant\u00e1sticos a casinos e compras. <\/span><\/p>\n<p><span style=\"font-weight: 400;\">O M\u00f3naco \u00e9 uma pequena cidade-estado situada na Riviera Francesa, no Mar Mediterr\u00e2neo, com uma popula\u00e7\u00e3o de pouco mais de 40.000 habitantes. O pa\u00eds n\u00e3o tem imposto sobre o rendimento, o que o torna um local atrativo para os ricos e famosos viverem.   <\/span><\/p>\n<p>&nbsp;<\/p>\n<h3><b>4 raz\u00f5es pelas quais deves visitar o M\u00f3naco durante a tua despedida de solteiro<\/b><\/h3>\n<p><span style=\"font-weight: 400;\">Aqui est\u00e3o quatro raz\u00f5es pelas quais deves visitar o M\u00f3naco durante a tua despedida de solteira:<\/span><\/p>\n<h4>Jogar no Casino Monte Carlo<\/h4>\n<p><span style=\"font-weight: 400;\">Se queres passar algum tempo no M\u00f3naco, ent\u00e3o tens de visitar Monte Carlo. A cidade \u00e9 famosa pelos seus casinos e salas de jogo, que atraem visitantes de todo o mundo. O casino mais famoso \u00e9 o Casino de Monte Carlo, que foi constru\u00eddo em 1856 e atrai milhares de pessoas todos os dias. H\u00e1 tamb\u00e9m muitos outros casinos se este n\u00e3o for o teu estilo!   <\/span><\/p>\n<h4>Compras<\/h4>\n<p><span style=\"font-weight: 400;\">Podes encontrar marcas de designer de alta qualidade a pre\u00e7os razo\u00e1veis no M\u00f3naco, se souberes onde procurar! H\u00e1 muitas lojas que vendem roupas de designers de topo, como Chanel e Louis Vuitton, bem como pequenas boutiques independentes que vendem pe\u00e7as \u00fanicas que n\u00e3o est\u00e3o dispon\u00edveis noutros locais. Tamb\u00e9m encontrar\u00e1s muitas joalharias que vendem diamantes e outras pedras preciosas.  <\/span><\/p>\n<h4>Glamour<\/h4>\n<p><span style=\"font-weight: 400;\">O M\u00f3naco \u00e9 a casa de muitas das celebridades mais glamorosas do mundo, incluindo a supermodelo Victoria&#8217;s Secret Angel Karlie Kloss, que tem uma casa l\u00e1. De facto, h\u00e1 tantas celebridades a viver no M\u00f3naco que este foi apelidado de &#8220;a Hollywood da Europa&#8221;! Se queres viver como uma celebridade durante o teu fim de semana de galinha, ent\u00e3o o M\u00f3naco \u00e9 o lugar ideal para ti! <\/span><\/p>\n<h4>Hist\u00f3ria<\/h4>\n<p><span style=\"font-weight: 400;\">O Principado do M\u00f3naco existe h\u00e1 mais de 800 anos! Foi fundado em 1215 por mercadores genoveses que queriam proteger as suas rotas comerciais da Fran\u00e7a, criando um porto seguro numa ilha ao largo da costa francesa. Constru\u00edram o seu castelo num afloramento rochoso e chamaram-lhe La Rocca dei Vignali (A Rocha dos Vignalis).    <\/span><\/p>\n<p>&nbsp;<\/p>\n<h3>Ideias para uma despedida de solteiro no M\u00f3naco, Monte-Carlo<\/h3>\n<p><span style=\"font-weight: 400;\"><strong>Noite de jogo com amigos no Casino de Monte Carlo.<\/strong>  Aqui podes desfrutar do melhor dos jogos de azar &#8211; h\u00e1 mais de 1000 slot machines e 150 mesas de jogo, incluindo roleta e blackjack!  <\/span><\/p>\n<p><span style=\"font-weight: 400;\"><strong>Oficinas de modelagem de bal\u00f5es.<\/strong>  Aprende a fazer animais e flores de bal\u00e3o, bem como outras formas, utilizando bal\u00f5es, palhinhas e fitas.  <\/span><\/p>\n<p><span style=\"font-weight: 400;\"><strong>Aula de maquilhagem.<\/strong>  Maquilha-te com o nosso especialista em maquilhagem antes de ires para a cidade ou para a tua grande noite!  <\/span><\/p>\n<p><span style=\"font-weight: 400;\"><strong><a href=\"https:\/\/rivierabarcrawltours.com\/tour\/monaco-walking-tour\/\">Viagem de Nice ao M\u00f3naco<\/a> em comboio regional.<\/strong> Com o passeio a p\u00e9 no M\u00f3naco, podes misturar-te com os ricos e famosos e &#8220;ooh e ah&#8221; sobre os fabulosos iates nos portos.<\/span><\/p>\n<p><span style=\"font-weight: 400;\"><a href=\"https:\/\/rivierabarcrawltours.com\/pt-pt\/tour\/visita-turistica-eze-village-monaco-e-monte-carlo\/\"><strong>Visita panor\u00e2mica da aldeia de Eze e do M\u00f3naco, Monte Carlo<\/strong><\/a> num ve\u00edculo confort\u00e1vel e com guia privado de l\u00edngua inglesa.<\/span><\/p>\n<p><a href=\"https:\/\/rivierabarcrawltours.com\/pt-pt\/tour\/passeio-de-barco-privado-de-nice-ao-monaco\/\"><strong>Passeio de barco privado de Nice ao M\u00f3naco<\/strong><\/a><\/p>\n<p><a href=\"https:\/\/rivierabarcrawltours.com\/pt-pt\/tour\/excursoes-privadas-no-monaco-monte-carlo\/\"><strong>Visita privada a p\u00e9 no M\u00f3naco<\/strong><\/a><\/p>\n<p>&nbsp;<\/p>\n<h3>O que deves saber antes de planear uma despedida de solteiro no M\u00f3naco<\/h3>\n<p><span style=\"font-weight: 400;\">Ao planear uma despedida de solteira no M\u00f3naco, h\u00e1 algumas coisas que precisas de saber antes de reservar qualquer coisa. Para te ajudar a fazer isso, reunimos algumas dicas para planeares a tua festa de despedida de solteira perfeita: <\/span><\/p>\n<ul>\n<li style=\"font-weight: 400;\" aria-level=\"1\"><span style=\"font-weight: 400;\">Deves tentar planear com anteced\u00eancia para saberes que bares est\u00e3o abertos a que horas e que actividades est\u00e3o dispon\u00edveis durante a tua estadia. Tamb\u00e9m podes querer informar-se sobre quaisquer eventos especiais que ocorram durante a tua estadia, para que os possas incorporar nos teus planos. Alguns bares oferecem bebidas a pre\u00e7os reduzidos a determinadas horas do dia ou quando h\u00e1 m\u00fasica ao vivo, por isso, se tiveres mais dinheiro para gastar do que o habitual, talvez valha a pena verificar isso!  <\/span><\/li>\n<li style=\"font-weight: 400;\" aria-level=\"1\"><span style=\"font-weight: 400;\">Se houver mais alguma coisa a acontecer durante a tua estadia, certifica-te de que tamb\u00e9m se encaixa nos teus planos! Se houver um evento a decorrer durante a tua estadia, talvez valha a pena procurar bilhetes com anteced\u00eancia para n\u00e3o perderes nada de importante! <\/span><\/li>\n<li style=\"font-weight: 400;\" aria-level=\"1\"><span style=\"font-weight: 400;\">Quando se trata de reservar voos, quanto mais cedo o fizeres, melhor. Assim, ter\u00e1s mais tempo para planear outros aspectos da tua viagem e poder\u00e1s escolher melhor as datas e as horas. Se poss\u00edvel, faz a reserva pelo menos seis semanas antes do grande dia.  <\/span><\/li>\n<li style=\"font-weight: 400;\" aria-level=\"1\"><span style=\"font-weight: 400;\">Ao escolheres o local onde deves ficar durante a tua viagem, pensa no que se passa no M\u00f3naco nas datas que escolheste. Se houver um evento importante a decorrer durante a tua estadia (como a F\u00f3rmula 1 ou o Grande Pr\u00e9mio), tenta reservar um local pr\u00f3ximo, para que n\u00e3o tenhas de viajar muito de manh\u00e3 ou \u00e0 noite.   <\/span><\/li>\n<\/ul>\n<p><span style=\"font-weight: 400;\">Riviera Bar Crawl Tours oferece aos seus clientes uma vasta sele\u00e7\u00e3o de pacotes de celebra\u00e7\u00e3o em Cannes. Somos especialistas em passeios diurnos e noturnos em Cannes desde a nossa cria\u00e7\u00e3o. Entra em contacto com um dos nossos organizadores de eventos para come\u00e7ares a desfrutar com as tuas amigas de uma ideia original para a tua pr\u00f3xima despedida de solteira!  <\/span><\/p>\n<p><b>Contacta-nos:<\/b><\/p>\n<p><span style=\"font-weight: 400;\">Para reservas e pedidos de informa\u00e7\u00e3o, n\u00e3o hesites em contactar-nos atrav\u00e9s do nosso e-mail: info@rivierabarcrawltours.com.<\/span>[\/vc_column_text][\/vc_column_inner][\/vc_row_inner][vc_empty_space height=&#8221;75&#8243;][vc_btn title=&#8221;Come\u00e7a a planear o teu evento agora!&#8221; color=&#8221;juicy-pink&#8221; align=&#8221;center&#8221; button_block=&#8221;true&#8221; link=&#8221;url:https%3A%2F%2Frivierabarcrawltours.com%2Fpt-pt%2Ffale-conosco%2F|title:Fale%20conosco%21|target:_blank|&#8221; css=&#8221;.vc_custom_1667912697255{background-color: #e11e26 !important;background-position: 0 0 !important;background-repeat: no-repeat !important;}&#8221;][\/vc_column][\/vc_row][vc_row][vc_column width=&#8221;1\/2&#8243;]\n<div class=\"wpcf7 no-js\" id=\"wpcf7-f62606-o1\" lang=\"en-US\" dir=\"ltr\" data-wpcf7-id=\"62606\">\n<div class=\"screen-reader-response\"><p role=\"status\" aria-live=\"polite\" aria-atomic=\"true\"><\/p> <ul><\/ul><\/div>\n<form action=\"\/pt-pt\/wp-json\/wp\/v2\/pages\/124052#wpcf7-f62606-o1\" method=\"post\" class=\"wpcf7-form init\" aria-label=\"Formul\u00e1rio de contacto\" novalidate=\"novalidate\" data-status=\"init\">\n<fieldset class=\"hidden-fields-container\"><input type=\"hidden\" name=\"_wpcf7\" value=\"62606\" \/><input type=\"hidden\" name=\"_wpcf7_version\" value=\"6.1.5\" \/><input type=\"hidden\" name=\"_wpcf7_locale\" value=\"en_US\" \/><input type=\"hidden\" name=\"_wpcf7_unit_tag\" value=\"wpcf7-f62606-o1\" \/><input type=\"hidden\" name=\"_wpcf7_container_post\" value=\"0\" \/><input type=\"hidden\" name=\"_wpcf7_posted_data_hash\" value=\"\" \/><input type=\"hidden\" name=\"_wpcf7_recaptcha_response\" value=\"\" \/>\n<\/fieldset>\n<div class=\"st-contact-form\">\n\t<div class=\"contact-header\">\n\t\t<h3>We'd love to hear from you\n\t\t<\/h3>\n\t\t<p>Send us a message and we'll respond as soon as possible\n\t\t<\/p>\n\t<\/div>\n\t<div class=\"contact-form\">\n\t\t<div class=\"form-group\">\n\t\t\t<p><span class=\"wpcf7-form-control-wrap\" data-name=\"your-name\"><input size=\"40\" maxlength=\"400\" class=\"wpcf7-form-control wpcf7-text wpcf7-validates-as-required form-control\" aria-required=\"true\" aria-invalid=\"false\" placeholder=\"Name\" value=\"\" type=\"text\" name=\"your-name\" \/><\/span>\n\t\t\t<\/p>\n\t\t<\/div>\n\t\t<div class=\"form-group\">\n\t\t\t<p><span class=\"wpcf7-form-control-wrap\" data-name=\"your-email\"><input size=\"40\" maxlength=\"400\" class=\"wpcf7-form-control wpcf7-email wpcf7-validates-as-required wpcf7-text wpcf7-validates-as-email form-control\" aria-required=\"true\" aria-invalid=\"false\" placeholder=\"Email\" value=\"\" type=\"email\" name=\"your-email\" \/><\/span>\n\t\t\t<\/p>\n\t\t<\/div>\n\t\t<div class=\"form-group\">\n\t\t\t<p><span class=\"wpcf7-form-control-wrap\" data-name=\"your-message\"><textarea cols=\"40\" rows=\"10\" maxlength=\"2000\" class=\"wpcf7-form-control wpcf7-textarea form-control\" aria-invalid=\"false\" placeholder=\"Message\" name=\"your-message\"><\/textarea><\/span>\n\t\t\t<\/p>\n\t\t<\/div>\n\t<span class=\"wpcf7-form-control-wrap recaptcha\" data-name=\"recaptcha\"><span data-sitekey=\"6LdJz1AaAAAAACdpzuGXVjdcRmpNNTMel9zmPCUG\" class=\"wpcf7-form-control wpcf7-recaptcha g-recaptcha\"><\/span>\r\n<noscript>\r\n\t<div class=\"grecaptcha-noscript\">\r\n\t\t<iframe loading=\"lazy\" src=\"https:\/\/www.google.com\/recaptcha\/api\/fallback?k=6LdJz1AaAAAAACdpzuGXVjdcRmpNNTMel9zmPCUG\" frameborder=\"0\" scrolling=\"no\" width=\"310\" height=\"430\">\r\n\t\t<\/iframe>\r\n\t\t<textarea name=\"g-recaptcha-response\" rows=\"3\" cols=\"40\" placeholder=\"reCaptcha Response Here\">\r\n\t\t<\/textarea>\r\n\t<\/div>\r\n<\/noscript>\r\n<\/span>\n\t\t<p><input class=\"wpcf7-form-control wpcf7-submit has-spinner btn btn-primary\" type=\"submit\" value=\"SEND MESSAGE\" \/>\n\t\t<\/p>\n\t<\/div>\n<\/div><p style=\"display: none !important;\" class=\"akismet-fields-container\" data-prefix=\"_wpcf7_ak_\"><label>&#916;<textarea name=\"_wpcf7_ak_hp_textarea\" cols=\"45\" rows=\"8\" maxlength=\"100\"><\/textarea><\/label><input type=\"hidden\" id=\"ak_js_1\" name=\"_wpcf7_ak_js\" value=\"86\"\/><script>document.getElementById( \"ak_js_1\" ).setAttribute( \"value\", ( new Date() ).getTime() );<\/script><\/p><div class=\"wpcf7-response-output\" aria-hidden=\"true\"><\/div>\n<\/form>\n<\/div>\n[vc_empty_space height=&#8221;25px&#8221;][\/vc_column][vc_column width=&#8221;1\/2&#8243;][\/vc_column][\/vc_row]<\/p>\n<\/div>","protected":false},"excerpt":{"rendered":"<p>[vc_row el_class=&#8221;city-tours-custom&#8221; css=&#8221;.vc_custom_1624697331275{margin-top: 40px !important;margin-bottom: 20px !important;}&#8221;][vc_column][vc_column_text] O teu pr\u00f3ximo evento [\/vc_column_text][vc_separator color=&#8221;custom&#8221; css=&#8221;.vc_custom_1667912336027{background-color: #e11e26 !important;}&#8221;][vc_btn title=&#8221;Come\u00e7a a planear o teu evento agora!&#8221; color=&#8221;juicy-pink&#8221; align=&#8221;center&#8221; button_block=&#8221;true&#8221; link=&#8221;url:https%3A%2F%2Fdocs.google.com%2Fforms%2Fd%2F1HuEfKbEAhdsDI5S_LHigp8pVe4yjD14dUH2zNBPfBeA%2Fprefill|title:Fale%20conosco%21|target:_blank|&#8221; css=&#8221;.vc_custom_1679503218696{background-color: #e11e26 !important;background-position: 0 0 !important;background-repeat: no-repeat !important;}&#8221;][\/vc_column][vc_column][\/vc_column][\/vc_row][vc_row][vc_column][vc_row_inner][vc_column_inner][vc_column_text] Organiza a tua despedida de solteiro no M\u00f3naco Um fim de semana de despedida de solteira \u00e9 uma festa que [&hellip;]<\/p>\n","protected":false},"author":2,"featured_media":105327,"parent":0,"menu_order":0,"comment_status":"closed","ping_status":"closed","template":"template-home-modern.php","meta":{"_acf_changed":false,"footnotes":""},"class_list":["post-124052","page","type-page","status-publish","has-post-thumbnail","hentry"],"acf":[],"yoast_head":"<!-- This site is optimized with the Yoast SEO plugin v27.4 - https:\/\/yoast.com\/product\/yoast-seo-wordpress\/ -->\n<title>Actividades e ideias para despedidas de solteiro no M\u00f3naco, Fran\u00e7a | Riviera Bar Crawl Tours<\/title>\n<meta name=\"description\" content=\"Desde actividades aqu\u00e1ticas a entretenimento divertido como bar crawls privados e espect\u00e1culos de striptease, oferecemos ideias interessantes para agitar. Contacta-nos e apressa-te a reservar.\" \/>\n<meta name=\"robots\" content=\"index, follow, max-snippet:-1, max-image-preview:large, max-video-preview:-1\" \/>\n<link rel=\"canonical\" href=\"https:\/\/rivierabarcrawltours.com\/pt-pt\/festa-de-despedida-de-solteiro-no-monaco-monte-carlo\/\" \/>\n<meta property=\"og:locale\" content=\"pt_PT\" \/>\n<meta property=\"og:type\" content=\"article\" \/>\n<meta property=\"og:title\" content=\"Actividades e ideias para despedidas de solteiro no M\u00f3naco, Fran\u00e7a | Riviera Bar Crawl Tours\" \/>\n<meta property=\"og:description\" content=\"Desde actividades aqu\u00e1ticas a entretenimento divertido como bar crawls privados e espect\u00e1culos de striptease, oferecemos ideias interessantes para agitar. Contacta-nos e apressa-te a reservar.\" \/>\n<meta property=\"og:url\" content=\"https:\/\/rivierabarcrawltours.com\/pt-pt\/festa-de-despedida-de-solteiro-no-monaco-monte-carlo\/\" \/>\n<meta property=\"og:site_name\" content=\"Riviera Bar Crawl Tours\" \/>\n<meta property=\"article:publisher\" content=\"https:\/\/www.facebook.com\/RivieraBarCrawltours\/\" \/>\n<meta property=\"og:image\" content=\"https:\/\/rivierabarcrawltours.com\/wp-content\/uploads\/2023\/02\/hen-do-in-Monaco.jpeg\" \/>\n\t<meta property=\"og:image:width\" content=\"1920\" \/>\n\t<meta property=\"og:image:height\" content=\"1281\" \/>\n\t<meta property=\"og:image:type\" content=\"image\/jpeg\" \/>\n<meta name=\"twitter:card\" content=\"summary_large_image\" \/>\n<meta name=\"twitter:site\" content=\"@rivierabarcrawl\" \/>\n<meta name=\"twitter:label1\" content=\"Tempo estimado de leitura\" \/>\n\t<meta name=\"twitter:data1\" content=\"6 minutes\" \/>\n<!-- \/ Yoast SEO plugin. -->","yoast_head_json":{"title":"Actividades e ideias para despedidas de solteiro no M\u00f3naco, Fran\u00e7a | Riviera Bar Crawl Tours","description":"Desde actividades aqu\u00e1ticas a entretenimento divertido como bar crawls privados e espect\u00e1culos de striptease, oferecemos ideias interessantes para agitar. Contacta-nos e apressa-te a reservar.","robots":{"index":"index","follow":"follow","max-snippet":"max-snippet:-1","max-image-preview":"max-image-preview:large","max-video-preview":"max-video-preview:-1"},"canonical":"https:\/\/rivierabarcrawltours.com\/pt-pt\/festa-de-despedida-de-solteiro-no-monaco-monte-carlo\/","og_locale":"pt_PT","og_type":"article","og_title":"Actividades e ideias para despedidas de solteiro no M\u00f3naco, Fran\u00e7a | Riviera Bar Crawl Tours","og_description":"Desde actividades aqu\u00e1ticas a entretenimento divertido como bar crawls privados e espect\u00e1culos de striptease, oferecemos ideias interessantes para agitar. Contacta-nos e apressa-te a reservar.","og_url":"https:\/\/rivierabarcrawltours.com\/pt-pt\/festa-de-despedida-de-solteiro-no-monaco-monte-carlo\/","og_site_name":"Riviera Bar Crawl Tours","article_publisher":"https:\/\/www.facebook.com\/RivieraBarCrawltours\/","og_image":[{"width":1920,"height":1281,"url":"https:\/\/rivierabarcrawltours.com\/wp-content\/uploads\/2023\/02\/hen-do-in-Monaco.jpeg","type":"image\/jpeg"}],"twitter_card":"summary_large_image","twitter_site":"@rivierabarcrawl","twitter_misc":{"Tempo estimado de leitura":"6 minutes"},"schema":{"@context":"https:\/\/schema.org","@graph":[{"@type":"WebPage","@id":"https:\/\/rivierabarcrawltours.com\/pt-pt\/festa-de-despedida-de-solteiro-no-monaco-monte-carlo\/","url":"https:\/\/rivierabarcrawltours.com\/pt-pt\/festa-de-despedida-de-solteiro-no-monaco-monte-carlo\/","name":"Actividades e ideias para despedidas de solteiro no M\u00f3naco, Fran\u00e7a | Riviera Bar Crawl Tours","isPartOf":{"@id":"https:\/\/rivierabarcrawltours.com\/#website"},"primaryImageOfPage":{"@id":"https:\/\/rivierabarcrawltours.com\/pt-pt\/festa-de-despedida-de-solteiro-no-monaco-monte-carlo\/#primaryimage"},"image":{"@id":"https:\/\/rivierabarcrawltours.com\/pt-pt\/festa-de-despedida-de-solteiro-no-monaco-monte-carlo\/#primaryimage"},"thumbnailUrl":"https:\/\/rivierabarcrawltours.com\/wp-content\/uploads\/2023\/02\/hen-do-in-Monaco.jpeg","datePublished":"2026-02-11T11:54:01+00:00","description":"Desde actividades aqu\u00e1ticas a entretenimento divertido como bar crawls privados e espect\u00e1culos de striptease, oferecemos ideias interessantes para agitar. Contacta-nos e apressa-te a reservar.","breadcrumb":{"@id":"https:\/\/rivierabarcrawltours.com\/pt-pt\/festa-de-despedida-de-solteiro-no-monaco-monte-carlo\/#breadcrumb"},"inLanguage":"pt-PT","potentialAction":[{"@type":"ReadAction","target":["https:\/\/rivierabarcrawltours.com\/pt-pt\/festa-de-despedida-de-solteiro-no-monaco-monte-carlo\/"]}]},{"@type":"ImageObject","inLanguage":"pt-PT","@id":"https:\/\/rivierabarcrawltours.com\/pt-pt\/festa-de-despedida-de-solteiro-no-monaco-monte-carlo\/#primaryimage","url":"https:\/\/rivierabarcrawltours.com\/wp-content\/uploads\/2023\/02\/hen-do-in-Monaco.jpeg","contentUrl":"https:\/\/rivierabarcrawltours.com\/wp-content\/uploads\/2023\/02\/hen-do-in-Monaco.jpeg","width":1920,"height":1281,"caption":"O que fazer no M\u00f3naco, Monte-Carlo"},{"@type":"BreadcrumbList","@id":"https:\/\/rivierabarcrawltours.com\/pt-pt\/festa-de-despedida-de-solteiro-no-monaco-monte-carlo\/#breadcrumb","itemListElement":[{"@type":"ListItem","position":1,"name":"Home","item":"https:\/\/rivierabarcrawltours.com\/pt-pt\/"},{"@type":"ListItem","position":2,"name":"Festa de despedida de solteiro no M\u00f3naco, Monte-Carlo"}]},{"@type":"WebSite","@id":"https:\/\/rivierabarcrawltours.com\/#website","url":"https:\/\/rivierabarcrawltours.com\/","name":"Riviera Bar Crawl Tours","description":"Fun Day &amp; Night Experiences I Tour operator I Guided Tours I Bar Crawls I Food Tours I","publisher":{"@id":"https:\/\/rivierabarcrawltours.com\/#organization"},"potentialAction":[{"@type":"SearchAction","target":{"@type":"EntryPoint","urlTemplate":"https:\/\/rivierabarcrawltours.com\/?s={search_term_string}"},"query-input":{"@type":"PropertyValueSpecification","valueRequired":true,"valueName":"search_term_string"}}],"inLanguage":"pt-PT"},{"@type":"Organization","@id":"https:\/\/rivierabarcrawltours.com\/#organization","name":"Riviera Bar Crawl Tours","url":"https:\/\/rivierabarcrawltours.com\/","logo":{"@type":"ImageObject","inLanguage":"pt-PT","@id":"https:\/\/rivierabarcrawltours.com\/#\/schema\/logo\/image\/","url":"https:\/\/rivierabarcrawltours.com\/wp-content\/uploads\/2019\/07\/logo.png","contentUrl":"https:\/\/rivierabarcrawltours.com\/wp-content\/uploads\/2019\/07\/logo.png","width":479,"height":453,"caption":"Riviera Bar Crawl Tours"},"image":{"@id":"https:\/\/rivierabarcrawltours.com\/#\/schema\/logo\/image\/"},"sameAs":["https:\/\/www.facebook.com\/RivieraBarCrawltours\/","https:\/\/x.com\/rivierabarcrawl"]}]}},"_links":{"self":[{"href":"https:\/\/rivierabarcrawltours.com\/pt-pt\/wp-json\/wp\/v2\/pages\/124052","targetHints":{"allow":["GET"]}}],"collection":[{"href":"https:\/\/rivierabarcrawltours.com\/pt-pt\/wp-json\/wp\/v2\/pages"}],"about":[{"href":"https:\/\/rivierabarcrawltours.com\/pt-pt\/wp-json\/wp\/v2\/types\/page"}],"author":[{"embeddable":true,"href":"https:\/\/rivierabarcrawltours.com\/pt-pt\/wp-json\/wp\/v2\/users\/2"}],"replies":[{"embeddable":true,"href":"https:\/\/rivierabarcrawltours.com\/pt-pt\/wp-json\/wp\/v2\/comments?post=124052"}],"version-history":[{"count":2,"href":"https:\/\/rivierabarcrawltours.com\/pt-pt\/wp-json\/wp\/v2\/pages\/124052\/revisions"}],"predecessor-version":[{"id":124054,"href":"https:\/\/rivierabarcrawltours.com\/pt-pt\/wp-json\/wp\/v2\/pages\/124052\/revisions\/124054"}],"wp:featuredmedia":[{"embeddable":true,"href":"https:\/\/rivierabarcrawltours.com\/pt-pt\/wp-json\/wp\/v2\/media\/105327"}],"wp:attachment":[{"href":"https:\/\/rivierabarcrawltours.com\/pt-pt\/wp-json\/wp\/v2\/media?parent=124052"}],"curies":[{"name":"wp","href":"https:\/\/api.w.org\/{rel}","templated":true}]}}