{"id":124049,"date":"2026-02-11T12:52:38","date_gmt":"2026-02-11T11:52:38","guid":{"rendered":"https:\/\/rivierabarcrawltours.com\/festa-de-despedida-de-solteira\/festa-da-galinha-em-saint-tropez-franca\/"},"modified":"2026-02-11T12:52:38","modified_gmt":"2026-02-11T11:52:38","slug":"festa-da-galinha-em-saint-tropez-franca","status":"publish","type":"page","link":"https:\/\/rivierabarcrawltours.com\/pt-pt\/festa-da-galinha-em-saint-tropez-franca\/","title":{"rendered":"Festa da galinha em Saint-Tropez, Fran\u00e7a"},"content":{"rendered":"<div class=\"wpb-content-wrapper\"><p>[vc_row el_class=&#8221;city-tours-custom&#8221; css=&#8221;.vc_custom_1624697331275{margin-top: 40px !important;margin-bottom: 20px !important;}&#8221;][vc_column][vc_column_text]<\/p>\n<h2>O teu pr\u00f3ximo evento<\/h2>\n<p>[\/vc_column_text]<div class='list_tours'>   <div class=\"concept-listings owl-carousel owl-theme\">\n          <div class=\"style_box\">\n           <div class=\"feature_class st_featured featured\">Featured<\/div>           <div class=\"thumb\">\n               <header class=\"thumb-header st_avatar_fix\">\n                                      <a href=\"https:\/\/rivierabarcrawltours.com\/pt-pt\/tour\/tours-privados-da-riviera-francesa\/\" class=\"hover-img\">\n                       <img decoding=\"async\" width=\"260\" height=\"190\" src=\"https:\/\/rivierabarcrawltours.com\/wp-content\/uploads\/2020\/12\/french-riviera-private-tours-260x190.jpg\" class=\"attachment-260x190x1 size-260x190x1 wp-post-image\" alt=\"Tours Privados da Riviera Francesa\" \/>                       <h5 class=\"hover-title hover-hold text-center\">\n                           Tours Privados da Riviera Francesa                       <\/h5>\n                   <\/a>\n                                  <\/header>\n           <\/div>\n       <\/div>\n   <\/div>\n\n    \n<script type=\"text\/javascript\">\n$(document).ready(function() {\n       $(\".concept-listings\").owlCarousel({\n        margin:20,\n                dots:true,\n        responsiveClass:true,\n        responsive:{\n            0:{\n                items:1,\n                nav:false\n            },\n            600:{\n                items:3,\n                nav:false\n            },\n            1000:{\n                items:4,\n                nav:true\n            }\n        }\n       });\n}); \n\n<\/script>\n\n<style type=\"text\/css\">\n.concept-listings .owl-stage {\n    display: -webkit-box !important;\n    display: -moz-box !important;\n    display: -ms-box !important;\n    display: box !important;\n}\n.concept-listings .owl-dots {\n    margin-top: 10px;\n    text-align: center;\n}\n.concept-listings .owl-dots .owl-dot {\n    display: inline-block;\n    background: 0 0;\n    color: inherit;\n    border: none;\n    padding: 0 !important;\n}\n.concept-listings .owl-dots .owl-dot.active span {\n    background: var(--link-color, #5191FA);\n}\n.concept-listings .owl-dots .owl-dot span {\n    width: 10px;\n    height: 10px;\n    margin: 5px 7px;\n    background: var(--light-grey-color, #EAEEF3);\n    display: block;\n    transition: opacity 0.2s ease;\n    border-radius: 30px;\n}\n.city-tours-custom .feature_class{\n  left: 0 !important;\n}\n.concept-listings .owl-nav {\n    position: absolute;\n    height: 100%;\n    top: 0;\n    width: 100%;\n    z-index: -1;\n}\n.concept-listings .owl-nav button {\n    position: absolute;\n    top: 50%;\n    margin-top: -18px;\n}\n.concept-listings .owl-nav button.owl-next {\n    right: -66px;\n}\n.concept-listings .owl-nav button.owl-prev {\n    left: -66px;\n}\n.concept-listings .owl-nav button.owl-next span {\n    width: 36px;\n    height: 36px;\n    display: block;\n    background: url(https:\/\/rivierabarcrawltours.com\/wp-content\/uploads\/2021\/06\/arrow-right.png) center center no-repeat;\n    background-size: 100% auto;\n    color: transparent;\n}\n.concept-listings .owl-nav button.owl-prev span {\n    width: 36px;\n    height: 36px;\n    display: block;\n    background: url(https:\/\/rivierabarcrawltours.com\/wp-content\/uploads\/2021\/02\/arrow-left.png) center center no-repeat;\n    background-size: 100% auto;\n    color: transparent;\n}\n\n.city-tours-custom .thumb{\n    border: none !important;\n}\n<\/style><\/div>[vc_separator color=&#8221;custom&#8221; css=&#8221;.vc_custom_1667912336027{background-color: #e11e26 !important;}&#8221;][vc_btn title=&#8221;Come\u00e7a a planear o teu evento agora!&#8221; color=&#8221;juicy-pink&#8221; align=&#8221;center&#8221; button_block=&#8221;true&#8221; link=&#8221;url:https%3A%2F%2Fdocs.google.com%2Fforms%2Fd%2F1HuEfKbEAhdsDI5S_LHigp8pVe4yjD14dUH2zNBPfBeA%2Fprefill|title:Fale%20conosco%21|target:_blank|&#8221; css=&#8221;.vc_custom_1679503374650{background-color: #e11e26 !important;background-position: 0 0 !important;background-repeat: no-repeat !important;}&#8221;][\/vc_column][vc_column][\/vc_column][\/vc_row][vc_row][vc_column][vc_row_inner][vc_column_inner][vc_column_text]<\/p>\n<h2>Embarca numa viagem inesquec\u00edvel \u00e0 Riviera Francesa e organiza a despedida de solteira perfeita em Saint-Tropez<\/h2>\n<p>Planear uma despedida de solteiro pode ser dispendioso, mas tamb\u00e9m imensamente gratificante. Uma das maiores decis\u00f5es que tens de tomar ao planear a tua aventura \u00e9 escolher onde ir: Saint-Tropez? Barcelona? Ibiza? H\u00e1 muitas op\u00e7\u00f5es e todas elas t\u00eam os seus pr\u00f3s e contras.    <\/p>\n<p>A Riviera Francesa, ou C\u00f4te d&#8217;Azur, como \u00e9 mais conhecida, tornou-se recentemente uma escolha popular entre as despedidas de solteira. Acreditamos que, com tantas op\u00e7\u00f5es para escolher, encontrar\u00e1s o que procuras em Saint-Tropez! <\/p>\n<p>Uma cidade moderna, uma est\u00e2ncia chique, uma cidade elegante&#8230; Saint-Tropez \u00e9 tudo isto e muito mais. E o melhor de tudo \u00e9 que n\u00e3o h\u00e1 melhor lugar para a tua pr\u00f3xima despedida de solteira do que Saint-Tropez! <\/p>\n<p>Convenientemente localizada na C\u00f4te d&#8217;Azur, esta deslumbrante cidade da Riviera Francesa \u00e9 um famoso para\u00edso para as celebridades; um parque de divers\u00f5es da moda conhecido pela sua deliciosa cozinha, caf\u00e9s modernos e boutiques da moda.<\/p>\n<p>Para que a tua estadia aqui seja inesquec\u00edvel, reunimos informa\u00e7\u00f5es sobre tudo o que precisas de saber para organizar o teu evento em Saint-Tropez.<\/p>\n<h3><\/h3>\n<h3><strong>4 raz\u00f5es pelas quais deves visitar Saint-Tropez durante a tua despedida de solteiro<\/strong><\/h3>\n<p>Se est\u00e1s a planear uma despedida de solteira, porque n\u00e3o torn\u00e1-la ainda mais especial, incluindo uma viagem a Saint-Tropez? Aqui est\u00e3o 4 raz\u00f5es pelas quais deves visitar Saint-Tropez durante a tua despedida de solteira: <\/p>\n<p>1. Podes participar na famosa festa da praia<\/p>\n<p>2. Podes desfrutar de um pouco da vida das celebridades enquanto l\u00e1 estiveres<\/p>\n<p>3. Tamb\u00e9m h\u00e1 muitas coisas para fazer fora da praia<\/p>\n<p>4. Fica suficientemente perto de outros locais em Fran\u00e7a, mas suficientemente longe de tudo o resto, para que tenhas a garantia de passar um bom bocado<\/p>\n<h3><\/h3>\n<h3><strong>Ideias originais para uma despedida de solteiro em Saint-Tropez para um fim de semana<\/strong><\/h3>\n<p>Se est\u00e1s a planear uma despedida de solteiro em Saint-Tropez, d\u00e1 uma vista de olhos a algumas destas ideias:<\/p>\n<p>Visita as famosas praias de Saint Tropez<\/p>\n<p>Faz um passeio de barco e v\u00ea as paisagens a partir da \u00e1gua<\/p>\n<p><a href=\"https:\/\/rivierabarcrawltours.com\/pt-pt\/tour\/excursoes-privadas-saint-tropez\/\">Faz uma visita guiada privada a Saint Tropez<\/a><\/p>\n<p>Faz um cruzeiro de ch\u00e1 da tarde ao longo da costa<\/p>\n<p>Faz compras no centro hist\u00f3rico de Saint Tropez com os teus amigos<\/p>\n<p>Experimenta alguns desportos aqu\u00e1ticos como o jet ski ou o parasailing<\/p>\n<p><a href=\"https:\/\/rivierabarcrawltours.com\/pt-pt\/tour\/visita-turistica-a-saint-tropez-port-grimaud\/\">Reserva uma excurs\u00e3o tur\u00edstica Saint-Tropez &amp; Port Grimaud<\/a><\/p>\n<p>Desfruta de um brunch com champanhe a bordo de um iate de luxo que faz um cruzeiro ao longo da costa de Saint Tropez, M\u00f3naco e Cannes.<\/p>\n<p>Aula de culin\u00e1ria: Aprende a cozinhar uma especialidade local com um chefe durante uma aula magistral.<\/p>\n<h3><\/h3>\n<h3>O que deves saber antes de planear uma despedida de solteiro em Saint-Tropez<\/h3>\n<p>O que precisas de saber antes de planear uma despedida de solteira em Saint-Tropez? Aqui est\u00e3o algumas dicas para te ajudar a planear a tua viagem: <\/p>\n<p>1. Prepara-te para o tempo quente<\/p>\n<p>2. Usa sapatos confort\u00e1veis<\/p>\n<p>3. Certifica-te de que todos t\u00eam sempre protetor solar consigo<\/p>\n<p>4. Planeia com anteced\u00eancia para poderes entrar nos restaurantes que t\u00eam longas listas de espera<\/p>\n<p>Organiza a tua despedida de solteira com a Riviera Bar Crawl Tours. Ajudamos-te a realizar o teu sonho e a preparar um fim de semana inesquec\u00edvel para a tua futura noiva. Organizamos toda a viagem: transferes, acesso VIP, actividades e surpresas. Assim, nada perturba os teus dias de divers\u00e3o na Cote d&#8217;Azur.   <\/p>\n<p><strong>Contacta-nos:<\/strong><\/p>\n<p>Para reservas e pedidos de informa\u00e7\u00e3o, n\u00e3o hesites em contactar-nos atrav\u00e9s do nosso e-mail: info@rivierabarcrawltours.com.[\/vc_column_text][\/vc_column_inner][\/vc_row_inner][vc_empty_space height=&#8221;75&#8243;][vc_btn title=&#8221;Come\u00e7a a planear o teu evento agora!&#8221; color=&#8221;juicy-pink&#8221; align=&#8221;center&#8221; button_block=&#8221;true&#8221; link=&#8221;url:https%3A%2F%2Frivierabarcrawltours.com%2Fpt-pt%2Ffale-conosco%2F|title:Fale%20conosco%21|target:_blank|&#8221; css=&#8221;.vc_custom_1667912697255{background-color: #e11e26 !important;background-position: 0 0 !important;background-repeat: no-repeat !important;}&#8221;][\/vc_column][\/vc_row][vc_row][vc_column width=&#8221;1\/2&#8243;]\n<div class=\"wpcf7 no-js\" id=\"wpcf7-f62606-o1\" lang=\"en-US\" dir=\"ltr\" data-wpcf7-id=\"62606\">\n<div class=\"screen-reader-response\"><p role=\"status\" aria-live=\"polite\" aria-atomic=\"true\"><\/p> <ul><\/ul><\/div>\n<form action=\"\/pt-pt\/wp-json\/wp\/v2\/pages\/124049#wpcf7-f62606-o1\" method=\"post\" class=\"wpcf7-form init\" aria-label=\"Formul\u00e1rio de contacto\" novalidate=\"novalidate\" data-status=\"init\">\n<fieldset class=\"hidden-fields-container\"><input type=\"hidden\" name=\"_wpcf7\" value=\"62606\" \/><input type=\"hidden\" name=\"_wpcf7_version\" value=\"6.1.5\" \/><input type=\"hidden\" name=\"_wpcf7_locale\" value=\"en_US\" \/><input type=\"hidden\" name=\"_wpcf7_unit_tag\" value=\"wpcf7-f62606-o1\" \/><input type=\"hidden\" name=\"_wpcf7_container_post\" value=\"0\" \/><input type=\"hidden\" name=\"_wpcf7_posted_data_hash\" value=\"\" \/><input type=\"hidden\" name=\"_wpcf7_recaptcha_response\" value=\"\" \/>\n<\/fieldset>\n<div class=\"st-contact-form\">\n\t<div class=\"contact-header\">\n\t\t<h3>We'd love to hear from you\n\t\t<\/h3>\n\t\t<p>Send us a message and we'll respond as soon as possible\n\t\t<\/p>\n\t<\/div>\n\t<div class=\"contact-form\">\n\t\t<div class=\"form-group\">\n\t\t\t<p><span class=\"wpcf7-form-control-wrap\" data-name=\"your-name\"><input size=\"40\" maxlength=\"400\" class=\"wpcf7-form-control wpcf7-text wpcf7-validates-as-required form-control\" aria-required=\"true\" aria-invalid=\"false\" placeholder=\"Name\" value=\"\" type=\"text\" name=\"your-name\" \/><\/span>\n\t\t\t<\/p>\n\t\t<\/div>\n\t\t<div class=\"form-group\">\n\t\t\t<p><span class=\"wpcf7-form-control-wrap\" data-name=\"your-email\"><input size=\"40\" maxlength=\"400\" class=\"wpcf7-form-control wpcf7-email wpcf7-validates-as-required wpcf7-text wpcf7-validates-as-email form-control\" aria-required=\"true\" aria-invalid=\"false\" placeholder=\"Email\" value=\"\" type=\"email\" name=\"your-email\" \/><\/span>\n\t\t\t<\/p>\n\t\t<\/div>\n\t\t<div class=\"form-group\">\n\t\t\t<p><span class=\"wpcf7-form-control-wrap\" data-name=\"your-message\"><textarea cols=\"40\" rows=\"10\" maxlength=\"2000\" class=\"wpcf7-form-control wpcf7-textarea form-control\" aria-invalid=\"false\" placeholder=\"Message\" name=\"your-message\"><\/textarea><\/span>\n\t\t\t<\/p>\n\t\t<\/div>\n\t<span class=\"wpcf7-form-control-wrap recaptcha\" data-name=\"recaptcha\"><span data-sitekey=\"6LdJz1AaAAAAACdpzuGXVjdcRmpNNTMel9zmPCUG\" class=\"wpcf7-form-control wpcf7-recaptcha g-recaptcha\"><\/span>\r\n<noscript>\r\n\t<div class=\"grecaptcha-noscript\">\r\n\t\t<iframe loading=\"lazy\" src=\"https:\/\/www.google.com\/recaptcha\/api\/fallback?k=6LdJz1AaAAAAACdpzuGXVjdcRmpNNTMel9zmPCUG\" frameborder=\"0\" scrolling=\"no\" width=\"310\" height=\"430\">\r\n\t\t<\/iframe>\r\n\t\t<textarea name=\"g-recaptcha-response\" rows=\"3\" cols=\"40\" placeholder=\"reCaptcha Response Here\">\r\n\t\t<\/textarea>\r\n\t<\/div>\r\n<\/noscript>\r\n<\/span>\n\t\t<p><input class=\"wpcf7-form-control wpcf7-submit has-spinner btn btn-primary\" type=\"submit\" value=\"SEND MESSAGE\" \/>\n\t\t<\/p>\n\t<\/div>\n<\/div><p style=\"display: none !important;\" class=\"akismet-fields-container\" data-prefix=\"_wpcf7_ak_\"><label>&#916;<textarea name=\"_wpcf7_ak_hp_textarea\" cols=\"45\" rows=\"8\" maxlength=\"100\"><\/textarea><\/label><input type=\"hidden\" id=\"ak_js_1\" name=\"_wpcf7_ak_js\" value=\"223\"\/><script>document.getElementById( \"ak_js_1\" ).setAttribute( \"value\", ( new Date() ).getTime() );<\/script><\/p><div class=\"wpcf7-response-output\" aria-hidden=\"true\"><\/div>\n<\/form>\n<\/div>\n[vc_empty_space height=&#8221;25px&#8221;][\/vc_column][vc_column width=&#8221;1\/2&#8243;][\/vc_column][\/vc_row]<\/p>\n<\/div>","protected":false},"excerpt":{"rendered":"<p>[vc_row el_class=&#8221;city-tours-custom&#8221; css=&#8221;.vc_custom_1624697331275{margin-top: 40px !important;margin-bottom: 20px !important;}&#8221;][vc_column][vc_column_text] O teu pr\u00f3ximo evento [\/vc_column_text][vc_separator color=&#8221;custom&#8221; css=&#8221;.vc_custom_1667912336027{background-color: #e11e26 !important;}&#8221;][vc_btn title=&#8221;Come\u00e7a a planear o teu evento agora!&#8221; color=&#8221;juicy-pink&#8221; align=&#8221;center&#8221; button_block=&#8221;true&#8221; link=&#8221;url:https%3A%2F%2Fdocs.google.com%2Fforms%2Fd%2F1HuEfKbEAhdsDI5S_LHigp8pVe4yjD14dUH2zNBPfBeA%2Fprefill|title:Fale%20conosco%21|target:_blank|&#8221; css=&#8221;.vc_custom_1679503374650{background-color: #e11e26 !important;background-position: 0 0 !important;background-repeat: no-repeat !important;}&#8221;][\/vc_column][vc_column][\/vc_column][\/vc_row][vc_row][vc_column][vc_row_inner][vc_column_inner][vc_column_text] Embarca numa viagem inesquec\u00edvel \u00e0 Riviera Francesa e organiza a despedida de solteira perfeita em Saint-Tropez Planear uma despedida de [&hellip;]<\/p>\n","protected":false},"author":2,"featured_media":105372,"parent":0,"menu_order":0,"comment_status":"closed","ping_status":"closed","template":"template-home-modern.php","meta":{"_acf_changed":false,"footnotes":""},"class_list":["post-124049","page","type-page","status-publish","has-post-thumbnail","hentry"],"acf":[],"yoast_head":"<!-- This site is optimized with the Yoast SEO plugin v27.4 - https:\/\/yoast.com\/product\/yoast-seo-wordpress\/ -->\n<title>Actividades e ideias para despedidas de solteiro(a) em Saint-Tropez, Fran\u00e7a | Riviera Bar Crawl Tours<\/title>\n<meta name=\"description\" content=\"Desde actividades aqu\u00e1ticas a entretenimento divertido como bar crawls privados e espect\u00e1culos de striptease, oferecemos ideias interessantes para agitar. Contacta-nos e apressa-te a reservar.\" \/>\n<meta name=\"robots\" content=\"index, follow, max-snippet:-1, max-image-preview:large, max-video-preview:-1\" \/>\n<link rel=\"canonical\" href=\"https:\/\/rivierabarcrawltours.com\/pt-pt\/festa-da-galinha-em-saint-tropez-franca\/\" \/>\n<meta property=\"og:locale\" content=\"pt_PT\" \/>\n<meta property=\"og:type\" content=\"article\" \/>\n<meta property=\"og:title\" content=\"Actividades e ideias para despedidas de solteiro(a) em Saint-Tropez, Fran\u00e7a | Riviera Bar Crawl Tours\" \/>\n<meta property=\"og:description\" content=\"Desde actividades aqu\u00e1ticas a entretenimento divertido como bar crawls privados e espect\u00e1culos de striptease, oferecemos ideias interessantes para agitar. Contacta-nos e apressa-te a reservar.\" \/>\n<meta property=\"og:url\" content=\"https:\/\/rivierabarcrawltours.com\/pt-pt\/festa-da-galinha-em-saint-tropez-franca\/\" \/>\n<meta property=\"og:site_name\" content=\"Riviera Bar Crawl Tours\" \/>\n<meta property=\"article:publisher\" content=\"https:\/\/www.facebook.com\/RivieraBarCrawltours\/\" \/>\n<meta property=\"og:image\" content=\"https:\/\/rivierabarcrawltours.com\/wp-content\/uploads\/2023\/02\/hen-do-in-Saint-Tropez.jpeg\" \/>\n\t<meta property=\"og:image:width\" content=\"1920\" \/>\n\t<meta property=\"og:image:height\" content=\"1281\" \/>\n\t<meta property=\"og:image:type\" content=\"image\/jpeg\" \/>\n<meta name=\"twitter:card\" content=\"summary_large_image\" \/>\n<meta name=\"twitter:site\" content=\"@rivierabarcrawl\" \/>\n<meta name=\"twitter:label1\" content=\"Tempo estimado de leitura\" \/>\n\t<meta name=\"twitter:data1\" content=\"4 minutes\" \/>\n<!-- \/ Yoast SEO plugin. -->","yoast_head_json":{"title":"Actividades e ideias para despedidas de solteiro(a) em Saint-Tropez, Fran\u00e7a | Riviera Bar Crawl Tours","description":"Desde actividades aqu\u00e1ticas a entretenimento divertido como bar crawls privados e espect\u00e1culos de striptease, oferecemos ideias interessantes para agitar. Contacta-nos e apressa-te a reservar.","robots":{"index":"index","follow":"follow","max-snippet":"max-snippet:-1","max-image-preview":"max-image-preview:large","max-video-preview":"max-video-preview:-1"},"canonical":"https:\/\/rivierabarcrawltours.com\/pt-pt\/festa-da-galinha-em-saint-tropez-franca\/","og_locale":"pt_PT","og_type":"article","og_title":"Actividades e ideias para despedidas de solteiro(a) em Saint-Tropez, Fran\u00e7a | Riviera Bar Crawl Tours","og_description":"Desde actividades aqu\u00e1ticas a entretenimento divertido como bar crawls privados e espect\u00e1culos de striptease, oferecemos ideias interessantes para agitar. Contacta-nos e apressa-te a reservar.","og_url":"https:\/\/rivierabarcrawltours.com\/pt-pt\/festa-da-galinha-em-saint-tropez-franca\/","og_site_name":"Riviera Bar Crawl Tours","article_publisher":"https:\/\/www.facebook.com\/RivieraBarCrawltours\/","og_image":[{"width":1920,"height":1281,"url":"https:\/\/rivierabarcrawltours.com\/wp-content\/uploads\/2023\/02\/hen-do-in-Saint-Tropez.jpeg","type":"image\/jpeg"}],"twitter_card":"summary_large_image","twitter_site":"@rivierabarcrawl","twitter_misc":{"Tempo estimado de leitura":"4 minutes"},"schema":{"@context":"https:\/\/schema.org","@graph":[{"@type":"WebPage","@id":"https:\/\/rivierabarcrawltours.com\/pt-pt\/festa-da-galinha-em-saint-tropez-franca\/","url":"https:\/\/rivierabarcrawltours.com\/pt-pt\/festa-da-galinha-em-saint-tropez-franca\/","name":"Actividades e ideias para despedidas de solteiro(a) em Saint-Tropez, Fran\u00e7a | Riviera Bar Crawl Tours","isPartOf":{"@id":"https:\/\/rivierabarcrawltours.com\/#website"},"primaryImageOfPage":{"@id":"https:\/\/rivierabarcrawltours.com\/pt-pt\/festa-da-galinha-em-saint-tropez-franca\/#primaryimage"},"image":{"@id":"https:\/\/rivierabarcrawltours.com\/pt-pt\/festa-da-galinha-em-saint-tropez-franca\/#primaryimage"},"thumbnailUrl":"https:\/\/rivierabarcrawltours.com\/wp-content\/uploads\/2023\/02\/hen-do-in-Saint-Tropez.jpeg","datePublished":"2026-02-11T11:52:38+00:00","description":"Desde actividades aqu\u00e1ticas a entretenimento divertido como bar crawls privados e espect\u00e1culos de striptease, oferecemos ideias interessantes para agitar. Contacta-nos e apressa-te a reservar.","breadcrumb":{"@id":"https:\/\/rivierabarcrawltours.com\/pt-pt\/festa-da-galinha-em-saint-tropez-franca\/#breadcrumb"},"inLanguage":"pt-PT","potentialAction":[{"@type":"ReadAction","target":["https:\/\/rivierabarcrawltours.com\/pt-pt\/festa-da-galinha-em-saint-tropez-franca\/"]}]},{"@type":"ImageObject","inLanguage":"pt-PT","@id":"https:\/\/rivierabarcrawltours.com\/pt-pt\/festa-da-galinha-em-saint-tropez-franca\/#primaryimage","url":"https:\/\/rivierabarcrawltours.com\/wp-content\/uploads\/2023\/02\/hen-do-in-Saint-Tropez.jpeg","contentUrl":"https:\/\/rivierabarcrawltours.com\/wp-content\/uploads\/2023\/02\/hen-do-in-Saint-Tropez.jpeg","width":1920,"height":1281,"caption":"Faz uma despedida de solteiro em Saint Tropez"},{"@type":"BreadcrumbList","@id":"https:\/\/rivierabarcrawltours.com\/pt-pt\/festa-da-galinha-em-saint-tropez-franca\/#breadcrumb","itemListElement":[{"@type":"ListItem","position":1,"name":"Home","item":"https:\/\/rivierabarcrawltours.com\/pt-pt\/"},{"@type":"ListItem","position":2,"name":"Festa da galinha em Saint-Tropez, Fran\u00e7a"}]},{"@type":"WebSite","@id":"https:\/\/rivierabarcrawltours.com\/#website","url":"https:\/\/rivierabarcrawltours.com\/","name":"Riviera Bar Crawl Tours","description":"Fun Day &amp; Night Experiences I Tour operator I Guided Tours I Bar Crawls I Food Tours I","publisher":{"@id":"https:\/\/rivierabarcrawltours.com\/#organization"},"potentialAction":[{"@type":"SearchAction","target":{"@type":"EntryPoint","urlTemplate":"https:\/\/rivierabarcrawltours.com\/?s={search_term_string}"},"query-input":{"@type":"PropertyValueSpecification","valueRequired":true,"valueName":"search_term_string"}}],"inLanguage":"pt-PT"},{"@type":"Organization","@id":"https:\/\/rivierabarcrawltours.com\/#organization","name":"Riviera Bar Crawl Tours","url":"https:\/\/rivierabarcrawltours.com\/","logo":{"@type":"ImageObject","inLanguage":"pt-PT","@id":"https:\/\/rivierabarcrawltours.com\/#\/schema\/logo\/image\/","url":"https:\/\/rivierabarcrawltours.com\/wp-content\/uploads\/2019\/07\/logo.png","contentUrl":"https:\/\/rivierabarcrawltours.com\/wp-content\/uploads\/2019\/07\/logo.png","width":479,"height":453,"caption":"Riviera Bar Crawl Tours"},"image":{"@id":"https:\/\/rivierabarcrawltours.com\/#\/schema\/logo\/image\/"},"sameAs":["https:\/\/www.facebook.com\/RivieraBarCrawltours\/","https:\/\/x.com\/rivierabarcrawl"]}]}},"_links":{"self":[{"href":"https:\/\/rivierabarcrawltours.com\/pt-pt\/wp-json\/wp\/v2\/pages\/124049","targetHints":{"allow":["GET"]}}],"collection":[{"href":"https:\/\/rivierabarcrawltours.com\/pt-pt\/wp-json\/wp\/v2\/pages"}],"about":[{"href":"https:\/\/rivierabarcrawltours.com\/pt-pt\/wp-json\/wp\/v2\/types\/page"}],"author":[{"embeddable":true,"href":"https:\/\/rivierabarcrawltours.com\/pt-pt\/wp-json\/wp\/v2\/users\/2"}],"replies":[{"embeddable":true,"href":"https:\/\/rivierabarcrawltours.com\/pt-pt\/wp-json\/wp\/v2\/comments?post=124049"}],"version-history":[{"count":2,"href":"https:\/\/rivierabarcrawltours.com\/pt-pt\/wp-json\/wp\/v2\/pages\/124049\/revisions"}],"predecessor-version":[{"id":124051,"href":"https:\/\/rivierabarcrawltours.com\/pt-pt\/wp-json\/wp\/v2\/pages\/124049\/revisions\/124051"}],"wp:featuredmedia":[{"embeddable":true,"href":"https:\/\/rivierabarcrawltours.com\/pt-pt\/wp-json\/wp\/v2\/media\/105372"}],"wp:attachment":[{"href":"https:\/\/rivierabarcrawltours.com\/pt-pt\/wp-json\/wp\/v2\/media?parent=124049"}],"curies":[{"name":"wp","href":"https:\/\/api.w.org\/{rel}","templated":true}]}}