{"id":124040,"date":"2026-02-11T12:48:28","date_gmt":"2026-02-11T11:48:28","guid":{"rendered":"https:\/\/rivierabarcrawltours.com\/teen-party-i-boom-party\/festa-boom-em-paris\/"},"modified":"2026-02-11T12:48:28","modified_gmt":"2026-02-11T11:48:28","slug":"festa-boom-em-paris","status":"publish","type":"page","link":"https:\/\/rivierabarcrawltours.com\/pt-pt\/festa-boom-em-paris\/","title":{"rendered":"Festa Boom em Paris"},"content":{"rendered":"<div class=\"wpb-content-wrapper\"><p>[vc_row el_class=&#8221;city-tours-custom&#8221; css=&#8221;.vc_custom_1624697331275{margin-top: 40px !important;margin-bottom: 20px !important;}&#8221;][vc_column][vc_column_text]<\/p>\n<h2>O teu pr\u00f3ximo evento<\/h2>\n<p>[\/vc_column_text]<div class='list_tours'>   <div class=\"concept-listings owl-carousel owl-theme\">\n          <div class=\"style_box\">\n           <div class=\"feature_class st_featured featured\">Featured<\/div>           <div class=\"thumb\">\n               <header class=\"thumb-header st_avatar_fix\">\n                                      <a href=\"https:\/\/rivierabarcrawltours.com\/pt-pt\/tour\/excursoes-privadas-antibes\/\" class=\"hover-img\">\n                       <img decoding=\"async\" width=\"260\" height=\"190\" src=\"https:\/\/rivierabarcrawltours.com\/wp-content\/uploads\/2021\/06\/Private-Tours-Antibes-4-1-260x190.jpg\" class=\"attachment-260x190x1 size-260x190x1 wp-post-image\" alt=\"Visitas privadas a Antibes\" srcset=\"https:\/\/rivierabarcrawltours.com\/wp-content\/uploads\/2021\/06\/Private-Tours-Antibes-4-1-260x190.jpg 260w, https:\/\/rivierabarcrawltours.com\/wp-content\/uploads\/2021\/06\/Private-Tours-Antibes-4-1-680x500.jpg 680w\" sizes=\"(max-width: 260px) 100vw, 260px\" \/>                       <h5 class=\"hover-title hover-hold text-center\">\n                           Antibes Visitas guiadas privadas                       <\/h5>\n                   <\/a>\n                                  <\/header>\n           <\/div>\n       <\/div>\n   <\/div>\n\n    \n<script type=\"text\/javascript\">\n$(document).ready(function() {\n       $(\".concept-listings\").owlCarousel({\n        margin:20,\n                dots:true,\n        responsiveClass:true,\n        responsive:{\n            0:{\n                items:1,\n                nav:false\n            },\n            600:{\n                items:3,\n                nav:false\n            },\n            1000:{\n                items:4,\n                nav:true\n            }\n        }\n       });\n}); \n\n<\/script>\n\n<style type=\"text\/css\">\n.concept-listings .owl-stage {\n    display: -webkit-box !important;\n    display: -moz-box !important;\n    display: -ms-box !important;\n    display: box !important;\n}\n.concept-listings .owl-dots {\n    margin-top: 10px;\n    text-align: center;\n}\n.concept-listings .owl-dots .owl-dot {\n    display: inline-block;\n    background: 0 0;\n    color: inherit;\n    border: none;\n    padding: 0 !important;\n}\n.concept-listings .owl-dots .owl-dot.active span {\n    background: var(--link-color, #5191FA);\n}\n.concept-listings .owl-dots .owl-dot span {\n    width: 10px;\n    height: 10px;\n    margin: 5px 7px;\n    background: var(--light-grey-color, #EAEEF3);\n    display: block;\n    transition: opacity 0.2s ease;\n    border-radius: 30px;\n}\n.city-tours-custom .feature_class{\n  left: 0 !important;\n}\n.concept-listings .owl-nav {\n    position: absolute;\n    height: 100%;\n    top: 0;\n    width: 100%;\n    z-index: -1;\n}\n.concept-listings .owl-nav button {\n    position: absolute;\n    top: 50%;\n    margin-top: -18px;\n}\n.concept-listings .owl-nav button.owl-next {\n    right: -66px;\n}\n.concept-listings .owl-nav button.owl-prev {\n    left: -66px;\n}\n.concept-listings .owl-nav button.owl-next span {\n    width: 36px;\n    height: 36px;\n    display: block;\n    background: url(https:\/\/rivierabarcrawltours.com\/wp-content\/uploads\/2021\/06\/arrow-right.png) center center no-repeat;\n    background-size: 100% auto;\n    color: transparent;\n}\n.concept-listings .owl-nav button.owl-prev span {\n    width: 36px;\n    height: 36px;\n    display: block;\n    background: url(https:\/\/rivierabarcrawltours.com\/wp-content\/uploads\/2021\/02\/arrow-left.png) center center no-repeat;\n    background-size: 100% auto;\n    color: transparent;\n}\n\n.city-tours-custom .thumb{\n    border: none !important;\n}\n<\/style><\/div>[vc_separator color=&#8221;custom&#8221; css=&#8221;.vc_custom_1667912336027{background-color: #e11e26 !important;}&#8221;][vc_btn title=&#8221;Come\u00e7a a planear o teu evento agora!&#8221; color=&#8221;juicy-pink&#8221; align=&#8221;center&#8221; button_block=&#8221;true&#8221; link=&#8221;url:https%3A%2F%2Fdocs.google.com%2Fforms%2Fd%2F1HuEfKbEAhdsDI5S_LHigp8pVe4yjD14dUH2zNBPfBeA%2Fprefill|title:Fale%20conosco%21|target:_blank|&#8221; css=&#8221;.vc_custom_1679515962782{background-color: #e11e26 !important;background-position: 0 0 !important;background-repeat: no-repeat !important;}&#8221;][\/vc_column][vc_column][\/vc_column][\/vc_row][vc_row][vc_column][vc_row_inner][vc_column_inner][vc_column_text]<\/p>\n<h2><b>O que \u00e9 uma festa boom e quem pode participar nela?<\/b><\/h2>\n<p><span style=\"font-weight: 400;\">Paris \u00e9 mundialmente conhecida pelas suas festas e, em particular, pelos seus fant\u00e1sticos bares e discotecas. Se \u00e9s um adolescente ansioso por encontrar algo interessante para fazer em Paris, ent\u00e3o vais achar este artigo muito \u00fatil. Vamos falar-te da melhor festa boom onde te podes divertir muito em Paris.  <\/span><\/p>\n<p><span style=\"font-weight: 400;\">Uma festa para adolescentes \u00e9 um evento especial organizado por uma empresa especializada em festas para adolescentes. S\u00e3o permitidas todas as ac\u00e7\u00f5es poss\u00edveis que sejam absolutamente seguras e legais.   <\/span><\/p>\n<p><span style=\"font-weight: 400;\">H\u00e1 muitos nomes que podem ser utilizados para descrever festas de adolescentes massivas e intensas, por exemplo, A-bomb party, Boom Party, Teen event ou apenas heavy teen event. Tudo depende do que faz refer\u00eancia a um evento espec\u00edfico. O que interessa \u00e9 que qualquer uma destas festas \u00e9 uma manifesta\u00e7\u00e3o irresist\u00edvel de uma cultura juvenil ativa e viva.    <\/span><\/p>\n<h3><b>O que podes esperar da nossa festa boom em Paris?<\/b><\/h3>\n<p><span style=\"font-weight: 400;\">As nossas festas para adolescentes s\u00e3o uma noite inesquec\u00edvel nas melhores discotecas e bares de Paris. \u00c9 o momento ideal para te encontrares com os teus amigos, conheceres novas pessoas e divertires-te ao m\u00e1ximo em Paris.   <\/span><\/p>\n<p><span style=\"font-weight: 400;\">A Teen Party \u00e9 organizada para dar aos jovens uma excelente introdu\u00e7\u00e3o \u00e0 vida nocturna pulsante da capital francesa.  <\/span><\/p>\n<p><span style=\"font-weight: 400;\">Se gostas de divers\u00e3o e aventuras, n\u00e3o podes perder esta festa do boom. Bem-vindo ao Riviera Bar Crawl Tours! <\/span><\/p>\n<p><span style=\"font-weight: 400;\">A nossa Boom Party em Paris \u00e9 uma forma \u00fanica de celebrar o melhor da vida nocturna parisiense.  <\/span><\/p>\n<h3><b>Porque deves ir a uma das nossas festas boom em Paris?<\/b><\/h3>\n<p><span style=\"font-weight: 400;\">A Teen Party em Paris \u00e9 a melhor maneira de conheceres a cidade enquanto adolescente.  <\/span><\/p>\n<p><span style=\"font-weight: 400;\">Porque deves ir a uma das nossas festas para adolescentes em Paris?<\/span><\/p>\n<p><span style=\"font-weight: 400;\">&#8211; \u00c9 muito f\u00e1cil! S\u00f3 tens de reservar o teu bilhete e comparecer no ponto de encontro. <\/span><\/p>\n<p><span style=\"font-weight: 400;\">&#8211; Vais divertir-te imenso! Durante o evento, um DJ tocar\u00e1 m\u00fasica atual para todos os gostos, por isso h\u00e1 algo para todos! <\/span><\/p>\n<p><span style=\"font-weight: 400;\">&#8211; Vais conhecer pessoas novas! Os nossos eventos est\u00e3o sempre cheios de adolescentes amig\u00e1veis de todo o mundo, por isso, se estiveres a viajar com amigos ou sozinho, esta \u00e9 a oportunidade perfeita para conhecer novas pessoas! <\/span><\/p>\n<p><span style=\"font-weight: 400;\">&#8211; Oferecemos-te uma festa inesquec\u00edvel para adolescentes em Paris, uma noite com os melhores amigos.<\/span><\/p>\n<p><span style=\"font-weight: 400;\">&#8211; A nossa equipa estar\u00e1 presente para garantir que te divertes e que o evento decorre sem problemas.<\/span><\/p>\n<p><span style=\"font-weight: 400;\">&#8211; N\u00f3s faremos com que a tua noite em Paris seja uma das tuas melhores noites de sempre!<\/span><\/p>\n<h3><b>Informa\u00e7\u00f5es importantes que deves saber antes de ires \u00e0 nossa boom party em Paris<\/b><\/h3>\n<p><span style=\"font-weight: 400;\">&#8211; As nossas festas s\u00e3o concebidas a pensar nos adolescentes. Atendemos o p\u00fablico jovem e irrequieto que gosta de se divertir e quer viver a melhor noite em Paris. <\/span><\/p>\n<p><span style=\"font-weight: 400;\">&#8211; Este \u00e9 um evento privado, apenas para adolescentes. N\u00e3o h\u00e1 excep\u00e7\u00f5es. <\/span><\/p>\n<p><span style=\"font-weight: 400;\">&#8211; Ter\u00e1s de apresentar o teu documento de identifica\u00e7\u00e3o \u00e0 porta. Tens de trazer um documento assinado pelos teus pais a declarar que te autorizam a participar no evento. Estes documentos ser\u00e3o verificados \u00e0 porta e, se n\u00e3o forem v\u00e1lidos, reservamo-nos o direito de recusar a entrada a quem n\u00e3o os tiver.  <\/span><\/p>\n<p><span style=\"font-weight: 400;\">&#8211; Permitimos comida de fora durante o nosso evento.<\/span><\/p>\n<p><span style=\"font-weight: 400;\">&#8211; Haver\u00e1 muita divers\u00e3o e jogos loucos.<\/span><\/p>\n<p><span style=\"font-weight: 400;\">&#8211; A visita come\u00e7a \u00e0s 20 horas e termina \u00e0s 12 horas (meia-noite).<\/span><\/p>\n<p><span style=\"font-weight: 400;\">&#8211; N\u00e3o \u00e9 permitida a entrada de ningu\u00e9m sob o efeito do \u00e1lcool. Se estiveres embriagado quando chegares ao bar crawl, ser-te-\u00e1 recusada a entrada no local. Tamb\u00e9m n\u00e3o ser\u00e1s reembolsado pela compra do teu bilhete, uma vez que era da tua responsabilidade saber que estavas demasiado b\u00eabado antes de entrares no local.  <\/span><\/p>\n<p><span style=\"font-weight: 400;\">&#8211; Por favor, chega a horas ao nosso ponto de encontro.  <\/span><\/p>\n<p><span style=\"font-weight: 400;\">Se tiveres alguma quest\u00e3o ou d\u00favida sobre a nossa festa para adolescentes em Paris, envia-nos um e-mail para booking@rivierabarcrawltours.com<\/span>[\/vc_column_text][\/vc_column_inner][\/vc_row_inner][vc_empty_space height=&#8221;75&#8243;][vc_btn title=&#8221;Come\u00e7a a planear o teu evento agora!&#8221; color=&#8221;juicy-pink&#8221; align=&#8221;center&#8221; button_block=&#8221;true&#8221; link=&#8221;url:https%3A%2F%2Frivierabarcrawltours.com%2Fpt-pt%2Ffale-conosco%2F|title:Fale%20conosco%21|target:_blank|&#8221; css=&#8221;.vc_custom_1667912697255{background-color: #e11e26 !important;background-position: 0 0 !important;background-repeat: no-repeat !important;}&#8221;][\/vc_column][\/vc_row][vc_row][vc_column width=&#8221;1\/2&#8243;]\n<div class=\"wpcf7 no-js\" id=\"wpcf7-f62606-o1\" lang=\"en-US\" dir=\"ltr\" data-wpcf7-id=\"62606\">\n<div class=\"screen-reader-response\"><p role=\"status\" aria-live=\"polite\" aria-atomic=\"true\"><\/p> <ul><\/ul><\/div>\n<form action=\"\/pt-pt\/wp-json\/wp\/v2\/pages\/124040#wpcf7-f62606-o1\" method=\"post\" class=\"wpcf7-form init\" aria-label=\"Formul\u00e1rio de contacto\" novalidate=\"novalidate\" data-status=\"init\">\n<fieldset class=\"hidden-fields-container\"><input type=\"hidden\" name=\"_wpcf7\" value=\"62606\" \/><input type=\"hidden\" name=\"_wpcf7_version\" value=\"6.1.5\" \/><input type=\"hidden\" name=\"_wpcf7_locale\" value=\"en_US\" \/><input type=\"hidden\" name=\"_wpcf7_unit_tag\" value=\"wpcf7-f62606-o1\" \/><input type=\"hidden\" name=\"_wpcf7_container_post\" value=\"0\" \/><input type=\"hidden\" name=\"_wpcf7_posted_data_hash\" value=\"\" \/><input type=\"hidden\" name=\"_wpcf7_recaptcha_response\" value=\"\" \/>\n<\/fieldset>\n<div class=\"st-contact-form\">\n\t<div class=\"contact-header\">\n\t\t<h3>We'd love to hear from you\n\t\t<\/h3>\n\t\t<p>Send us a message and we'll respond as soon as possible\n\t\t<\/p>\n\t<\/div>\n\t<div class=\"contact-form\">\n\t\t<div class=\"form-group\">\n\t\t\t<p><span class=\"wpcf7-form-control-wrap\" data-name=\"your-name\"><input size=\"40\" maxlength=\"400\" class=\"wpcf7-form-control wpcf7-text wpcf7-validates-as-required form-control\" aria-required=\"true\" aria-invalid=\"false\" placeholder=\"Name\" value=\"\" type=\"text\" name=\"your-name\" \/><\/span>\n\t\t\t<\/p>\n\t\t<\/div>\n\t\t<div class=\"form-group\">\n\t\t\t<p><span class=\"wpcf7-form-control-wrap\" data-name=\"your-email\"><input size=\"40\" maxlength=\"400\" class=\"wpcf7-form-control wpcf7-email wpcf7-validates-as-required wpcf7-text wpcf7-validates-as-email form-control\" aria-required=\"true\" aria-invalid=\"false\" placeholder=\"Email\" value=\"\" type=\"email\" name=\"your-email\" \/><\/span>\n\t\t\t<\/p>\n\t\t<\/div>\n\t\t<div class=\"form-group\">\n\t\t\t<p><span class=\"wpcf7-form-control-wrap\" data-name=\"your-message\"><textarea cols=\"40\" rows=\"10\" maxlength=\"2000\" class=\"wpcf7-form-control wpcf7-textarea form-control\" aria-invalid=\"false\" placeholder=\"Message\" name=\"your-message\"><\/textarea><\/span>\n\t\t\t<\/p>\n\t\t<\/div>\n\t<span class=\"wpcf7-form-control-wrap recaptcha\" data-name=\"recaptcha\"><span data-sitekey=\"6LdJz1AaAAAAACdpzuGXVjdcRmpNNTMel9zmPCUG\" class=\"wpcf7-form-control wpcf7-recaptcha g-recaptcha\"><\/span>\r\n<noscript>\r\n\t<div class=\"grecaptcha-noscript\">\r\n\t\t<iframe loading=\"lazy\" src=\"https:\/\/www.google.com\/recaptcha\/api\/fallback?k=6LdJz1AaAAAAACdpzuGXVjdcRmpNNTMel9zmPCUG\" frameborder=\"0\" scrolling=\"no\" width=\"310\" height=\"430\">\r\n\t\t<\/iframe>\r\n\t\t<textarea name=\"g-recaptcha-response\" rows=\"3\" cols=\"40\" placeholder=\"reCaptcha Response Here\">\r\n\t\t<\/textarea>\r\n\t<\/div>\r\n<\/noscript>\r\n<\/span>\n\t\t<p><input class=\"wpcf7-form-control wpcf7-submit has-spinner btn btn-primary\" type=\"submit\" value=\"SEND MESSAGE\" \/>\n\t\t<\/p>\n\t<\/div>\n<\/div><p style=\"display: none !important;\" class=\"akismet-fields-container\" data-prefix=\"_wpcf7_ak_\"><label>&#916;<textarea name=\"_wpcf7_ak_hp_textarea\" cols=\"45\" rows=\"8\" maxlength=\"100\"><\/textarea><\/label><input type=\"hidden\" id=\"ak_js_1\" name=\"_wpcf7_ak_js\" value=\"223\"\/><script>document.getElementById( \"ak_js_1\" ).setAttribute( \"value\", ( new Date() ).getTime() );<\/script><\/p><div class=\"wpcf7-response-output\" aria-hidden=\"true\"><\/div>\n<\/form>\n<\/div>\n[vc_empty_space height=&#8221;25px&#8221;][\/vc_column][vc_column width=&#8221;1\/2&#8243;][\/vc_column][\/vc_row]<\/p>\n<\/div>","protected":false},"excerpt":{"rendered":"<p>[vc_row el_class=&#8221;city-tours-custom&#8221; css=&#8221;.vc_custom_1624697331275{margin-top: 40px !important;margin-bottom: 20px !important;}&#8221;][vc_column][vc_column_text] O teu pr\u00f3ximo evento [\/vc_column_text][vc_separator color=&#8221;custom&#8221; css=&#8221;.vc_custom_1667912336027{background-color: #e11e26 !important;}&#8221;][vc_btn title=&#8221;Come\u00e7a a planear o teu evento agora!&#8221; color=&#8221;juicy-pink&#8221; align=&#8221;center&#8221; button_block=&#8221;true&#8221; link=&#8221;url:https%3A%2F%2Fdocs.google.com%2Fforms%2Fd%2F1HuEfKbEAhdsDI5S_LHigp8pVe4yjD14dUH2zNBPfBeA%2Fprefill|title:Fale%20conosco%21|target:_blank|&#8221; css=&#8221;.vc_custom_1679515962782{background-color: #e11e26 !important;background-position: 0 0 !important;background-repeat: no-repeat !important;}&#8221;][\/vc_column][vc_column][\/vc_column][\/vc_row][vc_row][vc_column][vc_row_inner][vc_column_inner][vc_column_text] O que \u00e9 uma festa boom e quem pode participar nela? Paris \u00e9 mundialmente conhecida pelas suas festas e, em [&hellip;]<\/p>\n","protected":false},"author":2,"featured_media":107053,"parent":0,"menu_order":0,"comment_status":"closed","ping_status":"closed","template":"template-home-modern.php","meta":{"_acf_changed":false,"footnotes":""},"class_list":["post-124040","page","type-page","status-publish","has-post-thumbnail","hentry"],"acf":[],"yoast_head":"<!-- This site is optimized with the Yoast SEO plugin v27.4 - https:\/\/yoast.com\/product\/yoast-seo-wordpress\/ -->\n<title>Festa Boom em Paris, Fran\u00e7a | Riviera Bar Crawl Tours<\/title>\n<meta name=\"description\" content=\"Organizamos as melhores festas para adolescentes em Paris, Fran\u00e7a. DJ I Pista de dan\u00e7a I Refrigerantes I Candy Bar I Festas seguras est\u00e3o \u00e0 espera dos teus adolescentes\" \/>\n<meta name=\"robots\" content=\"index, follow, max-snippet:-1, max-image-preview:large, max-video-preview:-1\" \/>\n<link rel=\"canonical\" href=\"https:\/\/rivierabarcrawltours.com\/pt-pt\/festa-boom-em-paris\/\" \/>\n<meta property=\"og:locale\" content=\"pt_PT\" \/>\n<meta property=\"og:type\" content=\"article\" \/>\n<meta property=\"og:title\" content=\"Festa Boom em Paris, Fran\u00e7a | Riviera Bar Crawl Tours\" \/>\n<meta property=\"og:description\" content=\"Organizamos as melhores festas para adolescentes em Paris, Fran\u00e7a. DJ I Pista de dan\u00e7a I Refrigerantes I Candy Bar I Festas seguras est\u00e3o \u00e0 espera dos teus adolescentes\" \/>\n<meta property=\"og:url\" content=\"https:\/\/rivierabarcrawltours.com\/pt-pt\/festa-boom-em-paris\/\" \/>\n<meta property=\"og:site_name\" content=\"Riviera Bar Crawl Tours\" \/>\n<meta property=\"article:publisher\" content=\"https:\/\/www.facebook.com\/RivieraBarCrawltours\/\" \/>\n<meta property=\"og:image\" content=\"https:\/\/rivierabarcrawltours.com\/wp-content\/uploads\/2023\/04\/boom-party-teen-Paris.jpeg\" \/>\n\t<meta property=\"og:image:width\" content=\"1920\" \/>\n\t<meta property=\"og:image:height\" content=\"1080\" \/>\n\t<meta property=\"og:image:type\" content=\"image\/jpeg\" \/>\n<meta name=\"twitter:card\" content=\"summary_large_image\" \/>\n<meta name=\"twitter:site\" content=\"@rivierabarcrawl\" \/>\n<meta name=\"twitter:label1\" content=\"Tempo estimado de leitura\" \/>\n\t<meta name=\"twitter:data1\" content=\"4 minutes\" \/>\n<!-- \/ Yoast SEO plugin. -->","yoast_head_json":{"title":"Festa Boom em Paris, Fran\u00e7a | Riviera Bar Crawl Tours","description":"Organizamos as melhores festas para adolescentes em Paris, Fran\u00e7a. DJ I Pista de dan\u00e7a I Refrigerantes I Candy Bar I Festas seguras est\u00e3o \u00e0 espera dos teus adolescentes","robots":{"index":"index","follow":"follow","max-snippet":"max-snippet:-1","max-image-preview":"max-image-preview:large","max-video-preview":"max-video-preview:-1"},"canonical":"https:\/\/rivierabarcrawltours.com\/pt-pt\/festa-boom-em-paris\/","og_locale":"pt_PT","og_type":"article","og_title":"Festa Boom em Paris, Fran\u00e7a | Riviera Bar Crawl Tours","og_description":"Organizamos as melhores festas para adolescentes em Paris, Fran\u00e7a. DJ I Pista de dan\u00e7a I Refrigerantes I Candy Bar I Festas seguras est\u00e3o \u00e0 espera dos teus adolescentes","og_url":"https:\/\/rivierabarcrawltours.com\/pt-pt\/festa-boom-em-paris\/","og_site_name":"Riviera Bar Crawl Tours","article_publisher":"https:\/\/www.facebook.com\/RivieraBarCrawltours\/","og_image":[{"width":1920,"height":1080,"url":"https:\/\/rivierabarcrawltours.com\/wp-content\/uploads\/2023\/04\/boom-party-teen-Paris.jpeg","type":"image\/jpeg"}],"twitter_card":"summary_large_image","twitter_site":"@rivierabarcrawl","twitter_misc":{"Tempo estimado de leitura":"4 minutes"},"schema":{"@context":"https:\/\/schema.org","@graph":[{"@type":"WebPage","@id":"https:\/\/rivierabarcrawltours.com\/pt-pt\/festa-boom-em-paris\/","url":"https:\/\/rivierabarcrawltours.com\/pt-pt\/festa-boom-em-paris\/","name":"Festa Boom em Paris, Fran\u00e7a | Riviera Bar Crawl Tours","isPartOf":{"@id":"https:\/\/rivierabarcrawltours.com\/#website"},"primaryImageOfPage":{"@id":"https:\/\/rivierabarcrawltours.com\/pt-pt\/festa-boom-em-paris\/#primaryimage"},"image":{"@id":"https:\/\/rivierabarcrawltours.com\/pt-pt\/festa-boom-em-paris\/#primaryimage"},"thumbnailUrl":"https:\/\/rivierabarcrawltours.com\/wp-content\/uploads\/2023\/04\/boom-party-teen-Paris.jpeg","datePublished":"2026-02-11T11:48:28+00:00","description":"Organizamos as melhores festas para adolescentes em Paris, Fran\u00e7a. DJ I Pista de dan\u00e7a I Refrigerantes I Candy Bar I Festas seguras est\u00e3o \u00e0 espera dos teus adolescentes","breadcrumb":{"@id":"https:\/\/rivierabarcrawltours.com\/pt-pt\/festa-boom-em-paris\/#breadcrumb"},"inLanguage":"pt-PT","potentialAction":[{"@type":"ReadAction","target":["https:\/\/rivierabarcrawltours.com\/pt-pt\/festa-boom-em-paris\/"]}]},{"@type":"ImageObject","inLanguage":"pt-PT","@id":"https:\/\/rivierabarcrawltours.com\/pt-pt\/festa-boom-em-paris\/#primaryimage","url":"https:\/\/rivierabarcrawltours.com\/wp-content\/uploads\/2023\/04\/boom-party-teen-Paris.jpeg","contentUrl":"https:\/\/rivierabarcrawltours.com\/wp-content\/uploads\/2023\/04\/boom-party-teen-Paris.jpeg","width":1920,"height":1080,"caption":"Jovem DJ de p\u00e9 junto ao gira-discos enquanto uma multid\u00e3o de adolescentes dan\u00e7a ao teu lado"},{"@type":"BreadcrumbList","@id":"https:\/\/rivierabarcrawltours.com\/pt-pt\/festa-boom-em-paris\/#breadcrumb","itemListElement":[{"@type":"ListItem","position":1,"name":"Home","item":"https:\/\/rivierabarcrawltours.com\/pt-pt\/"},{"@type":"ListItem","position":2,"name":"Festa Boom em Paris"}]},{"@type":"WebSite","@id":"https:\/\/rivierabarcrawltours.com\/#website","url":"https:\/\/rivierabarcrawltours.com\/","name":"Riviera Bar Crawl Tours","description":"Fun Day &amp; Night Experiences I Tour operator I Guided Tours I Bar Crawls I Food Tours I","publisher":{"@id":"https:\/\/rivierabarcrawltours.com\/#organization"},"potentialAction":[{"@type":"SearchAction","target":{"@type":"EntryPoint","urlTemplate":"https:\/\/rivierabarcrawltours.com\/?s={search_term_string}"},"query-input":{"@type":"PropertyValueSpecification","valueRequired":true,"valueName":"search_term_string"}}],"inLanguage":"pt-PT"},{"@type":"Organization","@id":"https:\/\/rivierabarcrawltours.com\/#organization","name":"Riviera Bar Crawl Tours","url":"https:\/\/rivierabarcrawltours.com\/","logo":{"@type":"ImageObject","inLanguage":"pt-PT","@id":"https:\/\/rivierabarcrawltours.com\/#\/schema\/logo\/image\/","url":"https:\/\/rivierabarcrawltours.com\/wp-content\/uploads\/2019\/07\/logo.png","contentUrl":"https:\/\/rivierabarcrawltours.com\/wp-content\/uploads\/2019\/07\/logo.png","width":479,"height":453,"caption":"Riviera Bar Crawl Tours"},"image":{"@id":"https:\/\/rivierabarcrawltours.com\/#\/schema\/logo\/image\/"},"sameAs":["https:\/\/www.facebook.com\/RivieraBarCrawltours\/","https:\/\/x.com\/rivierabarcrawl"]}]}},"_links":{"self":[{"href":"https:\/\/rivierabarcrawltours.com\/pt-pt\/wp-json\/wp\/v2\/pages\/124040","targetHints":{"allow":["GET"]}}],"collection":[{"href":"https:\/\/rivierabarcrawltours.com\/pt-pt\/wp-json\/wp\/v2\/pages"}],"about":[{"href":"https:\/\/rivierabarcrawltours.com\/pt-pt\/wp-json\/wp\/v2\/types\/page"}],"author":[{"embeddable":true,"href":"https:\/\/rivierabarcrawltours.com\/pt-pt\/wp-json\/wp\/v2\/users\/2"}],"replies":[{"embeddable":true,"href":"https:\/\/rivierabarcrawltours.com\/pt-pt\/wp-json\/wp\/v2\/comments?post=124040"}],"version-history":[{"count":2,"href":"https:\/\/rivierabarcrawltours.com\/pt-pt\/wp-json\/wp\/v2\/pages\/124040\/revisions"}],"predecessor-version":[{"id":124042,"href":"https:\/\/rivierabarcrawltours.com\/pt-pt\/wp-json\/wp\/v2\/pages\/124040\/revisions\/124042"}],"wp:featuredmedia":[{"embeddable":true,"href":"https:\/\/rivierabarcrawltours.com\/pt-pt\/wp-json\/wp\/v2\/media\/107053"}],"wp:attachment":[{"href":"https:\/\/rivierabarcrawltours.com\/pt-pt\/wp-json\/wp\/v2\/media?parent=124040"}],"curies":[{"name":"wp","href":"https:\/\/api.w.org\/{rel}","templated":true}]}}