{"id":124034,"date":"2026-02-11T12:47:44","date_gmt":"2026-02-11T11:47:44","guid":{"rendered":"https:\/\/rivierabarcrawltours.com\/teen-party-i-boom-party\/boom-party-no-monaco\/"},"modified":"2026-02-11T12:47:44","modified_gmt":"2026-02-11T11:47:44","slug":"boom-party-no-monaco","status":"publish","type":"page","link":"https:\/\/rivierabarcrawltours.com\/pt-pt\/boom-party-no-monaco\/","title":{"rendered":"Boom Party no M\u00f3naco"},"content":{"rendered":"<div class=\"wpb-content-wrapper\"><p>[vc_row el_class=&#8221;city-tours-custom&#8221; css=&#8221;.vc_custom_1624697331275{margin-top: 40px !important;margin-bottom: 20px !important;}&#8221;][vc_column][vc_column_text]<\/p>\n<h2>O teu pr\u00f3ximo evento<\/h2>\n<p>[\/vc_column_text]<div class='list_tours'>   <div class=\"concept-listings owl-carousel owl-theme\">\n          <div class=\"style_box\">\n                      <div class=\"thumb\">\n               <header class=\"thumb-header st_avatar_fix\">\n                                      <a href=\"https:\/\/rivierabarcrawltours.com\/pt-pt\/tour\/passeio-de-barco-privado-de-nice-ao-monaco\/\" class=\"hover-img\">\n                       <img decoding=\"async\" width=\"260\" height=\"190\" src=\"https:\/\/rivierabarcrawltours.com\/wp-content\/uploads\/2021\/08\/boat-tours-from-nice-to-monaco-260x190.jpg\" class=\"attachment-260x190x1 size-260x190x1 wp-post-image\" alt=\"boat tours from nice to monaco\" srcset=\"https:\/\/rivierabarcrawltours.com\/wp-content\/uploads\/2021\/08\/boat-tours-from-nice-to-monaco-260x190.jpg 260w, https:\/\/rivierabarcrawltours.com\/wp-content\/uploads\/2021\/08\/boat-tours-from-nice-to-monaco-680x500.jpg 680w\" sizes=\"(max-width: 260px) 100vw, 260px\" \/>                       <h5 class=\"hover-title hover-hold text-center\">\n                           Passeio de barco privado de Nice para M\u00f4naco                       <\/h5>\n                   <\/a>\n                                  <\/header>\n           <\/div>\n       <\/div>\n   <\/div>\n\n    \n<script type=\"text\/javascript\">\n$(document).ready(function() {\n       $(\".concept-listings\").owlCarousel({\n        margin:20,\n                dots:true,\n        responsiveClass:true,\n        responsive:{\n            0:{\n                items:1,\n                nav:false\n            },\n            600:{\n                items:3,\n                nav:false\n            },\n            1000:{\n                items:4,\n                nav:true\n            }\n        }\n       });\n}); \n\n<\/script>\n\n<style type=\"text\/css\">\n.concept-listings .owl-stage {\n    display: -webkit-box !important;\n    display: -moz-box !important;\n    display: -ms-box !important;\n    display: box !important;\n}\n.concept-listings .owl-dots {\n    margin-top: 10px;\n    text-align: center;\n}\n.concept-listings .owl-dots .owl-dot {\n    display: inline-block;\n    background: 0 0;\n    color: inherit;\n    border: none;\n    padding: 0 !important;\n}\n.concept-listings .owl-dots .owl-dot.active span {\n    background: var(--link-color, #5191FA);\n}\n.concept-listings .owl-dots .owl-dot span {\n    width: 10px;\n    height: 10px;\n    margin: 5px 7px;\n    background: var(--light-grey-color, #EAEEF3);\n    display: block;\n    transition: opacity 0.2s ease;\n    border-radius: 30px;\n}\n.city-tours-custom .feature_class{\n  left: 0 !important;\n}\n.concept-listings .owl-nav {\n    position: absolute;\n    height: 100%;\n    top: 0;\n    width: 100%;\n    z-index: -1;\n}\n.concept-listings .owl-nav button {\n    position: absolute;\n    top: 50%;\n    margin-top: -18px;\n}\n.concept-listings .owl-nav button.owl-next {\n    right: -66px;\n}\n.concept-listings .owl-nav button.owl-prev {\n    left: -66px;\n}\n.concept-listings .owl-nav button.owl-next span {\n    width: 36px;\n    height: 36px;\n    display: block;\n    background: url(https:\/\/rivierabarcrawltours.com\/wp-content\/uploads\/2021\/06\/arrow-right.png) center center no-repeat;\n    background-size: 100% auto;\n    color: transparent;\n}\n.concept-listings .owl-nav button.owl-prev span {\n    width: 36px;\n    height: 36px;\n    display: block;\n    background: url(https:\/\/rivierabarcrawltours.com\/wp-content\/uploads\/2021\/02\/arrow-left.png) center center no-repeat;\n    background-size: 100% auto;\n    color: transparent;\n}\n\n.city-tours-custom .thumb{\n    border: none !important;\n}\n<\/style><\/div>[vc_separator color=&#8221;custom&#8221; css=&#8221;.vc_custom_1667912336027{background-color: #e11e26 !important;}&#8221;][vc_btn title=&#8221;Come\u00e7a a planear o teu evento agora!&#8221; color=&#8221;juicy-pink&#8221; align=&#8221;center&#8221; button_block=&#8221;true&#8221; link=&#8221;url:https%3A%2F%2Fdocs.google.com%2Fforms%2Fd%2F1HuEfKbEAhdsDI5S_LHigp8pVe4yjD14dUH2zNBPfBeA%2Fprefill|title:Fale%20conosco%21|target:_blank|&#8221; css=&#8221;.vc_custom_1679516074290{background-color: #e11e26 !important;background-position: 0 0 !important;background-repeat: no-repeat !important;}&#8221;][\/vc_column][vc_column][\/vc_column][\/vc_row][vc_row][vc_column][vc_row_inner][vc_column_inner][vc_column_text]<\/p>\n<h2><b>O que \u00e9 uma festa boom e quem pode participar nela?<\/b><\/h2>\n<p><span style=\"font-weight: 400;\">Uma boom party \u00e9 uma festa concebida especificamente para os adolescentes. Estas festas s\u00e3o geralmente realizadas num bar ou restaurante onde as bebidas alco\u00f3licas, como a cerveja e o vinho, s\u00e3o estritamente proibidas. <\/span><\/p>\n<p><span style=\"font-weight: 400;\">S\u00e3o eventos sociais para adolescentes que est\u00e3o interessados em conhecer outros adolescentes que partilham os mesmos interesses, passatempos e objectivos de vida. Este tipo de festa oferece uma grande oportunidade para fazeres amigos, praticares compet\u00eancias sociais e melhorares as qualidades de lideran\u00e7a. <\/span><\/p>\n<p><span style=\"font-weight: 400;\">Quando a palavra M\u00f3naco \u00e9 mencionada, por vezes as pessoas pensam num pa\u00eds rico onde todos os dias os turistas visitam e se fartam de jogar. No entanto, n\u00e3o \u00e9 s\u00f3 isso que existe no M\u00f3naco. Este lugar tem rendimentos de v\u00e1rias ind\u00fastrias, bem como festas para adolescentes. A raz\u00e3o pela qual este artigo foi criado \u00e9 porque muitas vezes as pessoas t\u00eam ideias erradas sobre as festas no M\u00f3naco, mas na verdade n\u00e3o \u00e9 assim.   <\/span><\/p>\n<p><span style=\"font-weight: 400;\">Temos o prazer de anunciar que vamos levar a Boom Party para o M\u00f3naco, no local mais luxuoso.<\/span><\/p>\n<p>&nbsp;<\/p>\n<h3><b>O que podes esperar da nossa festa boom no M\u00f3naco?<\/b><\/h3>\n<p><span style=\"font-weight: 400;\">Podes esperar ser tratado como um VIP na nossa festa boom no M\u00f3naco.<\/span><\/p>\n<p><span style=\"font-weight: 400;\">Os nossos eventos s\u00e3o realizados nos locais mais exclusivos &#8211; e n\u00e3o nos referimos apenas ao M\u00f3naco.  <\/span><\/p>\n<p><span style=\"font-weight: 400;\">Ser\u00e1s tratado como reis e rainhas com a ajuda da nossa simp\u00e1tica equipa, que se certificar\u00e1 de que te divertes tanto quanto poss\u00edvel. Queremos que te divirtas e sintas que est\u00e1s a ser tratado como realeza &#8211; porque \u00e9 isso que os adolescentes s\u00e3o: realeza! <\/span><\/p>\n<p><span style=\"font-weight: 400;\">A nossa boom party no M\u00f3naco \u00e9 uma oportunidade para os adolescentes se soltarem e se divertirem. Oferecemos dois pacotes diferentes, consoante a dura\u00e7\u00e3o da tua estadia. <\/span><\/p>\n<p><span style=\"font-weight: 400;\">Oferecemos lanches e bebidas, bem como jogos e actividades.<\/span><\/p>\n<p><span style=\"font-weight: 400;\">Consegues imaginar uma festa que seja t\u00e3o divertida que tenhas de ser arrastado para fora dela?<\/span><\/p>\n<p><span style=\"font-weight: 400;\">\u00c9 isso que podes esperar da nossa festa para adolescentes no M\u00f3naco. Estamos a falar de jogos \u00e9picos, petiscos incr\u00edveis como doces e a dan\u00e7a mais incr\u00edvel que alguma vez viste. Tu e os teus amigos v\u00e3o divertir-se \u00e0 grande neste evento!  <\/span><\/p>\n<p><span style=\"font-weight: 400;\">Come\u00e7amos com uma cerim\u00f3nia de abertura onde nos conhecemos melhor atrav\u00e9s de actividades de team building.<\/span><\/p>\n<p><span style=\"font-weight: 400;\">Depois disso, \u00e9 hora de ouvires m\u00fasica ao vivo com o nosso DJ. E por \u00faltimo, mas n\u00e3o menos importante: dan\u00e7a! N\u00e3o vais querer ficar parado quando o nosso DJ come\u00e7ar a tocar as m\u00fasicas &#8211; vais pedir mais depois de uma s\u00f3 can\u00e7\u00e3o!  <\/span><\/p>\n<p>&nbsp;<\/p>\n<h3><b>Porque deves ir a uma das nossas festas boom no M\u00f3naco?<\/b><\/h3>\n<ol>\n<li style=\"font-weight: 400;\" aria-level=\"1\"><span style=\"font-weight: 400;\">As nossas festas para adolescentes no M\u00f3naco s\u00e3o as melhores! As nossas festas s\u00e3o concebidas para serem divertidas e seguras, com actividades que todos podem desfrutar. <\/span><\/li>\n<li style=\"font-weight: 400;\" aria-level=\"1\"><span style=\"font-weight: 400;\">A m\u00fasica \u00e9 a tua preferida! Hip hop, pop, top 40, dan\u00e7a retro e muito mais! <\/span><\/li>\n<li style=\"font-weight: 400;\" aria-level=\"1\"><span style=\"font-weight: 400;\">Um DJ tocar\u00e1 para ti nas nossas festas para adolescentes no M\u00f3naco.<\/span><\/li>\n<li style=\"font-weight: 400;\" aria-level=\"1\"><span style=\"font-weight: 400;\">As nossas festas boom no M\u00f3naco s\u00e3o as mais divertidas de sempre, com muitos jogos e dan\u00e7a!<\/span><\/li>\n<\/ol>\n<p>&nbsp;<\/p>\n<h3><b>Informa\u00e7\u00f5es importantes que deves saber antes de ires \u00e0 nossa boom party no M\u00f3naco<\/b><\/h3>\n<ol>\n<li><span style=\"font-weight: 400;\">  Haver\u00e1 dois bares onde poder\u00e1s ter acesso a refrigerantes e doces.<\/span><\/li>\n<li><span style=\"font-weight: 400;\">  N\u00e3o \u00e9 permitido fumar e beber \u00e1lcool.<\/span><\/li>\n<li><span style=\"font-weight: 400;\">  Tens de ter menos de 18 anos para participar neste evento. Por favor, traz o teu passaporte ou documento de identifica\u00e7\u00e3o contigo na noite para provar a tua idade. <\/span><\/li>\n<li><span style=\"font-weight: 400;\">  Este \u00e9 um evento de c\u00f3digo de vestu\u00e1rio livre; smart casual (sem t\u00e9nis).<\/span><\/li>\n<\/ol>\n<p>[\/vc_column_text][\/vc_column_inner][\/vc_row_inner][vc_empty_space height=&#8221;75&#8243;][vc_btn title=&#8221;Come\u00e7a a planear o teu evento agora!&#8221; color=&#8221;juicy-pink&#8221; align=&#8221;center&#8221; button_block=&#8221;true&#8221; link=&#8221;url:https%3A%2F%2Frivierabarcrawltours.com%2Fpt-pt%2Ffale-conosco%2F|title:Fale%20conosco%21|target:_blank|&#8221; css=&#8221;.vc_custom_1667912697255{background-color: #e11e26 !important;background-position: 0 0 !important;background-repeat: no-repeat !important;}&#8221;][\/vc_column][\/vc_row][vc_row][vc_column width=&#8221;1\/2&#8243;]\n<div class=\"wpcf7 no-js\" id=\"wpcf7-f62606-o1\" lang=\"en-US\" dir=\"ltr\" data-wpcf7-id=\"62606\">\n<div class=\"screen-reader-response\"><p role=\"status\" aria-live=\"polite\" aria-atomic=\"true\"><\/p> <ul><\/ul><\/div>\n<form action=\"\/pt-pt\/wp-json\/wp\/v2\/pages\/124034#wpcf7-f62606-o1\" method=\"post\" class=\"wpcf7-form init\" aria-label=\"Formul\u00e1rio de contacto\" novalidate=\"novalidate\" data-status=\"init\">\n<fieldset class=\"hidden-fields-container\"><input type=\"hidden\" name=\"_wpcf7\" value=\"62606\" \/><input type=\"hidden\" name=\"_wpcf7_version\" value=\"6.1.5\" \/><input type=\"hidden\" name=\"_wpcf7_locale\" value=\"en_US\" \/><input type=\"hidden\" name=\"_wpcf7_unit_tag\" value=\"wpcf7-f62606-o1\" \/><input type=\"hidden\" name=\"_wpcf7_container_post\" value=\"0\" \/><input type=\"hidden\" name=\"_wpcf7_posted_data_hash\" value=\"\" \/><input type=\"hidden\" name=\"_wpcf7_recaptcha_response\" value=\"\" \/>\n<\/fieldset>\n<div class=\"st-contact-form\">\n\t<div class=\"contact-header\">\n\t\t<h3>We'd love to hear from you\n\t\t<\/h3>\n\t\t<p>Send us a message and we'll respond as soon as possible\n\t\t<\/p>\n\t<\/div>\n\t<div class=\"contact-form\">\n\t\t<div class=\"form-group\">\n\t\t\t<p><span class=\"wpcf7-form-control-wrap\" data-name=\"your-name\"><input size=\"40\" maxlength=\"400\" class=\"wpcf7-form-control wpcf7-text wpcf7-validates-as-required form-control\" aria-required=\"true\" aria-invalid=\"false\" placeholder=\"Name\" value=\"\" type=\"text\" name=\"your-name\" \/><\/span>\n\t\t\t<\/p>\n\t\t<\/div>\n\t\t<div class=\"form-group\">\n\t\t\t<p><span class=\"wpcf7-form-control-wrap\" data-name=\"your-email\"><input size=\"40\" maxlength=\"400\" class=\"wpcf7-form-control wpcf7-email wpcf7-validates-as-required wpcf7-text wpcf7-validates-as-email form-control\" aria-required=\"true\" aria-invalid=\"false\" placeholder=\"Email\" value=\"\" type=\"email\" name=\"your-email\" \/><\/span>\n\t\t\t<\/p>\n\t\t<\/div>\n\t\t<div class=\"form-group\">\n\t\t\t<p><span class=\"wpcf7-form-control-wrap\" data-name=\"your-message\"><textarea cols=\"40\" rows=\"10\" maxlength=\"2000\" class=\"wpcf7-form-control wpcf7-textarea form-control\" aria-invalid=\"false\" placeholder=\"Message\" name=\"your-message\"><\/textarea><\/span>\n\t\t\t<\/p>\n\t\t<\/div>\n\t<span class=\"wpcf7-form-control-wrap recaptcha\" data-name=\"recaptcha\"><span data-sitekey=\"6LdJz1AaAAAAACdpzuGXVjdcRmpNNTMel9zmPCUG\" class=\"wpcf7-form-control wpcf7-recaptcha g-recaptcha\"><\/span>\r\n<noscript>\r\n\t<div class=\"grecaptcha-noscript\">\r\n\t\t<iframe loading=\"lazy\" src=\"https:\/\/www.google.com\/recaptcha\/api\/fallback?k=6LdJz1AaAAAAACdpzuGXVjdcRmpNNTMel9zmPCUG\" frameborder=\"0\" scrolling=\"no\" width=\"310\" height=\"430\">\r\n\t\t<\/iframe>\r\n\t\t<textarea name=\"g-recaptcha-response\" rows=\"3\" cols=\"40\" placeholder=\"reCaptcha Response Here\">\r\n\t\t<\/textarea>\r\n\t<\/div>\r\n<\/noscript>\r\n<\/span>\n\t\t<p><input class=\"wpcf7-form-control wpcf7-submit has-spinner btn btn-primary\" type=\"submit\" value=\"SEND MESSAGE\" \/>\n\t\t<\/p>\n\t<\/div>\n<\/div><p style=\"display: none !important;\" class=\"akismet-fields-container\" data-prefix=\"_wpcf7_ak_\"><label>&#916;<textarea name=\"_wpcf7_ak_hp_textarea\" cols=\"45\" rows=\"8\" maxlength=\"100\"><\/textarea><\/label><input type=\"hidden\" id=\"ak_js_1\" name=\"_wpcf7_ak_js\" value=\"160\"\/><script>document.getElementById( \"ak_js_1\" ).setAttribute( \"value\", ( new Date() ).getTime() );<\/script><\/p><div class=\"wpcf7-response-output\" aria-hidden=\"true\"><\/div>\n<\/form>\n<\/div>\n[vc_empty_space height=&#8221;25px&#8221;][\/vc_column][vc_column width=&#8221;1\/2&#8243;][\/vc_column][\/vc_row]<\/p>\n<\/div>","protected":false},"excerpt":{"rendered":"<p>[vc_row el_class=&#8221;city-tours-custom&#8221; css=&#8221;.vc_custom_1624697331275{margin-top: 40px !important;margin-bottom: 20px !important;}&#8221;][vc_column][vc_column_text] O teu pr\u00f3ximo evento [\/vc_column_text][vc_separator color=&#8221;custom&#8221; css=&#8221;.vc_custom_1667912336027{background-color: #e11e26 !important;}&#8221;][vc_btn title=&#8221;Come\u00e7a a planear o teu evento agora!&#8221; color=&#8221;juicy-pink&#8221; align=&#8221;center&#8221; button_block=&#8221;true&#8221; link=&#8221;url:https%3A%2F%2Fdocs.google.com%2Fforms%2Fd%2F1HuEfKbEAhdsDI5S_LHigp8pVe4yjD14dUH2zNBPfBeA%2Fprefill|title:Fale%20conosco%21|target:_blank|&#8221; css=&#8221;.vc_custom_1679516074290{background-color: #e11e26 !important;background-position: 0 0 !important;background-repeat: no-repeat !important;}&#8221;][\/vc_column][vc_column][\/vc_column][\/vc_row][vc_row][vc_column][vc_row_inner][vc_column_inner][vc_column_text] O que \u00e9 uma festa boom e quem pode participar nela? Uma boom party \u00e9 uma festa concebida especificamente para [&hellip;]<\/p>\n","protected":false},"author":2,"featured_media":106188,"parent":0,"menu_order":0,"comment_status":"closed","ping_status":"closed","template":"template-home-modern.php","meta":{"_acf_changed":false,"footnotes":""},"class_list":["post-124034","page","type-page","status-publish","has-post-thumbnail","hentry"],"acf":[],"yoast_head":"<!-- This site is optimized with the Yoast SEO plugin v27.4 - https:\/\/yoast.com\/product\/yoast-seo-wordpress\/ -->\n<title>Boom Party I Teen Party no M\u00f3naco | Riviera Bar Crawl Tours<\/title>\n<meta name=\"description\" content=\"Organizamos as melhores festas para adolescentes no M\u00f3naco. DJ I Pista de dan\u00e7a I Refrigerantes I Candy Bar I Festas seguras est\u00e3o \u00e0 espera dos teus adolescentes\" \/>\n<meta name=\"robots\" content=\"index, follow, max-snippet:-1, max-image-preview:large, max-video-preview:-1\" \/>\n<link rel=\"canonical\" href=\"https:\/\/rivierabarcrawltours.com\/pt-pt\/boom-party-no-monaco\/\" \/>\n<meta property=\"og:locale\" content=\"pt_PT\" \/>\n<meta property=\"og:type\" content=\"article\" \/>\n<meta property=\"og:title\" content=\"Boom Party I Teen Party no M\u00f3naco | Riviera Bar Crawl Tours\" \/>\n<meta property=\"og:description\" content=\"Organizamos as melhores festas para adolescentes no M\u00f3naco. DJ I Pista de dan\u00e7a I Refrigerantes I Candy Bar I Festas seguras est\u00e3o \u00e0 espera dos teus adolescentes\" \/>\n<meta property=\"og:url\" content=\"https:\/\/rivierabarcrawltours.com\/pt-pt\/boom-party-no-monaco\/\" \/>\n<meta property=\"og:site_name\" content=\"Riviera Bar Crawl Tours\" \/>\n<meta property=\"article:publisher\" content=\"https:\/\/www.facebook.com\/RivieraBarCrawltours\/\" \/>\n<meta property=\"og:image\" content=\"https:\/\/rivierabarcrawltours.com\/wp-content\/uploads\/2023\/03\/boom-party-teen-Monaco.jpeg\" \/>\n\t<meta property=\"og:image:width\" content=\"1920\" \/>\n\t<meta property=\"og:image:height\" content=\"1080\" \/>\n\t<meta property=\"og:image:type\" content=\"image\/jpeg\" \/>\n<meta name=\"twitter:card\" content=\"summary_large_image\" \/>\n<meta name=\"twitter:site\" content=\"@rivierabarcrawl\" \/>\n<meta name=\"twitter:label1\" content=\"Tempo estimado de leitura\" \/>\n\t<meta name=\"twitter:data1\" content=\"4 minutes\" \/>\n<!-- \/ Yoast SEO plugin. -->","yoast_head_json":{"title":"Boom Party I Teen Party no M\u00f3naco | Riviera Bar Crawl Tours","description":"Organizamos as melhores festas para adolescentes no M\u00f3naco. DJ I Pista de dan\u00e7a I Refrigerantes I Candy Bar I Festas seguras est\u00e3o \u00e0 espera dos teus adolescentes","robots":{"index":"index","follow":"follow","max-snippet":"max-snippet:-1","max-image-preview":"max-image-preview:large","max-video-preview":"max-video-preview:-1"},"canonical":"https:\/\/rivierabarcrawltours.com\/pt-pt\/boom-party-no-monaco\/","og_locale":"pt_PT","og_type":"article","og_title":"Boom Party I Teen Party no M\u00f3naco | Riviera Bar Crawl Tours","og_description":"Organizamos as melhores festas para adolescentes no M\u00f3naco. DJ I Pista de dan\u00e7a I Refrigerantes I Candy Bar I Festas seguras est\u00e3o \u00e0 espera dos teus adolescentes","og_url":"https:\/\/rivierabarcrawltours.com\/pt-pt\/boom-party-no-monaco\/","og_site_name":"Riviera Bar Crawl Tours","article_publisher":"https:\/\/www.facebook.com\/RivieraBarCrawltours\/","og_image":[{"width":1920,"height":1080,"url":"https:\/\/rivierabarcrawltours.com\/wp-content\/uploads\/2023\/03\/boom-party-teen-Monaco.jpeg","type":"image\/jpeg"}],"twitter_card":"summary_large_image","twitter_site":"@rivierabarcrawl","twitter_misc":{"Tempo estimado de leitura":"4 minutes"},"schema":{"@context":"https:\/\/schema.org","@graph":[{"@type":"WebPage","@id":"https:\/\/rivierabarcrawltours.com\/pt-pt\/boom-party-no-monaco\/","url":"https:\/\/rivierabarcrawltours.com\/pt-pt\/boom-party-no-monaco\/","name":"Boom Party I Teen Party no M\u00f3naco | Riviera Bar Crawl Tours","isPartOf":{"@id":"https:\/\/rivierabarcrawltours.com\/#website"},"primaryImageOfPage":{"@id":"https:\/\/rivierabarcrawltours.com\/pt-pt\/boom-party-no-monaco\/#primaryimage"},"image":{"@id":"https:\/\/rivierabarcrawltours.com\/pt-pt\/boom-party-no-monaco\/#primaryimage"},"thumbnailUrl":"https:\/\/rivierabarcrawltours.com\/wp-content\/uploads\/2023\/03\/boom-party-teen-Monaco.jpeg","datePublished":"2026-02-11T11:47:44+00:00","description":"Organizamos as melhores festas para adolescentes no M\u00f3naco. DJ I Pista de dan\u00e7a I Refrigerantes I Candy Bar I Festas seguras est\u00e3o \u00e0 espera dos teus adolescentes","breadcrumb":{"@id":"https:\/\/rivierabarcrawltours.com\/pt-pt\/boom-party-no-monaco\/#breadcrumb"},"inLanguage":"pt-PT","potentialAction":[{"@type":"ReadAction","target":["https:\/\/rivierabarcrawltours.com\/pt-pt\/boom-party-no-monaco\/"]}]},{"@type":"ImageObject","inLanguage":"pt-PT","@id":"https:\/\/rivierabarcrawltours.com\/pt-pt\/boom-party-no-monaco\/#primaryimage","url":"https:\/\/rivierabarcrawltours.com\/wp-content\/uploads\/2023\/03\/boom-party-teen-Monaco.jpeg","contentUrl":"https:\/\/rivierabarcrawltours.com\/wp-content\/uploads\/2023\/03\/boom-party-teen-Monaco.jpeg","width":1920,"height":1080,"caption":"Jovem DJ de p\u00e9 junto ao gira-discos enquanto uma multid\u00e3o de adolescentes dan\u00e7a ao teu lado"},{"@type":"BreadcrumbList","@id":"https:\/\/rivierabarcrawltours.com\/pt-pt\/boom-party-no-monaco\/#breadcrumb","itemListElement":[{"@type":"ListItem","position":1,"name":"Home","item":"https:\/\/rivierabarcrawltours.com\/pt-pt\/"},{"@type":"ListItem","position":2,"name":"Boom Party no M\u00f3naco"}]},{"@type":"WebSite","@id":"https:\/\/rivierabarcrawltours.com\/#website","url":"https:\/\/rivierabarcrawltours.com\/","name":"Riviera Bar Crawl Tours","description":"Fun Day &amp; Night Experiences I Tour operator I Guided Tours I Bar Crawls I Food Tours I","publisher":{"@id":"https:\/\/rivierabarcrawltours.com\/#organization"},"potentialAction":[{"@type":"SearchAction","target":{"@type":"EntryPoint","urlTemplate":"https:\/\/rivierabarcrawltours.com\/?s={search_term_string}"},"query-input":{"@type":"PropertyValueSpecification","valueRequired":true,"valueName":"search_term_string"}}],"inLanguage":"pt-PT"},{"@type":"Organization","@id":"https:\/\/rivierabarcrawltours.com\/#organization","name":"Riviera Bar Crawl Tours","url":"https:\/\/rivierabarcrawltours.com\/","logo":{"@type":"ImageObject","inLanguage":"pt-PT","@id":"https:\/\/rivierabarcrawltours.com\/#\/schema\/logo\/image\/","url":"https:\/\/rivierabarcrawltours.com\/wp-content\/uploads\/2019\/07\/logo.png","contentUrl":"https:\/\/rivierabarcrawltours.com\/wp-content\/uploads\/2019\/07\/logo.png","width":479,"height":453,"caption":"Riviera Bar Crawl Tours"},"image":{"@id":"https:\/\/rivierabarcrawltours.com\/#\/schema\/logo\/image\/"},"sameAs":["https:\/\/www.facebook.com\/RivieraBarCrawltours\/","https:\/\/x.com\/rivierabarcrawl"]}]}},"_links":{"self":[{"href":"https:\/\/rivierabarcrawltours.com\/pt-pt\/wp-json\/wp\/v2\/pages\/124034","targetHints":{"allow":["GET"]}}],"collection":[{"href":"https:\/\/rivierabarcrawltours.com\/pt-pt\/wp-json\/wp\/v2\/pages"}],"about":[{"href":"https:\/\/rivierabarcrawltours.com\/pt-pt\/wp-json\/wp\/v2\/types\/page"}],"author":[{"embeddable":true,"href":"https:\/\/rivierabarcrawltours.com\/pt-pt\/wp-json\/wp\/v2\/users\/2"}],"replies":[{"embeddable":true,"href":"https:\/\/rivierabarcrawltours.com\/pt-pt\/wp-json\/wp\/v2\/comments?post=124034"}],"version-history":[{"count":2,"href":"https:\/\/rivierabarcrawltours.com\/pt-pt\/wp-json\/wp\/v2\/pages\/124034\/revisions"}],"predecessor-version":[{"id":124036,"href":"https:\/\/rivierabarcrawltours.com\/pt-pt\/wp-json\/wp\/v2\/pages\/124034\/revisions\/124036"}],"wp:featuredmedia":[{"embeddable":true,"href":"https:\/\/rivierabarcrawltours.com\/pt-pt\/wp-json\/wp\/v2\/media\/106188"}],"wp:attachment":[{"href":"https:\/\/rivierabarcrawltours.com\/pt-pt\/wp-json\/wp\/v2\/media?parent=124034"}],"curies":[{"name":"wp","href":"https:\/\/api.w.org\/{rel}","templated":true}]}}