{"id":124031,"date":"2026-02-11T12:47:23","date_gmt":"2026-02-11T11:47:23","guid":{"rendered":"https:\/\/rivierabarcrawltours.com\/teen-party-i-boom-party\/festa-boom-em-cannes\/"},"modified":"2026-02-11T12:47:23","modified_gmt":"2026-02-11T11:47:23","slug":"festa-boom-em-cannes","status":"publish","type":"page","link":"https:\/\/rivierabarcrawltours.com\/pt-pt\/festa-boom-em-cannes\/","title":{"rendered":"Festa Boom em Cannes"},"content":{"rendered":"<div class=\"wpb-content-wrapper\"><p>[vc_row el_class=&#8221;city-tours-custom&#8221; css=&#8221;.vc_custom_1624697331275{margin-top: 40px !important;margin-bottom: 20px !important;}&#8221;][vc_column][vc_column_text]<\/p>\n<h2>O teu pr\u00f3ximo evento<\/h2>\n<p>[\/vc_column_text]<div class='list_tours'>   <div class=\"concept-listings owl-carousel owl-theme\">\n          <div class=\"style_box\">\n           <div class=\"feature_class st_featured featured\">Featured<\/div>           <div class=\"thumb\">\n               <header class=\"thumb-header st_avatar_fix\">\n                                      <a href=\"https:\/\/rivierabarcrawltours.com\/pt-pt\/tour\/riviera-bar-crawl-cannes\/\" class=\"hover-img\">\n                       <img decoding=\"async\" width=\"260\" height=\"190\" src=\"https:\/\/rivierabarcrawltours.com\/wp-content\/uploads\/2021\/01\/cannes-pub-crawl-260x190.jpg\" class=\"attachment-260x190x1 size-260x190x1 wp-post-image\" alt=\"cannes pub crawl\" \/>                       <h5 class=\"hover-title hover-hold text-center\">\n                           Passeio de bar privado na Riviera Cannes                       <\/h5>\n                   <\/a>\n                                  <\/header>\n           <\/div>\n       <\/div>\n   <\/div>\n\n    \n<script type=\"text\/javascript\">\n$(document).ready(function() {\n       $(\".concept-listings\").owlCarousel({\n        margin:20,\n                dots:true,\n        responsiveClass:true,\n        responsive:{\n            0:{\n                items:1,\n                nav:false\n            },\n            600:{\n                items:3,\n                nav:false\n            },\n            1000:{\n                items:4,\n                nav:true\n            }\n        }\n       });\n}); \n\n<\/script>\n\n<style type=\"text\/css\">\n.concept-listings .owl-stage {\n    display: -webkit-box !important;\n    display: -moz-box !important;\n    display: -ms-box !important;\n    display: box !important;\n}\n.concept-listings .owl-dots {\n    margin-top: 10px;\n    text-align: center;\n}\n.concept-listings .owl-dots .owl-dot {\n    display: inline-block;\n    background: 0 0;\n    color: inherit;\n    border: none;\n    padding: 0 !important;\n}\n.concept-listings .owl-dots .owl-dot.active span {\n    background: var(--link-color, #5191FA);\n}\n.concept-listings .owl-dots .owl-dot span {\n    width: 10px;\n    height: 10px;\n    margin: 5px 7px;\n    background: var(--light-grey-color, #EAEEF3);\n    display: block;\n    transition: opacity 0.2s ease;\n    border-radius: 30px;\n}\n.city-tours-custom .feature_class{\n  left: 0 !important;\n}\n.concept-listings .owl-nav {\n    position: absolute;\n    height: 100%;\n    top: 0;\n    width: 100%;\n    z-index: -1;\n}\n.concept-listings .owl-nav button {\n    position: absolute;\n    top: 50%;\n    margin-top: -18px;\n}\n.concept-listings .owl-nav button.owl-next {\n    right: -66px;\n}\n.concept-listings .owl-nav button.owl-prev {\n    left: -66px;\n}\n.concept-listings .owl-nav button.owl-next span {\n    width: 36px;\n    height: 36px;\n    display: block;\n    background: url(https:\/\/rivierabarcrawltours.com\/wp-content\/uploads\/2021\/06\/arrow-right.png) center center no-repeat;\n    background-size: 100% auto;\n    color: transparent;\n}\n.concept-listings .owl-nav button.owl-prev span {\n    width: 36px;\n    height: 36px;\n    display: block;\n    background: url(https:\/\/rivierabarcrawltours.com\/wp-content\/uploads\/2021\/02\/arrow-left.png) center center no-repeat;\n    background-size: 100% auto;\n    color: transparent;\n}\n\n.city-tours-custom .thumb{\n    border: none !important;\n}\n<\/style><\/div>[vc_separator color=&#8221;custom&#8221; css=&#8221;.vc_custom_1667912336027{background-color: #e11e26 !important;}&#8221;][vc_btn title=&#8221;Come\u00e7a a planear o teu evento agora!&#8221; color=&#8221;juicy-pink&#8221; align=&#8221;center&#8221; button_block=&#8221;true&#8221; link=&#8221;url:https%3A%2F%2Fdocs.google.com%2Fforms%2Fd%2F1HuEfKbEAhdsDI5S_LHigp8pVe4yjD14dUH2zNBPfBeA%2Fprefill|title:Fale%20conosco%21|target:_blank|&#8221; css=&#8221;.vc_custom_1679516012422{background-color: #e11e26 !important;background-position: 0 0 !important;background-repeat: no-repeat !important;}&#8221;][\/vc_column][vc_column][\/vc_column][\/vc_row][vc_row][vc_column][vc_row_inner][vc_column_inner][vc_column_text]<\/p>\n<h2>O que \u00e9 uma festa boom e quem pode participar nela?<\/h2>\n<p><span style=\"font-weight: 400;\">J\u00e1 pensaste em ir a uma festa de adolescentes em Cannes para conhecer outros adolescentes? Se o teu sonho \u00e9 ir a Fran\u00e7a, ent\u00e3o este destino \u00e9 perfeito para ti. Podes pensar que a Fran\u00e7a n\u00e3o \u00e9 o lugar ideal para festejar e conhecer jovens adultos bonitos e com a mesma opini\u00e3o, mas nas nossas festas \u00e9. H\u00e1 tantas coisas diferentes para fazer em Cannes e nos seus arredores que serias louco se n\u00e3o as aproveitasses.     <\/span><\/p>\n<p><span style=\"font-weight: 400;\">A festa para adolescentes \u00e9 uma celebra\u00e7\u00e3o organizada por adultos para adolescentes, que n\u00e3o est\u00e3o autorizados a ir a discotecas ou a pedir bebidas no bar. A festa para adolescentes \u00e9 um lugar seguro para os adolescentes se divertirem sem quebrar as regras de dec\u00eancia dos adultos. <\/span><\/p>\n<p><span style=\"font-weight: 400;\">A festa n\u00e3o tem um tema espec\u00edfico, pelo que os adolescentes podem vestir o que quiserem. Estas festas s\u00e3o organizadas para os adolescentes que querem estar na companhia da sua pr\u00f3pria faixa et\u00e1ria. Pode haver um DJ a tocar m\u00fasica, jogos e um bar no local.    <\/span><\/p>\n<p><span style=\"font-weight: 400;\">Estas festas s\u00e3o organizadas em muitos pa\u00edses e cidades com o objetivo de reunir os jovens para estabelecerem rela\u00e7\u00f5es, conhecerem novas pessoas e aprenderem as carater\u00edsticas dos seus pares.<\/span><\/p>\n<p><span style=\"font-weight: 400;\">Uma festa para adolescentes em Cannes \u00e9 uma excelente ideia que pode ser saudada como a melhor decis\u00e3o que j\u00e1 tomaste. \u00c9 um m\u00e9todo popular de entretenimento para os jovens. <\/span><\/p>\n<p>&nbsp;<\/p>\n<h3>O que podes esperar da nossa festa boom em Cannes?<\/h3>\n<p><span style=\"font-weight: 400;\">Para as crian\u00e7as e os adolescentes, uma festa significa poderem divertir-se com os seus pares. Mas para os pais, significa uma s\u00e9rie de preocupa\u00e7\u00f5es: ser\u00e1 que os adolescentes se v\u00e3o aborrecer? ser\u00e1 que se v\u00e3o magoar algures?    <\/span><\/p>\n<p><span style=\"font-weight: 400;\">As actividades da nossa festa para adolescentes s\u00e3o especificamente selecionadas de modo a manter os teus filhos entretidos durante horas e a limitar os riscos de acidentes.  <\/span><\/p>\n<p><span style=\"font-weight: 400;\">A festa come\u00e7a normalmente \u00e0 noite. N\u00e3o h\u00e1 nada mais divertido do que um grupo de adolescentes a conviverem juntos, a desfrutarem das suas bebidas e a ouvirem as m\u00fasicas do DJ. O ambiente de festa na Teen Party em Cannes \u00e9 realmente excitante e \u00e9 uma \u00f3ptima maneira de veres o que \u00e9 a vida nocturna da festa.    <\/span><\/p>\n<p><span style=\"font-weight: 400;\">Claro que h\u00e1 outras coisas para al\u00e9m da dan\u00e7a, incluindo m\u00fasica, relaxar nos bancos ou conversar com os seus vizinhos nas mesas.<\/span><\/p>\n<p>&nbsp;<\/p>\n<h3>Porque deves ir a uma das nossas boom parties em Cannes?<\/h3>\n<p><span style=\"font-weight: 400;\">H\u00e1 muitas raz\u00f5es para ires a uma das nossas festas para adolescentes em Cannes. Aqui tens algumas delas: <\/span><\/p>\n<ul>\n<li style=\"font-weight: 400;\" aria-level=\"1\"><span style=\"font-weight: 400;\">Diverte-te! Quem \u00e9 que n\u00e3o gosta de se divertir? E n\u00e3o h\u00e1 melhor maneira de te divertires do que festejares com outros adolescentes com interesses semelhantes.  <\/span><\/li>\n<li style=\"font-weight: 400;\" aria-level=\"1\"><span style=\"font-weight: 400;\">\u00c9 seguro! S\u00f3 permitimos a entrada de adolescentes nos nossos eventos, por isso n\u00e3o precisas de te preocupar com tarados ou comportamentos inadequados. <\/span><\/li>\n<li style=\"font-weight: 400;\" aria-level=\"1\"><span style=\"font-weight: 400;\">\u00c9 f\u00e1cil! N\u00e3o precisas de trazer nada al\u00e9m de ti. S\u00f3 precisas de um documento de identifica\u00e7\u00e3o (se tiveres menos de 21 anos) e um sorriso!  <\/span><\/li>\n<\/ul>\n<p><span style=\"font-weight: 400;\">Tentamos que as nossas festas sejam o mais interessantes e divertidas poss\u00edvel. Acreditamos que esta \u00e9 a melhor maneira de manter as crian\u00e7as entretidas. Afinal de contas, elas v\u00e3o passar a maior parte do tempo em casa com os amigos, por isso queremos que tenham a melhor experi\u00eancia poss\u00edvel quando est\u00e3o connosco.  <\/span><\/p>\n<p><span style=\"font-weight: 400;\">Temos uma s\u00e9rie de actividades que realizamos nas nossas festas em Cannes. Algumas delas s\u00e3o: <\/span><\/p>\n<ul>\n<li><span style=\"font-weight: 400;\">  Luzes e m\u00fasica de discoteca<\/span><\/li>\n<li><span style=\"font-weight: 400;\">  Concursos de dan\u00e7a<\/span><\/li>\n<li><span style=\"font-weight: 400;\">  Jogos interactivos<\/span><\/li>\n<\/ul>\n<p>&nbsp;<\/p>\n<h3><b>Informa\u00e7\u00f5es importantes que deves saber antes de ires \u00e0 nossa boom party em Cannes<\/b><\/h3>\n<ol>\n<li style=\"font-weight: 400;\" aria-level=\"1\"><span style=\"font-weight: 400;\">O evento est\u00e1 aberto apenas a adolescentes. Verificaremos a tua idade com o teu documento de identifica\u00e7\u00e3o \u00e0 entrada, por isso certifica-te de que \u00e9 v\u00e1lido e est\u00e1 atualizado! <\/span><\/li>\n<\/ol>\n<ol>\n<li style=\"font-weight: 400;\" aria-level=\"1\"><span style=\"font-weight: 400;\">A Boom Party n\u00e3o se trata apenas de conhecer outros adolescentes; trata-se tamb\u00e9m de te divertires e de te divertires! A m\u00fasica tocada nos nossos eventos \u00e9 garantia de que a tua cabe\u00e7a vai abanar e os teus p\u00e9s v\u00e3o mexer!   <\/span><\/li>\n<li style=\"font-weight: 400;\" aria-level=\"1\"><span style=\"font-weight: 400;\">Neste evento, haver\u00e1 muitas actividades para todos os presentes!  <\/span><\/li>\n<\/ol>\n<p>[\/vc_column_text][\/vc_column_inner][\/vc_row_inner][vc_empty_space height=&#8221;75&#8243;][vc_btn title=&#8221;Come\u00e7a a planear o teu evento agora!&#8221; color=&#8221;juicy-pink&#8221; align=&#8221;center&#8221; button_block=&#8221;true&#8221; link=&#8221;url:https%3A%2F%2Frivierabarcrawltours.com%2Fpt-pt%2Ffale-conosco%2F|title:Fale%20conosco%21|target:_blank|&#8221; css=&#8221;.vc_custom_1667912697255{background-color: #e11e26 !important;background-position: 0 0 !important;background-repeat: no-repeat !important;}&#8221;][\/vc_column][\/vc_row][vc_row][vc_column width=&#8221;1\/2&#8243;]\n<div class=\"wpcf7 no-js\" id=\"wpcf7-f62606-o1\" lang=\"en-US\" dir=\"ltr\" data-wpcf7-id=\"62606\">\n<div class=\"screen-reader-response\"><p role=\"status\" aria-live=\"polite\" aria-atomic=\"true\"><\/p> <ul><\/ul><\/div>\n<form action=\"\/pt-pt\/wp-json\/wp\/v2\/pages\/124031#wpcf7-f62606-o1\" method=\"post\" class=\"wpcf7-form init\" aria-label=\"Formul\u00e1rio de contacto\" novalidate=\"novalidate\" data-status=\"init\">\n<fieldset class=\"hidden-fields-container\"><input type=\"hidden\" name=\"_wpcf7\" value=\"62606\" \/><input type=\"hidden\" name=\"_wpcf7_version\" value=\"6.1.5\" \/><input type=\"hidden\" name=\"_wpcf7_locale\" value=\"en_US\" \/><input type=\"hidden\" name=\"_wpcf7_unit_tag\" value=\"wpcf7-f62606-o1\" \/><input type=\"hidden\" name=\"_wpcf7_container_post\" value=\"0\" \/><input type=\"hidden\" name=\"_wpcf7_posted_data_hash\" value=\"\" \/><input type=\"hidden\" name=\"_wpcf7_recaptcha_response\" value=\"\" \/>\n<\/fieldset>\n<div class=\"st-contact-form\">\n\t<div class=\"contact-header\">\n\t\t<h3>We'd love to hear from you\n\t\t<\/h3>\n\t\t<p>Send us a message and we'll respond as soon as possible\n\t\t<\/p>\n\t<\/div>\n\t<div class=\"contact-form\">\n\t\t<div class=\"form-group\">\n\t\t\t<p><span class=\"wpcf7-form-control-wrap\" data-name=\"your-name\"><input size=\"40\" maxlength=\"400\" class=\"wpcf7-form-control wpcf7-text wpcf7-validates-as-required form-control\" aria-required=\"true\" aria-invalid=\"false\" placeholder=\"Name\" value=\"\" type=\"text\" name=\"your-name\" \/><\/span>\n\t\t\t<\/p>\n\t\t<\/div>\n\t\t<div class=\"form-group\">\n\t\t\t<p><span class=\"wpcf7-form-control-wrap\" data-name=\"your-email\"><input size=\"40\" maxlength=\"400\" class=\"wpcf7-form-control wpcf7-email wpcf7-validates-as-required wpcf7-text wpcf7-validates-as-email form-control\" aria-required=\"true\" aria-invalid=\"false\" placeholder=\"Email\" value=\"\" type=\"email\" name=\"your-email\" \/><\/span>\n\t\t\t<\/p>\n\t\t<\/div>\n\t\t<div class=\"form-group\">\n\t\t\t<p><span class=\"wpcf7-form-control-wrap\" data-name=\"your-message\"><textarea cols=\"40\" rows=\"10\" maxlength=\"2000\" class=\"wpcf7-form-control wpcf7-textarea form-control\" aria-invalid=\"false\" placeholder=\"Message\" name=\"your-message\"><\/textarea><\/span>\n\t\t\t<\/p>\n\t\t<\/div>\n\t<span class=\"wpcf7-form-control-wrap recaptcha\" data-name=\"recaptcha\"><span data-sitekey=\"6LdJz1AaAAAAACdpzuGXVjdcRmpNNTMel9zmPCUG\" class=\"wpcf7-form-control wpcf7-recaptcha g-recaptcha\"><\/span>\r\n<noscript>\r\n\t<div class=\"grecaptcha-noscript\">\r\n\t\t<iframe loading=\"lazy\" src=\"https:\/\/www.google.com\/recaptcha\/api\/fallback?k=6LdJz1AaAAAAACdpzuGXVjdcRmpNNTMel9zmPCUG\" frameborder=\"0\" scrolling=\"no\" width=\"310\" height=\"430\">\r\n\t\t<\/iframe>\r\n\t\t<textarea name=\"g-recaptcha-response\" rows=\"3\" cols=\"40\" placeholder=\"reCaptcha Response Here\">\r\n\t\t<\/textarea>\r\n\t<\/div>\r\n<\/noscript>\r\n<\/span>\n\t\t<p><input class=\"wpcf7-form-control wpcf7-submit has-spinner btn btn-primary\" type=\"submit\" value=\"SEND MESSAGE\" \/>\n\t\t<\/p>\n\t<\/div>\n<\/div><p style=\"display: none !important;\" class=\"akismet-fields-container\" data-prefix=\"_wpcf7_ak_\"><label>&#916;<textarea name=\"_wpcf7_ak_hp_textarea\" cols=\"45\" rows=\"8\" maxlength=\"100\"><\/textarea><\/label><input type=\"hidden\" id=\"ak_js_1\" name=\"_wpcf7_ak_js\" value=\"214\"\/><script>document.getElementById( \"ak_js_1\" ).setAttribute( \"value\", ( new Date() ).getTime() );<\/script><\/p><div class=\"wpcf7-response-output\" aria-hidden=\"true\"><\/div>\n<\/form>\n<\/div>\n[vc_empty_space height=&#8221;25px&#8221;][\/vc_column][vc_column width=&#8221;1\/2&#8243;][\/vc_column][\/vc_row]<\/p>\n<\/div>","protected":false},"excerpt":{"rendered":"<p>[vc_row el_class=&#8221;city-tours-custom&#8221; css=&#8221;.vc_custom_1624697331275{margin-top: 40px !important;margin-bottom: 20px !important;}&#8221;][vc_column][vc_column_text] O teu pr\u00f3ximo evento [\/vc_column_text][vc_separator color=&#8221;custom&#8221; css=&#8221;.vc_custom_1667912336027{background-color: #e11e26 !important;}&#8221;][vc_btn title=&#8221;Come\u00e7a a planear o teu evento agora!&#8221; color=&#8221;juicy-pink&#8221; align=&#8221;center&#8221; button_block=&#8221;true&#8221; link=&#8221;url:https%3A%2F%2Fdocs.google.com%2Fforms%2Fd%2F1HuEfKbEAhdsDI5S_LHigp8pVe4yjD14dUH2zNBPfBeA%2Fprefill|title:Fale%20conosco%21|target:_blank|&#8221; css=&#8221;.vc_custom_1679516012422{background-color: #e11e26 !important;background-position: 0 0 !important;background-repeat: no-repeat !important;}&#8221;][\/vc_column][vc_column][\/vc_column][\/vc_row][vc_row][vc_column][vc_row_inner][vc_column_inner][vc_column_text] O que \u00e9 uma festa boom e quem pode participar nela? J\u00e1 pensaste em ir a uma festa de adolescentes [&hellip;]<\/p>\n","protected":false},"author":2,"featured_media":106156,"parent":0,"menu_order":0,"comment_status":"closed","ping_status":"closed","template":"template-home-modern.php","meta":{"_acf_changed":false,"footnotes":""},"class_list":["post-124031","page","type-page","status-publish","has-post-thumbnail","hentry"],"acf":[],"yoast_head":"<!-- This site is optimized with the Yoast SEO plugin v27.4 - https:\/\/yoast.com\/product\/yoast-seo-wordpress\/ -->\n<title>Festa Boom em Cannes, Fran\u00e7a | Riviera Bar Crawl Tours<\/title>\n<meta name=\"description\" content=\"Organizamos as melhores festas para adolescentes em Cannes, Fran\u00e7a. DJ I Pista de dan\u00e7a I Refrigerantes I Candy Bar I Festas seguras est\u00e3o \u00e0 espera dos teus adolescentes\" \/>\n<meta name=\"robots\" content=\"index, follow, max-snippet:-1, max-image-preview:large, max-video-preview:-1\" \/>\n<link rel=\"canonical\" href=\"https:\/\/rivierabarcrawltours.com\/pt-pt\/festa-boom-em-cannes\/\" \/>\n<meta property=\"og:locale\" content=\"pt_PT\" \/>\n<meta property=\"og:type\" content=\"article\" \/>\n<meta property=\"og:title\" content=\"Festa Boom em Cannes, Fran\u00e7a | Riviera Bar Crawl Tours\" \/>\n<meta property=\"og:description\" content=\"Organizamos as melhores festas para adolescentes em Cannes, Fran\u00e7a. DJ I Pista de dan\u00e7a I Refrigerantes I Candy Bar I Festas seguras est\u00e3o \u00e0 espera dos teus adolescentes\" \/>\n<meta property=\"og:url\" content=\"https:\/\/rivierabarcrawltours.com\/pt-pt\/festa-boom-em-cannes\/\" \/>\n<meta property=\"og:site_name\" content=\"Riviera Bar Crawl Tours\" \/>\n<meta property=\"article:publisher\" content=\"https:\/\/www.facebook.com\/RivieraBarCrawltours\/\" \/>\n<meta property=\"og:image\" content=\"https:\/\/rivierabarcrawltours.com\/wp-content\/uploads\/2023\/03\/boom-party-teen-Cannes.jpeg\" \/>\n\t<meta property=\"og:image:width\" content=\"1920\" \/>\n\t<meta property=\"og:image:height\" content=\"1080\" \/>\n\t<meta property=\"og:image:type\" content=\"image\/jpeg\" \/>\n<meta name=\"twitter:card\" content=\"summary_large_image\" \/>\n<meta name=\"twitter:site\" content=\"@rivierabarcrawl\" \/>\n<meta name=\"twitter:label1\" content=\"Tempo estimado de leitura\" \/>\n\t<meta name=\"twitter:data1\" content=\"5 minutes\" \/>\n<!-- \/ Yoast SEO plugin. -->","yoast_head_json":{"title":"Festa Boom em Cannes, Fran\u00e7a | Riviera Bar Crawl Tours","description":"Organizamos as melhores festas para adolescentes em Cannes, Fran\u00e7a. DJ I Pista de dan\u00e7a I Refrigerantes I Candy Bar I Festas seguras est\u00e3o \u00e0 espera dos teus adolescentes","robots":{"index":"index","follow":"follow","max-snippet":"max-snippet:-1","max-image-preview":"max-image-preview:large","max-video-preview":"max-video-preview:-1"},"canonical":"https:\/\/rivierabarcrawltours.com\/pt-pt\/festa-boom-em-cannes\/","og_locale":"pt_PT","og_type":"article","og_title":"Festa Boom em Cannes, Fran\u00e7a | Riviera Bar Crawl Tours","og_description":"Organizamos as melhores festas para adolescentes em Cannes, Fran\u00e7a. DJ I Pista de dan\u00e7a I Refrigerantes I Candy Bar I Festas seguras est\u00e3o \u00e0 espera dos teus adolescentes","og_url":"https:\/\/rivierabarcrawltours.com\/pt-pt\/festa-boom-em-cannes\/","og_site_name":"Riviera Bar Crawl Tours","article_publisher":"https:\/\/www.facebook.com\/RivieraBarCrawltours\/","og_image":[{"width":1920,"height":1080,"url":"https:\/\/rivierabarcrawltours.com\/wp-content\/uploads\/2023\/03\/boom-party-teen-Cannes.jpeg","type":"image\/jpeg"}],"twitter_card":"summary_large_image","twitter_site":"@rivierabarcrawl","twitter_misc":{"Tempo estimado de leitura":"5 minutes"},"schema":{"@context":"https:\/\/schema.org","@graph":[{"@type":"WebPage","@id":"https:\/\/rivierabarcrawltours.com\/pt-pt\/festa-boom-em-cannes\/","url":"https:\/\/rivierabarcrawltours.com\/pt-pt\/festa-boom-em-cannes\/","name":"Festa Boom em Cannes, Fran\u00e7a | Riviera Bar Crawl Tours","isPartOf":{"@id":"https:\/\/rivierabarcrawltours.com\/#website"},"primaryImageOfPage":{"@id":"https:\/\/rivierabarcrawltours.com\/pt-pt\/festa-boom-em-cannes\/#primaryimage"},"image":{"@id":"https:\/\/rivierabarcrawltours.com\/pt-pt\/festa-boom-em-cannes\/#primaryimage"},"thumbnailUrl":"https:\/\/rivierabarcrawltours.com\/wp-content\/uploads\/2023\/03\/boom-party-teen-Cannes.jpeg","datePublished":"2026-02-11T11:47:23+00:00","description":"Organizamos as melhores festas para adolescentes em Cannes, Fran\u00e7a. DJ I Pista de dan\u00e7a I Refrigerantes I Candy Bar I Festas seguras est\u00e3o \u00e0 espera dos teus adolescentes","breadcrumb":{"@id":"https:\/\/rivierabarcrawltours.com\/pt-pt\/festa-boom-em-cannes\/#breadcrumb"},"inLanguage":"pt-PT","potentialAction":[{"@type":"ReadAction","target":["https:\/\/rivierabarcrawltours.com\/pt-pt\/festa-boom-em-cannes\/"]}]},{"@type":"ImageObject","inLanguage":"pt-PT","@id":"https:\/\/rivierabarcrawltours.com\/pt-pt\/festa-boom-em-cannes\/#primaryimage","url":"https:\/\/rivierabarcrawltours.com\/wp-content\/uploads\/2023\/03\/boom-party-teen-Cannes.jpeg","contentUrl":"https:\/\/rivierabarcrawltours.com\/wp-content\/uploads\/2023\/03\/boom-party-teen-Cannes.jpeg","width":1920,"height":1080,"caption":"Jovem DJ de p\u00e9 junto ao gira-discos enquanto uma multid\u00e3o de adolescentes dan\u00e7a ao teu lado"},{"@type":"BreadcrumbList","@id":"https:\/\/rivierabarcrawltours.com\/pt-pt\/festa-boom-em-cannes\/#breadcrumb","itemListElement":[{"@type":"ListItem","position":1,"name":"Home","item":"https:\/\/rivierabarcrawltours.com\/pt-pt\/"},{"@type":"ListItem","position":2,"name":"Festa Boom em Cannes"}]},{"@type":"WebSite","@id":"https:\/\/rivierabarcrawltours.com\/#website","url":"https:\/\/rivierabarcrawltours.com\/","name":"Riviera Bar Crawl Tours","description":"Fun Day &amp; Night Experiences I Tour operator I Guided Tours I Bar Crawls I Food Tours I","publisher":{"@id":"https:\/\/rivierabarcrawltours.com\/#organization"},"potentialAction":[{"@type":"SearchAction","target":{"@type":"EntryPoint","urlTemplate":"https:\/\/rivierabarcrawltours.com\/?s={search_term_string}"},"query-input":{"@type":"PropertyValueSpecification","valueRequired":true,"valueName":"search_term_string"}}],"inLanguage":"pt-PT"},{"@type":"Organization","@id":"https:\/\/rivierabarcrawltours.com\/#organization","name":"Riviera Bar Crawl Tours","url":"https:\/\/rivierabarcrawltours.com\/","logo":{"@type":"ImageObject","inLanguage":"pt-PT","@id":"https:\/\/rivierabarcrawltours.com\/#\/schema\/logo\/image\/","url":"https:\/\/rivierabarcrawltours.com\/wp-content\/uploads\/2019\/07\/logo.png","contentUrl":"https:\/\/rivierabarcrawltours.com\/wp-content\/uploads\/2019\/07\/logo.png","width":479,"height":453,"caption":"Riviera Bar Crawl Tours"},"image":{"@id":"https:\/\/rivierabarcrawltours.com\/#\/schema\/logo\/image\/"},"sameAs":["https:\/\/www.facebook.com\/RivieraBarCrawltours\/","https:\/\/x.com\/rivierabarcrawl"]}]}},"_links":{"self":[{"href":"https:\/\/rivierabarcrawltours.com\/pt-pt\/wp-json\/wp\/v2\/pages\/124031","targetHints":{"allow":["GET"]}}],"collection":[{"href":"https:\/\/rivierabarcrawltours.com\/pt-pt\/wp-json\/wp\/v2\/pages"}],"about":[{"href":"https:\/\/rivierabarcrawltours.com\/pt-pt\/wp-json\/wp\/v2\/types\/page"}],"author":[{"embeddable":true,"href":"https:\/\/rivierabarcrawltours.com\/pt-pt\/wp-json\/wp\/v2\/users\/2"}],"replies":[{"embeddable":true,"href":"https:\/\/rivierabarcrawltours.com\/pt-pt\/wp-json\/wp\/v2\/comments?post=124031"}],"version-history":[{"count":2,"href":"https:\/\/rivierabarcrawltours.com\/pt-pt\/wp-json\/wp\/v2\/pages\/124031\/revisions"}],"predecessor-version":[{"id":124033,"href":"https:\/\/rivierabarcrawltours.com\/pt-pt\/wp-json\/wp\/v2\/pages\/124031\/revisions\/124033"}],"wp:featuredmedia":[{"embeddable":true,"href":"https:\/\/rivierabarcrawltours.com\/pt-pt\/wp-json\/wp\/v2\/media\/106156"}],"wp:attachment":[{"href":"https:\/\/rivierabarcrawltours.com\/pt-pt\/wp-json\/wp\/v2\/media?parent=124031"}],"curies":[{"name":"wp","href":"https:\/\/api.w.org\/{rel}","templated":true}]}}