{"id":124027,"date":"2026-02-11T12:47:05","date_gmt":"2026-02-11T11:47:05","guid":{"rendered":"https:\/\/rivierabarcrawltours.com\/festa-boom-em-antibes\/"},"modified":"2026-02-11T12:47:06","modified_gmt":"2026-02-11T11:47:06","slug":"festa-boom-em-antibes","status":"publish","type":"page","link":"https:\/\/rivierabarcrawltours.com\/pt-pt\/festa-boom-em-antibes\/","title":{"rendered":"Festa Boom em Antibes"},"content":{"rendered":"<div class=\"wpb-content-wrapper\"><p>[vc_row el_class=&#8221;city-tours-custom&#8221; css=&#8221;.vc_custom_1624697331275{margin-top: 40px !important;margin-bottom: 20px !important;}&#8221;][vc_column][vc_column_text]<\/p>\n<h2>O teu pr\u00f3ximo evento<\/h2>\n<p>[\/vc_column_text]<div class='list_tours'>   <div class=\"concept-listings owl-carousel owl-theme\">\n          <div class=\"style_box\">\n           <div class=\"feature_class st_featured featured\">Featured<\/div>           <div class=\"thumb\">\n               <header class=\"thumb-header st_avatar_fix\">\n                                      <a href=\"https:\/\/rivierabarcrawltours.com\/pt-pt\/tour\/excursoes-privadas-antibes\/\" class=\"hover-img\">\n                       <img decoding=\"async\" width=\"260\" height=\"190\" src=\"https:\/\/rivierabarcrawltours.com\/wp-content\/uploads\/2021\/06\/Private-Tours-Antibes-4-1-260x190.jpg\" class=\"attachment-260x190x1 size-260x190x1 wp-post-image\" alt=\"Visitas privadas a Antibes\" srcset=\"https:\/\/rivierabarcrawltours.com\/wp-content\/uploads\/2021\/06\/Private-Tours-Antibes-4-1-260x190.jpg 260w, https:\/\/rivierabarcrawltours.com\/wp-content\/uploads\/2021\/06\/Private-Tours-Antibes-4-1-680x500.jpg 680w\" sizes=\"(max-width: 260px) 100vw, 260px\" \/>                       <h5 class=\"hover-title hover-hold text-center\">\n                           Antibes Visitas guiadas privadas                       <\/h5>\n                   <\/a>\n                                  <\/header>\n           <\/div>\n       <\/div>\n   <\/div>\n\n    \n<script type=\"text\/javascript\">\n$(document).ready(function() {\n       $(\".concept-listings\").owlCarousel({\n        margin:20,\n                dots:true,\n        responsiveClass:true,\n        responsive:{\n            0:{\n                items:1,\n                nav:false\n            },\n            600:{\n                items:3,\n                nav:false\n            },\n            1000:{\n                items:4,\n                nav:true\n            }\n        }\n       });\n}); \n\n<\/script>\n\n<style type=\"text\/css\">\n.concept-listings .owl-stage {\n    display: -webkit-box !important;\n    display: -moz-box !important;\n    display: -ms-box !important;\n    display: box !important;\n}\n.concept-listings .owl-dots {\n    margin-top: 10px;\n    text-align: center;\n}\n.concept-listings .owl-dots .owl-dot {\n    display: inline-block;\n    background: 0 0;\n    color: inherit;\n    border: none;\n    padding: 0 !important;\n}\n.concept-listings .owl-dots .owl-dot.active span {\n    background: var(--link-color, #5191FA);\n}\n.concept-listings .owl-dots .owl-dot span {\n    width: 10px;\n    height: 10px;\n    margin: 5px 7px;\n    background: var(--light-grey-color, #EAEEF3);\n    display: block;\n    transition: opacity 0.2s ease;\n    border-radius: 30px;\n}\n.city-tours-custom .feature_class{\n  left: 0 !important;\n}\n.concept-listings .owl-nav {\n    position: absolute;\n    height: 100%;\n    top: 0;\n    width: 100%;\n    z-index: -1;\n}\n.concept-listings .owl-nav button {\n    position: absolute;\n    top: 50%;\n    margin-top: -18px;\n}\n.concept-listings .owl-nav button.owl-next {\n    right: -66px;\n}\n.concept-listings .owl-nav button.owl-prev {\n    left: -66px;\n}\n.concept-listings .owl-nav button.owl-next span {\n    width: 36px;\n    height: 36px;\n    display: block;\n    background: url(https:\/\/rivierabarcrawltours.com\/wp-content\/uploads\/2021\/06\/arrow-right.png) center center no-repeat;\n    background-size: 100% auto;\n    color: transparent;\n}\n.concept-listings .owl-nav button.owl-prev span {\n    width: 36px;\n    height: 36px;\n    display: block;\n    background: url(https:\/\/rivierabarcrawltours.com\/wp-content\/uploads\/2021\/02\/arrow-left.png) center center no-repeat;\n    background-size: 100% auto;\n    color: transparent;\n}\n\n.city-tours-custom .thumb{\n    border: none !important;\n}\n<\/style><\/div>[vc_separator color=&#8221;custom&#8221; css=&#8221;.vc_custom_1667912336027{background-color: #e11e26 !important;}&#8221;][vc_btn title=&#8221;Come\u00e7a a planear o teu evento agora!&#8221; color=&#8221;juicy-pink&#8221; align=&#8221;center&#8221; button_block=&#8221;true&#8221; link=&#8221;url:https%3A%2F%2Fdocs.google.com%2Fforms%2Fd%2F1HuEfKbEAhdsDI5S_LHigp8pVe4yjD14dUH2zNBPfBeA%2Fprefill|title:Fale%20conosco%21|target:_blank|&#8221; css=&#8221;.vc_custom_1679515962782{background-color: #e11e26 !important;background-position: 0 0 !important;background-repeat: no-repeat !important;}&#8221;][\/vc_column][vc_column][\/vc_column][\/vc_row][vc_row][vc_column][vc_row_inner][vc_column_inner][vc_column_text]<\/p>\n<h2><b>O que \u00e9 uma festa boom e quem pode participar nela?<\/b><\/h2>\n<p><span style=\"font-weight: 400;\">Uma boom party \u00e9 um tipo de reuni\u00e3o social para adolescentes. Realiza-se num local privado ou p\u00fablico, embora normalmente se realize num local privado. As festas para adolescentes podem ser grandes ou pequenas, consoante o organizador, e decorrem entre as 17 e as 22 horas.  <\/span><\/p>\n<p><span style=\"font-weight: 400;\">  Uma festa para adolescentes n\u00e3o \u00e9 muito diferente de outras festas organizadas para quase todos os outros grupos et\u00e1rios. S\u00e3o as mesmas coisas que esperas quando vais a uma festa, como divertir-te, beber, dan\u00e7ar, etc. No entanto, a principal diferen\u00e7a \u00e9 a idade dos participantes.  <\/span><\/p>\n<p><span style=\"font-weight: 400;\">N\u00e3o se trata apenas de festas, mas de estar com os amigos e desfrutar do tempo passado aqui.<\/span><\/p>\n<p><span style=\"font-weight: 400;\">A nossa festa boom em Antibes \u00e9 um dos melhores locais onde podes desfrutar de uma festa deste tipo.<\/span><\/p>\n<p>&nbsp;<\/p>\n<h3><b>O que podes esperar da nossa festa boom em Antibes?<\/b><\/h3>\n<p><span style=\"font-weight: 400;\">Podes esperar que te proporcionemos uma experi\u00eancia de festa inesquec\u00edvel em Antibes. A equipa da Riviera Bar Crawl Tours organiza festas h\u00e1 anos e a nossa experi\u00eancia ir\u00e1 brilhar neste evento. Prepar\u00e1mos um grande evento com a presen\u00e7a de um DJ que ir\u00e1 certamente dar in\u00edcio \u00e0 festa e mant\u00ea-la durante toda a noite.  <\/span><\/p>\n<p><span style=\"font-weight: 400;\">Vai ser uma explos\u00e3o, por isso vem pronto para dan\u00e7ar!<\/span><\/p>\n<p><span style=\"font-weight: 400;\">Oferecemos uma variedade de jogos que certamente te manter\u00e3o entretido durante toda a noite.  <\/span><\/p>\n<p><span style=\"font-weight: 400;\">Temos uma grande sele\u00e7\u00e3o de refrigerantes e doces. Tamb\u00e9m podes trazer os teus pr\u00f3prios snacks, se quiseres.   <\/span><\/p>\n<p><span style=\"font-weight: 400;\">Acreditamos que uma festa de adolescentes deve ser uma celebra\u00e7\u00e3o da juventude. Queremos criar um ambiente onde te possas sentir confort\u00e1vel e confiante, por isso cri\u00e1mos um evento que ser\u00e1 certamente inesquec\u00edvel. <\/span><\/p>\n<p><span style=\"font-weight: 400;\">Queremos que te divirtas e, por isso, certificamo-nos de que est\u00e1s sempre a divertir-te.  <\/span><\/p>\n<p><span style=\"font-weight: 400;\">Se desejas obter mais informa\u00e7\u00f5es sobre as nossas festas boom em Antibes, n\u00e3o hesites em contactar-nos!<\/span><\/p>\n<p>&nbsp;<\/p>\n<h3><b>Porque deves ir a uma das nossas festas boom em Antibes?<\/b><\/h3>\n<p><span style=\"font-weight: 400;\">Deves ir a uma das nossas festas para adolescentes em Antibes porque \u00e9 a maneira perfeita de te relacionares com outros adolescentes e fazeres novos amigos. N\u00e3o te esque\u00e7as dos jogos divertidos que vamos jogar. Ser\u00e1 uma noite inesquec\u00edvel que n\u00e3o vais querer perder!  <\/span><\/p>\n<p><span style=\"font-weight: 400;\">Se queres dar ao teu filho uma experi\u00eancia memor\u00e1vel, ent\u00e3o uma festa para adolescentes em Antibes \u00e9 exatamente o que precisas. Os nossos organizadores de festas far\u00e3o com que o teu filho tenha um dia inesquec\u00edvel, cheio de actividades divertidas. <\/span><\/p>\n<p><span style=\"font-weight: 400;\">Podes ter a certeza de que trataremos de tudo por ti, para que n\u00e3o tenhas de te preocupar com nada no grande dia. N\u00f3s tratamos de todo o planeamento para que te possas concentrar em divertir-te com os teus amigos. <\/span><\/p>\n<p><span style=\"font-weight: 400;\">Podes dan\u00e7ar toda a noite nas nossas festas, porque tocamos m\u00fasica que tu adoras!<\/span><\/p>\n<p><span style=\"font-weight: 400;\">Temos um espet\u00e1culo de luzes fant\u00e1stico e um sistema de som profissional que te vai deixar sem f\u00f4lego!<\/span><\/p>\n<p><span style=\"font-weight: 400;\">O nosso pessoal \u00e9 muito simp\u00e1tico e prest\u00e1vel. Se precisares de alguma coisa, basta pedires e n\u00f3s estaremos l\u00e1 para te ajudar! <\/span><\/p>\n<p>&nbsp;<\/p>\n<h3><b>Informa\u00e7\u00f5es importantes que deves saber antes de ires \u00e0 nossa festa boom em Antibes<\/b><\/h3>\n<p><span style=\"font-weight: 400;\">O nosso espa\u00e7o privado para festas boom est\u00e1 situado no cora\u00e7\u00e3o de Antibes, Fran\u00e7a. Os convidados podem chegar a qualquer momento entre as 17h00 e as 17h30 para se prepararem para as suas sess\u00f5es fotogr\u00e1ficas e actividades divertidas. O nosso pessoal est\u00e1 \u00e0 tua disposi\u00e7\u00e3o para te ajudar com qualquer d\u00favida ou preocupa\u00e7\u00e3o que possas ter.  <\/span><\/p>\n<p><span style=\"font-weight: 400;\">A idade m\u00ednima para este evento \u00e9 de 12 anos. N\u00e3o podemos permitir que ningu\u00e9m com mais de 18 anos participe no nosso evento! <\/span><\/p>\n<p><span style=\"font-weight: 400;\">\u00c9 necess\u00e1rio que um dos pais ou um tutor assine o teu formul\u00e1rio de autoriza\u00e7\u00e3o no dia do evento. A festa n\u00e3o come\u00e7ar\u00e1 at\u00e9 que os formul\u00e1rios de autoriza\u00e7\u00e3o tenham sido assinados por um dos pais ou tutor. Aceitamos reservas de grupos de escolas, clubes ou outras organiza\u00e7\u00f5es.  <\/span><\/p>\n<p><span style=\"font-weight: 400;\">Todos os membros devem usar a sua pulseira em todos os momentos para fins de identifica\u00e7\u00e3o e para entrar no recinto. Poder\u00e1 ser-te pedido que mostres a tua pulseira ao entrar\/sair do recinto em qualquer altura do evento. <\/span>[\/vc_column_text][\/vc_column_inner][\/vc_row_inner][vc_empty_space height=&#8221;75&#8243;][vc_btn title=&#8221;Come\u00e7a a planear o teu evento agora!&#8221; color=&#8221;juicy-pink&#8221; align=&#8221;center&#8221; button_block=&#8221;true&#8221; link=&#8221;url:https%3A%2F%2Frivierabarcrawltours.com%2Fpt-pt%2Ffale-conosco%2F|title:Fale%20conosco%21|target:_blank|&#8221; css=&#8221;.vc_custom_1667912697255{background-color: #e11e26 !important;background-position: 0 0 !important;background-repeat: no-repeat !important;}&#8221;][\/vc_column][\/vc_row][vc_row][vc_column width=&#8221;1\/2&#8243;]\n<div class=\"wpcf7 no-js\" id=\"wpcf7-f62606-o1\" lang=\"en-US\" dir=\"ltr\" data-wpcf7-id=\"62606\">\n<div class=\"screen-reader-response\"><p role=\"status\" aria-live=\"polite\" aria-atomic=\"true\"><\/p> <ul><\/ul><\/div>\n<form action=\"\/pt-pt\/wp-json\/wp\/v2\/pages\/124027#wpcf7-f62606-o1\" method=\"post\" class=\"wpcf7-form init\" aria-label=\"Formul\u00e1rio de contacto\" novalidate=\"novalidate\" data-status=\"init\">\n<fieldset class=\"hidden-fields-container\"><input type=\"hidden\" name=\"_wpcf7\" value=\"62606\" \/><input type=\"hidden\" name=\"_wpcf7_version\" value=\"6.1.5\" \/><input type=\"hidden\" name=\"_wpcf7_locale\" value=\"en_US\" \/><input type=\"hidden\" name=\"_wpcf7_unit_tag\" value=\"wpcf7-f62606-o1\" \/><input type=\"hidden\" name=\"_wpcf7_container_post\" value=\"0\" \/><input type=\"hidden\" name=\"_wpcf7_posted_data_hash\" value=\"\" \/><input type=\"hidden\" name=\"_wpcf7_recaptcha_response\" value=\"\" \/>\n<\/fieldset>\n<div class=\"st-contact-form\">\n\t<div class=\"contact-header\">\n\t\t<h3>We'd love to hear from you\n\t\t<\/h3>\n\t\t<p>Send us a message and we'll respond as soon as possible\n\t\t<\/p>\n\t<\/div>\n\t<div class=\"contact-form\">\n\t\t<div class=\"form-group\">\n\t\t\t<p><span class=\"wpcf7-form-control-wrap\" data-name=\"your-name\"><input size=\"40\" maxlength=\"400\" class=\"wpcf7-form-control wpcf7-text wpcf7-validates-as-required form-control\" aria-required=\"true\" aria-invalid=\"false\" placeholder=\"Name\" value=\"\" type=\"text\" name=\"your-name\" \/><\/span>\n\t\t\t<\/p>\n\t\t<\/div>\n\t\t<div class=\"form-group\">\n\t\t\t<p><span class=\"wpcf7-form-control-wrap\" data-name=\"your-email\"><input size=\"40\" maxlength=\"400\" class=\"wpcf7-form-control wpcf7-email wpcf7-validates-as-required wpcf7-text wpcf7-validates-as-email form-control\" aria-required=\"true\" aria-invalid=\"false\" placeholder=\"Email\" value=\"\" type=\"email\" name=\"your-email\" \/><\/span>\n\t\t\t<\/p>\n\t\t<\/div>\n\t\t<div class=\"form-group\">\n\t\t\t<p><span class=\"wpcf7-form-control-wrap\" data-name=\"your-message\"><textarea cols=\"40\" rows=\"10\" maxlength=\"2000\" class=\"wpcf7-form-control wpcf7-textarea form-control\" aria-invalid=\"false\" placeholder=\"Message\" name=\"your-message\"><\/textarea><\/span>\n\t\t\t<\/p>\n\t\t<\/div>\n\t<span class=\"wpcf7-form-control-wrap recaptcha\" data-name=\"recaptcha\"><span data-sitekey=\"6LdJz1AaAAAAACdpzuGXVjdcRmpNNTMel9zmPCUG\" class=\"wpcf7-form-control wpcf7-recaptcha g-recaptcha\"><\/span>\r\n<noscript>\r\n\t<div class=\"grecaptcha-noscript\">\r\n\t\t<iframe loading=\"lazy\" src=\"https:\/\/www.google.com\/recaptcha\/api\/fallback?k=6LdJz1AaAAAAACdpzuGXVjdcRmpNNTMel9zmPCUG\" frameborder=\"0\" scrolling=\"no\" width=\"310\" height=\"430\">\r\n\t\t<\/iframe>\r\n\t\t<textarea name=\"g-recaptcha-response\" rows=\"3\" cols=\"40\" placeholder=\"reCaptcha Response Here\">\r\n\t\t<\/textarea>\r\n\t<\/div>\r\n<\/noscript>\r\n<\/span>\n\t\t<p><input class=\"wpcf7-form-control wpcf7-submit has-spinner btn btn-primary\" type=\"submit\" value=\"SEND MESSAGE\" \/>\n\t\t<\/p>\n\t<\/div>\n<\/div><p style=\"display: none !important;\" class=\"akismet-fields-container\" data-prefix=\"_wpcf7_ak_\"><label>&#916;<textarea name=\"_wpcf7_ak_hp_textarea\" cols=\"45\" rows=\"8\" maxlength=\"100\"><\/textarea><\/label><input type=\"hidden\" id=\"ak_js_1\" name=\"_wpcf7_ak_js\" value=\"11\"\/><script>document.getElementById( \"ak_js_1\" ).setAttribute( \"value\", ( new Date() ).getTime() );<\/script><\/p><div class=\"wpcf7-response-output\" aria-hidden=\"true\"><\/div>\n<\/form>\n<\/div>\n[vc_empty_space height=&#8221;25px&#8221;][\/vc_column][vc_column width=&#8221;1\/2&#8243;][\/vc_column][\/vc_row]<\/p>\n<\/div>","protected":false},"excerpt":{"rendered":"<p>[vc_row el_class=&#8221;city-tours-custom&#8221; css=&#8221;.vc_custom_1624697331275{margin-top: 40px !important;margin-bottom: 20px !important;}&#8221;][vc_column][vc_column_text] O teu pr\u00f3ximo evento [\/vc_column_text][vc_separator color=&#8221;custom&#8221; css=&#8221;.vc_custom_1667912336027{background-color: #e11e26 !important;}&#8221;][vc_btn title=&#8221;Come\u00e7a a planear o teu evento agora!&#8221; color=&#8221;juicy-pink&#8221; align=&#8221;center&#8221; button_block=&#8221;true&#8221; link=&#8221;url:https%3A%2F%2Fdocs.google.com%2Fforms%2Fd%2F1HuEfKbEAhdsDI5S_LHigp8pVe4yjD14dUH2zNBPfBeA%2Fprefill|title:Fale%20conosco%21|target:_blank|&#8221; css=&#8221;.vc_custom_1679515962782{background-color: #e11e26 !important;background-position: 0 0 !important;background-repeat: no-repeat !important;}&#8221;][\/vc_column][vc_column][\/vc_column][\/vc_row][vc_row][vc_column][vc_row_inner][vc_column_inner][vc_column_text] O que \u00e9 uma festa boom e quem pode participar nela? Uma boom party \u00e9 um tipo de reuni\u00e3o social [&hellip;]<\/p>\n","protected":false},"author":2,"featured_media":106217,"parent":0,"menu_order":0,"comment_status":"closed","ping_status":"closed","template":"template-home-modern.php","meta":{"_acf_changed":false,"footnotes":""},"class_list":["post-124027","page","type-page","status-publish","has-post-thumbnail","hentry"],"acf":[],"yoast_head":"<!-- This site is optimized with the Yoast SEO plugin v27.3 - https:\/\/yoast.com\/product\/yoast-seo-wordpress\/ -->\n<title>Festa Boom em Antibes, Fran\u00e7a | Riviera Bar Crawl Tours<\/title>\n<meta name=\"description\" content=\"Organizamos as melhores festas para adolescentes em Antibes, Fran\u00e7a. DJ I Pista de dan\u00e7a I Refrigerantes I Candy Bar I Festas seguras est\u00e3o \u00e0 espera dos teus adolescentes\" \/>\n<meta name=\"robots\" content=\"index, follow, max-snippet:-1, max-image-preview:large, max-video-preview:-1\" \/>\n<link rel=\"canonical\" href=\"https:\/\/rivierabarcrawltours.com\/pt-pt\/festa-boom-em-antibes\/\" \/>\n<meta property=\"og:locale\" content=\"pt_PT\" \/>\n<meta property=\"og:type\" content=\"article\" \/>\n<meta property=\"og:title\" content=\"Festa Boom em Antibes, Fran\u00e7a | Riviera Bar Crawl Tours\" \/>\n<meta property=\"og:description\" content=\"Organizamos as melhores festas para adolescentes em Antibes, Fran\u00e7a. DJ I Pista de dan\u00e7a I Refrigerantes I Candy Bar I Festas seguras est\u00e3o \u00e0 espera dos teus adolescentes\" \/>\n<meta property=\"og:url\" content=\"https:\/\/rivierabarcrawltours.com\/pt-pt\/festa-boom-em-antibes\/\" \/>\n<meta property=\"og:site_name\" content=\"Riviera Bar Crawl Tours\" \/>\n<meta property=\"article:publisher\" content=\"https:\/\/www.facebook.com\/RivieraBarCrawltours\/\" \/>\n<meta property=\"article:modified_time\" content=\"2026-02-11T11:47:06+00:00\" \/>\n<meta property=\"og:image\" content=\"https:\/\/rivierabarcrawltours.com\/wp-content\/uploads\/2023\/03\/boom-party-teen-Antibes.jpeg\" \/>\n\t<meta property=\"og:image:width\" content=\"1920\" \/>\n\t<meta property=\"og:image:height\" content=\"1080\" \/>\n\t<meta property=\"og:image:type\" content=\"image\/jpeg\" \/>\n<meta name=\"twitter:card\" content=\"summary_large_image\" \/>\n<meta name=\"twitter:site\" content=\"@rivierabarcrawl\" \/>\n<meta name=\"twitter:label1\" content=\"Tempo estimado de leitura\" \/>\n\t<meta name=\"twitter:data1\" content=\"5 minutes\" \/>\n<!-- \/ Yoast SEO plugin. -->","yoast_head_json":{"title":"Festa Boom em Antibes, Fran\u00e7a | Riviera Bar Crawl Tours","description":"Organizamos as melhores festas para adolescentes em Antibes, Fran\u00e7a. DJ I Pista de dan\u00e7a I Refrigerantes I Candy Bar I Festas seguras est\u00e3o \u00e0 espera dos teus adolescentes","robots":{"index":"index","follow":"follow","max-snippet":"max-snippet:-1","max-image-preview":"max-image-preview:large","max-video-preview":"max-video-preview:-1"},"canonical":"https:\/\/rivierabarcrawltours.com\/pt-pt\/festa-boom-em-antibes\/","og_locale":"pt_PT","og_type":"article","og_title":"Festa Boom em Antibes, Fran\u00e7a | Riviera Bar Crawl Tours","og_description":"Organizamos as melhores festas para adolescentes em Antibes, Fran\u00e7a. DJ I Pista de dan\u00e7a I Refrigerantes I Candy Bar I Festas seguras est\u00e3o \u00e0 espera dos teus adolescentes","og_url":"https:\/\/rivierabarcrawltours.com\/pt-pt\/festa-boom-em-antibes\/","og_site_name":"Riviera Bar Crawl Tours","article_publisher":"https:\/\/www.facebook.com\/RivieraBarCrawltours\/","article_modified_time":"2026-02-11T11:47:06+00:00","og_image":[{"width":1920,"height":1080,"url":"https:\/\/rivierabarcrawltours.com\/wp-content\/uploads\/2023\/03\/boom-party-teen-Antibes.jpeg","type":"image\/jpeg"}],"twitter_card":"summary_large_image","twitter_site":"@rivierabarcrawl","twitter_misc":{"Tempo estimado de leitura":"5 minutes"},"schema":{"@context":"https:\/\/schema.org","@graph":[{"@type":"WebPage","@id":"https:\/\/rivierabarcrawltours.com\/pt-pt\/festa-boom-em-antibes\/","url":"https:\/\/rivierabarcrawltours.com\/pt-pt\/festa-boom-em-antibes\/","name":"Festa Boom em Antibes, Fran\u00e7a | Riviera Bar Crawl Tours","isPartOf":{"@id":"https:\/\/rivierabarcrawltours.com\/#website"},"primaryImageOfPage":{"@id":"https:\/\/rivierabarcrawltours.com\/pt-pt\/festa-boom-em-antibes\/#primaryimage"},"image":{"@id":"https:\/\/rivierabarcrawltours.com\/pt-pt\/festa-boom-em-antibes\/#primaryimage"},"thumbnailUrl":"https:\/\/rivierabarcrawltours.com\/wp-content\/uploads\/2023\/03\/boom-party-teen-Antibes.jpeg","datePublished":"2026-02-11T11:47:05+00:00","dateModified":"2026-02-11T11:47:06+00:00","description":"Organizamos as melhores festas para adolescentes em Antibes, Fran\u00e7a. DJ I Pista de dan\u00e7a I Refrigerantes I Candy Bar I Festas seguras est\u00e3o \u00e0 espera dos teus adolescentes","breadcrumb":{"@id":"https:\/\/rivierabarcrawltours.com\/pt-pt\/festa-boom-em-antibes\/#breadcrumb"},"inLanguage":"pt-PT","potentialAction":[{"@type":"ReadAction","target":["https:\/\/rivierabarcrawltours.com\/pt-pt\/festa-boom-em-antibes\/"]}]},{"@type":"ImageObject","inLanguage":"pt-PT","@id":"https:\/\/rivierabarcrawltours.com\/pt-pt\/festa-boom-em-antibes\/#primaryimage","url":"https:\/\/rivierabarcrawltours.com\/wp-content\/uploads\/2023\/03\/boom-party-teen-Antibes.jpeg","contentUrl":"https:\/\/rivierabarcrawltours.com\/wp-content\/uploads\/2023\/03\/boom-party-teen-Antibes.jpeg","width":1920,"height":1080,"caption":"Jovem DJ de p\u00e9 junto ao gira-discos enquanto uma multid\u00e3o de adolescentes dan\u00e7a ao teu lado"},{"@type":"BreadcrumbList","@id":"https:\/\/rivierabarcrawltours.com\/pt-pt\/festa-boom-em-antibes\/#breadcrumb","itemListElement":[{"@type":"ListItem","position":1,"name":"Home","item":"https:\/\/rivierabarcrawltours.com\/pt-pt\/"},{"@type":"ListItem","position":2,"name":"Festa Boom em Antibes"}]},{"@type":"WebSite","@id":"https:\/\/rivierabarcrawltours.com\/#website","url":"https:\/\/rivierabarcrawltours.com\/","name":"Riviera Bar Crawl Tours","description":"Fun Day &amp; Night Experiences I Tour operator I Guided Tours I Bar Crawls I Food Tours I","publisher":{"@id":"https:\/\/rivierabarcrawltours.com\/#organization"},"potentialAction":[{"@type":"SearchAction","target":{"@type":"EntryPoint","urlTemplate":"https:\/\/rivierabarcrawltours.com\/?s={search_term_string}"},"query-input":{"@type":"PropertyValueSpecification","valueRequired":true,"valueName":"search_term_string"}}],"inLanguage":"pt-PT"},{"@type":"Organization","@id":"https:\/\/rivierabarcrawltours.com\/#organization","name":"Riviera Bar Crawl Tours","url":"https:\/\/rivierabarcrawltours.com\/","logo":{"@type":"ImageObject","inLanguage":"pt-PT","@id":"https:\/\/rivierabarcrawltours.com\/#\/schema\/logo\/image\/","url":"https:\/\/rivierabarcrawltours.com\/wp-content\/uploads\/2019\/07\/logo.png","contentUrl":"https:\/\/rivierabarcrawltours.com\/wp-content\/uploads\/2019\/07\/logo.png","width":479,"height":453,"caption":"Riviera Bar Crawl Tours"},"image":{"@id":"https:\/\/rivierabarcrawltours.com\/#\/schema\/logo\/image\/"},"sameAs":["https:\/\/www.facebook.com\/RivieraBarCrawltours\/","https:\/\/x.com\/rivierabarcrawl"]}]}},"_links":{"self":[{"href":"https:\/\/rivierabarcrawltours.com\/pt-pt\/wp-json\/wp\/v2\/pages\/124027","targetHints":{"allow":["GET"]}}],"collection":[{"href":"https:\/\/rivierabarcrawltours.com\/pt-pt\/wp-json\/wp\/v2\/pages"}],"about":[{"href":"https:\/\/rivierabarcrawltours.com\/pt-pt\/wp-json\/wp\/v2\/types\/page"}],"author":[{"embeddable":true,"href":"https:\/\/rivierabarcrawltours.com\/pt-pt\/wp-json\/wp\/v2\/users\/2"}],"replies":[{"embeddable":true,"href":"https:\/\/rivierabarcrawltours.com\/pt-pt\/wp-json\/wp\/v2\/comments?post=124027"}],"version-history":[{"count":2,"href":"https:\/\/rivierabarcrawltours.com\/pt-pt\/wp-json\/wp\/v2\/pages\/124027\/revisions"}],"predecessor-version":[{"id":124029,"href":"https:\/\/rivierabarcrawltours.com\/pt-pt\/wp-json\/wp\/v2\/pages\/124027\/revisions\/124029"}],"wp:featuredmedia":[{"embeddable":true,"href":"https:\/\/rivierabarcrawltours.com\/pt-pt\/wp-json\/wp\/v2\/media\/106217"}],"wp:attachment":[{"href":"https:\/\/rivierabarcrawltours.com\/pt-pt\/wp-json\/wp\/v2\/media?parent=124027"}],"curies":[{"name":"wp","href":"https:\/\/api.w.org\/{rel}","templated":true}]}}