{"id":124000,"date":"2026-02-11T12:38:04","date_gmt":"2026-02-11T11:38:04","guid":{"rendered":"https:\/\/rivierabarcrawltours.com\/festa-de-despedida-de-solteira-em-cannes-franca\/"},"modified":"2026-02-11T12:43:25","modified_gmt":"2026-02-11T11:43:25","slug":"festa-de-despedida-de-solteira-em-cannes-franca","status":"publish","type":"page","link":"https:\/\/rivierabarcrawltours.com\/pt-pt\/festa-de-despedida-de-solteira-em-cannes-franca\/","title":{"rendered":"Festa de despedida de solteira em Cannes, Fran\u00e7a"},"content":{"rendered":"<div class=\"wpb-content-wrapper\"><p>[vc_row el_class=&#8221;city-tours-custom&#8221; css=&#8221;.vc_custom_1624697331275{margin-top: 40px !important;margin-bottom: 20px !important;}&#8221;][vc_column][vc_column_text]<\/p>\n<h2>O teu pr\u00f3ximo evento<\/h2>\n<p>[\/vc_column_text]<div class='list_tours'>   <div class=\"concept-listings owl-carousel owl-theme\">\n          <div class=\"style_box\">\n           <div class=\"feature_class st_featured featured\">Featured<\/div>           <div class=\"thumb\">\n               <header class=\"thumb-header st_avatar_fix\">\n                                      <a href=\"https:\/\/rivierabarcrawltours.com\/pt-pt\/tour\/riviera-bar-crawl-cannes\/\" class=\"hover-img\">\n                       <img decoding=\"async\" width=\"260\" height=\"190\" src=\"https:\/\/rivierabarcrawltours.com\/wp-content\/uploads\/2021\/01\/cannes-pub-crawl-260x190.jpg\" class=\"attachment-260x190x1 size-260x190x1 wp-post-image\" alt=\"cannes pub crawl\" \/>                       <h5 class=\"hover-title hover-hold text-center\">\n                           Passeio de bar privado na Riviera Cannes                       <\/h5>\n                   <\/a>\n                                  <\/header>\n           <\/div>\n       <\/div>\n   <\/div>\n\n    \n<script type=\"text\/javascript\">\n$(document).ready(function() {\n       $(\".concept-listings\").owlCarousel({\n        margin:20,\n                dots:true,\n        responsiveClass:true,\n        responsive:{\n            0:{\n                items:1,\n                nav:false\n            },\n            600:{\n                items:3,\n                nav:false\n            },\n            1000:{\n                items:4,\n                nav:true\n            }\n        }\n       });\n}); \n\n<\/script>\n\n<style type=\"text\/css\">\n.concept-listings .owl-stage {\n    display: -webkit-box !important;\n    display: -moz-box !important;\n    display: -ms-box !important;\n    display: box !important;\n}\n.concept-listings .owl-dots {\n    margin-top: 10px;\n    text-align: center;\n}\n.concept-listings .owl-dots .owl-dot {\n    display: inline-block;\n    background: 0 0;\n    color: inherit;\n    border: none;\n    padding: 0 !important;\n}\n.concept-listings .owl-dots .owl-dot.active span {\n    background: var(--link-color, #5191FA);\n}\n.concept-listings .owl-dots .owl-dot span {\n    width: 10px;\n    height: 10px;\n    margin: 5px 7px;\n    background: var(--light-grey-color, #EAEEF3);\n    display: block;\n    transition: opacity 0.2s ease;\n    border-radius: 30px;\n}\n.city-tours-custom .feature_class{\n  left: 0 !important;\n}\n.concept-listings .owl-nav {\n    position: absolute;\n    height: 100%;\n    top: 0;\n    width: 100%;\n    z-index: -1;\n}\n.concept-listings .owl-nav button {\n    position: absolute;\n    top: 50%;\n    margin-top: -18px;\n}\n.concept-listings .owl-nav button.owl-next {\n    right: -66px;\n}\n.concept-listings .owl-nav button.owl-prev {\n    left: -66px;\n}\n.concept-listings .owl-nav button.owl-next span {\n    width: 36px;\n    height: 36px;\n    display: block;\n    background: url(https:\/\/rivierabarcrawltours.com\/wp-content\/uploads\/2021\/06\/arrow-right.png) center center no-repeat;\n    background-size: 100% auto;\n    color: transparent;\n}\n.concept-listings .owl-nav button.owl-prev span {\n    width: 36px;\n    height: 36px;\n    display: block;\n    background: url(https:\/\/rivierabarcrawltours.com\/wp-content\/uploads\/2021\/02\/arrow-left.png) center center no-repeat;\n    background-size: 100% auto;\n    color: transparent;\n}\n\n.city-tours-custom .thumb{\n    border: none !important;\n}\n<\/style><\/div>[vc_separator color=&#8221;custom&#8221; css=&#8221;.vc_custom_1667912336027{background-color: #e11e26 !important;}&#8221;][vc_btn title=&#8221;Come\u00e7a a planear o teu evento agora!&#8221; color=&#8221;juicy-pink&#8221; align=&#8221;center&#8221; button_block=&#8221;true&#8221; link=&#8221;url:https%3A%2F%2Fdocs.google.com%2Fforms%2Fd%2F1HuEfKbEAhdsDI5S_LHigp8pVe4yjD14dUH2zNBPfBeA%2Fprefill|title:Fale%20conosco%21|target:_blank|&#8221; css=&#8221;.vc_custom_1679503172154{background-color: #e11e26 !important;background-position: 0 0 !important;background-repeat: no-repeat !important;}&#8221;][\/vc_column][vc_column][\/vc_column][\/vc_row][vc_row][vc_column][vc_row_inner][vc_column_inner][vc_column_text]<\/p>\n<h2><strong>Organiza a tua despedida de solteira em Cannes, na Riviera Francesa!<\/strong><\/h2>\n<p><span style=\"font-weight: 400;\">A Riviera Francesa, tamb\u00e9m conhecida como C\u00f4te d&#8217;Azur, \u00e9 uma das est\u00e2ncias balneares mais famosas do mundo. Muitas celebridades constru\u00edram aqui as suas mans\u00f5es e visitam-na todos os anos. <\/span><\/p>\n<p><span style=\"font-weight: 400;\">Cannes \u00e9 o destino mais luxuoso da Riviera Francesa. Uma festa de despedida de solteira \u00e9 a forma perfeita de come\u00e7ares uma noite inesquec\u00edvel em Cannes. Se est\u00e1s \u00e0 procura de centenas de ideias para organizar a tua despedida de solteira, vieste ao s\u00edtio certo. Noites selvagens, muita divers\u00e3o e champanhe por todo o lado podem fazer parte da tua celebra\u00e7\u00e3o especial.     <\/span><\/p>\n<p>&nbsp;<\/p>\n<h3>4 raz\u00f5es pelas quais deves visitar Cannes durante a tua despedida de solteiro<\/h3>\n<ul>\n<li style=\"font-weight: 400;\" aria-level=\"1\"><span style=\"font-weight: 400;\">Cannes tem a reputa\u00e7\u00e3o de ser um dos destinos mais brilhantes e glamorosos do mundo. Evoca imagens dos ricos e famosos a passear na praia ou a provar a requintada cozinha de 5 estrelas. Embora essas festas tenham o seu lugar, h\u00e1 muito mais do que isso nesta cidade do Sul de Fran\u00e7a. Desde praias secretas e ca\u00e7a \u00e0s celebridades a luxuosas festas em iates e cozinha internacional, Cannes ir\u00e1 sempre surpreender-te com a riqueza das suas actividades.   <\/span><\/li>\n<li style=\"font-weight: 400;\" aria-level=\"1\"><span style=\"font-weight: 400;\">Fica perto do aeroporto de Nice: se escolheres Cannes como destino, podes facilmente voar para l\u00e1 a partir de Londres, Paris ou Amesterd\u00e3o (com a easyJet). Isto significa que chegar l\u00e1 n\u00e3o ser\u00e1 um problema! <\/span><\/li>\n<li style=\"font-weight: 400;\" aria-level=\"1\"><span style=\"font-weight: 400;\">O tempo \u00e9 \u00f3timo! A cidade tem uma temperatura m\u00e9dia de 20 graus Celsius durante todo o ano, o que significa que, mesmo que por vezes chova, isso n\u00e3o ser\u00e1 um problema, desde que tenhas roupa quente contigo. <\/span><\/li>\n<li style=\"font-weight: 400;\" aria-level=\"1\"><span style=\"font-weight: 400;\">As compras!  <\/span>Cannes atrai turistas desde o s\u00e9culo XIX, quando se tornou uma est\u00e2ncia de inverno para os aristocratas e a realeza. Hoje em dia, a zona continua a ser popular entre os turistas ricos. <\/li>\n<\/ul>\n<p>&nbsp;<\/p>\n<h3><b>O que deves saber antes de planear uma despedida de solteiro em Cannes<\/b><\/h3>\n<p><span style=\"font-weight: 400;\">H\u00e1 muitas coisas que deves saber antes de planear uma despedida de solteira em Cannes. A coisa mais importante \u00e9 certificares-te de que tens tempo suficiente para desfrutar da cidade e dos teus amigos. <\/span><\/p>\n<p><span style=\"font-weight: 400;\">O tempo pode ser imprevis\u00edvel, por isso \u00e9 melhor levares roupa que possa ser usada em camadas. Tamb\u00e9m vais precisar de um imperme\u00e1vel ou de um guarda-chuva se houver previs\u00e3o de chuva. <\/span><\/p>\n<p><span style=\"font-weight: 400;\">Se quiseres ir apanhar sol, leva protetor solar e \u00f3culos de sol. N\u00e3o te esque\u00e7as da tua m\u00e1quina fotogr\u00e1fica para que possas captar todas as recorda\u00e7\u00f5es da tua viagem <\/span><\/p>\n<p><span style=\"font-weight: 400;\">As galinhas que procuram mais do que apenas umas f\u00e9rias na praia devem considerar reservar uma das nossas moradias de luxo em Cannes. Desta forma, poder\u00e1s relaxar no teu pr\u00f3prio terra\u00e7o privado enquanto desfrutas de vistas deslumbrantes sobre o mar ou as montanhas. <\/span><\/p>\n<p>&nbsp;<\/p>\n<h3><b>Ideias para uma despedida de solteira em Cannes  <\/b><\/h3>\n<p><span style=\"font-weight: 400;\">Quer estejas a planear um fim de semana fora ou apenas uma viagem de um dia, h\u00e1 muitas coisas para fazer em Cannes para uma despedida de solteira:<\/span><\/p>\n<ul>\n<li><span style=\"font-weight: 400;\">Participa numa prova de vinhos na Riviera Francesa<\/span><\/li>\n<li><a href=\"https:\/\/rivierabarcrawltours.com\/pt-pt\/tour\/os-sabores-da-volta-alimentar-de-cannes\/\">Participa num tour gastron\u00f3mico por Cannes<\/a><\/li>\n<li>Desfruta de uma terapia de retalho<\/li>\n<li><a href=\"https:\/\/rivierabarcrawltours.com\/tour\/cocktail-workshop-nice-french-riviera\/\">Participa numa aula de cocktailaria em Nice<\/a><\/li>\n<li><a href=\"https:\/\/rivierabarcrawltours.com\/pt-pt\/tour\/riviera-bar-crawl-cannes\/\">Participa no ic\u00f3nico bar crawl de Cannes<\/a><\/li>\n<li><a href=\"https:\/\/rivierabarcrawltours.com\/pt-pt\/tour\/passeios-de-barco-privados-a-partir-de-cannes\/\">Faz um passeio de barco \u00e0s ilhas Esterel e Lerins<\/a><\/li>\n<li><a href=\"https:\/\/rivierabarcrawltours.com\/tour\/private-tours-in-cannes-france\/\">Reserva um passeio a p\u00e9 privado em Cannes<\/a><\/li>\n<li>Participa num jogo de fuga ao ar livre<\/li>\n<li><a href=\"https:\/\/rivierabarcrawltours.com\/pt-pt\/tour\/visitas-turisticas-cannes-antibes-st-paul-de-vence\/\">Faz um passeio tur\u00edstico em Cannes, Antibes e nas aldeias vizinhas<\/a><\/li>\n<li>Reserva um <a href=\"https:\/\/frenchrivieraparties.com\/male-strippers-french-riviera\/\">espet\u00e1culo de striptease masculino<\/a> ou um <a href=\"https:\/\/frenchrivieraparties.com\/female-strippers-french-riviera\/\">espet\u00e1culo de striptease feminino<\/a><\/li>\n<li>Reserva uma piscina privada ou uma praia privada em La Croisette<\/li>\n<li><a href=\"https:\/\/rivierabarcrawltours.com\/pt-pt\/tour\/limousine-party-nice\/\">Reserva um passeio de limusina privado em Cannes<\/a><\/li>\n<li>Visita a <a href=\"https:\/\/rivierabarcrawltours.com\/pt-pt\/tour\/visita-turistica-a-saint-tropez-port-grimaud\/\">prestigiada est\u00e2ncia tur\u00edstica de Saint Tropez e Port Grimaud<\/a> durante um passeio tur\u00edstico<\/li>\n<\/ul>\n<p><span style=\"font-weight: 400;\">Riviera Bar Crawl Tours oferece aos seus clientes uma vasta sele\u00e7\u00e3o de pacotes de celebra\u00e7\u00e3o em Cannes. Somos especialistas em passeios diurnos e noturnos em Cannes desde a nossa cria\u00e7\u00e3o. Entra em contacto com um dos nossos organizadores de eventos para come\u00e7ares a desfrutar com as tuas amigas de uma ideia original para a tua pr\u00f3xima despedida de solteira!  <\/span><\/p>\n<p><a href=\"https:\/\/rivierabarcrawltours.com\/pt-pt\/fale-conosco\/\"><strong>Contacta-nos:<\/strong><\/a><\/p>\n<p><span style=\"font-weight: 400;\">Para reservas e pedidos de informa\u00e7\u00e3o, n\u00e3o hesites em contactar-nos atrav\u00e9s do nosso e-mail: info@rivierabarcrawltours.com.<\/span>[\/vc_column_text][\/vc_column_inner][\/vc_row_inner][vc_empty_space height=&#8221;75&#8243;][vc_btn title=&#8221;Come\u00e7a a planear o teu evento agora!&#8221; color=&#8221;juicy-pink&#8221; align=&#8221;center&#8221; button_block=&#8221;true&#8221; link=&#8221;url:https%3A%2F%2Frivierabarcrawltours.com%2Fpt-pt%2Ffale-conosco%2F|title:Fale%20conosco%21|target:_blank|&#8221; css=&#8221;.vc_custom_1667912697255{background-color: #e11e26 !important;background-position: 0 0 !important;background-repeat: no-repeat !important;}&#8221;][\/vc_column][\/vc_row][vc_row][vc_column width=&#8221;1\/2&#8243;]\n<div class=\"wpcf7 no-js\" id=\"wpcf7-f62606-o1\" lang=\"en-US\" dir=\"ltr\" data-wpcf7-id=\"62606\">\n<div class=\"screen-reader-response\"><p role=\"status\" aria-live=\"polite\" aria-atomic=\"true\"><\/p> <ul><\/ul><\/div>\n<form action=\"\/pt-pt\/wp-json\/wp\/v2\/pages\/124000#wpcf7-f62606-o1\" method=\"post\" class=\"wpcf7-form init\" aria-label=\"Formul\u00e1rio de contacto\" novalidate=\"novalidate\" data-status=\"init\">\n<fieldset class=\"hidden-fields-container\"><input type=\"hidden\" name=\"_wpcf7\" value=\"62606\" \/><input type=\"hidden\" name=\"_wpcf7_version\" value=\"6.1.5\" \/><input type=\"hidden\" name=\"_wpcf7_locale\" value=\"en_US\" \/><input type=\"hidden\" name=\"_wpcf7_unit_tag\" value=\"wpcf7-f62606-o1\" \/><input type=\"hidden\" name=\"_wpcf7_container_post\" value=\"0\" \/><input type=\"hidden\" name=\"_wpcf7_posted_data_hash\" value=\"\" \/><input type=\"hidden\" name=\"_wpcf7_recaptcha_response\" value=\"\" \/>\n<\/fieldset>\n<div class=\"st-contact-form\">\n\t<div class=\"contact-header\">\n\t\t<h3>We'd love to hear from you\n\t\t<\/h3>\n\t\t<p>Send us a message and we'll respond as soon as possible\n\t\t<\/p>\n\t<\/div>\n\t<div class=\"contact-form\">\n\t\t<div class=\"form-group\">\n\t\t\t<p><span class=\"wpcf7-form-control-wrap\" data-name=\"your-name\"><input size=\"40\" maxlength=\"400\" class=\"wpcf7-form-control wpcf7-text wpcf7-validates-as-required form-control\" aria-required=\"true\" aria-invalid=\"false\" placeholder=\"Name\" value=\"\" type=\"text\" name=\"your-name\" \/><\/span>\n\t\t\t<\/p>\n\t\t<\/div>\n\t\t<div class=\"form-group\">\n\t\t\t<p><span class=\"wpcf7-form-control-wrap\" data-name=\"your-email\"><input size=\"40\" maxlength=\"400\" class=\"wpcf7-form-control wpcf7-email wpcf7-validates-as-required wpcf7-text wpcf7-validates-as-email form-control\" aria-required=\"true\" aria-invalid=\"false\" placeholder=\"Email\" value=\"\" type=\"email\" name=\"your-email\" \/><\/span>\n\t\t\t<\/p>\n\t\t<\/div>\n\t\t<div class=\"form-group\">\n\t\t\t<p><span class=\"wpcf7-form-control-wrap\" data-name=\"your-message\"><textarea cols=\"40\" rows=\"10\" maxlength=\"2000\" class=\"wpcf7-form-control wpcf7-textarea form-control\" aria-invalid=\"false\" placeholder=\"Message\" name=\"your-message\"><\/textarea><\/span>\n\t\t\t<\/p>\n\t\t<\/div>\n\t<span class=\"wpcf7-form-control-wrap recaptcha\" data-name=\"recaptcha\"><span data-sitekey=\"6LdJz1AaAAAAACdpzuGXVjdcRmpNNTMel9zmPCUG\" class=\"wpcf7-form-control wpcf7-recaptcha g-recaptcha\"><\/span>\r\n<noscript>\r\n\t<div class=\"grecaptcha-noscript\">\r\n\t\t<iframe loading=\"lazy\" src=\"https:\/\/www.google.com\/recaptcha\/api\/fallback?k=6LdJz1AaAAAAACdpzuGXVjdcRmpNNTMel9zmPCUG\" frameborder=\"0\" scrolling=\"no\" width=\"310\" height=\"430\">\r\n\t\t<\/iframe>\r\n\t\t<textarea name=\"g-recaptcha-response\" rows=\"3\" cols=\"40\" placeholder=\"reCaptcha Response Here\">\r\n\t\t<\/textarea>\r\n\t<\/div>\r\n<\/noscript>\r\n<\/span>\n\t\t<p><input class=\"wpcf7-form-control wpcf7-submit has-spinner btn btn-primary\" type=\"submit\" value=\"SEND MESSAGE\" \/>\n\t\t<\/p>\n\t<\/div>\n<\/div><p style=\"display: none !important;\" class=\"akismet-fields-container\" data-prefix=\"_wpcf7_ak_\"><label>&#916;<textarea name=\"_wpcf7_ak_hp_textarea\" cols=\"45\" rows=\"8\" maxlength=\"100\"><\/textarea><\/label><input type=\"hidden\" id=\"ak_js_1\" name=\"_wpcf7_ak_js\" value=\"37\"\/><script>document.getElementById( \"ak_js_1\" ).setAttribute( \"value\", ( new Date() ).getTime() );<\/script><\/p><div class=\"wpcf7-response-output\" aria-hidden=\"true\"><\/div>\n<\/form>\n<\/div>\n[vc_empty_space height=&#8221;25px&#8221;][\/vc_column][vc_column width=&#8221;1\/2&#8243;][\/vc_column][\/vc_row]<\/p>\n<\/div>","protected":false},"excerpt":{"rendered":"<p>[vc_row el_class=&#8221;city-tours-custom&#8221; css=&#8221;.vc_custom_1624697331275{margin-top: 40px !important;margin-bottom: 20px !important;}&#8221;][vc_column][vc_column_text] O teu pr\u00f3ximo evento [\/vc_column_text][vc_separator color=&#8221;custom&#8221; css=&#8221;.vc_custom_1667912336027{background-color: #e11e26 !important;}&#8221;][vc_btn title=&#8221;Come\u00e7a a planear o teu evento agora!&#8221; color=&#8221;juicy-pink&#8221; align=&#8221;center&#8221; button_block=&#8221;true&#8221; link=&#8221;url:https%3A%2F%2Fdocs.google.com%2Fforms%2Fd%2F1HuEfKbEAhdsDI5S_LHigp8pVe4yjD14dUH2zNBPfBeA%2Fprefill|title:Fale%20conosco%21|target:_blank|&#8221; css=&#8221;.vc_custom_1679503172154{background-color: #e11e26 !important;background-position: 0 0 !important;background-repeat: no-repeat !important;}&#8221;][\/vc_column][vc_column][\/vc_column][\/vc_row][vc_row][vc_column][vc_row_inner][vc_column_inner][vc_column_text] Organiza a tua despedida de solteira em Cannes, na Riviera Francesa! A Riviera Francesa, tamb\u00e9m conhecida como C\u00f4te d&#8217;Azur, \u00e9 [&hellip;]<\/p>\n","protected":false},"author":2,"featured_media":105102,"parent":0,"menu_order":0,"comment_status":"closed","ping_status":"closed","template":"template-home-modern.php","meta":{"_acf_changed":false,"footnotes":""},"class_list":["post-124000","page","type-page","status-publish","has-post-thumbnail","hentry"],"acf":[],"yoast_head":"<!-- This site is optimized with the Yoast SEO plugin v27.4 - https:\/\/yoast.com\/product\/yoast-seo-wordpress\/ -->\n<title>Actividades e ideias para despedidas de solteiro em Cannes, Fran\u00e7a | Riviera Bar Crawl Tours<\/title>\n<meta name=\"description\" content=\"Desde actividades aqu\u00e1ticas a entretenimento divertido como bar crawls privados e espect\u00e1culos de striptease, oferecemos ideias interessantes para agitar. Contacta-nos e apressa-te a reservar.\" \/>\n<meta name=\"robots\" content=\"index, follow, max-snippet:-1, max-image-preview:large, max-video-preview:-1\" \/>\n<link rel=\"canonical\" href=\"https:\/\/rivierabarcrawltours.com\/pt-pt\/festa-de-despedida-de-solteira-em-cannes-franca\/\" \/>\n<meta property=\"og:locale\" content=\"pt_PT\" \/>\n<meta property=\"og:type\" content=\"article\" \/>\n<meta property=\"og:title\" content=\"Actividades e ideias para despedidas de solteiro em Cannes, Fran\u00e7a | Riviera Bar Crawl Tours\" \/>\n<meta property=\"og:description\" content=\"Desde actividades aqu\u00e1ticas a entretenimento divertido como bar crawls privados e espect\u00e1culos de striptease, oferecemos ideias interessantes para agitar. Contacta-nos e apressa-te a reservar.\" \/>\n<meta property=\"og:url\" content=\"https:\/\/rivierabarcrawltours.com\/pt-pt\/festa-de-despedida-de-solteira-em-cannes-franca\/\" \/>\n<meta property=\"og:site_name\" content=\"Riviera Bar Crawl Tours\" \/>\n<meta property=\"article:publisher\" content=\"https:\/\/www.facebook.com\/RivieraBarCrawltours\/\" \/>\n<meta property=\"article:modified_time\" content=\"2026-02-11T11:43:25+00:00\" \/>\n<meta property=\"og:image\" content=\"https:\/\/rivierabarcrawltours.com\/wp-content\/uploads\/2023\/02\/hen-don-in-Cannes.jpeg\" \/>\n\t<meta property=\"og:image:width\" content=\"1920\" \/>\n\t<meta property=\"og:image:height\" content=\"1281\" \/>\n\t<meta property=\"og:image:type\" content=\"image\/jpeg\" \/>\n<meta name=\"twitter:card\" content=\"summary_large_image\" \/>\n<meta name=\"twitter:site\" content=\"@rivierabarcrawl\" \/>\n<meta name=\"twitter:label1\" content=\"Tempo estimado de leitura\" \/>\n\t<meta name=\"twitter:data1\" content=\"5 minutes\" \/>\n<!-- \/ Yoast SEO plugin. -->","yoast_head_json":{"title":"Actividades e ideias para despedidas de solteiro em Cannes, Fran\u00e7a | Riviera Bar Crawl Tours","description":"Desde actividades aqu\u00e1ticas a entretenimento divertido como bar crawls privados e espect\u00e1culos de striptease, oferecemos ideias interessantes para agitar. Contacta-nos e apressa-te a reservar.","robots":{"index":"index","follow":"follow","max-snippet":"max-snippet:-1","max-image-preview":"max-image-preview:large","max-video-preview":"max-video-preview:-1"},"canonical":"https:\/\/rivierabarcrawltours.com\/pt-pt\/festa-de-despedida-de-solteira-em-cannes-franca\/","og_locale":"pt_PT","og_type":"article","og_title":"Actividades e ideias para despedidas de solteiro em Cannes, Fran\u00e7a | Riviera Bar Crawl Tours","og_description":"Desde actividades aqu\u00e1ticas a entretenimento divertido como bar crawls privados e espect\u00e1culos de striptease, oferecemos ideias interessantes para agitar. Contacta-nos e apressa-te a reservar.","og_url":"https:\/\/rivierabarcrawltours.com\/pt-pt\/festa-de-despedida-de-solteira-em-cannes-franca\/","og_site_name":"Riviera Bar Crawl Tours","article_publisher":"https:\/\/www.facebook.com\/RivieraBarCrawltours\/","article_modified_time":"2026-02-11T11:43:25+00:00","og_image":[{"width":1920,"height":1281,"url":"https:\/\/rivierabarcrawltours.com\/wp-content\/uploads\/2023\/02\/hen-don-in-Cannes.jpeg","type":"image\/jpeg"}],"twitter_card":"summary_large_image","twitter_site":"@rivierabarcrawl","twitter_misc":{"Tempo estimado de leitura":"5 minutes"},"schema":{"@context":"https:\/\/schema.org","@graph":[{"@type":"WebPage","@id":"https:\/\/rivierabarcrawltours.com\/pt-pt\/festa-de-despedida-de-solteira-em-cannes-franca\/","url":"https:\/\/rivierabarcrawltours.com\/pt-pt\/festa-de-despedida-de-solteira-em-cannes-franca\/","name":"Actividades e ideias para despedidas de solteiro em Cannes, Fran\u00e7a | Riviera Bar Crawl Tours","isPartOf":{"@id":"https:\/\/rivierabarcrawltours.com\/#website"},"primaryImageOfPage":{"@id":"https:\/\/rivierabarcrawltours.com\/pt-pt\/festa-de-despedida-de-solteira-em-cannes-franca\/#primaryimage"},"image":{"@id":"https:\/\/rivierabarcrawltours.com\/pt-pt\/festa-de-despedida-de-solteira-em-cannes-franca\/#primaryimage"},"thumbnailUrl":"https:\/\/rivierabarcrawltours.com\/wp-content\/uploads\/2023\/02\/hen-don-in-Cannes.jpeg","datePublished":"2026-02-11T11:38:04+00:00","dateModified":"2026-02-11T11:43:25+00:00","description":"Desde actividades aqu\u00e1ticas a entretenimento divertido como bar crawls privados e espect\u00e1culos de striptease, oferecemos ideias interessantes para agitar. Contacta-nos e apressa-te a reservar.","breadcrumb":{"@id":"https:\/\/rivierabarcrawltours.com\/pt-pt\/festa-de-despedida-de-solteira-em-cannes-franca\/#breadcrumb"},"inLanguage":"pt-PT","potentialAction":[{"@type":"ReadAction","target":["https:\/\/rivierabarcrawltours.com\/pt-pt\/festa-de-despedida-de-solteira-em-cannes-franca\/"]}]},{"@type":"ImageObject","inLanguage":"pt-PT","@id":"https:\/\/rivierabarcrawltours.com\/pt-pt\/festa-de-despedida-de-solteira-em-cannes-franca\/#primaryimage","url":"https:\/\/rivierabarcrawltours.com\/wp-content\/uploads\/2023\/02\/hen-don-in-Cannes.jpeg","contentUrl":"https:\/\/rivierabarcrawltours.com\/wp-content\/uploads\/2023\/02\/hen-don-in-Cannes.jpeg","width":1920,"height":1281,"caption":"hen-do em Cannes"},{"@type":"BreadcrumbList","@id":"https:\/\/rivierabarcrawltours.com\/pt-pt\/festa-de-despedida-de-solteira-em-cannes-franca\/#breadcrumb","itemListElement":[{"@type":"ListItem","position":1,"name":"Home","item":"https:\/\/rivierabarcrawltours.com\/pt-pt\/"},{"@type":"ListItem","position":2,"name":"Festa de despedida de solteira em Cannes, Fran\u00e7a"}]},{"@type":"WebSite","@id":"https:\/\/rivierabarcrawltours.com\/#website","url":"https:\/\/rivierabarcrawltours.com\/","name":"Riviera Bar Crawl Tours","description":"Fun Day &amp; Night Experiences I Tour operator I Guided Tours I Bar Crawls I Food Tours I","publisher":{"@id":"https:\/\/rivierabarcrawltours.com\/#organization"},"potentialAction":[{"@type":"SearchAction","target":{"@type":"EntryPoint","urlTemplate":"https:\/\/rivierabarcrawltours.com\/?s={search_term_string}"},"query-input":{"@type":"PropertyValueSpecification","valueRequired":true,"valueName":"search_term_string"}}],"inLanguage":"pt-PT"},{"@type":"Organization","@id":"https:\/\/rivierabarcrawltours.com\/#organization","name":"Riviera Bar Crawl Tours","url":"https:\/\/rivierabarcrawltours.com\/","logo":{"@type":"ImageObject","inLanguage":"pt-PT","@id":"https:\/\/rivierabarcrawltours.com\/#\/schema\/logo\/image\/","url":"https:\/\/rivierabarcrawltours.com\/wp-content\/uploads\/2019\/07\/logo.png","contentUrl":"https:\/\/rivierabarcrawltours.com\/wp-content\/uploads\/2019\/07\/logo.png","width":479,"height":453,"caption":"Riviera Bar Crawl Tours"},"image":{"@id":"https:\/\/rivierabarcrawltours.com\/#\/schema\/logo\/image\/"},"sameAs":["https:\/\/www.facebook.com\/RivieraBarCrawltours\/","https:\/\/x.com\/rivierabarcrawl"]}]}},"_links":{"self":[{"href":"https:\/\/rivierabarcrawltours.com\/pt-pt\/wp-json\/wp\/v2\/pages\/124000","targetHints":{"allow":["GET"]}}],"collection":[{"href":"https:\/\/rivierabarcrawltours.com\/pt-pt\/wp-json\/wp\/v2\/pages"}],"about":[{"href":"https:\/\/rivierabarcrawltours.com\/pt-pt\/wp-json\/wp\/v2\/types\/page"}],"author":[{"embeddable":true,"href":"https:\/\/rivierabarcrawltours.com\/pt-pt\/wp-json\/wp\/v2\/users\/2"}],"replies":[{"embeddable":true,"href":"https:\/\/rivierabarcrawltours.com\/pt-pt\/wp-json\/wp\/v2\/comments?post=124000"}],"version-history":[{"count":2,"href":"https:\/\/rivierabarcrawltours.com\/pt-pt\/wp-json\/wp\/v2\/pages\/124000\/revisions"}],"predecessor-version":[{"id":124002,"href":"https:\/\/rivierabarcrawltours.com\/pt-pt\/wp-json\/wp\/v2\/pages\/124000\/revisions\/124002"}],"wp:featuredmedia":[{"embeddable":true,"href":"https:\/\/rivierabarcrawltours.com\/pt-pt\/wp-json\/wp\/v2\/media\/105102"}],"wp:attachment":[{"href":"https:\/\/rivierabarcrawltours.com\/pt-pt\/wp-json\/wp\/v2\/media?parent=124000"}],"curies":[{"name":"wp","href":"https:\/\/api.w.org\/{rel}","templated":true}]}}