{"id":123994,"date":"2026-02-11T12:36:26","date_gmt":"2026-02-11T11:36:26","guid":{"rendered":"https:\/\/rivierabarcrawltours.com\/prova-de-vinhos\/"},"modified":"2026-02-17T20:05:48","modified_gmt":"2026-02-17T19:05:48","slug":"prova-de-vinhos","status":"publish","type":"page","link":"https:\/\/rivierabarcrawltours.com\/pt-pt\/prova-de-vinhos\/","title":{"rendered":"Prova de vinhos"},"content":{"rendered":"<div class=\"wpb-content-wrapper\"><p>[vc_row el_class=&#8221;city-tours-custom&#8221; css=&#8221;.vc_custom_1624697767930{margin-top: 40px !important;margin-bottom: 20px !important;}&#8221;][vc_column][vc_column_text]<\/p>\n<h2>  As tuas provas de vinho e visitas guiadas<\/h2>\n<p>[\/vc_column_text]<div class='list_tours'>   <div class=\"concept-listings owl-carousel owl-theme\">\n          <div class=\"style_box\">\n                      <div class=\"thumb\">\n               <header class=\"thumb-header st_avatar_fix\">\n                                      <a href=\"https:\/\/rivierabarcrawltours.com\/pt-pt\/tour\/prova-de-vinhos-em-nice\/\" class=\"hover-img\">\n                       <img decoding=\"async\" width=\"260\" height=\"190\" src=\"https:\/\/rivierabarcrawltours.com\/wp-content\/uploads\/2020\/07\/rsz_2unnamed-260x190.jpg\" class=\"attachment-260x190x1 size-260x190x1 wp-post-image\" alt=\"Prova de vinhos em Nice\" \/>                       <h5 class=\"hover-title hover-hold text-center\">\n                           Prova de vinhos em Nice                       <\/h5>\n                   <\/a>\n                                  <\/header>\n           <\/div>\n       <\/div>\n   <\/div>\n\n    \n<script type=\"text\/javascript\">\n$(document).ready(function() {\n       $(\".concept-listings\").owlCarousel({\n        margin:20,\n                dots:true,\n        responsiveClass:true,\n        responsive:{\n            0:{\n                items:1,\n                nav:false\n            },\n            600:{\n                items:3,\n                nav:false\n            },\n            1000:{\n                items:4,\n                nav:true\n            }\n        }\n       });\n}); \n\n<\/script>\n\n<style type=\"text\/css\">\n.concept-listings .owl-stage {\n    display: -webkit-box !important;\n    display: -moz-box !important;\n    display: -ms-box !important;\n    display: box !important;\n}\n.concept-listings .owl-dots {\n    margin-top: 10px;\n    text-align: center;\n}\n.concept-listings .owl-dots .owl-dot {\n    display: inline-block;\n    background: 0 0;\n    color: inherit;\n    border: none;\n    padding: 0 !important;\n}\n.concept-listings .owl-dots .owl-dot.active span {\n    background: var(--link-color, #5191FA);\n}\n.concept-listings .owl-dots .owl-dot span {\n    width: 10px;\n    height: 10px;\n    margin: 5px 7px;\n    background: var(--light-grey-color, #EAEEF3);\n    display: block;\n    transition: opacity 0.2s ease;\n    border-radius: 30px;\n}\n.city-tours-custom .feature_class{\n  left: 0 !important;\n}\n.concept-listings .owl-nav {\n    position: absolute;\n    height: 100%;\n    top: 0;\n    width: 100%;\n    z-index: -1;\n}\n.concept-listings .owl-nav button {\n    position: absolute;\n    top: 50%;\n    margin-top: -18px;\n}\n.concept-listings .owl-nav button.owl-next {\n    right: -66px;\n}\n.concept-listings .owl-nav button.owl-prev {\n    left: -66px;\n}\n.concept-listings .owl-nav button.owl-next span {\n    width: 36px;\n    height: 36px;\n    display: block;\n    background: url(https:\/\/rivierabarcrawltours.com\/wp-content\/uploads\/2021\/06\/arrow-right.png) center center no-repeat;\n    background-size: 100% auto;\n    color: transparent;\n}\n.concept-listings .owl-nav button.owl-prev span {\n    width: 36px;\n    height: 36px;\n    display: block;\n    background: url(https:\/\/rivierabarcrawltours.com\/wp-content\/uploads\/2021\/02\/arrow-left.png) center center no-repeat;\n    background-size: 100% auto;\n    color: transparent;\n}\n\n.city-tours-custom .thumb{\n    border: none !important;\n}\n<\/style><\/div>[vc_separator][\/vc_column][\/vc_row][vc_row][vc_column][vc_row_inner][vc_column_inner][vc_column_text]<\/p>\n<h2>Sobre a nossa prova de vinhos<\/h2>\n<p>[\/vc_column_text][\/vc_column_inner][\/vc_row_inner][vc_row_inner][vc_column_inner width=&#8221;1\/2&#8243;][vc_column_text]As provas de vinho, estes conceitos inovadores para descobrir o vinho, os produtores de vinho, a vinha e a adega, est\u00e3o a crescer cada vez mais em Fran\u00e7a e em todo o mundo. Os entusiastas do vinho, os sommeliers, os propriet\u00e1rios de restaurantes e os amantes do vinho t\u00eam novas ideias e novas abordagens para descobrir e promover os seus vinhos e partilhar a sua paix\u00e3o com outros amantes do vinho numa sala de provas, numa adega, num bar ou num restaurante que sirva um bom vinho. <\/p>\n<p>A imagem do vinho franc\u00eas no estrangeiro representa o luxo franc\u00eas, e os grandes profissionais e conhecedores aproveitam-na para propor algumas das melhores e mais singulares provas de vinhos. Vinhos tintos como um Pinot noir premiado, um Cabernet Sauvignon delicado, as notas de prova de vinhos brancos frutados ou uma experi\u00eancia de degusta\u00e7\u00e3o de vinhos espumantes. Estas s\u00e3o algumas das muitas coisas de que podes desfrutar ao saborear vinhos em alguns dos melhores eventos de prova de vinhos quando passas as tuas f\u00e9rias na regi\u00e3o vin\u00edcola.  <\/p>\n<p>Quer estejas em Paris, na regi\u00e3o de Bord\u00e9us ou na Cote d&#8217;Azur, encontrar\u00e1s sempre alguns dos melhores organizadores de provas de vinhos, para aprenderes sobre o vinho durante as tuas f\u00e9rias em Fran\u00e7a. As provas de vinho geram um entusiasmo positivo por parte dos profissionais e dos particulares. O estilo franc\u00eas \u00e9 promovido atrav\u00e9s de muitos vinhos jovens e vinhos locais durante as experi\u00eancias de prova de vinhos ou uma prova cega. S\u00e3o eventos importantes para conhecer novas pessoas e partilhar conhecimentos sobre o vinho em geral.   <\/p>\n<p>&nbsp;<\/p>\n<h3>Porqu\u00ea uma prova de vinhos? As raz\u00f5es n\u00e3o faltam! <\/h3>\n<p>Na comunidade vin\u00edcola, h\u00e1 os criadores, os artistas, os perfeccionistas e, no fim da cadeia, os oradores. Os oradores falam, provam e selecionam os seus caminhos. Depois, de acordo com os seus crit\u00e9rios, escolhem as garrafas dos viticultores para partilhar, provar e sintoniz\u00e1-las em diferentes acordos gastron\u00f3micos. Eles s\u00e3o as pessoas-chave que ter\u00e1s a oportunidade de conhecer na tua prova de vinhos!   <\/p>\n<h3><strong>A tua escolha ser\u00e1 sempre correta porque \u00e9 tua!<\/strong><\/h3>\n<p>Como todos sabemos, provar um copo de vinho para dar a tua pr\u00f3pria opini\u00e3o \u00e9 o melhor passo para n\u00e3o te enganares e fazeres a escolha certa. A raz\u00e3o \u00e9 muito simples: todos temos o nosso gosto pessoal, e todos podemos apreciar o mesmo vinho de forma diferente! Mas n\u00e3o me obrigues a dizer o que eu n\u00e3o disse: &#8220;A tua escolha ser\u00e1 sempre boa porque \u00e9 tua!&#8221;[\/vc_column_text][\/vc_column_inner][vc_column_inner width=&#8221;1\/2&#8221;][vc_column_text]<\/p>\n<h3><strong>O mesmo vinho ser\u00e1 classificado de forma diferente consoante o ambiente<\/strong><\/h3>\n<p>Temos frequentemente grandes oportunidades de provar novos vinhos. N\u00e3o nos devemos privar! S\u00e3o muitas vezes momentos \u00fanicos para descobrir uma nova regi\u00e3o, uma nova casta, uma pequena propriedade, ou simplesmente uma nova colheita.  <\/p>\n<p>No entanto, deves saber que, dependendo de quando e onde provares, n\u00e3o apreciar\u00e1s o vinho da mesma forma. O ambiente influencia o teu julgamento. A tua condi\u00e7\u00e3o f\u00edsica e a tua predisposi\u00e7\u00e3o psicol\u00f3gica tamb\u00e9m influenciam.  <\/p>\n<p>J\u00e1 aconteceu a todos n\u00f3s que, num determinado dia, apreciamos fortemente um copo de vinho&#8230; e que, alguns dias mais tarde, temos uma opini\u00e3o diferente. \u00c9 perfeitamente normal. <\/p>\n<h3><strong>A loi\u00e7a adequada \u00e9 fundamental  <\/strong><\/h3>\n<p>Para aprender a provar o vinho, d\u00e1 prefer\u00eancia ao copo de vinho adaptado, de prefer\u00eancia um copo em forma de tulipa. Permite que o vinho areje enquanto concentra os aromas na parte superior. Um copo para cada um dos vinhos \u00e9 a melhor maneira de descobrir o cheiro do vinho, se tiveres de provar v\u00e1rios ao mesmo tempo \u00e9 o ideal. Permite-nos comparar melhor os vinhos entre si.   <\/p>\n<p>Antes de come\u00e7ares a provar, deixa o teu vinho arrefecer durante cerca de um minuto. Depende do vinho, mas ele precisa de arejar depois de longos meses na garrafa. <\/p>\n<h3><strong>Por que ordem provar os vinhos?<\/strong><\/h3>\n<p>\u00c9 melhor come\u00e7ares com vinhos menos potentes. N\u00e3o estamos a falar necessariamente de \u00e1lcool, mas de um vinho com muita leveza. A raz\u00e3o \u00e9, mais uma vez, bastante simples. Se come\u00e7ares com um vinho demasiado potente, os seguintes n\u00e3o ser\u00e3o capazes de expressar a sua riqueza e complexidade.   <\/p>\n<p>Em geral, quanto mais vais para sul, mais poderosos ser\u00e3o os vinhos&#8230; mas isso \u00e9 apenas a teoria! De facto, cada casta, cada vinha, cada parcela pode revelar carater\u00edsticas espec\u00edficas de excelentes vinhos. <\/p>\n<h3><strong>Conselhos para a prova de vinhos: como avaliar o vinho?<\/strong><\/h3>\n<p>H\u00e1 tantas maneiras de provar como provadores. Abordar esta quest\u00e3o \u00e9, portanto, precipitar-se num universo muito vasto. Mas tamb\u00e9m \u00e9 muito mais f\u00e1cil do que parece. Se tiveres prazer na degusta\u00e7\u00e3o, \u00e9 porque o teu m\u00e9todo \u00e9 o correto!   <\/p>\n<p>De qualquer forma, n\u00e3o \u00e9 necess\u00e1rio dominares todos os l\u00e9xicos do sommelier. Tudo o que tens de fazer \u00e9 ter em mente algumas ideias que possam descodificar melhor um vinho. E como em qualquer m\u00e9todo, a experi\u00eancia permitir-te-\u00e1 forjar o teu.  <\/p>\n<p>&nbsp;<\/p>\n<ol>\n<li><strong>O olho<\/strong><\/li>\n<\/ol>\n<p>Podes admirar as bolhas de uma ta\u00e7a de champanhe ou a cor de um Sauternes velho. Mas esquece essas hist\u00f3rias sobre a enorme import\u00e2ncia do aspeto do copo de vinho que est\u00e1s a provar. <\/p>\n<p>O exame visual d\u00e1-nos poucas informa\u00e7\u00f5es. O vestido do vinho (ou seja, a sua cor) pode indicar que um vinho \u00e9 mais ou menos concentrado. Mas os contra-exemplos s\u00e3o in\u00fameros. Algumas castas (como a Pinot Noir) podem ser menos tintureiras e dar vinhos encorpados. \u00c9 apenas no contexto de uma prova cega que esta fase \u00e9 ben\u00e9fica: pode indicar a idade do vinho. Procura ent\u00e3o, n\u00e3o a cor, mas os reflexos.     <\/p>\n<p>Para o vinho branco, vamos observar os reflexos do disco, colocando o olho no copo. Um vinho branco tem primeiro reflexos verdes, depois prateados, depois dourados e bronzeados. Um branco com reflexos prateados \u00e9 provavelmente um vinho jovem, como um ou dois anos.  <\/p>\n<p>Para o vinho tinto, colocamos o copo em frente a um len\u00e7ol branco e olhamos para ele. Os reflexos s\u00e3o primeiro de tom cereja ou framboesa, para evoluir para o azulejo. <\/p>\n<ol start=\"2\">\n<li><strong>O nariz<\/strong><\/li>\n<\/ol>\n<p>O nariz \u00e9 analisado em duas fases: o primeiro e o segundo nariz.<\/p>\n<p>O primeiro nariz: sentimos o vinho sem o arejar, ou seja, sem mover o copo. Geralmente, este nariz n\u00e3o \u00e9 muito potente. \u00c9 assim que identificamos os defeitos do vinho. Os aromas ainda n\u00e3o est\u00e3o presentes, os defeitos &#8220;saltam no nariz&#8221;, como o famoso &#8220;gosto a rolha&#8221;, tamb\u00e9m muito percet\u00edvel no nariz.   <\/p>\n<p>O segundo nariz: arejamos o vinho e, \u00e0 medida que ele se abre, os seus aromas aumentam dez vezes. O vinho \u00e9 um produto vivo que reage com o arejamento. Se n\u00e3o sentires nada, pode ser que o vinho ainda precise de ser arejado (na garrafa ou no jarro). \u00c9 interessante mover o nariz no copo para detetar novos aromas.   <\/p>\n<p>Mas reconhecer que um vinho cheira a pe\u00f3nia n\u00e3o \u00e9 essencial, longe disso. Alguns pontos a saber: <\/p>\n<ul>\n<li>O en\u00f3logo n\u00e3o acrescenta os aromas (bem, normalmente).<\/li>\n<li>Um vinho que cheira a rosa n\u00e3o macerou com p\u00e9talas.<\/li>\n<\/ul>\n<p>E precisamente, podemos agrupar 3 fam\u00edlias de sabores:<\/p>\n<ul>\n<li>Os aromas prim\u00e1rios que prov\u00eam da uva (um vinho feito com Gewurztraminer exprime frequentemente aromas de rosa e l\u00edchia)<\/li>\n<li>Aromas secund\u00e1rios: s\u00e3o provenientes da fermenta\u00e7\u00e3o.<\/li>\n<li>Aromas terci\u00e1rios: s\u00e3o os aromas que prov\u00eam da cria\u00e7\u00e3o.<\/li>\n<\/ul>\n<ol start=\"3\">\n<li><strong>A boca<\/strong><\/li>\n<\/ol>\n<p>Esta \u00e9 provavelmente a fase mais cr\u00edtica. \u00c9 essencial segurares o teu copo com o p\u00e9. Porque a pega do copo vai afetar o local onde o vinho vai chegar \u00e0 nossa boca. Mas os sensores de acidez, do\u00e7ura, amargor e acidez n\u00e3o est\u00e3o localizados nas mesmas zonas da boca. Ser\u00e1 necess\u00e1rio rodar o vinho na boca para o decifrar completamente.    <\/p>\n<p>\u00c9 at\u00e9 aconselh\u00e1vel aspirar o ar ao mesmo tempo (falamos de vinho grunhido) que gostamos de o arejar. N\u00e3o \u00e9 indelicado fazeres barulho enquanto desfrutas do vinho! <\/p>\n<p>Por fim, presta especial aten\u00e7\u00e3o \u00e0s 3 fases:<\/p>\n<ul>\n<li>O ataque: olha sobretudo para o seu poder: \u00e9 franco, flex\u00edvel.<\/li>\n<li>O meio-paladar: \u00e9 quando os sabores no paladar se desenvolvem com a acidez para os brancos e os taninos para os tintos. Neste momento, podemos analisar a textura do vinho. <\/li>\n<li>O final: para que sabores evolui o vinho? E, sobretudo, quanto tempo \u00e9 que o vinho persiste na boca? <\/li>\n<\/ul>\n<p>Durante uma prova de vinhos, reconhecer\u00e1s um grande vinho premiado pela sua capacidade de evoluir na boca e de persistir mesmo depois de termos engolido. Lembra-te que \u00e9 perfeitamente razo\u00e1vel cuspir um grande vinho durante uma prova. <\/p>\n<p>Por isso, se quiseres saber mais sobre os muitos eventos de prova de vinhos dispon\u00edveis na tua \u00e1rea, entra em contacto com alguns dos melhores organizadores de eventos de prova de vinhos e desfruta de uma noite divertida com outros entusiastas do vinho.<\/p>\n<p>N\u00e3o te esque\u00e7as que a avalia\u00e7\u00e3o de uma prova de vinhos \u00e9 muito pessoal e que cada um de v\u00f3s ter\u00e1 uma aprecia\u00e7\u00e3o diferente, \u00e9 normal.[\/vc_column_text][\/vc_column_inner][\/vc_row_inner][\/vc_column][\/vc_row]<\/p>\n<\/div>","protected":false},"excerpt":{"rendered":"<p>[vc_row el_class=&#8221;city-tours-custom&#8221; css=&#8221;.vc_custom_1624697767930{margin-top: 40px !important;margin-bottom: 20px !important;}&#8221;][vc_column][vc_column_text] As tuas provas de vinho e visitas guiadas [\/vc_column_text][vc_separator][\/vc_column][\/vc_row][vc_row][vc_column][vc_row_inner][vc_column_inner][vc_column_text] Sobre a nossa prova de vinhos [\/vc_column_text][\/vc_column_inner][\/vc_row_inner][vc_row_inner][vc_column_inner width=&#8221;1\/2&#8243;][vc_column_text]As provas de vinho, estes conceitos inovadores para descobrir o vinho, os produtores de vinho, a vinha e a adega, est\u00e3o a crescer cada vez mais em Fran\u00e7a e em todo o [&hellip;]<\/p>\n","protected":false},"author":2,"featured_media":62800,"parent":0,"menu_order":0,"comment_status":"closed","ping_status":"closed","template":"template-home-modern.php","meta":{"_acf_changed":false,"footnotes":""},"class_list":["post-123994","page","type-page","status-publish","has-post-thumbnail","hentry"],"acf":[],"yoast_head":"<!-- This site is optimized with the Yoast SEO plugin v27.4 - https:\/\/yoast.com\/product\/yoast-seo-wordpress\/ -->\n<title>Arquivos des  | Riviera Bar Crawl Tours<\/title>\n<meta name=\"description\" content=\"As provas de vinho, estes conceitos inovadores para descobrir o vinho, os produtores de vinho, a vinha e a adega, est\u00e3o a crescer cada vez mais em Fran\u00e7a e em todo o mundo\" \/>\n<meta name=\"robots\" content=\"index, follow, max-snippet:-1, max-image-preview:large, max-video-preview:-1\" \/>\n<link rel=\"canonical\" href=\"https:\/\/rivierabarcrawltours.com\/pt-pt\/prova-de-vinhos\/\" \/>\n<meta property=\"og:locale\" content=\"pt_PT\" \/>\n<meta property=\"og:type\" content=\"article\" \/>\n<meta property=\"og:title\" content=\"Arquivos des  | Riviera Bar Crawl Tours\" \/>\n<meta property=\"og:description\" content=\"As provas de vinho, estes conceitos inovadores para descobrir o vinho, os produtores de vinho, a vinha e a adega, est\u00e3o a crescer cada vez mais em Fran\u00e7a e em todo o mundo\" \/>\n<meta property=\"og:url\" content=\"https:\/\/rivierabarcrawltours.com\/pt-pt\/prova-de-vinhos\/\" \/>\n<meta property=\"og:site_name\" content=\"Riviera Bar Crawl Tours\" \/>\n<meta property=\"article:publisher\" content=\"https:\/\/www.facebook.com\/RivieraBarCrawltours\/\" \/>\n<meta property=\"article:modified_time\" content=\"2026-02-17T19:05:48+00:00\" \/>\n<meta property=\"og:image\" content=\"https:\/\/rivierabarcrawltours.com\/wp-content\/uploads\/2020\/12\/Wine-tasting-in-nice.jpg\" \/>\n\t<meta property=\"og:image:width\" content=\"1920\" \/>\n\t<meta property=\"og:image:height\" content=\"1281\" \/>\n\t<meta property=\"og:image:type\" content=\"image\/jpeg\" \/>\n<meta name=\"twitter:card\" content=\"summary_large_image\" \/>\n<meta name=\"twitter:site\" content=\"@rivierabarcrawl\" \/>\n<meta name=\"twitter:label1\" content=\"Tempo estimado de leitura\" \/>\n\t<meta name=\"twitter:data1\" content=\"8 minutes\" \/>\n<!-- \/ Yoast SEO plugin. -->","yoast_head_json":{"title":"Arquivos des  | Riviera Bar Crawl Tours","description":"As provas de vinho, estes conceitos inovadores para descobrir o vinho, os produtores de vinho, a vinha e a adega, est\u00e3o a crescer cada vez mais em Fran\u00e7a e em todo o mundo","robots":{"index":"index","follow":"follow","max-snippet":"max-snippet:-1","max-image-preview":"max-image-preview:large","max-video-preview":"max-video-preview:-1"},"canonical":"https:\/\/rivierabarcrawltours.com\/pt-pt\/prova-de-vinhos\/","og_locale":"pt_PT","og_type":"article","og_title":"Arquivos des  | Riviera Bar Crawl Tours","og_description":"As provas de vinho, estes conceitos inovadores para descobrir o vinho, os produtores de vinho, a vinha e a adega, est\u00e3o a crescer cada vez mais em Fran\u00e7a e em todo o mundo","og_url":"https:\/\/rivierabarcrawltours.com\/pt-pt\/prova-de-vinhos\/","og_site_name":"Riviera Bar Crawl Tours","article_publisher":"https:\/\/www.facebook.com\/RivieraBarCrawltours\/","article_modified_time":"2026-02-17T19:05:48+00:00","og_image":[{"width":1920,"height":1281,"url":"https:\/\/rivierabarcrawltours.com\/wp-content\/uploads\/2020\/12\/Wine-tasting-in-nice.jpg","type":"image\/jpeg"}],"twitter_card":"summary_large_image","twitter_site":"@rivierabarcrawl","twitter_misc":{"Tempo estimado de leitura":"8 minutes"},"schema":{"@context":"https:\/\/schema.org","@graph":[{"@type":"WebPage","@id":"https:\/\/rivierabarcrawltours.com\/pt-pt\/prova-de-vinhos\/","url":"https:\/\/rivierabarcrawltours.com\/pt-pt\/prova-de-vinhos\/","name":"Arquivos des | Riviera Bar Crawl Tours","isPartOf":{"@id":"https:\/\/rivierabarcrawltours.com\/#website"},"primaryImageOfPage":{"@id":"https:\/\/rivierabarcrawltours.com\/pt-pt\/prova-de-vinhos\/#primaryimage"},"image":{"@id":"https:\/\/rivierabarcrawltours.com\/pt-pt\/prova-de-vinhos\/#primaryimage"},"thumbnailUrl":"https:\/\/rivierabarcrawltours.com\/wp-content\/uploads\/2020\/12\/Wine-tasting-in-nice.jpg","datePublished":"2026-02-11T11:36:26+00:00","dateModified":"2026-02-17T19:05:48+00:00","description":"As provas de vinho, estes conceitos inovadores para descobrir o vinho, os produtores de vinho, a vinha e a adega, est\u00e3o a crescer cada vez mais em Fran\u00e7a e em todo o mundo","breadcrumb":{"@id":"https:\/\/rivierabarcrawltours.com\/pt-pt\/prova-de-vinhos\/#breadcrumb"},"inLanguage":"pt-PT","potentialAction":[{"@type":"ReadAction","target":["https:\/\/rivierabarcrawltours.com\/pt-pt\/prova-de-vinhos\/"]}]},{"@type":"ImageObject","inLanguage":"pt-PT","@id":"https:\/\/rivierabarcrawltours.com\/pt-pt\/prova-de-vinhos\/#primaryimage","url":"https:\/\/rivierabarcrawltours.com\/wp-content\/uploads\/2020\/12\/Wine-tasting-in-nice.jpg","contentUrl":"https:\/\/rivierabarcrawltours.com\/wp-content\/uploads\/2020\/12\/Wine-tasting-in-nice.jpg","width":1920,"height":1281,"caption":"Prova de vinhos em nice"},{"@type":"BreadcrumbList","@id":"https:\/\/rivierabarcrawltours.com\/pt-pt\/prova-de-vinhos\/#breadcrumb","itemListElement":[{"@type":"ListItem","position":1,"name":"Home","item":"https:\/\/rivierabarcrawltours.com\/pt-pt\/"},{"@type":"ListItem","position":2,"name":"Prova de vinhos"}]},{"@type":"WebSite","@id":"https:\/\/rivierabarcrawltours.com\/#website","url":"https:\/\/rivierabarcrawltours.com\/","name":"Riviera Bar Crawl Tours","description":"Fun Day &amp; Night Experiences I Tour operator I Guided Tours I Bar Crawls I Food Tours I","publisher":{"@id":"https:\/\/rivierabarcrawltours.com\/#organization"},"potentialAction":[{"@type":"SearchAction","target":{"@type":"EntryPoint","urlTemplate":"https:\/\/rivierabarcrawltours.com\/?s={search_term_string}"},"query-input":{"@type":"PropertyValueSpecification","valueRequired":true,"valueName":"search_term_string"}}],"inLanguage":"pt-PT"},{"@type":"Organization","@id":"https:\/\/rivierabarcrawltours.com\/#organization","name":"Riviera Bar Crawl Tours","url":"https:\/\/rivierabarcrawltours.com\/","logo":{"@type":"ImageObject","inLanguage":"pt-PT","@id":"https:\/\/rivierabarcrawltours.com\/#\/schema\/logo\/image\/","url":"https:\/\/rivierabarcrawltours.com\/wp-content\/uploads\/2019\/07\/logo.png","contentUrl":"https:\/\/rivierabarcrawltours.com\/wp-content\/uploads\/2019\/07\/logo.png","width":479,"height":453,"caption":"Riviera Bar Crawl Tours"},"image":{"@id":"https:\/\/rivierabarcrawltours.com\/#\/schema\/logo\/image\/"},"sameAs":["https:\/\/www.facebook.com\/RivieraBarCrawltours\/","https:\/\/x.com\/rivierabarcrawl"]}]}},"_links":{"self":[{"href":"https:\/\/rivierabarcrawltours.com\/pt-pt\/wp-json\/wp\/v2\/pages\/123994","targetHints":{"allow":["GET"]}}],"collection":[{"href":"https:\/\/rivierabarcrawltours.com\/pt-pt\/wp-json\/wp\/v2\/pages"}],"about":[{"href":"https:\/\/rivierabarcrawltours.com\/pt-pt\/wp-json\/wp\/v2\/types\/page"}],"author":[{"embeddable":true,"href":"https:\/\/rivierabarcrawltours.com\/pt-pt\/wp-json\/wp\/v2\/users\/2"}],"replies":[{"embeddable":true,"href":"https:\/\/rivierabarcrawltours.com\/pt-pt\/wp-json\/wp\/v2\/comments?post=123994"}],"version-history":[{"count":6,"href":"https:\/\/rivierabarcrawltours.com\/pt-pt\/wp-json\/wp\/v2\/pages\/123994\/revisions"}],"predecessor-version":[{"id":126747,"href":"https:\/\/rivierabarcrawltours.com\/pt-pt\/wp-json\/wp\/v2\/pages\/123994\/revisions\/126747"}],"wp:featuredmedia":[{"embeddable":true,"href":"https:\/\/rivierabarcrawltours.com\/pt-pt\/wp-json\/wp\/v2\/media\/62800"}],"wp:attachment":[{"href":"https:\/\/rivierabarcrawltours.com\/pt-pt\/wp-json\/wp\/v2\/media?parent=123994"}],"curies":[{"name":"wp","href":"https:\/\/api.w.org\/{rel}","templated":true}]}}