{"id":123991,"date":"2026-02-11T12:35:28","date_gmt":"2026-02-11T11:35:28","guid":{"rendered":"https:\/\/rivierabarcrawltours.com\/experiencia-de-canyoning\/"},"modified":"2026-02-11T12:35:29","modified_gmt":"2026-02-11T11:35:29","slug":"experiencia-de-canyoning","status":"publish","type":"page","link":"https:\/\/rivierabarcrawltours.com\/pt-pt\/experiencia-de-canyoning\/","title":{"rendered":"Experi\u00eancia de canyoning"},"content":{"rendered":"<div class=\"wpb-content-wrapper\"><p>[vc_row el_class=&#8221;city-tours-custom&#8221; css=&#8221;.vc_custom_1624697707449{margin-top: 40px !important;margin-bottom: 20px !important;}&#8221;][vc_column][vc_column_text]<\/p>\n<h2>Experi\u00eancias de Canyoning Riviera Francesa<\/h2>\n<p>[\/vc_column_text]<div class='list_tours'>   <div class=\"concept-listings owl-carousel owl-theme\">\n          <div class=\"style_box\">\n           <div class=\"feature_class st_featured featured\">Featured<\/div>           <div class=\"thumb\">\n               <header class=\"thumb-header st_avatar_fix\">\n                                      <a href=\"https:\/\/rivierabarcrawltours.com\/pt-pt\/tour\/canyoning-em-nice\/\" class=\"hover-img\">\n                       <img decoding=\"async\" width=\"260\" height=\"190\" src=\"https:\/\/rivierabarcrawltours.com\/wp-content\/uploads\/2020\/12\/canyoning-nice-260x190.jpg\" class=\"attachment-260x190x1 size-260x190x1 wp-post-image\" alt=\"canyoning nice\" srcset=\"https:\/\/rivierabarcrawltours.com\/wp-content\/uploads\/2020\/12\/canyoning-nice-260x190.jpg 260w, https:\/\/rivierabarcrawltours.com\/wp-content\/uploads\/2020\/12\/canyoning-nice-680x500.jpg 680w\" sizes=\"(max-width: 260px) 100vw, 260px\" \/>                       <h5 class=\"hover-title hover-hold text-center\">\n                           Canyoning em Nice                       <\/h5>\n                   <\/a>\n                                  <\/header>\n           <\/div>\n       <\/div>\n   <\/div>\n\n    \n<script type=\"text\/javascript\">\n$(document).ready(function() {\n       $(\".concept-listings\").owlCarousel({\n        margin:20,\n                dots:true,\n        responsiveClass:true,\n        responsive:{\n            0:{\n                items:1,\n                nav:false\n            },\n            600:{\n                items:3,\n                nav:false\n            },\n            1000:{\n                items:4,\n                nav:true\n            }\n        }\n       });\n}); \n\n<\/script>\n\n<style type=\"text\/css\">\n.concept-listings .owl-stage {\n    display: -webkit-box !important;\n    display: -moz-box !important;\n    display: -ms-box !important;\n    display: box !important;\n}\n.concept-listings .owl-dots {\n    margin-top: 10px;\n    text-align: center;\n}\n.concept-listings .owl-dots .owl-dot {\n    display: inline-block;\n    background: 0 0;\n    color: inherit;\n    border: none;\n    padding: 0 !important;\n}\n.concept-listings .owl-dots .owl-dot.active span {\n    background: var(--link-color, #5191FA);\n}\n.concept-listings .owl-dots .owl-dot span {\n    width: 10px;\n    height: 10px;\n    margin: 5px 7px;\n    background: var(--light-grey-color, #EAEEF3);\n    display: block;\n    transition: opacity 0.2s ease;\n    border-radius: 30px;\n}\n.city-tours-custom .feature_class{\n  left: 0 !important;\n}\n.concept-listings .owl-nav {\n    position: absolute;\n    height: 100%;\n    top: 0;\n    width: 100%;\n    z-index: -1;\n}\n.concept-listings .owl-nav button {\n    position: absolute;\n    top: 50%;\n    margin-top: -18px;\n}\n.concept-listings .owl-nav button.owl-next {\n    right: -66px;\n}\n.concept-listings .owl-nav button.owl-prev {\n    left: -66px;\n}\n.concept-listings .owl-nav button.owl-next span {\n    width: 36px;\n    height: 36px;\n    display: block;\n    background: url(https:\/\/rivierabarcrawltours.com\/wp-content\/uploads\/2021\/06\/arrow-right.png) center center no-repeat;\n    background-size: 100% auto;\n    color: transparent;\n}\n.concept-listings .owl-nav button.owl-prev span {\n    width: 36px;\n    height: 36px;\n    display: block;\n    background: url(https:\/\/rivierabarcrawltours.com\/wp-content\/uploads\/2021\/02\/arrow-left.png) center center no-repeat;\n    background-size: 100% auto;\n    color: transparent;\n}\n\n.city-tours-custom .thumb{\n    border: none !important;\n}\n<\/style><\/div>[vc_separator][\/vc_column][\/vc_row][vc_row][vc_column][vc_row_inner][vc_column_inner][vc_column_text]<\/p>\n<h2>Sobre o Canyoning<\/h2>\n<div id=\"gtx-trans\" style=\"position: absolute; left: -49px; top: -10px;\">\n<div class=\"gtx-trans-icon\"><\/div>\n<\/div>\n<p>[\/vc_column_text][\/vc_column_inner][\/vc_row_inner][vc_column_text]<\/p>\n<h3><strong>O que \u00e9 uma experi\u00eancia de canyoning?<\/strong><\/h3>\n<p>O canyoning \u00e9 um dos desportos de aventura em mais r\u00e1pido desenvolvimento no planeta e uma verdadeira emo\u00e7\u00e3o.<\/p>\n<p>Em poucos anos, o canyoning deixou de ser uma atividade invulgar de ver\u00e3o para se tornar uma atividade que se pratica durante todo o ano.<\/p>\n<p>Se gostas de actividades ao ar livre, vais sem d\u00favida gostar desta experi\u00eancia. Usar\u00e1s fatos de mergulho para explorar riachos, desfiladeiros e outras \u00e1reas incr\u00edveis na natureza que s\u00e3o normalmente consideradas inacess\u00edveis. <\/p>\n<p>Algumas pessoas fazem-no por pura excita\u00e7\u00e3o, enquanto outras o fazem porque querem descobrir estas \u00e1reas deslumbrantes e ter acesso a enormes desfiladeiros que a maioria das pessoas nunca chega a ver.<\/p>\n<p>Tamb\u00e9m podes contar com muitos saltos, caminhadas, nata\u00e7\u00e3o e escalada, pelo que se trata de uma verdadeira experi\u00eancia desportiva.<\/p>\n<p>\u00c9 preciso dizer que uma atividade de canyoning adequada envolve sempre um pouco de adrenalina. Mas se gostas da aventura, est\u00e1s em boa forma f\u00edsica e n\u00e3o tens medo das alturas, o canyoning \u00e9 uma experi\u00eancia absolutamente obrigat\u00f3ria para ti. <\/p>\n<p>H\u00e1 tipos muito diferentes de desfiladeiros. Alguns s\u00e3o relativamente f\u00e1ceis e permitem-te sair deles quando quiseres, com poucos saltos. Certos desfiladeiros s\u00e3o mesmo ideais para as crian\u00e7as. No entanto, outros desfiladeiros demoram dias a subir e cont\u00eam enormes quedas de \u00e1gua.   <\/p>\n<p>De qualquer forma, quer estejas a saltar de uma cascata ou a deslizar em \u00e1guas l\u00edmpidas, a divers\u00e3o \u00e9 garantida!<\/p>\n<h3><strong>O que significa Canyon?<\/strong><\/h3>\n<p>Canyon \u00e9 um termo espanhol que tem o mesmo significado. Na Am\u00e9rica do Norte, o nome &#8220;canyon&#8221; \u00e9 comummente usado, mas na Europa e na Oce\u00e2nia, os termos &#8220;gorge&#8221; e &#8220;ravine&#8221; s\u00e3o mais frequentemente usados. <\/p>\n<p>O Dictionary.com refere-se a um canyon como &#8220;um vale profundo com lados \u00edngremes e um riacho que o atravessa&#8221;.<\/p>\n<p>De acordo com o Cambridge Dictionary, a palavra Canyoning \u00e9 definida como &#8220;um desporto que envolve saltar para um riacho de montanha que corre muito depressa e ser levado pelo riacho abaixo enquanto flutuas de costas&#8221;.<\/p>\n<p>Basicamente, o canyoning (ou canionismo) \u00e9 um desporto de aventura ao ar livre que combina caminhadas, escalada, nata\u00e7\u00e3o e\/ou rapel para atravessar um desfiladeiro ou garganta. Segue um caminho de \u00e1gua formado por rochas para explorar as \u00e1reas sinuosas de um ambiente natural. <\/p>\n<p>Os participantes no canyoning deslizam, saltam e descem para o desfiladeiro, utilizando frequentemente equipamento t\u00e9cnico para percorrer caminhos atrav\u00e9s de riachos, piscinas e quedas de \u00e1gua.<\/p>\n<p>&nbsp;<\/p>\n<h3><strong>Como funciona o Canyoning?<\/strong><\/h3>\n<p>Geralmente, \u00e9 necess\u00e1rio fazer uma caminhada para chegar a um desfiladeiro. Pode ser t\u00e3o longa ou t\u00e3o curta como um trekking. O n\u00edvel de dificuldade ser\u00e1 determinado pela posi\u00e7\u00e3o do desfiladeiro na paisagem e pela sua proximidade de auto-estradas.  <\/p>\n<p>Vestes um fato de mergulho depois de chegares. Na \u00e1gua fria, os fatos de mergulho mant\u00eam-te quente. Pode ser prejudicial se n\u00e3o os tiveres, pois corres o risco de hipotermia. Tamb\u00e9m existem desfiladeiros secos, embora a maioria dos desfiladeiros do mundo inclua \u00e1gua.   <\/p>\n<p>Precisar\u00e1s tamb\u00e9m de um arn\u00eas, de um capacete e de uma corda para te manteres seguro. As cordas de rapel s\u00e3o utilizadas para desceres as cascatas e as fal\u00e9sias. Quando come\u00e7as, \u00e9 o teu m\u00e9todo de sa\u00edda. Para completar um canyon, tens de chegar ao fim, que \u00e9 o ponto em que o canyon reabre. Os desfiladeiros s\u00e3o normalmente percursos s\u00f3 de ida.    <\/p>\n<p>Durante uma excurs\u00e3o de canyoning, saltar\u00e1s \u00e0 volta de rochas, caminhar\u00e1s, nadar\u00e1s e far\u00e1s pequenas escaladas sobre partes rochosas em todo o desfiladeiro. Depois, fazes rapel. Quando come\u00e7as, isto pode ser assustador, mas rapidamente ultrapassas os teus medos, porque a adrenalina faz efeito. Desde que tenhas cuidado, utilizes as t\u00e9cnicas adequadas e te mantenhas com pessoas mais experientes at\u00e9 perceberes o que est\u00e1s a fazer, n\u00e3o ter\u00e1s problemas!   <\/p>\n<p>O melhor de tudo \u00e9 que \u00e9 uma atividade que todos podem praticar. Desde que estejas em boas condi\u00e7\u00f5es f\u00edsicas e n\u00e3o tenhas medo das alturas. H\u00e1 canyons f\u00e1ceis para principiantes e at\u00e9 para crian\u00e7as. Se fores mais avan\u00e7ado, podes experimentar desfiladeiros mais dif\u00edceis com enormes quedas de \u00e1gua. Seja qual for o desfiladeiro em que estejas a escalar, a divers\u00e3o \u00e9 garantida.    <\/p>\n<h3><strong>Que equipamento \u00e9 necess\u00e1rio para uma experi\u00eancia de Canyoning?  <\/strong><\/h3>\n<p>Se reservares uma excurs\u00e3o de canyoning, o que \u00e9 altamente recomendado quando o fazes pela primeira vez, a maior parte do equipamento ser\u00e1 oferecido pela empresa de turismo e est\u00e1 inclu\u00eddo no pre\u00e7o. Se estiveres a tentar ir sozinho, sem profissionais, vais precisar das seguintes coisas: <\/p>\n<p><strong>Fato de<\/strong> mergulho &#8211; O fato de mergulho \u00e9 o elemento fundamental para uma experi\u00eancia de canyoning segura. N\u00e3o o podes fazer sem ele. A \u00e1gua nos desfiladeiros \u00e9 normalmente bastante fria e o fato de mergulho mant\u00e9m-te quente e suporta o teu fluxo. Mais importante ainda, tamb\u00e9m te protege quando bates numa rocha.   <\/p>\n<p><strong>Capacete <\/strong>&#8211; entrar nestas \u00e1guas sem prote\u00e7\u00e3o para a cabe\u00e7a \u00e9 um risco de vida. A velocidade da \u00e1gua pode ser muito perigosa e \u00e9 comum escorregar e cair. No entanto, com um capacete resistente, a tua cabe\u00e7a estar\u00e1 bem protegida de ferimentos.  <\/p>\n<p><strong>Sapatos de canyoning<\/strong> &#8211; sapatos s\u00f3lidos e com boa ader\u00eancia s\u00e3o uma das coisas mais importantes em termos de seguran\u00e7a no canyoning. Se n\u00e3o quiseres gastar muito dinheiro em sapatos de canyoning de alta qualidade, sapatos de corrida velhos tamb\u00e9m s\u00e3o bons, se ainda tiverem boa ader\u00eancia e bastante amortecimento \u00e0 volta do p\u00e9. <\/p>\n<p>Corda <strong>est\u00e1tica<\/strong> &#8211; O rapel exige a utiliza\u00e7\u00e3o de uma corda est\u00e1tica. As cordas devem ser duradouras, fortes e resistentes \u00e0 \u00e1gua. Deves certificar-te de que o comprimento da corda que tens \u00e9 apropriado para os desafios do teu desfiladeiro. Se fores sem um guia especializado, certifica-te de que sabes como us\u00e1-la!   <\/p>\n<p><strong>Saco(s) de corda para canyoning<\/strong> &#8211; Um saco de corda imperme\u00e1vel e dren\u00e1vel torna f\u00e1cil e conveniente transportar as tuas cordas, permitindo-te tamb\u00e9m escalar, nadar e explorar em seguran\u00e7a com as m\u00e3os livres.<\/p>\n<p><strong>Dispositivo<\/strong> de descida &#8211; um sistema de seguran\u00e7a de descida \u00e9 outra carater\u00edstica de seguran\u00e7a importante. \u00c9 utilizado como trav\u00e3o de eros\u00e3o para te ajudar a lidar de forma segura e eficaz com a tua queda durante o rapel. <\/p>\n<p><strong>Arn\u00eas de escalada<\/strong> &#8211; para rapel ou escalada, este arn\u00eas \u00e9 usado de forma constante e est\u00e1 ligado a uma corda.<\/p>\n<p><strong>Recipiente imperme\u00e1vel com kit de tratamento de emerg\u00eancia<\/strong> &#8211; para unidade de assist\u00eancia m\u00e9dica, telefone e outros artigos b\u00e1sicos de seguran\u00e7a que caibam no teu saco de corda do desfiladeiro.<\/p>\n<p><strong>Faca &#8211; para<\/strong>todas as expedi\u00e7\u00f5es de canyoning, uma faca de canyoning \u00e0 prova de \u00e1gua \u00e9 uma ferramenta de seguran\u00e7a indispens\u00e1vel.<\/p>\n<p><strong>Estilingues, mosquet\u00f5es e amarra\u00e7\u00f5es<\/strong> &#8211; sabe quais os dispositivos de amarra\u00e7\u00e3o e seguran\u00e7a de que vais precisar para o teu desfiladeiro e tem sempre alguns estilingues e mosquet\u00f5es adicionais.<\/p>\n<p><strong>Destinos famosos de Canyoning em Fran\u00e7a?  <\/strong><\/p>\n<p>Todos os ver\u00f5es, as pessoas est\u00e3o ansiosas por experimentar novas actividades aqu\u00e1ticas, como o rafting, a canoagem e o remo. O canyoning tornou-se uma atividade obrigat\u00f3ria entre eles. O canyoning \u00e9 uma \u00f3ptima maneira de passar tempo com a fam\u00edlia ou amigos enquanto te divertes! Se nunca fizeste canyoning antes e n\u00e3o tens o equipamento necess\u00e1rio, recomendamos que marques uma viagem guiada de canyoning.   <\/p>\n<p>De qualquer forma, se estiveres em Fran\u00e7a, h\u00e1 v\u00e1rios destinos populares de canyoning para escolher:<\/p>\n<p><strong>Gargantas de Besorgues e Gargantas de Borne (Ard\u00e8che)<\/strong><\/p>\n<p>O Ard\u00e8che e, em particular, o Parque Natural Regional dos Monts d&#8217;Ard\u00e8che s\u00e3o fant\u00e1sticos para uma primeira experi\u00eancia de canyoning. A antiga \u00e1rea vulc\u00e2nica vai encantar-te com a sua paisagem m\u00e1gica. Ambos os desfiladeiros s\u00e3o f\u00e1ceis de percorrer e perfeitos para fam\u00edlias, pois s\u00e3o muito adequados para principiantes.  <\/p>\n<p><strong>Desfiladeiro de Furon e Desfiladeiro de Ecouges (Vercors)<\/strong><\/p>\n<p>O desfiladeiro de Furon e o desfiladeiro de Ecouges s\u00e3o dois desfiladeiros de renome nesta \u00e1rea natural, facilmente acess\u00edveis a partir de Lyon, Grenoble ou Genebra e s\u00e3o um dos destinos mais populares para a pr\u00e1tica de canyoning. Especialmente para principiantes, s\u00e3o perfeitamente adequados. <\/p>\n<h4><strong>As gargantas do Piton des Neiges (Ilha da Reuni\u00e3o)<\/strong><\/h4>\n<p>Nesta bela ilha, podes descobrir uma variedade de desfiladeiros deslumbrantes, especialmente no centro, em dire\u00e7\u00e3o ao Piton des Neiges. Mais uma vez, os desfiladeiros da ilha da Reuni\u00e3o s\u00e3o desfiladeiros f\u00e1ceis, bem adaptados aos principiantes. <\/p>\n<h4><strong>Canyon de Llech, Canyon du Taurinya e Canyon du Cady: Pirin\u00e9us.<\/strong><\/h4>\n<p>Os Pirin\u00e9us s\u00e3o populares pelas suas pistas de esqui, mas os aficionados do canyoning tamb\u00e9m os visitam. O Llech \u00e9, sem d\u00favida, um dos percursos de canyoning mais emocionantes de Fran\u00e7a. Escorregas de \u00e1gua, descidas emocionantes, um panorama \u00fanico. No entanto, os viciados em canyoning v\u00e3o gostar do desfiladeiro de Taurinya, que \u00e9 adequado para um n\u00edvel de dificuldade interm\u00e9dio.   <\/p>\n<h4><strong>As Gargantas do Verdon (Verdon)<\/strong><\/h4>\n<p>O Verdon, conhecido pelas suas gargantas, \u00e9 um local ideal para praticar canyoning em Fran\u00e7a. As suas paisagens luxuriantes e os seus mares de um azul profundo s\u00e3o o s\u00edmbolo do territ\u00f3rio e nunca deixam de surpreender. Os adeptos do canyoning adoram aproveitar as gargantas do Verdon, uma das mais profundas da Europa, para explorar caminhos incr\u00edveis. As passagens de canyoning s\u00e3o talhadas no calc\u00e1rio pela m\u00e3e natureza. As Gargantas do Verdon s\u00e3o perfeitas para todos os n\u00edveis, quer sejas um especialista ou um principiante.    <\/p>\n<p>O canyoning est\u00e1 a tornar-se uma atividade cada vez mais popular em Fran\u00e7a. Experimenta esta viagem de aventura cheia de sensa\u00e7\u00f5es intensas e com a garantia de momentos incr\u00edveis, sozinho ou numa visita guiada com profissionais. <\/p>\n<p>&nbsp;<\/p>\n<p>[\/vc_column_text][\/vc_column][\/vc_row]<\/p>\n<\/div>","protected":false},"excerpt":{"rendered":"<p>[vc_row el_class=&#8221;city-tours-custom&#8221; css=&#8221;.vc_custom_1624697707449{margin-top: 40px !important;margin-bottom: 20px !important;}&#8221;][vc_column][vc_column_text] Experi\u00eancias de Canyoning Riviera Francesa [\/vc_column_text][vc_separator][\/vc_column][\/vc_row][vc_row][vc_column][vc_row_inner][vc_column_inner][vc_column_text] Sobre o Canyoning [\/vc_column_text][\/vc_column_inner][\/vc_row_inner][vc_column_text] O que \u00e9 uma experi\u00eancia de canyoning? O canyoning \u00e9 um dos desportos de aventura em mais r\u00e1pido desenvolvimento no planeta e uma verdadeira emo\u00e7\u00e3o. Em poucos anos, o canyoning deixou de ser uma atividade invulgar de ver\u00e3o [&hellip;]<\/p>\n","protected":false},"author":2,"featured_media":51117,"parent":0,"menu_order":0,"comment_status":"closed","ping_status":"closed","template":"template-home-modern.php","meta":{"_acf_changed":false,"footnotes":""},"class_list":["post-123991","page","type-page","status-publish","has-post-thumbnail","hentry"],"acf":[],"yoast_head":"<!-- This site is optimized with the Yoast SEO plugin v27.4 - https:\/\/yoast.com\/product\/yoast-seo-wordpress\/ -->\n<title>Experi\u00eancia de Canyoning Riviera Francesa | Riviera Bar Crawl Tours<\/title>\n<meta name=\"description\" content=\"O canyoning est\u00e1 a tornar-se uma atividade cada vez mais popular em Fran\u00e7a. Experimenta esta viagem de aventura cheia de sensa\u00e7\u00f5es intensas numa visita guiada com profissionais\" \/>\n<meta name=\"robots\" content=\"index, follow, max-snippet:-1, max-image-preview:large, max-video-preview:-1\" \/>\n<link rel=\"canonical\" href=\"https:\/\/rivierabarcrawltours.com\/pt-pt\/experiencia-de-canyoning\/\" \/>\n<meta property=\"og:locale\" content=\"pt_PT\" \/>\n<meta property=\"og:type\" content=\"article\" \/>\n<meta property=\"og:title\" content=\"Experi\u00eancia de Canyoning Riviera Francesa | Riviera Bar Crawl Tours\" \/>\n<meta property=\"og:description\" content=\"O canyoning est\u00e1 a tornar-se uma atividade cada vez mais popular em Fran\u00e7a. Experimenta esta viagem de aventura cheia de sensa\u00e7\u00f5es intensas numa visita guiada com profissionais\" \/>\n<meta property=\"og:url\" content=\"https:\/\/rivierabarcrawltours.com\/pt-pt\/experiencia-de-canyoning\/\" \/>\n<meta property=\"og:site_name\" content=\"Riviera Bar Crawl Tours\" \/>\n<meta property=\"article:publisher\" content=\"https:\/\/www.facebook.com\/RivieraBarCrawltours\/\" \/>\n<meta property=\"article:modified_time\" content=\"2026-02-11T11:35:29+00:00\" \/>\n<meta property=\"og:image\" content=\"https:\/\/rivierabarcrawltours.com\/wp-content\/uploads\/2020\/12\/canyoning-nice.bmp\" \/>\n<meta name=\"twitter:card\" content=\"summary_large_image\" \/>\n<meta name=\"twitter:site\" content=\"@rivierabarcrawl\" \/>\n<meta name=\"twitter:label1\" content=\"Tempo estimado de leitura\" \/>\n\t<meta name=\"twitter:data1\" content=\"9 minutes\" \/>\n<!-- \/ Yoast SEO plugin. -->","yoast_head_json":{"title":"Experi\u00eancia de Canyoning Riviera Francesa | Riviera Bar Crawl Tours","description":"O canyoning est\u00e1 a tornar-se uma atividade cada vez mais popular em Fran\u00e7a. Experimenta esta viagem de aventura cheia de sensa\u00e7\u00f5es intensas numa visita guiada com profissionais","robots":{"index":"index","follow":"follow","max-snippet":"max-snippet:-1","max-image-preview":"max-image-preview:large","max-video-preview":"max-video-preview:-1"},"canonical":"https:\/\/rivierabarcrawltours.com\/pt-pt\/experiencia-de-canyoning\/","og_locale":"pt_PT","og_type":"article","og_title":"Experi\u00eancia de Canyoning Riviera Francesa | Riviera Bar Crawl Tours","og_description":"O canyoning est\u00e1 a tornar-se uma atividade cada vez mais popular em Fran\u00e7a. Experimenta esta viagem de aventura cheia de sensa\u00e7\u00f5es intensas numa visita guiada com profissionais","og_url":"https:\/\/rivierabarcrawltours.com\/pt-pt\/experiencia-de-canyoning\/","og_site_name":"Riviera Bar Crawl Tours","article_publisher":"https:\/\/www.facebook.com\/RivieraBarCrawltours\/","article_modified_time":"2026-02-11T11:35:29+00:00","og_image":[{"url":"https:\/\/rivierabarcrawltours.com\/wp-content\/uploads\/2020\/12\/canyoning-nice.bmp","type":"","width":"","height":""}],"twitter_card":"summary_large_image","twitter_site":"@rivierabarcrawl","twitter_misc":{"Tempo estimado de leitura":"9 minutes"},"schema":{"@context":"https:\/\/schema.org","@graph":[{"@type":"WebPage","@id":"https:\/\/rivierabarcrawltours.com\/pt-pt\/experiencia-de-canyoning\/","url":"https:\/\/rivierabarcrawltours.com\/pt-pt\/experiencia-de-canyoning\/","name":"Experi\u00eancia de Canyoning Riviera Francesa | Riviera Bar Crawl Tours","isPartOf":{"@id":"https:\/\/rivierabarcrawltours.com\/#website"},"primaryImageOfPage":{"@id":"https:\/\/rivierabarcrawltours.com\/pt-pt\/experiencia-de-canyoning\/#primaryimage"},"image":{"@id":"https:\/\/rivierabarcrawltours.com\/pt-pt\/experiencia-de-canyoning\/#primaryimage"},"thumbnailUrl":"https:\/\/rivierabarcrawltours.com\/wp-content\/uploads\/2018\/11\/nice-cote-azur-canyoning.jpg","datePublished":"2026-02-11T11:35:28+00:00","dateModified":"2026-02-11T11:35:29+00:00","description":"O canyoning est\u00e1 a tornar-se uma atividade cada vez mais popular em Fran\u00e7a. Experimenta esta viagem de aventura cheia de sensa\u00e7\u00f5es intensas numa visita guiada com profissionais","breadcrumb":{"@id":"https:\/\/rivierabarcrawltours.com\/pt-pt\/experiencia-de-canyoning\/#breadcrumb"},"inLanguage":"pt-PT","potentialAction":[{"@type":"ReadAction","target":["https:\/\/rivierabarcrawltours.com\/pt-pt\/experiencia-de-canyoning\/"]}]},{"@type":"ImageObject","inLanguage":"pt-PT","@id":"https:\/\/rivierabarcrawltours.com\/pt-pt\/experiencia-de-canyoning\/#primaryimage","url":"https:\/\/rivierabarcrawltours.com\/wp-content\/uploads\/2018\/11\/nice-cote-azur-canyoning.jpg","contentUrl":"https:\/\/rivierabarcrawltours.com\/wp-content\/uploads\/2018\/11\/nice-cote-azur-canyoning.jpg","width":1920,"height":1080,"caption":"nice cote azur canyoning"},{"@type":"BreadcrumbList","@id":"https:\/\/rivierabarcrawltours.com\/pt-pt\/experiencia-de-canyoning\/#breadcrumb","itemListElement":[{"@type":"ListItem","position":1,"name":"Home","item":"https:\/\/rivierabarcrawltours.com\/pt-pt\/"},{"@type":"ListItem","position":2,"name":"Experi\u00eancia de canyoning"}]},{"@type":"WebSite","@id":"https:\/\/rivierabarcrawltours.com\/#website","url":"https:\/\/rivierabarcrawltours.com\/","name":"Riviera Bar Crawl Tours","description":"Fun Day &amp; Night Experiences I Tour operator I Guided Tours I Bar Crawls I Food Tours I","publisher":{"@id":"https:\/\/rivierabarcrawltours.com\/#organization"},"potentialAction":[{"@type":"SearchAction","target":{"@type":"EntryPoint","urlTemplate":"https:\/\/rivierabarcrawltours.com\/?s={search_term_string}"},"query-input":{"@type":"PropertyValueSpecification","valueRequired":true,"valueName":"search_term_string"}}],"inLanguage":"pt-PT"},{"@type":"Organization","@id":"https:\/\/rivierabarcrawltours.com\/#organization","name":"Riviera Bar Crawl Tours","url":"https:\/\/rivierabarcrawltours.com\/","logo":{"@type":"ImageObject","inLanguage":"pt-PT","@id":"https:\/\/rivierabarcrawltours.com\/#\/schema\/logo\/image\/","url":"https:\/\/rivierabarcrawltours.com\/wp-content\/uploads\/2019\/07\/logo.png","contentUrl":"https:\/\/rivierabarcrawltours.com\/wp-content\/uploads\/2019\/07\/logo.png","width":479,"height":453,"caption":"Riviera Bar Crawl Tours"},"image":{"@id":"https:\/\/rivierabarcrawltours.com\/#\/schema\/logo\/image\/"},"sameAs":["https:\/\/www.facebook.com\/RivieraBarCrawltours\/","https:\/\/x.com\/rivierabarcrawl"]}]}},"_links":{"self":[{"href":"https:\/\/rivierabarcrawltours.com\/pt-pt\/wp-json\/wp\/v2\/pages\/123991","targetHints":{"allow":["GET"]}}],"collection":[{"href":"https:\/\/rivierabarcrawltours.com\/pt-pt\/wp-json\/wp\/v2\/pages"}],"about":[{"href":"https:\/\/rivierabarcrawltours.com\/pt-pt\/wp-json\/wp\/v2\/types\/page"}],"author":[{"embeddable":true,"href":"https:\/\/rivierabarcrawltours.com\/pt-pt\/wp-json\/wp\/v2\/users\/2"}],"replies":[{"embeddable":true,"href":"https:\/\/rivierabarcrawltours.com\/pt-pt\/wp-json\/wp\/v2\/comments?post=123991"}],"version-history":[{"count":2,"href":"https:\/\/rivierabarcrawltours.com\/pt-pt\/wp-json\/wp\/v2\/pages\/123991\/revisions"}],"predecessor-version":[{"id":123993,"href":"https:\/\/rivierabarcrawltours.com\/pt-pt\/wp-json\/wp\/v2\/pages\/123991\/revisions\/123993"}],"wp:featuredmedia":[{"embeddable":true,"href":"https:\/\/rivierabarcrawltours.com\/pt-pt\/wp-json\/wp\/v2\/media\/51117"}],"wp:attachment":[{"href":"https:\/\/rivierabarcrawltours.com\/pt-pt\/wp-json\/wp\/v2\/media?parent=123991"}],"curies":[{"name":"wp","href":"https:\/\/api.w.org\/{rel}","templated":true}]}}