{"id":123988,"date":"2026-02-11T12:34:52","date_gmt":"2026-02-11T11:34:52","guid":{"rendered":"https:\/\/rivierabarcrawltours.com\/excursoes-gastronomicas\/"},"modified":"2026-02-11T12:34:53","modified_gmt":"2026-02-11T11:34:53","slug":"excursoes-gastronomicas","status":"publish","type":"page","link":"https:\/\/rivierabarcrawltours.com\/pt-pt\/excursoes-gastronomicas\/","title":{"rendered":"Excurs\u00f5es gastron\u00f3micas"},"content":{"rendered":"<div class=\"wpb-content-wrapper\"><p>[vc_row el_class=&#8221;city-tours-custom&#8221; css=&#8221;.vc_custom_1624697755895{margin-top: 40px !important;margin-bottom: 20px !important;}&#8221;][vc_column][vc_column_text]<\/p>\n<h2>Todas as nossas excurs\u00f5es gastron\u00f3micas<\/h2>\n<p>[\/vc_column_text][vc_separator]<div class='list_tours'>   <div class=\"concept-listings owl-carousel owl-theme\">\n          <div class=\"style_box\">\n                      <div class=\"thumb\">\n               <header class=\"thumb-header st_avatar_fix\">\n                                      <a href=\"https:\/\/rivierabarcrawltours.com\/pt-pt\/tour\/o-tour-gastronomico-de-monaco\/\" class=\"hover-img\">\n                       <img decoding=\"async\" width=\"260\" height=\"190\" src=\"https:\/\/rivierabarcrawltours.com\/wp-content\/uploads\/2016\/03\/Food-tasting-tour-Nice-260x190.jpg\" class=\"attachment-260x190x1 size-260x190x1 wp-post-image\" alt=\"passeios gastron\u00f3micos agrad\u00e1veis\" \/>                       <h5 class=\"hover-title hover-hold text-center\">\n                           Visita gastron\u00f3mica privada aos sabores do M\u00f3naco                       <\/h5>\n                   <\/a>\n                                  <\/header>\n           <\/div>\n       <\/div>\n          <div class=\"style_box\">\n                      <div class=\"thumb\">\n               <header class=\"thumb-header st_avatar_fix\">\n                                      <a href=\"https:\/\/rivierabarcrawltours.com\/pt-pt\/tour\/tour-de-degustacao-de-alimentos-locais-antibes\/\" class=\"hover-img\">\n                       <img decoding=\"async\" width=\"260\" height=\"190\" src=\"https:\/\/rivierabarcrawltours.com\/wp-content\/uploads\/2022\/04\/antibes-food-tours-e1676558154826-260x190.jpg\" class=\"attachment-260x190x1 size-260x190x1 wp-post-image\" alt=\"antibes food tours\" \/>                       <h5 class=\"hover-title hover-hold text-center\">\n                           Tour de degusta\u00e7\u00e3o de alimentos locais Antibes                       <\/h5>\n                   <\/a>\n                                  <\/header>\n           <\/div>\n       <\/div>\n          <div class=\"style_box\">\n                      <div class=\"thumb\">\n               <header class=\"thumb-header st_avatar_fix\">\n                                      <a href=\"https:\/\/rivierabarcrawltours.com\/pt-pt\/tour\/piquenique-de-luxo-na-riviera-francesa-de-nice\/\" class=\"hover-img\">\n                       <img decoding=\"async\" width=\"260\" height=\"190\" src=\"https:\/\/rivierabarcrawltours.com\/wp-content\/uploads\/2021\/02\/luxury-picnic-2-260x190.jpg\" class=\"attachment-260x190x1 size-260x190x1 wp-post-image\" alt=\"Tour piquenique de luxo na Riviera Francesa de Nice\" \/>                       <h5 class=\"hover-title hover-hold text-center\">\n                           Piquenique de luxo na Riviera Francesa de Nice                       <\/h5>\n                   <\/a>\n                                  <\/header>\n           <\/div>\n       <\/div>\n          <div class=\"style_box\">\n                      <div class=\"thumb\">\n               <header class=\"thumb-header st_avatar_fix\">\n                                      <a href=\"https:\/\/rivierabarcrawltours.com\/pt-pt\/tour\/os-sabores-das-visitas-alimentares-de-nice\/\" class=\"hover-img\">\n                       <img decoding=\"async\" width=\"260\" height=\"190\" src=\"https:\/\/rivierabarcrawltours.com\/wp-content\/uploads\/2022\/01\/Food-tours-Cannes-260x190.jpg\" class=\"attachment-260x190x1 size-260x190x1 wp-post-image\" alt=\"Passeios gastron\u00f3micos agrad\u00e1veis\" srcset=\"https:\/\/rivierabarcrawltours.com\/wp-content\/uploads\/2022\/01\/Food-tours-Cannes-260x190.jpg 260w, https:\/\/rivierabarcrawltours.com\/wp-content\/uploads\/2022\/01\/Food-tours-Cannes-680x500.jpg 680w\" sizes=\"(max-width: 260px) 100vw, 260px\" \/>                       <h5 class=\"hover-title hover-hold text-center\">\n                           Os sabores de Nice Excurs\u00f5es gastron\u00f3micas privadas                       <\/h5>\n                   <\/a>\n                                  <\/header>\n           <\/div>\n       <\/div>\n          <div class=\"style_box\">\n           <div class=\"feature_class st_featured featured\">Featured<\/div>           <div class=\"thumb\">\n               <header class=\"thumb-header st_avatar_fix\">\n                                      <a href=\"https:\/\/rivierabarcrawltours.com\/pt-pt\/tour\/os-sabores-da-volta-alimentar-de-cannes\/\" class=\"hover-img\">\n                       <img decoding=\"async\" width=\"260\" height=\"190\" src=\"https:\/\/rivierabarcrawltours.com\/wp-content\/uploads\/2022\/01\/Food-tours-Cannes-260x190.jpg\" class=\"attachment-260x190x1 size-260x190x1 wp-post-image\" alt=\"Visita alimentar a Cannes\" srcset=\"https:\/\/rivierabarcrawltours.com\/wp-content\/uploads\/2022\/01\/Food-tours-Cannes-260x190.jpg 260w, https:\/\/rivierabarcrawltours.com\/wp-content\/uploads\/2022\/01\/Food-tours-Cannes-680x500.jpg 680w\" sizes=\"(max-width: 260px) 100vw, 260px\" \/>                       <h5 class=\"hover-title hover-hold text-center\">\n                           Os sabores de Cannes &#8211; Tour de comidas locais                       <\/h5>\n                   <\/a>\n                                  <\/header>\n           <\/div>\n       <\/div>\n   <\/div>\n\n            <style type=\"text\/css\">\n            .concept-listings .owl-dots.disabled,\n            .concept-listings .owl-nav.disabled{\n                display: block !important;\n            }\n        <\/style>\n    \n<script type=\"text\/javascript\">\n$(document).ready(function() {\n       $(\".concept-listings\").owlCarousel({\n        margin:20,\n                loop:true,\n                dots:true,\n        responsiveClass:true,\n        responsive:{\n            0:{\n                items:1,\n                nav:false\n            },\n            600:{\n                items:3,\n                nav:false\n            },\n            1000:{\n                items:4,\n                nav:true\n            }\n        }\n       });\n}); \n\n<\/script>\n\n<style type=\"text\/css\">\n.concept-listings .owl-stage {\n    display: -webkit-box !important;\n    display: -moz-box !important;\n    display: -ms-box !important;\n    display: box !important;\n}\n.concept-listings .owl-dots {\n    margin-top: 10px;\n    text-align: center;\n}\n.concept-listings .owl-dots .owl-dot {\n    display: inline-block;\n    background: 0 0;\n    color: inherit;\n    border: none;\n    padding: 0 !important;\n}\n.concept-listings .owl-dots .owl-dot.active span {\n    background: var(--link-color, #5191FA);\n}\n.concept-listings .owl-dots .owl-dot span {\n    width: 10px;\n    height: 10px;\n    margin: 5px 7px;\n    background: var(--light-grey-color, #EAEEF3);\n    display: block;\n    transition: opacity 0.2s ease;\n    border-radius: 30px;\n}\n.city-tours-custom .feature_class{\n  left: 0 !important;\n}\n.concept-listings .owl-nav {\n    position: absolute;\n    height: 100%;\n    top: 0;\n    width: 100%;\n    z-index: -1;\n}\n.concept-listings .owl-nav button {\n    position: absolute;\n    top: 50%;\n    margin-top: -18px;\n}\n.concept-listings .owl-nav button.owl-next {\n    right: -66px;\n}\n.concept-listings .owl-nav button.owl-prev {\n    left: -66px;\n}\n.concept-listings .owl-nav button.owl-next span {\n    width: 36px;\n    height: 36px;\n    display: block;\n    background: url(https:\/\/rivierabarcrawltours.com\/wp-content\/uploads\/2021\/06\/arrow-right.png) center center no-repeat;\n    background-size: 100% auto;\n    color: transparent;\n}\n.concept-listings .owl-nav button.owl-prev span {\n    width: 36px;\n    height: 36px;\n    display: block;\n    background: url(https:\/\/rivierabarcrawltours.com\/wp-content\/uploads\/2021\/02\/arrow-left.png) center center no-repeat;\n    background-size: 100% auto;\n    color: transparent;\n}\n\n.city-tours-custom .thumb{\n    border: none !important;\n}\n<\/style><\/div>[\/vc_column][\/vc_row][vc_row][vc_column][vc_row_inner][vc_column_inner][vc_column_text]<\/p>\n<h2>Sobre as nossas excurs\u00f5es gastron\u00f3micas<\/h2>\n<p>[\/vc_column_text][\/vc_column_inner][\/vc_row_inner][vc_row_inner][vc_column_inner width=&#8221;1\/2&#8243;][vc_column_text]Todos n\u00f3s temos o desejo de descobrir o m\u00e1ximo poss\u00edvel quando viajamos para uma nova cidade ou um novo pa\u00eds. E quando viajas para Fran\u00e7a, descobrir e compreender a cultura local passa tamb\u00e9m pela descoberta da sua gastronomia.<\/p>\n<p>Quer sejas um viajante estrangeiro em Fran\u00e7a, um local que recebe alguns amigos internacionais que nos visitam de vez em quando com o desejo de descobrir a verdadeira Fran\u00e7a, as visitas gastron\u00f3micas s\u00e3o a melhor forma de conhecer os locais, a sua cidade e a sua cultura atrav\u00e9s do que gostam de comer e onde gostam de o fazer.<\/p>\n<h4><strong>Por que raz\u00e3o deves fazer uma excurs\u00e3o gastron\u00f3mica?<\/strong><\/h4>\n<p>Como viajante e turista, sonhamos com Paris, Nice, M\u00f3naco, a Riviera Francesa, como poder\u00edamos sonhar com T\u00f3quio ou Nova Iorque e n\u00e3o queremos perder a sua estadia. Queremos descobrir os sabores franceses, provar bons produtos regionais, mas tamb\u00e9m provar e experimentar excelentes vinhos. <\/p>\n<p>Assim, o que poderia ser complicado de planear, rapidamente se torna descontra\u00eddo e divertido gra\u00e7as ao grande conceito das Food Tours.<\/p>\n<p>Para saberes mais sobre o que \u00e9 uma boa excurs\u00e3o gastron\u00f3mica, encontr\u00e1mos alguns guias tur\u00edsticos locais que organizam as <a href=\"https:\/\/rivierabarcrawltours.com\/activite\/nice-food-tours-france\/\">melhores excurs\u00f5es gastron\u00f3micas em Nice<\/a>. Riviera Bar Crawl &amp; Tours \u00e9 um especialista em visitas guiadas privadas, passeios a p\u00e9, pub crawls e outras actividades divertidas na Riviera Francesa e em Paris. \u00c9 uma empresa jovem com indiv\u00edduos talentosos locais que oferece a oportunidade de descobrir uma cidade e a gastronomia francesa de forma diferente!  <\/p>\n<h4><strong>O conceito de food tours<\/strong><\/h4>\n<p>Se quiseres fazer um tour gastron\u00f3mico na Riviera Francesa, podes optar por descobrir cidades como Nice, M\u00f3naco, Antibes, ou outras. Para oferecer passeios culin\u00e1rios de qualidade em diferentes cidades e bairros, uma grande viagem gastron\u00f3mica deve ser conduzida por &#8220;gastr\u00f3nomos&#8221;, guias locais e amantes da cidade que est\u00e1s a visitar. Estes guias gastron\u00f3micos devem adorar o seu bairro, mas tamb\u00e9m os produtos certos.  <\/p>\n<p>Um tour gastron\u00f3mico tamb\u00e9m deve ser feito para descobrir uma cidade e os seus melhores comerciantes em pequenos grupos. No programa, uma visita a 5, 6, 7 ou mais boutiques, escolhidas a dedo, e poder\u00e1s provar cerca de 10 a 15 produtos locais diferentes: macarons, queijo, vinho, azeite, tapenade, etc. <\/p>\n<p>Mas uma viagem gastron\u00f3mica n\u00e3o se resume a comida e bebida. Deves descobrir a vida local e a cultura gastron\u00f3mica, atrav\u00e9s de visitas privadas, passeios a p\u00e9, paragens em bancas de comida local ou mesmo uma aula de culin\u00e1ria. <\/p>\n<p>Um tour gastron\u00f3mico deve tamb\u00e9m poder receber pessoas em diferentes l\u00ednguas, como o ingl\u00eas, o franc\u00eas e o espanhol, mas tamb\u00e9m noutras l\u00ednguas!<\/p>\n<p>O conceito de uma grande excurs\u00e3o gastron\u00f3mica deve tamb\u00e9m levar-te a diferentes bairros da cidade, para veres os mercados de comida locais, para que possas provar a comida e sentir a atmosfera local, com algum enfoque na combina\u00e7\u00e3o de vinho e comida.<\/p>\n<p>Os melhores organizadores de circuitos gastron\u00f3micos selecionam cuidadosamente cada estabelecimento e cada produto apresentado. Assegura-se de que respeitam os valores que queremos real\u00e7ar: a qualidade dos produtos, o saber-fazer tradicional, uma abordagem regional dos produtos, uma produ\u00e7\u00e3o artesanal, todos os elementos que formam a especificidade do Terroir franc\u00eas e a reputa\u00e7\u00e3o da gastronomia francesa no mundo. <\/p>\n<p>Todos os workshops, paragens gastron\u00f3micas, foram desenvolvidos especificamente para os convidados, de acordo com as suas especifica\u00e7\u00f5es, e s\u00e3o diretamente impulsionados pelas pessoas que encontras ao longo do caminho e pelos produtos apresentados.[\/vc_column_text][\/vc_column_inner][vc_column_inner width=&#8221;1\/2&#8243;][vc_column_text]<\/p>\n<h4><strong>As op\u00e7\u00f5es de visitas gastron\u00f3micas<\/strong><\/h4>\n<p>Riviera Bar Crawl and Tours \u00e9 uma ag\u00eancia especializada na organiza\u00e7\u00e3o de actividades e visitas guiadas na Riviera Francesa e em Paris. Podes escolher entre passeios a p\u00e9, visitas guiadas privadas para descobrir os melhores monumentos e locais, ou optar por visitas gastron\u00f3micas sobre o tema da gastronomia francesa, enologia e produtos locais. <\/p>\n<p>Um roteiro gastron\u00f3mico \u00e9 uma forma de turismo cultural. A descoberta de uma regi\u00e3o define-se atrav\u00e9s das experi\u00eancias de degusta\u00e7\u00e3o e dos destaques do patrim\u00f3nio gastron\u00f3mico de Fran\u00e7a de v\u00e1rias formas: <\/p>\n<ul>\n<li>Visitas guiadas gourmet em cidades vibrantes como Nice, Cannes ou M\u00f3naco<\/li>\n<li>Workshops de degusta\u00e7\u00e3o e refei\u00e7\u00f5es at\u00edpicas<\/li>\n<li>Aulas de culin\u00e1ria personalizadas<\/li>\n<li>Excurs\u00f5es e viagens gastron\u00f3micas<\/li>\n<\/ul>\n<p>Em todo o caso, quando escolhes um tour gastron\u00f3mico, os destaques e as actividades s\u00e3o:<\/p>\n<ul>\n<li>Um tema original e divertido que combina cultura, gastronomia e hist\u00f3ria<\/li>\n<li>Uma sele\u00e7\u00e3o dos melhores apreciadores de comida e artes\u00e3os locais da regi\u00e3o<\/li>\n<li>Guias especializados em alimenta\u00e7\u00e3o e culturas alimentares<\/li>\n<li>Degusta\u00e7\u00f5es generosas para experimentares as especialidades locais<\/li>\n<li>Grupos mais pequenos para uma melhor intera\u00e7\u00e3o<\/li>\n<li>Percursos e explica\u00e7\u00f5es adaptados em fun\u00e7\u00e3o do p\u00fablico<\/li>\n<\/ul>\n<p>Todos os nossos servi\u00e7os oferecidos numa grande viagem gastron\u00f3mica s\u00e3o cuidadosamente criados. Deves ter a op\u00e7\u00e3o de organizar um tour gastron\u00f3mico personalizado de A a Z internamente por uma equipa multicultural composta por especialistas em culturas alimentares que partilham uma paix\u00e3o comum pela gastronomia e que desejam transmitir os seus conhecimentos. <\/p>\n<p>Cada novo destino gourmet \u00e9 previamente objeto de estudos e pesquisas aprofundadas, tanto do ponto de vista hist\u00f3rico como geogr\u00e1fico, arquitet\u00f3nico e cultural. Todos os passeios e visitas gastron\u00f3micas devem ser conduzidos por guias especializados no patrim\u00f3nio culin\u00e1rio franc\u00eas. <\/p>\n<p>A partir da\u00ed, as oportunidades s\u00e3o infinitas e abres-te a descobertas incr\u00edveis e a uma melhor compreens\u00e3o da cidade e da regi\u00e3o que est\u00e1s a visitar. Os temas para a tua pr\u00f3xima viagem gastron\u00f3mica s\u00e3o infinitos: Comida francesa de luxo, Terroir e paisagem, alimenta\u00e7\u00e3o local, r\u00f3tulos e qualidade, mercado biol\u00f3gico, lojas de comida tradicional, o mundo da pastelaria, chefes de cozinha e at\u00e9 novos modos de consumo com cami\u00f5es de comida local e comida de rua.[\/vc_column_text][\/vc_column_inner][\/vc_row_inner][\/vc_column][\/vc_row]<\/p>\n<\/div>","protected":false},"excerpt":{"rendered":"<p>[vc_row el_class=&#8221;city-tours-custom&#8221; css=&#8221;.vc_custom_1624697755895{margin-top: 40px !important;margin-bottom: 20px !important;}&#8221;][vc_column][vc_column_text] Todas as nossas excurs\u00f5es gastron\u00f3micas [\/vc_column_text][vc_separator][\/vc_column][\/vc_row][vc_row][vc_column][vc_row_inner][vc_column_inner][vc_column_text] Sobre as nossas excurs\u00f5es gastron\u00f3micas [\/vc_column_text][\/vc_column_inner][\/vc_row_inner][vc_row_inner][vc_column_inner width=&#8221;1\/2&#8243;][vc_column_text]Todos n\u00f3s temos o desejo de descobrir o m\u00e1ximo poss\u00edvel quando viajamos para uma nova cidade ou um novo pa\u00eds. E quando viajas para Fran\u00e7a, descobrir e compreender a cultura local passa tamb\u00e9m pela descoberta da [&hellip;]<\/p>\n","protected":false},"author":2,"featured_media":37679,"parent":0,"menu_order":0,"comment_status":"closed","ping_status":"closed","template":"template-home-modern.php","meta":{"_acf_changed":false,"footnotes":""},"class_list":["post-123988","page","type-page","status-publish","has-post-thumbnail","hentry"],"acf":[],"yoast_head":"<!-- This site is optimized with the Yoast SEO plugin v27.3 - https:\/\/yoast.com\/product\/yoast-seo-wordpress\/ -->\n<title>Arquivos des  | Riviera Bar Crawl Tours<\/title>\n<meta name=\"description\" content=\"Um tour gastron\u00f3mico tamb\u00e9m deve ser feito para descobrir uma cidade e os seus melhores comerciantes em pequenos grupos | Um tour gastron\u00f3mico tamb\u00e9m deve ser feito para descobrir uma cidade\" \/>\n<meta name=\"robots\" content=\"index, follow, max-snippet:-1, max-image-preview:large, max-video-preview:-1\" \/>\n<link rel=\"canonical\" href=\"https:\/\/rivierabarcrawltours.com\/pt-pt\/excursoes-gastronomicas\/\" \/>\n<meta property=\"og:locale\" content=\"pt_PT\" \/>\n<meta property=\"og:type\" content=\"article\" \/>\n<meta property=\"og:title\" content=\"Arquivos des  | Riviera Bar Crawl Tours\" \/>\n<meta property=\"og:description\" content=\"Um tour gastron\u00f3mico tamb\u00e9m deve ser feito para descobrir uma cidade e os seus melhores comerciantes em pequenos grupos | Um tour gastron\u00f3mico tamb\u00e9m deve ser feito para descobrir uma cidade\" \/>\n<meta property=\"og:url\" content=\"https:\/\/rivierabarcrawltours.com\/pt-pt\/excursoes-gastronomicas\/\" \/>\n<meta property=\"og:site_name\" content=\"Riviera Bar Crawl Tours\" \/>\n<meta property=\"article:publisher\" content=\"https:\/\/www.facebook.com\/RivieraBarCrawltours\/\" \/>\n<meta property=\"article:modified_time\" content=\"2026-02-11T11:34:53+00:00\" \/>\n<meta property=\"og:image\" content=\"https:\/\/rivierabarcrawltours.com\/wp-content\/uploads\/2019\/12\/food-tasting-nice-team-building.jpg\" \/>\n\t<meta property=\"og:image:width\" content=\"1080\" \/>\n\t<meta property=\"og:image:height\" content=\"720\" \/>\n\t<meta property=\"og:image:type\" content=\"image\/jpeg\" \/>\n<meta name=\"twitter:card\" content=\"summary_large_image\" \/>\n<meta name=\"twitter:site\" content=\"@rivierabarcrawl\" \/>\n<meta name=\"twitter:label1\" content=\"Tempo estimado de leitura\" \/>\n\t<meta name=\"twitter:data1\" content=\"6 minutes\" \/>\n<!-- \/ Yoast SEO plugin. -->","yoast_head_json":{"title":"Arquivos des  | Riviera Bar Crawl Tours","description":"Um tour gastron\u00f3mico tamb\u00e9m deve ser feito para descobrir uma cidade e os seus melhores comerciantes em pequenos grupos | Um tour gastron\u00f3mico tamb\u00e9m deve ser feito para descobrir uma cidade","robots":{"index":"index","follow":"follow","max-snippet":"max-snippet:-1","max-image-preview":"max-image-preview:large","max-video-preview":"max-video-preview:-1"},"canonical":"https:\/\/rivierabarcrawltours.com\/pt-pt\/excursoes-gastronomicas\/","og_locale":"pt_PT","og_type":"article","og_title":"Arquivos des  | Riviera Bar Crawl Tours","og_description":"Um tour gastron\u00f3mico tamb\u00e9m deve ser feito para descobrir uma cidade e os seus melhores comerciantes em pequenos grupos | Um tour gastron\u00f3mico tamb\u00e9m deve ser feito para descobrir uma cidade","og_url":"https:\/\/rivierabarcrawltours.com\/pt-pt\/excursoes-gastronomicas\/","og_site_name":"Riviera Bar Crawl Tours","article_publisher":"https:\/\/www.facebook.com\/RivieraBarCrawltours\/","article_modified_time":"2026-02-11T11:34:53+00:00","og_image":[{"width":1080,"height":720,"url":"https:\/\/rivierabarcrawltours.com\/wp-content\/uploads\/2019\/12\/food-tasting-nice-team-building.jpg","type":"image\/jpeg"}],"twitter_card":"summary_large_image","twitter_site":"@rivierabarcrawl","twitter_misc":{"Tempo estimado de leitura":"6 minutes"},"schema":{"@context":"https:\/\/schema.org","@graph":[{"@type":"WebPage","@id":"https:\/\/rivierabarcrawltours.com\/pt-pt\/excursoes-gastronomicas\/","url":"https:\/\/rivierabarcrawltours.com\/pt-pt\/excursoes-gastronomicas\/","name":"Arquivos des | Riviera Bar Crawl Tours","isPartOf":{"@id":"https:\/\/rivierabarcrawltours.com\/#website"},"primaryImageOfPage":{"@id":"https:\/\/rivierabarcrawltours.com\/pt-pt\/excursoes-gastronomicas\/#primaryimage"},"image":{"@id":"https:\/\/rivierabarcrawltours.com\/pt-pt\/excursoes-gastronomicas\/#primaryimage"},"thumbnailUrl":"https:\/\/rivierabarcrawltours.com\/wp-content\/uploads\/2019\/12\/food-tasting-nice-team-building.jpg","datePublished":"2026-02-11T11:34:52+00:00","dateModified":"2026-02-11T11:34:53+00:00","description":"Um tour gastron\u00f3mico tamb\u00e9m deve ser feito para descobrir uma cidade e os seus melhores comerciantes em pequenos grupos | Um tour gastron\u00f3mico tamb\u00e9m deve ser feito para descobrir uma cidade","breadcrumb":{"@id":"https:\/\/rivierabarcrawltours.com\/pt-pt\/excursoes-gastronomicas\/#breadcrumb"},"inLanguage":"pt-PT","potentialAction":[{"@type":"ReadAction","target":["https:\/\/rivierabarcrawltours.com\/pt-pt\/excursoes-gastronomicas\/"]}]},{"@type":"ImageObject","inLanguage":"pt-PT","@id":"https:\/\/rivierabarcrawltours.com\/pt-pt\/excursoes-gastronomicas\/#primaryimage","url":"https:\/\/rivierabarcrawltours.com\/wp-content\/uploads\/2019\/12\/food-tasting-nice-team-building.jpg","contentUrl":"https:\/\/rivierabarcrawltours.com\/wp-content\/uploads\/2019\/12\/food-tasting-nice-team-building.jpg","width":1080,"height":720,"caption":"degusta\u00e7\u00e3o de alimentos bom team building"},{"@type":"BreadcrumbList","@id":"https:\/\/rivierabarcrawltours.com\/pt-pt\/excursoes-gastronomicas\/#breadcrumb","itemListElement":[{"@type":"ListItem","position":1,"name":"Home","item":"https:\/\/rivierabarcrawltours.com\/pt-pt\/"},{"@type":"ListItem","position":2,"name":"Excurs\u00f5es gastron\u00f3micas"}]},{"@type":"WebSite","@id":"https:\/\/rivierabarcrawltours.com\/#website","url":"https:\/\/rivierabarcrawltours.com\/","name":"Riviera Bar Crawl Tours","description":"Fun Day &amp; Night Experiences I Tour operator I Guided Tours I Bar Crawls I Food Tours I","publisher":{"@id":"https:\/\/rivierabarcrawltours.com\/#organization"},"potentialAction":[{"@type":"SearchAction","target":{"@type":"EntryPoint","urlTemplate":"https:\/\/rivierabarcrawltours.com\/?s={search_term_string}"},"query-input":{"@type":"PropertyValueSpecification","valueRequired":true,"valueName":"search_term_string"}}],"inLanguage":"pt-PT"},{"@type":"Organization","@id":"https:\/\/rivierabarcrawltours.com\/#organization","name":"Riviera Bar Crawl Tours","url":"https:\/\/rivierabarcrawltours.com\/","logo":{"@type":"ImageObject","inLanguage":"pt-PT","@id":"https:\/\/rivierabarcrawltours.com\/#\/schema\/logo\/image\/","url":"https:\/\/rivierabarcrawltours.com\/wp-content\/uploads\/2019\/07\/logo.png","contentUrl":"https:\/\/rivierabarcrawltours.com\/wp-content\/uploads\/2019\/07\/logo.png","width":479,"height":453,"caption":"Riviera Bar Crawl Tours"},"image":{"@id":"https:\/\/rivierabarcrawltours.com\/#\/schema\/logo\/image\/"},"sameAs":["https:\/\/www.facebook.com\/RivieraBarCrawltours\/","https:\/\/x.com\/rivierabarcrawl"]}]}},"_links":{"self":[{"href":"https:\/\/rivierabarcrawltours.com\/pt-pt\/wp-json\/wp\/v2\/pages\/123988","targetHints":{"allow":["GET"]}}],"collection":[{"href":"https:\/\/rivierabarcrawltours.com\/pt-pt\/wp-json\/wp\/v2\/pages"}],"about":[{"href":"https:\/\/rivierabarcrawltours.com\/pt-pt\/wp-json\/wp\/v2\/types\/page"}],"author":[{"embeddable":true,"href":"https:\/\/rivierabarcrawltours.com\/pt-pt\/wp-json\/wp\/v2\/users\/2"}],"replies":[{"embeddable":true,"href":"https:\/\/rivierabarcrawltours.com\/pt-pt\/wp-json\/wp\/v2\/comments?post=123988"}],"version-history":[{"count":2,"href":"https:\/\/rivierabarcrawltours.com\/pt-pt\/wp-json\/wp\/v2\/pages\/123988\/revisions"}],"predecessor-version":[{"id":123990,"href":"https:\/\/rivierabarcrawltours.com\/pt-pt\/wp-json\/wp\/v2\/pages\/123988\/revisions\/123990"}],"wp:featuredmedia":[{"embeddable":true,"href":"https:\/\/rivierabarcrawltours.com\/pt-pt\/wp-json\/wp\/v2\/media\/37679"}],"wp:attachment":[{"href":"https:\/\/rivierabarcrawltours.com\/pt-pt\/wp-json\/wp\/v2\/media?parent=123988"}],"curies":[{"name":"wp","href":"https:\/\/api.w.org\/{rel}","templated":true}]}}