{"id":123400,"date":"2026-02-11T10:54:56","date_gmt":"2026-02-11T09:54:56","guid":{"rendered":"https:\/\/rivierabarcrawltours.com\/passeios-a-pe\/"},"modified":"2026-02-11T10:54:56","modified_gmt":"2026-02-11T09:54:56","slug":"passeios-a-pe","status":"publish","type":"page","link":"https:\/\/rivierabarcrawltours.com\/pt-pt\/passeios-a-pe\/","title":{"rendered":"Passeios a p\u00e9"},"content":{"rendered":"<div class=\"wpb-content-wrapper\"><p>[vc_row el_class=&#8221;city-tours-custom&#8221; css=&#8221;.vc_custom_1624697723095{margin-top: 40px !important;margin-bottom: 20px !important;}&#8221;][vc_column][vc_column_text]<\/p>\n<h2>Todos os nossos passeios a p\u00e9<\/h2>\n<p>[\/vc_column_text]<div class='list_tours'>   <div class=\"concept-listings owl-carousel owl-theme\">\n          <div class=\"style_box\">\n           <div class=\"feature_class st_featured featured\">Featured<\/div>           <div class=\"thumb\">\n               <header class=\"thumb-header st_avatar_fix\">\n                                      <a href=\"https:\/\/rivierabarcrawltours.com\/pt-pt\/tour\/tour-a-pe-guiado-e-gratuito-em-nice\/\" class=\"hover-img\">\n                       <img decoding=\"async\" width=\"260\" height=\"190\" src=\"https:\/\/rivierabarcrawltours.com\/wp-content\/uploads\/2020\/12\/free-walking-tour-nice-260x190.jpg\" class=\"attachment-260x190x1 size-260x190x1 wp-post-image\" alt=\"passeio a p\u00e9 gratuito nice\" \/>                       <h5 class=\"hover-title hover-hold text-center\">\n                           Passeio a p\u00e9 gratuito por Nice                       <\/h5>\n                   <\/a>\n                                  <\/header>\n           <\/div>\n       <\/div>\n          <div class=\"style_box\">\n                      <div class=\"thumb\">\n               <header class=\"thumb-header st_avatar_fix\">\n                                      <a href=\"https:\/\/rivierabarcrawltours.com\/pt-pt\/tour\/tour-a-pe-gratuito-em-antibes\/\" class=\"hover-img\">\n                       <img decoding=\"async\" width=\"260\" height=\"190\" src=\"https:\/\/rivierabarcrawltours.com\/wp-content\/uploads\/2020\/12\/walking-tour-antibes-260x190.jpeg\" class=\"attachment-260x190x1 size-260x190x1 wp-post-image\" alt=\"tour a p\u00e9 antibes Tour a p\u00e9 gratuito em Antibes\" \/>                       <h5 class=\"hover-title hover-hold text-center\">\n                           Tour a p\u00e9 gratuito em Antibes                       <\/h5>\n                   <\/a>\n                                  <\/header>\n           <\/div>\n       <\/div>\n   <\/div>\n\n    \n<script type=\"text\/javascript\">\n$(document).ready(function() {\n       $(\".concept-listings\").owlCarousel({\n        margin:20,\n                dots:true,\n        responsiveClass:true,\n        responsive:{\n            0:{\n                items:1,\n                nav:false\n            },\n            600:{\n                items:3,\n                nav:false\n            },\n            1000:{\n                items:4,\n                nav:true\n            }\n        }\n       });\n}); \n\n<\/script>\n\n<style type=\"text\/css\">\n.concept-listings .owl-stage {\n    display: -webkit-box !important;\n    display: -moz-box !important;\n    display: -ms-box !important;\n    display: box !important;\n}\n.concept-listings .owl-dots {\n    margin-top: 10px;\n    text-align: center;\n}\n.concept-listings .owl-dots .owl-dot {\n    display: inline-block;\n    background: 0 0;\n    color: inherit;\n    border: none;\n    padding: 0 !important;\n}\n.concept-listings .owl-dots .owl-dot.active span {\n    background: var(--link-color, #5191FA);\n}\n.concept-listings .owl-dots .owl-dot span {\n    width: 10px;\n    height: 10px;\n    margin: 5px 7px;\n    background: var(--light-grey-color, #EAEEF3);\n    display: block;\n    transition: opacity 0.2s ease;\n    border-radius: 30px;\n}\n.city-tours-custom .feature_class{\n  left: 0 !important;\n}\n.concept-listings .owl-nav {\n    position: absolute;\n    height: 100%;\n    top: 0;\n    width: 100%;\n    z-index: -1;\n}\n.concept-listings .owl-nav button {\n    position: absolute;\n    top: 50%;\n    margin-top: -18px;\n}\n.concept-listings .owl-nav button.owl-next {\n    right: -66px;\n}\n.concept-listings .owl-nav button.owl-prev {\n    left: -66px;\n}\n.concept-listings .owl-nav button.owl-next span {\n    width: 36px;\n    height: 36px;\n    display: block;\n    background: url(https:\/\/rivierabarcrawltours.com\/wp-content\/uploads\/2021\/06\/arrow-right.png) center center no-repeat;\n    background-size: 100% auto;\n    color: transparent;\n}\n.concept-listings .owl-nav button.owl-prev span {\n    width: 36px;\n    height: 36px;\n    display: block;\n    background: url(https:\/\/rivierabarcrawltours.com\/wp-content\/uploads\/2021\/02\/arrow-left.png) center center no-repeat;\n    background-size: 100% auto;\n    color: transparent;\n}\n\n.city-tours-custom .thumb{\n    border: none !important;\n}\n<\/style><\/div>[vc_separator][\/vc_column][\/vc_row][vc_row][vc_column][vc_row_inner][vc_column_inner width=&#8221;1\/2&#8243;][vc_column_text]<\/p>\n<h2>Sobre os nossos passeios a p\u00e9<\/h2>\n<p>A melhor maneira de explorares qualquer cidade \u00e9 a p\u00e9. E os passeios a p\u00e9 proporcionam-te definitivamente o melhor conhecimento e experi\u00eancia da nova cidade. E a melhor maneira de descobrires tudo o que uma nova cidade tem para oferecer \u00e9 com um guia local bem informado. Quando participas em passeios a p\u00e9, est\u00e1s nas m\u00e3os de um especialista local de confian\u00e7a com anos de experi\u00eancia e vastos conhecimentos que est\u00e3o prontos para partilhar contigo todas as informa\u00e7\u00f5es interessantes e necess\u00e1rias sobre a cidade. As vantagens dos passeios a p\u00e9 s\u00e3o infinitas!    <\/p>\n<p>Participar num passeio a p\u00e9 \u00e9 uma excelente oportunidade para conheceres outros viajantes. E o facto de te juntares a um grupo com uma l\u00edngua comum tamb\u00e9m cria familiaridade, especialmente quando se viaja num pa\u00eds estrangeiro. <\/p>\n<p>As excurs\u00f5es n\u00e3o s\u00f3 s\u00e3o uma excelente forma de conhecer outros viajantes, especialmente se viajares sozinho, como tamb\u00e9m te d\u00e3o informa\u00e7\u00f5es detalhadas, factos interessantes, dicas e recomenda\u00e7\u00f5es sobre o que fazer na cidade, onde comer ou tomar a melhor bebida. Al\u00e9m disso, ao andares a p\u00e9, podes fazer um bom exerc\u00edcio durante o dia e n\u00e3o perder\u00e1s j\u00f3ias escondidas e detalhes como arte de rua ou restaurantes interessantes! Podes ver as coisas mais de perto, experimentar os transportes p\u00fablicos e espremer-te em pequenas ruelas. Em suma, os teus guias tur\u00edsticos querem ter a certeza de que te divertes muito durante a visita.   <\/p>\n<p>Todo o percurso \u00e9 planeado de forma eficiente, para que n\u00e3o percas as principais atrac\u00e7\u00f5es tur\u00edsticas e ainda tenhas tempo para aprender sobre os segredos da cidade que s\u00f3 os locais conhecem. Os nossos passeios a p\u00e9 tamb\u00e9m incluem uma pausa a meio para descansares, usares a casa de banho, conheceres os mercados locais e at\u00e9 satisfazeres as tuas papilas gustativas experimentando algumas iguarias locais.[\/vc_column_text][\/vc_column_inner][vc_column_inner width=&#8221;1\/2&#8243;][vc_column_text]<\/p>\n<h2>Passeios a p\u00e9 gratuitos \/ Passeios a p\u00e9 pagos<\/h2>\n<p><em>Como \u00e9 que funcionam as visitas guiadas gratuitas?<\/em><br \/>\nEnt\u00e3o, &#8220;como \u00e9 que as excurs\u00f5es podem ser gratuitas?&#8221;. As excurs\u00f5es s\u00e3o &#8220;gratuitas&#8221;, porque n\u00e3o existe um pre\u00e7o fixo para participar numa excurs\u00e3o ou para fazer uma reserva, al\u00e9m de que podes aparecer no ponto de encontro mesmo sem fazeres uma reserva. Assim, n\u00e3o tens de pagar qualquer taxa prescrita antes de teres a tua experi\u00eancia na excurs\u00e3o. Em vez disso, \u00e9s livre de dar <strong>gorjeta<\/strong> ao teu guia como bem entenderes depois da visita. O conceito da palavra &#8220;livre&#8221; significa que, caso sintas que a excurs\u00e3o n\u00e3o \u00e9 o que<br \/>\nesperavas, tamb\u00e9m \u00e9s livre de sair a qualquer momento.    <\/p>\n<p>Gorjetas<em>: algo a ter em conta quando fazes uma visita guiada gratuita<\/em><br \/>\nUma vez que os guias tur\u00edsticos n\u00e3o recebem qualquer outro rendimento por darem estas visitas guiadas a p\u00e9 (de qualquer organiza\u00e7\u00e3o), isto significa que t\u00eam mesmo de ganhar as suas gorjetas. Como o seu rendimento tende a variar de visita para visita, os guias t\u00eam uma grande motiva\u00e7\u00e3o para oferecer uma visita de alta qualidade. Al\u00e9m disso, dar uma gorjeta ao teu guia no final da excurs\u00e3o significa que o poder \u00e9 teu. Embora n\u00e3o seja obrigat\u00f3rio, \u00e9s tu que decides quanto valeu a visita ou quanto podes pagar, se for o caso.   <\/p>\n<p>Visitas guiadas <em>pagas<\/em><br \/>\nEm geral, quando fazes uma visita guiada paga, tens a garantia de grupos pequenos. Tens mais aten\u00e7\u00e3o pessoal do guia tur\u00edstico e mais espa\u00e7o para perguntas e recomenda\u00e7\u00f5es. Al\u00e9m disso, n\u00e3o tens de lutar para ouvir o guia, para ficar \u00e0 sombra, etc. Embora estas excurs\u00f5es tenham um pre\u00e7o fixo que pagas antecipadamente, \u00e9 sempre bom dar ao teu guia uma pequena gratifica\u00e7\u00e3o, se achares que ele fez um bom trabalho.[\/vc_column_text][\/vc_column_inner][\/vc_row_inner][\/vc_column][\/vc_row]<\/p>\n<\/div>","protected":false},"excerpt":{"rendered":"<p>[vc_row el_class=&#8221;city-tours-custom&#8221; css=&#8221;.vc_custom_1624697723095{margin-top: 40px !important;margin-bottom: 20px !important;}&#8221;][vc_column][vc_column_text] Todos os nossos passeios a p\u00e9 [\/vc_column_text][vc_separator][\/vc_column][\/vc_row][vc_row][vc_column][vc_row_inner][vc_column_inner width=&#8221;1\/2&#8243;][vc_column_text] Sobre os nossos passeios a p\u00e9 A melhor maneira de explorares qualquer cidade \u00e9 a p\u00e9. E os passeios a p\u00e9 proporcionam-te definitivamente o melhor conhecimento e experi\u00eancia da nova cidade. E a melhor maneira de descobrires tudo o que [&hellip;]<\/p>\n","protected":false},"author":2,"featured_media":50604,"parent":0,"menu_order":0,"comment_status":"closed","ping_status":"closed","template":"template-home-modern.php","meta":{"_acf_changed":false,"footnotes":""},"class_list":["post-123400","page","type-page","status-publish","has-post-thumbnail","hentry"],"acf":[],"yoast_head":"<!-- This site is optimized with the Yoast SEO plugin v27.5 - https:\/\/yoast.com\/product\/yoast-seo-wordpress\/ -->\n<title>Vem descobrir todos os nossos passeios a p\u00e9 gratuitos | Riviera<\/title>\n<meta name=\"description\" content=\"Um passeio a p\u00e9 \u00e9 a melhor maneira de descobrir uma nova cidade quando a visitas pela primeira vez. Tanto as j\u00f3ias principais como as escondidas e as dicas locais... tudo isso espera por ti!\" \/>\n<meta name=\"robots\" content=\"index, follow, max-snippet:-1, max-image-preview:large, max-video-preview:-1\" \/>\n<link rel=\"canonical\" href=\"https:\/\/rivierabarcrawltours.com\/pt-pt\/passeios-a-pe\/\" \/>\n<meta property=\"og:locale\" content=\"pt_PT\" \/>\n<meta property=\"og:type\" content=\"article\" \/>\n<meta property=\"og:title\" content=\"Vem descobrir todos os nossos passeios a p\u00e9 gratuitos | Riviera\" \/>\n<meta property=\"og:description\" content=\"Um passeio a p\u00e9 \u00e9 a melhor maneira de descobrir uma nova cidade quando a visitas pela primeira vez. Tanto as j\u00f3ias principais como as escondidas e as dicas locais... tudo isso espera por ti!\" \/>\n<meta property=\"og:url\" content=\"https:\/\/rivierabarcrawltours.com\/pt-pt\/passeios-a-pe\/\" \/>\n<meta property=\"og:site_name\" content=\"Riviera Bar Crawl Tours\" \/>\n<meta property=\"article:publisher\" content=\"https:\/\/www.facebook.com\/RivieraBarCrawltours\/\" \/>\n<meta property=\"og:image\" content=\"https:\/\/rivierabarcrawltours.com\/wp-content\/uploads\/2019\/07\/walking-tours-riviera-bar-crawl-tours.jpg\" \/>\n\t<meta property=\"og:image:width\" content=\"1920\" \/>\n\t<meta property=\"og:image:height\" content=\"1156\" \/>\n\t<meta property=\"og:image:type\" content=\"image\/jpeg\" \/>\n<meta name=\"twitter:card\" content=\"summary_large_image\" \/>\n<meta name=\"twitter:site\" content=\"@rivierabarcrawl\" \/>\n<meta name=\"twitter:label1\" content=\"Tempo estimado de leitura\" \/>\n\t<meta name=\"twitter:data1\" content=\"4 minutes\" \/>\n<!-- \/ Yoast SEO plugin. -->","yoast_head_json":{"title":"Vem descobrir todos os nossos passeios a p\u00e9 gratuitos | Riviera","description":"Um passeio a p\u00e9 \u00e9 a melhor maneira de descobrir uma nova cidade quando a visitas pela primeira vez. Tanto as j\u00f3ias principais como as escondidas e as dicas locais... tudo isso espera por ti!","robots":{"index":"index","follow":"follow","max-snippet":"max-snippet:-1","max-image-preview":"max-image-preview:large","max-video-preview":"max-video-preview:-1"},"canonical":"https:\/\/rivierabarcrawltours.com\/pt-pt\/passeios-a-pe\/","og_locale":"pt_PT","og_type":"article","og_title":"Vem descobrir todos os nossos passeios a p\u00e9 gratuitos | Riviera","og_description":"Um passeio a p\u00e9 \u00e9 a melhor maneira de descobrir uma nova cidade quando a visitas pela primeira vez. Tanto as j\u00f3ias principais como as escondidas e as dicas locais... tudo isso espera por ti!","og_url":"https:\/\/rivierabarcrawltours.com\/pt-pt\/passeios-a-pe\/","og_site_name":"Riviera Bar Crawl Tours","article_publisher":"https:\/\/www.facebook.com\/RivieraBarCrawltours\/","og_image":[{"width":1920,"height":1156,"url":"https:\/\/rivierabarcrawltours.com\/wp-content\/uploads\/2019\/07\/walking-tours-riviera-bar-crawl-tours.jpg","type":"image\/jpeg"}],"twitter_card":"summary_large_image","twitter_site":"@rivierabarcrawl","twitter_misc":{"Tempo estimado de leitura":"4 minutes"},"schema":{"@context":"https:\/\/schema.org","@graph":[{"@type":"WebPage","@id":"https:\/\/rivierabarcrawltours.com\/pt-pt\/passeios-a-pe\/","url":"https:\/\/rivierabarcrawltours.com\/pt-pt\/passeios-a-pe\/","name":"Vem descobrir todos os nossos passeios a p\u00e9 gratuitos | Riviera","isPartOf":{"@id":"https:\/\/rivierabarcrawltours.com\/#website"},"primaryImageOfPage":{"@id":"https:\/\/rivierabarcrawltours.com\/pt-pt\/passeios-a-pe\/#primaryimage"},"image":{"@id":"https:\/\/rivierabarcrawltours.com\/pt-pt\/passeios-a-pe\/#primaryimage"},"thumbnailUrl":"https:\/\/rivierabarcrawltours.com\/wp-content\/uploads\/2019\/07\/walking-tours-riviera-bar-crawl-tours.jpg","datePublished":"2026-02-11T09:54:56+00:00","description":"Um passeio a p\u00e9 \u00e9 a melhor maneira de descobrir uma nova cidade quando a visitas pela primeira vez. Tanto as j\u00f3ias principais como as escondidas e as dicas locais... tudo isso espera por ti!","breadcrumb":{"@id":"https:\/\/rivierabarcrawltours.com\/pt-pt\/passeios-a-pe\/#breadcrumb"},"inLanguage":"pt-PT","potentialAction":[{"@type":"ReadAction","target":["https:\/\/rivierabarcrawltours.com\/pt-pt\/passeios-a-pe\/"]}]},{"@type":"ImageObject","inLanguage":"pt-PT","@id":"https:\/\/rivierabarcrawltours.com\/pt-pt\/passeios-a-pe\/#primaryimage","url":"https:\/\/rivierabarcrawltours.com\/wp-content\/uploads\/2019\/07\/walking-tours-riviera-bar-crawl-tours.jpg","contentUrl":"https:\/\/rivierabarcrawltours.com\/wp-content\/uploads\/2019\/07\/walking-tours-riviera-bar-crawl-tours.jpg","width":1920,"height":1156,"caption":"passeios a p\u00e9"},{"@type":"BreadcrumbList","@id":"https:\/\/rivierabarcrawltours.com\/pt-pt\/passeios-a-pe\/#breadcrumb","itemListElement":[{"@type":"ListItem","position":1,"name":"Home","item":"https:\/\/rivierabarcrawltours.com\/pt-pt\/"},{"@type":"ListItem","position":2,"name":"Passeios a p\u00e9"}]},{"@type":"WebSite","@id":"https:\/\/rivierabarcrawltours.com\/#website","url":"https:\/\/rivierabarcrawltours.com\/","name":"Riviera Bar Crawl Tours","description":"Fun Day &amp; Night Experiences I Tour operator I Guided Tours I Bar Crawls I Food Tours I","publisher":{"@id":"https:\/\/rivierabarcrawltours.com\/#organization"},"potentialAction":[{"@type":"SearchAction","target":{"@type":"EntryPoint","urlTemplate":"https:\/\/rivierabarcrawltours.com\/?s={search_term_string}"},"query-input":{"@type":"PropertyValueSpecification","valueRequired":true,"valueName":"search_term_string"}}],"inLanguage":"pt-PT"},{"@type":"Organization","@id":"https:\/\/rivierabarcrawltours.com\/#organization","name":"Riviera Bar Crawl Tours","url":"https:\/\/rivierabarcrawltours.com\/","logo":{"@type":"ImageObject","inLanguage":"pt-PT","@id":"https:\/\/rivierabarcrawltours.com\/#\/schema\/logo\/image\/","url":"https:\/\/rivierabarcrawltours.com\/wp-content\/uploads\/2019\/07\/logo.png","contentUrl":"https:\/\/rivierabarcrawltours.com\/wp-content\/uploads\/2019\/07\/logo.png","width":479,"height":453,"caption":"Riviera Bar Crawl Tours"},"image":{"@id":"https:\/\/rivierabarcrawltours.com\/#\/schema\/logo\/image\/"},"sameAs":["https:\/\/www.facebook.com\/RivieraBarCrawltours\/","https:\/\/x.com\/rivierabarcrawl"]}]}},"_links":{"self":[{"href":"https:\/\/rivierabarcrawltours.com\/pt-pt\/wp-json\/wp\/v2\/pages\/123400","targetHints":{"allow":["GET"]}}],"collection":[{"href":"https:\/\/rivierabarcrawltours.com\/pt-pt\/wp-json\/wp\/v2\/pages"}],"about":[{"href":"https:\/\/rivierabarcrawltours.com\/pt-pt\/wp-json\/wp\/v2\/types\/page"}],"author":[{"embeddable":true,"href":"https:\/\/rivierabarcrawltours.com\/pt-pt\/wp-json\/wp\/v2\/users\/2"}],"replies":[{"embeddable":true,"href":"https:\/\/rivierabarcrawltours.com\/pt-pt\/wp-json\/wp\/v2\/comments?post=123400"}],"version-history":[{"count":2,"href":"https:\/\/rivierabarcrawltours.com\/pt-pt\/wp-json\/wp\/v2\/pages\/123400\/revisions"}],"predecessor-version":[{"id":123402,"href":"https:\/\/rivierabarcrawltours.com\/pt-pt\/wp-json\/wp\/v2\/pages\/123400\/revisions\/123402"}],"wp:featuredmedia":[{"embeddable":true,"href":"https:\/\/rivierabarcrawltours.com\/pt-pt\/wp-json\/wp\/v2\/media\/50604"}],"wp:attachment":[{"href":"https:\/\/rivierabarcrawltours.com\/pt-pt\/wp-json\/wp\/v2\/media?parent=123400"}],"curies":[{"name":"wp","href":"https:\/\/api.w.org\/{rel}","templated":true}]}}