{"id":123336,"date":"2026-01-27T15:10:39","date_gmt":"2026-01-27T14:10:39","guid":{"rendered":"https:\/\/rivierabarcrawltours.com\/belgica-bar-crawls\/"},"modified":"2026-02-16T12:30:14","modified_gmt":"2026-02-16T11:30:14","slug":"belgica-bar-crawls","status":"publish","type":"page","link":"https:\/\/rivierabarcrawltours.com\/pt-pt\/belgica-bar-crawls\/","title":{"rendered":"B\u00e9lgica Bar Crawls"},"content":{"rendered":"<div class=\"wpb-content-wrapper\"><p>[vc_row css=&#8221;.vc_custom_1612431259800{margin-top: 40px !important;}&#8221;][vc_column][vc_column_text css=&#8221;&#8221;]<\/p>\n<h2>Experimenta os melhores Bar Crawls e Pub Crawls da B\u00e9lgica<\/h2>\n<p>[\/vc_column_text][vc_column_text css=&#8221;&#8221;]Descobre os melhores <strong>bar crawls na B\u00e9lgica<\/strong>, com <strong>bar crawls p\u00fablicos<\/strong> para festas sociais e <strong>bar crawls privados<\/strong> feitos \u00e0 medida do teu grupo. Quer estejas a planear as celebra\u00e7\u00f5es de <strong>Ano Novo<\/strong>, uma despedida <strong>de solteira<\/strong>, um <strong>bar crawl de anivers\u00e1rio<\/strong> ou uma noite de <strong>grupo empresarial<\/strong> elegante, tornamos tudo mais f\u00e1cil, divertido e perfeito do in\u00edcio ao fim. <\/p>\n<p><strong>Porqu\u00ea reservar connosco?<\/strong><\/p>\n<ul>\n<li><strong>Op\u00e7\u00f5es p\u00fablicas ou privadas<\/strong>: junta-te a um grupo animado ou personaliza a tua equipa<\/li>\n<li><strong>Criado para celebra\u00e7\u00f5es<\/strong>: despedida de solteira, anivers\u00e1rios, grupos de empresas &#8211; tratados como profissionais<\/li>\n<li><strong>Amigo do operador tur\u00edstico<\/strong>: planeamento fi\u00e1vel, coordena\u00e7\u00e3o sem problemas e experi\u00eancias prontas para o grupo<\/li>\n<\/ul>\n<p>Preocupado com a log\u00edstica, com o tempo ou em manter um grupo unido? N\u00f3s tratamos do planeamento para que te possas concentrar na parte boa: uma noite inesquec\u00edvel. <\/p>\n<p><strong>Reserva hoje o teu Bar Crawl na B\u00e9lgica<\/strong> &#8211; escolhe um <strong>bar<\/strong> p\u00fablico ou pede um <a href=\"https:\/\/rivierabarcrawltours.com\/pt-pt\/fale-conosco\/\">or\u00e7amento para um grupo privado<\/a><\/p>\n<p><b>Telefone WhatsApp<\/b> +33 649 244 407<\/p>\n<p>Envia <b>um e-mail para<\/b> info@rivierabarcrawltours.com[\/vc_column_text][\/vc_column][\/vc_row][vc_row][vc_column width=&#8221;1\/4&#8243; el_class=&#8221;main-col&#8221; css=&#8221;.vc_custom_1613118716288{margin-bottom: 20px !important;}&#8221;][vc_column_text css=&#8221;.vc_custom_1770892641580{background-image: url(https:\/\/rivierabarcrawltours.com\/wp-content\/uploads\/2026\/02\/Brussels-by-night-.jpg?id=125280) !important;}&#8221;]<a href=\"https:\/\/rivierabarcrawltours.com\/ru\/tour\/riviera-bar-crawl-brussels\/\">Bruxelas<\/a>[\/vc_column_text][\/vc_column][\/vc_row]<\/p>\n<\/div>","protected":false},"excerpt":{"rendered":"<p>[vc_row css=&#8221;.vc_custom_1612431259800{margin-top: 40px !important;}&#8221;][vc_column][vc_column_text css=&#8221;&#8221;] Experimenta os melhores Bar Crawls e Pub Crawls da B\u00e9lgica [\/vc_column_text][vc_column_text css=&#8221;&#8221;]Descobre os melhores bar crawls na B\u00e9lgica, com bar crawls p\u00fablicos para festas sociais e bar crawls privados feitos \u00e0 medida do teu grupo. Quer estejas a planear as celebra\u00e7\u00f5es de Ano Novo, uma despedida de solteira, um bar [&hellip;]<\/p>\n","protected":false},"author":2,"featured_media":108044,"parent":0,"menu_order":0,"comment_status":"closed","ping_status":"closed","template":"template-home-modern.php","meta":{"_acf_changed":false,"footnotes":""},"class_list":["post-123336","page","type-page","status-publish","has-post-thumbnail","hentry"],"acf":[],"yoast_head":"<!-- This site is optimized with the Yoast SEO plugin v27.4 - https:\/\/yoast.com\/product\/yoast-seo-wordpress\/ -->\n<title>B\u00e9lgica Bar Crawls | Riviera Bar Crawl Tours<\/title>\n<meta name=\"description\" content=\"Passeios de Bar Crawl na Riviera: Bar Crawls na B\u00e9lgica - bar crawls p\u00fablicos e privados para solteiras, anivers\u00e1rios, grupos empresariais e operadores tur\u00edsticos.\" \/>\n<meta name=\"robots\" content=\"index, follow, max-snippet:-1, max-image-preview:large, max-video-preview:-1\" \/>\n<link rel=\"canonical\" href=\"https:\/\/rivierabarcrawltours.com\/pt-pt\/belgica-bar-crawls\/\" \/>\n<meta property=\"og:locale\" content=\"pt_PT\" \/>\n<meta property=\"og:type\" content=\"article\" \/>\n<meta property=\"og:title\" content=\"Festa de bar crawl p\u00fablica e privada na B\u00e9lgica\" \/>\n<meta property=\"og:description\" content=\"Festa de bar crawl p\u00fablica e privada na B\u00e9lgica\" \/>\n<meta property=\"og:url\" content=\"https:\/\/rivierabarcrawltours.com\/pt-pt\/belgica-bar-crawls\/\" \/>\n<meta property=\"og:site_name\" content=\"Riviera Bar Crawl Tours\" \/>\n<meta property=\"article:publisher\" content=\"https:\/\/www.facebook.com\/RivieraBarCrawltours\/\" \/>\n<meta property=\"article:modified_time\" content=\"2026-02-16T11:30:14+00:00\" \/>\n<meta property=\"og:image\" content=\"https:\/\/rivierabarcrawltours.com\/wp-content\/uploads\/2024\/07\/riviera-pub-crawls-1024x1024.jpg\" \/>\n<meta name=\"twitter:card\" content=\"summary_large_image\" \/>\n<meta name=\"twitter:site\" content=\"@rivierabarcrawl\" \/>\n<meta name=\"twitter:label1\" content=\"Tempo estimado de leitura\" \/>\n\t<meta name=\"twitter:data1\" content=\"1 minute\" \/>\n<!-- \/ Yoast SEO plugin. -->","yoast_head_json":{"title":"B\u00e9lgica Bar Crawls | Riviera Bar Crawl Tours","description":"Passeios de Bar Crawl na Riviera: Bar Crawls na B\u00e9lgica - bar crawls p\u00fablicos e privados para solteiras, anivers\u00e1rios, grupos empresariais e operadores tur\u00edsticos.","robots":{"index":"index","follow":"follow","max-snippet":"max-snippet:-1","max-image-preview":"max-image-preview:large","max-video-preview":"max-video-preview:-1"},"canonical":"https:\/\/rivierabarcrawltours.com\/pt-pt\/belgica-bar-crawls\/","og_locale":"pt_PT","og_type":"article","og_title":"Festa de bar crawl p\u00fablica e privada na B\u00e9lgica","og_description":"Festa de bar crawl p\u00fablica e privada na B\u00e9lgica","og_url":"https:\/\/rivierabarcrawltours.com\/pt-pt\/belgica-bar-crawls\/","og_site_name":"Riviera Bar Crawl Tours","article_publisher":"https:\/\/www.facebook.com\/RivieraBarCrawltours\/","article_modified_time":"2026-02-16T11:30:14+00:00","og_image":[{"url":"https:\/\/rivierabarcrawltours.com\/wp-content\/uploads\/2024\/07\/riviera-pub-crawls-1024x1024.jpg","type":"","width":"","height":""}],"twitter_card":"summary_large_image","twitter_site":"@rivierabarcrawl","twitter_misc":{"Tempo estimado de leitura":"1 minute"},"schema":{"@context":"https:\/\/schema.org","@graph":[{"@type":"WebPage","@id":"https:\/\/rivierabarcrawltours.com\/pt-pt\/belgica-bar-crawls\/","url":"https:\/\/rivierabarcrawltours.com\/pt-pt\/belgica-bar-crawls\/","name":"B\u00e9lgica Bar Crawls | Riviera Bar Crawl Tours","isPartOf":{"@id":"https:\/\/rivierabarcrawltours.com\/#website"},"primaryImageOfPage":{"@id":"https:\/\/rivierabarcrawltours.com\/pt-pt\/belgica-bar-crawls\/#primaryimage"},"image":{"@id":"https:\/\/rivierabarcrawltours.com\/pt-pt\/belgica-bar-crawls\/#primaryimage"},"thumbnailUrl":"https:\/\/rivierabarcrawltours.com\/wp-content\/uploads\/2023\/06\/riviera-pub-crawls.jpg","datePublished":"2026-01-27T14:10:39+00:00","dateModified":"2026-02-16T11:30:14+00:00","description":"Passeios de Bar Crawl na Riviera: Bar Crawls na B\u00e9lgica - bar crawls p\u00fablicos e privados para solteiras, anivers\u00e1rios, grupos empresariais e operadores tur\u00edsticos.","breadcrumb":{"@id":"https:\/\/rivierabarcrawltours.com\/pt-pt\/belgica-bar-crawls\/#breadcrumb"},"inLanguage":"pt-PT","potentialAction":[{"@type":"ReadAction","target":["https:\/\/rivierabarcrawltours.com\/pt-pt\/belgica-bar-crawls\/"]}]},{"@type":"ImageObject","inLanguage":"pt-PT","@id":"https:\/\/rivierabarcrawltours.com\/pt-pt\/belgica-bar-crawls\/#primaryimage","url":"https:\/\/rivierabarcrawltours.com\/wp-content\/uploads\/2023\/06\/riviera-pub-crawls.jpg","contentUrl":"https:\/\/rivierabarcrawltours.com\/wp-content\/uploads\/2023\/06\/riviera-pub-crawls.jpg","width":1920,"height":1113,"caption":"boas experi\u00eancias de vida nocturna"},{"@type":"BreadcrumbList","@id":"https:\/\/rivierabarcrawltours.com\/pt-pt\/belgica-bar-crawls\/#breadcrumb","itemListElement":[{"@type":"ListItem","position":1,"name":"Home","item":"https:\/\/rivierabarcrawltours.com\/pt-pt\/"},{"@type":"ListItem","position":2,"name":"B\u00e9lgica Bar Crawls"}]},{"@type":"WebSite","@id":"https:\/\/rivierabarcrawltours.com\/#website","url":"https:\/\/rivierabarcrawltours.com\/","name":"Riviera Bar Crawl Tours","description":"Fun Day &amp; Night Experiences I Tour operator I Guided Tours I Bar Crawls I Food Tours I","publisher":{"@id":"https:\/\/rivierabarcrawltours.com\/#organization"},"potentialAction":[{"@type":"SearchAction","target":{"@type":"EntryPoint","urlTemplate":"https:\/\/rivierabarcrawltours.com\/?s={search_term_string}"},"query-input":{"@type":"PropertyValueSpecification","valueRequired":true,"valueName":"search_term_string"}}],"inLanguage":"pt-PT"},{"@type":"Organization","@id":"https:\/\/rivierabarcrawltours.com\/#organization","name":"Riviera Bar Crawl Tours","url":"https:\/\/rivierabarcrawltours.com\/","logo":{"@type":"ImageObject","inLanguage":"pt-PT","@id":"https:\/\/rivierabarcrawltours.com\/#\/schema\/logo\/image\/","url":"https:\/\/rivierabarcrawltours.com\/wp-content\/uploads\/2019\/07\/logo.png","contentUrl":"https:\/\/rivierabarcrawltours.com\/wp-content\/uploads\/2019\/07\/logo.png","width":479,"height":453,"caption":"Riviera Bar Crawl Tours"},"image":{"@id":"https:\/\/rivierabarcrawltours.com\/#\/schema\/logo\/image\/"},"sameAs":["https:\/\/www.facebook.com\/RivieraBarCrawltours\/","https:\/\/x.com\/rivierabarcrawl"]}]}},"_links":{"self":[{"href":"https:\/\/rivierabarcrawltours.com\/pt-pt\/wp-json\/wp\/v2\/pages\/123336","targetHints":{"allow":["GET"]}}],"collection":[{"href":"https:\/\/rivierabarcrawltours.com\/pt-pt\/wp-json\/wp\/v2\/pages"}],"about":[{"href":"https:\/\/rivierabarcrawltours.com\/pt-pt\/wp-json\/wp\/v2\/types\/page"}],"author":[{"embeddable":true,"href":"https:\/\/rivierabarcrawltours.com\/pt-pt\/wp-json\/wp\/v2\/users\/2"}],"replies":[{"embeddable":true,"href":"https:\/\/rivierabarcrawltours.com\/pt-pt\/wp-json\/wp\/v2\/comments?post=123336"}],"version-history":[{"count":6,"href":"https:\/\/rivierabarcrawltours.com\/pt-pt\/wp-json\/wp\/v2\/pages\/123336\/revisions"}],"predecessor-version":[{"id":125601,"href":"https:\/\/rivierabarcrawltours.com\/pt-pt\/wp-json\/wp\/v2\/pages\/123336\/revisions\/125601"}],"wp:featuredmedia":[{"embeddable":true,"href":"https:\/\/rivierabarcrawltours.com\/pt-pt\/wp-json\/wp\/v2\/media\/108044"}],"wp:attachment":[{"href":"https:\/\/rivierabarcrawltours.com\/pt-pt\/wp-json\/wp\/v2\/media?parent=123336"}],"curies":[{"name":"wp","href":"https:\/\/api.w.org\/{rel}","templated":true}]}}