{"id":123298,"date":"2026-01-27T15:01:02","date_gmt":"2026-01-27T14:01:02","guid":{"rendered":"https:\/\/rivierabarcrawltours.com\/bar-crawls-especiais\/"},"modified":"2026-02-16T13:01:20","modified_gmt":"2026-02-16T12:01:20","slug":"bar-crawls-especiais","status":"publish","type":"page","link":"https:\/\/rivierabarcrawltours.com\/pt-pt\/bar-crawls-especiais\/","title":{"rendered":"Bar Crawls especiais"},"content":{"rendered":"<div class=\"wpb-content-wrapper\"><p>[vc_row css=&#8221;.vc_custom_1612431259800{margin-top: 40px !important;}&#8221;][vc_column][vc_column_text css=&#8221;&#8221;]<\/p>\n<h2><strong>Bar Crawl especial: V\u00e9spera de Ano Novo, Halloween, St Patrick e Dia dos Namorados<\/strong><\/h2>\n<p>[\/vc_column_text][vc_column_text css=&#8221;&#8221;]<\/p>\n<h2 data-start=\"115\" data-end=\"192\"><strong data-start=\"115\" data-end=\"192\">Bar Crawls especiais: noites inesquec\u00edveis para as grandes ocasi\u00f5es<\/strong><\/h2>\n<p data-start=\"194\" data-end=\"550\">Procuras uma noite que se destaque verdadeiramente? Descobre os nossos <strong data-start=\"250\" data-end=\"282\">bar crawls especiais<\/strong>, concebidos para as datas mais excitantes do ano: <strong data-start=\"334\" data-end=\"403\">V\u00e9spera de Ano Novo, Halloween, Dia de S\u00e3o Patr\u00edcio e Dia dos Namorados<\/strong>. Quer estejas aqui para uma <strong data-start=\"431\" data-end=\"452\">festa social<\/strong> ou para uma <strong data-start=\"458\" data-end=\"494\">experi\u00eancia tranquila e totalmente privada<\/strong>, n\u00f3s tratamos de tudo &#8211; s\u00f3 tens de aproveitar a noite.  <\/p>\n<h3 data-start=\"552\" data-end=\"600\">Bar crawls para a vibra\u00e7\u00e3o&#8230; ou 100% \u00e0 medida<\/h3>\n<p data-start=\"602\" data-end=\"856\"><strong data-start=\"602\" data-end=\"622\">Bar crawl p\u00fablico<\/strong>: junta-te a um grupo divertido, perfeito para conhecer novas pessoas e desfrutar de um verdadeiro ambiente de vida nocturna.<br data-start=\"714\" data-end=\"717\"><strong data-start=\"717\" data-end=\"738\">Bar crawl privado<\/strong>: um <strong data-start=\"742\" data-end=\"778\">formato personalizado para o teu grupo<\/strong> (amigos, casais, colegas), com um hor\u00e1rio adaptado \u00e0s tuas prefer\u00eancias.<\/p>\n<h3 data-start=\"858\" data-end=\"909\">Perfeito para os teus eventos: profissionalmente tratado<\/h3>\n<p data-start=\"911\" data-end=\"984\">Os nossos <strong data-start=\"915\" data-end=\"937\">bar crawls especiais<\/strong> foram concebidos para que possas celebrar sem stress:<\/p>\n<ul data-start=\"986\" data-end=\"1431\">\n<li data-start=\"986\" data-end=\"1084\">\n<p data-start=\"988\" data-end=\"1084\"><strong data-start=\"988\" data-end=\"1006\">V\u00e9spera de Ano Novo<\/strong>: come\u00e7a o ano com uma noite bem organizada e festiva &#8211; sem complica\u00e7\u00f5es, apenas divers\u00e3o.<\/p>\n<\/li>\n<li data-start=\"1085\" data-end=\"1185\">\n<p data-start=\"1087\" data-end=\"1185\"><strong data-start=\"1087\" data-end=\"1110\">Halloween Bar Crawl<\/strong>: uma noite imersiva, ideal para grupos que procuram energia e emo\u00e7\u00e3o.<\/p>\n<\/li>\n<li data-start=\"1186\" data-end=\"1305\">\n<p data-start=\"1188\" data-end=\"1305\"><strong data-start=\"1188\" data-end=\"1219\">Bar Crawl do Dia de S\u00e3o Patr\u00edcio<\/strong>: energia garantida &#8211; n\u00f3s gerimos o percurso e o tempo para uma noite de sucesso.<\/p>\n<\/li>\n<li data-start=\"1306\" data-end=\"1431\">\n<p data-start=\"1308\" data-end=\"1431\"><strong data-start=\"1308\" data-end=\"1327\">Dia dos Namorados<\/strong>: uma noite diferente, mais elegante ou mais festiva, consoante o teu estilo (casal ou grupo).<\/p>\n<\/li>\n<\/ul>\n<h3 data-start=\"1433\" data-end=\"1478\">&#8220;E a log\u00edstica?&#8221; Deixa isso connosco. <\/h3>\n<p data-start=\"1480\" data-end=\"1704\">Hor\u00e1rios apertados, transportes, reservas, coordena\u00e7\u00e3o de grupos&#8230; \u00e9 exatamente a\u00ed que n\u00f3s entramos. <strong data-start=\"1580\" data-end=\"1630\">Planeamos, coordenamos e simplificamos tudo<\/strong> para que o teu bar crawl seja <strong data-start=\"1652\" data-end=\"1682\">f\u00e1cil, divertido e sem stress<\/strong> do in\u00edcio ao fim.<\/p>\n<h3 data-start=\"1706\" data-end=\"1763\">Grupos e profissionais do turismo: uma coordena\u00e7\u00e3o fi\u00e1vel<\/h3>\n<p data-start=\"1765\" data-end=\"1943\">\u00c9s uma ag\u00eancia, um operador tur\u00edstico ou um gestor de grupos? Oferecemos <strong data-start=\"1826\" data-end=\"1853\">experi\u00eancias prontas para grupos<\/strong> com uma organiza\u00e7\u00e3o clara e uma comunica\u00e7\u00e3o eficiente, garantindo noites tranquilas e sem interrup\u00e7\u00f5es. <\/p>\n<h3 data-start=\"1945\" data-end=\"1986\">Reserva o teu Bar Crawl especial<\/h3>\n<p data-start=\"1988\" data-end=\"2128\">Escolhe um <strong data-start=\"1997\" data-end=\"2017\">bar crawl p\u00fablico<\/strong> ou <strong data-start=\"2021\" data-end=\"2048\">pede um or\u00e7amento privado<\/strong> para o teu grupo (V\u00e9spera de Ano Novo, Halloween, Dia de S\u00e3o Patr\u00edcio, Dia dos Namorados).<\/p>\n<p data-start=\"2130\" data-end=\"2210\"><strong data-start=\"2130\" data-end=\"2151\">WhatsApp \/ Telefone:<\/strong> +33 649 244 407<br data-start=\"2167\" data-end=\"2170\"><strong data-start=\"2170\" data-end=\"2180\">Email:<\/strong> <a class=\"decorated-link cursor-pointer\" rel=\"noopener\" data-start=\"2181\" data-end=\"2210\">info@rivierabarcrawltours.com<\/a><\/p>\n<p>[\/vc_column_text][\/vc_column][\/vc_row][vc_row][vc_column width=&#8221;1\/4&#8243; el_class=&#8221;main-col&#8221; css=&#8221;.vc_custom_1612431923475{margin-bottom: 20px !important;}&#8221;][vc_column_text css=&#8221;.vc_custom_1770892806967{background-image: url(https:\/\/rivierabarcrawltours.com\/wp-content\/uploads\/2026\/02\/instagram-post-Nice-NYE-2027.jpg?id=125284) !important;}&#8221;]<a href=\"https:\/\/rivierabarcrawltours.com\/pt-pt\/rastreios-de-bares-na-vespera-de-ano-novo\/\">V\u00e9spera de Ano Novo<\/a>[\/vc_column_text][\/vc_column][vc_column width=&#8221;1\/4&#8243; el_class=&#8221;main-col&#8221; css=&#8221;.vc_custom_1612432008756{margin-bottom: 20px !important;}&#8221;][vc_column_text css=&#8221;.vc_custom_1770902930828{background-image: url(https:\/\/rivierabarcrawltours.com\/wp-content\/uploads\/2026\/02\/Halloween-bar-crawl.jpg?id=125285) !important;}&#8221;]<a href=\"https:\/\/rivierabarcrawltours.com\/pt-pt\/rastreios-de-halloween-em-bares\/\">Dia das Bruxas<\/a>[\/vc_column_text][\/vc_column][vc_column width=&#8221;1\/4&#8243; el_class=&#8221;main-col&#8221; css=&#8221;.vc_custom_1613118716288{margin-bottom: 20px !important;}&#8221;][vc_column_text css=&#8221;.vc_custom_1769509882813{background-image: url(https:\/\/rivierabarcrawltours.com\/wp-content\/uploads\/2021\/12\/Saint-patricks-day-bar-crawl-nice-france.jpg?id=86234) !important;}&#8221;]<a href=\"https:\/\/rivierabarcrawltours.com\/pt-pt\/tour\/festa-de-sao-patricio-bar-crawl-nice-riviera-francesa\/\">S\u00e3o Patr\u00edcio<\/a>[\/vc_column_text][\/vc_column][vc_column width=&#8221;1\/4&#8243; el_class=&#8221;main-col&#8221; css=&#8221;.vc_custom_1612432062266{margin-bottom: 20px !important;}&#8221;][vc_column_text css=&#8221;.vc_custom_1769510166860{background-image: url(https:\/\/rivierabarcrawltours.com\/wp-content\/uploads\/2023\/01\/Valentines-Day-Bar-Crawl-Paris.png?id=111219) !important;}&#8221;]<a href=\"https:\/\/rivierabarcrawltours.com\/pt-pt\/tour\/bar-crawl-do-dia-dos-namorados-nice-franca\/\">Dia dos Namorados<\/a>[\/vc_column_text][\/vc_column][\/vc_row]<\/p>\n<\/div>","protected":false},"excerpt":{"rendered":"<p>[vc_row css=&#8221;.vc_custom_1612431259800{margin-top: 40px !important;}&#8221;][vc_column][vc_column_text css=&#8221;&#8221;] Bar Crawl especial: V\u00e9spera de Ano Novo, Halloween, St Patrick e Dia dos Namorados [\/vc_column_text][vc_column_text css=&#8221;&#8221;] Bar Crawls especiais: noites inesquec\u00edveis para as grandes ocasi\u00f5es Procuras uma noite que se destaque verdadeiramente? Descobre os nossos bar crawls especiais, concebidos para as datas mais excitantes do ano: V\u00e9spera de Ano Novo, [&hellip;]<\/p>\n","protected":false},"author":2,"featured_media":108044,"parent":0,"menu_order":0,"comment_status":"closed","ping_status":"closed","template":"template-home-modern.php","meta":{"_acf_changed":false,"footnotes":""},"class_list":["post-123298","page","type-page","status-publish","has-post-thumbnail","hentry"],"acf":[],"yoast_head":"<!-- This site is optimized with the Yoast SEO plugin v27.5 - https:\/\/yoast.com\/product\/yoast-seo-wordpress\/ -->\n<title>Bar Crawls especiais | Riviera Bar Crawl Tours<\/title>\n<meta name=\"description\" content=\"Passeios de Bar Crawl na Riviera: Rastreios de bares especiais - Rastreios de bares p\u00fablicos para NYE, Halloween, St Patrick e Dia dos Namorados.\" \/>\n<meta name=\"robots\" content=\"index, follow, max-snippet:-1, max-image-preview:large, max-video-preview:-1\" \/>\n<link rel=\"canonical\" href=\"https:\/\/rivierabarcrawltours.com\/pt-pt\/bar-crawls-especiais\/\" \/>\n<meta property=\"og:locale\" content=\"pt_PT\" \/>\n<meta property=\"og:type\" content=\"article\" \/>\n<meta property=\"og:title\" content=\"Rastreio especial de bares\" \/>\n<meta property=\"og:description\" content=\"Rastreio especial de bares\" \/>\n<meta property=\"og:url\" content=\"https:\/\/rivierabarcrawltours.com\/pt-pt\/bar-crawls-especiais\/\" \/>\n<meta property=\"og:site_name\" content=\"Riviera Bar Crawl Tours\" \/>\n<meta property=\"article:publisher\" content=\"https:\/\/www.facebook.com\/RivieraBarCrawltours\/\" \/>\n<meta property=\"article:modified_time\" content=\"2026-02-16T12:01:20+00:00\" \/>\n<meta property=\"og:image\" content=\"https:\/\/rivierabarcrawltours.com\/wp-content\/uploads\/2024\/07\/riviera-pub-crawls-1024x1024.jpg\" \/>\n<meta name=\"twitter:card\" content=\"summary_large_image\" \/>\n<meta name=\"twitter:site\" content=\"@rivierabarcrawl\" \/>\n<meta name=\"twitter:label1\" content=\"Tempo estimado de leitura\" \/>\n\t<meta name=\"twitter:data1\" content=\"3 minutes\" \/>\n<!-- \/ Yoast SEO plugin. -->","yoast_head_json":{"title":"Bar Crawls especiais | Riviera Bar Crawl Tours","description":"Passeios de Bar Crawl na Riviera: Rastreios de bares especiais - Rastreios de bares p\u00fablicos para NYE, Halloween, St Patrick e Dia dos Namorados.","robots":{"index":"index","follow":"follow","max-snippet":"max-snippet:-1","max-image-preview":"max-image-preview:large","max-video-preview":"max-video-preview:-1"},"canonical":"https:\/\/rivierabarcrawltours.com\/pt-pt\/bar-crawls-especiais\/","og_locale":"pt_PT","og_type":"article","og_title":"Rastreio especial de bares","og_description":"Rastreio especial de bares","og_url":"https:\/\/rivierabarcrawltours.com\/pt-pt\/bar-crawls-especiais\/","og_site_name":"Riviera Bar Crawl Tours","article_publisher":"https:\/\/www.facebook.com\/RivieraBarCrawltours\/","article_modified_time":"2026-02-16T12:01:20+00:00","og_image":[{"url":"https:\/\/rivierabarcrawltours.com\/wp-content\/uploads\/2024\/07\/riviera-pub-crawls-1024x1024.jpg","type":"","width":"","height":""}],"twitter_card":"summary_large_image","twitter_site":"@rivierabarcrawl","twitter_misc":{"Tempo estimado de leitura":"3 minutes"},"schema":{"@context":"https:\/\/schema.org","@graph":[{"@type":"WebPage","@id":"https:\/\/rivierabarcrawltours.com\/pt-pt\/bar-crawls-especiais\/","url":"https:\/\/rivierabarcrawltours.com\/pt-pt\/bar-crawls-especiais\/","name":"Bar Crawls especiais | Riviera Bar Crawl Tours","isPartOf":{"@id":"https:\/\/rivierabarcrawltours.com\/#website"},"primaryImageOfPage":{"@id":"https:\/\/rivierabarcrawltours.com\/pt-pt\/bar-crawls-especiais\/#primaryimage"},"image":{"@id":"https:\/\/rivierabarcrawltours.com\/pt-pt\/bar-crawls-especiais\/#primaryimage"},"thumbnailUrl":"https:\/\/rivierabarcrawltours.com\/wp-content\/uploads\/2023\/06\/riviera-pub-crawls.jpg","datePublished":"2026-01-27T14:01:02+00:00","dateModified":"2026-02-16T12:01:20+00:00","description":"Passeios de Bar Crawl na Riviera: Rastreios de bares especiais - Rastreios de bares p\u00fablicos para NYE, Halloween, St Patrick e Dia dos Namorados.","breadcrumb":{"@id":"https:\/\/rivierabarcrawltours.com\/pt-pt\/bar-crawls-especiais\/#breadcrumb"},"inLanguage":"pt-PT","potentialAction":[{"@type":"ReadAction","target":["https:\/\/rivierabarcrawltours.com\/pt-pt\/bar-crawls-especiais\/"]}]},{"@type":"ImageObject","inLanguage":"pt-PT","@id":"https:\/\/rivierabarcrawltours.com\/pt-pt\/bar-crawls-especiais\/#primaryimage","url":"https:\/\/rivierabarcrawltours.com\/wp-content\/uploads\/2023\/06\/riviera-pub-crawls.jpg","contentUrl":"https:\/\/rivierabarcrawltours.com\/wp-content\/uploads\/2023\/06\/riviera-pub-crawls.jpg","width":1920,"height":1113,"caption":"boas experi\u00eancias de vida nocturna"},{"@type":"BreadcrumbList","@id":"https:\/\/rivierabarcrawltours.com\/pt-pt\/bar-crawls-especiais\/#breadcrumb","itemListElement":[{"@type":"ListItem","position":1,"name":"Home","item":"https:\/\/rivierabarcrawltours.com\/pt-pt\/"},{"@type":"ListItem","position":2,"name":"Bar Crawls especiais"}]},{"@type":"WebSite","@id":"https:\/\/rivierabarcrawltours.com\/#website","url":"https:\/\/rivierabarcrawltours.com\/","name":"Riviera Bar Crawl Tours","description":"Fun Day &amp; Night Experiences I Tour operator I Guided Tours I Bar Crawls I Food Tours I","publisher":{"@id":"https:\/\/rivierabarcrawltours.com\/#organization"},"potentialAction":[{"@type":"SearchAction","target":{"@type":"EntryPoint","urlTemplate":"https:\/\/rivierabarcrawltours.com\/?s={search_term_string}"},"query-input":{"@type":"PropertyValueSpecification","valueRequired":true,"valueName":"search_term_string"}}],"inLanguage":"pt-PT"},{"@type":"Organization","@id":"https:\/\/rivierabarcrawltours.com\/#organization","name":"Riviera Bar Crawl Tours","url":"https:\/\/rivierabarcrawltours.com\/","logo":{"@type":"ImageObject","inLanguage":"pt-PT","@id":"https:\/\/rivierabarcrawltours.com\/#\/schema\/logo\/image\/","url":"https:\/\/rivierabarcrawltours.com\/wp-content\/uploads\/2019\/07\/logo.png","contentUrl":"https:\/\/rivierabarcrawltours.com\/wp-content\/uploads\/2019\/07\/logo.png","width":479,"height":453,"caption":"Riviera Bar Crawl Tours"},"image":{"@id":"https:\/\/rivierabarcrawltours.com\/#\/schema\/logo\/image\/"},"sameAs":["https:\/\/www.facebook.com\/RivieraBarCrawltours\/","https:\/\/x.com\/rivierabarcrawl"]}]}},"_links":{"self":[{"href":"https:\/\/rivierabarcrawltours.com\/pt-pt\/wp-json\/wp\/v2\/pages\/123298","targetHints":{"allow":["GET"]}}],"collection":[{"href":"https:\/\/rivierabarcrawltours.com\/pt-pt\/wp-json\/wp\/v2\/pages"}],"about":[{"href":"https:\/\/rivierabarcrawltours.com\/pt-pt\/wp-json\/wp\/v2\/types\/page"}],"author":[{"embeddable":true,"href":"https:\/\/rivierabarcrawltours.com\/pt-pt\/wp-json\/wp\/v2\/users\/2"}],"replies":[{"embeddable":true,"href":"https:\/\/rivierabarcrawltours.com\/pt-pt\/wp-json\/wp\/v2\/comments?post=123298"}],"version-history":[{"count":4,"href":"https:\/\/rivierabarcrawltours.com\/pt-pt\/wp-json\/wp\/v2\/pages\/123298\/revisions"}],"predecessor-version":[{"id":125961,"href":"https:\/\/rivierabarcrawltours.com\/pt-pt\/wp-json\/wp\/v2\/pages\/123298\/revisions\/125961"}],"wp:featuredmedia":[{"embeddable":true,"href":"https:\/\/rivierabarcrawltours.com\/pt-pt\/wp-json\/wp\/v2\/media\/108044"}],"wp:attachment":[{"href":"https:\/\/rivierabarcrawltours.com\/pt-pt\/wp-json\/wp\/v2\/media?parent=123298"}],"curies":[{"name":"wp","href":"https:\/\/api.w.org\/{rel}","templated":true}]}}