{"id":122850,"date":"2026-01-23T13:03:09","date_gmt":"2026-01-23T12:03:09","guid":{"rendered":"https:\/\/rivierabarcrawltours.com\/rastreios-de-bares-na-vespera-de-ano-novo\/"},"modified":"2026-02-16T12:56:25","modified_gmt":"2026-02-16T11:56:25","slug":"rastreios-de-bares-na-vespera-de-ano-novo","status":"publish","type":"page","link":"https:\/\/rivierabarcrawltours.com\/pt-pt\/rastreios-de-bares-na-vespera-de-ano-novo\/","title":{"rendered":"Rastreios de bares na v\u00e9spera de Ano Novo"},"content":{"rendered":"<div class=\"wpb-content-wrapper\"><p>[vc_row css=&#8221;.vc_custom_1612431259800{margin-top: 40px !important;}&#8221;][vc_column][vc_column_text css=&#8221;&#8221;]<\/p>\n<h1><strong>  Bar Crawl na v\u00e9spera de Ano Novo &#8211; Noite de festa com contagem decrescente<\/strong><\/h1>\n<p>[\/vc_column_text][vc_column_text css=&#8221;&#8221;]<\/p>\n<h2>Bar Crawl de Ano Novo em Fran\u00e7a &#8211; A contagem decrescente come\u00e7a aqui<\/h2>\n<p>Evita o caos de \u00faltima hora e entra num <strong>bar de v\u00e9spera de Ano Novo em Fran\u00e7a<\/strong> feito para pura celebra\u00e7\u00e3o. Esta \u00e9 uma <strong>noite de grupo social e cheia de energia<\/strong> com um plano claro &#8211; para que te possas concentrar na divers\u00e3o, nas fotografias e no momento da meia-noite. <\/p>\n<p>Se est\u00e1s a viajar, a visitar amigos ou apenas queres um ambiente de festa garantido, este bar crawl de NYE foi concebido para tornar a tua noite <strong>f\u00e1cil, tranquila e inesquec\u00edvel<\/strong>.<\/p>\n<h3>Porqu\u00ea participar no nosso Bar Crawl de Ano Novo?<\/h3>\n<p><strong>Um verdadeiro plano para a Passagem<\/strong> de Ano <strong>(e n\u00e3o para ires a bares ao acaso)<\/strong><br \/>\nA Passagem de Ano \u00e9 muito movimentada &#8211; as filas, o tempo e a coordena\u00e7\u00e3o podem acabar com o ambiente. N\u00f3s mantemos a noite em movimento com um fluxo estruturado para que passes menos tempo a pensar em tudo e mais tempo a celebrar. <\/p>\n<p><strong>Feito para vibra\u00e7\u00f5es de festa social<\/strong><br \/>\nEsta \u00e9 a noite para conheceres pessoas. Espera um ambiente de grupo animado que parece uma celebra\u00e7\u00e3o desde a primeira paragem at\u00e9 \u00e0 contagem decrescente. <\/p>\n<p><strong>Menos stress, mais recorda\u00e7\u00f5es<\/strong><br \/>\nPreocupa-te com a log\u00edstica, com o tempo ou com o alinhamento de todos? N\u00f3s tratamos do planeamento para que possas desfrutar da parte boa: uma noite de que falar\u00e1s durante todo o ano. <\/p>\n<h3>Perguntas frequentes (e porque \u00e9 que \u00e9 f\u00e1cil)<\/h3>\n<ul>\n<li><strong>&#8220;Vais perder tempo a decidir para onde ir?&#8221;<\/strong>  N\u00e3o &#8211; a tua noite segue um plano claro.<\/li>\n<li><strong>&#8220;\u00c9 bom se eu vier com um pequeno grupo \/ como viajante?&#8221;<\/strong>  Sim &#8211; isto foi feito para ser social e acolhedor.<\/li>\n<li><strong>&#8220;A noite de Natal \u00e9 uma confus\u00e3o&#8230; ser\u00e1 que isto vai ser organizado?&#8221;<\/strong>  \u00c9 esse o objetivo: mantemos as coisas sem interrup\u00e7\u00f5es para que a festa continue a ser divertida.<\/li>\n<\/ul>\n<h2><a href=\"https:\/\/rivierabarcrawltours.com\/pt-pt\/fale-conosco\/\">Reserva o teu Bar Crawl de Fim de Ano em Fran\u00e7a<\/a><\/h2>\n<p>Os lugares esgotam-se rapidamente para a v\u00e9spera de Ano Novo. Envia-nos uma mensagem agora para garantires o teu lugar e obteres os detalhes. <\/p>\n<p><strong>WhatsApp \/ Telefone:<\/strong> +33 6 49 24 44 07<br \/>\n<strong>Envia um e-mail:<\/strong> <a class=\"not-prose group inline break-all rounded-md px-1 text-sm font-medium text-blue-600 focus-visible:outline-none focus-visible:ring-1 focus-visible:ring-ring dark:text-blue-400 md:text-base\" href=\"mailto:info@rivierabarcrawltours.com\"><span class=\"underline\">info@rivierabarcrawltours.com<\/span><\/a>[\/vc_column_text][\/vc_column][\/vc_row][vc_row][vc_column width=&#8221;1\/4&#8243; el_class=&#8221;main-col&#8221; css=&#8221;.vc_custom_1612431923475{margin-bottom: 20px !important;}&#8221;][vc_column_text css=&#8221;.vc_custom_1770903103377{background-image: url(https:\/\/rivierabarcrawltours.com\/wp-content\/uploads\/2026\/02\/instagram-post-Nice-NYE-2027-1.jpg?id=125332) !important;}&#8221;]<a href=\"https:\/\/rivierabarcrawltours.com\/pt-pt\/tour\/vespera-de-ano-novo-bar-crawl-nice-franca-2026\/\">Nice<\/a>[\/vc_column_text][\/vc_column][vc_column width=&#8221;1\/4&#8243; el_class=&#8221;main-col&#8221; css=&#8221;.vc_custom_1612432008756{margin-bottom: 20px !important;}&#8221;][vc_column_text css=&#8221;.vc_custom_1770903158459{background-image: url(https:\/\/rivierabarcrawltours.com\/wp-content\/uploads\/2026\/02\/Instagram-post-Paris-NYE-2027.jpg?id=125333) !important;}&#8221;]<a href=\"https:\/\/rivierabarcrawltours.com\/pt-pt\/tour\/festa-de-fim-de-ano-em-paris-riviera-bar-crawl-paris\/\">Paris<\/a>[\/vc_column_text][\/vc_column][vc_column width=&#8221;1\/4&#8243; el_class=&#8221;main-col&#8221; css=&#8221;.vc_custom_1613118716288{margin-bottom: 20px !important;}&#8221;][vc_column_text css=&#8221;.vc_custom_1770903190390{background-image: url(https:\/\/rivierabarcrawltours.com\/wp-content\/uploads\/2026\/02\/Instagram-post-Marseille-NYE-2027-1.jpg?id=125334) !important;}&#8221;]<a href=\"https:\/\/rivierabarcrawltours.com\/pt-pt\/tour\/vespera-de-ano-novo-marselha\/\">Marselha<\/a>[\/vc_column_text][\/vc_column][vc_column width=&#8221;1\/4&#8243; el_class=&#8221;main-col&#8221; css=&#8221;.vc_custom_1612432062266{margin-bottom: 20px !important;}&#8221;][vc_column_text css=&#8221;.vc_custom_1770903223040{background-image: url(https:\/\/rivierabarcrawltours.com\/wp-content\/uploads\/2026\/02\/Instagram-post-Milan-NYE-2027.jpg?id=125335) !important;}&#8221;]<a href=\"https:\/\/rivierabarcrawltours.com\/pt-pt\/tour\/festa-de-passagem-de-ano-no-bar-crawl-milao-italia-2027\/\">Mil\u00e3o<\/a>[\/vc_column_text][\/vc_column][\/vc_row][vc_row][vc_column width=&#8221;1\/4&#8243; el_class=&#8221;main-col&#8221; css=&#8221;.vc_custom_1612431923475{margin-bottom: 20px !important;}&#8221;][vc_column_text css=&#8221;.vc_custom_1770903434523{background-image: url(https:\/\/rivierabarcrawltours.com\/wp-content\/uploads\/2026\/02\/Instagram-post-Lyon-NYE-2027.png?id=125338) !important;}&#8221;]<a href=\"https:\/\/rivierabarcrawltours.com\/pt-pt\/tour\/festa-de-fim-de-ano-em-lyon-riviera-bar-crawl-lyon\/\">Lyon<\/a>[\/vc_column_text][\/vc_column][vc_column width=&#8221;1\/4&#8243; el_class=&#8221;main-col&#8221; css=&#8221;.vc_custom_1612432008756{margin-bottom: 20px !important;}&#8221;][vc_column_text css=&#8221;.vc_custom_1770903453950{background-image: url(https:\/\/rivierabarcrawltours.com\/wp-content\/uploads\/2026\/02\/Instagram-post-Lille-NYE-2027.jpg?id=125336) !important;}&#8221;]<a href=\"https:\/\/rivierabarcrawltours.com\/pt-pt\/tour\/festa-de-fim-de-ano-em-lille-riviera-bar-crawl-lille\/\">Lille<\/a>[\/vc_column_text][\/vc_column][vc_column width=&#8221;1\/4&#8243; el_class=&#8221;main-col&#8221; css=&#8221;.vc_custom_1613118716288{margin-bottom: 20px !important;}&#8221;][vc_column_text css=&#8221;.vc_custom_1770903592246{background-image: url(https:\/\/rivierabarcrawltours.com\/wp-content\/uploads\/2026\/02\/Instagram-post-Bruxelles-NYE-2027.jpg?id=125339) !important;}&#8221;]<a href=\"https:\/\/rivierabarcrawltours.com\/pt-pt\/tour\/festa-de-passagem-de-ano-no-bar-crawl-bruxelas-2027\/\">Bruxelas<\/a>[\/vc_column_text][\/vc_column][vc_column width=&#8221;1\/4&#8243; el_class=&#8221;main-col&#8221; css=&#8221;.vc_custom_1612432062266{margin-bottom: 20px !important;}&#8221;][vc_column_text css=&#8221;.vc_custom_1770903541253{background-image: url(https:\/\/rivierabarcrawltours.com\/wp-content\/uploads\/2026\/02\/Instagram-post-Strasbourg-NYE-2027.jpg?id=125340) !important;}&#8221;]<a href=\"https:\/\/rivierabarcrawltours.com\/pt-pt\/tour\/bar-de-fim-de-ano-crawl-nice-franca\/\">Estrasburgo<\/a>[\/vc_column_text][\/vc_column][\/vc_row][vc_row][vc_column width=&#8221;1\/4&#8243; el_class=&#8221;main-col&#8221; css=&#8221;.vc_custom_1612432008756{margin-bottom: 20px !important;}&#8221;][vc_column_text css=&#8221;.vc_custom_1770903581215{background-image: url(https:\/\/rivierabarcrawltours.com\/wp-content\/uploads\/2026\/02\/Instagram-post-Toulouse-NYE-2027.jpg?id=125341) !important;}&#8221;]<a href=\"https:\/\/rivierabarcrawltours.com\/pt-pt\/tour\/festa-de-fim-de-ano-em-toulouse-riviera-bar-crawl-toulouse\/\">Toulouse<\/a>[\/vc_column_text][\/vc_column][vc_column width=&#8221;1\/4&#8243; el_class=&#8221;main-col&#8221; css=&#8221;.vc_custom_1613118716288{margin-bottom: 20px !important;}&#8221;][vc_column_text css=&#8221;.vc_custom_1770903614983{background-image: url(https:\/\/rivierabarcrawltours.com\/wp-content\/uploads\/2026\/02\/Instagram-post-Bordeaux-NYE-2027.jpg?id=125342) !important;}&#8221;]<a href=\"https:\/\/rivierabarcrawltours.com\/tour\/new-years-eve-bordeux-pub-crawl\/\">Bordeaux<\/a>[\/vc_column_text][\/vc_column][\/vc_row]<\/p>\n<\/div>","protected":false},"excerpt":{"rendered":"<p>[vc_row css=&#8221;.vc_custom_1612431259800{margin-top: 40px !important;}&#8221;][vc_column][vc_column_text css=&#8221;&#8221;] Bar Crawl na v\u00e9spera de Ano Novo &#8211; Noite de festa com contagem decrescente [\/vc_column_text][vc_column_text css=&#8221;&#8221;] Bar Crawl de Ano Novo em Fran\u00e7a &#8211; A contagem decrescente come\u00e7a aqui Evita o caos de \u00faltima hora e entra num bar de v\u00e9spera de Ano Novo em Fran\u00e7a feito para pura celebra\u00e7\u00e3o. [&hellip;]<\/p>\n","protected":false},"author":2,"featured_media":103405,"parent":0,"menu_order":0,"comment_status":"closed","ping_status":"closed","template":"template-home-modern.php","meta":{"_acf_changed":false,"footnotes":""},"class_list":["post-122850","page","type-page","status-publish","has-post-thumbnail","hentry"],"acf":[],"yoast_head":"<!-- This site is optimized with the Yoast SEO plugin v27.5 - https:\/\/yoast.com\/product\/yoast-seo-wordpress\/ -->\n<title>Rastreios de bares na v\u00e9spera de Ano Novo 2027 | Riviera Bar Crawl Tours<\/title>\n<meta name=\"description\" content=\"Torna a tua passagem de ano Bar Crawls 2027 inesquec\u00edvel com uma noite planeada cheia de energia e celebra\u00e7\u00e3o.\" \/>\n<meta name=\"robots\" content=\"index, follow, max-snippet:-1, max-image-preview:large, max-video-preview:-1\" \/>\n<link rel=\"canonical\" href=\"https:\/\/rivierabarcrawltours.com\/pt-pt\/rastreios-de-bares-na-vespera-de-ano-novo\/\" \/>\n<meta property=\"og:locale\" content=\"pt_PT\" \/>\n<meta property=\"og:type\" content=\"article\" \/>\n<meta property=\"og:title\" content=\"Rastreios de bares na v\u00e9spera de Ano Novo 2027 | Riviera Bar Crawl Tours\" \/>\n<meta property=\"og:description\" content=\"Torna a tua passagem de ano Bar Crawls 2027 inesquec\u00edvel com uma noite planeada cheia de energia e celebra\u00e7\u00e3o.\" \/>\n<meta property=\"og:url\" content=\"https:\/\/rivierabarcrawltours.com\/pt-pt\/rastreios-de-bares-na-vespera-de-ano-novo\/\" \/>\n<meta property=\"og:site_name\" content=\"Riviera Bar Crawl Tours\" \/>\n<meta property=\"article:publisher\" content=\"https:\/\/www.facebook.com\/RivieraBarCrawltours\/\" \/>\n<meta property=\"article:modified_time\" content=\"2026-02-16T11:56:25+00:00\" \/>\n<meta property=\"og:image\" content=\"https:\/\/rivierabarcrawltours.com\/wp-content\/uploads\/2024\/07\/riviera-pub-crawls-1024x1024.jpg\" \/>\n<meta name=\"twitter:card\" content=\"summary_large_image\" \/>\n<meta name=\"twitter:site\" content=\"@rivierabarcrawl\" \/>\n<meta name=\"twitter:label1\" content=\"Tempo estimado de leitura\" \/>\n\t<meta name=\"twitter:data1\" content=\"4 minutes\" \/>\n<!-- \/ Yoast SEO plugin. -->","yoast_head_json":{"title":"Rastreios de bares na v\u00e9spera de Ano Novo 2027 | Riviera Bar Crawl Tours","description":"Torna a tua passagem de ano Bar Crawls 2027 inesquec\u00edvel com uma noite planeada cheia de energia e celebra\u00e7\u00e3o.","robots":{"index":"index","follow":"follow","max-snippet":"max-snippet:-1","max-image-preview":"max-image-preview:large","max-video-preview":"max-video-preview:-1"},"canonical":"https:\/\/rivierabarcrawltours.com\/pt-pt\/rastreios-de-bares-na-vespera-de-ano-novo\/","og_locale":"pt_PT","og_type":"article","og_title":"Rastreios de bares na v\u00e9spera de Ano Novo 2027 | Riviera Bar Crawl Tours","og_description":"Torna a tua passagem de ano Bar Crawls 2027 inesquec\u00edvel com uma noite planeada cheia de energia e celebra\u00e7\u00e3o.","og_url":"https:\/\/rivierabarcrawltours.com\/pt-pt\/rastreios-de-bares-na-vespera-de-ano-novo\/","og_site_name":"Riviera Bar Crawl Tours","article_publisher":"https:\/\/www.facebook.com\/RivieraBarCrawltours\/","article_modified_time":"2026-02-16T11:56:25+00:00","og_image":[{"url":"https:\/\/rivierabarcrawltours.com\/wp-content\/uploads\/2024\/07\/riviera-pub-crawls-1024x1024.jpg","type":"","width":"","height":""}],"twitter_card":"summary_large_image","twitter_site":"@rivierabarcrawl","twitter_misc":{"Tempo estimado de leitura":"4 minutes"},"schema":{"@context":"https:\/\/schema.org","@graph":[{"@type":"WebPage","@id":"https:\/\/rivierabarcrawltours.com\/pt-pt\/rastreios-de-bares-na-vespera-de-ano-novo\/","url":"https:\/\/rivierabarcrawltours.com\/pt-pt\/rastreios-de-bares-na-vespera-de-ano-novo\/","name":"Rastreios de bares na v\u00e9spera de Ano Novo 2027 | Riviera Bar Crawl Tours","isPartOf":{"@id":"https:\/\/rivierabarcrawltours.com\/#website"},"primaryImageOfPage":{"@id":"https:\/\/rivierabarcrawltours.com\/pt-pt\/rastreios-de-bares-na-vespera-de-ano-novo\/#primaryimage"},"image":{"@id":"https:\/\/rivierabarcrawltours.com\/pt-pt\/rastreios-de-bares-na-vespera-de-ano-novo\/#primaryimage"},"thumbnailUrl":"https:\/\/rivierabarcrawltours.com\/wp-content\/uploads\/2022\/11\/New-Years-Eve-party-in-Paris-Fireworks-e1669967522806.jpg","datePublished":"2026-01-23T12:03:09+00:00","dateModified":"2026-02-16T11:56:25+00:00","description":"Torna a tua passagem de ano Bar Crawls 2027 inesquec\u00edvel com uma noite planeada cheia de energia e celebra\u00e7\u00e3o.","breadcrumb":{"@id":"https:\/\/rivierabarcrawltours.com\/pt-pt\/rastreios-de-bares-na-vespera-de-ano-novo\/#breadcrumb"},"inLanguage":"pt-PT","potentialAction":[{"@type":"ReadAction","target":["https:\/\/rivierabarcrawltours.com\/pt-pt\/rastreios-de-bares-na-vespera-de-ano-novo\/"]}]},{"@type":"ImageObject","inLanguage":"pt-PT","@id":"https:\/\/rivierabarcrawltours.com\/pt-pt\/rastreios-de-bares-na-vespera-de-ano-novo\/#primaryimage","url":"https:\/\/rivierabarcrawltours.com\/wp-content\/uploads\/2022\/11\/New-Years-Eve-party-in-Paris-Fireworks-e1669967522806.jpg","contentUrl":"https:\/\/rivierabarcrawltours.com\/wp-content\/uploads\/2022\/11\/New-Years-Eve-party-in-Paris-Fireworks-e1669967522806.jpg","width":4372,"height":2567,"caption":"Fundo de f\u00e9rias - Torre Eiffel com fogo de artif\u00edcio, celebra\u00e7\u00e3o do Ano Novo em Paris, Fran\u00e7a"},{"@type":"BreadcrumbList","@id":"https:\/\/rivierabarcrawltours.com\/pt-pt\/rastreios-de-bares-na-vespera-de-ano-novo\/#breadcrumb","itemListElement":[{"@type":"ListItem","position":1,"name":"Home","item":"https:\/\/rivierabarcrawltours.com\/pt-pt\/"},{"@type":"ListItem","position":2,"name":"Rastreios de bares na v\u00e9spera de Ano Novo"}]},{"@type":"WebSite","@id":"https:\/\/rivierabarcrawltours.com\/#website","url":"https:\/\/rivierabarcrawltours.com\/","name":"Riviera Bar Crawl Tours","description":"Fun Day &amp; Night Experiences I Tour operator I Guided Tours I Bar Crawls I Food Tours I","publisher":{"@id":"https:\/\/rivierabarcrawltours.com\/#organization"},"potentialAction":[{"@type":"SearchAction","target":{"@type":"EntryPoint","urlTemplate":"https:\/\/rivierabarcrawltours.com\/?s={search_term_string}"},"query-input":{"@type":"PropertyValueSpecification","valueRequired":true,"valueName":"search_term_string"}}],"inLanguage":"pt-PT"},{"@type":"Organization","@id":"https:\/\/rivierabarcrawltours.com\/#organization","name":"Riviera Bar Crawl Tours","url":"https:\/\/rivierabarcrawltours.com\/","logo":{"@type":"ImageObject","inLanguage":"pt-PT","@id":"https:\/\/rivierabarcrawltours.com\/#\/schema\/logo\/image\/","url":"https:\/\/rivierabarcrawltours.com\/wp-content\/uploads\/2019\/07\/logo.png","contentUrl":"https:\/\/rivierabarcrawltours.com\/wp-content\/uploads\/2019\/07\/logo.png","width":479,"height":453,"caption":"Riviera Bar Crawl Tours"},"image":{"@id":"https:\/\/rivierabarcrawltours.com\/#\/schema\/logo\/image\/"},"sameAs":["https:\/\/www.facebook.com\/RivieraBarCrawltours\/","https:\/\/x.com\/rivierabarcrawl"]}]}},"_links":{"self":[{"href":"https:\/\/rivierabarcrawltours.com\/pt-pt\/wp-json\/wp\/v2\/pages\/122850","targetHints":{"allow":["GET"]}}],"collection":[{"href":"https:\/\/rivierabarcrawltours.com\/pt-pt\/wp-json\/wp\/v2\/pages"}],"about":[{"href":"https:\/\/rivierabarcrawltours.com\/pt-pt\/wp-json\/wp\/v2\/types\/page"}],"author":[{"embeddable":true,"href":"https:\/\/rivierabarcrawltours.com\/pt-pt\/wp-json\/wp\/v2\/users\/2"}],"replies":[{"embeddable":true,"href":"https:\/\/rivierabarcrawltours.com\/pt-pt\/wp-json\/wp\/v2\/comments?post=122850"}],"version-history":[{"count":20,"href":"https:\/\/rivierabarcrawltours.com\/pt-pt\/wp-json\/wp\/v2\/pages\/122850\/revisions"}],"predecessor-version":[{"id":125915,"href":"https:\/\/rivierabarcrawltours.com\/pt-pt\/wp-json\/wp\/v2\/pages\/122850\/revisions\/125915"}],"wp:featuredmedia":[{"embeddable":true,"href":"https:\/\/rivierabarcrawltours.com\/pt-pt\/wp-json\/wp\/v2\/media\/103405"}],"wp:attachment":[{"href":"https:\/\/rivierabarcrawltours.com\/pt-pt\/wp-json\/wp\/v2\/media?parent=122850"}],"curies":[{"name":"wp","href":"https:\/\/api.w.org\/{rel}","templated":true}]}}