{"id":122378,"date":"2026-01-09T12:54:32","date_gmt":"2026-01-09T11:54:32","guid":{"rendered":"https:\/\/rivierabarcrawltours.com\/programa-de-afiliados\/"},"modified":"2026-01-09T12:54:33","modified_gmt":"2026-01-09T11:54:33","slug":"programa-de-afiliados","status":"publish","type":"page","link":"https:\/\/rivierabarcrawltours.com\/pt-pt\/programa-de-afiliados\/","title":{"rendered":"Programa de afiliados"},"content":{"rendered":"<h1 data-path-to-node=\"3\"><strong>Programa de Afiliados do Riviera Bar Crawl &amp; Tours: Transforma os cliques em dinheiro<\/strong><\/h1>\n<h3 data-path-to-node=\"4\"><strong>Faz parceria com os melhores especialistas em turismo da Europa e aumenta as tuas receitas<\/strong><\/h3>\n<p data-path-to-node=\"5\">Tens um blogue de viagens, um site ou uma plataforma social de sucesso? Transforma a tua paix\u00e3o por viagens e vida nocturna numa fonte de rendimento passiva e lucrativa, fazendo uma parceria com a Riviera Bar Crawl &amp; Tours. <\/p>\n<p data-path-to-node=\"6\">Oferecemos experi\u00eancias inesquec\u00edveis e altamente cotadas em <b>mais de 10 cidades europeias vibrantes &#8211; da<\/b>Riviera Francesa a Paris E agora nos <b style=\"font-family: Raleway, sans-serif;\">principais destinos de festas em todo o mundo <\/b>Proporciona ao teu p\u00fablico os melhores momentos de viagem e recebe um bom pagamento por isso.<\/p>\n<h3 data-path-to-node=\"8\"><b>Porqu\u00ea ser nosso parceiro? Ganhos atractivos e simples <\/b><\/h3>\n<ul data-path-to-node=\"9\">\n<li>\n<p data-path-to-node=\"9,0,0\"><b>Comiss\u00f5es competitivas:<\/b> Ganha uma comiss\u00e3o generosa e claramente definida sobre cada reserva confirmada feita atrav\u00e9s da tua plataforma.<\/p>\n<\/li>\n<li>\n<p data-path-to-node=\"9,1,0\"><b>Pagamentos sem complica\u00e7\u00f5es:<\/b> Recebe <b>pagamentos mensais<\/b>fi\u00e1veis e pontuais &#8211; sem taxas ocultas, sem confus\u00e3o, apenas um rendimento claro e consistente.<\/p>\n<\/li>\n<li>\n<p data-path-to-node=\"9,2,0\"><b>A ades\u00e3o \u00e9 GRATUITA:<\/b> Come\u00e7a a ganhar hoje mesmo sem <b>taxas de registo<\/b> e sem compromisso a longo prazo.<\/p>\n<\/li>\n<\/ul>\n<h3 data-path-to-node=\"10\"><b>Integra\u00e7\u00e3o perfeita e suporte inigual\u00e1vel<\/b><\/h3>\n<p data-path-to-node=\"11\">Facilitamos a configura\u00e7\u00e3o, para que te possas concentrar na cria\u00e7\u00e3o de conte\u00fados fant\u00e1sticos.<\/p>\n<ul data-path-to-node=\"12\">\n<li>\n<p data-path-to-node=\"12,0,0\"><b>Configura\u00e7\u00e3o feita por ti:<\/b> A nossa equipa dedicada pode tratar de <b>toda a integra\u00e7\u00e3o do widget<\/b> no teu site, garantindo uma configura\u00e7\u00e3o suave, bonita e sem esfor\u00e7o.<\/p>\n<\/li>\n<li>\n<p data-path-to-node=\"12,1,0\"><b>Personalizado para a tua marca:<\/b> Escolhe de entre uma sele\u00e7\u00e3o de widgets atractivos que se integram naturalmente na est\u00e9tica do teu site, preservando a harmonia do teu conte\u00fado.<\/p>\n<\/li>\n<li>\n<p data-path-to-node=\"12,2,0\"><b>Otimiza\u00e7\u00e3o personalizada:<\/b> Recebe conselhos personalizados e estrat\u00e9gias comprovadas dos nossos especialistas para otimizar a coloca\u00e7\u00e3o de widgets, <b>aumentando<\/b> significativamente <b>as tuas taxas de convers\u00e3o<\/b> e maximizando os teus lucros.<\/p>\n<\/li>\n<\/ul>\n<h3 data-path-to-node=\"13\"><b>\ud83d\udcc8 Desbloqueia o crescimento e a transpar\u00eancia<\/b><\/h3>\n<ul data-path-to-node=\"14\">\n<li>\n<p data-path-to-node=\"14,0,0\"><b>Alta taxa de convers\u00e3o:<\/b> Promove excurs\u00f5es altamente recomendadas e procuradas (v\u00ea as nossas avalia\u00e7\u00f5es no TripAdvisor!) que o teu p\u00fablico vai adorar genuinamente, levando a uma taxa de convers\u00e3o de reservas mais elevada.<\/p>\n<\/li>\n<li>\n<p data-path-to-node=\"14,1,0\"><b>Suporte T\u00e9cnico Dedicado:<\/b> A nossa equipa t\u00e9cnica simplifica todo o processo, facilitando a integra\u00e7\u00e3o e a manuten\u00e7\u00e3o.<\/p>\n<\/li>\n<li>\n<p data-path-to-node=\"14,2,0\"><b>Clareza total:<\/b> Desfruta de total transpar\u00eancia nos relat\u00f3rios e ganhos. Saber\u00e1s sempre exatamente o que ganhaste. <\/p>\n<\/li>\n<\/ul>\n<h3 data-path-to-node=\"16\"><b>Pronto para aumentar o teu rendimento?<\/b><\/h3>\n<p data-path-to-node=\"17\">N\u00e3o deixes dinheiro em cima da mesa. Junta-te agora ao <b>Programa de Afiliados do Riviera Bar Crawl &amp; Tours<\/b> e come\u00e7a a gerar receitas ligando os teus visitantes \u00e0s melhores experi\u00eancias de vida nocturna da Europa! <\/p>\n","protected":false},"excerpt":{"rendered":"<p>Programa de Afiliados do Riviera Bar Crawl &amp; Tours: Transforma os cliques em dinheiro Faz parceria com os melhores especialistas em turismo da Europa e aumenta as tuas receitas Tens um blogue de viagens, um site ou uma plataforma social de sucesso? Transforma a tua paix\u00e3o por viagens e vida nocturna numa fonte de rendimento [&hellip;]<\/p>\n","protected":false},"author":2,"featured_media":111562,"parent":0,"menu_order":0,"comment_status":"closed","ping_status":"closed","template":"template-home-modern.php","meta":{"_acf_changed":false,"footnotes":""},"class_list":["post-122378","page","type-page","status-publish","has-post-thumbnail","hentry"],"acf":[],"yoast_head":"<!-- This site is optimized with the Yoast SEO plugin v27.3 - https:\/\/yoast.com\/product\/yoast-seo-wordpress\/ -->\n<title>Programa de Afiliados - Riviera Bar Crawl Tours<\/title>\n<meta name=\"description\" content=\"Ganha at\u00e9 20% de comiss\u00e3o a promover os melhores Bar Crawls e tours na Europa com a Riviera Bar Crawl &amp; Tours\" \/>\n<meta name=\"robots\" content=\"index, follow, max-snippet:-1, max-image-preview:large, max-video-preview:-1\" \/>\n<link rel=\"canonical\" href=\"https:\/\/rivierabarcrawltours.com\/pt-pt\/programa-de-afiliados\/\" \/>\n<meta property=\"og:locale\" content=\"pt_PT\" \/>\n<meta property=\"og:type\" content=\"article\" \/>\n<meta property=\"og:title\" content=\"Programa de Afiliados - Riviera Bar Crawl Tours\" \/>\n<meta property=\"og:description\" content=\"Ganha at\u00e9 20% de comiss\u00e3o a promover os melhores Bar Crawls e tours na Europa com a Riviera Bar Crawl &amp; Tours\" \/>\n<meta property=\"og:url\" content=\"https:\/\/rivierabarcrawltours.com\/pt-pt\/programa-de-afiliados\/\" \/>\n<meta property=\"og:site_name\" content=\"Riviera Bar Crawl Tours\" \/>\n<meta property=\"article:publisher\" content=\"https:\/\/www.facebook.com\/RivieraBarCrawltours\/\" \/>\n<meta property=\"article:modified_time\" content=\"2026-01-09T11:54:33+00:00\" \/>\n<meta property=\"og:image\" content=\"https:\/\/rivierabarcrawltours.com\/wp-content\/uploads\/2024\/02\/faq-Riviera-bar-crawl-tours.jpg\" \/>\n\t<meta property=\"og:image:width\" content=\"1920\" \/>\n\t<meta property=\"og:image:height\" content=\"1080\" \/>\n\t<meta property=\"og:image:type\" content=\"image\/jpeg\" \/>\n<meta name=\"twitter:card\" content=\"summary_large_image\" \/>\n<meta name=\"twitter:site\" content=\"@rivierabarcrawl\" \/>\n<meta name=\"twitter:label1\" content=\"Tempo estimado de leitura\" \/>\n\t<meta name=\"twitter:data1\" content=\"2 minutes\" \/>\n<!-- \/ Yoast SEO plugin. -->","yoast_head_json":{"title":"Programa de Afiliados - Riviera Bar Crawl Tours","description":"Ganha at\u00e9 20% de comiss\u00e3o a promover os melhores Bar Crawls e tours na Europa com a Riviera Bar Crawl & Tours","robots":{"index":"index","follow":"follow","max-snippet":"max-snippet:-1","max-image-preview":"max-image-preview:large","max-video-preview":"max-video-preview:-1"},"canonical":"https:\/\/rivierabarcrawltours.com\/pt-pt\/programa-de-afiliados\/","og_locale":"pt_PT","og_type":"article","og_title":"Programa de Afiliados - Riviera Bar Crawl Tours","og_description":"Ganha at\u00e9 20% de comiss\u00e3o a promover os melhores Bar Crawls e tours na Europa com a Riviera Bar Crawl & Tours","og_url":"https:\/\/rivierabarcrawltours.com\/pt-pt\/programa-de-afiliados\/","og_site_name":"Riviera Bar Crawl Tours","article_publisher":"https:\/\/www.facebook.com\/RivieraBarCrawltours\/","article_modified_time":"2026-01-09T11:54:33+00:00","og_image":[{"width":1920,"height":1080,"url":"https:\/\/rivierabarcrawltours.com\/wp-content\/uploads\/2024\/02\/faq-Riviera-bar-crawl-tours.jpg","type":"image\/jpeg"}],"twitter_card":"summary_large_image","twitter_site":"@rivierabarcrawl","twitter_misc":{"Tempo estimado de leitura":"2 minutes"},"schema":{"@context":"https:\/\/schema.org","@graph":[{"@type":"WebPage","@id":"https:\/\/rivierabarcrawltours.com\/pt-pt\/programa-de-afiliados\/","url":"https:\/\/rivierabarcrawltours.com\/pt-pt\/programa-de-afiliados\/","name":"Programa de Afiliados - Riviera Bar Crawl Tours","isPartOf":{"@id":"https:\/\/rivierabarcrawltours.com\/#website"},"primaryImageOfPage":{"@id":"https:\/\/rivierabarcrawltours.com\/pt-pt\/programa-de-afiliados\/#primaryimage"},"image":{"@id":"https:\/\/rivierabarcrawltours.com\/pt-pt\/programa-de-afiliados\/#primaryimage"},"thumbnailUrl":"https:\/\/rivierabarcrawltours.com\/wp-content\/uploads\/2024\/02\/faq-Riviera-bar-crawl-tours.jpg","datePublished":"2026-01-09T11:54:32+00:00","dateModified":"2026-01-09T11:54:33+00:00","description":"Ganha at\u00e9 20% de comiss\u00e3o a promover os melhores Bar Crawls e tours na Europa com a Riviera Bar Crawl & Tours","breadcrumb":{"@id":"https:\/\/rivierabarcrawltours.com\/pt-pt\/programa-de-afiliados\/#breadcrumb"},"inLanguage":"pt-PT","potentialAction":[{"@type":"ReadAction","target":["https:\/\/rivierabarcrawltours.com\/pt-pt\/programa-de-afiliados\/"]}]},{"@type":"ImageObject","inLanguage":"pt-PT","@id":"https:\/\/rivierabarcrawltours.com\/pt-pt\/programa-de-afiliados\/#primaryimage","url":"https:\/\/rivierabarcrawltours.com\/wp-content\/uploads\/2024\/02\/faq-Riviera-bar-crawl-tours.jpg","contentUrl":"https:\/\/rivierabarcrawltours.com\/wp-content\/uploads\/2024\/02\/faq-Riviera-bar-crawl-tours.jpg","width":1920,"height":1080},{"@type":"BreadcrumbList","@id":"https:\/\/rivierabarcrawltours.com\/pt-pt\/programa-de-afiliados\/#breadcrumb","itemListElement":[{"@type":"ListItem","position":1,"name":"Home","item":"https:\/\/rivierabarcrawltours.com\/pt-pt\/"},{"@type":"ListItem","position":2,"name":"Programa de afiliados"}]},{"@type":"WebSite","@id":"https:\/\/rivierabarcrawltours.com\/#website","url":"https:\/\/rivierabarcrawltours.com\/","name":"Riviera Bar Crawl Tours","description":"Fun Day &amp; Night Experiences I Tour operator I Guided Tours I Bar Crawls I Food Tours I","publisher":{"@id":"https:\/\/rivierabarcrawltours.com\/#organization"},"potentialAction":[{"@type":"SearchAction","target":{"@type":"EntryPoint","urlTemplate":"https:\/\/rivierabarcrawltours.com\/?s={search_term_string}"},"query-input":{"@type":"PropertyValueSpecification","valueRequired":true,"valueName":"search_term_string"}}],"inLanguage":"pt-PT"},{"@type":"Organization","@id":"https:\/\/rivierabarcrawltours.com\/#organization","name":"Riviera Bar Crawl Tours","url":"https:\/\/rivierabarcrawltours.com\/","logo":{"@type":"ImageObject","inLanguage":"pt-PT","@id":"https:\/\/rivierabarcrawltours.com\/#\/schema\/logo\/image\/","url":"https:\/\/rivierabarcrawltours.com\/wp-content\/uploads\/2019\/07\/logo.png","contentUrl":"https:\/\/rivierabarcrawltours.com\/wp-content\/uploads\/2019\/07\/logo.png","width":479,"height":453,"caption":"Riviera Bar Crawl Tours"},"image":{"@id":"https:\/\/rivierabarcrawltours.com\/#\/schema\/logo\/image\/"},"sameAs":["https:\/\/www.facebook.com\/RivieraBarCrawltours\/","https:\/\/x.com\/rivierabarcrawl"]}]}},"_links":{"self":[{"href":"https:\/\/rivierabarcrawltours.com\/pt-pt\/wp-json\/wp\/v2\/pages\/122378","targetHints":{"allow":["GET"]}}],"collection":[{"href":"https:\/\/rivierabarcrawltours.com\/pt-pt\/wp-json\/wp\/v2\/pages"}],"about":[{"href":"https:\/\/rivierabarcrawltours.com\/pt-pt\/wp-json\/wp\/v2\/types\/page"}],"author":[{"embeddable":true,"href":"https:\/\/rivierabarcrawltours.com\/pt-pt\/wp-json\/wp\/v2\/users\/2"}],"replies":[{"embeddable":true,"href":"https:\/\/rivierabarcrawltours.com\/pt-pt\/wp-json\/wp\/v2\/comments?post=122378"}],"version-history":[{"count":1,"href":"https:\/\/rivierabarcrawltours.com\/pt-pt\/wp-json\/wp\/v2\/pages\/122378\/revisions"}],"predecessor-version":[{"id":122379,"href":"https:\/\/rivierabarcrawltours.com\/pt-pt\/wp-json\/wp\/v2\/pages\/122378\/revisions\/122379"}],"wp:featuredmedia":[{"embeddable":true,"href":"https:\/\/rivierabarcrawltours.com\/pt-pt\/wp-json\/wp\/v2\/media\/111562"}],"wp:attachment":[{"href":"https:\/\/rivierabarcrawltours.com\/pt-pt\/wp-json\/wp\/v2\/media?parent=122378"}],"curies":[{"name":"wp","href":"https:\/\/api.w.org\/{rel}","templated":true}]}}