{"id":83973,"date":"2021-12-15T17:58:22","date_gmt":"2021-12-15T16:58:22","guid":{"rendered":"https:\/\/rivierabarcrawltours.com\/esperienza-di-canyoning\/"},"modified":"2021-12-16T08:58:15","modified_gmt":"2021-12-16T07:58:15","slug":"esperienza-di-canyoning","status":"publish","type":"page","link":"https:\/\/rivierabarcrawltours.com\/it\/esperienza-di-canyoning\/","title":{"rendered":"Esperienza di canyoning"},"content":{"rendered":"<div class=\"wpb-content-wrapper\"><p>[vc_row][vc_column][vc_row_inner][vc_column_inner]<hEsperienza Canyoning Nizza style='font-weight: bold; color: white ;text-align:center'>Esperienza di canyoning<\/hEsperienza Canyoning Nizza><div class='list_tours'>   <div class=\"concept-listings owl-carousel owl-theme\">\n          <div class=\"style_box\">\n           <div class=\"feature_class st_featured featured\">Featured<\/div>           <div class=\"thumb\">\n               <header class=\"thumb-header st_avatar_fix\">\n                                      <a href=\"https:\/\/rivierabarcrawltours.com\/it\/tour\/canyoning-a-nizza\/\" class=\"hover-img\">\n                       <img loading=\"lazy\" decoding=\"async\" width=\"260\" height=\"190\" src=\"https:\/\/rivierabarcrawltours.com\/wp-content\/uploads\/2020\/12\/canyoning-nice-260x190.jpg\" class=\"attachment-260x190x1 size-260x190x1 wp-post-image\" alt=\"canyoning nice\" \/>                       <h5 class=\"hover-title hover-hold text-center\">\n                           Canyoning a Nizza                       <\/h5>\n                   <\/a>\n                                  <\/header>\n           <\/div>\n       <\/div>\n   <\/div>\n\n    \n<script type=\"text\/javascript\">\n$(document).ready(function() {\n       $(\".concept-listings\").owlCarousel({\n        margin:20,\n                dots:true,\n        responsiveClass:true,\n        responsive:{\n            0:{\n                items:1,\n                nav:false\n            },\n            600:{\n                items:3,\n                nav:false\n            },\n            1000:{\n                items:4,\n                nav:true\n            }\n        }\n       });\n}); \n\n<\/script>\n\n<style type=\"text\/css\">\n.concept-listings .owl-stage {\n    display: -webkit-box !important;\n    display: -moz-box !important;\n    display: -ms-box !important;\n    display: box !important;\n}\n.concept-listings .owl-dots {\n    margin-top: 10px;\n    text-align: center;\n}\n.concept-listings .owl-dots .owl-dot {\n    display: inline-block;\n    background: 0 0;\n    color: inherit;\n    border: none;\n    padding: 0 !important;\n}\n.concept-listings .owl-dots .owl-dot.active span {\n    background: var(--link-color, #5191FA);\n}\n.concept-listings .owl-dots .owl-dot span {\n    width: 10px;\n    height: 10px;\n    margin: 5px 7px;\n    background: var(--light-grey-color, #EAEEF3);\n    display: block;\n    transition: opacity 0.2s ease;\n    border-radius: 30px;\n}\n.city-tours-custom .feature_class{\n  left: 0 !important;\n}\n.concept-listings .owl-nav {\n    position: absolute;\n    height: 100%;\n    top: 0;\n    width: 100%;\n    z-index: -1;\n}\n.concept-listings .owl-nav button {\n    position: absolute;\n    top: 50%;\n    margin-top: -18px;\n}\n.concept-listings .owl-nav button.owl-next {\n    right: -66px;\n}\n.concept-listings .owl-nav button.owl-prev {\n    left: -66px;\n}\n.concept-listings .owl-nav button.owl-next span {\n    width: 36px;\n    height: 36px;\n    display: block;\n    background: url(https:\/\/rivierabarcrawltours.com\/wp-content\/uploads\/2021\/06\/arrow-right.png) center center no-repeat;\n    background-size: 100% auto;\n    color: transparent;\n}\n.concept-listings .owl-nav button.owl-prev span {\n    width: 36px;\n    height: 36px;\n    display: block;\n    background: url(https:\/\/rivierabarcrawltours.com\/wp-content\/uploads\/2021\/02\/arrow-left.png) center center no-repeat;\n    background-size: 100% auto;\n    color: transparent;\n}\n\n.city-tours-custom .thumb{\n    border: none !important;\n}\n<\/style><\/div>[\/vc_column_inner][\/vc_row_inner][vc_column_text]<\/p>\n<h2>Il canyoning<\/h2>\n<h3>Cos&#8217;\u00e8 un&#8217;esperienza di canyoning ?<\/h3>\n<p>Il canyoning \u00e8 uno degli sport d&#8217;avventura che si sta sviluppando pi\u00f9 velocemente sul pianeta ed \u00e8 un vero brivido.<\/p>\n<p>Il canyoning \u00e8 passato in pochi anni da un&#8217;attivit\u00e0 estiva poco comune a un&#8217;attivit\u00e0 per tutto l&#8217;anno.<\/p>\n<p>Se ti piacciono le attivit\u00e0 all&#8217;aperto, questa esperienza ti piacer\u00e0 senza dubbio. Indosserai mute per esplorare torrenti, canyon e altre incredibili aree in natura che sono tipicamente considerate inaccessibili.<\/p>\n<p>Alcuni lo fanno per pura eccitazione, mentre altri lo fanno perch\u00e9 vogliono scoprire queste aree meravigliose e ottenere l&#8217;accesso a gole enormi che la maggior parte delle persone non arriva mai a vedere.<\/p>\n<p>Ci si pu\u00f2 anche aspettare un sacco di salti, passeggiate, nuoto e arrampicate, quindi \u00e8 una vera e propria esperienza sportiva.<\/p>\n<p>Bisogna dire che una corretta attivit\u00e0 di canyoning comporta sempre un po&#8217; di adrenalina. Ma se ti piace l&#8217;avventura, sei in buona forma fisica e non hai paura delle altezze, il canyoning \u00e8 un&#8217;esperienza da provare assolutamente.<\/p>\n<p>Esistono diversi tipi di canyon. Alcuni sono relativamente facili e ti permettono di uscirne quando vuoi con pochi salti. Alcuni canyon sono perfino ideali per i bambini. Tuttavia, altri canyon richiedono giorni per essere scalati e contengono enormi cascate.<\/p>\n<p>In ogni caso, che si tratti di rimbalzare da una cascata o di scivolare nell&#8217;acqua limpida, il divertimento \u00e8 garantito!<\/p>\n<h3>Cosa significa Canyon ?<\/h3>\n<p>Canyon \u00e8 un termine spagnolo che ha lo stesso significato. In Nord America, il nome &#8220;canyon&#8221; \u00e8 comunemente usato, ma in Europa e Oceania, i termini &#8220;gola&#8221; e &#8220;burrone&#8221; sono pi\u00f9 utilizzati.<\/p>\n<p>Dictionary.com si riferisce a un canyon come &#8220;una valle profonda con lati ripidi e un torrente che vi scorre attraverso&#8221;.<\/p>\n<p>Secondo il Dizionario di Cambridge la parola Canyoning \u00e8 definita come &#8220;uno sport che consiste nel saltare in un torrente di montagna che scorre molto velocemente ed essere trasportato gi\u00f9 per il torrente mentre si galleggia sulla schiena&#8221;.<\/p>\n<p>Fondamentalmente, il canyoning (o canyoning) \u00e8 uno sport avventuroso all&#8217;aperto che combina escursioni, arrampicate, nuoto e\/o discesa in corda doppia per attraversare un canyon o una gola. Segue un percorso d&#8217;acqua formato da rocce per esplorare le zone tortuose di un ambiente naturale.<\/p>\n<p>I partecipanti al Canyoning scivolano, saltano e si calano gi\u00f9 nel canyon, spesso usando attrezzature tecniche per navigare in percorsi attraverso torrenti, piscine e cascate.<\/p>\n<h3>Come funziona il canyoning ?<\/h3>\n<p>Un&#8217;escursione \u00e8 generalmente richiesta per raggiungere un canyon. Pu\u00f2 essere lunga o breve come il trekking. Il livello di difficolt\u00e0 sar\u00e0 determinato dalla posizione del canyon nel paesaggio e dalla sua vicinanza alle autostrade.<\/p>\n<p>Si indossa una muta dopo l&#8217;arrivo. Nell&#8217;acqua fredda, la muta mantiene il calore. Pu\u00f2 essere dannoso se non la si indossa perch\u00e9 si rischia l&#8217;ipotermia. Ci sono anche canyon asciutti, anche se la maggior parte dei canyon del mondo comprende acqua.<\/p>\n<p>Avrai anche bisogno di un&#8217;imbracatura, un casco e una corda per stare al sicuro. Le corde per la discesa in corda doppia servono per scendere le cascate e le scogliere. Una volta che hai iniziato, \u00e8 il tuo metodo per uscire. Per completare un canyon, devi raggiungere la fine, che \u00e8 il punto in cui il canyon si riapre. I canyon sono di solito viaggi di sola andata.<\/p>\n<p>Durante un tour di canyoning salterai intorno alle rocce, guaderai, nuoterai e farai brevi arrampicate su parti rocciose in tutto il canyon. Poi ti calerai in corda doppia. Quando si inizia, questo potrebbe essere spaventoso, ma supererete rapidamente le vostre paure perch\u00e9 l&#8217;adrenalina entra in gioco. Se stai attento, usi le tecniche adeguate e ti affianchi a persone pi\u00f9 esperte finch\u00e9 non capisci cosa stai facendo, andr\u00e0 tutto bene!<\/p>\n<p>La cosa migliore \u00e8 che \u00e8 un&#8217;attivit\u00e0 che tutti possono praticare. Purch\u00e9 siate in buone condizioni fisiche e non abbiate paura delle altezze. Ci sono canyon facili per i principianti e anche per i bambini. Se sei pi\u00f9 avanzato puoi provare gole pi\u00f9 difficili con cascate enormi. Non importa quale sia la gola che si scala, il divertimento \u00e8 garantito.<\/p>\n<h3>Quale attrezzatura \u00e8 necessaria per un&#8217;esperienza di canyoning ?<\/h3>\n<p>Se stai prenotando un tour di canyoning, che \u00e8 altamente raccomandato quando lo fai per la prima volta, la maggior parte dell&#8217;attrezzatura sar\u00e0 offerta dalla compagnia turistica ed \u00e8 inclusa nel prezzo. Se stai cercando di andare da solo, senza professionisti, avrai bisogno delle seguenti cose:<\/p>\n<p>Muta &#8211; L&#8217;elemento fondamentale per un&#8217;esperienza di canyoning sicura \u00e8 la muta. Non puoi farlo senza. L&#8217;acqua nei canyon \u00e8 di solito abbastanza fredda e la muta ti tiene caldo e sostiene il tuo flusso. Soprattutto, ti protegge anche quando colpisci una roccia.<\/p>\n<p>Casco &#8211; entrare in queste acque senza protezione per la testa \u00e8 pericoloso per la vita. La velocit\u00e0 dell&#8217;acqua pu\u00f2 essere molto pericolosa ed \u00e8 comune scivolare e cadere. Tuttavia, con un casco robusto, la tua testa dovrebbe essere ben protetta dalle lesioni.<\/p>\n<p>Scarpe da canyoning &#8211; scarpe solide e ad alta aderenza sono tra le cose pi\u00f9 importanti in termini di sicurezza quando si fa canyoning. Se non vuoi spendere tanti soldi in scarpe da canyoning di alta qualit\u00e0, vanno bene anche vecchie scarpe da corsa se hanno ancora una buona presa e molta ammortizzazione intorno al piede.<\/p>\n<p>Corda statica &#8211; La discesa in corda doppia richiede l&#8217;uso di una corda statica. Le corde devono essere durevoli, forti e resistenti all&#8217;acqua. Devi assicurarti che la lunghezza della corda che hai sia appropriata per le sfide del tuo canyon. Se vai senza una guida esperta, assicurati di sapere come usarla!<\/p>\n<p>Canyoning Rope Bag(s) &#8211; Un sacchetto di corda impermeabile e drenante rende facile e conveniente trasportare le tue corde, permettendoti anche di scalare, nuotare ed esplorare in modo sicuro con le mani libere.<\/p>\n<p>Dispositivo di discesa &#8211; un sistema di assicurazione di discesa \u00e8 un&#8217;altra importante caratteristica di sicurezza. Questo \u00e8 usato come un freno all&#8217;erosione per aiutarvi a gestire in modo sicuro ed efficace la vostra caduta durante la discesa in corda doppia.<\/p>\n<p>Imbracatura da arrampicata &#8211; per la discesa in corda doppia o l&#8217;arrampicata, questa assicurazione si indossa in modo costante ed \u00e8 attaccata a una corda.<\/p>\n<p>Contenitore impermeabile con kit di trattamento d&#8217;emergenza &#8211; per l&#8217;unit\u00e0 di soccorso medico, il telefono e altri oggetti di sicurezza di base che entreranno nel tuo sacco di corda da canyoning.<\/p>\n<p>Coltello &#8211; per tutte le spedizioni di canyoning, un coltello da canyoning resistente all&#8217;acqua \u00e8 uno strumento di sicurezza indispensabile.<\/p>\n<p>Imbragature, moschettoni e assicurazione &#8211; sapere quali dispositivi di assicurazione e sicurezza sono necessari per la gola e avere sempre qualche imbragatura e moschettone in pi\u00f9.<\/p>\n<h3>Destinazioni famose per il canyoning in Francia ?<\/h3>\n<p>Ogni estate, le persone sono desiderose di provare nuove attivit\u00e0 acquatiche come il rafting, la canoa e la pagaia. Il canyoning si \u00e8 sviluppato come un&#8217;attivit\u00e0 imperdibile tra loro. Il canyoning \u00e8 un ottimo modo per passare il tempo con la famiglia o gli amici divertendosi! Se non hai mai fatto canyoning e non hai l&#8217;attrezzatura necessaria, ti consigliamo di programmare un&#8217;escursione guidata di canyoning.<\/p>\n<p>Comunque, se sei in Francia, ci sono diverse destinazioni popolari per il canyoning tra cui scegliere:<\/p>\n<p><strong>Gole di Besorgues e Gole di Borne (Ard\u00e8che)<\/strong><\/p>\n<p>L&#8217;Ard\u00e8che e in particolare il Parco Naturale Regionale dei Monts d&#8217;Ard\u00e8che \u00e8 incredibile per una prima esperienza di canyoning. L&#8217;ex area vulcanica ti incanter\u00e0 con il suo paesaggio magico. Entrambi i canyon sono facili da raggiungere e perfetti per le famiglie perch\u00e9 sono molto adatti ai principianti.<\/p>\n<p><strong>Gola del Furon e Gola degli Ecouges (Vercors)<\/strong><\/p>\n<p>Le Gole del Furon e le Gole degli Ecouges sono due canyon rinomati in questa zona naturale, facilmente raggiungibili da Lione, Grenoble o Ginevra e sono una delle destinazioni pi\u00f9 popolari per il canyoning. Soprattutto per i principianti sono perfettamente adatti.<\/p>\n<p><strong>Le gole del Piton des Neiges (Isola della Riunione)<\/strong><\/p>\n<p>Una variet\u00e0 di gole mozzafiato pu\u00f2 essere scoperta su questa bella isola, soprattutto nel centro verso il Piton des Neiges. Di nuovo, le gole dell&#8217;isola della Riunione sono gole facili, adatte ai principianti.<\/p>\n<p><strong>Canyon de Llech, Canyon du Taurinya e Canyon du Cady: Pirenei.<\/strong><\/p>\n<p>I Pirenei sono famosi per le loro piste da sci, ma anche gli appassionati di canyoning li frequentano. Il Llech \u00e8 innegabilmente uno dei percorsi di canyoning pi\u00f9 emozionanti della Francia. Scivoli d&#8217;acqua, discese emozionanti, panorama unico. Tuttavia, gli appassionati di canyoning apprezzeranno le Gole di Taurinya, che sono adatte ad un livello di difficolt\u00e0 intermedio.<\/p>\n<p><strong>Le Gole del Verdon<\/strong><\/p>\n<p>Il Verdon, noto per le sue gole, \u00e8 un luogo ideale per il canyoning in Francia. I suoi paesaggi lussureggianti e il blu profondo del mare sono il simbolo del territorio e non smettono mai di stupire. Gli appassionati di canyoning amano approfittare delle gole del Verdon, una delle pi\u00f9 profonde d&#8217;Europa, per esplorare percorsi incredibili. I passaggi di canyoning sono tagliati nella pietra calcarea da Madre Natura. Le gole del Verdon sono perfette per tutti i livelli, che siate esperti o principianti.<\/p>\n<p>Il canyoning sta diventando un&#8217;attivit\u00e0 sempre pi\u00f9 popolare in Francia. Provate questo viaggio avventuroso pieno di sensazioni intense e di momenti incredibili garantiti, da soli o con una visita guidata da professionisti.[\/vc_column_text][\/vc_column][\/vc_row]<\/p>\n<\/div>","protected":false},"excerpt":{"rendered":"<p>[vc_row][vc_column][vc_row_inner][vc_column_inner][\/vc_column_inner][\/vc_row_inner][vc_column_text] Il canyoning Cos&#8217;\u00e8 un&#8217;esperienza di canyoning ? Il canyoning \u00e8 uno degli sport d&#8217;avventura che si sta sviluppando pi\u00f9 velocemente sul pianeta ed \u00e8 un vero brivido. Il canyoning \u00e8 passato in pochi anni da un&#8217;attivit\u00e0 estiva poco comune a un&#8217;attivit\u00e0 per tutto l&#8217;anno. Se ti piacciono le attivit\u00e0 all&#8217;aperto, questa esperienza ti piacer\u00e0 [&hellip;]<\/p>\n","protected":false},"author":2,"featured_media":33540,"parent":0,"menu_order":0,"comment_status":"closed","ping_status":"closed","template":"template-home-modern.php","meta":{"_acf_changed":false,"footnotes":""},"class_list":["post-83973","page","type-page","status-publish","has-post-thumbnail","hentry"],"acf":[],"yoast_head":"<!-- This site is optimized with the Yoast SEO plugin v27.6 - https:\/\/yoast.com\/product\/yoast-seo-wordpress\/ -->\n<title>Canyoning Esperienza Costa Azzurra | Riviera Bar Crawl Tours<\/title>\n<meta name=\"description\" content=\"Il canyoning sta diventando un&#039;attivit\u00e0 sempre pi\u00f9 popolare in Francia. Sperimentate questo viaggio avventuroso e pieno di sensazioni intense in un tour guidato da professionisti\" \/>\n<meta name=\"robots\" content=\"index, follow, max-snippet:-1, max-image-preview:large, max-video-preview:-1\" \/>\n<link rel=\"canonical\" href=\"https:\/\/rivierabarcrawltours.com\/it\/esperienza-di-canyoning\/\" \/>\n<meta property=\"og:locale\" content=\"it_IT\" \/>\n<meta property=\"og:type\" content=\"article\" \/>\n<meta property=\"og:title\" content=\"Canyoning Esperienza Costa Azzurra | Riviera Bar Crawl Tours\" \/>\n<meta property=\"og:description\" content=\"Il canyoning sta diventando un&#039;attivit\u00e0 sempre pi\u00f9 popolare in Francia. Sperimentate questo viaggio avventuroso e pieno di sensazioni intense in un tour guidato da professionisti\" \/>\n<meta property=\"og:url\" content=\"https:\/\/rivierabarcrawltours.com\/it\/esperienza-di-canyoning\/\" \/>\n<meta property=\"og:site_name\" content=\"Riviera Bar Crawl Tours\" \/>\n<meta property=\"article:publisher\" content=\"https:\/\/www.facebook.com\/RivieraBarCrawltours\/\" \/>\n<meta property=\"article:modified_time\" content=\"2021-12-16T07:58:15+00:00\" \/>\n<meta name=\"twitter:card\" content=\"summary_large_image\" \/>\n<meta name=\"twitter:image\" content=\"https:\/\/rivierabarcrawltours.com\/wp-content\/uploads\/2018\/11\/nice-cote-azur-canyoning.jpg\" \/>\n<meta name=\"twitter:site\" content=\"@rivierabarcrawl\" \/>\n<meta name=\"twitter:label1\" content=\"Tempo di lettura stimato\" \/>\n\t<meta name=\"twitter:data1\" content=\"8 minuti\" \/>\n<!-- \/ Yoast SEO plugin. -->","yoast_head_json":{"title":"Canyoning Esperienza Costa Azzurra | Riviera Bar Crawl Tours","description":"Il canyoning sta diventando un'attivit\u00e0 sempre pi\u00f9 popolare in Francia. Sperimentate questo viaggio avventuroso e pieno di sensazioni intense in un tour guidato da professionisti","robots":{"index":"index","follow":"follow","max-snippet":"max-snippet:-1","max-image-preview":"max-image-preview:large","max-video-preview":"max-video-preview:-1"},"canonical":"https:\/\/rivierabarcrawltours.com\/it\/esperienza-di-canyoning\/","og_locale":"it_IT","og_type":"article","og_title":"Canyoning Esperienza Costa Azzurra | Riviera Bar Crawl Tours","og_description":"Il canyoning sta diventando un'attivit\u00e0 sempre pi\u00f9 popolare in Francia. Sperimentate questo viaggio avventuroso e pieno di sensazioni intense in un tour guidato da professionisti","og_url":"https:\/\/rivierabarcrawltours.com\/it\/esperienza-di-canyoning\/","og_site_name":"Riviera Bar Crawl Tours","article_publisher":"https:\/\/www.facebook.com\/RivieraBarCrawltours\/","article_modified_time":"2021-12-16T07:58:15+00:00","twitter_card":"summary_large_image","twitter_image":"https:\/\/rivierabarcrawltours.com\/wp-content\/uploads\/2018\/11\/nice-cote-azur-canyoning.jpg","twitter_site":"@rivierabarcrawl","twitter_misc":{"Tempo di lettura stimato":"8 minuti"},"schema":{"@context":"https:\/\/schema.org","@graph":[{"@type":"WebPage","@id":"https:\/\/rivierabarcrawltours.com\/it\/esperienza-di-canyoning\/","url":"https:\/\/rivierabarcrawltours.com\/it\/esperienza-di-canyoning\/","name":"Canyoning Esperienza Costa Azzurra | Riviera Bar Crawl Tours","isPartOf":{"@id":"https:\/\/rivierabarcrawltours.com\/#website"},"primaryImageOfPage":{"@id":"https:\/\/rivierabarcrawltours.com\/it\/esperienza-di-canyoning\/#primaryimage"},"image":{"@id":"https:\/\/rivierabarcrawltours.com\/it\/esperienza-di-canyoning\/#primaryimage"},"thumbnailUrl":"https:\/\/rivierabarcrawltours.com\/wp-content\/uploads\/2018\/11\/nice-cote-azur-canyoning.jpg","datePublished":"2021-12-15T16:58:22+00:00","dateModified":"2021-12-16T07:58:15+00:00","description":"Il canyoning sta diventando un'attivit\u00e0 sempre pi\u00f9 popolare in Francia. Sperimentate questo viaggio avventuroso e pieno di sensazioni intense in un tour guidato da professionisti","breadcrumb":{"@id":"https:\/\/rivierabarcrawltours.com\/it\/esperienza-di-canyoning\/#breadcrumb"},"inLanguage":"it-IT","potentialAction":[{"@type":"ReadAction","target":["https:\/\/rivierabarcrawltours.com\/it\/esperienza-di-canyoning\/"]}]},{"@type":"ImageObject","inLanguage":"it-IT","@id":"https:\/\/rivierabarcrawltours.com\/it\/esperienza-di-canyoning\/#primaryimage","url":"https:\/\/rivierabarcrawltours.com\/wp-content\/uploads\/2018\/11\/nice-cote-azur-canyoning.jpg","contentUrl":"https:\/\/rivierabarcrawltours.com\/wp-content\/uploads\/2018\/11\/nice-cote-azur-canyoning.jpg","width":1920,"height":1080,"caption":"nice-cote-azur-canyoning"},{"@type":"BreadcrumbList","@id":"https:\/\/rivierabarcrawltours.com\/it\/esperienza-di-canyoning\/#breadcrumb","itemListElement":[{"@type":"ListItem","position":1,"name":"Home","item":"https:\/\/rivierabarcrawltours.com\/it\/"},{"@type":"ListItem","position":2,"name":"Esperienza di canyoning"}]},{"@type":"WebSite","@id":"https:\/\/rivierabarcrawltours.com\/#website","url":"https:\/\/rivierabarcrawltours.com\/","name":"Riviera Bar Crawl Tours","description":"Fun Day &amp; Night Experiences I Tour operator I Guided Tours I Bar Crawls I Food Tours I","publisher":{"@id":"https:\/\/rivierabarcrawltours.com\/#organization"},"potentialAction":[{"@type":"SearchAction","target":{"@type":"EntryPoint","urlTemplate":"https:\/\/rivierabarcrawltours.com\/?s={search_term_string}"},"query-input":{"@type":"PropertyValueSpecification","valueRequired":true,"valueName":"search_term_string"}}],"inLanguage":"it-IT"},{"@type":"Organization","@id":"https:\/\/rivierabarcrawltours.com\/#organization","name":"Riviera Bar Crawl Tours","url":"https:\/\/rivierabarcrawltours.com\/","logo":{"@type":"ImageObject","inLanguage":"it-IT","@id":"https:\/\/rivierabarcrawltours.com\/#\/schema\/logo\/image\/","url":"https:\/\/rivierabarcrawltours.com\/wp-content\/uploads\/2019\/07\/logo.png","contentUrl":"https:\/\/rivierabarcrawltours.com\/wp-content\/uploads\/2019\/07\/logo.png","width":479,"height":453,"caption":"Riviera Bar Crawl Tours"},"image":{"@id":"https:\/\/rivierabarcrawltours.com\/#\/schema\/logo\/image\/"},"sameAs":["https:\/\/www.facebook.com\/RivieraBarCrawltours\/","https:\/\/x.com\/rivierabarcrawl"]}]}},"_links":{"self":[{"href":"https:\/\/rivierabarcrawltours.com\/it\/wp-json\/wp\/v2\/pages\/83973","targetHints":{"allow":["GET"]}}],"collection":[{"href":"https:\/\/rivierabarcrawltours.com\/it\/wp-json\/wp\/v2\/pages"}],"about":[{"href":"https:\/\/rivierabarcrawltours.com\/it\/wp-json\/wp\/v2\/types\/page"}],"author":[{"embeddable":true,"href":"https:\/\/rivierabarcrawltours.com\/it\/wp-json\/wp\/v2\/users\/2"}],"replies":[{"embeddable":true,"href":"https:\/\/rivierabarcrawltours.com\/it\/wp-json\/wp\/v2\/comments?post=83973"}],"version-history":[{"count":6,"href":"https:\/\/rivierabarcrawltours.com\/it\/wp-json\/wp\/v2\/pages\/83973\/revisions"}],"predecessor-version":[{"id":84244,"href":"https:\/\/rivierabarcrawltours.com\/it\/wp-json\/wp\/v2\/pages\/83973\/revisions\/84244"}],"wp:featuredmedia":[{"embeddable":true,"href":"https:\/\/rivierabarcrawltours.com\/it\/wp-json\/wp\/v2\/media\/33540"}],"wp:attachment":[{"href":"https:\/\/rivierabarcrawltours.com\/it\/wp-json\/wp\/v2\/media?parent=83973"}],"curies":[{"name":"wp","href":"https:\/\/api.w.org\/{rel}","templated":true}]}}