{"id":70831,"date":"2021-03-01T11:39:26","date_gmt":"2021-03-01T10:39:26","guid":{"rendered":"https:\/\/rivierabarcrawltours.com\/concetto\/tour-a-piedi\/"},"modified":"2021-06-26T11:11:55","modified_gmt":"2021-06-26T09:11:55","slug":"tour-a-piedi","status":"publish","type":"page","link":"https:\/\/rivierabarcrawltours.com\/it\/tour-a-piedi\/","title":{"rendered":"tour a piedi"},"content":{"rendered":"<div class=\"wpb-content-wrapper\"><p>[vc_row el_class=&#8221;city-tours-custom&#8221; css=&#8221;.vc_custom_1624698691387{margin-top: 40px !important;margin-bottom: 20px !important;}&#8221;][vc_column][vc_column_text]<\/p>\n<h2>Tutti i nostri tour a piedi<\/h2>\n<p>[\/vc_column_text]<div class='list_tours'>   <div class=\"concept-listings owl-carousel owl-theme\">\n          <div class=\"style_box\">\n                      <div class=\"thumb\">\n               <header class=\"thumb-header st_avatar_fix\">\n                                      <a href=\"https:\/\/rivierabarcrawltours.com\/it\/tour\/cattura-parigi-una-passeggiata-fotografica-indimenticabile-nel-quartiere-latino\/\" class=\"hover-img\">\n                       <img decoding=\"async\" width=\"260\" height=\"190\" src=\"https:\/\/rivierabarcrawltours.com\/wp-content\/uploads\/2024\/10\/paris-photo-walk-latin-quarter-260x190.jpg\" class=\"attachment-260x190x1 size-260x190x1 wp-post-image\" alt=\"paris-photo-walk-latin-quarter\" \/>                       <h5 class=\"hover-title hover-hold text-center\">\n                           Cattura Parigi: una passeggiata fotografica indimenticabile nel Quartiere Latino                       <\/h5>\n                   <\/a>\n                                  <\/header>\n           <\/div>\n       <\/div>\n          <div class=\"style_box\">\n                      <div class=\"thumb\">\n               <header class=\"thumb-header st_avatar_fix\">\n                                      <a href=\"https:\/\/rivierabarcrawltours.com\/it\/tour\/tour-a-piedi-autogestito-a-cannes\/\" class=\"hover-img\">\n                       <img decoding=\"async\" width=\"260\" height=\"190\" src=\"https:\/\/rivierabarcrawltours.com\/wp-content\/uploads\/2025\/12\/Selg-Guided-walking-tours-Cannes-23-1-260x190.jpg\" class=\"attachment-260x190x1 size-260x190x1 wp-post-image\" alt=\"Selg Guided walking tours Cannes 23\" \/>                       <h5 class=\"hover-title hover-hold text-center\">\n                           Tour a piedi autogestito a Cannes                       <\/h5>\n                   <\/a>\n                                  <\/header>\n           <\/div>\n       <\/div>\n          <div class=\"style_box\">\n           <div class=\"feature_class st_featured featured\">Featured<\/div>           <div class=\"thumb\">\n               <header class=\"thumb-header st_avatar_fix\">\n                                      <a href=\"https:\/\/rivierabarcrawltours.com\/it\/tour\/tour-privato-a-piedi-di-marsiglia\/\" class=\"hover-img\">\n                       <img decoding=\"async\" width=\"260\" height=\"190\" src=\"https:\/\/rivierabarcrawltours.com\/wp-content\/uploads\/2021\/02\/Marseille-private-walking-tour-e1744292700122-260x190.jpg\" class=\"attachment-260x190x1 size-260x190x1 wp-post-image\" alt=\"Tour privato a piedi di Marsiglia\" \/>                       <h5 class=\"hover-title hover-hold text-center\">\n                           Tour privato a piedi di Marsiglia                       <\/h5>\n                   <\/a>\n                                  <\/header>\n           <\/div>\n       <\/div>\n          <div class=\"style_box\">\n           <div class=\"feature_class st_featured featured\">Featured<\/div>           <div class=\"thumb\">\n               <header class=\"thumb-header st_avatar_fix\">\n                                      <a href=\"https:\/\/rivierabarcrawltours.com\/it\/tour\/visita-guidata-a-piedi-di-monaco\/\" class=\"hover-img\">\n                       <img decoding=\"async\" width=\"260\" height=\"190\" src=\"https:\/\/rivierabarcrawltours.com\/wp-content\/uploads\/2024\/10\/monaco-walking-tour-1-260x190.jpg\" class=\"attachment-260x190x1 size-260x190x1 wp-post-image\" alt=\"Trip from nice to monaco-walking-tour\" \/>                       <h5 class=\"hover-title hover-hold text-center\">\n                           Visita guidata a piedi di Monaco                       <\/h5>\n                   <\/a>\n                                  <\/header>\n           <\/div>\n       <\/div>\n          <div class=\"style_box\">\n                      <div class=\"thumb\">\n               <header class=\"thumb-header st_avatar_fix\">\n                                      <a href=\"https:\/\/rivierabarcrawltours.com\/it\/tour\/tour-gastronomico-di-monaco\/\" class=\"hover-img\">\n                       <img decoding=\"async\" width=\"260\" height=\"190\" src=\"https:\/\/rivierabarcrawltours.com\/wp-content\/uploads\/2016\/03\/Food-tasting-tour-Nice-260x190.jpg\" class=\"attachment-260x190x1 size-260x190x1 wp-post-image\" alt=\"tour gastronomico\" \/>                       <h5 class=\"hover-title hover-hold text-center\">\n                           Tour gastronomico privato I sapori di Monaco                       <\/h5>\n                   <\/a>\n                                  <\/header>\n           <\/div>\n       <\/div>\n          <div class=\"style_box\">\n                      <div class=\"thumb\">\n               <header class=\"thumb-header st_avatar_fix\">\n                                      <a href=\"https:\/\/rivierabarcrawltours.com\/it\/tour\/tour-del-circuito-del-gran-premio-di-monaco-f1\/\" class=\"hover-img\">\n                       <img decoding=\"async\" width=\"260\" height=\"190\" src=\"https:\/\/rivierabarcrawltours.com\/wp-content\/uploads\/2024\/02\/monaco-grand-Prix-Gp-private-tour24-1-260x190.jpeg\" class=\"attachment-260x190x1 size-260x190x1 wp-post-image\" alt=\"Gran Premio di Monaco Gp tour privato\" \/>                       <h5 class=\"hover-title hover-hold text-center\">\n                           Visita guidata privata del Circuito del Gran Premio di Monaco F1                       <\/h5>\n                   <\/a>\n                                  <\/header>\n           <\/div>\n       <\/div>\n          <div class=\"style_box\">\n                      <div class=\"thumb\">\n               <header class=\"thumb-header st_avatar_fix\">\n                                      <a href=\"https:\/\/rivierabarcrawltours.com\/it\/tour\/tour-a-piedi-gratuito-di-marsiglia\/\" class=\"hover-img\">\n                       <img decoding=\"async\" width=\"260\" height=\"190\" src=\"https:\/\/rivierabarcrawltours.com\/wp-content\/uploads\/2023\/05\/Free-walking-tour-marseille-260x190.jpg\" class=\"attachment-260x190x1 size-260x190x1 wp-post-image\" alt=\"Free walking tour marseille\" \/>                       <h5 class=\"hover-title hover-hold text-center\">\n                           Tour a piedi gratuito di Marsiglia                       <\/h5>\n                   <\/a>\n                                  <\/header>\n           <\/div>\n       <\/div>\n          <div class=\"style_box\">\n                      <div class=\"thumb\">\n               <header class=\"thumb-header st_avatar_fix\">\n                                      <a href=\"https:\/\/rivierabarcrawltours.com\/it\/tour\/tour-a-piedi-autoguidato-a-nizza-francia\/\" class=\"hover-img\">\n                       <img decoding=\"async\" width=\"260\" height=\"190\" src=\"https:\/\/rivierabarcrawltours.com\/wp-content\/uploads\/2023\/01\/self-guided-tour-in-Nice-260x190.jpeg\" class=\"attachment-260x190x1 size-260x190x1 wp-post-image\" alt=\"tour autoguidato a Nizza\" \/>                       <h5 class=\"hover-title hover-hold text-center\">\n                           Tour a piedi autoguidato a Nizza, Francia                       <\/h5>\n                   <\/a>\n                                  <\/header>\n           <\/div>\n       <\/div>\n          <div class=\"style_box\">\n                      <div class=\"thumb\">\n               <header class=\"thumb-header st_avatar_fix\">\n                                      <a href=\"https:\/\/rivierabarcrawltours.com\/it\/tour\/visita-guidata-a-piedi-a-monaco\/\" class=\"hover-img\">\n                       <img decoding=\"async\" width=\"260\" height=\"190\" src=\"https:\/\/rivierabarcrawltours.com\/wp-content\/uploads\/2023\/01\/self-guided-tour-in-Monaco-260x190.jpg\" class=\"attachment-260x190x1 size-260x190x1 wp-post-image\" alt=\"Tour a piedi autoguidato a Monaco\" \/>                       <h5 class=\"hover-title hover-hold text-center\">\n                           Visita guidata a piedi a Monaco                       <\/h5>\n                   <\/a>\n                                  <\/header>\n           <\/div>\n       <\/div>\n          <div class=\"style_box\">\n           <div class=\"feature_class st_featured featured\">Featured<\/div>           <div class=\"thumb\">\n               <header class=\"thumb-header st_avatar_fix\">\n                                      <a href=\"https:\/\/rivierabarcrawltours.com\/it\/tour\/magico-tour-a-piedi-di-montmartre-parigi\/\" class=\"hover-img\">\n                       <img decoding=\"async\" width=\"260\" height=\"190\" src=\"https:\/\/rivierabarcrawltours.com\/wp-content\/uploads\/2021\/12\/walking-tour-montmartre-paris-1-260x190.jpg\" class=\"attachment-260x190x1 size-260x190x1 wp-post-image\" alt=\"tour privato a piedi montmartre parigi (1)\" \/>                       <h5 class=\"hover-title hover-hold text-center\">\n                           Tour privato a piedi di Montmartre Parigi                       <\/h5>\n                   <\/a>\n                                  <\/header>\n           <\/div>\n       <\/div>\n   <\/div>\n\n            <style type=\"text\/css\">\n            .concept-listings .owl-dots.disabled,\n            .concept-listings .owl-nav.disabled{\n                display: block !important;\n            }\n        <\/style>\n    \n<script type=\"text\/javascript\">\n$(document).ready(function() {\n       $(\".concept-listings\").owlCarousel({\n        margin:20,\n                loop:true,\n                dots:true,\n        responsiveClass:true,\n        responsive:{\n            0:{\n                items:1,\n                nav:false\n            },\n            600:{\n                items:3,\n                nav:false\n            },\n            1000:{\n                items:4,\n                nav:true\n            }\n        }\n       });\n}); \n\n<\/script>\n\n<style type=\"text\/css\">\n.concept-listings .owl-stage {\n    display: -webkit-box !important;\n    display: -moz-box !important;\n    display: -ms-box !important;\n    display: box !important;\n}\n.concept-listings .owl-dots {\n    margin-top: 10px;\n    text-align: center;\n}\n.concept-listings .owl-dots .owl-dot {\n    display: inline-block;\n    background: 0 0;\n    color: inherit;\n    border: none;\n    padding: 0 !important;\n}\n.concept-listings .owl-dots .owl-dot.active span {\n    background: var(--link-color, #5191FA);\n}\n.concept-listings .owl-dots .owl-dot span {\n    width: 10px;\n    height: 10px;\n    margin: 5px 7px;\n    background: var(--light-grey-color, #EAEEF3);\n    display: block;\n    transition: opacity 0.2s ease;\n    border-radius: 30px;\n}\n.city-tours-custom .feature_class{\n  left: 0 !important;\n}\n.concept-listings .owl-nav {\n    position: absolute;\n    height: 100%;\n    top: 0;\n    width: 100%;\n    z-index: -1;\n}\n.concept-listings .owl-nav button {\n    position: absolute;\n    top: 50%;\n    margin-top: -18px;\n}\n.concept-listings .owl-nav button.owl-next {\n    right: -66px;\n}\n.concept-listings .owl-nav button.owl-prev {\n    left: -66px;\n}\n.concept-listings .owl-nav button.owl-next span {\n    width: 36px;\n    height: 36px;\n    display: block;\n    background: url(https:\/\/rivierabarcrawltours.com\/wp-content\/uploads\/2021\/06\/arrow-right.png) center center no-repeat;\n    background-size: 100% auto;\n    color: transparent;\n}\n.concept-listings .owl-nav button.owl-prev span {\n    width: 36px;\n    height: 36px;\n    display: block;\n    background: url(https:\/\/rivierabarcrawltours.com\/wp-content\/uploads\/2021\/02\/arrow-left.png) center center no-repeat;\n    background-size: 100% auto;\n    color: transparent;\n}\n\n.city-tours-custom .thumb{\n    border: none !important;\n}\n<\/style><\/div>[vc_separator][\/vc_column][\/vc_row][vc_row][vc_column][vc_row_inner][vc_column_inner width=&#8221;1\/2&#8243;][vc_column_text]<\/p>\n<h2>I nostri tour a piedi<\/h2>\n<p>Il modo migliore per esplorare qualsiasi citt\u00e0 \u00e8 a piedi. E i tour a piedi ti forniscono sicuramente la migliore conoscenza ed esperienza della nuova citt\u00e0. E il modo migliore per scoprire tutto ci\u00f2 che una nuova citt\u00e0 ha da offrire \u00e8 con una guida locale ben informata. Quando si partecipa ai tour a piedi, si \u00e8 nelle mani di un esperto locale di fiducia con anni di esperienza e vasta conoscenza che sono pronti a condividere con voi tutte le informazioni interessanti e da sapere sulla citt\u00e0. I vantaggi dei tour a piedi sono infiniti!<\/p>\n<p>Partecipare a un tour a piedi \u00e8 una grande opportunit\u00e0 per incontrare altri viaggiatori. E il fatto di unirsi a un gruppo con una lingua comune crea anche familiarit\u00e0, soprattutto quando si viaggia in un paese straniero.<\/p>\n<p>Non solo i tour sono un ottimo modo per incontrare altri viaggiatori, soprattutto se viaggi da solo, ma ti danno anche informazioni dettagliate, fatti interessanti, consigli e raccomandazioni su cosa fare in citt\u00e0, dove mangiare o prendere il miglior drink. Inoltre, camminando, puoi fare un ottimo esercizio fisico per la giornata, e non ti perderai gemme nascoste e dettagli come l&#8217;arte di strada o ristoranti interessanti! Puoi vedere le cose pi\u00f9 da vicino, sperimentare il trasporto pubblico e infilarti nei piccoli vicoli. In breve, le tue guide turistiche vogliono assicurarsi che tu ti stia divertendo molto durante il tour.<\/p>\n<p>L&#8217;intero percorso \u00e8 pianificato in modo efficiente, in modo da non perdere le attrazioni principali e avere ancora tempo per conoscere i segreti della citt\u00e0 che solo la gente del posto conosce. I nostri tour a piedi includono anche una pausa nel mezzo per riposare, usare la toilette, sperimentare i mercati locali e anche soddisfare le vostre papille gustative provando alcune prelibatezze locali.[\/vc_column_text][\/vc_column_inner][vc_column_inner width=&#8221;1\/2&#8243;][vc_column_text]<\/p>\n<h2>Tour a piedi gratuiti \/ Tour a piedi a pagamento<br \/>\nCome funzionano i tour a piedi gratuiti?<\/h2>\n<p>Quindi &#8220;come possono essere gratuiti i tour? I tour sono &#8220;gratuiti&#8221;, perch\u00e9 non c&#8217;\u00e8 un prezzo fisso per fare un tour, o per fare una prenotazione, in pi\u00f9 puoi presentarti al punto d&#8217;incontro anche senza fare una prenotazione. Quindi, non hai nessuna tassa prescritta da pagare prima di fare la tua esperienza nel tour. Invece, si \u00e8 liberi di TIP la vostra guida come si vede in forma dopo il vostro tour. Il concetto della parola &#8220;libero&#8221; significa che nel caso in cui si sente come il tour non \u00e8 quello che si<br \/>\naspettati; sei anche libero di andartene in qualsiasi momento.<\/p>\n<p>La mancia: qualcosa da considerare quando si fa un tour gratuito<br \/>\nDato che le guide turistiche non ricevono nessun altro reddito per dare questi tour a piedi (da qualsiasi organizzazione), questo significa che devono davvero guadagnarsi le loro mance. Dato che il loro reddito tende a fluttuare da un tour all&#8217;altro, le guide sono molto motivate a fornire un tour di alta qualit\u00e0. Inoltre, dare la mancia alla guida alla fine del tour significa che il potere \u00e8 tuo. Anche se non \u00e8 obbligatorio, sei tu che decidi quanto valeva il tour o quanto puoi permetterti, semmai.<\/p>\n<p>Tour a piedi a pagamento<br \/>\nIn generale, quando si fa un tour a pagamento sono solitamente garantiti piccoli gruppi. Hai pi\u00f9 attenzione personale da parte della guida turistica e pi\u00f9 spazio per domande e raccomandazioni. Inoltre, non devi lottare per sentire la guida, stare all&#8217;ombra, ecc. Anche se questi tour hanno un prezzo fisso che si paga in anticipo, \u00e8 sempre bello dare alla tua guida una piccola mancia, se pensi che abbia fatto un buon lavoro.[\/vc_column_text][\/vc_column_inner][\/vc_row_inner][\/vc_column][\/vc_row]<\/p>\n<\/div>","protected":false},"excerpt":{"rendered":"<p>[vc_row el_class=&#8221;city-tours-custom&#8221; css=&#8221;.vc_custom_1624698691387{margin-top: 40px !important;margin-bottom: 20px !important;}&#8221;][vc_column][vc_column_text] Tutti i nostri tour a piedi [\/vc_column_text][vc_separator][\/vc_column][\/vc_row][vc_row][vc_column][vc_row_inner][vc_column_inner width=&#8221;1\/2&#8243;][vc_column_text] I nostri tour a piedi Il modo migliore per esplorare qualsiasi citt\u00e0 \u00e8 a piedi. E i tour a piedi ti forniscono sicuramente la migliore conoscenza ed esperienza della nuova citt\u00e0. E il modo migliore per scoprire tutto ci\u00f2 che [&hellip;]<\/p>\n","protected":false},"author":2,"featured_media":36077,"parent":0,"menu_order":0,"comment_status":"closed","ping_status":"closed","template":"template-home-modern.php","meta":{"_acf_changed":false,"footnotes":""},"class_list":["post-70831","page","type-page","status-publish","has-post-thumbnail","hentry"],"acf":[],"yoast_head":"<!-- This site is optimized with the Yoast SEO plugin v27.3 - https:\/\/yoast.com\/product\/yoast-seo-wordpress\/ -->\n<title>Venite a scoprire tutti i nostri tour gratuiti a piedi | Riviera<\/title>\n<meta name=\"description\" content=\"Il tour a piedi \u00e8 il modo migliore per scoprire una nuova citt\u00e0 quando la si visita per la prima volta. Gemme principali e nascoste e consigli locali... tutto questo vi aspetta!\" \/>\n<meta name=\"robots\" content=\"index, follow, max-snippet:-1, max-image-preview:large, max-video-preview:-1\" \/>\n<link rel=\"canonical\" href=\"https:\/\/rivierabarcrawltours.com\/it\/tour-a-piedi\/\" \/>\n<meta property=\"og:locale\" content=\"it_IT\" \/>\n<meta property=\"og:type\" content=\"article\" \/>\n<meta property=\"og:title\" content=\"Venite a scoprire tutti i nostri tour gratuiti a piedi | Riviera\" \/>\n<meta property=\"og:description\" content=\"Il tour a piedi \u00e8 il modo migliore per scoprire una nuova citt\u00e0 quando la si visita per la prima volta. Gemme principali e nascoste e consigli locali... tutto questo vi aspetta!\" \/>\n<meta property=\"og:url\" content=\"https:\/\/rivierabarcrawltours.com\/it\/tour-a-piedi\/\" \/>\n<meta property=\"og:site_name\" content=\"Riviera Bar Crawl Tours\" \/>\n<meta property=\"article:publisher\" content=\"https:\/\/www.facebook.com\/RivieraBarCrawltours\/\" \/>\n<meta property=\"article:modified_time\" content=\"2021-06-26T09:11:55+00:00\" \/>\n<meta property=\"og:image\" content=\"https:\/\/rivierabarcrawltours.com\/wp-content\/uploads\/2019\/07\/walking-tours-riviera-bar-crawl-tours.jpg\" \/>\n\t<meta property=\"og:image:width\" content=\"1920\" \/>\n\t<meta property=\"og:image:height\" content=\"1156\" \/>\n\t<meta property=\"og:image:type\" content=\"image\/jpeg\" \/>\n<meta name=\"twitter:card\" content=\"summary_large_image\" \/>\n<meta name=\"twitter:site\" content=\"@rivierabarcrawl\" \/>\n<meta name=\"twitter:label1\" content=\"Tempo di lettura stimato\" \/>\n\t<meta name=\"twitter:data1\" content=\"3 minuti\" \/>\n<!-- \/ Yoast SEO plugin. -->","yoast_head_json":{"title":"Venite a scoprire tutti i nostri tour gratuiti a piedi | Riviera","description":"Il tour a piedi \u00e8 il modo migliore per scoprire una nuova citt\u00e0 quando la si visita per la prima volta. Gemme principali e nascoste e consigli locali... tutto questo vi aspetta!","robots":{"index":"index","follow":"follow","max-snippet":"max-snippet:-1","max-image-preview":"max-image-preview:large","max-video-preview":"max-video-preview:-1"},"canonical":"https:\/\/rivierabarcrawltours.com\/it\/tour-a-piedi\/","og_locale":"it_IT","og_type":"article","og_title":"Venite a scoprire tutti i nostri tour gratuiti a piedi | Riviera","og_description":"Il tour a piedi \u00e8 il modo migliore per scoprire una nuova citt\u00e0 quando la si visita per la prima volta. Gemme principali e nascoste e consigli locali... tutto questo vi aspetta!","og_url":"https:\/\/rivierabarcrawltours.com\/it\/tour-a-piedi\/","og_site_name":"Riviera Bar Crawl Tours","article_publisher":"https:\/\/www.facebook.com\/RivieraBarCrawltours\/","article_modified_time":"2021-06-26T09:11:55+00:00","og_image":[{"width":1920,"height":1156,"url":"https:\/\/rivierabarcrawltours.com\/wp-content\/uploads\/2019\/07\/walking-tours-riviera-bar-crawl-tours.jpg","type":"image\/jpeg"}],"twitter_card":"summary_large_image","twitter_site":"@rivierabarcrawl","twitter_misc":{"Tempo di lettura stimato":"3 minuti"},"schema":{"@context":"https:\/\/schema.org","@graph":[{"@type":"WebPage","@id":"https:\/\/rivierabarcrawltours.com\/it\/tour-a-piedi\/","url":"https:\/\/rivierabarcrawltours.com\/it\/tour-a-piedi\/","name":"Venite a scoprire tutti i nostri tour gratuiti a piedi | Riviera","isPartOf":{"@id":"https:\/\/rivierabarcrawltours.com\/#website"},"primaryImageOfPage":{"@id":"https:\/\/rivierabarcrawltours.com\/it\/tour-a-piedi\/#primaryimage"},"image":{"@id":"https:\/\/rivierabarcrawltours.com\/it\/tour-a-piedi\/#primaryimage"},"thumbnailUrl":"https:\/\/rivierabarcrawltours.com\/wp-content\/uploads\/2019\/07\/walking-tours-riviera-bar-crawl-tours.jpg","datePublished":"2021-03-01T10:39:26+00:00","dateModified":"2021-06-26T09:11:55+00:00","description":"Il tour a piedi \u00e8 il modo migliore per scoprire una nuova citt\u00e0 quando la si visita per la prima volta. Gemme principali e nascoste e consigli locali... tutto questo vi aspetta!","breadcrumb":{"@id":"https:\/\/rivierabarcrawltours.com\/it\/tour-a-piedi\/#breadcrumb"},"inLanguage":"it-IT","potentialAction":[{"@type":"ReadAction","target":["https:\/\/rivierabarcrawltours.com\/it\/tour-a-piedi\/"]}]},{"@type":"ImageObject","inLanguage":"it-IT","@id":"https:\/\/rivierabarcrawltours.com\/it\/tour-a-piedi\/#primaryimage","url":"https:\/\/rivierabarcrawltours.com\/wp-content\/uploads\/2019\/07\/walking-tours-riviera-bar-crawl-tours.jpg","contentUrl":"https:\/\/rivierabarcrawltours.com\/wp-content\/uploads\/2019\/07\/walking-tours-riviera-bar-crawl-tours.jpg","width":1920,"height":1156,"caption":"tour a piedi"},{"@type":"BreadcrumbList","@id":"https:\/\/rivierabarcrawltours.com\/it\/tour-a-piedi\/#breadcrumb","itemListElement":[{"@type":"ListItem","position":1,"name":"Home","item":"https:\/\/rivierabarcrawltours.com\/it\/"},{"@type":"ListItem","position":2,"name":"Concetto","item":"https:\/\/rivierabarcrawltours.com\/it\/experiences\/"},{"@type":"ListItem","position":3,"name":"tour a piedi"}]},{"@type":"WebSite","@id":"https:\/\/rivierabarcrawltours.com\/#website","url":"https:\/\/rivierabarcrawltours.com\/","name":"Riviera Bar Crawl Tours","description":"Fun Day &amp; Night Experiences I Tour operator I Guided Tours I Bar Crawls I Food Tours I","publisher":{"@id":"https:\/\/rivierabarcrawltours.com\/#organization"},"potentialAction":[{"@type":"SearchAction","target":{"@type":"EntryPoint","urlTemplate":"https:\/\/rivierabarcrawltours.com\/?s={search_term_string}"},"query-input":{"@type":"PropertyValueSpecification","valueRequired":true,"valueName":"search_term_string"}}],"inLanguage":"it-IT"},{"@type":"Organization","@id":"https:\/\/rivierabarcrawltours.com\/#organization","name":"Riviera Bar Crawl Tours","url":"https:\/\/rivierabarcrawltours.com\/","logo":{"@type":"ImageObject","inLanguage":"it-IT","@id":"https:\/\/rivierabarcrawltours.com\/#\/schema\/logo\/image\/","url":"https:\/\/rivierabarcrawltours.com\/wp-content\/uploads\/2019\/07\/logo.png","contentUrl":"https:\/\/rivierabarcrawltours.com\/wp-content\/uploads\/2019\/07\/logo.png","width":479,"height":453,"caption":"Riviera Bar Crawl Tours"},"image":{"@id":"https:\/\/rivierabarcrawltours.com\/#\/schema\/logo\/image\/"},"sameAs":["https:\/\/www.facebook.com\/RivieraBarCrawltours\/","https:\/\/x.com\/rivierabarcrawl"]}]}},"_links":{"self":[{"href":"https:\/\/rivierabarcrawltours.com\/it\/wp-json\/wp\/v2\/pages\/70831","targetHints":{"allow":["GET"]}}],"collection":[{"href":"https:\/\/rivierabarcrawltours.com\/it\/wp-json\/wp\/v2\/pages"}],"about":[{"href":"https:\/\/rivierabarcrawltours.com\/it\/wp-json\/wp\/v2\/types\/page"}],"author":[{"embeddable":true,"href":"https:\/\/rivierabarcrawltours.com\/it\/wp-json\/wp\/v2\/users\/2"}],"replies":[{"embeddable":true,"href":"https:\/\/rivierabarcrawltours.com\/it\/wp-json\/wp\/v2\/comments?post=70831"}],"version-history":[{"count":3,"href":"https:\/\/rivierabarcrawltours.com\/it\/wp-json\/wp\/v2\/pages\/70831\/revisions"}],"predecessor-version":[{"id":77655,"href":"https:\/\/rivierabarcrawltours.com\/it\/wp-json\/wp\/v2\/pages\/70831\/revisions\/77655"}],"wp:featuredmedia":[{"embeddable":true,"href":"https:\/\/rivierabarcrawltours.com\/it\/wp-json\/wp\/v2\/media\/36077"}],"wp:attachment":[{"href":"https:\/\/rivierabarcrawltours.com\/it\/wp-json\/wp\/v2\/media?parent=70831"}],"curies":[{"name":"wp","href":"https:\/\/api.w.org\/{rel}","templated":true}]}}