{"id":70815,"date":"2021-03-01T10:43:29","date_gmt":"2021-03-01T09:43:29","guid":{"rendered":"https:\/\/rivierabarcrawltours.com\/concetto\/costruzione-della-squadra\/"},"modified":"2026-02-17T09:19:09","modified_gmt":"2026-02-17T08:19:09","slug":"costruzione-della-squadra","status":"publish","type":"page","link":"https:\/\/rivierabarcrawltours.com\/it\/costruzione-della-squadra\/","title":{"rendered":"Team Building"},"content":{"rendered":"<div class=\"wpb-content-wrapper\"><p>[vc_row el_class=&#8221;city-tours-custom&#8221; css=&#8221;.vc_custom_1624698664145{margin-top: 40px !important;margin-bottom: 20px !important;}&#8221;][vc_column][vc_column_text]<\/p>\n<h2>Tutti i nostri Team Building<\/h2>\n<p>[\/vc_column_text]<div class='list_tours'>   <div class=\"concept-listings owl-carousel owl-theme\">\n   <\/div>\n\n    \n<script type=\"text\/javascript\">\n$(document).ready(function() {\n       $(\".concept-listings\").owlCarousel({\n        margin:20,\n                dots:true,\n        responsiveClass:true,\n        responsive:{\n            0:{\n                items:1,\n                nav:false\n            },\n            600:{\n                items:3,\n                nav:false\n            },\n            1000:{\n                items:4,\n                nav:true\n            }\n        }\n       });\n}); \n\n<\/script>\n\n<style type=\"text\/css\">\n.concept-listings .owl-stage {\n    display: -webkit-box !important;\n    display: -moz-box !important;\n    display: -ms-box !important;\n    display: box !important;\n}\n.concept-listings .owl-dots {\n    margin-top: 10px;\n    text-align: center;\n}\n.concept-listings .owl-dots .owl-dot {\n    display: inline-block;\n    background: 0 0;\n    color: inherit;\n    border: none;\n    padding: 0 !important;\n}\n.concept-listings .owl-dots .owl-dot.active span {\n    background: var(--link-color, #5191FA);\n}\n.concept-listings .owl-dots .owl-dot span {\n    width: 10px;\n    height: 10px;\n    margin: 5px 7px;\n    background: var(--light-grey-color, #EAEEF3);\n    display: block;\n    transition: opacity 0.2s ease;\n    border-radius: 30px;\n}\n.city-tours-custom .feature_class{\n  left: 0 !important;\n}\n.concept-listings .owl-nav {\n    position: absolute;\n    height: 100%;\n    top: 0;\n    width: 100%;\n    z-index: -1;\n}\n.concept-listings .owl-nav button {\n    position: absolute;\n    top: 50%;\n    margin-top: -18px;\n}\n.concept-listings .owl-nav button.owl-next {\n    right: -66px;\n}\n.concept-listings .owl-nav button.owl-prev {\n    left: -66px;\n}\n.concept-listings .owl-nav button.owl-next span {\n    width: 36px;\n    height: 36px;\n    display: block;\n    background: url(https:\/\/rivierabarcrawltours.com\/wp-content\/uploads\/2021\/06\/arrow-right.png) center center no-repeat;\n    background-size: 100% auto;\n    color: transparent;\n}\n.concept-listings .owl-nav button.owl-prev span {\n    width: 36px;\n    height: 36px;\n    display: block;\n    background: url(https:\/\/rivierabarcrawltours.com\/wp-content\/uploads\/2021\/02\/arrow-left.png) center center no-repeat;\n    background-size: 100% auto;\n    color: transparent;\n}\n\n.city-tours-custom .thumb{\n    border: none !important;\n}\n<\/style><\/div>[vc_separator][\/vc_column][\/vc_row][vc_row][vc_column][vc_row_inner][vc_column_inner][vc_column_text]<\/p>\n<h2>Il nostro Team Building<\/h2>\n<p>[\/vc_column_text][\/vc_column_inner][\/vc_row_inner][vc_row_inner][vc_column_inner width=&#8221;1\/2&#8243;][vc_column_text]<br \/>\n<strong>L&#8217;IMPORTANZA DEL TEAM BUILDING PER IL TUO BUSINESS<\/strong><\/p>\n<p>Ne avete sentito parlare, forse dai colleghi, in TV o nelle riviste? Il &#8220;team building&#8221; \u00e8 di moda nel mondo del lavoro da diversi anni ormai. Ma cos&#8217;\u00e8 il team building? Qual \u00e8 lo scopo? Per chi \u00e8 e come si svolge?<\/p>\n<p>In qualsiasi struttura che comprende un gran numero di persone, a volte \u00e8 necessario, e persino vitale, fare attivit\u00e0 con i colleghi al di fuori del quadro professionale. \u00c8 un modo per rompere la routine, per creare gruppi di lavoro, e per conoscersi meglio a livello personale&#8230; perch\u00e9 dopo tutto, passiamo molto tempo con loro!<\/p>\n<p>\u00c8 qui che entra in gioco il team building. Il team building \u00e8 un&#8217;attivit\u00e0 divertente, sportiva, culturale, destinata ai dipendenti di un&#8217;azienda, realizzata collettivamente da tutto il gruppo il cui scopo \u00e8 quello di rafforzare e collegare le persone intorno al progetto dell&#8217;azienda. Vedremo in questo articolo in cosa consiste e vi daremo alcune idee di team building per sviluppare maggiormente il legame di squadra e condividere obiettivi comuni.<\/p>\n<p><strong>Qual \u00e8 lo scopo del team building?<\/strong><\/p>\n<p>Il team building risponde a una domanda fondamentale per qualsiasi progetto aziendale: come creare un gruppo, motivare le squadre e riunire una squadra forte e i suoi membri intorno a una missione, un obiettivo comune, e ci\u00f2 a lungo termine?<\/p>\n<p>Il team building, grazie a un insieme di attivit\u00e0 divertenti, sportive o creative, rafforzer\u00e0 la coesione tra i membri dell&#8217;azienda.<\/p>\n<p>L&#8217;obiettivo? Favorire lo spirito di squadra, costruire relazioni, migliorare la comunicazione e l&#8217;atmosfera sul lavoro. Tende alla conoscenza dell&#8217;altro e alla solidariet\u00e0 tra le persone. Allo stesso tempo, aiuta a integrare rapidamente un nuovo membro nel &#8220;cerchio&#8221; dell&#8217;azienda.<\/p>\n<p>Tuttavia, le attivit\u00e0 di team building non sono puramente ricreative. Alla fine di ogni workshop, attivit\u00e0 di team building, o alla fine di ogni sfida, c&#8217;\u00e8 la ricerca dell&#8217;aiuto reciproco e la considerazione degli altri. \u00c8 un modo eccellente per capire ogni membro della squadra nelle sue qualit\u00e0 e nelle sue debolezze, semplicemente la coesione del gruppo. Questo \u00e8 il motivo per cui la maggior parte delle attivit\u00e0 devono essere fatte in gruppo. Partecipando al team-building, i membri imparano a conoscersi, e una squadra che si conosce \u00e8 pi\u00f9 efficiente e pi\u00f9 divertente da lavorare!<\/p>\n<p><strong>Perch\u00e9 il team building in Costa Azzurra?<\/strong><\/p>\n<ul>\n<li>Un luogo caldo e glamour fa bene al morale dei tuoi colleghi<\/li>\n<li>Niente di meglio di un gustoso piatto provenzale per rafforzare la coesione della squadra<\/li>\n<li>Un sacco di opportunit\u00e0 per fare attivit\u00e0 e sfide insieme al tuo team<\/li>\n<\/ul>\n<p>Nizza, Cannes, Antibes e alcune delle migliori citt\u00e0 della Costa Azzurra sono un must della regione! Con l&#8217;eccellente cucina locale e il mare Mediterraneo, citt\u00e0 come Monaco, Villefranche sur Mer, Nizza o Cannes attirano molti turisti. Ma le imprese locali non sono da meno!<\/p>\n<p>Allontanatevi dalle vostre sale riunioni e federate la coesione del team con un&#8217;attivit\u00e0 di team building.<\/p>\n<p>Organizzate un seminario, niente di meglio per rafforzare lo spirito di squadra, con una caccia al tesoro, un murder party in un maniero, golf, sport acquatici, o attivit\u00e0 gastronomiche e tour gastronomici in citt\u00e0. Un momento diverso dalle riunioni di lavoro per separare lavoro e relax, per aumentare la coesione del gruppo e premiare la tua squadra con attivit\u00e0 sportive.<\/p>\n<p>Selezionando i migliori organizzatori di team building e project manager, potrete privatizzare un catering per organizzare un cocktail creativo. Potrai organizzare le attivit\u00e0 giuste, quelle originali e uniche che mostreranno l&#8217;attenzione che hai per il tuo staff e i membri del team, e anche ottenere l&#8217;intera sistemazione e il trasporto.<\/p>\n<p>Sulla Costa Azzurra, troverete una vasta gamma di attivit\u00e0 appositamente studiate per il team building. Dalle piccole squadre alle sfide incentive o ai seminari d&#8217;affari, \u00e8 una zona ideale per creare un vero legame di squadra e condividere obiettivi comuni. Con le giuste attivit\u00e0 di team building, \u00e8 possibile sviluppare il problem-solving, trovare l&#8217;azione giusta che motiva le squadre. Gli esercizi di team building sono riconosciuti per creare una squadra forte. Migliorare la vostra squadra \u00e8 far crescere i team leader; il giusto team building costruir\u00e0 la fiducia, oltre a migliorare la comunicazione e le prestazioni del team. E grazie alle attivit\u00e0 di team building, potrete far divertire i vostri team!<\/p>\n<p>Quindi, per organizzare un evento aziendale, affidatevi solo ai migliori organizzatori di team building e societ\u00e0 di eventi e scoprite la nostra selezione delle migliori attivit\u00e0 vicino a Nizza, Cannes e Antibes.[\/vc_column_text][\/vc_column_inner][vc_column_inner width=&#8221;1\/2&#8243;][vc_column_text]<\/p>\n<h3>Alcune idee di attivit\u00e0 di team building<\/h3>\n<p>Il team building \u00e8 di solito proposto su iniziativa del dipartimento delle risorse umane, del business manager, del team leader o anche del direttore. Pu\u00f2 inserirsi perfettamente in un weekend di seminario ed \u00e8 perfetto per creare l&#8217;atmosfera, riunire le persone e creare buoni ricordi.<\/p>\n<p>Il concetto di sfida \u00e8 fondamentale nel team building, l&#8217;obiettivo \u00e8 che ognuno dia il meglio di s\u00e9 ma in uno spirito positivo e rilassato.<\/p>\n<p><strong>Ecco alcune idee moderne di team building:<\/strong><\/p>\n<ul>\n<li>Caccia al tesoro: La squadra viene divisa in un piccolo gruppo, ognuno con una mappa che porta a un tesoro. Con indizi nascosti, indovinelli da risolvere, il primo che trova il tesoro vince il gioco!<\/li>\n<li>Creazione di un cortometraggio: intorno a uno scenario improvvisato, i partecipanti dovranno recitare la commedia per interpretare un ruolo in un mini film.<\/li>\n<li>Gara di canoa-kayak o stand up paddle sull&#8217;acqua, in cui i partecipanti dovranno lavorare in squadra, pur godendo di attivit\u00e0 divertenti e uniche.<\/li>\n<li>Paintball o Laser game con due gruppi dotati di pistole laser che si scontrano su un campo di battaglia pieno di nascondigli.<\/li>\n<li>Laboratorio culinario e lezioni di cucina, attraverso uno chef, permette di scoprire sapori degni delle migliori tavole.<\/li>\n<li>I tour gastronomici e le visite di degustazione di vini in nuove citt\u00e0 e regioni sono ottimi per costruire l&#8217;emozione.<\/li>\n<li>Le Olimpiadi sono una sfida sportiva per eccellenza; l&#8217;Olimpiade \u00e8 un classico delle attivit\u00e0 di team building.<br \/>\nCi sono cos\u00ec tante opportunit\u00e0 per creare un eccellente team-building a Nizza e in Costa Azzurra, che le opzioni e le scelte sono infinite.<\/li>\n<li>Tour a piedi. Scoprire una citt\u00e0 a piedi<\/li>\n<\/ul>\n<p>Il team building contribuisce al buon umore collettivo. E migliore \u00e8 la persona, pi\u00f9 le persone dello stesso gruppo saranno motivate a raggiungere un obiettivo comune. In Francia, ci sono molte aziende specializzate nel team building. \u00c8 un ottimo modo per saldare i membri del tuo team!<\/p>\n<p><strong>Cosa serve per un team building di successo<\/strong><\/p>\n<p>Nella nostra economia turbolenta, basata sulla conoscenza, dove imperversa la guerra dei talenti, contare su squadre performanti e affiatate \u00e8 il vantaggio competitivo dei tempi moderni.<\/p>\n<p>La gestione non \u00e8 investire in due o tre stelle. Si tende sempre ad avere a cuore il &#8220;campione&#8221; di questo o quel progetto e i team leader, ma coloro che &#8220;veramente&#8221; assicurano la continuit\u00e0 delle operazioni quotidiane: TUTTI i membri del team.<\/p>\n<p>Cos\u00ec, per motivare tutte le loro truppe, e con le belle giornate che arrivano, i manager lasciano germogliare idee di team building per l&#8217;estate. Dopo tutto, fare un meritato ritiro di squadra prima delle vacanze \u00e8 davvero un&#8217;opzione attraente. Il team building ha lo scopo di &#8220;tirare fuori&#8221; i dipendenti e favorire la creativit\u00e0, la coesione della squadra. Ma come assicurarsi che l&#8217;evento sia un successo?<\/p>\n<p>Vi diamo alcune domande da porsi prima di organizzare il vostro team building, un&#8217;esperienza che piaccia ai partecipanti e ottenga i risultati attesi per l&#8217;azienda.<\/p>\n<p><strong>Il tuo progetto di team building \u00e8 ben inquadrato?<\/strong><\/p>\n<p>Consigliamo sempre di usare un&#8217;azienda esterna per organizzare i tuoi eventi di team building. Controlla con alcuni riconosciuti organizzatori di eventi e tour locali per le tue giornate di team building. Ogni progetto deve iniziare con un motivo per essere ben definito:<\/p>\n<ul>\n<li>Perch\u00e9 volete organizzare un team building?<\/li>\n<li>\u00c8 l&#8217;opzione migliore dal punto di vista dei risultati\/investimenti?<\/li>\n<li>Quale obiettivo SMART stai perseguendo?<\/li>\n<li>Quali indicatori misurabili di successo vi permetteranno di dire se l&#8217;iniziativa \u00e8 stata un successo o un fallimento?<\/li>\n<li>Assicuratevi che il vostro top management conosca le risposte a queste domande e supporti la vostra iniziativa di team building.<\/li>\n<\/ul>\n<p>Con la vostra direzione, assicuratevi un budget dedicato all&#8217;iniziativa. Tra i costi logistici, l&#8217;affitto, il catering, e le spese relative alle attivit\u00e0 di gruppo stesse, dovete prevedere una busta. Devi fare i conti e determinare in \u20ac le risorse che puoi\/vuoi mettere nel tuo team building.<\/p>\n<p>Naturalmente, dovrai anche pensare alla natura delle attivit\u00e0 che vuoi fare durante il team building:<\/p>\n<ul>\n<li>Avete bisogno di strutture sportive?<\/li>\n<li>Organizzare conferenze?<\/li>\n<li>Prenotare un posto particolare?<\/li>\n<li>Fornire oratori o fornitori specifici?<\/li>\n<\/ul>\n<p><strong>Internalizzare o esternalizzare l&#8217;organizzazione del team building?<\/strong><\/p>\n<p>Pu\u00f2 sembrare banale, ma resta il fatto che se vuoi materializzare le tue idee, sar\u00e0 necessario che qualcuno organizzi l&#8217;evento. Una delle domande che possiamo porci \u00e8: meglio farlo internamente o subappaltare a un&#8217;agenzia specializzata in team building?<\/p>\n<p>Istintivamente, vogliamo delegare un dipendente interno. Ma l&#8217;organizzazione di eventi \u00e8 un vero lavoro e pu\u00f2 richiedere molto tempo. Non \u00e8 raro che la persona incaricata di organizzare il team building passi diverse settimane a preparare l&#8217;evento. Al contrario, lui o lei avrebbe potuto fare qualcos&#8217;altro invece di rispondere alle domande: assistenza ai clienti, aiutare a creare prodotti migliori, ottimizzare i processi di lavoro per una maggiore produttivit\u00e0, ecc.<\/p>\n<p>Ecco perch\u00e9 deve sorgere la questione dell&#8217;outsourcing!<\/p>\n<p>Sareste sorpresi di elencare tutti i vantaggi di ottenere il lavoro da un partner, a volte molto pi\u00f9 economico che farlo internamente.[\/vc_column_text][\/vc_column_inner][\/vc_row_inner][\/vc_column][\/vc_row]<\/p>\n<\/div>","protected":false},"excerpt":{"rendered":"<p>[vc_row el_class=&#8221;city-tours-custom&#8221; css=&#8221;.vc_custom_1624698664145{margin-top: 40px !important;margin-bottom: 20px !important;}&#8221;][vc_column][vc_column_text] Tutti i nostri Team Building [\/vc_column_text][vc_separator][\/vc_column][\/vc_row][vc_row][vc_column][vc_row_inner][vc_column_inner][vc_column_text] Il nostro Team Building [\/vc_column_text][\/vc_column_inner][\/vc_row_inner][vc_row_inner][vc_column_inner width=&#8221;1\/2&#8243;][vc_column_text] L&#8217;IMPORTANZA DEL TEAM BUILDING PER IL TUO BUSINESS Ne avete sentito parlare, forse dai colleghi, in TV o nelle riviste? Il &#8220;team building&#8221; \u00e8 di moda nel mondo del lavoro da diversi anni ormai. Ma cos&#8217;\u00e8 [&hellip;]<\/p>\n","protected":false},"author":2,"featured_media":63070,"parent":0,"menu_order":0,"comment_status":"closed","ping_status":"closed","template":"template-home-modern.php","meta":{"_acf_changed":false,"footnotes":""},"class_list":["post-70815","page","type-page","status-publish","has-post-thumbnail","hentry"],"acf":[],"yoast_head":"<!-- This site is optimized with the Yoast SEO plugin v27.3 - https:\/\/yoast.com\/product\/yoast-seo-wordpress\/ -->\n<title>Team building - Eventi aziendali Francia e Costa Azzurra<\/title>\n<meta name=\"description\" content=\"Il team building \u00e8 solitamente proposto su iniziativa del dipartimento delle risorse umane, del business manager, del team leader, o anche del direttore\" \/>\n<meta name=\"robots\" content=\"index, follow, max-snippet:-1, max-image-preview:large, max-video-preview:-1\" \/>\n<link rel=\"canonical\" href=\"https:\/\/rivierabarcrawltours.com\/it\/costruzione-della-squadra\/\" \/>\n<meta property=\"og:locale\" content=\"it_IT\" \/>\n<meta property=\"og:type\" content=\"article\" \/>\n<meta property=\"og:title\" content=\"Team building - Eventi aziendali Francia e Costa Azzurra\" \/>\n<meta property=\"og:description\" content=\"Il team building \u00e8 solitamente proposto su iniziativa del dipartimento delle risorse umane, del business manager, del team leader, o anche del direttore\" \/>\n<meta property=\"og:url\" content=\"https:\/\/rivierabarcrawltours.com\/it\/costruzione-della-squadra\/\" \/>\n<meta property=\"og:site_name\" content=\"Riviera Bar Crawl Tours\" \/>\n<meta property=\"article:publisher\" content=\"https:\/\/www.facebook.com\/RivieraBarCrawltours\/\" \/>\n<meta property=\"article:modified_time\" content=\"2026-02-17T08:19:09+00:00\" \/>\n<meta property=\"og:image\" content=\"https:\/\/rivierabarcrawltours.com\/wp-content\/uploads\/2021\/01\/teambuilding-nice.jpg\" \/>\n\t<meta property=\"og:image:width\" content=\"1600\" \/>\n\t<meta property=\"og:image:height\" content=\"1200\" \/>\n\t<meta property=\"og:image:type\" content=\"image\/jpeg\" \/>\n<meta name=\"twitter:card\" content=\"summary_large_image\" \/>\n<meta name=\"twitter:site\" content=\"@rivierabarcrawl\" \/>\n<meta name=\"twitter:label1\" content=\"Tempo di lettura stimato\" \/>\n\t<meta name=\"twitter:data1\" content=\"8 minuti\" \/>\n<!-- \/ Yoast SEO plugin. -->","yoast_head_json":{"title":"Team building - Eventi aziendali Francia e Costa Azzurra","description":"Il team building \u00e8 solitamente proposto su iniziativa del dipartimento delle risorse umane, del business manager, del team leader, o anche del direttore","robots":{"index":"index","follow":"follow","max-snippet":"max-snippet:-1","max-image-preview":"max-image-preview:large","max-video-preview":"max-video-preview:-1"},"canonical":"https:\/\/rivierabarcrawltours.com\/it\/costruzione-della-squadra\/","og_locale":"it_IT","og_type":"article","og_title":"Team building - Eventi aziendali Francia e Costa Azzurra","og_description":"Il team building \u00e8 solitamente proposto su iniziativa del dipartimento delle risorse umane, del business manager, del team leader, o anche del direttore","og_url":"https:\/\/rivierabarcrawltours.com\/it\/costruzione-della-squadra\/","og_site_name":"Riviera Bar Crawl Tours","article_publisher":"https:\/\/www.facebook.com\/RivieraBarCrawltours\/","article_modified_time":"2026-02-17T08:19:09+00:00","og_image":[{"width":1600,"height":1200,"url":"https:\/\/rivierabarcrawltours.com\/wp-content\/uploads\/2021\/01\/teambuilding-nice.jpg","type":"image\/jpeg"}],"twitter_card":"summary_large_image","twitter_site":"@rivierabarcrawl","twitter_misc":{"Tempo di lettura stimato":"8 minuti"},"schema":{"@context":"https:\/\/schema.org","@graph":[{"@type":"WebPage","@id":"https:\/\/rivierabarcrawltours.com\/it\/costruzione-della-squadra\/","url":"https:\/\/rivierabarcrawltours.com\/it\/costruzione-della-squadra\/","name":"Team building - Eventi aziendali Francia e Costa Azzurra","isPartOf":{"@id":"https:\/\/rivierabarcrawltours.com\/#website"},"primaryImageOfPage":{"@id":"https:\/\/rivierabarcrawltours.com\/it\/costruzione-della-squadra\/#primaryimage"},"image":{"@id":"https:\/\/rivierabarcrawltours.com\/it\/costruzione-della-squadra\/#primaryimage"},"thumbnailUrl":"https:\/\/rivierabarcrawltours.com\/wp-content\/uploads\/2021\/01\/teambuilding-nice.jpg","datePublished":"2021-03-01T09:43:29+00:00","dateModified":"2026-02-17T08:19:09+00:00","description":"Il team building \u00e8 solitamente proposto su iniziativa del dipartimento delle risorse umane, del business manager, del team leader, o anche del direttore","breadcrumb":{"@id":"https:\/\/rivierabarcrawltours.com\/it\/costruzione-della-squadra\/#breadcrumb"},"inLanguage":"it-IT","potentialAction":[{"@type":"ReadAction","target":["https:\/\/rivierabarcrawltours.com\/it\/costruzione-della-squadra\/"]}]},{"@type":"ImageObject","inLanguage":"it-IT","@id":"https:\/\/rivierabarcrawltours.com\/it\/costruzione-della-squadra\/#primaryimage","url":"https:\/\/rivierabarcrawltours.com\/wp-content\/uploads\/2021\/01\/teambuilding-nice.jpg","contentUrl":"https:\/\/rivierabarcrawltours.com\/wp-content\/uploads\/2021\/01\/teambuilding-nice.jpg","width":1600,"height":1200,"caption":"Costruzione della squadra"},{"@type":"BreadcrumbList","@id":"https:\/\/rivierabarcrawltours.com\/it\/costruzione-della-squadra\/#breadcrumb","itemListElement":[{"@type":"ListItem","position":1,"name":"Home","item":"https:\/\/rivierabarcrawltours.com\/it\/"},{"@type":"ListItem","position":2,"name":"Concetto","item":"https:\/\/rivierabarcrawltours.com\/it\/experiences\/"},{"@type":"ListItem","position":3,"name":"Team Building"}]},{"@type":"WebSite","@id":"https:\/\/rivierabarcrawltours.com\/#website","url":"https:\/\/rivierabarcrawltours.com\/","name":"Riviera Bar Crawl Tours","description":"Fun Day &amp; Night Experiences I Tour operator I Guided Tours I Bar Crawls I Food Tours I","publisher":{"@id":"https:\/\/rivierabarcrawltours.com\/#organization"},"potentialAction":[{"@type":"SearchAction","target":{"@type":"EntryPoint","urlTemplate":"https:\/\/rivierabarcrawltours.com\/?s={search_term_string}"},"query-input":{"@type":"PropertyValueSpecification","valueRequired":true,"valueName":"search_term_string"}}],"inLanguage":"it-IT"},{"@type":"Organization","@id":"https:\/\/rivierabarcrawltours.com\/#organization","name":"Riviera Bar Crawl Tours","url":"https:\/\/rivierabarcrawltours.com\/","logo":{"@type":"ImageObject","inLanguage":"it-IT","@id":"https:\/\/rivierabarcrawltours.com\/#\/schema\/logo\/image\/","url":"https:\/\/rivierabarcrawltours.com\/wp-content\/uploads\/2019\/07\/logo.png","contentUrl":"https:\/\/rivierabarcrawltours.com\/wp-content\/uploads\/2019\/07\/logo.png","width":479,"height":453,"caption":"Riviera Bar Crawl Tours"},"image":{"@id":"https:\/\/rivierabarcrawltours.com\/#\/schema\/logo\/image\/"},"sameAs":["https:\/\/www.facebook.com\/RivieraBarCrawltours\/","https:\/\/x.com\/rivierabarcrawl"]}]}},"_links":{"self":[{"href":"https:\/\/rivierabarcrawltours.com\/it\/wp-json\/wp\/v2\/pages\/70815","targetHints":{"allow":["GET"]}}],"collection":[{"href":"https:\/\/rivierabarcrawltours.com\/it\/wp-json\/wp\/v2\/pages"}],"about":[{"href":"https:\/\/rivierabarcrawltours.com\/it\/wp-json\/wp\/v2\/types\/page"}],"author":[{"embeddable":true,"href":"https:\/\/rivierabarcrawltours.com\/it\/wp-json\/wp\/v2\/users\/2"}],"replies":[{"embeddable":true,"href":"https:\/\/rivierabarcrawltours.com\/it\/wp-json\/wp\/v2\/comments?post=70815"}],"version-history":[{"count":5,"href":"https:\/\/rivierabarcrawltours.com\/it\/wp-json\/wp\/v2\/pages\/70815\/revisions"}],"predecessor-version":[{"id":96415,"href":"https:\/\/rivierabarcrawltours.com\/it\/wp-json\/wp\/v2\/pages\/70815\/revisions\/96415"}],"wp:featuredmedia":[{"embeddable":true,"href":"https:\/\/rivierabarcrawltours.com\/it\/wp-json\/wp\/v2\/media\/63070"}],"wp:attachment":[{"href":"https:\/\/rivierabarcrawltours.com\/it\/wp-json\/wp\/v2\/media?parent=70815"}],"curies":[{"name":"wp","href":"https:\/\/api.w.org\/{rel}","templated":true}]}}