{"id":70800,"date":"2021-03-01T09:37:52","date_gmt":"2021-03-01T08:37:52","guid":{"rendered":"https:\/\/rivierabarcrawltours.com\/concetto\/escursioni-a-terra\/"},"modified":"2022-04-06T13:52:49","modified_gmt":"2022-04-06T11:52:49","slug":"escursioni-a-terra","status":"publish","type":"page","link":"https:\/\/rivierabarcrawltours.com\/it\/escursioni-a-terra\/","title":{"rendered":"Escursioni a terra"},"content":{"rendered":"<div class=\"wpb-content-wrapper\"><p>[vc_row el_class=&#8221;city-tours-custom&#8221; css=&#8221;.vc_custom_1624698853694{margin-top: 40px !important;margin-bottom: 20px !important;}&#8221;][vc_column][vc_column_text]<\/p>\n<h2>Tutte le nostre escursioni a terra<\/h2>\n<p>[\/vc_column_text]<div class='list_tours'>   <div class=\"concept-listings owl-carousel owl-theme\">\n   <\/div>\n\n    \n<script type=\"text\/javascript\">\n$(document).ready(function() {\n       $(\".concept-listings\").owlCarousel({\n        margin:20,\n                dots:true,\n        responsiveClass:true,\n        responsive:{\n            0:{\n                items:1,\n                nav:false\n            },\n            600:{\n                items:3,\n                nav:false\n            },\n            1000:{\n                items:4,\n                nav:true\n            }\n        }\n       });\n}); \n\n<\/script>\n\n<style type=\"text\/css\">\n.concept-listings .owl-stage {\n    display: -webkit-box !important;\n    display: -moz-box !important;\n    display: -ms-box !important;\n    display: box !important;\n}\n.concept-listings .owl-dots {\n    margin-top: 10px;\n    text-align: center;\n}\n.concept-listings .owl-dots .owl-dot {\n    display: inline-block;\n    background: 0 0;\n    color: inherit;\n    border: none;\n    padding: 0 !important;\n}\n.concept-listings .owl-dots .owl-dot.active span {\n    background: var(--link-color, #5191FA);\n}\n.concept-listings .owl-dots .owl-dot span {\n    width: 10px;\n    height: 10px;\n    margin: 5px 7px;\n    background: var(--light-grey-color, #EAEEF3);\n    display: block;\n    transition: opacity 0.2s ease;\n    border-radius: 30px;\n}\n.city-tours-custom .feature_class{\n  left: 0 !important;\n}\n.concept-listings .owl-nav {\n    position: absolute;\n    height: 100%;\n    top: 0;\n    width: 100%;\n    z-index: -1;\n}\n.concept-listings .owl-nav button {\n    position: absolute;\n    top: 50%;\n    margin-top: -18px;\n}\n.concept-listings .owl-nav button.owl-next {\n    right: -66px;\n}\n.concept-listings .owl-nav button.owl-prev {\n    left: -66px;\n}\n.concept-listings .owl-nav button.owl-next span {\n    width: 36px;\n    height: 36px;\n    display: block;\n    background: url(https:\/\/rivierabarcrawltours.com\/wp-content\/uploads\/2021\/06\/arrow-right.png) center center no-repeat;\n    background-size: 100% auto;\n    color: transparent;\n}\n.concept-listings .owl-nav button.owl-prev span {\n    width: 36px;\n    height: 36px;\n    display: block;\n    background: url(https:\/\/rivierabarcrawltours.com\/wp-content\/uploads\/2021\/02\/arrow-left.png) center center no-repeat;\n    background-size: 100% auto;\n    color: transparent;\n}\n\n.city-tours-custom .thumb{\n    border: none !important;\n}\n<\/style><\/div>[vc_separator][\/vc_column][\/vc_row][vc_row][vc_column][vc_row_inner][vc_column_inner][vc_column_text]<\/p>\n<h2>Informazioni sulle nostre escursioni a terra<\/h2>\n<p>[\/vc_column_text][\/vc_column_inner][\/vc_row_inner][vc_row_inner][vc_column_inner][vc_column_text]La Costa Azzurra \u00e8 la destinazione da sogno di ogni turista. Ed \u00e8 davvero una sorpresa? Dopo tutto, la regione \u00e8 piena di attrazioni meravigliose! Che tu voglia prendere il sole sulla spiaggia, assaggiare il meglio della cucina locale, esplorare le gemme nascoste della Costa Azzurra o goderti un&#8217;esperienza di vino pregiato, allora sarai sicuro di trovarlo proprio qui in Costa Azzurra.<\/p>\n<p>Avendo lavorato nell&#8217;industria del turismo per tanti anni, abbiamo capito cosa rende un&#8217;esperienza memorabile. E cerchiamo di applicarlo a tutti i nostri tour e attivit\u00e0. Durante una qualsiasi delle nostre escursioni a terra, sei nelle mani di un esperto locale di fiducia con anni di esperienza e vasta conoscenza della regione. Conoscono la Costa Azzurra come il palmo della loro mano, quindi puoi essere sicuro di imparare tutti i migliori consigli e trucchi per ottenere il massimo dal tuo soggiorno. Le nostre guide sono qui anche perch\u00e9 amano lavorare con le persone e condividere con loro la nostra cultura unica. Quindi non abbiate paura di interagire e fare domande, le nostre guide sono solo pi\u00f9 che felici di aiutare!<\/p>\n<p>S\u00ec, offriamo la nostra giusta quota di tour e attivit\u00e0 generali. Tuttavia, si perdono i vantaggi di un tour privato personalizzato. Se stai gi\u00e0 viaggiando con un gruppo, \u00e8 logico che tu voglia goderti l&#8217;esperienza e creare dei ricordi tra di voi. Qualcosa che pu\u00f2 essere difficile da fare se sei bloccato in un gruppo di 50 altri turisti chiassosi. Inoltre, con i nostri tour e attivit\u00e0 private, potrete personalizzare la vostra giornata. Vuoi fermarti da qualche parte per il pranzo o organizzare il trasporto per venirti a prendere al tuo hotel? Allora fatecelo sapere in anticipo e organizzeremo la giornata ideale per voi e il vostro gruppo in sole 72 ore. Per non parlare dell&#8217;attenzione personale che riceverai dalle nostre guide esperte. Sfuggi ai corvi e conosci pi\u00f9 intimamente la citt\u00e0.<\/p>\n<p>Organizzare la tua vacanza pi\u00f9 memorabile non \u00e8 mai stato cos\u00ec facile come con i nostri pacchetti di escursioni a terra. Quindi, prenotate e non esitate a contattarci per qualsiasi richiesta o domanda. Dopo tutto, la vostra soddisfazione \u00e8 la nostra massima priorit\u00e0![\/vc_column_text][vc_column_text][\/vc_column_text][\/vc_column_inner][\/vc_row_inner][\/vc_column][\/vc_row]<\/p>\n<\/div>","protected":false},"excerpt":{"rendered":"<p>[vc_row el_class=&#8221;city-tours-custom&#8221; css=&#8221;.vc_custom_1624698853694{margin-top: 40px !important;margin-bottom: 20px !important;}&#8221;][vc_column][vc_column_text] Tutte le nostre escursioni a terra [\/vc_column_text][vc_separator][\/vc_column][\/vc_row][vc_row][vc_column][vc_row_inner][vc_column_inner][vc_column_text] Informazioni sulle nostre escursioni a terra [\/vc_column_text][\/vc_column_inner][\/vc_row_inner][vc_row_inner][vc_column_inner][vc_column_text]La Costa Azzurra \u00e8 la destinazione da sogno di ogni turista. Ed \u00e8 davvero una sorpresa? Dopo tutto, la regione \u00e8 piena di attrazioni meravigliose! Che tu voglia prendere il sole sulla spiaggia, assaggiare il [&hellip;]<\/p>\n","protected":false},"author":2,"featured_media":63625,"parent":0,"menu_order":0,"comment_status":"closed","ping_status":"closed","template":"template-home-modern.php","meta":{"_acf_changed":false,"footnotes":""},"class_list":["post-70800","page","type-page","status-publish","has-post-thumbnail","hentry"],"acf":[],"yoast_head":"<!-- This site is optimized with the Yoast SEO plugin v27.3 - https:\/\/yoast.com\/product\/yoast-seo-wordpress\/ -->\n<title>Archives des  | Riviera Bar Crawl Tours<\/title>\n<meta name=\"description\" content=\"La Costa Azzurra \u00e8 associata al bel tempo, alle belle spiagge e ai paesaggi sorprendenti. Indipendentemente dal fatto che siate qui in vacanza o solo di passaggio.\" \/>\n<meta name=\"robots\" content=\"index, follow, max-snippet:-1, max-image-preview:large, max-video-preview:-1\" \/>\n<link rel=\"canonical\" href=\"https:\/\/rivierabarcrawltours.com\/it\/escursioni-a-terra\/\" \/>\n<meta property=\"og:locale\" content=\"it_IT\" \/>\n<meta property=\"og:type\" content=\"article\" \/>\n<meta property=\"og:title\" content=\"Archives des  | Riviera Bar Crawl Tours\" \/>\n<meta property=\"og:description\" content=\"La Costa Azzurra \u00e8 associata al bel tempo, alle belle spiagge e ai paesaggi sorprendenti. Indipendentemente dal fatto che siate qui in vacanza o solo di passaggio.\" \/>\n<meta property=\"og:url\" content=\"https:\/\/rivierabarcrawltours.com\/it\/escursioni-a-terra\/\" \/>\n<meta property=\"og:site_name\" content=\"Riviera Bar Crawl Tours\" \/>\n<meta property=\"article:publisher\" content=\"https:\/\/www.facebook.com\/RivieraBarCrawltours\/\" \/>\n<meta property=\"article:modified_time\" content=\"2022-04-06T11:52:49+00:00\" \/>\n<meta property=\"og:image\" content=\"https:\/\/rivierabarcrawltours.com\/wp-content\/uploads\/2021\/02\/shore-excursions-pic6.jpg\" \/>\n\t<meta property=\"og:image:width\" content=\"1920\" \/>\n\t<meta property=\"og:image:height\" content=\"1825\" \/>\n\t<meta property=\"og:image:type\" content=\"image\/jpeg\" \/>\n<meta name=\"twitter:card\" content=\"summary_large_image\" \/>\n<meta name=\"twitter:site\" content=\"@rivierabarcrawl\" \/>\n<meta name=\"twitter:label1\" content=\"Tempo di lettura stimato\" \/>\n\t<meta name=\"twitter:data1\" content=\"2 minuti\" \/>\n<!-- \/ Yoast SEO plugin. -->","yoast_head_json":{"title":"Archives des  | Riviera Bar Crawl Tours","description":"La Costa Azzurra \u00e8 associata al bel tempo, alle belle spiagge e ai paesaggi sorprendenti. Indipendentemente dal fatto che siate qui in vacanza o solo di passaggio.","robots":{"index":"index","follow":"follow","max-snippet":"max-snippet:-1","max-image-preview":"max-image-preview:large","max-video-preview":"max-video-preview:-1"},"canonical":"https:\/\/rivierabarcrawltours.com\/it\/escursioni-a-terra\/","og_locale":"it_IT","og_type":"article","og_title":"Archives des  | Riviera Bar Crawl Tours","og_description":"La Costa Azzurra \u00e8 associata al bel tempo, alle belle spiagge e ai paesaggi sorprendenti. Indipendentemente dal fatto che siate qui in vacanza o solo di passaggio.","og_url":"https:\/\/rivierabarcrawltours.com\/it\/escursioni-a-terra\/","og_site_name":"Riviera Bar Crawl Tours","article_publisher":"https:\/\/www.facebook.com\/RivieraBarCrawltours\/","article_modified_time":"2022-04-06T11:52:49+00:00","og_image":[{"width":1920,"height":1825,"url":"https:\/\/rivierabarcrawltours.com\/wp-content\/uploads\/2021\/02\/shore-excursions-pic6.jpg","type":"image\/jpeg"}],"twitter_card":"summary_large_image","twitter_site":"@rivierabarcrawl","twitter_misc":{"Tempo di lettura stimato":"2 minuti"},"schema":{"@context":"https:\/\/schema.org","@graph":[{"@type":"WebPage","@id":"https:\/\/rivierabarcrawltours.com\/it\/escursioni-a-terra\/","url":"https:\/\/rivierabarcrawltours.com\/it\/escursioni-a-terra\/","name":"Archives des | Riviera Bar Crawl Tours","isPartOf":{"@id":"https:\/\/rivierabarcrawltours.com\/#website"},"primaryImageOfPage":{"@id":"https:\/\/rivierabarcrawltours.com\/it\/escursioni-a-terra\/#primaryimage"},"image":{"@id":"https:\/\/rivierabarcrawltours.com\/it\/escursioni-a-terra\/#primaryimage"},"thumbnailUrl":"https:\/\/rivierabarcrawltours.com\/wp-content\/uploads\/2021\/02\/shore-excursions-pic6.jpg","datePublished":"2021-03-01T08:37:52+00:00","dateModified":"2022-04-06T11:52:49+00:00","description":"La Costa Azzurra \u00e8 associata al bel tempo, alle belle spiagge e ai paesaggi sorprendenti. Indipendentemente dal fatto che siate qui in vacanza o solo di passaggio.","breadcrumb":{"@id":"https:\/\/rivierabarcrawltours.com\/it\/escursioni-a-terra\/#breadcrumb"},"inLanguage":"it-IT","potentialAction":[{"@type":"ReadAction","target":["https:\/\/rivierabarcrawltours.com\/it\/escursioni-a-terra\/"]}]},{"@type":"ImageObject","inLanguage":"it-IT","@id":"https:\/\/rivierabarcrawltours.com\/it\/escursioni-a-terra\/#primaryimage","url":"https:\/\/rivierabarcrawltours.com\/wp-content\/uploads\/2021\/02\/shore-excursions-pic6.jpg","contentUrl":"https:\/\/rivierabarcrawltours.com\/wp-content\/uploads\/2021\/02\/shore-excursions-pic6.jpg","width":1920,"height":1825,"caption":"Escursioni a terra"},{"@type":"BreadcrumbList","@id":"https:\/\/rivierabarcrawltours.com\/it\/escursioni-a-terra\/#breadcrumb","itemListElement":[{"@type":"ListItem","position":1,"name":"Home","item":"https:\/\/rivierabarcrawltours.com\/it\/"},{"@type":"ListItem","position":2,"name":"Concetto","item":"https:\/\/rivierabarcrawltours.com\/it\/experiences\/"},{"@type":"ListItem","position":3,"name":"Escursioni a terra"}]},{"@type":"WebSite","@id":"https:\/\/rivierabarcrawltours.com\/#website","url":"https:\/\/rivierabarcrawltours.com\/","name":"Riviera Bar Crawl Tours","description":"Fun Day &amp; Night Experiences I Tour operator I Guided Tours I Bar Crawls I Food Tours I","publisher":{"@id":"https:\/\/rivierabarcrawltours.com\/#organization"},"potentialAction":[{"@type":"SearchAction","target":{"@type":"EntryPoint","urlTemplate":"https:\/\/rivierabarcrawltours.com\/?s={search_term_string}"},"query-input":{"@type":"PropertyValueSpecification","valueRequired":true,"valueName":"search_term_string"}}],"inLanguage":"it-IT"},{"@type":"Organization","@id":"https:\/\/rivierabarcrawltours.com\/#organization","name":"Riviera Bar Crawl Tours","url":"https:\/\/rivierabarcrawltours.com\/","logo":{"@type":"ImageObject","inLanguage":"it-IT","@id":"https:\/\/rivierabarcrawltours.com\/#\/schema\/logo\/image\/","url":"https:\/\/rivierabarcrawltours.com\/wp-content\/uploads\/2019\/07\/logo.png","contentUrl":"https:\/\/rivierabarcrawltours.com\/wp-content\/uploads\/2019\/07\/logo.png","width":479,"height":453,"caption":"Riviera Bar Crawl Tours"},"image":{"@id":"https:\/\/rivierabarcrawltours.com\/#\/schema\/logo\/image\/"},"sameAs":["https:\/\/www.facebook.com\/RivieraBarCrawltours\/","https:\/\/x.com\/rivierabarcrawl"]}]}},"_links":{"self":[{"href":"https:\/\/rivierabarcrawltours.com\/it\/wp-json\/wp\/v2\/pages\/70800","targetHints":{"allow":["GET"]}}],"collection":[{"href":"https:\/\/rivierabarcrawltours.com\/it\/wp-json\/wp\/v2\/pages"}],"about":[{"href":"https:\/\/rivierabarcrawltours.com\/it\/wp-json\/wp\/v2\/types\/page"}],"author":[{"embeddable":true,"href":"https:\/\/rivierabarcrawltours.com\/it\/wp-json\/wp\/v2\/users\/2"}],"replies":[{"embeddable":true,"href":"https:\/\/rivierabarcrawltours.com\/it\/wp-json\/wp\/v2\/comments?post=70800"}],"version-history":[{"count":5,"href":"https:\/\/rivierabarcrawltours.com\/it\/wp-json\/wp\/v2\/pages\/70800\/revisions"}],"predecessor-version":[{"id":93929,"href":"https:\/\/rivierabarcrawltours.com\/it\/wp-json\/wp\/v2\/pages\/70800\/revisions\/93929"}],"wp:featuredmedia":[{"embeddable":true,"href":"https:\/\/rivierabarcrawltours.com\/it\/wp-json\/wp\/v2\/media\/63625"}],"wp:attachment":[{"href":"https:\/\/rivierabarcrawltours.com\/it\/wp-json\/wp\/v2\/media?parent=70800"}],"curies":[{"name":"wp","href":"https:\/\/api.w.org\/{rel}","templated":true}]}}