{"id":70635,"date":"2021-02-26T13:33:33","date_gmt":"2021-02-26T12:33:33","guid":{"rendered":"https:\/\/rivierabarcrawltours.com\/concetto\/tour-privati\/"},"modified":"2021-06-26T11:13:02","modified_gmt":"2021-06-26T09:13:02","slug":"tour-privati","status":"publish","type":"page","link":"https:\/\/rivierabarcrawltours.com\/it\/tour-privati\/","title":{"rendered":"Tour privati"},"content":{"rendered":"<div class=\"wpb-content-wrapper\"><p>[vc_row el_class=&#8221;city-tours-custom&#8221; css=&#8221;.vc_custom_1624698759778{margin-top: 40px !important;margin-bottom: 20px !important;}&#8221;][vc_column][vc_column_text]<\/p>\n<h2>Tutti i nostri tour privati<\/h2>\n<p>[\/vc_column_text]<div class='list_tours'>   <div class=\"concept-listings owl-carousel owl-theme\">\n          <div class=\"style_box\">\n                      <div class=\"thumb\">\n               <header class=\"thumb-header st_avatar_fix\">\n                                      <a href=\"https:\/\/rivierabarcrawltours.com\/it\/tour\/tour-privato-del-marais-di-parigi\/\" class=\"hover-img\">\n                       <img decoding=\"async\" width=\"260\" height=\"190\" src=\"https:\/\/rivierabarcrawltours.com\/wp-content\/uploads\/2021\/10\/Private-Tour-le-Marais-Paris-2-260x190.jpg\" class=\"attachment-260x190x1 size-260x190x1 wp-post-image\" alt=\"Tour privato del Marais di Parigi\" \/>                       <h5 class=\"hover-title hover-hold text-center\">\n                           Tour privato del Marais di Parigi                       <\/h5>\n                   <\/a>\n                                  <\/header>\n           <\/div>\n       <\/div>\n          <div class=\"style_box\">\n                      <div class=\"thumb\">\n               <header class=\"thumb-header st_avatar_fix\">\n                                      <a href=\"https:\/\/rivierabarcrawltours.com\/it\/tour\/tour-privato-degli-champs-elysees-di-parigi\/\" class=\"hover-img\">\n                       <img decoding=\"async\" width=\"260\" height=\"190\" src=\"https:\/\/rivierabarcrawltours.com\/wp-content\/uploads\/2021\/10\/Private-tour-les-Champs-Elysees-Paris-2-260x190.jpg\" class=\"attachment-260x190x1 size-260x190x1 wp-post-image\" alt=\"Tour privato degli Champs-\u00c9lys\u00e9es di Parigi\" \/>                       <h5 class=\"hover-title hover-hold text-center\">\n                           Tour privato degli Champs-\u00c9lys\u00e9es di Parigi                       <\/h5>\n                   <\/a>\n                                  <\/header>\n           <\/div>\n       <\/div>\n          <div class=\"style_box\">\n                      <div class=\"thumb\">\n               <header class=\"thumb-header st_avatar_fix\">\n                                      <a href=\"https:\/\/rivierabarcrawltours.com\/it\/tour\/private-tour-latin-quarter-paris\/\" class=\"hover-img\">\n                       <img decoding=\"async\" width=\"260\" height=\"190\" src=\"https:\/\/rivierabarcrawltours.com\/wp-content\/uploads\/2021\/10\/Private-Tour-Latin-Quarter-Paris-2-260x190.jpeg\" class=\"attachment-260x190x1 size-260x190x1 wp-post-image\" alt=\"Tour privato Quartiere Latino Parigi\" \/>                       <h5 class=\"hover-title hover-hold text-center\">\n                           Private Tour Latin Quarter Paris                       <\/h5>\n                   <\/a>\n                                  <\/header>\n           <\/div>\n       <\/div>\n          <div class=\"style_box\">\n                      <div class=\"thumb\">\n               <header class=\"thumb-header st_avatar_fix\">\n                                      <a href=\"https:\/\/rivierabarcrawltours.com\/it\/tour\/tour-turistici-della-costa-azzurra\/\" class=\"hover-img\">\n                       <img decoding=\"async\" width=\"260\" height=\"190\" src=\"https:\/\/rivierabarcrawltours.com\/wp-content\/uploads\/2021\/02\/French-Riviera-Private-Stadtfuhrungen-4-260x190.jpg\" class=\"attachment-260x190x1 size-260x190x1 wp-post-image\" alt=\"Tour Privati da Riviera Francesa\" \/>                       <h5 class=\"hover-title hover-hold text-center\">\n                           Tour turistici della Costa Azzurra                       <\/h5>\n                   <\/a>\n                                  <\/header>\n           <\/div>\n       <\/div>\n          <div class=\"style_box\">\n                      <div class=\"thumb\">\n               <header class=\"thumb-header st_avatar_fix\">\n                                      <a href=\"https:\/\/rivierabarcrawltours.com\/it\/tour\/tour-turistici-di-cannes\/\" class=\"hover-img\">\n                       <img decoding=\"async\" width=\"260\" height=\"190\" src=\"https:\/\/rivierabarcrawltours.com\/wp-content\/uploads\/2023\/04\/Cannes-260x190.jpg\" class=\"attachment-260x190x1 size-260x190x1 wp-post-image\" alt=\"Tour di Cannes\" srcset=\"https:\/\/rivierabarcrawltours.com\/wp-content\/uploads\/2023\/04\/Cannes-260x190.jpg 260w, https:\/\/rivierabarcrawltours.com\/wp-content\/uploads\/2023\/04\/Cannes-680x500.jpg 680w\" sizes=\"(max-width: 260px) 100vw, 260px\" \/>                       <h5 class=\"hover-title hover-hold text-center\">\n                           Tour turistici di Cannes                       <\/h5>\n                   <\/a>\n                                  <\/header>\n           <\/div>\n       <\/div>\n          <div class=\"style_box\">\n                      <div class=\"thumb\">\n               <header class=\"thumb-header st_avatar_fix\">\n                                      <a href=\"https:\/\/rivierabarcrawltours.com\/it\/tour\/tour-turistici-a-monaco\/\" class=\"hover-img\">\n                       <img decoding=\"async\" width=\"260\" height=\"190\" src=\"https:\/\/rivierabarcrawltours.com\/wp-content\/uploads\/2021\/05\/Sightseeing-Tours-in-Monaco-1-260x190.jpg\" class=\"attachment-260x190x1 size-260x190x1 wp-post-image\" alt=\"Tour turistici a Monaco\" \/>                       <h5 class=\"hover-title hover-hold text-center\">\n                           Tour turistici a Monaco                       <\/h5>\n                   <\/a>\n                                  <\/header>\n           <\/div>\n       <\/div>\n          <div class=\"style_box\">\n                      <div class=\"thumb\">\n               <header class=\"thumb-header st_avatar_fix\">\n                                      <a href=\"https:\/\/rivierabarcrawltours.com\/it\/tour\/tour-del-circuito-del-gran-premio-di-monaco-f1\/\" class=\"hover-img\">\n                       <img decoding=\"async\" width=\"260\" height=\"190\" src=\"https:\/\/rivierabarcrawltours.com\/wp-content\/uploads\/2024\/02\/monaco-grand-Prix-Gp-private-tour24-1-260x190.jpeg\" class=\"attachment-260x190x1 size-260x190x1 wp-post-image\" alt=\"Gran Premio di Monaco Gp tour privato\" \/>                       <h5 class=\"hover-title hover-hold text-center\">\n                           Visita guidata privata del Circuito del Gran Premio di Monaco F1                       <\/h5>\n                   <\/a>\n                                  <\/header>\n           <\/div>\n       <\/div>\n          <div class=\"style_box\">\n                      <div class=\"thumb\">\n               <header class=\"thumb-header st_avatar_fix\">\n                                      <a href=\"https:\/\/rivierabarcrawltours.com\/it\/tour\/esplora-i-bar-segreti-e-gli-speakeasy-a-nizza\/\" class=\"hover-img\">\n                       <img decoding=\"async\" width=\"260\" height=\"190\" src=\"https:\/\/rivierabarcrawltours.com\/wp-content\/uploads\/2024\/02\/Speak-easy-nice-france-260x190.jpg\" class=\"attachment-260x190x1 size-260x190x1 wp-post-image\" alt=\"Speak easy nice france\" \/>                       <h5 class=\"hover-title hover-hold text-center\">\n                           Esplora i Bar segreti e gli Speakeasy a Nizza                       <\/h5>\n                   <\/a>\n                                  <\/header>\n           <\/div>\n       <\/div>\n          <div class=\"style_box\">\n                      <div class=\"thumb\">\n               <header class=\"thumb-header st_avatar_fix\">\n                                      <a href=\"https:\/\/rivierabarcrawltours.com\/it\/tour\/festa-in-barca-a-cannes-francia\/\" class=\"hover-img\">\n                       <img decoding=\"async\" width=\"260\" height=\"190\" src=\"https:\/\/rivierabarcrawltours.com\/wp-content\/uploads\/2023\/05\/Riviera-Boat-Party-cannes-260x190.jpeg\" class=\"attachment-260x190x1 size-260x190x1 wp-post-image\" alt=\"Festa in barca in Riviera Cannes\" \/>                       <h5 class=\"hover-title hover-hold text-center\">\n                           Festa in barca in Riviera a Cannes, Francia                       <\/h5>\n                   <\/a>\n                                  <\/header>\n           <\/div>\n       <\/div>\n          <div class=\"style_box\">\n           <div class=\"feature_class st_featured featured\">Featured<\/div>           <div class=\"thumb\">\n               <header class=\"thumb-header st_avatar_fix\">\n                                      <a href=\"https:\/\/rivierabarcrawltours.com\/it\/tour\/party-bus-parigi-francia\/\" class=\"hover-img\">\n                       <img decoding=\"async\" width=\"260\" height=\"190\" src=\"https:\/\/rivierabarcrawltours.com\/wp-content\/uploads\/2022\/03\/party-bus-paris-1-260x190.jpg\" class=\"attachment-260x190x1 size-260x190x1 wp-post-image\" alt=\"party bus paris\" \/>                       <h5 class=\"hover-title hover-hold text-center\">\n                           Party Bus a Parigi e giro dei bar\u00a0                       <\/h5>\n                   <\/a>\n                                  <\/header>\n           <\/div>\n       <\/div>\n   <\/div>\n\n            <style type=\"text\/css\">\n            .concept-listings .owl-dots.disabled,\n            .concept-listings .owl-nav.disabled{\n                display: block !important;\n            }\n        <\/style>\n    \n<script type=\"text\/javascript\">\n$(document).ready(function() {\n       $(\".concept-listings\").owlCarousel({\n        margin:20,\n                loop:true,\n                dots:true,\n        responsiveClass:true,\n        responsive:{\n            0:{\n                items:1,\n                nav:false\n            },\n            600:{\n                items:3,\n                nav:false\n            },\n            1000:{\n                items:4,\n                nav:true\n            }\n        }\n       });\n}); \n\n<\/script>\n\n<style type=\"text\/css\">\n.concept-listings .owl-stage {\n    display: -webkit-box !important;\n    display: -moz-box !important;\n    display: -ms-box !important;\n    display: box !important;\n}\n.concept-listings .owl-dots {\n    margin-top: 10px;\n    text-align: center;\n}\n.concept-listings .owl-dots .owl-dot {\n    display: inline-block;\n    background: 0 0;\n    color: inherit;\n    border: none;\n    padding: 0 !important;\n}\n.concept-listings .owl-dots .owl-dot.active span {\n    background: var(--link-color, #5191FA);\n}\n.concept-listings .owl-dots .owl-dot span {\n    width: 10px;\n    height: 10px;\n    margin: 5px 7px;\n    background: var(--light-grey-color, #EAEEF3);\n    display: block;\n    transition: opacity 0.2s ease;\n    border-radius: 30px;\n}\n.city-tours-custom .feature_class{\n  left: 0 !important;\n}\n.concept-listings .owl-nav {\n    position: absolute;\n    height: 100%;\n    top: 0;\n    width: 100%;\n    z-index: -1;\n}\n.concept-listings .owl-nav button {\n    position: absolute;\n    top: 50%;\n    margin-top: -18px;\n}\n.concept-listings .owl-nav button.owl-next {\n    right: -66px;\n}\n.concept-listings .owl-nav button.owl-prev {\n    left: -66px;\n}\n.concept-listings .owl-nav button.owl-next span {\n    width: 36px;\n    height: 36px;\n    display: block;\n    background: url(https:\/\/rivierabarcrawltours.com\/wp-content\/uploads\/2021\/06\/arrow-right.png) center center no-repeat;\n    background-size: 100% auto;\n    color: transparent;\n}\n.concept-listings .owl-nav button.owl-prev span {\n    width: 36px;\n    height: 36px;\n    display: block;\n    background: url(https:\/\/rivierabarcrawltours.com\/wp-content\/uploads\/2021\/02\/arrow-left.png) center center no-repeat;\n    background-size: 100% auto;\n    color: transparent;\n}\n\n.city-tours-custom .thumb{\n    border: none !important;\n}\n<\/style><\/div>[vc_separator][\/vc_column][\/vc_row][vc_row][vc_column][vc_row_inner][vc_column_inner][vc_column_text]<\/p>\n<h2>I nostri tour privati<\/h2>\n<p>[\/vc_column_text][\/vc_column_inner][\/vc_row_inner][vc_row_inner][vc_column_inner width=&#8221;1\/2&#8243;][vc_column_text]<br \/>\nState cercando un&#8217;esperienza pi\u00f9 personalizzata, privata o specifica? Allora il tour a piedi privato o personalizzato \u00e8 quello che fa per voi.<\/p>\n<p>Il vantaggio di fare un tour privato personalizzato \u00e8 che puoi adattarlo alle tue esigenze e gusti specifici in modo da ottenere il meglio dalla tua vacanza.<\/p>\n<p>Per i viaggiatori con un desiderio attivo di impegnarsi con la citt\u00e0, un tour privato \u00e8 un modo eccellente per conoscere tutte le intuizioni di una citt\u00e0 e il suo carattere a livello privato e personale. Anche se ti piace sperimentare un posto nuovo perdendoti nei suoi vicoli e scoprendo luoghi inaspettati, un tour privato pu\u00f2 essere un&#8217;eccellente aggiunta a questo tipo di vacanza.<\/p>\n<p>I tour privati e personalizzati ti offrono le raccomandazioni perfette per ogni tua esigenza, dalla scelta del miglior ristorante in cui mangiare, a consigli pratici sui trasporti e molto altro.<br \/>\n[\/vc_column_text][\/vc_column_inner][vc_column_inner width=&#8221;1\/2&#8243;][vc_column_text]<br \/>\nPerch\u00e9 perdere tempo e preoccuparsi di cercare di leggere una mappa e di capire la tua strada attraverso stradine e vicoli, quando puoi affidarti alla conoscenza sicura di una guida che sa tutto. In questo modo, non solo potrai rilassarti, liberarti dallo stress di perderti in ambienti poco familiari, ma potrai anche immergerti in un assaggio della cultura locale, della storia e della tradizione chiacchierando con la tua guida.<\/p>\n<p>Siamo lieti di offrirti tour a piedi privati e personalizzati in tutta la Costa Azzurra!<\/p>\n<p>Ricevi molta attenzione personale dalla tua guida turistica e sfuggi alla folla dei tour pubblici a piedi! I nostri tour privati personalizzati sono specificamente progettati in modo che tu possa conoscere intimamente le parti migliori della Riviera.<br \/>\n[\/vc_column_text][\/vc_column_inner][\/vc_row_inner][\/vc_column][\/vc_row]<\/p>\n<\/div>","protected":false},"excerpt":{"rendered":"<p>[vc_row el_class=&#8221;city-tours-custom&#8221; css=&#8221;.vc_custom_1624698759778{margin-top: 40px !important;margin-bottom: 20px !important;}&#8221;][vc_column][vc_column_text] Tutti i nostri tour privati [\/vc_column_text][vc_separator][\/vc_column][\/vc_row][vc_row][vc_column][vc_row_inner][vc_column_inner][vc_column_text] I nostri tour privati [\/vc_column_text][\/vc_column_inner][\/vc_row_inner][vc_row_inner][vc_column_inner width=&#8221;1\/2&#8243;][vc_column_text] State cercando un&#8217;esperienza pi\u00f9 personalizzata, privata o specifica? Allora il tour a piedi privato o personalizzato \u00e8 quello che fa per voi. Il vantaggio di fare un tour privato personalizzato \u00e8 che puoi adattarlo alle tue [&hellip;]<\/p>\n","protected":false},"author":2,"featured_media":35936,"parent":0,"menu_order":0,"comment_status":"closed","ping_status":"closed","template":"template-home-modern.php","meta":{"_acf_changed":false,"footnotes":""},"class_list":["post-70635","page","type-page","status-publish","has-post-thumbnail","hentry"],"acf":[],"yoast_head":"<!-- This site is optimized with the Yoast SEO plugin v27.5 - https:\/\/yoast.com\/product\/yoast-seo-wordpress\/ -->\n<title>French Riviera Private Tours | Riviera Bar Crawl Tours<\/title>\n<meta name=\"description\" content=\"Vivi il meglio della Costa Azzurra con i nostri tour privati a Monaco, Cannes, Nizza con guide locali. E in tutta Europa.\" \/>\n<meta name=\"robots\" content=\"index, follow, max-snippet:-1, max-image-preview:large, max-video-preview:-1\" \/>\n<link rel=\"canonical\" href=\"https:\/\/rivierabarcrawltours.com\/it\/tour-privati\/\" \/>\n<meta property=\"og:locale\" content=\"it_IT\" \/>\n<meta property=\"og:type\" content=\"article\" \/>\n<meta property=\"og:title\" content=\"French Riviera Private Tours | Riviera Bar Crawl Tours\" \/>\n<meta property=\"og:description\" content=\"Vivi il meglio della Costa Azzurra con i nostri tour privati a Monaco, Cannes, Nizza con guide locali. E in tutta Europa.\" \/>\n<meta property=\"og:url\" content=\"https:\/\/rivierabarcrawltours.com\/it\/tour-privati\/\" \/>\n<meta property=\"og:site_name\" content=\"Riviera Bar Crawl Tours\" \/>\n<meta property=\"article:publisher\" content=\"https:\/\/www.facebook.com\/RivieraBarCrawltours\/\" \/>\n<meta property=\"article:modified_time\" content=\"2021-06-26T09:13:02+00:00\" \/>\n<meta property=\"og:image\" content=\"https:\/\/rivierabarcrawltours.com\/wp-content\/uploads\/2019\/07\/frenc-riviera-private-tours-image.jpg\" \/>\n\t<meta property=\"og:image:width\" content=\"1920\" \/>\n\t<meta property=\"og:image:height\" content=\"900\" \/>\n\t<meta property=\"og:image:type\" content=\"image\/jpeg\" \/>\n<meta name=\"twitter:card\" content=\"summary_large_image\" \/>\n<meta name=\"twitter:site\" content=\"@rivierabarcrawl\" \/>\n<meta name=\"twitter:label1\" content=\"Tempo di lettura stimato\" \/>\n\t<meta name=\"twitter:data1\" content=\"2 minuti\" \/>\n<!-- \/ Yoast SEO plugin. -->","yoast_head_json":{"title":"French Riviera Private Tours | Riviera Bar Crawl Tours","description":"Vivi il meglio della Costa Azzurra con i nostri tour privati a Monaco, Cannes, Nizza con guide locali. E in tutta Europa.","robots":{"index":"index","follow":"follow","max-snippet":"max-snippet:-1","max-image-preview":"max-image-preview:large","max-video-preview":"max-video-preview:-1"},"canonical":"https:\/\/rivierabarcrawltours.com\/it\/tour-privati\/","og_locale":"it_IT","og_type":"article","og_title":"French Riviera Private Tours | Riviera Bar Crawl Tours","og_description":"Vivi il meglio della Costa Azzurra con i nostri tour privati a Monaco, Cannes, Nizza con guide locali. E in tutta Europa.","og_url":"https:\/\/rivierabarcrawltours.com\/it\/tour-privati\/","og_site_name":"Riviera Bar Crawl Tours","article_publisher":"https:\/\/www.facebook.com\/RivieraBarCrawltours\/","article_modified_time":"2021-06-26T09:13:02+00:00","og_image":[{"width":1920,"height":900,"url":"https:\/\/rivierabarcrawltours.com\/wp-content\/uploads\/2019\/07\/frenc-riviera-private-tours-image.jpg","type":"image\/jpeg"}],"twitter_card":"summary_large_image","twitter_site":"@rivierabarcrawl","twitter_misc":{"Tempo di lettura stimato":"2 minuti"},"schema":{"@context":"https:\/\/schema.org","@graph":[{"@type":"WebPage","@id":"https:\/\/rivierabarcrawltours.com\/it\/tour-privati\/","url":"https:\/\/rivierabarcrawltours.com\/it\/tour-privati\/","name":"French Riviera Private Tours | Riviera Bar Crawl Tours","isPartOf":{"@id":"https:\/\/rivierabarcrawltours.com\/#website"},"primaryImageOfPage":{"@id":"https:\/\/rivierabarcrawltours.com\/it\/tour-privati\/#primaryimage"},"image":{"@id":"https:\/\/rivierabarcrawltours.com\/it\/tour-privati\/#primaryimage"},"thumbnailUrl":"https:\/\/rivierabarcrawltours.com\/wp-content\/uploads\/2019\/07\/frenc-riviera-private-tours-image.jpg","datePublished":"2021-02-26T12:33:33+00:00","dateModified":"2021-06-26T09:13:02+00:00","description":"Vivi il meglio della Costa Azzurra con i nostri tour privati a Monaco, Cannes, Nizza con guide locali. E in tutta Europa.","breadcrumb":{"@id":"https:\/\/rivierabarcrawltours.com\/it\/tour-privati\/#breadcrumb"},"inLanguage":"it-IT","potentialAction":[{"@type":"ReadAction","target":["https:\/\/rivierabarcrawltours.com\/it\/tour-privati\/"]}]},{"@type":"ImageObject","inLanguage":"it-IT","@id":"https:\/\/rivierabarcrawltours.com\/it\/tour-privati\/#primaryimage","url":"https:\/\/rivierabarcrawltours.com\/wp-content\/uploads\/2019\/07\/frenc-riviera-private-tours-image.jpg","contentUrl":"https:\/\/rivierabarcrawltours.com\/wp-content\/uploads\/2019\/07\/frenc-riviera-private-tours-image.jpg","width":1920,"height":900,"caption":"tour privati della riviera francese tour dei bar della riviera"},{"@type":"BreadcrumbList","@id":"https:\/\/rivierabarcrawltours.com\/it\/tour-privati\/#breadcrumb","itemListElement":[{"@type":"ListItem","position":1,"name":"Home","item":"https:\/\/rivierabarcrawltours.com\/it\/"},{"@type":"ListItem","position":2,"name":"Concetto","item":"https:\/\/rivierabarcrawltours.com\/it\/experiences\/"},{"@type":"ListItem","position":3,"name":"Tour privati"}]},{"@type":"WebSite","@id":"https:\/\/rivierabarcrawltours.com\/#website","url":"https:\/\/rivierabarcrawltours.com\/","name":"Riviera Bar Crawl Tours","description":"Fun Day &amp; Night Experiences I Tour operator I Guided Tours I Bar Crawls I Food Tours I","publisher":{"@id":"https:\/\/rivierabarcrawltours.com\/#organization"},"potentialAction":[{"@type":"SearchAction","target":{"@type":"EntryPoint","urlTemplate":"https:\/\/rivierabarcrawltours.com\/?s={search_term_string}"},"query-input":{"@type":"PropertyValueSpecification","valueRequired":true,"valueName":"search_term_string"}}],"inLanguage":"it-IT"},{"@type":"Organization","@id":"https:\/\/rivierabarcrawltours.com\/#organization","name":"Riviera Bar Crawl Tours","url":"https:\/\/rivierabarcrawltours.com\/","logo":{"@type":"ImageObject","inLanguage":"it-IT","@id":"https:\/\/rivierabarcrawltours.com\/#\/schema\/logo\/image\/","url":"https:\/\/rivierabarcrawltours.com\/wp-content\/uploads\/2019\/07\/logo.png","contentUrl":"https:\/\/rivierabarcrawltours.com\/wp-content\/uploads\/2019\/07\/logo.png","width":479,"height":453,"caption":"Riviera Bar Crawl Tours"},"image":{"@id":"https:\/\/rivierabarcrawltours.com\/#\/schema\/logo\/image\/"},"sameAs":["https:\/\/www.facebook.com\/RivieraBarCrawltours\/","https:\/\/x.com\/rivierabarcrawl"]}]}},"_links":{"self":[{"href":"https:\/\/rivierabarcrawltours.com\/it\/wp-json\/wp\/v2\/pages\/70635","targetHints":{"allow":["GET"]}}],"collection":[{"href":"https:\/\/rivierabarcrawltours.com\/it\/wp-json\/wp\/v2\/pages"}],"about":[{"href":"https:\/\/rivierabarcrawltours.com\/it\/wp-json\/wp\/v2\/types\/page"}],"author":[{"embeddable":true,"href":"https:\/\/rivierabarcrawltours.com\/it\/wp-json\/wp\/v2\/users\/2"}],"replies":[{"embeddable":true,"href":"https:\/\/rivierabarcrawltours.com\/it\/wp-json\/wp\/v2\/comments?post=70635"}],"version-history":[{"count":3,"href":"https:\/\/rivierabarcrawltours.com\/it\/wp-json\/wp\/v2\/pages\/70635\/revisions"}],"predecessor-version":[{"id":77658,"href":"https:\/\/rivierabarcrawltours.com\/it\/wp-json\/wp\/v2\/pages\/70635\/revisions\/77658"}],"wp:featuredmedia":[{"embeddable":true,"href":"https:\/\/rivierabarcrawltours.com\/it\/wp-json\/wp\/v2\/media\/35936"}],"wp:attachment":[{"href":"https:\/\/rivierabarcrawltours.com\/it\/wp-json\/wp\/v2\/media?parent=70635"}],"curies":[{"name":"wp","href":"https:\/\/api.w.org\/{rel}","templated":true}]}}