{"id":70622,"date":"2021-02-26T13:21:25","date_gmt":"2021-02-26T12:21:25","guid":{"rendered":"https:\/\/rivierabarcrawltours.com\/concetto\/tour-gastronomici\/"},"modified":"2021-06-26T11:12:01","modified_gmt":"2021-06-26T09:12:01","slug":"tour-gastronomici","status":"publish","type":"page","link":"https:\/\/rivierabarcrawltours.com\/it\/tour-gastronomici\/","title":{"rendered":"Tour gastronomici"},"content":{"rendered":"<div class=\"wpb-content-wrapper\"><p>[vc_row el_class=&#8221;city-tours-custom&#8221; css=&#8221;.vc_custom_1624698699171{margin-top: 40px !important;margin-bottom: 20px !important;}&#8221;][vc_column][vc_column_text]<\/p>\n<h2>Tutti i nostri tour gastronomici<\/h2>\n<p>[\/vc_column_text][vc_separator]<div class='list_tours'>   <div class=\"concept-listings owl-carousel owl-theme\">\n          <div class=\"style_box\">\n                      <div class=\"thumb\">\n               <header class=\"thumb-header st_avatar_fix\">\n                                      <a href=\"https:\/\/rivierabarcrawltours.com\/it\/tour\/tour-gastronomico-di-monaco\/\" class=\"hover-img\">\n                       <img decoding=\"async\" width=\"260\" height=\"190\" src=\"https:\/\/rivierabarcrawltours.com\/wp-content\/uploads\/2016\/03\/Food-tasting-tour-Nice-260x190.jpg\" class=\"attachment-260x190x1 size-260x190x1 wp-post-image\" alt=\"tour gastronomico\" \/>                       <h5 class=\"hover-title hover-hold text-center\">\n                           Tour gastronomico privato I sapori di Monaco                       <\/h5>\n                   <\/a>\n                                  <\/header>\n           <\/div>\n       <\/div>\n          <div class=\"style_box\">\n                      <div class=\"thumb\">\n               <header class=\"thumb-header st_avatar_fix\">\n                                      <a href=\"https:\/\/rivierabarcrawltours.com\/it\/tour\/tour-di-degustazione-di-cibi-locali-ad-antibes\/\" class=\"hover-img\">\n                       <img decoding=\"async\" width=\"260\" height=\"190\" src=\"https:\/\/rivierabarcrawltours.com\/wp-content\/uploads\/2022\/04\/antibes-food-tours-e1676558154826-260x190.jpg\" class=\"attachment-260x190x1 size-260x190x1 wp-post-image\" alt=\"antibes food tours\" \/>                       <h5 class=\"hover-title hover-hold text-center\">\n                           Tour di degustazione di cibi locali ad Antibes                       <\/h5>\n                   <\/a>\n                                  <\/header>\n           <\/div>\n       <\/div>\n          <div class=\"style_box\">\n           <div class=\"feature_class st_featured featured\">Featured<\/div>           <div class=\"thumb\">\n               <header class=\"thumb-header st_avatar_fix\">\n                                      <a href=\"https:\/\/rivierabarcrawltours.com\/it\/tour\/il-tour-gastronomico-dei-sapori-di-cannes\/\" class=\"hover-img\">\n                       <img decoding=\"async\" width=\"260\" height=\"190\" src=\"https:\/\/rivierabarcrawltours.com\/wp-content\/uploads\/2022\/01\/Cannes-Food-Tours-2022.mp4_000037866-260x190.png\" class=\"attachment-260x190x1 size-260x190x1 wp-post-image\" alt=\"Tour gastronomici di Cannes\" \/>                       <h5 class=\"hover-title hover-hold text-center\">\n                           Il tour gastronomico dei sapori di Cannes                       <\/h5>\n                   <\/a>\n                                  <\/header>\n           <\/div>\n       <\/div>\n          <div class=\"style_box\">\n                      <div class=\"thumb\">\n               <header class=\"thumb-header st_avatar_fix\">\n                                      <a href=\"https:\/\/rivierabarcrawltours.com\/it\/tour\/tour-gastronomici-a-nizza\/\" class=\"hover-img\">\n                       <img decoding=\"async\" width=\"260\" height=\"190\" src=\"https:\/\/rivierabarcrawltours.com\/wp-content\/uploads\/2022\/01\/Food-tours-Cannes-260x190.jpg\" class=\"attachment-260x190x1 size-260x190x1 wp-post-image\" alt=\"Tour gastronomici piacevoli\" \/>                       <h5 class=\"hover-title hover-hold text-center\">\n                           I sapori di Nizza Tour gastronomico privato                       <\/h5>\n                   <\/a>\n                                  <\/header>\n           <\/div>\n       <\/div>\n          <div class=\"style_box\">\n                      <div class=\"thumb\">\n               <header class=\"thumb-header st_avatar_fix\">\n                                      <a href=\"https:\/\/rivierabarcrawltours.com\/it\/tour\/picnic-di-lusso\/\" class=\"hover-img\">\n                       <img decoding=\"async\" width=\"260\" height=\"190\" src=\"https:\/\/rivierabarcrawltours.com\/wp-content\/uploads\/2021\/02\/luxury-picnic-2-260x190.jpg\" class=\"attachment-260x190x1 size-260x190x1 wp-post-image\" alt=\"picnic di lusso Nizza Cote D azur\" \/>                       <h5 class=\"hover-title hover-hold text-center\">\n                           Tour Picnic di lusso Nizza Costa Azzurra                       <\/h5>\n                   <\/a>\n                                  <\/header>\n           <\/div>\n       <\/div>\n   <\/div>\n\n            <style type=\"text\/css\">\n            .concept-listings .owl-dots.disabled,\n            .concept-listings .owl-nav.disabled{\n                display: block !important;\n            }\n        <\/style>\n    \n<script type=\"text\/javascript\">\n$(document).ready(function() {\n       $(\".concept-listings\").owlCarousel({\n        margin:20,\n                loop:true,\n                dots:true,\n        responsiveClass:true,\n        responsive:{\n            0:{\n                items:1,\n                nav:false\n            },\n            600:{\n                items:3,\n                nav:false\n            },\n            1000:{\n                items:4,\n                nav:true\n            }\n        }\n       });\n}); \n\n<\/script>\n\n<style type=\"text\/css\">\n.concept-listings .owl-stage {\n    display: -webkit-box !important;\n    display: -moz-box !important;\n    display: -ms-box !important;\n    display: box !important;\n}\n.concept-listings .owl-dots {\n    margin-top: 10px;\n    text-align: center;\n}\n.concept-listings .owl-dots .owl-dot {\n    display: inline-block;\n    background: 0 0;\n    color: inherit;\n    border: none;\n    padding: 0 !important;\n}\n.concept-listings .owl-dots .owl-dot.active span {\n    background: var(--link-color, #5191FA);\n}\n.concept-listings .owl-dots .owl-dot span {\n    width: 10px;\n    height: 10px;\n    margin: 5px 7px;\n    background: var(--light-grey-color, #EAEEF3);\n    display: block;\n    transition: opacity 0.2s ease;\n    border-radius: 30px;\n}\n.city-tours-custom .feature_class{\n  left: 0 !important;\n}\n.concept-listings .owl-nav {\n    position: absolute;\n    height: 100%;\n    top: 0;\n    width: 100%;\n    z-index: -1;\n}\n.concept-listings .owl-nav button {\n    position: absolute;\n    top: 50%;\n    margin-top: -18px;\n}\n.concept-listings .owl-nav button.owl-next {\n    right: -66px;\n}\n.concept-listings .owl-nav button.owl-prev {\n    left: -66px;\n}\n.concept-listings .owl-nav button.owl-next span {\n    width: 36px;\n    height: 36px;\n    display: block;\n    background: url(https:\/\/rivierabarcrawltours.com\/wp-content\/uploads\/2021\/06\/arrow-right.png) center center no-repeat;\n    background-size: 100% auto;\n    color: transparent;\n}\n.concept-listings .owl-nav button.owl-prev span {\n    width: 36px;\n    height: 36px;\n    display: block;\n    background: url(https:\/\/rivierabarcrawltours.com\/wp-content\/uploads\/2021\/02\/arrow-left.png) center center no-repeat;\n    background-size: 100% auto;\n    color: transparent;\n}\n\n.city-tours-custom .thumb{\n    border: none !important;\n}\n<\/style><\/div>[\/vc_column][\/vc_row][vc_row][vc_column][vc_row_inner][vc_column_inner][vc_column_text]<\/p>\n<h2>I nostri tour gastronomici<\/h2>\n<p>[\/vc_column_text][\/vc_column_inner][\/vc_row_inner][vc_row_inner][vc_column_inner width=&#8221;1\/2&#8243;][vc_column_text]Tutti noi abbiamo il desiderio di scoprire il pi\u00f9 possibile quando siamo in viaggio in una nuova citt\u00e0 o un nuovo paese, E quando si viaggia in Francia, trovare e capire la cultura locale \u00e8 anche passare attraverso la scoperta della sua gastronomia.<\/p>\n<p>Che tu sia un viaggiatore straniero in Francia, un locale che ospita alcuni amici internazionali che vengono a trovarci di tanto in tanto con il desiderio di scoprire la vera Francia, i tour gastronomici sono il modo migliore per conoscere la gente del posto, la loro citt\u00e0 e la loro cultura attraverso ci\u00f2 che gli piace mangiare e dove gli piace mangiarlo.<\/p>\n<p>Perch\u00e9 dovresti fare un tour gastronomico?<br \/>\nCome viaggiatori e turisti, sogniamo Parigi, Nizza, Monaco, la Costa Azzurra, come potremmo sognare Tokyo o New York e non vogliamo perdere il loro soggiorno. Vogliamo scoprire i sapori francesi, assaggiare i buoni prodotti regionali, ma anche provare e sperimentare ottimi vini.<\/p>\n<p>Cos\u00ec, quello che potrebbe rivelarsi complicato da pianificare, dovrebbe rapidamente diventare rilassato e divertente grazie al grande concetto di Food Tours.<\/p>\n<p>Per capire meglio cosa sia un grande tour gastronomico, abbiamo incontrato alcune guide turistiche locali che ospitano i migliori tour gastronomici a Nizza. Riviera Bar Crawl &amp; Tours \u00e8 un esperto di visite guidate private, tour a piedi, pub crawl e altre attivit\u00e0 divertenti in Costa Azzurra e a Parigi. \u00c8 una societ\u00e0 giovane con individui di talento locale che offre l&#8217;opportunit\u00e0 di scoprire una citt\u00e0 e la gastronomia francese in modo diverso!<\/p>\n<p>Il concetto di tour gastronomici<br \/>\nSe vuoi fare un tour gastronomico in Costa Azzurra, puoi scegliere di scoprire citt\u00e0 come Nizza, Monaco, Antibes o altre ancora. Per offrire tour culinari di qualit\u00e0 in diverse citt\u00e0 e quartieri, un grande viaggio gastronomico dovrebbe essere condotto da &#8220;gastronomi&#8221;, guide locali e amanti della citt\u00e0 che si sta visitando. Queste guide gastronomiche dovrebbero amare il loro quartiere ma anche i prodotti giusti.<\/p>\n<p>Un tour gastronomico dovrebbe essere fatto anche per scoprire una citt\u00e0 e i suoi migliori commercianti in piccoli gruppi. Nel programma, una visita di 5, 6, 7 o pi\u00f9 boutique, scelte a mano, e si dovrebbe essere in grado di assaggiare da 10 a 15 diversi prodotti locali: amaretti, formaggio, vino, olio d&#8217;oliva, tapenade, ecc.<\/p>\n<p>Ma un tour gastronomico non \u00e8 solo cibo e bevande. Dovrebbe farvi scoprire la vita locale e la cultura del cibo, attraverso tour privati, tour a piedi, fermate alle bancarelle di cibo locale, o anche un corso di cucina.<\/p>\n<p>Un tour gastronomico dovrebbe anche essere in grado di ospitare persone in diverse lingue come inglese, francese e spagnolo, ma anche altre lingue!<\/p>\n<p>Il concetto di un grande tour gastronomico dovrebbe anche portarvi in diversi quartieri della citt\u00e0, per vedere i mercati alimentari locali, in modo da poter assaggiare il cibo e sentire l&#8217;atmosfera locale, con una certa attenzione all&#8217;abbinamento di vino e cibo.<\/p>\n<p>I migliori organizzatori di tour gastronomici selezionano attentamente ogni stabilimento e prodotto presentato. Si assicurano che rispettino i valori che vogliamo evidenziare: qualit\u00e0 dei prodotti, know-how tradizionale, un approccio regionale dei prodotti, una produzione artigianale, tutti elementi che formano la specificit\u00e0 del terroir francese e la reputazione della gastronomia francese nel mondo.<\/p>\n<p>Tutti i laboratori, le soste gastronomiche, sono stati sviluppati appositamente per gli ospiti, secondo le loro specifiche, e sono direttamente guidati dalle persone che si incontrano lungo il percorso e dai prodotti presentati.[\/vc_column_text][\/vc_column_inner][vc_column_inner width=&#8221;1\/2&#8243;][vc_column_text]<\/p>\n<h3>Le opzioni del tour gastronomico<\/h3>\n<p>Riviera Bar Crawl and Tours \u00e8 un&#8217;agenzia specializzata nell&#8217;organizzazione di attivit\u00e0 e visite guidate sulla Costa Azzurra e Parigi. Si pu\u00f2 scegliere tra tour a piedi, visite guidate private per scoprire i migliori monumenti e siti, o optare per tour gastronomici sul tema della gastronomia francese, dell&#8217;enologia e dei prodotti locali.<\/p>\n<p>Un tour gastronomico \u00e8 una forma di turismo culturale. La scoperta di una regione si definisce attraverso le esperienze di degustazione e gli highlights del patrimonio gastronomico della Francia in diversi modi:<\/p>\n<ul>\n<li>Visite gastronomiche guidate in citt\u00e0 vivaci come Nizza, Cannes o Monaco<\/li>\n<li>Laboratori di degustazione e pasti atipici<\/li>\n<li>Corsi di cucina personalizzati<\/li>\n<li>Escursioni e viaggi gastronomici<\/li>\n<\/ul>\n<p>In ogni caso, quando si sceglie un tour gastronomico, i punti forti e le attivit\u00e0 sono:<\/p>\n<ul>\n<li>Un tema originale e divertente che combina cultura, gastronomia e storia<\/li>\n<li>Una selezione dei pi\u00f9 grandi amanti del cibo e degli artigiani alimentari locali della zona<\/li>\n<li>Guide esperte in cibo e culture alimentari<\/li>\n<li>Generose degustazioni per provare le specialit\u00e0 locali<\/li>\n<li>Gruppi pi\u00f9 piccoli per una migliore interazione<br \/>\nPercorsi e spiegazioni adattati al pubblico<\/li>\n<\/ul>\n<p>Tutti i nostri servizi offerti in un grande tour gastronomico sono creati con cura. Si dovrebbe avere la possibilit\u00e0 di organizzare un tour gastronomico personalizzato dalla A alla Z internamente da un team multiculturale composto da esperti in culture alimentari che condividono una passione comune per la gastronomia e che desiderano trasmettere le loro conoscenze.<\/p>\n<p>Ogni nuova destinazione gastronomica \u00e8 oggetto di ampi studi e ricerche preliminari, sia dal punto di vista storico, geografico, architettonico e culturale. Guide esperte del patrimonio culinario francese dovrebbero condurre tutte le passeggiate e i tour gastronomici.<\/p>\n<p>Da quel punto, le opportunit\u00e0 sono infinite, e ci si apre a scoperte incredibili e a una migliore comprensione della citt\u00e0 e della regione che si sta visitando. I temi per il tuo prossimo tour gastronomico sono infiniti: Cibo francese di lusso, Terroir e paesaggio, mangiare locale, etichette e qualit\u00e0, mercato biologico, negozi di cibo tradizionale, il mondo della pasticceria, gli chef, e anche nuove modalit\u00e0 di consumo con i food truck locali e lo street food.[\/vc_column_text][\/vc_column_inner][\/vc_row_inner][\/vc_column][\/vc_row][vc_row][vc_column][vc_column_text]<\/p>\n<div id=\"gtx-trans\" style=\"position: absolute; left: -12px; top: 113.812px;\">\n<div class=\"gtx-trans-icon\"><\/div>\n<\/div>\n<p>[\/vc_column_text][\/vc_column][\/vc_row]<\/p>\n<\/div>","protected":false},"excerpt":{"rendered":"<p>[vc_row el_class=&#8221;city-tours-custom&#8221; css=&#8221;.vc_custom_1624698699171{margin-top: 40px !important;margin-bottom: 20px !important;}&#8221;][vc_column][vc_column_text] Tutti i nostri tour gastronomici [\/vc_column_text][vc_separator][\/vc_column][\/vc_row][vc_row][vc_column][vc_row_inner][vc_column_inner][vc_column_text] I nostri tour gastronomici [\/vc_column_text][\/vc_column_inner][\/vc_row_inner][vc_row_inner][vc_column_inner width=&#8221;1\/2&#8243;][vc_column_text]Tutti noi abbiamo il desiderio di scoprire il pi\u00f9 possibile quando siamo in viaggio in una nuova citt\u00e0 o un nuovo paese, E quando si viaggia in Francia, trovare e capire la cultura locale \u00e8 anche passare [&hellip;]<\/p>\n","protected":false},"author":2,"featured_media":37678,"parent":0,"menu_order":0,"comment_status":"closed","ping_status":"closed","template":"template-home-modern.php","meta":{"_acf_changed":false,"footnotes":""},"class_list":["post-70622","page","type-page","status-publish","has-post-thumbnail","hentry"],"acf":[],"yoast_head":"<!-- This site is optimized with the Yoast SEO plugin v27.3 - https:\/\/yoast.com\/product\/yoast-seo-wordpress\/ -->\n<title>Archives des  | Riviera Bar Crawl Tours<\/title>\n<meta name=\"description\" content=\"Un tour gastronomico dovrebbe essere fatto anche per scoprire una citt\u00e0 e i suoi migliori commercianti in piccoli gruppi | Un tour gastronomico dovrebbe essere fatto anche per scoprire una citt\u00e0\" \/>\n<meta name=\"robots\" content=\"index, follow, max-snippet:-1, max-image-preview:large, max-video-preview:-1\" \/>\n<link rel=\"canonical\" href=\"https:\/\/rivierabarcrawltours.com\/it\/tour-gastronomici\/\" \/>\n<meta property=\"og:locale\" content=\"it_IT\" \/>\n<meta property=\"og:type\" content=\"article\" \/>\n<meta property=\"og:title\" content=\"Archives des  | Riviera Bar Crawl Tours\" \/>\n<meta property=\"og:description\" content=\"Un tour gastronomico dovrebbe essere fatto anche per scoprire una citt\u00e0 e i suoi migliori commercianti in piccoli gruppi | Un tour gastronomico dovrebbe essere fatto anche per scoprire una citt\u00e0\" \/>\n<meta property=\"og:url\" content=\"https:\/\/rivierabarcrawltours.com\/it\/tour-gastronomici\/\" \/>\n<meta property=\"og:site_name\" content=\"Riviera Bar Crawl Tours\" \/>\n<meta property=\"article:publisher\" content=\"https:\/\/www.facebook.com\/RivieraBarCrawltours\/\" \/>\n<meta property=\"article:modified_time\" content=\"2021-06-26T09:12:01+00:00\" \/>\n<meta property=\"og:image\" content=\"https:\/\/rivierabarcrawltours.com\/wp-content\/uploads\/2019\/12\/food-tasting-nice-team-building.jpg\" \/>\n\t<meta property=\"og:image:width\" content=\"1080\" \/>\n\t<meta property=\"og:image:height\" content=\"720\" \/>\n\t<meta property=\"og:image:type\" content=\"image\/jpeg\" \/>\n<meta name=\"twitter:card\" content=\"summary_large_image\" \/>\n<meta name=\"twitter:site\" content=\"@rivierabarcrawl\" \/>\n<meta name=\"twitter:label1\" content=\"Tempo di lettura stimato\" \/>\n\t<meta name=\"twitter:data1\" content=\"5 minuti\" \/>\n<!-- \/ Yoast SEO plugin. -->","yoast_head_json":{"title":"Archives des  | Riviera Bar Crawl Tours","description":"Un tour gastronomico dovrebbe essere fatto anche per scoprire una citt\u00e0 e i suoi migliori commercianti in piccoli gruppi | Un tour gastronomico dovrebbe essere fatto anche per scoprire una citt\u00e0","robots":{"index":"index","follow":"follow","max-snippet":"max-snippet:-1","max-image-preview":"max-image-preview:large","max-video-preview":"max-video-preview:-1"},"canonical":"https:\/\/rivierabarcrawltours.com\/it\/tour-gastronomici\/","og_locale":"it_IT","og_type":"article","og_title":"Archives des  | Riviera Bar Crawl Tours","og_description":"Un tour gastronomico dovrebbe essere fatto anche per scoprire una citt\u00e0 e i suoi migliori commercianti in piccoli gruppi | Un tour gastronomico dovrebbe essere fatto anche per scoprire una citt\u00e0","og_url":"https:\/\/rivierabarcrawltours.com\/it\/tour-gastronomici\/","og_site_name":"Riviera Bar Crawl Tours","article_publisher":"https:\/\/www.facebook.com\/RivieraBarCrawltours\/","article_modified_time":"2021-06-26T09:12:01+00:00","og_image":[{"width":1080,"height":720,"url":"https:\/\/rivierabarcrawltours.com\/wp-content\/uploads\/2019\/12\/food-tasting-nice-team-building.jpg","type":"image\/jpeg"}],"twitter_card":"summary_large_image","twitter_site":"@rivierabarcrawl","twitter_misc":{"Tempo di lettura stimato":"5 minuti"},"schema":{"@context":"https:\/\/schema.org","@graph":[{"@type":"WebPage","@id":"https:\/\/rivierabarcrawltours.com\/it\/tour-gastronomici\/","url":"https:\/\/rivierabarcrawltours.com\/it\/tour-gastronomici\/","name":"Archives des | Riviera Bar Crawl Tours","isPartOf":{"@id":"https:\/\/rivierabarcrawltours.com\/#website"},"primaryImageOfPage":{"@id":"https:\/\/rivierabarcrawltours.com\/it\/tour-gastronomici\/#primaryimage"},"image":{"@id":"https:\/\/rivierabarcrawltours.com\/it\/tour-gastronomici\/#primaryimage"},"thumbnailUrl":"https:\/\/rivierabarcrawltours.com\/wp-content\/uploads\/2019\/12\/food-tasting-nice-team-building.jpg","datePublished":"2021-02-26T12:21:25+00:00","dateModified":"2021-06-26T09:12:01+00:00","description":"Un tour gastronomico dovrebbe essere fatto anche per scoprire una citt\u00e0 e i suoi migliori commercianti in piccoli gruppi | Un tour gastronomico dovrebbe essere fatto anche per scoprire una citt\u00e0","breadcrumb":{"@id":"https:\/\/rivierabarcrawltours.com\/it\/tour-gastronomici\/#breadcrumb"},"inLanguage":"it-IT","potentialAction":[{"@type":"ReadAction","target":["https:\/\/rivierabarcrawltours.com\/it\/tour-gastronomici\/"]}]},{"@type":"ImageObject","inLanguage":"it-IT","@id":"https:\/\/rivierabarcrawltours.com\/it\/tour-gastronomici\/#primaryimage","url":"https:\/\/rivierabarcrawltours.com\/wp-content\/uploads\/2019\/12\/food-tasting-nice-team-building.jpg","contentUrl":"https:\/\/rivierabarcrawltours.com\/wp-content\/uploads\/2019\/12\/food-tasting-nice-team-building.jpg","width":1080,"height":720,"caption":"degustazione di cibo bello team building riviera bar crawl tour"},{"@type":"BreadcrumbList","@id":"https:\/\/rivierabarcrawltours.com\/it\/tour-gastronomici\/#breadcrumb","itemListElement":[{"@type":"ListItem","position":1,"name":"Home","item":"https:\/\/rivierabarcrawltours.com\/it\/"},{"@type":"ListItem","position":2,"name":"Concetto","item":"https:\/\/rivierabarcrawltours.com\/it\/experiences\/"},{"@type":"ListItem","position":3,"name":"Tour gastronomici"}]},{"@type":"WebSite","@id":"https:\/\/rivierabarcrawltours.com\/#website","url":"https:\/\/rivierabarcrawltours.com\/","name":"Riviera Bar Crawl Tours","description":"Fun Day &amp; Night Experiences I Tour operator I Guided Tours I Bar Crawls I Food Tours I","publisher":{"@id":"https:\/\/rivierabarcrawltours.com\/#organization"},"potentialAction":[{"@type":"SearchAction","target":{"@type":"EntryPoint","urlTemplate":"https:\/\/rivierabarcrawltours.com\/?s={search_term_string}"},"query-input":{"@type":"PropertyValueSpecification","valueRequired":true,"valueName":"search_term_string"}}],"inLanguage":"it-IT"},{"@type":"Organization","@id":"https:\/\/rivierabarcrawltours.com\/#organization","name":"Riviera Bar Crawl Tours","url":"https:\/\/rivierabarcrawltours.com\/","logo":{"@type":"ImageObject","inLanguage":"it-IT","@id":"https:\/\/rivierabarcrawltours.com\/#\/schema\/logo\/image\/","url":"https:\/\/rivierabarcrawltours.com\/wp-content\/uploads\/2019\/07\/logo.png","contentUrl":"https:\/\/rivierabarcrawltours.com\/wp-content\/uploads\/2019\/07\/logo.png","width":479,"height":453,"caption":"Riviera Bar Crawl Tours"},"image":{"@id":"https:\/\/rivierabarcrawltours.com\/#\/schema\/logo\/image\/"},"sameAs":["https:\/\/www.facebook.com\/RivieraBarCrawltours\/","https:\/\/x.com\/rivierabarcrawl"]}]}},"_links":{"self":[{"href":"https:\/\/rivierabarcrawltours.com\/it\/wp-json\/wp\/v2\/pages\/70622","targetHints":{"allow":["GET"]}}],"collection":[{"href":"https:\/\/rivierabarcrawltours.com\/it\/wp-json\/wp\/v2\/pages"}],"about":[{"href":"https:\/\/rivierabarcrawltours.com\/it\/wp-json\/wp\/v2\/types\/page"}],"author":[{"embeddable":true,"href":"https:\/\/rivierabarcrawltours.com\/it\/wp-json\/wp\/v2\/users\/2"}],"replies":[{"embeddable":true,"href":"https:\/\/rivierabarcrawltours.com\/it\/wp-json\/wp\/v2\/comments?post=70622"}],"version-history":[{"count":6,"href":"https:\/\/rivierabarcrawltours.com\/it\/wp-json\/wp\/v2\/pages\/70622\/revisions"}],"predecessor-version":[{"id":77656,"href":"https:\/\/rivierabarcrawltours.com\/it\/wp-json\/wp\/v2\/pages\/70622\/revisions\/77656"}],"wp:featuredmedia":[{"embeddable":true,"href":"https:\/\/rivierabarcrawltours.com\/it\/wp-json\/wp\/v2\/media\/37678"}],"wp:attachment":[{"href":"https:\/\/rivierabarcrawltours.com\/it\/wp-json\/wp\/v2\/media?parent=70622"}],"curies":[{"name":"wp","href":"https:\/\/api.w.org\/{rel}","templated":true}]}}