{"id":126780,"date":"2026-02-18T12:16:33","date_gmt":"2026-02-18T11:16:33","guid":{"rendered":"https:\/\/rivierabarcrawltours.com\/diventa-partner-nuovo\/"},"modified":"2026-02-18T12:16:34","modified_gmt":"2026-02-18T11:16:34","slug":"diventa-partner-nuovo","status":"publish","type":"page","link":"https:\/\/rivierabarcrawltours.com\/it\/diventa-partner-nuovo\/","title":{"rendered":"Diventa partner Nuovo"},"content":{"rendered":"<div class=\"wpb-content-wrapper\"><p>[vc_row full_width=&#8221;stretch_row_content_no_spaces&#8221; css=&#8221;.vc_custom_1768572290285{padding-top: 100px !important;padding-bottom: 100px !important;background-image: url(https:\/\/rivierabarcrawltours.com\/wp-content\/uploads\/2024\/04\/pub-crawl-nice-1-1.jpg?id=112063) !important;}&#8221; el_class=&#8221;text-center st-become-banner&#8221;][vc_column][vc_column_text css=&#8221;&#8221;]<\/p>\n<h1 style=\"text-align: center; color: #ffffff;\">Trasforma la tua passione in un impero: diventa partner di Riviera Bar Crawl &amp; Tours?<\/h1>\n<p style=\"text-align: center; color: #ffffff;\">15 anni di esperienza &#8211; AI e automazione &#8211; Esclusivit\u00e0 del territorio<\/p>\n<p>[\/vc_column_text][vc_column_text css=&#8221;.vc_custom_1768582216890{background-position: center !important;background-repeat: no-repeat !important;background-size: contain !important;}&#8221;]<a class=\"signup btn btn-danger btn-lg\" style=\"display: none;\" data-toggle=\"modal\" data-target=\"#st-register-form\">Registrati ora<\/a><\/p>\n<p><a class=\"signup btn btn-danger btn-lg\" href=\"https:\/\/docs.google.com\/forms\/d\/1iAIpiWnmkwC0OE1gNtyRe7L_jGifWTH6dJrOp1AJuFM\/edit\" target=\"_blank\" rel=\"noopener noreferrer\">Registrati ora<\/a>[\/vc_column_text][\/vc_column][\/vc_row][vc_row][vc_column][vc_empty_space height=&#8221;45px&#8221;][vc_column_text css=&#8221;&#8221;]<\/p>\n<h2 style=\"text-align: center;\">\ud83d\udc8e Perch\u00e9 Riviera? Il potere di 15 anni di eccellenza? <\/h2>\n<p>[\/vc_column_text][vc_empty_space height=&#8221;20px&#8221;][vc_column_text css=&#8221;&#8221;]<\/p>\n<p data-path-to-node=\"7\">Avviare un&#8217;attivit\u00e0 da soli \u00e8 una scommessa ad alto rischio. Con noi puoi evitare gli errori fatali che costano tempo e capitale. <\/p>\n<ul data-path-to-node=\"8\">\n<li>\n<p data-path-to-node=\"8,0,0\"><b data-path-to-node=\"8,0,0\" data-index-in-node=\"0\">Modello collaudato:<\/b> Abbiamo ottimizzato ogni dettaglio, dalla psicologia degli ospiti ai costi di versamento.<\/p>\n<\/li>\n<li>\n<p data-path-to-node=\"8,1,0\"><b data-path-to-node=\"8,1,0\" data-index-in-node=\"0\">Lancio rapido:<\/b> Essere operativi e generare ricavi in meno di <b data-path-to-node=\"8,1,0\" data-index-in-node=\"67\">45 giorni<\/b>.<\/p>\n<\/li>\n<li>\n<p data-path-to-node=\"8,2,0\"><b data-path-to-node=\"8,2,0\" data-index-in-node=\"0\">Una risorsa finanziaria, non solo un lavoro:<\/b> Il nostro sistema \u00e8 stato progettato per permetterti di guidare la tua azienda da remoto grazie a deleghe di alto livello e all&#8217;intelligenza artificiale.<\/p>\n<\/li>\n<\/ul>\n<p>[\/vc_column_text][vc_column_text css=&#8221;&#8221;]<\/p>\n<h2 style=\"text-align: center;\">Vantaggi esclusivi appena sbloccati per te: ?<\/h2>\n<p>[\/vc_column_text][vc_empty_space height=&#8221;20px&#8221;][vc_column_text css=&#8221;&#8221;]Costruito su 15 anni di dati: Il modello di business plug-and-play definitivo[\/vc_column_text][vc_empty_space height=&#8221;10px&#8221;][\/vc_column][\/vc_row][vc_row el_class=&#8221;st-become-feature-wrapper text-center&#8221;][vc_column][vc_row_inner equal_height=&#8221;yes&#8221; el_class=&#8221;st-become-feature text-center&#8221; css=&#8221;.vc_custom_1611486005850{margin-top: 10px !important;margin-bottom: 10px !important;}&#8221;][vc_column_inner el_class=&#8221;column1&#8243; width=&#8221;1\/3&#8243;][vc_column_text css=&#8221;&#8221;]<\/p>\n<h3 data-path-to-node=\"4\"><b data-path-to-node=\"4\" data-index-in-node=\"0\">\ud83e\udd1d I vantaggi della partnership di base:<\/b><\/h3>\n<ul data-path-to-node=\"5\">\n<li>\n<p style=\"text-align: left;\" data-path-to-node=\"5,0,0\"><b data-path-to-node=\"5,0,0\" data-index-in-node=\"0\">\ud83c\udfaf Il programma di successo comprovato:<\/b> Smetti di tirare a indovinare. Abbiamo trascorso un decennio e mezzo a ottimizzare ogni micro-dettaglio, dalla <b data-path-to-node=\"5,0,0\" data-index-in-node=\"107\">psicologia degli ospiti<\/b> al flusso della folla, dai <b data-path-to-node=\"5,0,0\" data-index-in-node=\"142\">costi di versamento<\/b> ai margini di profitto. Tu erediti una formula che \u00e8 gi\u00e0 vincente. \ud83c\udfc6 <\/p>\n<\/li>\n<li style=\"text-align: left;\">\n<p data-path-to-node=\"5,1,0\"><b data-path-to-node=\"5,1,0\" data-index-in-node=\"0\">\u26a1 Ingresso nel mercato espresso (lancio in &lt;45 giorni):<\/b> Il tempo \u00e8 denaro. Il nostro onboarding &#8220;Plug-and-Play&#8221; ti permette di essere completamente operativo e di <b data-path-to-node=\"5,1,0\" data-index-in-node=\"130\">generare ricavi in meno di 45 giorni<\/b>. Noi forniamo l&#8217;infrastruttura, tu devi solo premere l&#8217;interruttore. \ud83d\udd0c <\/p>\n<\/li>\n<li style=\"text-align: left;\">\n<p data-path-to-node=\"5,2,0\"><b data-path-to-node=\"5,2,0\" data-index-in-node=\"0\">\ud83d\udcb0 Un modello di business incentrato sulle attivit\u00e0:<\/b> Questo non \u00e8 un &#8220;lavoro&#8221;, ma un&#8217;attivit\u00e0 finanziaria scalabile. Il nostro sistema \u00e8 progettato per una <b data-path-to-node=\"5,2,0\" data-index-in-node=\"114\">leadership a distanza<\/b>. Utilizzando deleghe di alto livello e i nostri strumenti di intelligenza artificiale, puoi gestire il tuo impero da qualsiasi parte del mondo. \ud83c\udf0e <\/p>\n<\/li>\n<li style=\"text-align: left;\">\n<p data-path-to-node=\"5,3,0\"><b data-path-to-node=\"5,3,0\" data-index-in-node=\"0\">\ud83d\udcc8 Dominio guidato dai dati:<\/b> Sfrutta 15 anni di reputazione mondiale e di dominio SEO. Quando aprirai i battenti, non sarai un &#8220;novellino&#8221;, ma la filiale locale di un leader globale con i dati a supporto di ogni mossa. \ud83d\udc8e<\/p>\n<\/li>\n<li>\n<p style=\"text-align: left;\" data-path-to-node=\"5,4,0\"><b data-path-to-node=\"5,4,0\" data-index-in-node=\"0\">\ud83d\udcc9 Garanzia di riduzione del rischio:<\/b> Utilizzando le nostre <b data-path-to-node=\"5,4,0\" data-index-in-node=\"56\">SOP (Procedure Operative Standard)<\/b> standardizzate e le metriche storiche, eliminerai la fase di prova ed errore che fa fallire il 90% delle startup indipendenti. \ud83d\uded1<\/p>\n<\/li>\n<\/ul>\n<p>[\/vc_column_text][\/vc_column_inner][vc_column_inner width=&#8221;1\/3&#8243;][vc_column_text css=&#8221;&#8221;]<\/p>\n<h3>\ud83e\udd16 L&#8217;arsenale &#8220;ultra-automatico&#8221; (il tuo vantaggio competitivo)<\/h3>\n<p>[\/vc_column_text][vc_column_text css=&#8221;&#8221;]<\/p>\n<p style=\"text-align: left;\" data-path-to-node=\"11\">Mettiamo la tecnologia all&#8217;avanguardia al servizio della tua redditivit\u00e0:<\/p>\n<ul data-path-to-node=\"12\">\n<li style=\"text-align: left;\">\n<p data-path-to-node=\"12,0,0\"><b data-path-to-node=\"12,0,0\" data-index-in-node=\"0\">Agente AI e WhatsApp Bot 24\/7:<\/b> Il tuo agente virtuale gestisce le email e qualifica i contatti su WhatsApp all&#8217;istante. Un servizio clienti professionale senza costi di stipendio. <\/p>\n<\/li>\n<li style=\"text-align: left;\">\n<p data-path-to-node=\"12,1,0\"><b data-path-to-node=\"12,1,0\" data-index-in-node=\"0\">Sincronizzazione multipiattaforma:<\/b> Sincronizzazione dell&#8217;inventario in tempo reale con <b data-path-to-node=\"12,1,0\" data-index-in-node=\"62\">Viator, GetYourGuide, Airbnb Experiences ed Expedia<\/b>. Zero overbooking, 100% di occupazione. <\/p>\n<\/li>\n<li>\n<p style=\"text-align: left;\" data-path-to-node=\"12,2,0\"><b data-path-to-node=\"12,2,0\" data-index-in-node=\"0\">Strumento di pianificazione dell&#8217;automazione del team:<\/b> Pianifica i turni delle tue guide e del tuo staff in soli due clic. Include notifiche automatiche e monitoraggio integrato delle prestazioni. <\/p>\n<\/li>\n<\/ul>\n<p>[\/vc_column_text][\/vc_column_inner][vc_column_inner width=&#8221;1\/3&#8243;][vc_column_text css=&#8221;&#8221;]<\/p>\n<h3>\ud83c\udfaf Dominio del marketing a 360\u00b0<\/h3>\n<p>[\/vc_column_text][vc_column_text css=&#8221;&#8221;]<\/p>\n<p style=\"text-align: left;\" data-path-to-node=\"15\">Non forniamo solo un logo, ma una macchina per l&#8217;acquisizione dei clienti:<\/p>\n<ul data-path-to-node=\"16\">\n<li style=\"text-align: left;\">\n<p data-path-to-node=\"16,0,0\"><b data-path-to-node=\"16,0,0\" data-index-in-node=\"0\">Social Ads Power:<\/b> Strategie e pubblici pronti per l&#8217;uso per <b data-path-to-node=\"16,0,0\" data-index-in-node=\"59\">Google Ads (Ricerca\/Maps), Meta (Facebook\/Instagram) e TikTok<\/b>.<\/p>\n<\/li>\n<li style=\"text-align: left;\">\n<p data-path-to-node=\"16,1,0\"><b data-path-to-node=\"16,1,0\" data-index-in-node=\"0\">SEO locale:<\/b> Domina i risultati di ricerca di Google nella tua citt\u00e0 fin dal primo giorno.<\/p>\n<\/li>\n<li>\n<p style=\"text-align: left;\" data-path-to-node=\"16,2,0\"><b data-path-to-node=\"16,2,0\" data-index-in-node=\"0\">Libreria di design e grafica:<\/b> Accesso illimitato a migliaia di modelli premium (Canva\/Adobe) per poster, brochure, banner e social media. Branding professionale senza costi di agenzia. <\/p>\n<\/li>\n<\/ul>\n<p>[\/vc_column_text][\/vc_column_inner][\/vc_row_inner][vc_row_inner equal_height=&#8221;yes&#8221; el_class=&#8221;st-become-feature text-center&#8221; css=&#8221;.vc_custom_1611485996885{margin-top: 10px !important;margin-bottom: 10px !important;}&#8221;][vc_column_inner el_class=&#8221;column1&#8243; width=&#8221;1\/3&#8243;][vc_column_text css=&#8221;&#8221;]<\/p>\n<h3>\ud83d\udc65 Risorse umane e formazione online<\/h3>\n<p>[\/vc_column_text][vc_column_text css=&#8221;&#8221;]<\/p>\n<p style=\"text-align: left;\" data-path-to-node=\"19\">Il successo si basa sulle persone, ma la gestione deve essere automatizzata:<\/p>\n<ul data-path-to-node=\"20\">\n<li style=\"text-align: left;\">\n<p data-path-to-node=\"20,0,0\"><b data-path-to-node=\"20,0,0\" data-index-in-node=\"0\">Accademia di formazione online:<\/b> Una piattaforma di apprendimento digitale per i tuoi team. Le tue guide e i tuoi promotori vengono formati in modo indipendente per soddisfare gli standard globali di Riviera. <\/p>\n<\/li>\n<li style=\"text-align: left;\">\n<p data-path-to-node=\"20,1,0\"><b data-path-to-node=\"20,1,0\" data-index-in-node=\"0\">Cassetta degli attrezzi per le risorse umane:<\/b> Modelli di lavoro ottimizzati, esempi di contratti e processi di assunzione per attrarre i migliori talenti locali.<\/p>\n<\/li>\n<li>\n<p style=\"text-align: left;\" data-path-to-node=\"20,2,0\"><b data-path-to-node=\"20,2,0\" data-index-in-node=\"0\">Cruscotto proprietario:<\/b> Monitora la redditivit\u00e0, il costo di acquisizione dei clienti (CAC) e i margini di guadagno attraverso un&#8217;unica interfaccia intuitiva.<\/p>\n<\/li>\n<\/ul>\n<p>[\/vc_column_text][\/vc_column_inner][vc_column_inner width=&#8221;1\/3&#8243;][vc_column_text css=&#8221;&#8221;]<\/p>\n<h3>\ud83d\udee0\ufe0f Assistenza continua: Non sei mai solo<\/h3>\n<p>[\/vc_column_text][vc_column_text css=&#8221;&#8221;]<\/p>\n<p style=\"text-align: left;\" data-path-to-node=\"23\">Il nostro supporto \u00e8 la spina dorsale della tua crescita continua:<\/p>\n<ul data-path-to-node=\"24\">\n<li style=\"text-align: left;\">\n<p data-path-to-node=\"24,0,0\"><b data-path-to-node=\"24,0,0\" data-index-in-node=\"0\">Manuale operativo completo (SOP):<\/b> La &#8220;Bibbia dell&#8217;azienda&#8221; che descrive nel dettaglio ogni processo, dai protocolli di sicurezza al networking locale.<\/p>\n<\/li>\n<li style=\"text-align: left;\">\n<p data-path-to-node=\"24,1,0\"><b data-path-to-node=\"24,1,0\" data-index-in-node=\"0\">Supporto strategico della sede centrale:<\/b> Approfondimenti mensili con i nostri esperti per analizzare i tuoi dati e aumentare le prestazioni.<\/p>\n<\/li>\n<li>\n<p style=\"text-align: left;\" data-path-to-node=\"24,2,0\"><b data-path-to-node=\"24,2,0\" data-index-in-node=\"0\">Rete di franchisee:<\/b> Accesso in tempo reale alla nostra comunit\u00e0 globale di partner per condividere consigli e strategie vincenti.<\/p>\n<\/li>\n<\/ul>\n<p>[\/vc_column_text][\/vc_column_inner][vc_column_inner width=&#8221;1\/3&#8243;][vc_column_text css=&#8221;&#8221;]<\/p>\n<h3>\ud83d\udc55 Attrezzatura Premium: Vestiti per il successo<\/h3>\n<p>[\/vc_column_text][vc_column_text css=&#8221;&#8221;]<\/p>\n<p style=\"text-align: left;\" data-path-to-node=\"5\">Un marchio professionale si riconosce dal suo aspetto. Noi forniamo una gamma completa di attrezzature di alta qualit\u00e0 per il tuo team, per far s\u00ec che si distingua dalla massa: <\/p>\n<ul data-path-to-node=\"6\">\n<li style=\"text-align: left;\">\n<p data-path-to-node=\"6,0,0\"><b data-path-to-node=\"6,0,0\" data-index-in-node=\"0\">Abbigliamento ufficiale del personale:<\/b> <b data-path-to-node=\"6,0,0\" data-index-in-node=\"57\">T-shirt, felpe e felpe con cappuccio<\/b> ad alta visibilit\u00e0 e di qualit\u00e0 superiore con l&#8217;iconico marchio Riviera. Progettate per garantire comfort e resistenza durante le lunghe notti. <\/p>\n<\/li>\n<li style=\"text-align: left;\">\n<p data-path-to-node=\"6,1,0\"><b data-path-to-node=\"6,1,0\" data-index-in-node=\"0\">Attrezzature per la sicurezza e la visibilit\u00e0:<\/b> Cordini con marchio, bracciali ad alta visibilit\u00e0 e strumenti di identificazione a LED per garantire che le tue guide siano facilmente individuabili dagli ospiti.<\/p>\n<\/li>\n<li style=\"text-align: left;\">\n<p data-path-to-node=\"6,2,0\"><b data-path-to-node=\"6,2,0\" data-index-in-node=\"0\">Attrezzature operative:<\/b> Custodie per il check-in con marchio, scanner portatili e bandiere\/striscioni per i punti di incontro.<\/p>\n<\/li>\n<li>\n<p style=\"text-align: left;\" data-path-to-node=\"6,3,0\"><b data-path-to-node=\"6,3,0\" data-index-in-node=\"0\">Merchandising per gli ospiti:<\/b> Accesso alla nostra catena di fornitura di braccialetti brandizzati, bastoncini luminosi e accessori per feste a prezzi all&#8217;ingrosso, massimizzando i tuoi flussi di entrate secondarie.<\/p>\n<\/li>\n<\/ul>\n<p>[\/vc_column_text][\/vc_column_inner][\/vc_row_inner]    <div class=\"st-video style-1 youtube-video not-play\"\r\n         style=\"background: #f1f1f1 url(https:\/\/rivierabarcrawltours.com\/wp-content\/uploads\/2024\/07\/Pub-Crawl-Nice-1.jpg) no-repeat center; \">\r\n        <div id=\"bgndVideo\" class=\"player\" data-property=\"{videoURL:'#',containment:'.youtube-video',autoPlay:true, showControls:false, showYTLogo: false, mute:false, startAt:0, opacity:1, useOnMobile: true}\"><\/div>\r\n        <div class=\"d-table\">\r\n            <div class=\"table-cell\">\r\n                <div class=\"caption\">\r\n                                            <div class=\"title-video\"><p>Riviera Bar Crawl &amp; Tours Business opportunity<\/p>\n<\/div>\r\n                                        <div class=\"st-play\">\r\n                        <a class=\"btn-play-video play\" href=\"#\"><i class=\"fa fa-play\"><\/i><i\r\n                                    class=\"fa fa-pause\"><\/i><\/a>\r\n                    <\/div>\r\n                <\/div>\r\n            <\/div>\r\n        <\/div>\r\n    <\/div>\r\n    [vc_empty_space height=&#8221;40px&#8221;][vc_column_text css=&#8221;&#8221;]<\/p>\n<h2 style=\"text-align: center;\"><strong>\ud83c\udd9a Partire da soli vs. partnership in Riviera?<\/strong><\/h2>\n<p>[\/vc_column_text][vc_empty_space height=&#8221;15px&#8221;][\/vc_column][\/vc_row][vc_row][vc_column width=&#8221;1\/3&#8243;][vc_column_text css=&#8221;&#8221;]<strong>Caratteristiche<\/strong><\/p>\n<p>\ud83d\ude80 Tempo di lancio<\/p>\n<p>\ud83d\udc65 Risorse umane<\/p>\n<p>\ud83c\udf93 Formazione del personale<\/p>\n<p>.\ud83d\uddd3\ufe0f Programmazione<\/p>\n<p>\ud83e\udd16 Tecnologia e IA<\/p>\n<p>\ud83d\udce2 Marketing e annunci<\/p>\n<p>\ud83c\udfc6 Competenza e rischio<\/p>\n<p>\ud83e\udd1d Assistenza continua<\/p>\n<p>\ud83d\udcb0 Uscita e rivendita[\/vc_column_text][\/vc_column][vc_column width=&#8221;1\/3&#8243;][vc_column_text css=&#8221;&#8221;]<strong>Iniziare da soli<\/strong><\/p>\n<p>Da 6 a 12 mesi di tentativi ed errori.<\/p>\n<p>Assunzione a tentoni. Alto rischio di turnover. <\/p>\n<p>Manuale, ripetitivo e richiede molto tempo.<\/p>\n<p>Fogli di calcolo complessi ed errori di turnazione.<\/p>\n<p>E-mail\/WhatsApp manuali (ad alta intensit\u00e0 di lavoro).<\/p>\n<p>Difficile da vendere; il valore \u00e8 legato a te.<\/p>\n<p>Spreco di budget per test non comprovati.<\/p>\n<p>Zero esperienza. Ogni errore \u00e8 costoso. <\/p>\n<p>Da solo quando sorgono i problemi.[\/vc_column_text][\/vc_column][vc_column width=&#8221;1\/3&#8243;][vc_column_text css=&#8221;&#8221;]<strong>Partnership Riviera<\/strong><\/p>\n<p><strong>Da 4 a 6 settimane<\/strong> per il pieno funzionamento.<\/p>\n<p><strong>Cassetta degli attrezzi per le risorse umane<\/strong>: Modelli comprovati per assumere i vincitori.<\/p>\n<p><strong>Accademia online<\/strong>: Formazione digitale automatizzata.<\/p>\n<p><strong>Strumento di automazione<\/strong>: Programmazione intelligente con un solo clic.<\/p>\n<p><strong>Agente AI 24 ore su 24, 7 giorni su 7<\/strong>: Vende mentre tu dormi.<\/p>\n<p><strong>Google\/Meta\/TikTok<\/strong>: Strategie di ROI comprovate.<\/p>\n<p><strong>15 anni di eccellenza<\/strong>: Un modello &#8220;Plug &amp; Play&#8221;.<\/p>\n<p><strong>Assistenza dedicata<\/strong> e chiamate strategiche mensili.<\/p>\n<p><strong>Alto valore patrimoniale<\/strong>: Un bene vendibile e di marca.[\/vc_column_text][\/vc_column][\/vc_row][vc_row el_class=&#8221;st-become-feature-wrapper text-center&#8221;][vc_column][vc_empty_space height=&#8221;40px&#8221;][vc_empty_space height=&#8221;15px&#8221;][vc_column_text css=&#8221;&#8221;]<\/p>\n<h3><strong>\ud83d\ude80 Sei pronto a possedere la tua citt\u00e0?<\/strong><\/h3>\n<p>I territori sono limitati. Una volta assicurata una citt\u00e0, l&#8217;esclusivit\u00e0 \u00e8 totale.[\/vc_column_text][vc_column_text]<a class=\"signup btn btn-danger btn-lg\" href=\"https:\/\/docs.google.com\/forms\/d\/1iAIpiWnmkwC0OE1gNtyRe7L_jGifWTH6dJrOp1AJuFM\/\" target=\"_blank\" rel=\"noopener noreferrer\">Registrati ora<\/a>[\/vc_column_text][vc_empty_space height=&#8221;15px&#8221;][\/vc_column][\/vc_row]<\/p>\n<\/div>","protected":false},"excerpt":{"rendered":"<p>[vc_row full_width=&#8221;stretch_row_content_no_spaces&#8221; css=&#8221;.vc_custom_1768572290285{padding-top: 100px !important;padding-bottom: 100px !important;background-image: url(https:\/\/rivierabarcrawltours.com\/wp-content\/uploads\/2024\/04\/pub-crawl-nice-1-1.jpg?id=112063) !important;}&#8221; el_class=&#8221;text-center st-become-banner&#8221;][vc_column][vc_column_text css=&#8221;&#8221;] Trasforma la tua passione in un impero: diventa partner di Riviera Bar Crawl &amp; Tours? 15 anni di esperienza &#8211; AI e automazione &#8211; Esclusivit\u00e0 del territorio [\/vc_column_text][vc_column_text css=&#8221;.vc_custom_1768582216890{background-position: center !important;background-repeat: no-repeat !important;background-size: contain !important;}&#8221;]Registrati ora Registrati ora[\/vc_column_text][\/vc_column][\/vc_row][vc_row][vc_column][vc_empty_space height=&#8221;45px&#8221;][vc_column_text css=&#8221;&#8221;] \ud83d\udc8e Perch\u00e9 Riviera? [&hellip;]<\/p>\n","protected":false},"author":2,"featured_media":0,"parent":0,"menu_order":0,"comment_status":"closed","ping_status":"closed","template":"template-home-modern.php","meta":{"_acf_changed":false,"footnotes":""},"class_list":["post-126780","page","type-page","status-publish","has-post-thumbnail","hentry"],"acf":[],"yoast_head":"<!-- This site is optimized with the Yoast SEO plugin v27.5 - https:\/\/yoast.com\/product\/yoast-seo-wordpress\/ -->\n<title>Avvia la tua attivit\u00e0 Bar Crawls &amp; Pub Crawls | Riviera Bar Crawl Tours<\/title>\n<meta name=\"description\" content=\"Scopri l&#039;itinerario definitivo per fare networking, conoscere le realt\u00e0 locali e lo spirito imprenditoriale. Pianifica oggi stesso la tua gita perfetta per le startup\" \/>\n<meta name=\"robots\" content=\"index, follow, max-snippet:-1, max-image-preview:large, max-video-preview:-1\" \/>\n<link rel=\"canonical\" href=\"https:\/\/rivierabarcrawltours.com\/it\/diventa-partner-nuovo\/\" \/>\n<meta property=\"og:locale\" content=\"it_IT\" \/>\n<meta property=\"og:type\" content=\"article\" \/>\n<meta property=\"og:title\" content=\"Avvia la tua attivit\u00e0 Bar Crawls &amp; Pub Crawls | Riviera Bar Crawl Tours\" \/>\n<meta property=\"og:description\" content=\"Scopri l&#039;itinerario definitivo per fare networking, conoscere le realt\u00e0 locali e lo spirito imprenditoriale. Pianifica oggi stesso la tua gita perfetta per le startup\" \/>\n<meta property=\"og:url\" content=\"https:\/\/rivierabarcrawltours.com\/it\/diventa-partner-nuovo\/\" \/>\n<meta property=\"og:site_name\" content=\"Riviera Bar Crawl Tours\" \/>\n<meta property=\"article:publisher\" content=\"https:\/\/www.facebook.com\/RivieraBarCrawltours\/\" \/>\n<meta property=\"article:modified_time\" content=\"2026-02-18T11:16:34+00:00\" \/>\n<meta name=\"twitter:card\" content=\"summary_large_image\" \/>\n<meta name=\"twitter:site\" content=\"@rivierabarcrawl\" \/>\n<meta name=\"twitter:label1\" content=\"Tempo di lettura stimato\" \/>\n\t<meta name=\"twitter:data1\" content=\"7 minuti\" \/>\n<!-- \/ Yoast SEO plugin. -->","yoast_head_json":{"title":"Avvia la tua attivit\u00e0 Bar Crawls & Pub Crawls | Riviera Bar Crawl Tours","description":"Scopri l'itinerario definitivo per fare networking, conoscere le realt\u00e0 locali e lo spirito imprenditoriale. Pianifica oggi stesso la tua gita perfetta per le startup","robots":{"index":"index","follow":"follow","max-snippet":"max-snippet:-1","max-image-preview":"max-image-preview:large","max-video-preview":"max-video-preview:-1"},"canonical":"https:\/\/rivierabarcrawltours.com\/it\/diventa-partner-nuovo\/","og_locale":"it_IT","og_type":"article","og_title":"Avvia la tua attivit\u00e0 Bar Crawls & Pub Crawls | Riviera Bar Crawl Tours","og_description":"Scopri l'itinerario definitivo per fare networking, conoscere le realt\u00e0 locali e lo spirito imprenditoriale. Pianifica oggi stesso la tua gita perfetta per le startup","og_url":"https:\/\/rivierabarcrawltours.com\/it\/diventa-partner-nuovo\/","og_site_name":"Riviera Bar Crawl Tours","article_publisher":"https:\/\/www.facebook.com\/RivieraBarCrawltours\/","article_modified_time":"2026-02-18T11:16:34+00:00","twitter_card":"summary_large_image","twitter_site":"@rivierabarcrawl","twitter_misc":{"Tempo di lettura stimato":"7 minuti"},"schema":{"@context":"https:\/\/schema.org","@graph":[{"@type":"WebPage","@id":"https:\/\/rivierabarcrawltours.com\/it\/diventa-partner-nuovo\/","url":"https:\/\/rivierabarcrawltours.com\/it\/diventa-partner-nuovo\/","name":"Avvia la tua attivit\u00e0 Bar Crawls & Pub Crawls | Riviera Bar Crawl Tours","isPartOf":{"@id":"https:\/\/rivierabarcrawltours.com\/#website"},"datePublished":"2026-02-18T11:16:33+00:00","dateModified":"2026-02-18T11:16:34+00:00","description":"Scopri l'itinerario definitivo per fare networking, conoscere le realt\u00e0 locali e lo spirito imprenditoriale. Pianifica oggi stesso la tua gita perfetta per le startup","breadcrumb":{"@id":"https:\/\/rivierabarcrawltours.com\/it\/diventa-partner-nuovo\/#breadcrumb"},"inLanguage":"it-IT","potentialAction":[{"@type":"ReadAction","target":["https:\/\/rivierabarcrawltours.com\/it\/diventa-partner-nuovo\/"]}]},{"@type":"BreadcrumbList","@id":"https:\/\/rivierabarcrawltours.com\/it\/diventa-partner-nuovo\/#breadcrumb","itemListElement":[{"@type":"ListItem","position":1,"name":"Home","item":"https:\/\/rivierabarcrawltours.com\/it\/"},{"@type":"ListItem","position":2,"name":"Diventa partner Nuovo"}]},{"@type":"WebSite","@id":"https:\/\/rivierabarcrawltours.com\/#website","url":"https:\/\/rivierabarcrawltours.com\/","name":"Riviera Bar Crawl Tours","description":"Fun Day &amp; Night Experiences I Tour operator I Guided Tours I Bar Crawls I Food Tours I","publisher":{"@id":"https:\/\/rivierabarcrawltours.com\/#organization"},"potentialAction":[{"@type":"SearchAction","target":{"@type":"EntryPoint","urlTemplate":"https:\/\/rivierabarcrawltours.com\/?s={search_term_string}"},"query-input":{"@type":"PropertyValueSpecification","valueRequired":true,"valueName":"search_term_string"}}],"inLanguage":"it-IT"},{"@type":"Organization","@id":"https:\/\/rivierabarcrawltours.com\/#organization","name":"Riviera Bar Crawl Tours","url":"https:\/\/rivierabarcrawltours.com\/","logo":{"@type":"ImageObject","inLanguage":"it-IT","@id":"https:\/\/rivierabarcrawltours.com\/#\/schema\/logo\/image\/","url":"https:\/\/rivierabarcrawltours.com\/wp-content\/uploads\/2019\/07\/logo.png","contentUrl":"https:\/\/rivierabarcrawltours.com\/wp-content\/uploads\/2019\/07\/logo.png","width":479,"height":453,"caption":"Riviera Bar Crawl Tours"},"image":{"@id":"https:\/\/rivierabarcrawltours.com\/#\/schema\/logo\/image\/"},"sameAs":["https:\/\/www.facebook.com\/RivieraBarCrawltours\/","https:\/\/x.com\/rivierabarcrawl"]}]}},"_links":{"self":[{"href":"https:\/\/rivierabarcrawltours.com\/it\/wp-json\/wp\/v2\/pages\/126780","targetHints":{"allow":["GET"]}}],"collection":[{"href":"https:\/\/rivierabarcrawltours.com\/it\/wp-json\/wp\/v2\/pages"}],"about":[{"href":"https:\/\/rivierabarcrawltours.com\/it\/wp-json\/wp\/v2\/types\/page"}],"author":[{"embeddable":true,"href":"https:\/\/rivierabarcrawltours.com\/it\/wp-json\/wp\/v2\/users\/2"}],"replies":[{"embeddable":true,"href":"https:\/\/rivierabarcrawltours.com\/it\/wp-json\/wp\/v2\/comments?post=126780"}],"version-history":[{"count":2,"href":"https:\/\/rivierabarcrawltours.com\/it\/wp-json\/wp\/v2\/pages\/126780\/revisions"}],"predecessor-version":[{"id":126782,"href":"https:\/\/rivierabarcrawltours.com\/it\/wp-json\/wp\/v2\/pages\/126780\/revisions\/126782"}],"wp:attachment":[{"href":"https:\/\/rivierabarcrawltours.com\/it\/wp-json\/wp\/v2\/media?parent=126780"}],"curies":[{"name":"wp","href":"https:\/\/api.w.org\/{rel}","templated":true}]}}