{"id":126021,"date":"2026-02-16T14:08:27","date_gmt":"2026-02-16T13:08:27","guid":{"rendered":"https:\/\/rivierabarcrawltours.com\/esperienza-di-party-bus\/"},"modified":"2026-02-16T14:08:29","modified_gmt":"2026-02-16T13:08:29","slug":"esperienza-di-party-bus","status":"publish","type":"page","link":"https:\/\/rivierabarcrawltours.com\/it\/esperienza-di-party-bus\/","title":{"rendered":"Esperienza di Party Bus"},"content":{"rendered":"<div class=\"wpb-content-wrapper\"><p>[vc_row][vc_column]<h3>Our Party Bus Tours <\/h3><div class='list_tours'>   <div class=\"concept-listings owl-carousel owl-theme\">\n          <div class=\"style_box\">\n           <div class=\"feature_class st_featured featured\">Featured<\/div>           <div class=\"thumb\">\n               <header class=\"thumb-header st_avatar_fix\">\n                                      <a href=\"https:\/\/rivierabarcrawltours.com\/it\/tour\/party-bus-parigi-francia\/\" class=\"hover-img\">\n                       <img decoding=\"async\" width=\"260\" height=\"190\" src=\"https:\/\/rivierabarcrawltours.com\/wp-content\/uploads\/2022\/03\/party-bus-paris-1-260x190.jpg\" class=\"attachment-260x190x1 size-260x190x1 wp-post-image\" alt=\"party bus paris\" \/>                       <h5 class=\"hover-title hover-hold text-center\">\n                           Party Bus a Parigi e giro dei bar\u00a0                       <\/h5>\n                   <\/a>\n                                  <\/header>\n           <\/div>\n       <\/div>\n   <\/div>\n\n    \n<script type=\"text\/javascript\">\n$(document).ready(function() {\n       $(\".concept-listings\").owlCarousel({\n        margin:20,\n                dots:true,\n        responsiveClass:true,\n        responsive:{\n            0:{\n                items:1,\n                nav:false\n            },\n            600:{\n                items:3,\n                nav:false\n            },\n            1000:{\n                items:4,\n                nav:true\n            }\n        }\n       });\n}); \n\n<\/script>\n\n<style type=\"text\/css\">\n.concept-listings .owl-stage {\n    display: -webkit-box !important;\n    display: -moz-box !important;\n    display: -ms-box !important;\n    display: box !important;\n}\n.concept-listings .owl-dots {\n    margin-top: 10px;\n    text-align: center;\n}\n.concept-listings .owl-dots .owl-dot {\n    display: inline-block;\n    background: 0 0;\n    color: inherit;\n    border: none;\n    padding: 0 !important;\n}\n.concept-listings .owl-dots .owl-dot.active span {\n    background: var(--link-color, #5191FA);\n}\n.concept-listings .owl-dots .owl-dot span {\n    width: 10px;\n    height: 10px;\n    margin: 5px 7px;\n    background: var(--light-grey-color, #EAEEF3);\n    display: block;\n    transition: opacity 0.2s ease;\n    border-radius: 30px;\n}\n.city-tours-custom .feature_class{\n  left: 0 !important;\n}\n.concept-listings .owl-nav {\n    position: absolute;\n    height: 100%;\n    top: 0;\n    width: 100%;\n    z-index: -1;\n}\n.concept-listings .owl-nav button {\n    position: absolute;\n    top: 50%;\n    margin-top: -18px;\n}\n.concept-listings .owl-nav button.owl-next {\n    right: -66px;\n}\n.concept-listings .owl-nav button.owl-prev {\n    left: -66px;\n}\n.concept-listings .owl-nav button.owl-next span {\n    width: 36px;\n    height: 36px;\n    display: block;\n    background: url(https:\/\/rivierabarcrawltours.com\/wp-content\/uploads\/2021\/06\/arrow-right.png) center center no-repeat;\n    background-size: 100% auto;\n    color: transparent;\n}\n.concept-listings .owl-nav button.owl-prev span {\n    width: 36px;\n    height: 36px;\n    display: block;\n    background: url(https:\/\/rivierabarcrawltours.com\/wp-content\/uploads\/2021\/02\/arrow-left.png) center center no-repeat;\n    background-size: 100% auto;\n    color: transparent;\n}\n\n.city-tours-custom .thumb{\n    border: none !important;\n}\n<\/style><\/div>[vc_column_text]<\/p>\n<h1>Che cos&#8217;\u00e8 l&#8217;esperienza di un Party Bus?<\/h1>\n<p>\u00c8 proprio come sembra e la MIGLIORE esperienza di trasporto della tua vita! Il nostro Party Bus Experience \u00e8 il metodo di trasporto perfetto per celebrazioni ed eventi di ogni tipo. Ti sentirai come una celebrit\u00e0 mentre vieni prelevato e trasportato alla destinazione che hai scelto. Il tuo party bus sar\u00e0 composto dal tuo gruppo e dal tuo autista privato. Potrai ballare con la migliore musica da festa con luci da discoteca e non esitare a portare una bottiglia di bollicine per un brindisi. Non c&#8217;\u00e8 niente di meglio! Questa esperienza sar\u00e0 sicuramente un viaggio da ricordare.      <\/p>\n<h2>Come funziona un&#8217;esperienza di party bus a <a href=\"https:\/\/rivierabarcrawltours.com\/it\/city\/europa\/francia\/parigi\/\" target=\"_blank\" rel=\"noopener\">Parigi<\/a> e <a href=\"https:\/\/visitthefrenchriviera.com\/location\/nice\/\" target=\"_blank\" rel=\"noopener\">Nizza<\/a>?<\/h2>\n<p>Il primo passo \u00e8 determinare quante persone parteciperanno alla tua festa\/evento e si uniranno a te nel party bus! Abbiamo party bus per piccoli gruppi di 9 persone, fino a grandi gruppi di 65 persone. Hai pi\u00f9 di 65 persone? Puoi sempre prenotarne pi\u00f9 di uno! Una volta stabilito il numero di persone che parteciperanno al tuo evento, dovrai dirci dove vorrai essere prelevato e riaccompagnato. Il tuo viaggio dura 1 ora? 4 ore? Ci occuperemo di soddisfare le tue esigenze! Naturalmente il costo dipende dalla lunghezza del viaggio. Una volta che ti avremo prelevato, sali a bordo e preparati a vivere la migliore esperienza di trasporto della tua vita! Avremo musica e luci da discoteca per permetterti di sfoggiare i tuoi passi di danza. Vuoi che ti veniamo a prendere alla fine del tuo evento? Possiamo fare anche questo! Fidati di noi, il party bus \u00e8 la soluzione migliore.             <\/p>\n<p><a href=\"https:\/\/rivierabarcrawltours.com\/tour\/party-bus-paris-france\/\" target=\"_blank\" rel=\"noopener\">Party Bus Parigi<\/a><\/p>\n<p>Party Bus Nizza<\/p>\n<p>&nbsp;<\/p>\n<p>[\/vc_column_text][\/vc_column][\/vc_row]<\/p>\n<\/div>","protected":false},"excerpt":{"rendered":"<p>[vc_row][vc_column][vc_column_text] Che cos&#8217;\u00e8 l&#8217;esperienza di un Party Bus? \u00c8 proprio come sembra e la MIGLIORE esperienza di trasporto della tua vita! Il nostro Party Bus Experience \u00e8 il metodo di trasporto perfetto per celebrazioni ed eventi di ogni tipo. Ti sentirai come una celebrit\u00e0 mentre vieni prelevato e trasportato alla destinazione che hai scelto. Il [&hellip;]<\/p>\n","protected":false},"author":2,"featured_media":92468,"parent":0,"menu_order":0,"comment_status":"closed","ping_status":"closed","template":"template-home-modern.php","meta":{"_acf_changed":false,"footnotes":""},"class_list":["post-126021","page","type-page","status-publish","has-post-thumbnail","hentry"],"acf":[],"yoast_head":"<!-- This site is optimized with the Yoast SEO plugin v27.4 - https:\/\/yoast.com\/product\/yoast-seo-wordpress\/ -->\n<title>Esperienza di Party Bus | Riviera Bar Crawl Tours<\/title>\n<meta name=\"description\" content=\"Prenota uno dei nostri party bus per una serata indimenticabile! Sono perfetti per compleanni, feste e altri eventi.\" \/>\n<meta name=\"robots\" content=\"index, follow, max-snippet:-1, max-image-preview:large, max-video-preview:-1\" \/>\n<link rel=\"canonical\" href=\"https:\/\/rivierabarcrawltours.com\/it\/esperienza-di-party-bus\/\" \/>\n<meta property=\"og:locale\" content=\"it_IT\" \/>\n<meta property=\"og:type\" content=\"article\" \/>\n<meta property=\"og:title\" content=\"Esperienza di Party Bus | Riviera Bar Crawl Tours\" \/>\n<meta property=\"og:description\" content=\"Prenota uno dei nostri party bus per una serata indimenticabile! Sono perfetti per compleanni, feste e altri eventi.\" \/>\n<meta property=\"og:url\" content=\"https:\/\/rivierabarcrawltours.com\/it\/esperienza-di-party-bus\/\" \/>\n<meta property=\"og:site_name\" content=\"Riviera Bar Crawl Tours\" \/>\n<meta property=\"article:publisher\" content=\"https:\/\/www.facebook.com\/RivieraBarCrawltours\/\" \/>\n<meta property=\"article:modified_time\" content=\"2026-02-16T13:08:29+00:00\" \/>\n<meta property=\"og:image\" content=\"https:\/\/rivierabarcrawltours.com\/wp-content\/uploads\/2022\/03\/Party-Bus-Experience.jpeg\" \/>\n\t<meta property=\"og:image:width\" content=\"1024\" \/>\n\t<meta property=\"og:image:height\" content=\"684\" \/>\n\t<meta property=\"og:image:type\" content=\"image\/jpeg\" \/>\n<meta name=\"twitter:card\" content=\"summary_large_image\" \/>\n<meta name=\"twitter:site\" content=\"@rivierabarcrawl\" \/>\n<meta name=\"twitter:label1\" content=\"Tempo di lettura stimato\" \/>\n\t<meta name=\"twitter:data1\" content=\"1 minuto\" \/>\n<!-- \/ Yoast SEO plugin. -->","yoast_head_json":{"title":"Esperienza di Party Bus | Riviera Bar Crawl Tours","description":"Prenota uno dei nostri party bus per una serata indimenticabile! Sono perfetti per compleanni, feste e altri eventi.","robots":{"index":"index","follow":"follow","max-snippet":"max-snippet:-1","max-image-preview":"max-image-preview:large","max-video-preview":"max-video-preview:-1"},"canonical":"https:\/\/rivierabarcrawltours.com\/it\/esperienza-di-party-bus\/","og_locale":"it_IT","og_type":"article","og_title":"Esperienza di Party Bus | Riviera Bar Crawl Tours","og_description":"Prenota uno dei nostri party bus per una serata indimenticabile! Sono perfetti per compleanni, feste e altri eventi.","og_url":"https:\/\/rivierabarcrawltours.com\/it\/esperienza-di-party-bus\/","og_site_name":"Riviera Bar Crawl Tours","article_publisher":"https:\/\/www.facebook.com\/RivieraBarCrawltours\/","article_modified_time":"2026-02-16T13:08:29+00:00","og_image":[{"width":1024,"height":684,"url":"https:\/\/rivierabarcrawltours.com\/wp-content\/uploads\/2022\/03\/Party-Bus-Experience.jpeg","type":"image\/jpeg"}],"twitter_card":"summary_large_image","twitter_site":"@rivierabarcrawl","twitter_misc":{"Tempo di lettura stimato":"1 minuto"},"schema":{"@context":"https:\/\/schema.org","@graph":[{"@type":"WebPage","@id":"https:\/\/rivierabarcrawltours.com\/it\/esperienza-di-party-bus\/","url":"https:\/\/rivierabarcrawltours.com\/it\/esperienza-di-party-bus\/","name":"Esperienza di Party Bus | Riviera Bar Crawl Tours","isPartOf":{"@id":"https:\/\/rivierabarcrawltours.com\/#website"},"primaryImageOfPage":{"@id":"https:\/\/rivierabarcrawltours.com\/it\/esperienza-di-party-bus\/#primaryimage"},"image":{"@id":"https:\/\/rivierabarcrawltours.com\/it\/esperienza-di-party-bus\/#primaryimage"},"thumbnailUrl":"https:\/\/rivierabarcrawltours.com\/wp-content\/uploads\/2022\/03\/Party-Bus-Experience.jpeg","datePublished":"2026-02-16T13:08:27+00:00","dateModified":"2026-02-16T13:08:29+00:00","description":"Prenota uno dei nostri party bus per una serata indimenticabile! Sono perfetti per compleanni, feste e altri eventi.","breadcrumb":{"@id":"https:\/\/rivierabarcrawltours.com\/it\/esperienza-di-party-bus\/#breadcrumb"},"inLanguage":"it-IT","potentialAction":[{"@type":"ReadAction","target":["https:\/\/rivierabarcrawltours.com\/it\/esperienza-di-party-bus\/"]}]},{"@type":"ImageObject","inLanguage":"it-IT","@id":"https:\/\/rivierabarcrawltours.com\/it\/esperienza-di-party-bus\/#primaryimage","url":"https:\/\/rivierabarcrawltours.com\/wp-content\/uploads\/2022\/03\/Party-Bus-Experience.jpeg","contentUrl":"https:\/\/rivierabarcrawltours.com\/wp-content\/uploads\/2022\/03\/Party-Bus-Experience.jpeg","width":1024,"height":684,"caption":"Proprietario: ajpscs"},{"@type":"BreadcrumbList","@id":"https:\/\/rivierabarcrawltours.com\/it\/esperienza-di-party-bus\/#breadcrumb","itemListElement":[{"@type":"ListItem","position":1,"name":"Home","item":"https:\/\/rivierabarcrawltours.com\/it\/"},{"@type":"ListItem","position":2,"name":"Esperienza di Party Bus"}]},{"@type":"WebSite","@id":"https:\/\/rivierabarcrawltours.com\/#website","url":"https:\/\/rivierabarcrawltours.com\/","name":"Riviera Bar Crawl Tours","description":"Fun Day &amp; Night Experiences I Tour operator I Guided Tours I Bar Crawls I Food Tours I","publisher":{"@id":"https:\/\/rivierabarcrawltours.com\/#organization"},"potentialAction":[{"@type":"SearchAction","target":{"@type":"EntryPoint","urlTemplate":"https:\/\/rivierabarcrawltours.com\/?s={search_term_string}"},"query-input":{"@type":"PropertyValueSpecification","valueRequired":true,"valueName":"search_term_string"}}],"inLanguage":"it-IT"},{"@type":"Organization","@id":"https:\/\/rivierabarcrawltours.com\/#organization","name":"Riviera Bar Crawl Tours","url":"https:\/\/rivierabarcrawltours.com\/","logo":{"@type":"ImageObject","inLanguage":"it-IT","@id":"https:\/\/rivierabarcrawltours.com\/#\/schema\/logo\/image\/","url":"https:\/\/rivierabarcrawltours.com\/wp-content\/uploads\/2019\/07\/logo.png","contentUrl":"https:\/\/rivierabarcrawltours.com\/wp-content\/uploads\/2019\/07\/logo.png","width":479,"height":453,"caption":"Riviera Bar Crawl Tours"},"image":{"@id":"https:\/\/rivierabarcrawltours.com\/#\/schema\/logo\/image\/"},"sameAs":["https:\/\/www.facebook.com\/RivieraBarCrawltours\/","https:\/\/x.com\/rivierabarcrawl"]}]}},"_links":{"self":[{"href":"https:\/\/rivierabarcrawltours.com\/it\/wp-json\/wp\/v2\/pages\/126021","targetHints":{"allow":["GET"]}}],"collection":[{"href":"https:\/\/rivierabarcrawltours.com\/it\/wp-json\/wp\/v2\/pages"}],"about":[{"href":"https:\/\/rivierabarcrawltours.com\/it\/wp-json\/wp\/v2\/types\/page"}],"author":[{"embeddable":true,"href":"https:\/\/rivierabarcrawltours.com\/it\/wp-json\/wp\/v2\/users\/2"}],"replies":[{"embeddable":true,"href":"https:\/\/rivierabarcrawltours.com\/it\/wp-json\/wp\/v2\/comments?post=126021"}],"version-history":[{"count":4,"href":"https:\/\/rivierabarcrawltours.com\/it\/wp-json\/wp\/v2\/pages\/126021\/revisions"}],"predecessor-version":[{"id":126025,"href":"https:\/\/rivierabarcrawltours.com\/it\/wp-json\/wp\/v2\/pages\/126021\/revisions\/126025"}],"wp:featuredmedia":[{"embeddable":true,"href":"https:\/\/rivierabarcrawltours.com\/it\/wp-json\/wp\/v2\/media\/92468"}],"wp:attachment":[{"href":"https:\/\/rivierabarcrawltours.com\/it\/wp-json\/wp\/v2\/media?parent=126021"}],"curies":[{"name":"wp","href":"https:\/\/api.w.org\/{rel}","templated":true}]}}