{"id":122976,"date":"2026-01-23T14:48:27","date_gmt":"2026-01-23T13:48:27","guid":{"rendered":"https:\/\/rivierabarcrawltours.com\/bar-di-halloween\/"},"modified":"2026-02-17T09:44:28","modified_gmt":"2026-02-17T08:44:28","slug":"bar-di-halloween","status":"publish","type":"page","link":"https:\/\/rivierabarcrawltours.com\/it\/bar-di-halloween\/","title":{"rendered":"Bar di Halloween"},"content":{"rendered":"<div class=\"wpb-content-wrapper\"><p>[vc_row css=&#8221;.vc_custom_1612431259800{margin-top: 40px !important;}&#8221;][vc_column][vc_column_text css=&#8221;&#8221;]<\/p>\n<h1><strong>Halloween Bar Crawl (2026) &#8211; Grande festa, nuovi amici, zero stress<\/strong><\/h1>\n<p>[\/vc_column_text][vc_column_text css=&#8221;&#8221;]<\/p>\n<h2>Halloween Bar Crawl in Francia &#8211; Costumi indossati, modalit\u00e0 notturna attivata<\/h2>\n<p>Stai cercando il <strong>miglior bar crawl di Halloween in Francia<\/strong>? Questa \u00e8 la scusa per fare il botto: costumi, grande energia sociale e una serata che scorre davvero. Invece di sprecare Halloween a pensare a dove andare, partecipa a un <strong>Halloween Bar Crawl<\/strong> progettato per mantenere alta l&#8217;atmosfera e facile la logistica.  <\/p>\n<p>Che tu sia in viaggio, con gli amici o da solo, questo \u00e8 un <strong>bar crawl pubblico di gruppo<\/strong> fatto per incontrare persone e festeggiare Halloween in modo divertente.<\/p>\n<h3>Perch\u00e9 partecipare al nostro Halloween Bar Crawl?<\/h3>\n<p><strong>1) Vibrazioni di Halloween allo stato puro &#8211; sociali, rumorose, indimenticabili<\/strong><br \/>\nHalloween \u00e8 pi\u00f9 bello se c&#8217;\u00e8 una folla. Aspettati un&#8217;atmosfera di gruppo vivace in cui \u00e8 facile entrare in contatto, ridere e trasformare una &#8220;semplice serata fuori&#8221; in una vera e propria festa. <\/p>\n<p><strong>2) Niente stress da pianificazione (organizziamo noi la serata)<\/strong><br \/>\nLe notti di Halloween possono essere caotiche: strade affollate, locali pieni, tempo perso a decidere. Noi ci occupiamo della struttura in modo che tu possa dedicare pi\u00f9 tempo alla festa e meno all&#8217;organizzazione. <\/p>\n<p><strong>3) Perfetto per gruppi e viaggiatori<\/strong><br \/>\nVieni con un gruppo? Perfetto. Vieni da solo? Ancora meglio: questo sito \u00e8 costruito per essere sociale, accogliente e facile da raggiungere.   <\/p>\n<h3>Sei preoccupato per la logistica? Non sei solo. <\/h3>\n<ul>\n<li><strong>&#8220;Halloween \u00e8 affollato: ci sar\u00e0 confusione?&#8221;.<\/strong>  Manteniamo un piano chiaro in modo che la notte sia tranquilla.<\/li>\n<li><strong>&#8220;Incontrer\u00f2 davvero delle persone?&#8221;<\/strong>  Questo \u00e8 il punto: si tratta di un&#8217;esperienza di gruppo fatta di vibrazioni sociali.<\/li>\n<li><strong>&#8220;Non voglio passare la notte a prendere decisioni&#8221;.<\/strong>  Non lo farai. Basta che ti presenti pronto. <\/li>\n<\/ul>\n<h2><a href=\"https:\/\/rivierabarcrawltours.com\/it\/contattateci\/\">Prenota il tuo Halloween Bar Crawl in Francia<\/a><\/h2>\n<p>I posti si riempiono rapidamente per Halloween. Inviaci un messaggio per conoscere i dettagli e assicurarti il tuo posto. <\/p>\n<p><strong>WhatsApp \/ Telefono:<\/strong> +33 649 244 407<br \/>\n<strong>Email:<\/strong> <a class=\"not-prose group inline break-all rounded-md px-1 text-sm font-medium text-blue-600 focus-visible:outline-none focus-visible:ring-1 focus-visible:ring-ring dark:text-blue-400 md:text-base\" href=\"mailto:info@rivierabarcrawltours.com\"><span class=\"underline\">info@rivierabarcrawltours.com<\/span><\/a>[\/vc_column_text][\/vc_column][\/vc_row][vc_row][vc_column width=&#8221;1\/4&#8243; el_class=&#8221;main-col&#8221; css=&#8221;.vc_custom_1612431923475{margin-bottom: 20px !important;}&#8221;][vc_column_text css=&#8221;.vc_custom_1770902281515{background-image: url(https:\/\/rivierabarcrawltours.com\/wp-content\/uploads\/2026\/02\/Halloween-bar-crawl-Nice.jpg?id=125320) !important;}&#8221;]<a href=\"https:\/\/rivierabarcrawltours.com\/it\/tour\/serata-halloween-nizza-bar-crawl\/\">Nissa<\/a>[\/vc_column_text][\/vc_column][vc_column width=&#8221;1\/4&#8243; el_class=&#8221;main-col&#8221; css=&#8221;.vc_custom_1612432008756{margin-bottom: 20px !important;}&#8221;][vc_column_text css=&#8221;.vc_custom_1770902372623{background-image: url(https:\/\/rivierabarcrawltours.com\/wp-content\/uploads\/2026\/02\/Halloween-bar-crawl-Paris.jpg?id=125321) !important;}&#8221;]<a href=\"https:\/\/rivierabarcrawltours.com\/it\/tour\/festa-di-halloween-a-parigi-bar-crawl\/\">Parigi<\/a>[\/vc_column_text][\/vc_column][vc_column width=&#8221;1\/4&#8243; el_class=&#8221;main-col&#8221; css=&#8221;.vc_custom_1613118716288{margin-bottom: 20px !important;}&#8221;][vc_column_text css=&#8221;.vc_custom_1770902425652{background-image: url(https:\/\/rivierabarcrawltours.com\/wp-content\/uploads\/2026\/02\/Halloween-bar-crawl-Marseille.jpg?id=125322) !important;}&#8221;]<a href=\"https:\/\/rivierabarcrawltours.com\/it\/tour\/halloween-bar-crawl-party-a-marsiglia-2026\/\">Marsiglia<\/a>[\/vc_column_text][\/vc_column][vc_column width=&#8221;1\/4&#8243; el_class=&#8221;main-col&#8221; css=&#8221;.vc_custom_1612432062266{margin-bottom: 20px !important;}&#8221;][vc_column_text css=&#8221;.vc_custom_1770902461054{background-image: url(https:\/\/rivierabarcrawltours.com\/wp-content\/uploads\/2026\/02\/Halloween-bar-crawl-Milan.jpg?id=125323) !important;}&#8221;]<a href=\"https:\/\/rivierabarcrawltours.com\/it\/tour\/halloween-bar-crawl-party-a-milano-2026\/\">Milano<\/a>[\/vc_column_text][\/vc_column][\/vc_row][vc_row][vc_column width=&#8221;1\/4&#8243; el_class=&#8221;main-col&#8221; css=&#8221;.vc_custom_1612431923475{margin-bottom: 20px !important;}&#8221;][vc_column_text css=&#8221;.vc_custom_1770902498269{background-image: url(https:\/\/rivierabarcrawltours.com\/wp-content\/uploads\/2026\/02\/Halloween-bar-crawl-Lyon.jpg?id=125324) !important;}&#8221;]<a href=\"https:\/\/rivierabarcrawltours.com\/it\/tour\/festa-di-halloween-bar-crawl-a-lione-2026\/\">Lione<\/a>[\/vc_column_text][\/vc_column][vc_column width=&#8221;1\/4&#8243; el_class=&#8221;main-col&#8221; css=&#8221;.vc_custom_1612432008756{margin-bottom: 20px !important;}&#8221;][vc_column_text css=&#8221;.vc_custom_1770902518348{background-image: url(https:\/\/rivierabarcrawltours.com\/wp-content\/uploads\/2026\/02\/Halloween-bar-crawl-Lille.jpg?id=125325) !important;}&#8221;]<a href=\"https:\/\/rivierabarcrawltours.com\/it\/tour\/festa-di-halloween-bar-crawl-a-lille-2026\/\">Lille<\/a>[\/vc_column_text][\/vc_column][vc_column width=&#8221;1\/4&#8243; el_class=&#8221;main-col&#8221; css=&#8221;.vc_custom_1613118716288{margin-bottom: 20px !important;}&#8221;][vc_column_text css=&#8221;.vc_custom_1770902539488{background-image: url(https:\/\/rivierabarcrawltours.com\/wp-content\/uploads\/2026\/02\/Halloween-bar-crawl-Brussels.jpg?id=125326) !important;}&#8221;]<a href=\"https:\/\/rivierabarcrawltours.com\/it\/tour\/halloween-bar-crawl-party-a-bruxelles-2026\/\">Bruxelles<\/a>[\/vc_column_text][\/vc_column][vc_column width=&#8221;1\/4&#8243; el_class=&#8221;main-col&#8221; css=&#8221;.vc_custom_1612432062266{margin-bottom: 20px !important;}&#8221;][vc_column_text css=&#8221;.vc_custom_1770902567102{background-image: url(https:\/\/rivierabarcrawltours.com\/wp-content\/uploads\/2026\/02\/Halloween-bar-crawl-Strasbourg.jpg?id=125327) !important;}&#8221;]<a href=\"https:\/\/rivierabarcrawltours.com\/it\/tour\/halloween-bar-crawl-party-a-strasburgo-2026\/\">Strasburgo<\/a>[\/vc_column_text][\/vc_column][\/vc_row][vc_row][vc_column width=&#8221;1\/4&#8243; el_class=&#8221;main-col&#8221; css=&#8221;.vc_custom_1612432008756{margin-bottom: 20px !important;}&#8221;][vc_column_text css=&#8221;.vc_custom_1770902591754{background-image: url(https:\/\/rivierabarcrawltours.com\/wp-content\/uploads\/2026\/02\/Halloween-bar-crawl-Toulouse.jpg?id=125328) !important;}&#8221;]<a href=\"https:\/\/rivierabarcrawltours.com\/it\/tour\/halloween-bar-crawl-party-a-tolosa-2026\/\">Tolosa<\/a>[\/vc_column_text][\/vc_column][vc_column width=&#8221;1\/4&#8243; el_class=&#8221;main-col&#8221; css=&#8221;.vc_custom_1613118716288{margin-bottom: 20px !important;}&#8221;][vc_column_text css=&#8221;.vc_custom_1770902820001{background-image: url(https:\/\/rivierabarcrawltours.com\/wp-content\/uploads\/2026\/02\/Halloween-bar-crawl-Bordeaux.jpg?id=125329) !important;}&#8221;]<a href=\"https:\/\/rivierabarcrawltours.com\/it\/tour\/festa-di-halloween-in-un-bar-a-bordeaux-2026\/\">Bordeaux<\/a>[\/vc_column_text][\/vc_column][\/vc_row]<\/p>\n<\/div>","protected":false},"excerpt":{"rendered":"<p>[vc_row css=&#8221;.vc_custom_1612431259800{margin-top: 40px !important;}&#8221;][vc_column][vc_column_text css=&#8221;&#8221;] Halloween Bar Crawl (2026) &#8211; Grande festa, nuovi amici, zero stress [\/vc_column_text][vc_column_text css=&#8221;&#8221;] Halloween Bar Crawl in Francia &#8211; Costumi indossati, modalit\u00e0 notturna attivata Stai cercando il miglior bar crawl di Halloween in Francia? Questa \u00e8 la scusa per fare il botto: costumi, grande energia sociale e una serata che [&hellip;]<\/p>\n","protected":false},"author":2,"featured_media":94204,"parent":0,"menu_order":0,"comment_status":"closed","ping_status":"closed","template":"template-home-modern.php","meta":{"_acf_changed":false,"footnotes":""},"class_list":["post-122976","page","type-page","status-publish","has-post-thumbnail","hentry"],"acf":[],"yoast_head":"<!-- This site is optimized with the Yoast SEO plugin v27.4 - https:\/\/yoast.com\/product\/yoast-seo-wordpress\/ -->\n<title>2026 | %<\/title>\n<meta name=\"description\" content=\"Rendi indimenticabile la tua festa di Halloween Bar Crawls 2026 con una serata pianificata piena di energia e di festeggiamenti.\" \/>\n<meta name=\"robots\" content=\"index, follow, max-snippet:-1, max-image-preview:large, max-video-preview:-1\" \/>\n<link rel=\"canonical\" href=\"https:\/\/rivierabarcrawltours.com\/it\/bar-di-halloween\/\" \/>\n<meta property=\"og:locale\" content=\"it_IT\" \/>\n<meta property=\"og:type\" content=\"article\" \/>\n<meta property=\"og:title\" content=\"2026 | %\" \/>\n<meta property=\"og:description\" content=\"Rendi indimenticabile la tua festa di Halloween Bar Crawls 2026 con una serata pianificata piena di energia e di festeggiamenti.\" \/>\n<meta property=\"og:url\" content=\"https:\/\/rivierabarcrawltours.com\/it\/bar-di-halloween\/\" \/>\n<meta property=\"og:site_name\" content=\"Riviera Bar Crawl Tours\" \/>\n<meta property=\"article:publisher\" content=\"https:\/\/www.facebook.com\/RivieraBarCrawltours\/\" \/>\n<meta property=\"article:modified_time\" content=\"2026-02-17T08:44:28+00:00\" \/>\n<meta property=\"og:image\" content=\"https:\/\/rivierabarcrawltours.com\/wp-content\/uploads\/2024\/07\/riviera-pub-crawls-1024x1024.jpg\" \/>\n<meta name=\"twitter:card\" content=\"summary_large_image\" \/>\n<meta name=\"twitter:site\" content=\"@rivierabarcrawl\" \/>\n<meta name=\"twitter:label1\" content=\"Tempo di lettura stimato\" \/>\n\t<meta name=\"twitter:data1\" content=\"3 minuti\" \/>\n<!-- \/ Yoast SEO plugin. -->","yoast_head_json":{"title":"2026 | %","description":"Rendi indimenticabile la tua festa di Halloween Bar Crawls 2026 con una serata pianificata piena di energia e di festeggiamenti.","robots":{"index":"index","follow":"follow","max-snippet":"max-snippet:-1","max-image-preview":"max-image-preview:large","max-video-preview":"max-video-preview:-1"},"canonical":"https:\/\/rivierabarcrawltours.com\/it\/bar-di-halloween\/","og_locale":"it_IT","og_type":"article","og_title":"2026 | %","og_description":"Rendi indimenticabile la tua festa di Halloween Bar Crawls 2026 con una serata pianificata piena di energia e di festeggiamenti.","og_url":"https:\/\/rivierabarcrawltours.com\/it\/bar-di-halloween\/","og_site_name":"Riviera Bar Crawl Tours","article_publisher":"https:\/\/www.facebook.com\/RivieraBarCrawltours\/","article_modified_time":"2026-02-17T08:44:28+00:00","og_image":[{"url":"https:\/\/rivierabarcrawltours.com\/wp-content\/uploads\/2024\/07\/riviera-pub-crawls-1024x1024.jpg","type":"","width":"","height":""}],"twitter_card":"summary_large_image","twitter_site":"@rivierabarcrawl","twitter_misc":{"Tempo di lettura stimato":"3 minuti"},"schema":{"@context":"https:\/\/schema.org","@graph":[{"@type":"WebPage","@id":"https:\/\/rivierabarcrawltours.com\/it\/bar-di-halloween\/","url":"https:\/\/rivierabarcrawltours.com\/it\/bar-di-halloween\/","name":"2026 | %","isPartOf":{"@id":"https:\/\/rivierabarcrawltours.com\/#website"},"primaryImageOfPage":{"@id":"https:\/\/rivierabarcrawltours.com\/it\/bar-di-halloween\/#primaryimage"},"image":{"@id":"https:\/\/rivierabarcrawltours.com\/it\/bar-di-halloween\/#primaryimage"},"thumbnailUrl":"https:\/\/rivierabarcrawltours.com\/wp-content\/uploads\/2021\/12\/halloween-bar-crawl-Nice.jpg","datePublished":"2026-01-23T13:48:27+00:00","dateModified":"2026-02-17T08:44:28+00:00","description":"Rendi indimenticabile la tua festa di Halloween Bar Crawls 2026 con una serata pianificata piena di energia e di festeggiamenti.","breadcrumb":{"@id":"https:\/\/rivierabarcrawltours.com\/it\/bar-di-halloween\/#breadcrumb"},"inLanguage":"it-IT","potentialAction":[{"@type":"ReadAction","target":["https:\/\/rivierabarcrawltours.com\/it\/bar-di-halloween\/"]}]},{"@type":"ImageObject","inLanguage":"it-IT","@id":"https:\/\/rivierabarcrawltours.com\/it\/bar-di-halloween\/#primaryimage","url":"https:\/\/rivierabarcrawltours.com\/wp-content\/uploads\/2021\/12\/halloween-bar-crawl-Nice.jpg","contentUrl":"https:\/\/rivierabarcrawltours.com\/wp-content\/uploads\/2021\/12\/halloween-bar-crawl-Nice.jpg","width":1920,"height":1080,"caption":"gente che baila ad Halloween en Niza"},{"@type":"BreadcrumbList","@id":"https:\/\/rivierabarcrawltours.com\/it\/bar-di-halloween\/#breadcrumb","itemListElement":[{"@type":"ListItem","position":1,"name":"Home","item":"https:\/\/rivierabarcrawltours.com\/it\/"},{"@type":"ListItem","position":2,"name":"Bar di Halloween"}]},{"@type":"WebSite","@id":"https:\/\/rivierabarcrawltours.com\/#website","url":"https:\/\/rivierabarcrawltours.com\/","name":"Riviera Bar Crawl Tours","description":"Fun Day &amp; Night Experiences I Tour operator I Guided Tours I Bar Crawls I Food Tours I","publisher":{"@id":"https:\/\/rivierabarcrawltours.com\/#organization"},"potentialAction":[{"@type":"SearchAction","target":{"@type":"EntryPoint","urlTemplate":"https:\/\/rivierabarcrawltours.com\/?s={search_term_string}"},"query-input":{"@type":"PropertyValueSpecification","valueRequired":true,"valueName":"search_term_string"}}],"inLanguage":"it-IT"},{"@type":"Organization","@id":"https:\/\/rivierabarcrawltours.com\/#organization","name":"Riviera Bar Crawl Tours","url":"https:\/\/rivierabarcrawltours.com\/","logo":{"@type":"ImageObject","inLanguage":"it-IT","@id":"https:\/\/rivierabarcrawltours.com\/#\/schema\/logo\/image\/","url":"https:\/\/rivierabarcrawltours.com\/wp-content\/uploads\/2019\/07\/logo.png","contentUrl":"https:\/\/rivierabarcrawltours.com\/wp-content\/uploads\/2019\/07\/logo.png","width":479,"height":453,"caption":"Riviera Bar Crawl Tours"},"image":{"@id":"https:\/\/rivierabarcrawltours.com\/#\/schema\/logo\/image\/"},"sameAs":["https:\/\/www.facebook.com\/RivieraBarCrawltours\/","https:\/\/x.com\/rivierabarcrawl"]}]}},"_links":{"self":[{"href":"https:\/\/rivierabarcrawltours.com\/it\/wp-json\/wp\/v2\/pages\/122976","targetHints":{"allow":["GET"]}}],"collection":[{"href":"https:\/\/rivierabarcrawltours.com\/it\/wp-json\/wp\/v2\/pages"}],"about":[{"href":"https:\/\/rivierabarcrawltours.com\/it\/wp-json\/wp\/v2\/types\/page"}],"author":[{"embeddable":true,"href":"https:\/\/rivierabarcrawltours.com\/it\/wp-json\/wp\/v2\/users\/2"}],"replies":[{"embeddable":true,"href":"https:\/\/rivierabarcrawltours.com\/it\/wp-json\/wp\/v2\/comments?post=122976"}],"version-history":[{"count":20,"href":"https:\/\/rivierabarcrawltours.com\/it\/wp-json\/wp\/v2\/pages\/122976\/revisions"}],"predecessor-version":[{"id":126659,"href":"https:\/\/rivierabarcrawltours.com\/it\/wp-json\/wp\/v2\/pages\/122976\/revisions\/126659"}],"wp:featuredmedia":[{"embeddable":true,"href":"https:\/\/rivierabarcrawltours.com\/it\/wp-json\/wp\/v2\/media\/94204"}],"wp:attachment":[{"href":"https:\/\/rivierabarcrawltours.com\/it\/wp-json\/wp\/v2\/media?parent=122976"}],"curies":[{"name":"wp","href":"https:\/\/api.w.org\/{rel}","templated":true}]}}