{"id":80172,"date":"2021-12-02T17:43:42","date_gmt":"2021-12-02T16:43:42","guid":{"rendered":"https:\/\/rivierabarcrawltours.com\/canyoning\/"},"modified":"2021-12-16T10:05:00","modified_gmt":"2021-12-16T09:05:00","slug":"canyoning","status":"publish","type":"page","link":"https:\/\/rivierabarcrawltours.com\/fr\/canyoning\/","title":{"rendered":"Canyoning"},"content":{"rendered":"<div class=\"wpb-content-wrapper\"><p>[vc_row][vc_column]<hCanyoning \u00e0 Nice style='font-weight: bold; color: white ;text-align:center'>Canyoning<\/hCanyoning \u00e0 Nice>[\/vc_column][vc_column]<div class='list_tours'>   <div class=\"concept-listings owl-carousel owl-theme\">\n          <div class=\"style_box\">\n           <div class=\"feature_class st_featured featured\">Featured<\/div>           <div class=\"thumb\">\n               <header class=\"thumb-header st_avatar_fix\">\n                                      <a href=\"https:\/\/rivierabarcrawltours.com\/fr\/tour\/canyoning-a-nice\/\" class=\"hover-img\">\n                       <img loading=\"lazy\" decoding=\"async\" width=\"260\" height=\"190\" src=\"https:\/\/rivierabarcrawltours.com\/wp-content\/uploads\/2020\/12\/canyoning-nice-260x190.jpg\" class=\"attachment-260x190x1 size-260x190x1 wp-post-image\" alt=\"canyoning nice\" \/>                       <h5 class=\"hover-title hover-hold text-center\">\n                           Canyoning \u00e0 Nice                       <\/h5>\n                   <\/a>\n                                  <\/header>\n           <\/div>\n       <\/div>\n   <\/div>\n\n    \n<script type=\"text\/javascript\">\n$(document).ready(function() {\n       $(\".concept-listings\").owlCarousel({\n        margin:20,\n                dots:true,\n        responsiveClass:true,\n        responsive:{\n            0:{\n                items:1,\n                nav:false\n            },\n            600:{\n                items:3,\n                nav:false\n            },\n            1000:{\n                items:4,\n                nav:true\n            }\n        }\n       });\n}); \n\n<\/script>\n\n<style type=\"text\/css\">\n.concept-listings .owl-stage {\n    display: -webkit-box !important;\n    display: -moz-box !important;\n    display: -ms-box !important;\n    display: box !important;\n}\n.concept-listings .owl-dots {\n    margin-top: 10px;\n    text-align: center;\n}\n.concept-listings .owl-dots .owl-dot {\n    display: inline-block;\n    background: 0 0;\n    color: inherit;\n    border: none;\n    padding: 0 !important;\n}\n.concept-listings .owl-dots .owl-dot.active span {\n    background: var(--link-color, #5191FA);\n}\n.concept-listings .owl-dots .owl-dot span {\n    width: 10px;\n    height: 10px;\n    margin: 5px 7px;\n    background: var(--light-grey-color, #EAEEF3);\n    display: block;\n    transition: opacity 0.2s ease;\n    border-radius: 30px;\n}\n.city-tours-custom .feature_class{\n  left: 0 !important;\n}\n.concept-listings .owl-nav {\n    position: absolute;\n    height: 100%;\n    top: 0;\n    width: 100%;\n    z-index: -1;\n}\n.concept-listings .owl-nav button {\n    position: absolute;\n    top: 50%;\n    margin-top: -18px;\n}\n.concept-listings .owl-nav button.owl-next {\n    right: -66px;\n}\n.concept-listings .owl-nav button.owl-prev {\n    left: -66px;\n}\n.concept-listings .owl-nav button.owl-next span {\n    width: 36px;\n    height: 36px;\n    display: block;\n    background: url(https:\/\/rivierabarcrawltours.com\/wp-content\/uploads\/2021\/06\/arrow-right.png) center center no-repeat;\n    background-size: 100% auto;\n    color: transparent;\n}\n.concept-listings .owl-nav button.owl-prev span {\n    width: 36px;\n    height: 36px;\n    display: block;\n    background: url(https:\/\/rivierabarcrawltours.com\/wp-content\/uploads\/2021\/02\/arrow-left.png) center center no-repeat;\n    background-size: 100% auto;\n    color: transparent;\n}\n\n.city-tours-custom .thumb{\n    border: none !important;\n}\n<\/style><\/div>[\/vc_column][vc_column][vc_column_text]<\/p>\n<h2>A propos du Canyoning<\/h2>\n<h3><strong>Qu&rsquo;est-ce qu&rsquo;une exp\u00e9rience de canyoning ?<\/strong><\/h3>\n<p>Le canyoning est l&rsquo;un des sports d&rsquo;aventure qui se d\u00e9veloppe le plus rapidement sur la plan\u00e8te et un vrai frisson.<\/p>\n<p>Le canyoning est pass\u00e9 d&rsquo;une activit\u00e9 estivale peu commune \u00e0 une activit\u00e9 qui de pratique toute l&rsquo;ann\u00e9e en quelques temps seulement.<\/p>\n<p>Si vous aimez les activit\u00e9s de plein air, vous appr\u00e9cierez sans aucun doute cette exp\u00e9rience. Vous porterez des combinaisons de plong\u00e9e pour explorer des ruisseaux, des canyons et d&rsquo;autres zones sauvages \u00e9tonnantes qui sont g\u00e9n\u00e9ralement consid\u00e9r\u00e9es comme inaccessibles.<\/p>\n<p>Certaines personnes le font par pure excitation, tandis que d&rsquo;autres le font parce qu&rsquo;elles veulent d\u00e9couvrir ces r\u00e9gions magnifiques et acc\u00e9der \u00e0 d&rsquo;immenses gorges que la plupart des gens ne voient jamais.<\/p>\n<p>Vous pouvez \u00e9galement vous attendre \u00e0 beaucoup de sauts, de marche, de natation et d&rsquo;escalade, c&rsquo;est donc une v\u00e9ritable exp\u00e9rience sportive.<\/p>\n<p>Il faut dire qu&rsquo;une v\u00e9ritable activit\u00e9 de canyoning implique toujours un peu d&rsquo;adr\u00e9naline. Mais si vous aimez l&rsquo;aventure, \u00eates en bonne forme physique et n&rsquo;avez pas peur de la hauteur, le canyoning est une exp\u00e9rience \u00e0 vivre pour vous.<\/p>\n<p>Il existe des types de canyons tr\u00e8s diff\u00e9rents. Certains sont relativement faciles vous permettant de les quitter quand vous le souhaitez avec seulement quelques sauts. Certains canyons sont m\u00eame id\u00e9aux pour les enfants. Cependant, d&rsquo;autres canyons mettent des jours \u00e0 \u00eatre escalad\u00e9s et contiennent d&rsquo;\u00e9normes cascades.<\/p>\n<p>Quoi qu&rsquo;il en soit, que vous sautiez d&rsquo;une cascade ou que vous glissiez dans une eau claire, le plaisir est garanti !<\/p>\n<h3><strong>Que signifie Canyon ?<\/strong><\/h3>\n<p>Canyon est un terme espagnol qui a le m\u00eame sens. En Am\u00e9rique du Nord, le nom \u00ab canyon \u00bb est couramment utilis\u00e9, mais en Europe et en Oc\u00e9anie, les termes \u00ab gorge \u00bb et \u00ab ravin \u00bb sont plus fr\u00e9quemment utilis\u00e9s.<\/p>\n<p>Dictionary.com se r\u00e9f\u00e8re \u00e0 un canyon comme \u00ab une vall\u00e9e profonde avec des c\u00f4t\u00e9s escarp\u00e9es et un ruisseau qui la traverse \u00bb.<\/p>\n<p>Selon le dictionnaire Cambridge, le mot Canyoning est d\u00e9fini comme \u00abun sport qui consiste \u00e0 sauter dans un ruisseau de montagne qui coule tr\u00e8s vite et \u00e0 \u00eatre transport\u00e9 dans le ruisseau pendant que vous flottez sur le dos\u00bb.<\/p>\n<p>Fondamentalement, le canyoning (ou canyoning) est un sport d&rsquo;aventure en plein air qui combine la randonn\u00e9e, l&rsquo;escalade, la natation et\/ou la descente en rappel pour traverser un canyon ou une gorge. Il suit un chemin d&rsquo;eau form\u00e9 de rochers pour explorer les zones sinueuses d&rsquo;un environnement naturel.<\/p>\n<p>Les participants au canyoning glissent, sautent et descendent dans le canyon, utilisant souvent des \u00e9quipements techniques pour parcourir les chemins \u00e0 travers les ruisseaux, les piscines et les cascades.<\/p>\n<p>&nbsp;<\/p>\n<h3><strong>Comment fonctionne le Canyoning ?<\/strong><\/h3>\n<p>Une randonn\u00e9e est g\u00e9n\u00e9ralement n\u00e9cessaire pour atteindre un canyon. Cela peut \u00eatre aussi long ou aussi court que le trekking. Le niveau de difficult\u00e9 sera d\u00e9termin\u00e9 par la position du canyon dans le paysage et sa proximit\u00e9 avec les autoroutes.<\/p>\n<p>Vous enfilez une combinaison A votre arriv\u00e9e. Dans l&rsquo;eau froide, les combinaisons vous gardent au chaud. Cela peut \u00eatre nocif si vous n&rsquo;en avez pas car vous risquez l&rsquo;hypothermie. Il existe \u00e9galement des canyons secs, bien que la plupart des canyons du monde contiennent de l&rsquo;eau.<\/p>\n<p>Vous aurez \u00e9galement besoin d&rsquo;un harnais, d&rsquo;un casque et d&rsquo;une corde pour rester en s\u00e9curit\u00e9. Les cordes de rappel sont utilis\u00e9es pour descendre les cascades et les falaises. Une fois que vous avez commenc\u00e9, c&rsquo;est votre m\u00e9thode pour sortir. Pour terminer un canyon, vous devez atteindre la fin, c&rsquo;est-\u00e0-dire le moment o\u00f9 le canyon rouvre. Les canyons sont g\u00e9n\u00e9ralement des voyages \u00e0 sens unique.<\/p>\n<p>Au cours d&rsquo;une excursion de canyoning, vous sauterez autour des rochers, pataugerez, nagerez et effectuerez de br\u00e8ves escalades sur les parties rocheuses du canyon. Ensuite, vous descendrez en rappel. Au d\u00e9but, cela peut \u00eatre effrayant, mais vous surmonterez rapidement vos peurs car l&rsquo;adr\u00e9naline monte. Tant que vous faites attention, utilisez les bonnes techniques et restez avec des personnes plus exp\u00e9riment\u00e9es jusqu&rsquo;\u00e0 ce que vous compreniez ce que vous faites, tout ira bien !<\/p>\n<p>Mieux encore, c&rsquo;est une activit\u00e9 que tout le monde peut pratiquer. A condition d&rsquo;\u00eatre en bonne forme physique et de ne pas avoir peur du vertige. Il y a des canyons faciles pour les d\u00e9butants et m\u00eame les enfants. Si vous \u00eates plus avanc\u00e9, vous pouvez essayer des gorges plus difficiles avec des cascades massives. Quelle que soit la gorge que vous escaladez, le plaisir est garanti.<\/p>\n<h3><strong>Quel \u00e9quipement est n\u00e9cessaire pour une exp\u00e9rience Canyoning ? <\/strong><\/h3>\n<p>Si vous r\u00e9servez un tour de canyoning, ce qui est fortement recommand\u00e9 lorsque vous le faites pour la premi\u00e8re fois, la plupart des \u00e9quipements seront offerts par l&rsquo;agence de voyage et sont inclus dans le prix. Si vous essayez de vous d\u00e9brouiller seul, sans professionnels, vous aurez besoin des \u00e9l\u00e9ments suivants :<\/p>\n<p><strong>Combinaison de plong\u00e9e<\/strong> &#8211; La combinaison de plong\u00e9e est la cl\u00e9 de vo\u00fbte d&rsquo;une exp\u00e9rience de canyoning en toute s\u00e9curit\u00e9. Vous ne pouvez pas le faire sans. L&rsquo;eau dans les canyons est g\u00e9n\u00e9ralement assez froide et la combinaison vous garde au chaud et soutient votre flux. Plus important encore, il vous prot\u00e8ge \u00e9galement lorsque vous frappez un rocher.<\/p>\n<p><strong>Casque <\/strong>&#8211; Entrer dans ces eaux sans prot\u00e9ger la t\u00eate met la vie en danger. La vitesse de l&rsquo;eau peut \u00eatre tr\u00e8s dangereuse et il est courant de glisser et de tomber. Cependant, avec un casque solide, votre t\u00eate est bien prot\u00e9g\u00e9e des blessures.<\/p>\n<p><strong>Chaussures de canyoning<\/strong> &#8211; Des chaussures solides et adh\u00e9rentes font partie des \u00e9l\u00e9ments les plus importants en termes de s\u00e9curit\u00e9 lors du canyoning. Si vous ne voulez pas d\u00e9penser trop d&rsquo;argent pour des chaussures de canyoning de haute qualit\u00e9, les vieilles chaussures de course sont \u00e9galement bonnes si elles ont toujours une bonne adh\u00e9rence et beaucoup d&rsquo;amorti autour du pied.<\/p>\n<p><strong>Corde statique<\/strong> &#8211; La descente en rappel n\u00e9cessite l&rsquo;utilisation d&rsquo;une corde statique. Les cordes doivent \u00eatre durables, solides et r\u00e9sistantes \u00e0 l&rsquo;eau. Vous devez vous assurer que la longueur de corde dont vous disposez est adapt\u00e9e aux d\u00e9fis de votre canyon. Si vous partez sans guide expert, assurez-vous de savoir comment l&rsquo;utiliser !<\/p>\n<p><strong>Sac(s) de corde de canyoning<\/strong> &#8211; Un sac de corde \u00e9tanche et drainable facilite le transport de vos cordes tout en vous permettant de grimper, nager et explorer en toute s\u00e9curit\u00e9 avec les mains libres.<\/p>\n<p><strong>Dispositif de descente<\/strong> &#8211; Un syst\u00e8me d&rsquo;assurage de descente est une autre caract\u00e9ristique de s\u00e9curit\u00e9 importante. Ceci est utilis\u00e9 comme un frein \u00e0 l&rsquo;\u00e9rosion pour vous aider \u00e0 g\u00e9rer efficacement et en toute s\u00e9curit\u00e9 votre chute lors de la descente en rappel.<\/p>\n<p><strong>Harnais d&rsquo;escalade<\/strong> : pour la descente en rappel ou l&rsquo;escalade, ce relais doit \u00eatre port\u00e9 de mani\u00e8re coh\u00e9rente et attach\u00e9 \u00e0 une corde.<\/p>\n<p><strong>R\u00e9cipient \u00e9tanche avec kit de traitement d&rsquo;urgence<\/strong> &#8211; pour unit\u00e9 d&rsquo;aide m\u00e9dicale, t\u00e9l\u00e9phone et autres articles de s\u00e9curit\u00e9 de base qui s&rsquo;ins\u00e8rent dans votre sac de corde.<\/p>\n<p><strong>Couteau<\/strong> : pour toutes les exp\u00e9ditions de canyoning, un couteau de canyoning adapt\u00e9 \u00e0 l&rsquo;eau est un outil de s\u00e9curit\u00e9 indispensable.<\/p>\n<p><strong>Sangles, mousquetons et assurage<\/strong> : sachez de quels dispositifs d&rsquo;assurage et de s\u00e9curit\u00e9 vous aurez besoin pour votre gorge et ayez toujours quelques sangles et mousquetons suppl\u00e9mentaires.<\/p>\n<p><strong>C\u00e9l\u00e8bres destinations de Canyoning en France ? <\/strong><\/p>\n<p>Chaque \u00e9t\u00e9, les gens sont impatients d&rsquo;essayer de nouvelles activit\u00e9s nautiques telles que le rafting, le cano\u00eb et le canotage. Le canyoning s&rsquo;est d\u00e9velopp\u00e9 petit \u00e0 petit comme une activit\u00e9 incontournable. Le canyoning est un excellent moyen de passer du temps en famille ou entre amis tout en s&rsquo;amusant ! Si vous n&rsquo;avez jamais fait de canyoning auparavant et que vous ne disposez pas du mat\u00e9riel n\u00e9cessaire, nous vous recommandons de programmer une sortie canyoning accompagn\u00e9e.<\/p>\n<p>Quoi qu&rsquo;il en soit, si vous \u00eates en France, vous avez le choix entre plusieurs destinations de canyoning populaires :<\/p>\n<p><strong>Gorges de Besorgues et Gorges de Borne (Ard\u00e8che)<\/strong><\/p>\n<p>L&rsquo;Ard\u00e8che et en particulier le Parc Naturel R\u00e9gional des Monts d&rsquo;Ard\u00e8che est \u00e9tonnant pour une premi\u00e8re exp\u00e9rience de canyoning. L&rsquo;ancienne zone volcanique vous enchantera par son paysage magique. Les deux canyons sont faciles d&rsquo;acc\u00e8s et parfaits pour les familles car ils sont tr\u00e8s conviviaux pour les d\u00e9butants.<\/p>\n<p><strong>Gorges du Furon et Gorges des Ecouges (Vercors)<\/strong><\/p>\n<p>Les gorges du Furon et les gorges des Ecouges sont deux canyons r\u00e9put\u00e9s dans cet espace naturel. Les canyons sont facilement accessibles depuis Lyon, Grenoble ou Gen\u00e8ve et sont l&rsquo;une des destinations les plus pris\u00e9es pour le canyoning. Surtout pour les d\u00e9butants, ils sont parfaitement adapt\u00e9s.<\/p>\n<p><strong>Les gorges du Piton des Neiges (La R\u00e9union)<\/strong><\/p>\n<p>Une vari\u00e9t\u00e9 de gorges magnifiques peuvent \u00eatre d\u00e9couvertes sur cette belle \u00eele, surtout au centre vers le Piton des Neiges. Encore une fois, les gorges de l&rsquo;\u00eele de la R\u00e9union sont des gorges faciles, bien adapt\u00e9es aux d\u00e9butants.<\/p>\n<p><strong>Canyon de Llech, Canyon du Taurinya et Canyon du Cady : Pyr\u00e9n\u00e9es.<\/strong><\/p>\n<p>Les Pyr\u00e9n\u00e9es sont appr\u00e9ci\u00e9es pour leurs pistes de ski, mais les amateurs de canyoning y affluent \u00e9galement. Le Llech est incontestablement l&rsquo;un des parcours de canyoning les plus passionnants de France. Toboggans aquatiques, descentes \u00e0 sensations, panorama unique. Cependant, les accros du canyoning aimeront les gorges de Taurinya, qui conviennent \u00e0 un niveau de difficult\u00e9 interm\u00e9diaire.<\/p>\n<p><strong>Les Gorges du Verdon (Verdon)<\/strong><\/p>\n<p>Le Verdon, connu pour ses gorges, est un endroit id\u00e9al pour le canyoning en France. Ses paysages luxuriants et ses mers d&rsquo;un bleu profond sont le symbole du territoire et ne cessent d&rsquo;\u00e9tonner. Les amateurs de canyoning adorent profiter des gorges du Verdon, l&rsquo;une des plus profondes d&rsquo;Europe, pour d\u00e9couvrir des chemins incroyables. Les passages du canyoning sont taill\u00e9s dans le calcaire par Dame Nature. Les Gorges du Verdon sont parfaites pour tous les niveaux, que vous soyez un expert ou un d\u00e9butant.<\/p>\n<p>Le canyoning devient une activit\u00e9 de plus en plus populaire en France. Vivez cette aventure pleine de sensations intenses et de moments incroyables garantis, seul ou lors d&rsquo;une visite guid\u00e9e avec des professionnels.<\/p>\n<p>[\/vc_column_text][\/vc_column][\/vc_row]<\/p>\n<\/div>","protected":false},"excerpt":{"rendered":"<p>[vc_row][vc_column][\/vc_column][vc_column][\/vc_column][vc_column][vc_column_text] A propos du Canyoning Qu&rsquo;est-ce qu&rsquo;une exp\u00e9rience de canyoning ? Le canyoning est l&rsquo;un des sports d&rsquo;aventure qui se d\u00e9veloppe le plus rapidement sur la plan\u00e8te et un vrai frisson. Le canyoning est pass\u00e9 d&rsquo;une activit\u00e9 estivale peu commune \u00e0 une activit\u00e9 qui de pratique toute l&rsquo;ann\u00e9e en quelques temps seulement. Si vous aimez [&hellip;]<\/p>\n","protected":false},"author":2,"featured_media":33538,"parent":0,"menu_order":0,"comment_status":"closed","ping_status":"closed","template":"template-home-modern.php","meta":{"_acf_changed":false,"footnotes":""},"class_list":["post-80172","page","type-page","status-publish","has-post-thumbnail","hentry"],"acf":[],"yoast_head":"<!-- This site is optimized with the Yoast SEO plugin v27.5 - https:\/\/yoast.com\/product\/yoast-seo-wordpress\/ -->\n<title>Canyoning Experience French Riviera | Riviera Bar Crawl Tours<\/title>\n<meta name=\"description\" content=\"Le canyoning devient une activit\u00e9 de plus en plus populaire en France. Vivez cette aventure pleine de sensations intenses lors d&#039;une visite guid\u00e9e avec des professionnels\" \/>\n<meta name=\"robots\" content=\"index, follow, max-snippet:-1, max-image-preview:large, max-video-preview:-1\" \/>\n<link rel=\"canonical\" href=\"https:\/\/rivierabarcrawltours.com\/fr\/canyoning\/\" \/>\n<meta property=\"og:locale\" content=\"fr_FR\" \/>\n<meta property=\"og:type\" content=\"article\" \/>\n<meta property=\"og:title\" content=\"Canyoning Experience French Riviera | Riviera Bar Crawl Tours\" \/>\n<meta property=\"og:description\" content=\"Le canyoning devient une activit\u00e9 de plus en plus populaire en France. Vivez cette aventure pleine de sensations intenses lors d&#039;une visite guid\u00e9e avec des professionnels\" \/>\n<meta property=\"og:url\" content=\"https:\/\/rivierabarcrawltours.com\/fr\/canyoning\/\" \/>\n<meta property=\"og:site_name\" content=\"Riviera Bar Crawl Tours\" \/>\n<meta property=\"article:publisher\" content=\"https:\/\/www.facebook.com\/RivieraBarCrawltours\/\" \/>\n<meta property=\"article:modified_time\" content=\"2021-12-16T09:05:00+00:00\" \/>\n<meta name=\"twitter:card\" content=\"summary_large_image\" \/>\n<meta name=\"twitter:image\" content=\"https:\/\/rivierabarcrawltours.com\/wp-content\/uploads\/2018\/11\/nice-cote-azur-canyoning.jpg\" \/>\n<meta name=\"twitter:site\" content=\"@rivierabarcrawl\" \/>\n<meta name=\"twitter:label1\" content=\"Dur\u00e9e de lecture estim\u00e9e\" \/>\n\t<meta name=\"twitter:data1\" content=\"9 minutes\" \/>\n<!-- \/ Yoast SEO plugin. -->","yoast_head_json":{"title":"Canyoning Experience French Riviera | Riviera Bar Crawl Tours","description":"Le canyoning devient une activit\u00e9 de plus en plus populaire en France. Vivez cette aventure pleine de sensations intenses lors d'une visite guid\u00e9e avec des professionnels","robots":{"index":"index","follow":"follow","max-snippet":"max-snippet:-1","max-image-preview":"max-image-preview:large","max-video-preview":"max-video-preview:-1"},"canonical":"https:\/\/rivierabarcrawltours.com\/fr\/canyoning\/","og_locale":"fr_FR","og_type":"article","og_title":"Canyoning Experience French Riviera | Riviera Bar Crawl Tours","og_description":"Le canyoning devient une activit\u00e9 de plus en plus populaire en France. Vivez cette aventure pleine de sensations intenses lors d'une visite guid\u00e9e avec des professionnels","og_url":"https:\/\/rivierabarcrawltours.com\/fr\/canyoning\/","og_site_name":"Riviera Bar Crawl Tours","article_publisher":"https:\/\/www.facebook.com\/RivieraBarCrawltours\/","article_modified_time":"2021-12-16T09:05:00+00:00","twitter_card":"summary_large_image","twitter_image":"https:\/\/rivierabarcrawltours.com\/wp-content\/uploads\/2018\/11\/nice-cote-azur-canyoning.jpg","twitter_site":"@rivierabarcrawl","twitter_misc":{"Dur\u00e9e de lecture estim\u00e9e":"9 minutes"},"schema":{"@context":"https:\/\/schema.org","@graph":[{"@type":"WebPage","@id":"https:\/\/rivierabarcrawltours.com\/fr\/canyoning\/","url":"https:\/\/rivierabarcrawltours.com\/fr\/canyoning\/","name":"Canyoning Experience French Riviera | Riviera Bar Crawl Tours","isPartOf":{"@id":"https:\/\/rivierabarcrawltours.com\/#website"},"primaryImageOfPage":{"@id":"https:\/\/rivierabarcrawltours.com\/fr\/canyoning\/#primaryimage"},"image":{"@id":"https:\/\/rivierabarcrawltours.com\/fr\/canyoning\/#primaryimage"},"thumbnailUrl":"https:\/\/rivierabarcrawltours.com\/wp-content\/uploads\/2018\/11\/nice-cote-azur-canyoning.jpg","datePublished":"2021-12-02T16:43:42+00:00","dateModified":"2021-12-16T09:05:00+00:00","description":"Le canyoning devient une activit\u00e9 de plus en plus populaire en France. Vivez cette aventure pleine de sensations intenses lors d'une visite guid\u00e9e avec des professionnels","breadcrumb":{"@id":"https:\/\/rivierabarcrawltours.com\/fr\/canyoning\/#breadcrumb"},"inLanguage":"fr-FR","potentialAction":[{"@type":"ReadAction","target":["https:\/\/rivierabarcrawltours.com\/fr\/canyoning\/"]}]},{"@type":"ImageObject","inLanguage":"fr-FR","@id":"https:\/\/rivierabarcrawltours.com\/fr\/canyoning\/#primaryimage","url":"https:\/\/rivierabarcrawltours.com\/wp-content\/uploads\/2018\/11\/nice-cote-azur-canyoning.jpg","contentUrl":"https:\/\/rivierabarcrawltours.com\/wp-content\/uploads\/2018\/11\/nice-cote-azur-canyoning.jpg","width":1920,"height":1080,"caption":"nice-cote-azur-canyoning"},{"@type":"BreadcrumbList","@id":"https:\/\/rivierabarcrawltours.com\/fr\/canyoning\/#breadcrumb","itemListElement":[{"@type":"ListItem","position":1,"name":"Home","item":"https:\/\/rivierabarcrawltours.com\/fr\/"},{"@type":"ListItem","position":2,"name":"Canyoning"}]},{"@type":"WebSite","@id":"https:\/\/rivierabarcrawltours.com\/#website","url":"https:\/\/rivierabarcrawltours.com\/","name":"Riviera Bar Crawl Tours","description":"Fun Day &amp; Night Experiences I Tour operator I Guided Tours I Bar Crawls I Food Tours I","publisher":{"@id":"https:\/\/rivierabarcrawltours.com\/#organization"},"potentialAction":[{"@type":"SearchAction","target":{"@type":"EntryPoint","urlTemplate":"https:\/\/rivierabarcrawltours.com\/?s={search_term_string}"},"query-input":{"@type":"PropertyValueSpecification","valueRequired":true,"valueName":"search_term_string"}}],"inLanguage":"fr-FR"},{"@type":"Organization","@id":"https:\/\/rivierabarcrawltours.com\/#organization","name":"Riviera Bar Crawl Tours","url":"https:\/\/rivierabarcrawltours.com\/","logo":{"@type":"ImageObject","inLanguage":"fr-FR","@id":"https:\/\/rivierabarcrawltours.com\/#\/schema\/logo\/image\/","url":"https:\/\/rivierabarcrawltours.com\/wp-content\/uploads\/2019\/07\/logo.png","contentUrl":"https:\/\/rivierabarcrawltours.com\/wp-content\/uploads\/2019\/07\/logo.png","width":479,"height":453,"caption":"Riviera Bar Crawl Tours"},"image":{"@id":"https:\/\/rivierabarcrawltours.com\/#\/schema\/logo\/image\/"},"sameAs":["https:\/\/www.facebook.com\/RivieraBarCrawltours\/","https:\/\/x.com\/rivierabarcrawl"]}]}},"_links":{"self":[{"href":"https:\/\/rivierabarcrawltours.com\/fr\/wp-json\/wp\/v2\/pages\/80172","targetHints":{"allow":["GET"]}}],"collection":[{"href":"https:\/\/rivierabarcrawltours.com\/fr\/wp-json\/wp\/v2\/pages"}],"about":[{"href":"https:\/\/rivierabarcrawltours.com\/fr\/wp-json\/wp\/v2\/types\/page"}],"author":[{"embeddable":true,"href":"https:\/\/rivierabarcrawltours.com\/fr\/wp-json\/wp\/v2\/users\/2"}],"replies":[{"embeddable":true,"href":"https:\/\/rivierabarcrawltours.com\/fr\/wp-json\/wp\/v2\/comments?post=80172"}],"version-history":[{"count":5,"href":"https:\/\/rivierabarcrawltours.com\/fr\/wp-json\/wp\/v2\/pages\/80172\/revisions"}],"predecessor-version":[{"id":84255,"href":"https:\/\/rivierabarcrawltours.com\/fr\/wp-json\/wp\/v2\/pages\/80172\/revisions\/84255"}],"wp:featuredmedia":[{"embeddable":true,"href":"https:\/\/rivierabarcrawltours.com\/fr\/wp-json\/wp\/v2\/media\/33538"}],"wp:attachment":[{"href":"https:\/\/rivierabarcrawltours.com\/fr\/wp-json\/wp\/v2\/media?parent=80172"}],"curies":[{"name":"wp","href":"https:\/\/api.w.org\/{rel}","templated":true}]}}