{"id":70937,"date":"2021-03-01T16:25:49","date_gmt":"2021-03-01T15:25:49","guid":{"rendered":"https:\/\/rivierabarcrawltours.com\/partenaires-de-ressellers-riviera-bar-crawl-tours\/"},"modified":"2026-01-09T12:48:22","modified_gmt":"2026-01-09T11:48:22","slug":"partenaires-de-ressellers-riviera-bar-crawl-tours","status":"publish","type":"page","link":"https:\/\/rivierabarcrawltours.com\/fr\/partenaires-de-ressellers-riviera-bar-crawl-tours\/","title":{"rendered":"Programme d&rsquo;affiliation"},"content":{"rendered":"<h1 data-path-to-node=\"3\"><strong>\ud83d\ude80 Le programme d&rsquo;affiliation Riviera Bar Crawl &amp; Tours : Transformez vos clics en argent<\/strong><\/h1>\n<h3 data-path-to-node=\"4\"><strong>Associez-vous aux meilleurs experts en tourisme d&rsquo;Europe et augmentez votre chiffre d&rsquo;affaires<\/strong><\/h3>\n<p data-path-to-node=\"5\">Vous g\u00e9rez un blog de voyage, un site web ou une plateforme sociale \u00e0 succ\u00e8s ? Transformez votre passion pour les voyages et la vie nocturne en une source de revenus lucrative et passive en vous associant \u00e0 Riviera Bar Crawl &amp; Tours. <\/p>\n<p data-path-to-node=\"6\">Nous proposons des exp\u00e9riences inoubliables et tr\u00e8s appr\u00e9ci\u00e9es dans <b>plus de 10 villes europ\u00e9ennes dynamiques, de la<\/b>C\u00f4te d&rsquo;Azur \u00e0 Paris, et maintenant dans les <b style=\"font-family: Raleway, sans-serif;\">principales destinations festives du monde entier <\/b>.Offrez \u00e0 votre public les meilleurs moments de voyage, et soyez bien r\u00e9mun\u00e9r\u00e9 pour cela.<\/p>\n<h3 data-path-to-node=\"8\"><b>\ud83d\udcb0 Pourquoi s&rsquo;associer avec nous ? Des revenus simples et attractifs <\/b><\/h3>\n<ul data-path-to-node=\"9\">\n<li>\n<p data-path-to-node=\"9,0,0\"><b>Commissions comp\u00e9titives :<\/b> Gagnez une commission g\u00e9n\u00e9reuse et clairement d\u00e9finie sur chaque r\u00e9servation confirm\u00e9e effectu\u00e9e par l&rsquo;interm\u00e9diaire de votre plateforme.<\/p>\n<\/li>\n<li>\n<p data-path-to-node=\"9,1,0\"><b>Paiements sans souci :<\/b> Recevez <b>des paiements mensuels<\/b>fiables et ponctuels <b>&#8211; pas de<\/b>frais cach\u00e9s, pas de confusion, juste des revenus clairs et r\u00e9guliers.<\/p>\n<\/li>\n<li>\n<p data-path-to-node=\"9,2,0\"><b>L&rsquo;inscription est GRATUITE :<\/b> Commencez \u00e0 gagner de l&rsquo;argent d\u00e8s aujourd&rsquo;hui <b>sans frais d&rsquo;inscription<\/b> ni engagement \u00e0 long terme.<\/p>\n<\/li>\n<\/ul>\n<h3 data-path-to-node=\"10\"><b>\u2728 Int\u00e9gration transparente et support in\u00e9gal\u00e9<\/b><\/h3>\n<p data-path-to-node=\"11\">Nous facilitons la mise en place, afin que vous puissiez vous concentrer sur la cr\u00e9ation d&rsquo;un contenu de qualit\u00e9.<\/p>\n<ul data-path-to-node=\"12\">\n<li>\n<p data-path-to-node=\"12,0,0\"><b>Une mise en place faite pour vous :<\/b> Notre \u00e9quipe d\u00e9di\u00e9e peut prendre en charge l&rsquo;<b>ensemble de l&rsquo;int\u00e9gration des widgets<\/b> sur votre site, garantissant ainsi une mise en place fluide, esth\u00e9tique et sans effort.<\/p>\n<\/li>\n<li>\n<p data-path-to-node=\"12,1,0\"><b>Personnalis\u00e9s pour votre marque :<\/b> Choisissez parmi une s\u00e9lection de widgets attrayants qui s&rsquo;int\u00e8grent naturellement \u00e0 l&rsquo;esth\u00e9tique de votre site, en pr\u00e9servant l&rsquo;harmonie de votre contenu.<\/p>\n<\/li>\n<li>\n<p data-path-to-node=\"12,2,0\"><b>Optimisation personnalis\u00e9e :<\/b> Recevez des conseils personnalis\u00e9s et des strat\u00e9gies \u00e9prouv\u00e9es de la part de nos experts afin d&rsquo;optimiser le placement des widgets, d&rsquo;<b>augmenter<\/b> significativement <b>vos taux de conversion<\/b> et de maximiser vos profits.<\/p>\n<\/li>\n<\/ul>\n<h3 data-path-to-node=\"13\"><b>\ud83d\udcc8 D\u00e9bloquer la croissance et la transparence<\/b><\/h3>\n<ul data-path-to-node=\"14\">\n<li>\n<p data-path-to-node=\"14,0,0\"><b>Taux de conversion \u00e9lev\u00e9 :<\/b> Faites la promotion de circuits hautement recommand\u00e9s et tr\u00e8s demand\u00e9s (consultez nos avis sur TripAdvisor !) que votre public appr\u00e9ciera vraiment, ce qui se traduira par un taux de conversion des r\u00e9servations plus \u00e9lev\u00e9.<\/p>\n<\/li>\n<li>\n<p data-path-to-node=\"14,1,0\"><b>Support technique d\u00e9di\u00e9 :<\/b> Notre \u00e9quipe technique simplifie l&rsquo;ensemble du processus, faisant de l&rsquo;int\u00e9gration et de la maintenance un jeu d&rsquo;enfant.<\/p>\n<\/li>\n<li>\n<p data-path-to-node=\"14,2,0\"><b>Clart\u00e9 totale :<\/b> B\u00e9n\u00e9ficiez d&rsquo;une transparence totale en mati\u00e8re de rapports et de revenus. Vous saurez toujours exactement ce que vous avez gagn\u00e9. <\/p>\n<\/li>\n<\/ul>\n<h3 data-path-to-node=\"16\"><b>Pr\u00eat \u00e0 augmenter vos revenus ?<\/b><\/h3>\n<p data-path-to-node=\"17\">Ne laissez pas d&rsquo;argent sur la table. Rejoignez le <b>programme d&rsquo;affiliation de Riviera Bar Crawl &amp; Tours<\/b> d\u00e8s maintenant et commencez \u00e0 g\u00e9n\u00e9rer des revenus en connectant vos visiteurs aux meilleures exp\u00e9riences de vie nocturne en Europe ! <\/p>\n","protected":false},"excerpt":{"rendered":"<p>\ud83d\ude80 Le programme d&rsquo;affiliation Riviera Bar Crawl &amp; Tours : Transformez vos clics en argent Associez-vous aux meilleurs experts en tourisme d&rsquo;Europe et augmentez votre chiffre d&rsquo;affaires Vous g\u00e9rez un blog de voyage, un site web ou une plateforme sociale \u00e0 succ\u00e8s ? Transformez votre passion pour les voyages et la vie nocturne en une [&hellip;]<\/p>\n","protected":false},"author":2,"featured_media":111559,"parent":0,"menu_order":0,"comment_status":"closed","ping_status":"closed","template":"template-home-modern.php","meta":{"_acf_changed":false,"footnotes":""},"class_list":["post-70937","page","type-page","status-publish","has-post-thumbnail","hentry"],"acf":[],"yoast_head":"<!-- This site is optimized with the Yoast SEO plugin v27.6 - https:\/\/yoast.com\/product\/yoast-seo-wordpress\/ -->\n<title>Programme d&#039;affiliation - Riviera Bar Crawl Tours<\/title>\n<meta name=\"description\" content=\"Gagnez jusqu&#039;\u00e0 20% de commission en promouvant les meilleurs Bar Crawl et tours \u00e0 travers l&#039;Europe avec Riviera Bar Crawl &amp; Tours.\" \/>\n<meta name=\"robots\" content=\"index, follow, max-snippet:-1, max-image-preview:large, max-video-preview:-1\" \/>\n<link rel=\"canonical\" href=\"https:\/\/rivierabarcrawltours.com\/fr\/partenaires-de-ressellers-riviera-bar-crawl-tours\/\" \/>\n<meta property=\"og:locale\" content=\"fr_FR\" \/>\n<meta property=\"og:type\" content=\"article\" \/>\n<meta property=\"og:title\" content=\"Programme d&#039;affiliation - Riviera Bar Crawl Tours\" \/>\n<meta property=\"og:description\" content=\"Gagnez jusqu&#039;\u00e0 20% de commission en promouvant les meilleurs Bar Crawl et tours \u00e0 travers l&#039;Europe avec Riviera Bar Crawl &amp; Tours.\" \/>\n<meta property=\"og:url\" content=\"https:\/\/rivierabarcrawltours.com\/fr\/partenaires-de-ressellers-riviera-bar-crawl-tours\/\" \/>\n<meta property=\"og:site_name\" content=\"Riviera Bar Crawl Tours\" \/>\n<meta property=\"article:publisher\" content=\"https:\/\/www.facebook.com\/RivieraBarCrawltours\/\" \/>\n<meta property=\"article:modified_time\" content=\"2026-01-09T11:48:22+00:00\" \/>\n<meta property=\"og:image\" content=\"https:\/\/rivierabarcrawltours.com\/wp-content\/uploads\/2024\/02\/faq-Riviera-bar-crawl-tours.jpg\" \/>\n\t<meta property=\"og:image:width\" content=\"1920\" \/>\n\t<meta property=\"og:image:height\" content=\"1080\" \/>\n\t<meta property=\"og:image:type\" content=\"image\/jpeg\" \/>\n<meta name=\"twitter:card\" content=\"summary_large_image\" \/>\n<meta name=\"twitter:site\" content=\"@rivierabarcrawl\" \/>\n<meta name=\"twitter:label1\" content=\"Dur\u00e9e de lecture estim\u00e9e\" \/>\n\t<meta name=\"twitter:data1\" content=\"2 minutes\" \/>\n<!-- \/ Yoast SEO plugin. -->","yoast_head_json":{"title":"Programme d'affiliation - Riviera Bar Crawl Tours","description":"Gagnez jusqu'\u00e0 20% de commission en promouvant les meilleurs Bar Crawl et tours \u00e0 travers l'Europe avec Riviera Bar Crawl & Tours.","robots":{"index":"index","follow":"follow","max-snippet":"max-snippet:-1","max-image-preview":"max-image-preview:large","max-video-preview":"max-video-preview:-1"},"canonical":"https:\/\/rivierabarcrawltours.com\/fr\/partenaires-de-ressellers-riviera-bar-crawl-tours\/","og_locale":"fr_FR","og_type":"article","og_title":"Programme d'affiliation - Riviera Bar Crawl Tours","og_description":"Gagnez jusqu'\u00e0 20% de commission en promouvant les meilleurs Bar Crawl et tours \u00e0 travers l'Europe avec Riviera Bar Crawl & Tours.","og_url":"https:\/\/rivierabarcrawltours.com\/fr\/partenaires-de-ressellers-riviera-bar-crawl-tours\/","og_site_name":"Riviera Bar Crawl Tours","article_publisher":"https:\/\/www.facebook.com\/RivieraBarCrawltours\/","article_modified_time":"2026-01-09T11:48:22+00:00","og_image":[{"width":1920,"height":1080,"url":"https:\/\/rivierabarcrawltours.com\/wp-content\/uploads\/2024\/02\/faq-Riviera-bar-crawl-tours.jpg","type":"image\/jpeg"}],"twitter_card":"summary_large_image","twitter_site":"@rivierabarcrawl","twitter_misc":{"Dur\u00e9e de lecture estim\u00e9e":"2 minutes"},"schema":{"@context":"https:\/\/schema.org","@graph":[{"@type":"WebPage","@id":"https:\/\/rivierabarcrawltours.com\/fr\/partenaires-de-ressellers-riviera-bar-crawl-tours\/","url":"https:\/\/rivierabarcrawltours.com\/fr\/partenaires-de-ressellers-riviera-bar-crawl-tours\/","name":"Programme d'affiliation - Riviera Bar Crawl Tours","isPartOf":{"@id":"https:\/\/rivierabarcrawltours.com\/#website"},"primaryImageOfPage":{"@id":"https:\/\/rivierabarcrawltours.com\/fr\/partenaires-de-ressellers-riviera-bar-crawl-tours\/#primaryimage"},"image":{"@id":"https:\/\/rivierabarcrawltours.com\/fr\/partenaires-de-ressellers-riviera-bar-crawl-tours\/#primaryimage"},"thumbnailUrl":"https:\/\/rivierabarcrawltours.com\/wp-content\/uploads\/2024\/02\/faq-Riviera-bar-crawl-tours.jpg","datePublished":"2021-03-01T15:25:49+00:00","dateModified":"2026-01-09T11:48:22+00:00","description":"Gagnez jusqu'\u00e0 20% de commission en promouvant les meilleurs Bar Crawl et tours \u00e0 travers l'Europe avec Riviera Bar Crawl & Tours.","breadcrumb":{"@id":"https:\/\/rivierabarcrawltours.com\/fr\/partenaires-de-ressellers-riviera-bar-crawl-tours\/#breadcrumb"},"inLanguage":"fr-FR","potentialAction":[{"@type":"ReadAction","target":["https:\/\/rivierabarcrawltours.com\/fr\/partenaires-de-ressellers-riviera-bar-crawl-tours\/"]}]},{"@type":"ImageObject","inLanguage":"fr-FR","@id":"https:\/\/rivierabarcrawltours.com\/fr\/partenaires-de-ressellers-riviera-bar-crawl-tours\/#primaryimage","url":"https:\/\/rivierabarcrawltours.com\/wp-content\/uploads\/2024\/02\/faq-Riviera-bar-crawl-tours.jpg","contentUrl":"https:\/\/rivierabarcrawltours.com\/wp-content\/uploads\/2024\/02\/faq-Riviera-bar-crawl-tours.jpg","width":1920,"height":1080},{"@type":"BreadcrumbList","@id":"https:\/\/rivierabarcrawltours.com\/fr\/partenaires-de-ressellers-riviera-bar-crawl-tours\/#breadcrumb","itemListElement":[{"@type":"ListItem","position":1,"name":"Home","item":"https:\/\/rivierabarcrawltours.com\/fr\/"},{"@type":"ListItem","position":2,"name":"Programme d&#8217;affiliation"}]},{"@type":"WebSite","@id":"https:\/\/rivierabarcrawltours.com\/#website","url":"https:\/\/rivierabarcrawltours.com\/","name":"Riviera Bar Crawl Tours","description":"Fun Day &amp; Night Experiences I Tour operator I Guided Tours I Bar Crawls I Food Tours I","publisher":{"@id":"https:\/\/rivierabarcrawltours.com\/#organization"},"potentialAction":[{"@type":"SearchAction","target":{"@type":"EntryPoint","urlTemplate":"https:\/\/rivierabarcrawltours.com\/?s={search_term_string}"},"query-input":{"@type":"PropertyValueSpecification","valueRequired":true,"valueName":"search_term_string"}}],"inLanguage":"fr-FR"},{"@type":"Organization","@id":"https:\/\/rivierabarcrawltours.com\/#organization","name":"Riviera Bar Crawl Tours","url":"https:\/\/rivierabarcrawltours.com\/","logo":{"@type":"ImageObject","inLanguage":"fr-FR","@id":"https:\/\/rivierabarcrawltours.com\/#\/schema\/logo\/image\/","url":"https:\/\/rivierabarcrawltours.com\/wp-content\/uploads\/2019\/07\/logo.png","contentUrl":"https:\/\/rivierabarcrawltours.com\/wp-content\/uploads\/2019\/07\/logo.png","width":479,"height":453,"caption":"Riviera Bar Crawl Tours"},"image":{"@id":"https:\/\/rivierabarcrawltours.com\/#\/schema\/logo\/image\/"},"sameAs":["https:\/\/www.facebook.com\/RivieraBarCrawltours\/","https:\/\/x.com\/rivierabarcrawl"]}]}},"_links":{"self":[{"href":"https:\/\/rivierabarcrawltours.com\/fr\/wp-json\/wp\/v2\/pages\/70937","targetHints":{"allow":["GET"]}}],"collection":[{"href":"https:\/\/rivierabarcrawltours.com\/fr\/wp-json\/wp\/v2\/pages"}],"about":[{"href":"https:\/\/rivierabarcrawltours.com\/fr\/wp-json\/wp\/v2\/types\/page"}],"author":[{"embeddable":true,"href":"https:\/\/rivierabarcrawltours.com\/fr\/wp-json\/wp\/v2\/users\/2"}],"replies":[{"embeddable":true,"href":"https:\/\/rivierabarcrawltours.com\/fr\/wp-json\/wp\/v2\/comments?post=70937"}],"version-history":[{"count":3,"href":"https:\/\/rivierabarcrawltours.com\/fr\/wp-json\/wp\/v2\/pages\/70937\/revisions"}],"predecessor-version":[{"id":122367,"href":"https:\/\/rivierabarcrawltours.com\/fr\/wp-json\/wp\/v2\/pages\/70937\/revisions\/122367"}],"wp:featuredmedia":[{"embeddable":true,"href":"https:\/\/rivierabarcrawltours.com\/fr\/wp-json\/wp\/v2\/media\/111559"}],"wp:attachment":[{"href":"https:\/\/rivierabarcrawltours.com\/fr\/wp-json\/wp\/v2\/media?parent=70937"}],"curies":[{"name":"wp","href":"https:\/\/api.w.org\/{rel}","templated":true}]}}