{"id":70933,"date":"2021-03-01T16:22:35","date_gmt":"2021-03-01T15:22:35","guid":{"rendered":"https:\/\/rivierabarcrawltours.com\/rechercher\/"},"modified":"2026-02-16T15:46:02","modified_gmt":"2026-02-16T14:46:02","slug":"rechercher","status":"publish","type":"page","link":"https:\/\/rivierabarcrawltours.com\/fr\/rechercher\/","title":{"rendered":"Recherche"},"content":{"rendered":"","protected":false},"excerpt":{"rendered":"","protected":false},"author":2,"featured_media":111559,"parent":0,"menu_order":0,"comment_status":"closed","ping_status":"closed","template":"template-tour-search.php","meta":{"_acf_changed":false,"footnotes":""},"class_list":["post-70933","page","type-page","status-publish","has-post-thumbnail","hentry"],"acf":[],"yoast_head":"<!-- This site is optimized with the Yoast SEO plugin v27.4 - https:\/\/yoast.com\/product\/yoast-seo-wordpress\/ -->\n<title>Recherche Page Find | I Top exp\u00e9riences amusantes jour et nuit \u00e0 faire<\/title>\n<meta name=\"description\" content=\"D\u00e9couvrez les meilleures exp\u00e9riences diurnes et nocturnes \u00e0 travers le monde avec Riviera Bar Crawl Tours. Rejoignez des guides experts pour des visites culturelles \u00e0 pied et des tourn\u00e9es des bars \u00e9piques. R\u00e9servez d\u00e8s maintenant\" \/>\n<meta name=\"robots\" content=\"index, follow, max-snippet:-1, max-image-preview:large, max-video-preview:-1\" \/>\n<link rel=\"canonical\" href=\"https:\/\/rivierabarcrawltours.com\/fr\/rechercher\/\" \/>\n<meta property=\"og:locale\" content=\"fr_FR\" \/>\n<meta property=\"og:type\" content=\"article\" \/>\n<meta property=\"og:title\" content=\"Recherche Page Find | I Top exp\u00e9riences amusantes jour et nuit \u00e0 faire\" \/>\n<meta property=\"og:description\" content=\"D\u00e9couvrez les meilleures exp\u00e9riences diurnes et nocturnes \u00e0 travers le monde avec Riviera Bar Crawl Tours. Rejoignez des guides experts pour des visites culturelles \u00e0 pied et des tourn\u00e9es des bars \u00e9piques. R\u00e9servez d\u00e8s maintenant\" \/>\n<meta property=\"og:url\" content=\"https:\/\/rivierabarcrawltours.com\/fr\/rechercher\/\" \/>\n<meta property=\"og:site_name\" content=\"Riviera Bar Crawl Tours\" \/>\n<meta property=\"article:publisher\" content=\"https:\/\/www.facebook.com\/RivieraBarCrawltours\/\" \/>\n<meta property=\"article:modified_time\" content=\"2026-02-16T14:46:02+00:00\" \/>\n<meta property=\"og:image\" content=\"https:\/\/rivierabarcrawltours.com\/wp-content\/uploads\/2024\/02\/faq-Riviera-bar-crawl-tours.jpg\" \/>\n\t<meta property=\"og:image:width\" content=\"1920\" \/>\n\t<meta property=\"og:image:height\" content=\"1080\" \/>\n\t<meta property=\"og:image:type\" content=\"image\/jpeg\" \/>\n<meta name=\"twitter:card\" content=\"summary_large_image\" \/>\n<meta name=\"twitter:site\" content=\"@rivierabarcrawl\" \/>\n<!-- \/ Yoast SEO plugin. -->","yoast_head_json":{"title":"Recherche Page Find | I Top exp\u00e9riences amusantes jour et nuit \u00e0 faire","description":"D\u00e9couvrez les meilleures exp\u00e9riences diurnes et nocturnes \u00e0 travers le monde avec Riviera Bar Crawl Tours. Rejoignez des guides experts pour des visites culturelles \u00e0 pied et des tourn\u00e9es des bars \u00e9piques. R\u00e9servez d\u00e8s maintenant","robots":{"index":"index","follow":"follow","max-snippet":"max-snippet:-1","max-image-preview":"max-image-preview:large","max-video-preview":"max-video-preview:-1"},"canonical":"https:\/\/rivierabarcrawltours.com\/fr\/rechercher\/","og_locale":"fr_FR","og_type":"article","og_title":"Recherche Page Find | I Top exp\u00e9riences amusantes jour et nuit \u00e0 faire","og_description":"D\u00e9couvrez les meilleures exp\u00e9riences diurnes et nocturnes \u00e0 travers le monde avec Riviera Bar Crawl Tours. Rejoignez des guides experts pour des visites culturelles \u00e0 pied et des tourn\u00e9es des bars \u00e9piques. R\u00e9servez d\u00e8s maintenant","og_url":"https:\/\/rivierabarcrawltours.com\/fr\/rechercher\/","og_site_name":"Riviera Bar Crawl Tours","article_publisher":"https:\/\/www.facebook.com\/RivieraBarCrawltours\/","article_modified_time":"2026-02-16T14:46:02+00:00","og_image":[{"width":1920,"height":1080,"url":"https:\/\/rivierabarcrawltours.com\/wp-content\/uploads\/2024\/02\/faq-Riviera-bar-crawl-tours.jpg","type":"image\/jpeg"}],"twitter_card":"summary_large_image","twitter_site":"@rivierabarcrawl","schema":{"@context":"https:\/\/schema.org","@graph":[{"@type":"WebPage","@id":"https:\/\/rivierabarcrawltours.com\/fr\/rechercher\/","url":"https:\/\/rivierabarcrawltours.com\/fr\/rechercher\/","name":"Recherche Page Find | I Top exp\u00e9riences amusantes jour et nuit \u00e0 faire","isPartOf":{"@id":"https:\/\/rivierabarcrawltours.com\/#website"},"primaryImageOfPage":{"@id":"https:\/\/rivierabarcrawltours.com\/fr\/rechercher\/#primaryimage"},"image":{"@id":"https:\/\/rivierabarcrawltours.com\/fr\/rechercher\/#primaryimage"},"thumbnailUrl":"https:\/\/rivierabarcrawltours.com\/wp-content\/uploads\/2024\/02\/faq-Riviera-bar-crawl-tours.jpg","datePublished":"2021-03-01T15:22:35+00:00","dateModified":"2026-02-16T14:46:02+00:00","description":"D\u00e9couvrez les meilleures exp\u00e9riences diurnes et nocturnes \u00e0 travers le monde avec Riviera Bar Crawl Tours. Rejoignez des guides experts pour des visites culturelles \u00e0 pied et des tourn\u00e9es des bars \u00e9piques. R\u00e9servez d\u00e8s maintenant","breadcrumb":{"@id":"https:\/\/rivierabarcrawltours.com\/fr\/rechercher\/#breadcrumb"},"inLanguage":"fr-FR","potentialAction":[{"@type":"ReadAction","target":["https:\/\/rivierabarcrawltours.com\/fr\/rechercher\/"]}]},{"@type":"ImageObject","inLanguage":"fr-FR","@id":"https:\/\/rivierabarcrawltours.com\/fr\/rechercher\/#primaryimage","url":"https:\/\/rivierabarcrawltours.com\/wp-content\/uploads\/2024\/02\/faq-Riviera-bar-crawl-tours.jpg","contentUrl":"https:\/\/rivierabarcrawltours.com\/wp-content\/uploads\/2024\/02\/faq-Riviera-bar-crawl-tours.jpg","width":1920,"height":1080},{"@type":"BreadcrumbList","@id":"https:\/\/rivierabarcrawltours.com\/fr\/rechercher\/#breadcrumb","itemListElement":[{"@type":"ListItem","position":1,"name":"Home","item":"https:\/\/rivierabarcrawltours.com\/fr\/"},{"@type":"ListItem","position":2,"name":"Recherche"}]},{"@type":"WebSite","@id":"https:\/\/rivierabarcrawltours.com\/#website","url":"https:\/\/rivierabarcrawltours.com\/","name":"Riviera Bar Crawl Tours","description":"Fun Day &amp; Night Experiences I Tour operator I Guided Tours I Bar Crawls I Food Tours I","publisher":{"@id":"https:\/\/rivierabarcrawltours.com\/#organization"},"potentialAction":[{"@type":"SearchAction","target":{"@type":"EntryPoint","urlTemplate":"https:\/\/rivierabarcrawltours.com\/?s={search_term_string}"},"query-input":{"@type":"PropertyValueSpecification","valueRequired":true,"valueName":"search_term_string"}}],"inLanguage":"fr-FR"},{"@type":"Organization","@id":"https:\/\/rivierabarcrawltours.com\/#organization","name":"Riviera Bar Crawl Tours","url":"https:\/\/rivierabarcrawltours.com\/","logo":{"@type":"ImageObject","inLanguage":"fr-FR","@id":"https:\/\/rivierabarcrawltours.com\/#\/schema\/logo\/image\/","url":"https:\/\/rivierabarcrawltours.com\/wp-content\/uploads\/2019\/07\/logo.png","contentUrl":"https:\/\/rivierabarcrawltours.com\/wp-content\/uploads\/2019\/07\/logo.png","width":479,"height":453,"caption":"Riviera Bar Crawl Tours"},"image":{"@id":"https:\/\/rivierabarcrawltours.com\/#\/schema\/logo\/image\/"},"sameAs":["https:\/\/www.facebook.com\/RivieraBarCrawltours\/","https:\/\/x.com\/rivierabarcrawl"]}]}},"_links":{"self":[{"href":"https:\/\/rivierabarcrawltours.com\/fr\/wp-json\/wp\/v2\/pages\/70933","targetHints":{"allow":["GET"]}}],"collection":[{"href":"https:\/\/rivierabarcrawltours.com\/fr\/wp-json\/wp\/v2\/pages"}],"about":[{"href":"https:\/\/rivierabarcrawltours.com\/fr\/wp-json\/wp\/v2\/types\/page"}],"author":[{"embeddable":true,"href":"https:\/\/rivierabarcrawltours.com\/fr\/wp-json\/wp\/v2\/users\/2"}],"replies":[{"embeddable":true,"href":"https:\/\/rivierabarcrawltours.com\/fr\/wp-json\/wp\/v2\/comments?post=70933"}],"version-history":[{"count":1,"href":"https:\/\/rivierabarcrawltours.com\/fr\/wp-json\/wp\/v2\/pages\/70933\/revisions"}],"predecessor-version":[{"id":126266,"href":"https:\/\/rivierabarcrawltours.com\/fr\/wp-json\/wp\/v2\/pages\/70933\/revisions\/126266"}],"wp:featuredmedia":[{"embeddable":true,"href":"https:\/\/rivierabarcrawltours.com\/fr\/wp-json\/wp\/v2\/media\/111559"}],"wp:attachment":[{"href":"https:\/\/rivierabarcrawltours.com\/fr\/wp-json\/wp\/v2\/media?parent=70933"}],"curies":[{"name":"wp","href":"https:\/\/api.w.org\/{rel}","templated":true}]}}