{"id":70884,"date":"2021-03-01T15:45:49","date_gmt":"2021-03-01T14:45:49","guid":{"rendered":"https:\/\/rivierabarcrawltours.com\/mentions-legales-riviera-bar-crawl-tours\/"},"modified":"2025-12-04T15:41:49","modified_gmt":"2025-12-04T14:41:49","slug":"mentions-legales-riviera-bar-crawl-tours","status":"publish","type":"page","link":"https:\/\/rivierabarcrawltours.com\/fr\/mentions-legales-riviera-bar-crawl-tours\/","title":{"rendered":"MENTIONS L\u00c9GALES RIVIERA BAR CRAWL &#038; TOURS"},"content":{"rendered":"<div class=\"wpb-content-wrapper\"><p>[vc_row css=\u00a0\u00bb.vc_custom_1611471413193{margin-top: 20px !important;margin-bottom: 20px !important;}\u00a0\u00bb][vc_column][vc_column_text css=\u00a0\u00bb\u00a0\u00bb]<\/p>\n<ol>\n<li><span style=\"font-weight: 400;\"> Identification de l&rsquo;\u00c9diteur du Site<\/span><\/li>\n<\/ol>\n<ul>\n<li style=\"font-weight: 400;\" aria-level=\"1\"><b>D\u00e9nomination Commerciale :<\/b><span style=\"font-weight: 400;\"> Riviera Bar Crawl &amp; Tours<\/span><\/li>\n<li style=\"font-weight: 400;\" aria-level=\"1\"><b>Nom de la Soci\u00e9t\u00e9 :<\/b><span style=\"font-weight: 400;\"> LUXSTARS INVESTMENT<\/span><\/li>\n<li style=\"font-weight: 400;\" aria-level=\"1\"><b>Si\u00e8ge Social :<\/b><span style=\"font-weight: 400;\"> 8 rue Chauvain, 06000 Nice, France<\/span><\/li>\n<li style=\"font-weight: 400;\" aria-level=\"1\"><b>SIREN :<\/b><span style=\"font-weight: 400;\"> 991 237 181<\/span><\/li>\n<li style=\"font-weight: 400;\" aria-level=\"1\"><b>SIRET :<\/b><span style=\"font-weight: 400;\"> 991 237 181 00011<\/span><\/li>\n<li style=\"font-weight: 400;\" aria-level=\"1\"><b>TVA Intracommunautaire :<\/b><span style=\"font-weight: 400;\"> FR15 991237181<\/span><\/li>\n<\/ul>\n<ol>\n<li><span style=\"font-weight: 400;\"> Contact<\/span><\/li>\n<\/ol>\n<ul>\n<li style=\"font-weight: 400;\" aria-level=\"1\"><b>Email :<\/b><span style=\"font-weight: 400;\"> info@rivierabarcrawltours.com<\/span><\/li>\n<li style=\"font-weight: 400;\" aria-level=\"1\"><b>T\u00e9l\u00e9phone :<\/b><span style=\"font-weight: 400;\"> +33 649 244 407<\/span><\/li>\n<\/ul>\n<p><span style=\"font-weight: 400;\">III. Direction et Responsabilit\u00e9<\/span><\/p>\n<ul>\n<li style=\"font-weight: 400;\" aria-level=\"1\"><b>G\u00e9rant :<\/b><span style=\"font-weight: 400;\"> Madame Brovida<\/span><\/li>\n<li style=\"font-weight: 400;\" aria-level=\"1\"><b>Responsable de la Publication :<\/b><span style=\"font-weight: 400;\"> Madame Brovida<\/span><\/li>\n<\/ul>\n<ol>\n<li><span style=\"font-weight: 400;\"> Conception et Communication Web<\/span><\/li>\n<\/ol>\n<ul>\n<li style=\"font-weight: 400;\" aria-level=\"1\"><b>R\u00e9alisation du site et Communication web :<\/b><span style=\"font-weight: 400;\"> Riviera Bar Crawl Tours<\/span><\/li>\n<\/ul>\n<ol>\n<li><span style=\"font-weight: 400;\"> H\u00e9bergement du Site<\/span><\/li>\n<\/ol>\n<ul>\n<li style=\"font-weight: 400;\" aria-level=\"1\"><b>H\u00e9bergeur :<\/b><span style=\"font-weight: 400;\"> OVH \/ Hostinger<\/span><\/li>\n<li style=\"font-weight: 400;\" aria-level=\"1\"><b>Adresse de l&rsquo;H\u00e9bergeur :<\/b><span style=\"font-weight: 400;\"> 2 rue Kellermann, 59100 Roubaix, France<\/span><\/li>\n<li style=\"font-weight: 400;\" aria-level=\"1\"><b>Contact H\u00e9bergeur :<\/b><span style=\"font-weight: 400;\"> Rendez-vous sur le support d&rsquo;OVH pour contacter cet h\u00e9bergeur.<\/span><\/li>\n<\/ul>\n<ol>\n<li><span style=\"font-weight: 400;\"> Droits de Propri\u00e9t\u00e9 Intellectuelle<\/span><\/li>\n<\/ol>\n<ul>\n<li style=\"font-weight: 400;\" aria-level=\"1\"><b>Cr\u00e9dits Photos et Visuels :<\/b><span style=\"font-weight: 400;\"> Riviera Bar Crawl Tours, Adobe Stock, Envato.<\/span><\/li>\n<li style=\"font-weight: 400;\" aria-level=\"1\"><b>Droits de Reproduction :<\/b><span style=\"font-weight: 400;\"> Tous les droits de reproduction sont r\u00e9serv\u00e9s.<\/span><\/li>\n<\/ul>\n<p>[\/vc_column_text][\/vc_column][\/vc_row]<\/p>\n<\/div>","protected":false},"excerpt":{"rendered":"<p>[vc_row css=\u00a0\u00bb.vc_custom_1611471413193{margin-top: 20px !important;margin-bottom: 20px !important;}\u00a0\u00bb][vc_column][vc_column_text css=\u00a0\u00bb\u00a0\u00bb] Identification de l&rsquo;\u00c9diteur du Site D\u00e9nomination Commerciale : Riviera Bar Crawl &amp; Tours Nom de la Soci\u00e9t\u00e9 : LUXSTARS INVESTMENT Si\u00e8ge Social : 8 rue Chauvain, 06000 Nice, France SIREN : 991 237 181 SIRET : 991 237 181 00011 TVA Intracommunautaire : FR15 991237181 Contact Email : [&hellip;]<\/p>\n","protected":false},"author":2,"featured_media":111559,"parent":0,"menu_order":0,"comment_status":"closed","ping_status":"closed","template":"template-home-modern.php","meta":{"_acf_changed":false,"footnotes":""},"class_list":["post-70884","page","type-page","status-publish","has-post-thumbnail","hentry"],"acf":[],"yoast_head":"<!-- This site is optimized with the Yoast SEO plugin v27.6 - https:\/\/yoast.com\/product\/yoast-seo-wordpress\/ -->\n<title>MENTIONS L\u00c9GALES RIVIERA BAR CRAWL &amp; TOURS | Riviera Bar Crawl Tours<\/title>\n<meta name=\"description\" content=\"MENTIONS L\u00c9GALES RIVIERA BAR CRAWL &amp; TOURSCOMPANY : FRENCH RIVIERA PARTIES | toutes les informations \u00e0 conna\u00eetre sur la soci\u00e9t\u00e9\" \/>\n<meta name=\"robots\" content=\"index, follow, max-snippet:-1, max-image-preview:large, max-video-preview:-1\" \/>\n<link rel=\"canonical\" href=\"https:\/\/rivierabarcrawltours.com\/fr\/mentions-legales-riviera-bar-crawl-tours\/\" \/>\n<meta property=\"og:locale\" content=\"fr_FR\" \/>\n<meta property=\"og:type\" content=\"article\" \/>\n<meta property=\"og:title\" content=\"MENTIONS L\u00c9GALES RIVIERA BAR CRAWL &amp; TOURS | Riviera Bar Crawl Tours\" \/>\n<meta property=\"og:description\" content=\"MENTIONS L\u00c9GALES RIVIERA BAR CRAWL &amp; TOURSCOMPANY : FRENCH RIVIERA PARTIES | toutes les informations \u00e0 conna\u00eetre sur la soci\u00e9t\u00e9\" \/>\n<meta property=\"og:url\" content=\"https:\/\/rivierabarcrawltours.com\/fr\/mentions-legales-riviera-bar-crawl-tours\/\" \/>\n<meta property=\"og:site_name\" content=\"Riviera Bar Crawl Tours\" \/>\n<meta property=\"article:publisher\" content=\"https:\/\/www.facebook.com\/RivieraBarCrawltours\/\" \/>\n<meta property=\"article:modified_time\" content=\"2025-12-04T14:41:49+00:00\" \/>\n<meta property=\"og:image\" content=\"https:\/\/rivierabarcrawltours.com\/wp-content\/uploads\/2024\/02\/faq-Riviera-bar-crawl-tours.jpg\" \/>\n\t<meta property=\"og:image:width\" content=\"1920\" \/>\n\t<meta property=\"og:image:height\" content=\"1080\" \/>\n\t<meta property=\"og:image:type\" content=\"image\/jpeg\" \/>\n<meta name=\"twitter:card\" content=\"summary_large_image\" \/>\n<meta name=\"twitter:site\" content=\"@rivierabarcrawl\" \/>\n<meta name=\"twitter:label1\" content=\"Dur\u00e9e de lecture estim\u00e9e\" \/>\n\t<meta name=\"twitter:data1\" content=\"1 minute\" \/>\n<!-- \/ Yoast SEO plugin. -->","yoast_head_json":{"title":"MENTIONS L\u00c9GALES RIVIERA BAR CRAWL & TOURS | Riviera Bar Crawl Tours","description":"MENTIONS L\u00c9GALES RIVIERA BAR CRAWL & TOURSCOMPANY : FRENCH RIVIERA PARTIES | toutes les informations \u00e0 conna\u00eetre sur la soci\u00e9t\u00e9","robots":{"index":"index","follow":"follow","max-snippet":"max-snippet:-1","max-image-preview":"max-image-preview:large","max-video-preview":"max-video-preview:-1"},"canonical":"https:\/\/rivierabarcrawltours.com\/fr\/mentions-legales-riviera-bar-crawl-tours\/","og_locale":"fr_FR","og_type":"article","og_title":"MENTIONS L\u00c9GALES RIVIERA BAR CRAWL & TOURS | Riviera Bar Crawl Tours","og_description":"MENTIONS L\u00c9GALES RIVIERA BAR CRAWL & TOURSCOMPANY : FRENCH RIVIERA PARTIES | toutes les informations \u00e0 conna\u00eetre sur la soci\u00e9t\u00e9","og_url":"https:\/\/rivierabarcrawltours.com\/fr\/mentions-legales-riviera-bar-crawl-tours\/","og_site_name":"Riviera Bar Crawl Tours","article_publisher":"https:\/\/www.facebook.com\/RivieraBarCrawltours\/","article_modified_time":"2025-12-04T14:41:49+00:00","og_image":[{"width":1920,"height":1080,"url":"https:\/\/rivierabarcrawltours.com\/wp-content\/uploads\/2024\/02\/faq-Riviera-bar-crawl-tours.jpg","type":"image\/jpeg"}],"twitter_card":"summary_large_image","twitter_site":"@rivierabarcrawl","twitter_misc":{"Dur\u00e9e de lecture estim\u00e9e":"1 minute"},"schema":{"@context":"https:\/\/schema.org","@graph":[{"@type":"WebPage","@id":"https:\/\/rivierabarcrawltours.com\/fr\/mentions-legales-riviera-bar-crawl-tours\/","url":"https:\/\/rivierabarcrawltours.com\/fr\/mentions-legales-riviera-bar-crawl-tours\/","name":"MENTIONS L\u00c9GALES RIVIERA BAR CRAWL & TOURS | Riviera Bar Crawl Tours","isPartOf":{"@id":"https:\/\/rivierabarcrawltours.com\/#website"},"primaryImageOfPage":{"@id":"https:\/\/rivierabarcrawltours.com\/fr\/mentions-legales-riviera-bar-crawl-tours\/#primaryimage"},"image":{"@id":"https:\/\/rivierabarcrawltours.com\/fr\/mentions-legales-riviera-bar-crawl-tours\/#primaryimage"},"thumbnailUrl":"https:\/\/rivierabarcrawltours.com\/wp-content\/uploads\/2024\/02\/faq-Riviera-bar-crawl-tours.jpg","datePublished":"2021-03-01T14:45:49+00:00","dateModified":"2025-12-04T14:41:49+00:00","description":"MENTIONS L\u00c9GALES RIVIERA BAR CRAWL & TOURSCOMPANY : FRENCH RIVIERA PARTIES | toutes les informations \u00e0 conna\u00eetre sur la soci\u00e9t\u00e9","breadcrumb":{"@id":"https:\/\/rivierabarcrawltours.com\/fr\/mentions-legales-riviera-bar-crawl-tours\/#breadcrumb"},"inLanguage":"fr-FR","potentialAction":[{"@type":"ReadAction","target":["https:\/\/rivierabarcrawltours.com\/fr\/mentions-legales-riviera-bar-crawl-tours\/"]}]},{"@type":"ImageObject","inLanguage":"fr-FR","@id":"https:\/\/rivierabarcrawltours.com\/fr\/mentions-legales-riviera-bar-crawl-tours\/#primaryimage","url":"https:\/\/rivierabarcrawltours.com\/wp-content\/uploads\/2024\/02\/faq-Riviera-bar-crawl-tours.jpg","contentUrl":"https:\/\/rivierabarcrawltours.com\/wp-content\/uploads\/2024\/02\/faq-Riviera-bar-crawl-tours.jpg","width":1920,"height":1080},{"@type":"BreadcrumbList","@id":"https:\/\/rivierabarcrawltours.com\/fr\/mentions-legales-riviera-bar-crawl-tours\/#breadcrumb","itemListElement":[{"@type":"ListItem","position":1,"name":"Home","item":"https:\/\/rivierabarcrawltours.com\/fr\/"},{"@type":"ListItem","position":2,"name":"MENTIONS L\u00c9GALES RIVIERA BAR CRAWL &#038; TOURS"}]},{"@type":"WebSite","@id":"https:\/\/rivierabarcrawltours.com\/#website","url":"https:\/\/rivierabarcrawltours.com\/","name":"Riviera Bar Crawl Tours","description":"Fun Day &amp; Night Experiences I Tour operator I Guided Tours I Bar Crawls I Food Tours I","publisher":{"@id":"https:\/\/rivierabarcrawltours.com\/#organization"},"potentialAction":[{"@type":"SearchAction","target":{"@type":"EntryPoint","urlTemplate":"https:\/\/rivierabarcrawltours.com\/?s={search_term_string}"},"query-input":{"@type":"PropertyValueSpecification","valueRequired":true,"valueName":"search_term_string"}}],"inLanguage":"fr-FR"},{"@type":"Organization","@id":"https:\/\/rivierabarcrawltours.com\/#organization","name":"Riviera Bar Crawl Tours","url":"https:\/\/rivierabarcrawltours.com\/","logo":{"@type":"ImageObject","inLanguage":"fr-FR","@id":"https:\/\/rivierabarcrawltours.com\/#\/schema\/logo\/image\/","url":"https:\/\/rivierabarcrawltours.com\/wp-content\/uploads\/2019\/07\/logo.png","contentUrl":"https:\/\/rivierabarcrawltours.com\/wp-content\/uploads\/2019\/07\/logo.png","width":479,"height":453,"caption":"Riviera Bar Crawl Tours"},"image":{"@id":"https:\/\/rivierabarcrawltours.com\/#\/schema\/logo\/image\/"},"sameAs":["https:\/\/www.facebook.com\/RivieraBarCrawltours\/","https:\/\/x.com\/rivierabarcrawl"]}]}},"_links":{"self":[{"href":"https:\/\/rivierabarcrawltours.com\/fr\/wp-json\/wp\/v2\/pages\/70884","targetHints":{"allow":["GET"]}}],"collection":[{"href":"https:\/\/rivierabarcrawltours.com\/fr\/wp-json\/wp\/v2\/pages"}],"about":[{"href":"https:\/\/rivierabarcrawltours.com\/fr\/wp-json\/wp\/v2\/types\/page"}],"author":[{"embeddable":true,"href":"https:\/\/rivierabarcrawltours.com\/fr\/wp-json\/wp\/v2\/users\/2"}],"replies":[{"embeddable":true,"href":"https:\/\/rivierabarcrawltours.com\/fr\/wp-json\/wp\/v2\/comments?post=70884"}],"version-history":[{"count":3,"href":"https:\/\/rivierabarcrawltours.com\/fr\/wp-json\/wp\/v2\/pages\/70884\/revisions"}],"predecessor-version":[{"id":122204,"href":"https:\/\/rivierabarcrawltours.com\/fr\/wp-json\/wp\/v2\/pages\/70884\/revisions\/122204"}],"wp:featuredmedia":[{"embeddable":true,"href":"https:\/\/rivierabarcrawltours.com\/fr\/wp-json\/wp\/v2\/media\/111559"}],"wp:attachment":[{"href":"https:\/\/rivierabarcrawltours.com\/fr\/wp-json\/wp\/v2\/media?parent=70884"}],"curies":[{"name":"wp","href":"https:\/\/api.w.org\/{rel}","templated":true}]}}