{"id":70735,"date":"2021-02-27T08:56:42","date_gmt":"2021-02-27T07:56:42","guid":{"rendered":"https:\/\/rivierabarcrawltours.com\/concept\/%d0%bf%d0%b5%d1%88%d0%b5%d1%85%d0%be%d0%b4%d0%bd%d1%8b%d0%b5-%d1%82%d1%83%d1%80%d1%8b\/"},"modified":"2022-04-03T13:33:00","modified_gmt":"2022-04-03T11:33:00","slug":"visites-a-pied","status":"publish","type":"page","link":"https:\/\/rivierabarcrawltours.com\/fr\/visites-a-pied\/","title":{"rendered":"Visites \u00e0 pied"},"content":{"rendered":"<div class=\"wpb-content-wrapper\"><p>[vc_row el_class=\u00a0\u00bbcity-tours-custom\u00a0\u00bb css=\u00a0\u00bb.vc_custom_1624697988836{margin-top: 40px !important;margin-bottom: 20px !important;}\u00a0\u00bb][vc_column][vc_column_text]<\/p>\n<h2>Toutes nos visites \u00e0 pied<\/h2>\n<p>[\/vc_column_text]<div class='list_tours'>   <div class=\"concept-listings owl-carousel owl-theme\">\n          <div class=\"style_box\">\n                      <div class=\"thumb\">\n               <header class=\"thumb-header st_avatar_fix\">\n                                      <a href=\"https:\/\/rivierabarcrawltours.com\/fr\/tour\/capturez-paris-une-promenade-photo-inoubliable-dans-le-quartier-latin\/\" class=\"hover-img\">\n                       <img decoding=\"async\" width=\"260\" height=\"190\" src=\"https:\/\/rivierabarcrawltours.com\/wp-content\/uploads\/2024\/10\/paris-photo-walk-latin-quarter-260x190.jpg\" class=\"attachment-260x190x1 size-260x190x1 wp-post-image\" alt=\"paris-photo-walk-latin-quarter\" \/>                       <h5 class=\"hover-title hover-hold text-center\">\n                           Capturez Paris : Une promenade photo inoubliable dans le quartier latin                       <\/h5>\n                   <\/a>\n                                  <\/header>\n           <\/div>\n       <\/div>\n          <div class=\"style_box\">\n                      <div class=\"thumb\">\n               <header class=\"thumb-header st_avatar_fix\">\n                                      <a href=\"https:\/\/rivierabarcrawltours.com\/fr\/tour\/visite-guidee-a-pied-a-cannes\/\" class=\"hover-img\">\n                       <img decoding=\"async\" width=\"260\" height=\"190\" src=\"https:\/\/rivierabarcrawltours.com\/wp-content\/uploads\/2025\/12\/Selg-Guided-walking-tours-Cannes-23-1-260x190.jpg\" class=\"attachment-260x190x1 size-260x190x1 wp-post-image\" alt=\"Selg Guided walking tours Cannes 23\" \/>                       <h5 class=\"hover-title hover-hold text-center\">\n                           Visite guid\u00e9e \u00e0 pied \u00e0 Cannes                       <\/h5>\n                   <\/a>\n                                  <\/header>\n           <\/div>\n       <\/div>\n          <div class=\"style_box\">\n           <div class=\"feature_class st_featured featured\">Featured<\/div>           <div class=\"thumb\">\n               <header class=\"thumb-header st_avatar_fix\">\n                                      <a href=\"https:\/\/rivierabarcrawltours.com\/fr\/tour\/visite-privee-a-pied-de-marseille\/\" class=\"hover-img\">\n                       <img decoding=\"async\" width=\"260\" height=\"190\" src=\"https:\/\/rivierabarcrawltours.com\/wp-content\/uploads\/2021\/02\/Marseille-private-walking-tour-e1744292700122-260x190.jpg\" class=\"attachment-260x190x1 size-260x190x1 wp-post-image\" alt=\"Visite priv\u00e9e \u00e0 pied de Marseille\" \/>                       <h5 class=\"hover-title hover-hold text-center\">\n                           Visite priv\u00e9e \u00e0 pied de Marseille                       <\/h5>\n                   <\/a>\n                                  <\/header>\n           <\/div>\n       <\/div>\n          <div class=\"style_box\">\n           <div class=\"feature_class st_featured featured\">Featured<\/div>           <div class=\"thumb\">\n               <header class=\"thumb-header st_avatar_fix\">\n                                      <a href=\"https:\/\/rivierabarcrawltours.com\/fr\/tour\/visite-guidee-a-pied-de-monaco-2\/\" class=\"hover-img\">\n                       <img decoding=\"async\" width=\"260\" height=\"190\" src=\"https:\/\/rivierabarcrawltours.com\/wp-content\/uploads\/2024\/10\/monaco-walking-tour-1-260x190.jpg\" class=\"attachment-260x190x1 size-260x190x1 wp-post-image\" alt=\"Trip from nice to monaco-walking-tour\" \/>                       <h5 class=\"hover-title hover-hold text-center\">\n                           Visite guid\u00e9e \u00e0 pied de Monaco                       <\/h5>\n                   <\/a>\n                                  <\/header>\n           <\/div>\n       <\/div>\n          <div class=\"style_box\">\n                      <div class=\"thumb\">\n               <header class=\"thumb-header st_avatar_fix\">\n                                      <a href=\"https:\/\/rivierabarcrawltours.com\/fr\/tour\/tour-gastronomique-de-monaco\/\" class=\"hover-img\">\n                       <img decoding=\"async\" width=\"260\" height=\"190\" src=\"https:\/\/rivierabarcrawltours.com\/wp-content\/uploads\/2016\/03\/Food-tasting-tour-Nice-260x190.jpg\" class=\"attachment-260x190x1 size-260x190x1 wp-post-image\" alt=\"visites gastronomiques\" \/>                       <h5 class=\"hover-title hover-hold text-center\">\n                           Les saveurs de Monaco &#8211; Visite gastronomique priv\u00e9e                       <\/h5>\n                   <\/a>\n                                  <\/header>\n           <\/div>\n       <\/div>\n          <div class=\"style_box\">\n                      <div class=\"thumb\">\n               <header class=\"thumb-header st_avatar_fix\">\n                                      <a href=\"https:\/\/rivierabarcrawltours.com\/fr\/tour\/tour-du-circuit-monaco-grand-prix-formule-1\/\" class=\"hover-img\">\n                       <img decoding=\"async\" width=\"260\" height=\"190\" src=\"https:\/\/rivierabarcrawltours.com\/wp-content\/uploads\/2024\/02\/monaco-grand-Prix-Gp-private-tour24-1-260x190.jpeg\" class=\"attachment-260x190x1 size-260x190x1 wp-post-image\" alt=\"visite priv\u00e9e du grand prix de monaco Gp\" \/>                       <h5 class=\"hover-title hover-hold text-center\">\n                           Visite guid\u00e9e priv\u00e9e du circuit du Grand Prix de F1 de Monaco                       <\/h5>\n                   <\/a>\n                                  <\/header>\n           <\/div>\n       <\/div>\n          <div class=\"style_box\">\n                      <div class=\"thumb\">\n               <header class=\"thumb-header st_avatar_fix\">\n                                      <a href=\"https:\/\/rivierabarcrawltours.com\/fr\/tour\/visite-a-pied-gratuite-de-marseille\/\" class=\"hover-img\">\n                       <img decoding=\"async\" width=\"260\" height=\"190\" src=\"https:\/\/rivierabarcrawltours.com\/wp-content\/uploads\/2023\/05\/Free-walking-tour-marseille-260x190.jpg\" class=\"attachment-260x190x1 size-260x190x1 wp-post-image\" alt=\"Free walking tour marseille\" \/>                       <h5 class=\"hover-title hover-hold text-center\">\n                           Visite \u00e0 pied gratuite de Marseille                       <\/h5>\n                   <\/a>\n                                  <\/header>\n           <\/div>\n       <\/div>\n          <div class=\"style_box\">\n                      <div class=\"thumb\">\n               <header class=\"thumb-header st_avatar_fix\">\n                                      <a href=\"https:\/\/rivierabarcrawltours.com\/fr\/tour\/visite-autoguidee-a-nice-france\/\" class=\"hover-img\">\n                       <img decoding=\"async\" width=\"260\" height=\"190\" src=\"https:\/\/rivierabarcrawltours.com\/wp-content\/uploads\/2023\/01\/self-guided-tour-in-Nice-260x190.jpeg\" class=\"attachment-260x190x1 size-260x190x1 wp-post-image\" alt=\"Visite guid\u00e9e \u00e0 Nice\" \/>                       <h5 class=\"hover-title hover-hold text-center\">\n                           Visite autoguid\u00e9e \u00e0 Nice, France                       <\/h5>\n                   <\/a>\n                                  <\/header>\n           <\/div>\n       <\/div>\n          <div class=\"style_box\">\n                      <div class=\"thumb\">\n               <header class=\"thumb-header st_avatar_fix\">\n                                      <a href=\"https:\/\/rivierabarcrawltours.com\/fr\/tour\/visite-guidee-a-pied-de-monaco\/\" class=\"hover-img\">\n                       <img decoding=\"async\" width=\"260\" height=\"190\" src=\"https:\/\/rivierabarcrawltours.com\/wp-content\/uploads\/2023\/01\/self-guided-tour-in-Monaco-260x190.jpg\" class=\"attachment-260x190x1 size-260x190x1 wp-post-image\" alt=\"Visite guid\u00e9e \u00e0 pied \u00e0 Monaco\" \/>                       <h5 class=\"hover-title hover-hold text-center\">\n                           Visite guid\u00e9e \u00e0 pied de Monaco                       <\/h5>\n                   <\/a>\n                                  <\/header>\n           <\/div>\n       <\/div>\n          <div class=\"style_box\">\n           <div class=\"feature_class st_featured featured\">Featured<\/div>           <div class=\"thumb\">\n               <header class=\"thumb-header st_avatar_fix\">\n                                      <a href=\"https:\/\/rivierabarcrawltours.com\/fr\/tour\/visite-guidee-magique-de-montmartre-paris\/\" class=\"hover-img\">\n                       <img decoding=\"async\" width=\"260\" height=\"190\" src=\"https:\/\/rivierabarcrawltours.com\/wp-content\/uploads\/2021\/12\/walking-tour-montmartre-paris-1-260x190.jpg\" class=\"attachment-260x190x1 size-260x190x1 wp-post-image\" alt=\"visite priv\u00e9e de montmartre paris (1)\" \/>                       <h5 class=\"hover-title hover-hold text-center\">\n                           Visite priv\u00e9e \u00e0 pied de Montmartre Paris                       <\/h5>\n                   <\/a>\n                                  <\/header>\n           <\/div>\n       <\/div>\n   <\/div>\n\n            <style type=\"text\/css\">\n            .concept-listings .owl-dots.disabled,\n            .concept-listings .owl-nav.disabled{\n                display: block !important;\n            }\n        <\/style>\n    \n<script type=\"text\/javascript\">\n$(document).ready(function() {\n       $(\".concept-listings\").owlCarousel({\n        margin:20,\n                loop:true,\n                dots:true,\n        responsiveClass:true,\n        responsive:{\n            0:{\n                items:1,\n                nav:false\n            },\n            600:{\n                items:3,\n                nav:false\n            },\n            1000:{\n                items:4,\n                nav:true\n            }\n        }\n       });\n}); \n\n<\/script>\n\n<style type=\"text\/css\">\n.concept-listings .owl-stage {\n    display: -webkit-box !important;\n    display: -moz-box !important;\n    display: -ms-box !important;\n    display: box !important;\n}\n.concept-listings .owl-dots {\n    margin-top: 10px;\n    text-align: center;\n}\n.concept-listings .owl-dots .owl-dot {\n    display: inline-block;\n    background: 0 0;\n    color: inherit;\n    border: none;\n    padding: 0 !important;\n}\n.concept-listings .owl-dots .owl-dot.active span {\n    background: var(--link-color, #5191FA);\n}\n.concept-listings .owl-dots .owl-dot span {\n    width: 10px;\n    height: 10px;\n    margin: 5px 7px;\n    background: var(--light-grey-color, #EAEEF3);\n    display: block;\n    transition: opacity 0.2s ease;\n    border-radius: 30px;\n}\n.city-tours-custom .feature_class{\n  left: 0 !important;\n}\n.concept-listings .owl-nav {\n    position: absolute;\n    height: 100%;\n    top: 0;\n    width: 100%;\n    z-index: -1;\n}\n.concept-listings .owl-nav button {\n    position: absolute;\n    top: 50%;\n    margin-top: -18px;\n}\n.concept-listings .owl-nav button.owl-next {\n    right: -66px;\n}\n.concept-listings .owl-nav button.owl-prev {\n    left: -66px;\n}\n.concept-listings .owl-nav button.owl-next span {\n    width: 36px;\n    height: 36px;\n    display: block;\n    background: url(https:\/\/rivierabarcrawltours.com\/wp-content\/uploads\/2021\/06\/arrow-right.png) center center no-repeat;\n    background-size: 100% auto;\n    color: transparent;\n}\n.concept-listings .owl-nav button.owl-prev span {\n    width: 36px;\n    height: 36px;\n    display: block;\n    background: url(https:\/\/rivierabarcrawltours.com\/wp-content\/uploads\/2021\/02\/arrow-left.png) center center no-repeat;\n    background-size: 100% auto;\n    color: transparent;\n}\n\n.city-tours-custom .thumb{\n    border: none !important;\n}\n<\/style><\/div>[vc_separator][\/vc_column][\/vc_row][vc_row][vc_column][vc_row_inner][vc_column_inner width=\u00a0\u00bb1\/2&Prime;][vc_column_text]<\/p>\n<h2>\u00c0 propos de nos visites \u00e0 pied<\/h2>\n<p>La meilleure fa\u00e7on d&rsquo;explorer une ville est de le faire \u00e0 pied. Et les visites \u00e0 pied vous permettent sans aucun doute d&rsquo;acqu\u00e9rir les meilleures connaissances et exp\u00e9riences de la nouvelle ville. Et la meilleure fa\u00e7on de d\u00e9couvrir tout ce qu&rsquo;une nouvelle ville a \u00e0 offrir est de faire appel \u00e0 un guide local bien inform\u00e9. Lorsque vous participez \u00e0 des visites \u00e0 pied, vous \u00eates entre les mains d&rsquo;un expert local de confiance, qui poss\u00e8de des ann\u00e9es d&rsquo;exp\u00e9rience et de vastes connaissances et qui est pr\u00eat \u00e0 partager avec vous toutes les informations int\u00e9ressantes et n\u00e9cessaires sur la ville. Les avantages des visites \u00e0 pied sont infinis !<\/p>\n<p>Participer \u00e0 une visite \u00e0 pied est une excellente occasion de rencontrer d&rsquo;autres voyageurs. Et le fait que vous rejoigniez un groupe ayant une langue commune cr\u00e9e \u00e9galement une familiarit\u00e9, surtout lorsque vous voyagez dans un pays \u00e9tranger.<\/p>\n<p>Non seulement les circuits sont un excellent moyen de rencontrer d&rsquo;autres voyageurs, surtout si vous voyagez seul, mais ils vous donnent aussi des informations d\u00e9taill\u00e9es, des faits int\u00e9ressants, des conseils et des recommandations sur ce qu&rsquo;il faut faire en ville, o\u00f9 manger ou prendre la meilleure boisson. De plus, en marchant, vous pouvez faire de l&rsquo;exercice pour la journ\u00e9e, et vous ne manquerez pas les joyaux et les d\u00e9tails cach\u00e9s comme l&rsquo;art de rue ou les restaurants int\u00e9ressants ! Vous pouvez voir les choses de plus pr\u00e8s, faire l&rsquo;exp\u00e9rience des transports publics et vous faufiler dans les petites ruelles. En bref, vos guides touristiques veulent s&rsquo;assurer que vous passez un bon moment pendant la visite.<\/p>\n<p>L&rsquo;ensemble de l&rsquo;itin\u00e9raire est planifi\u00e9 de mani\u00e8re efficace, afin que vous ne manquiez pas les principaux sites touristiques et que vous ayez toujours le temps de d\u00e9couvrir les secrets de la ville que seuls les habitants connaissent. Nos visites \u00e0 pied comprennent \u00e9galement une pause au milieu pour se reposer, utiliser les toilettes, d\u00e9couvrir les march\u00e9s locaux et m\u00eame satisfaire vos papilles gustatives en d\u00e9gustant quelques d\u00e9lices locaux.<\/p>\n<p>[\/vc_column_text][\/vc_column_inner][vc_column_inner width=\u00a0\u00bb1\/2&Prime;][vc_column_text]<\/p>\n<h2>Visites \u00e0 pied gratuites \/ Visites \u00e0 pied payantes<\/h2>\n<p><em>Comment fonctionnent les visites \u00e0 pied gratuites ?<br \/>\nAlors \u00ab\u00a0comment les visites peuvent-elles \u00eatre gratuites ?\u00a0\u00bb. Les visites sont \u00ab\u00a0gratuites\u00a0\u00bb, car il n&rsquo;y a pas de prix fixe pour les visites ou les r\u00e9servations, et vous pouvez vous pr\u00e9senter au point de rencontre m\u00eame sans r\u00e9servation. Vous n&rsquo;avez donc pas de frais \u00e0 payer avant de participer \u00e0 la visite. Vous \u00eates libre de choisir votre guide comme bon vous semble apr\u00e8s votre visite. Le concept du mot \u00ab\u00a0gratuit\u00a0\u00bb signifie que si vous avez l&rsquo;impression que la visite n&rsquo;est pas ce que vous<br \/>\nVous \u00eates \u00e9galement libre de partir \u00e0 tout moment.<\/em><\/p>\n<p><em>Tipping : un \u00e9l\u00e9ment \u00e0 prendre en compte lors d&rsquo;une visite libre<\/em><br \/>\nComme les guides touristiques ne re\u00e7oivent pas d&rsquo;autres revenus pour ces visites \u00e0 pied (d&rsquo;aucune organisation), cela signifie qu&rsquo;ils doivent vraiment gagner leurs pourboires. Comme leurs revenus ont tendance \u00e0 fluctuer d&rsquo;une visite \u00e0 l&rsquo;autre, les guides sont tr\u00e8s motiv\u00e9s pour offrir une visite de qualit\u00e9 sup\u00e9rieure. En outre, donner un pourboire \u00e0 votre guide \u00e0 la fin de la visite signifie que vous avez le pouvoir. Bien que ce ne soit pas obligatoire, c&rsquo;est vous qui d\u00e9cidez de la valeur de la visite ou de ce que vous pouvez vous permettre, le cas \u00e9ch\u00e9ant.<\/p>\n<p><em>Visites \u00e0 pied payantes<\/em><br \/>\nEn g\u00e9n\u00e9ral, lors d&rsquo;une visite payante, les petits groupes sont g\u00e9n\u00e9ralement garantis. Vous b\u00e9n\u00e9ficiez d&rsquo;une attention plus personnelle de la part du guide touristique et vous disposez de plus d&rsquo;espace pour poser des questions et formuler des recommandations. En outre, vous n&rsquo;avez pas \u00e0 vous battre pour entendre le guide, vous mettre \u00e0 l&rsquo;ombre, etc. M\u00eame si ces visites ont un prix fixe que vous payez \u00e0 l&rsquo;avance, il est toujours agr\u00e9able de donner un petit pourboire \u00e0 votre guide, si vous estimez qu&rsquo;il a fait du bon travail.<\/p>\n<p>[\/vc_column_text][\/vc_column_inner][\/vc_row_inner][\/vc_column][\/vc_row]<\/p>\n<\/div>","protected":false},"excerpt":{"rendered":"<p>[vc_row el_class=\u00a0\u00bbcity-tours-custom\u00a0\u00bb css=\u00a0\u00bb.vc_custom_1624697988836{margin-top: 40px !important;margin-bottom: 20px !important;}\u00a0\u00bb][vc_column][vc_column_text] Toutes nos visites \u00e0 pied [\/vc_column_text][vc_separator][\/vc_column][\/vc_row][vc_row][vc_column][vc_row_inner][vc_column_inner width=\u00a0\u00bb1\/2&Prime;][vc_column_text] \u00c0 propos de nos visites \u00e0 pied La meilleure fa\u00e7on d&rsquo;explorer une ville est de le faire \u00e0 pied. Et les visites \u00e0 pied vous permettent sans aucun doute d&rsquo;acqu\u00e9rir les meilleures connaissances et exp\u00e9riences de la nouvelle ville. Et la [&hellip;]<\/p>\n","protected":false},"author":2,"featured_media":36075,"parent":0,"menu_order":0,"comment_status":"closed","ping_status":"closed","template":"template-home-modern.php","meta":{"_acf_changed":false,"footnotes":""},"class_list":["post-70735","page","type-page","status-publish","has-post-thumbnail","hentry"],"acf":[],"yoast_head":"<!-- This site is optimized with the Yoast SEO plugin v27.3 - https:\/\/yoast.com\/product\/yoast-seo-wordpress\/ -->\n<title>Venez d\u00e9couvrir tous nos circuits p\u00e9destres gratuits | Riviera<\/title>\n<meta name=\"description\" content=\"La visite \u00e0 pied est le meilleur moyen de d\u00e9couvrir une nouvelle ville lorsque vous la visitez pour la premi\u00e8re fois. Des joyaux principaux et cach\u00e9s, des astuces locales... tout cela vous attend !\" \/>\n<meta name=\"robots\" content=\"index, follow, max-snippet:-1, max-image-preview:large, max-video-preview:-1\" \/>\n<link rel=\"canonical\" href=\"https:\/\/rivierabarcrawltours.com\/fr\/visites-a-pied\/\" \/>\n<meta property=\"og:locale\" content=\"fr_FR\" \/>\n<meta property=\"og:type\" content=\"article\" \/>\n<meta property=\"og:title\" content=\"Venez d\u00e9couvrir tous nos circuits p\u00e9destres gratuits | Riviera\" \/>\n<meta property=\"og:description\" content=\"La visite \u00e0 pied est le meilleur moyen de d\u00e9couvrir une nouvelle ville lorsque vous la visitez pour la premi\u00e8re fois. Des joyaux principaux et cach\u00e9s, des astuces locales... tout cela vous attend !\" \/>\n<meta property=\"og:url\" content=\"https:\/\/rivierabarcrawltours.com\/fr\/visites-a-pied\/\" \/>\n<meta property=\"og:site_name\" content=\"Riviera Bar Crawl Tours\" \/>\n<meta property=\"article:publisher\" content=\"https:\/\/www.facebook.com\/RivieraBarCrawltours\/\" \/>\n<meta property=\"article:modified_time\" content=\"2022-04-03T11:33:00+00:00\" \/>\n<meta property=\"og:image\" content=\"https:\/\/rivierabarcrawltours.com\/wp-content\/uploads\/2019\/07\/walking-tours-riviera-bar-crawl-tours.jpg\" \/>\n\t<meta property=\"og:image:width\" content=\"1920\" \/>\n\t<meta property=\"og:image:height\" content=\"1156\" \/>\n\t<meta property=\"og:image:type\" content=\"image\/jpeg\" \/>\n<meta name=\"twitter:card\" content=\"summary_large_image\" \/>\n<meta name=\"twitter:site\" content=\"@rivierabarcrawl\" \/>\n<meta name=\"twitter:label1\" content=\"Dur\u00e9e de lecture estim\u00e9e\" \/>\n\t<meta name=\"twitter:data1\" content=\"4 minutes\" \/>\n<!-- \/ Yoast SEO plugin. -->","yoast_head_json":{"title":"Venez d\u00e9couvrir tous nos circuits p\u00e9destres gratuits | Riviera","description":"La visite \u00e0 pied est le meilleur moyen de d\u00e9couvrir une nouvelle ville lorsque vous la visitez pour la premi\u00e8re fois. Des joyaux principaux et cach\u00e9s, des astuces locales... tout cela vous attend !","robots":{"index":"index","follow":"follow","max-snippet":"max-snippet:-1","max-image-preview":"max-image-preview:large","max-video-preview":"max-video-preview:-1"},"canonical":"https:\/\/rivierabarcrawltours.com\/fr\/visites-a-pied\/","og_locale":"fr_FR","og_type":"article","og_title":"Venez d\u00e9couvrir tous nos circuits p\u00e9destres gratuits | Riviera","og_description":"La visite \u00e0 pied est le meilleur moyen de d\u00e9couvrir une nouvelle ville lorsque vous la visitez pour la premi\u00e8re fois. Des joyaux principaux et cach\u00e9s, des astuces locales... tout cela vous attend !","og_url":"https:\/\/rivierabarcrawltours.com\/fr\/visites-a-pied\/","og_site_name":"Riviera Bar Crawl Tours","article_publisher":"https:\/\/www.facebook.com\/RivieraBarCrawltours\/","article_modified_time":"2022-04-03T11:33:00+00:00","og_image":[{"width":1920,"height":1156,"url":"https:\/\/rivierabarcrawltours.com\/wp-content\/uploads\/2019\/07\/walking-tours-riviera-bar-crawl-tours.jpg","type":"image\/jpeg"}],"twitter_card":"summary_large_image","twitter_site":"@rivierabarcrawl","twitter_misc":{"Dur\u00e9e de lecture estim\u00e9e":"4 minutes"},"schema":{"@context":"https:\/\/schema.org","@graph":[{"@type":"WebPage","@id":"https:\/\/rivierabarcrawltours.com\/fr\/visites-a-pied\/","url":"https:\/\/rivierabarcrawltours.com\/fr\/visites-a-pied\/","name":"Venez d\u00e9couvrir tous nos circuits p\u00e9destres gratuits | Riviera","isPartOf":{"@id":"https:\/\/rivierabarcrawltours.com\/#website"},"primaryImageOfPage":{"@id":"https:\/\/rivierabarcrawltours.com\/fr\/visites-a-pied\/#primaryimage"},"image":{"@id":"https:\/\/rivierabarcrawltours.com\/fr\/visites-a-pied\/#primaryimage"},"thumbnailUrl":"https:\/\/rivierabarcrawltours.com\/wp-content\/uploads\/2019\/07\/walking-tours-riviera-bar-crawl-tours.jpg","datePublished":"2021-02-27T07:56:42+00:00","dateModified":"2022-04-03T11:33:00+00:00","description":"La visite \u00e0 pied est le meilleur moyen de d\u00e9couvrir une nouvelle ville lorsque vous la visitez pour la premi\u00e8re fois. Des joyaux principaux et cach\u00e9s, des astuces locales... tout cela vous attend !","breadcrumb":{"@id":"https:\/\/rivierabarcrawltours.com\/fr\/visites-a-pied\/#breadcrumb"},"inLanguage":"fr-FR","potentialAction":[{"@type":"ReadAction","target":["https:\/\/rivierabarcrawltours.com\/fr\/visites-a-pied\/"]}]},{"@type":"ImageObject","inLanguage":"fr-FR","@id":"https:\/\/rivierabarcrawltours.com\/fr\/visites-a-pied\/#primaryimage","url":"https:\/\/rivierabarcrawltours.com\/wp-content\/uploads\/2019\/07\/walking-tours-riviera-bar-crawl-tours.jpg","contentUrl":"https:\/\/rivierabarcrawltours.com\/wp-content\/uploads\/2019\/07\/walking-tours-riviera-bar-crawl-tours.jpg","width":1920,"height":1156,"caption":"visites \u00e0 pied"},{"@type":"BreadcrumbList","@id":"https:\/\/rivierabarcrawltours.com\/fr\/visites-a-pied\/#breadcrumb","itemListElement":[{"@type":"ListItem","position":1,"name":"Home","item":"https:\/\/rivierabarcrawltours.com\/fr\/"},{"@type":"ListItem","position":2,"name":"Concept","item":"https:\/\/rivierabarcrawltours.com\/fr\/concept\/"},{"@type":"ListItem","position":3,"name":"Visites \u00e0 pied"}]},{"@type":"WebSite","@id":"https:\/\/rivierabarcrawltours.com\/#website","url":"https:\/\/rivierabarcrawltours.com\/","name":"Riviera Bar Crawl Tours","description":"Fun Day &amp; Night Experiences I Tour operator I Guided Tours I Bar Crawls I Food Tours I","publisher":{"@id":"https:\/\/rivierabarcrawltours.com\/#organization"},"potentialAction":[{"@type":"SearchAction","target":{"@type":"EntryPoint","urlTemplate":"https:\/\/rivierabarcrawltours.com\/?s={search_term_string}"},"query-input":{"@type":"PropertyValueSpecification","valueRequired":true,"valueName":"search_term_string"}}],"inLanguage":"fr-FR"},{"@type":"Organization","@id":"https:\/\/rivierabarcrawltours.com\/#organization","name":"Riviera Bar Crawl Tours","url":"https:\/\/rivierabarcrawltours.com\/","logo":{"@type":"ImageObject","inLanguage":"fr-FR","@id":"https:\/\/rivierabarcrawltours.com\/#\/schema\/logo\/image\/","url":"https:\/\/rivierabarcrawltours.com\/wp-content\/uploads\/2019\/07\/logo.png","contentUrl":"https:\/\/rivierabarcrawltours.com\/wp-content\/uploads\/2019\/07\/logo.png","width":479,"height":453,"caption":"Riviera Bar Crawl Tours"},"image":{"@id":"https:\/\/rivierabarcrawltours.com\/#\/schema\/logo\/image\/"},"sameAs":["https:\/\/www.facebook.com\/RivieraBarCrawltours\/","https:\/\/x.com\/rivierabarcrawl"]}]}},"_links":{"self":[{"href":"https:\/\/rivierabarcrawltours.com\/fr\/wp-json\/wp\/v2\/pages\/70735","targetHints":{"allow":["GET"]}}],"collection":[{"href":"https:\/\/rivierabarcrawltours.com\/fr\/wp-json\/wp\/v2\/pages"}],"about":[{"href":"https:\/\/rivierabarcrawltours.com\/fr\/wp-json\/wp\/v2\/types\/page"}],"author":[{"embeddable":true,"href":"https:\/\/rivierabarcrawltours.com\/fr\/wp-json\/wp\/v2\/users\/2"}],"replies":[{"embeddable":true,"href":"https:\/\/rivierabarcrawltours.com\/fr\/wp-json\/wp\/v2\/comments?post=70735"}],"version-history":[{"count":11,"href":"https:\/\/rivierabarcrawltours.com\/fr\/wp-json\/wp\/v2\/pages\/70735\/revisions"}],"predecessor-version":[{"id":93372,"href":"https:\/\/rivierabarcrawltours.com\/fr\/wp-json\/wp\/v2\/pages\/70735\/revisions\/93372"}],"wp:featuredmedia":[{"embeddable":true,"href":"https:\/\/rivierabarcrawltours.com\/fr\/wp-json\/wp\/v2\/media\/36075"}],"wp:attachment":[{"href":"https:\/\/rivierabarcrawltours.com\/fr\/wp-json\/wp\/v2\/media?parent=70735"}],"curies":[{"name":"wp","href":"https:\/\/api.w.org\/{rel}","templated":true}]}}