{"id":70664,"date":"2021-02-26T14:14:36","date_gmt":"2021-02-26T13:14:36","guid":{"rendered":"https:\/\/rivierabarcrawltours.com\/concept\/formation-dequipes\/"},"modified":"2026-02-17T09:14:25","modified_gmt":"2026-02-17T08:14:25","slug":"formation-dequipes","status":"publish","type":"page","link":"https:\/\/rivierabarcrawltours.com\/fr\/formation-dequipes\/","title":{"rendered":"Renforcement de l&rsquo;esprit d&rsquo;\u00e9quipe"},"content":{"rendered":"<div class=\"wpb-content-wrapper\"><p>[vc_row el_class=\u00a0\u00bbcity-tours-custom\u00a0\u00bb css=\u00a0\u00bb.vc_custom_1624698049324{margin-top: 40px !important;margin-bottom: 20px !important;}\u00a0\u00bb][vc_column][vc_column_text]<\/p>\n<h2>Tous nos Team Building<\/h2>\n<p>[\/vc_column_text]<div class='list_tours'>   <div class=\"concept-listings owl-carousel owl-theme\">\n   <\/div>\n\n    \n<script type=\"text\/javascript\">\n$(document).ready(function() {\n       $(\".concept-listings\").owlCarousel({\n        margin:20,\n                dots:true,\n        responsiveClass:true,\n        responsive:{\n            0:{\n                items:1,\n                nav:false\n            },\n            600:{\n                items:3,\n                nav:false\n            },\n            1000:{\n                items:4,\n                nav:true\n            }\n        }\n       });\n}); \n\n<\/script>\n\n<style type=\"text\/css\">\n.concept-listings .owl-stage {\n    display: -webkit-box !important;\n    display: -moz-box !important;\n    display: -ms-box !important;\n    display: box !important;\n}\n.concept-listings .owl-dots {\n    margin-top: 10px;\n    text-align: center;\n}\n.concept-listings .owl-dots .owl-dot {\n    display: inline-block;\n    background: 0 0;\n    color: inherit;\n    border: none;\n    padding: 0 !important;\n}\n.concept-listings .owl-dots .owl-dot.active span {\n    background: var(--link-color, #5191FA);\n}\n.concept-listings .owl-dots .owl-dot span {\n    width: 10px;\n    height: 10px;\n    margin: 5px 7px;\n    background: var(--light-grey-color, #EAEEF3);\n    display: block;\n    transition: opacity 0.2s ease;\n    border-radius: 30px;\n}\n.city-tours-custom .feature_class{\n  left: 0 !important;\n}\n.concept-listings .owl-nav {\n    position: absolute;\n    height: 100%;\n    top: 0;\n    width: 100%;\n    z-index: -1;\n}\n.concept-listings .owl-nav button {\n    position: absolute;\n    top: 50%;\n    margin-top: -18px;\n}\n.concept-listings .owl-nav button.owl-next {\n    right: -66px;\n}\n.concept-listings .owl-nav button.owl-prev {\n    left: -66px;\n}\n.concept-listings .owl-nav button.owl-next span {\n    width: 36px;\n    height: 36px;\n    display: block;\n    background: url(https:\/\/rivierabarcrawltours.com\/wp-content\/uploads\/2021\/06\/arrow-right.png) center center no-repeat;\n    background-size: 100% auto;\n    color: transparent;\n}\n.concept-listings .owl-nav button.owl-prev span {\n    width: 36px;\n    height: 36px;\n    display: block;\n    background: url(https:\/\/rivierabarcrawltours.com\/wp-content\/uploads\/2021\/02\/arrow-left.png) center center no-repeat;\n    background-size: 100% auto;\n    color: transparent;\n}\n\n.city-tours-custom .thumb{\n    border: none !important;\n}\n<\/style><\/div>[vc_separator][\/vc_column][\/vc_row][vc_row][vc_column][vc_row_inner][vc_column_inner][vc_column_text]<\/p>\n<h2>\u00c0 propos de la constitution de l&rsquo;\u00e9quipe<\/h2>\n<p>[\/vc_column_text][\/vc_column_inner][\/vc_row_inner][vc_row_inner][vc_column_inner width=\u00a0\u00bb1\/2&Prime;][vc_column_text]<\/p>\n<h3>L&rsquo;IMPORTANCE DE L&rsquo;ESPRIT D&rsquo;\u00c9QUIPE POUR VOTRE ENTREPRISE<\/h3>\n<p>Vous en avez entendu parler, peut-\u00eatre par des coll\u00e8gues, \u00e0 la t\u00e9l\u00e9vision ou dans des magazines, le \u00ab\u00a0team building\u00a0\u00bb est \u00e0 la mode dans le monde du travail depuis plusieurs ann\u00e9es maintenant. Mais qu&rsquo;est-ce que le team building ? Quel est son int\u00e9r\u00eat ? \u00c0 qui s&rsquo;adresse-t-il et comment se d\u00e9roule-t-il ?<\/p>\n<p>Dans toute structure qui comprend un grand nombre de personnes, il est parfois n\u00e9cessaire et m\u00eame vital de faire des activit\u00e9s avec des coll\u00e8gues en dehors du cadre professionnel. C&rsquo;est un moyen de briser la routine, de cr\u00e9er des \u00e9quipes, et de mieux se conna\u00eetre sur le plan personnel &#8230; car apr\u00e8s tout, on passe beaucoup de temps avec eux !<\/p>\n<p>C&rsquo;est l\u00e0 que le team building entre en jeu. Le team building est une activit\u00e9 ludique, sportive, culturelle, destin\u00e9e aux salari\u00e9s d&rsquo;une entreprise, r\u00e9alis\u00e9e collectivement par l&rsquo;ensemble du groupe dont le but est de renforcer et de relier les personnes autour du projet de l&rsquo;entreprise. Nous verrons dans cet article en quoi elle consiste et nous vous donnerons quelques id\u00e9es de team building pour d\u00e9velopper plus de coh\u00e9sion d&rsquo;\u00e9quipe et partager des objectifs communs.<\/p>\n<p><strong>Quel est le but de la construction d&rsquo;\u00e9quipe ?<\/strong><\/p>\n<p>Le team building r\u00e9pond \u00e0 une question fondamentale pour tout projet d&rsquo;entreprise : comment cr\u00e9er un groupe, motiver les \u00e9quipes, et rassembler une \u00e9quipe forte et ses membres autour d&rsquo;une mission, d&rsquo;un objectif commun, et ce sur le long terme ?<\/p>\n<p>Le team building, gr\u00e2ce \u00e0 un ensemble d&rsquo;activit\u00e9s ludiques, sportives ou cr\u00e9atives, renforcera la coh\u00e9sion entre les membres de l&rsquo;entreprise.<\/p>\n<p>L&rsquo;objectif ? Favoriser l&rsquo;esprit d&rsquo;\u00e9quipe, construire des relations, am\u00e9liorer la communication et l&rsquo;atmosph\u00e8re de travail. Il tend \u00e0 la connaissance de l&rsquo;autre et \u00e0 la solidarit\u00e9 entre les personnes. En m\u00eame temps, il permet d&rsquo;int\u00e9grer rapidement un nouveau membre dans le \u00ab\u00a0cercle\u00a0\u00bb de l&rsquo;entreprise.<\/p>\n<p>Cependant, les activit\u00e9s de team building ne sont pas purement r\u00e9cr\u00e9atives. \u00c0 la fin de chaque atelier, activit\u00e9 de team building, ou \u00e0 la fin de chaque d\u00e9fi, il y a la recherche de l&rsquo;entraide et la consid\u00e9ration des autres. C&rsquo;est un excellent moyen de comprendre chaque membre de l&rsquo;\u00e9quipe dans ses qualit\u00e9s et ses faiblesses, simplement la coh\u00e9sion du groupe. C&rsquo;est pourquoi la plupart des activit\u00e9s doivent \u00eatre r\u00e9alis\u00e9es en groupe. En participant \u00e0 la construction d&rsquo;une \u00e9quipe, les membres apprennent \u00e0 se conna\u00eetre, et une \u00e9quipe qui se conna\u00eet est plus efficace et plus agr\u00e9able \u00e0 travailler !<\/p>\n<p><strong>Pourquoi le team building sur la C\u00f4te d&rsquo;Azur ?<\/strong><\/p>\n<ul>\n<li>Un lieu glamour et chaleureux est bon pour le moral de vos coll\u00e8gues<\/li>\n<li>Rien de tel qu&rsquo;un savoureux plat proven\u00e7al pour renforcer la coh\u00e9sion de l&rsquo;\u00e9quipe<\/li>\n<li>De nombreuses possibilit\u00e9s de faire des activit\u00e9s et de relever des d\u00e9fis avec votre \u00e9quipe<\/li>\n<\/ul>\n<p>Nice, Cannes, Antibes, et certaines des meilleures villes de la C\u00f4te d&rsquo;Azur et de la C\u00f4te d&rsquo;Azur sont incontournables dans la r\u00e9gion ! Avec leur excellente cuisine locale et la mer M\u00e9diterran\u00e9e, des villes comme Monaco, Villefranche sur Mer, Nice ou Cannes attirent de nombreux touristes. Mais les entreprises locales ne sont pas en reste !<\/p>\n<p>\u00c9loignez-vous de vos salles de r\u00e9union et f\u00e9d\u00e9rez la coh\u00e9sion d&rsquo;\u00e9quipe gr\u00e2ce \u00e0 une activit\u00e9 de team building.<\/p>\n<p>Organisez un s\u00e9minaire, rien de mieux pour renforcer l&rsquo;esprit d&rsquo;\u00e9quipe, avec une chasse au tr\u00e9sor, une f\u00eate du meurtre dans un manoir, un golf, des sports nautiques, ou des activit\u00e9s gastronomiques et des visites guid\u00e9es de la ville. Un autre moment que les r\u00e9unions de travail pour s\u00e9parer le travail et la d\u00e9tente, pour renforcer la coh\u00e9sion du groupe et r\u00e9compenser votre \u00e9quipe par des activit\u00e9s sportives.<\/p>\n<p>En s\u00e9lectionnant les meilleurs organisateurs de team building et chefs de projet, vous pourrez privatiser un traiteur pour organiser un cocktail cr\u00e9atif. Vous pouvez mettre en place les activit\u00e9s ad\u00e9quates, originales et uniques, qui montreront l&rsquo;attention que vous portez \u00e0 votre personnel et aux membres de votre \u00e9quipe, et m\u00eame faire couvrir l&rsquo;ensemble de votre h\u00e9bergement et de vos transports.<\/p>\n<p>Sur la C\u00f4te d&rsquo;Azur, vous trouverez un large \u00e9ventail d&rsquo;activit\u00e9s sp\u00e9cialement con\u00e7ues pour le teambuilding. Des petites \u00e9quipes aux d\u00e9fis de motivation ou aux s\u00e9minaires d&rsquo;affaires, c&rsquo;est un endroit id\u00e9al pour cr\u00e9er un v\u00e9ritable lien d&rsquo;\u00e9quipe et partager des objectifs communs. Avec les bonnes activit\u00e9s de team building, vous pouvez d\u00e9velopper la r\u00e9solution de probl\u00e8mes, trouver la bonne action qui motive les \u00e9quipes. Les exercices de consolidation d&rsquo;\u00e9quipe sont reconnus pour cr\u00e9er une \u00e9quipe forte. Am\u00e9liorer votre \u00e9quipe, c&rsquo;est former des chefs d&rsquo;\u00e9quipe ; le bon team building permettra d&rsquo;instaurer la confiance et d&rsquo;am\u00e9liorer la communication et les performances de l&rsquo;\u00e9quipe. Et gr\u00e2ce aux activit\u00e9s de team building, vous pouvez faire passer un bon moment \u00e0 vos \u00e9quipes !<\/p>\n<p>Alors, pour organiser un \u00e9v\u00e9nement d&rsquo;entreprise, ne faites confiance qu&rsquo;aux meilleurs organisateurs de team building et soci\u00e9t\u00e9s d&rsquo;\u00e9v\u00e9nementiel et d\u00e9couvrez notre s\u00e9lection des meilleures activit\u00e9s pr\u00e8s de Nice, Cannes et Antibes.[\/vc_column_text][\/vc_column_inner][vc_column_inner width=\u00a0\u00bb1\/2&Prime;][vc_column_text]<\/p>\n<h3>Quelques id\u00e9es d&rsquo;activit\u00e9s de team building<\/h3>\n<p>Le team building est g\u00e9n\u00e9ralement propos\u00e9 \u00e0 l&rsquo;initiative du d\u00e9partement des ressources humaines, du chef d&rsquo;entreprise, du chef d&rsquo;\u00e9quipe, voire du directeur. Il peut parfaitement s&rsquo;int\u00e9grer dans un week-end de s\u00e9minaire et est parfait pour cr\u00e9er l&rsquo;ambiance, rassembler les gens et cr\u00e9er de bons souvenirs.<\/p>\n<p>La notion de d\u00e9fi est fondamentale dans la constitution d&rsquo;une \u00e9quipe, l&rsquo;objectif \u00e9tant que chacun donne le meilleur de lui-m\u00eame mais dans un esprit positif et d\u00e9tendu.<\/p>\n<h3>Voici quelques id\u00e9es modernes de team building :<\/h3>\n<ul>\n<li>Chasse au tr\u00e9sor : l&rsquo;\u00e9quipe est divis\u00e9e en un petit groupe, chacun ayant une carte qui m\u00e8ne \u00e0 un tr\u00e9sor. Avec des indices cach\u00e9s, des \u00e9nigmes \u00e0 r\u00e9soudre, le premier qui trouve le tr\u00e9sor gagne le jeu !<\/li>\n<li>Cr\u00e9ation d&rsquo;un court m\u00e9trage : autour d&rsquo;un sc\u00e9nario improvis\u00e9, les participants devront jouer la com\u00e9die pour interpr\u00e9ter un r\u00f4le dans un mini-film.<br \/>\nCourse de cano\u00eb-kayak ou de pagaie debout sur l&rsquo;eau, o\u00f9 les participants doivent travailler en \u00e9quipe tout en s&rsquo;amusant et en pratiquant des activit\u00e9s uniques.<\/li>\n<li>Paintball ou jeu de laser avec deux groupes \u00e9quip\u00e9s de pistolets laser qui s&rsquo;affrontent sur un champ de bataille rempli de cachettes.<\/li>\n<li>Atelier culinaire et cours de cuisine, par l&rsquo;interm\u00e9diaire d&rsquo;un chef, vous permet de d\u00e9couvrir des saveurs dignes des meilleures tables.<\/li>\n<li>Les visites gastronomiques et les d\u00e9gustations de vin dans de nouvelles villes et r\u00e9gions sont id\u00e9ales pour cr\u00e9er l&rsquo;excitation.<\/li>\n<li>Les Olympiades sont un d\u00e9fi sportif par excellence ; l&rsquo;Olympiade est un classique des activit\u00e9s de team building.<\/li>\n<li>Les possibilit\u00e9s de cr\u00e9er un excellent esprit d&rsquo;\u00e9quipe \u00e0 Nice et sur la C\u00f4te d&rsquo;Azur sont si nombreuses que les options et les choix sont infinis.<\/li>\n<li>Visites \u00e0 pied. D\u00e9couvrir une ville \u00e0 pied<\/li>\n<\/ul>\n<p>Le team building contribue \u00e0 la bonne humeur collective. Et plus la personne est bonne, plus les membres d&rsquo;un m\u00eame groupe seront motiv\u00e9s pour atteindre un objectif commun. En France, il existe de nombreuses entreprises sp\u00e9cialis\u00e9es dans le team building. C&rsquo;est un excellent moyen de souder les membres de votre \u00e9quipe !<\/p>\n<h3>Ce dont vous avez besoin pour r\u00e9ussir la construction d&rsquo;une \u00e9quipe<\/h3>\n<p>Dans notre \u00e9conomie turbulente, fond\u00e9e sur la connaissance, o\u00f9 la guerre des talents fait rage, s&rsquo;appuyer sur des \u00e9quipes performantes et soud\u00e9es est l&rsquo;avantage concurrentiel des temps modernes.<\/p>\n<p>La gestion ne consiste pas \u00e0 investir dans deux ou trois \u00e9toiles. Nous avons toujours tendance \u00e0 ch\u00e9rir le \u00ab\u00a0champion\u00a0\u00bb de tel ou tel projet et les chefs d&rsquo;\u00e9quipe, mais ceux qui assurent \u00ab\u00a0vraiment\u00a0\u00bb la continuit\u00e9 des op\u00e9rations au quotidien : TOUS les membres de l&rsquo;\u00e9quipe.<\/p>\n<p>Donc, pour motiver toutes leurs troupes, et avec les bons jours qui viennent, les managers laissent germer des id\u00e9es de team building pour l&rsquo;\u00e9t\u00e9. Apr\u00e8s tout, faire une retraite d&rsquo;\u00e9quipe bien m\u00e9rit\u00e9e avant les vacances est en effet une option attrayante. Le team building a pour but de \u00ab\u00a0retirer\u00a0\u00bb les employ\u00e9s et de favoriser la cr\u00e9ativit\u00e9, la coh\u00e9sion de l&rsquo;\u00e9quipe. Mais comment s&rsquo;assurer que l&rsquo;\u00e9v\u00e9nement est un succ\u00e8s ?<\/p>\n<p>Nous vous donnons quelques questions \u00e0 vous poser avant d&rsquo;organiser votre team building, une exp\u00e9rience qui pla\u00eet aux participants et qui donne les r\u00e9sultats escompt\u00e9s pour l&rsquo;entreprise.<\/p>\n<h3>Votre projet de team building est-il bien encadr\u00e9 ?<\/h3>\n<p>Je vous recommande de toujours faire appel \u00e0 une entreprise externe pour organiser vos \u00e9v\u00e9nements de team building. V\u00e9rifiez aupr\u00e8s de certains \u00e9v\u00e9nements locaux et organisateurs de voyages reconnus pour vos journ\u00e9es de team building. Chaque projet doit commencer par une raison pour \u00eatre bien d\u00e9fini :<\/p>\n<ul>\n<li>Pourquoi voulez-vous organiser un team building ?<\/li>\n<li>Est-ce la meilleure option du point de vue des r\u00e9sultats\/investissements ?<\/li>\n<li>Quel est l&rsquo;objectif SMART que vous poursuivez ?<\/li>\n<li>Quels indicateurs de succ\u00e8s mesurables serez-vous en mesure de dire si l&rsquo;initiative a \u00e9t\u00e9 un succ\u00e8s ou un \u00e9chec ?<\/li>\n<li>Assurez-vous que vos cadres sup\u00e9rieurs connaissent les r\u00e9ponses \u00e0 ces questions et soutiennent votre initiative de consolidation d&rsquo;\u00e9quipe.<\/li>\n<li>Avec votre direction, obtenez un budget consacr\u00e9 \u00e0 l&rsquo;initiative. Entre les co\u00fbts logistiques, la location, la restauration et les d\u00e9penses li\u00e9es aux activit\u00e9s de groupe elles-m\u00eames, vous devez pr\u00e9voir une enveloppe. Vous devez faire les comptes et d\u00e9terminer en \u20ac les ressources que vous pouvez \/ voulez mettre dans votre team building.<\/li>\n<\/ul>\n<p>Bien entendu, vous devrez \u00e9galement r\u00e9fl\u00e9chir \u00e0 la nature des activit\u00e9s que vous souhaitez faire pendant la formation de l&rsquo;\u00e9quipe :<\/p>\n<ul>\n<li>Avez-vous besoin d&rsquo;installations sportives ?<\/li>\n<li>Organiser des conf\u00e9rences ?<\/li>\n<li>R\u00e9server un lieu particulier ?<\/li>\n<li>Fournir des conf\u00e9renciers ou des fournisseurs sp\u00e9cifiques ?<\/li>\n<\/ul>\n<h3>Internaliser ou externaliser l&rsquo;organisation du team building ?<\/h3>\n<p>Cela peut sembler trivial, mais il n&rsquo;en reste pas moins que si vous voulez concr\u00e9tiser vos id\u00e9es, il faudra que quelqu&rsquo;un organise l&rsquo;\u00e9v\u00e9nement. Une des questions que nous pouvons nous poser : devons-nous le faire en interne ou sous-traiter \u00e0 une agence sp\u00e9cialis\u00e9e dans le team building ?<\/p>\n<p>Instinctivement, nous voulons d\u00e9l\u00e9guer \u00e0 un employ\u00e9 en interne. Mais l&rsquo;organisation d&rsquo;un \u00e9v\u00e9nement est un vrai travail et peut devenir une activit\u00e9 qui prend du temps. Il n&rsquo;est pas rare que la personne charg\u00e9e de l&rsquo;organisation de l&rsquo;\u00e9quipe de team building passe au total plusieurs semaines \u00e0 pr\u00e9parer l&rsquo;\u00e9v\u00e9nement. En revanche, il ou elle aurait pu faire autre chose au lieu de r\u00e9pondre aux questions : soutien aux clients, aider \u00e0 cr\u00e9er de meilleurs produits, optimiser les processus de travail pour plus de productivit\u00e9, etc.<\/p>\n<p>C&rsquo;est pourquoi la question de l&rsquo;externalisation doit se poser !<\/p>\n<p>Vous seriez surpris d&rsquo;\u00e9num\u00e9rer tous les avantages qu&rsquo;il y a \u00e0 s&rsquo;affranchir du travail d&rsquo;un partenaire, parfois bien moins cher que de le faire en interne.[\/vc_column_text][\/vc_column_inner][\/vc_row_inner][\/vc_column][\/vc_row]<\/p>\n<\/div>","protected":false},"excerpt":{"rendered":"<p>[vc_row el_class=\u00a0\u00bbcity-tours-custom\u00a0\u00bb css=\u00a0\u00bb.vc_custom_1624698049324{margin-top: 40px !important;margin-bottom: 20px !important;}\u00a0\u00bb][vc_column][vc_column_text] Tous nos Team Building [\/vc_column_text][vc_separator][\/vc_column][\/vc_row][vc_row][vc_column][vc_row_inner][vc_column_inner][vc_column_text] \u00c0 propos de la constitution de l&rsquo;\u00e9quipe [\/vc_column_text][\/vc_column_inner][\/vc_row_inner][vc_row_inner][vc_column_inner width=\u00a0\u00bb1\/2&Prime;][vc_column_text] L&rsquo;IMPORTANCE DE L&rsquo;ESPRIT D&rsquo;\u00c9QUIPE POUR VOTRE ENTREPRISE Vous en avez entendu parler, peut-\u00eatre par des coll\u00e8gues, \u00e0 la t\u00e9l\u00e9vision ou dans des magazines, le \u00ab\u00a0team building\u00a0\u00bb est \u00e0 la mode dans le monde du [&hellip;]<\/p>\n","protected":false},"author":2,"featured_media":63068,"parent":0,"menu_order":0,"comment_status":"closed","ping_status":"closed","template":"template-home-modern.php","meta":{"_acf_changed":false,"footnotes":""},"class_list":["post-70664","page","type-page","status-publish","has-post-thumbnail","hentry"],"acf":[],"yoast_head":"<!-- This site is optimized with the Yoast SEO plugin v27.3 - https:\/\/yoast.com\/product\/yoast-seo-wordpress\/ -->\n<title>Team building - Ev\u00e9nements d&#039;entreprise France et C\u00f4te d&#039;Azur<\/title>\n<meta name=\"description\" content=\"Le team building est g\u00e9n\u00e9ralement propos\u00e9 \u00e0 l&#039;initiative du d\u00e9partement des ressources humaines, du chef d&#039;entreprise, du chef d&#039;\u00e9quipe ou m\u00eame du directeur\" \/>\n<meta name=\"robots\" content=\"index, follow, max-snippet:-1, max-image-preview:large, max-video-preview:-1\" \/>\n<link rel=\"canonical\" href=\"https:\/\/rivierabarcrawltours.com\/fr\/formation-dequipes\/\" \/>\n<meta property=\"og:locale\" content=\"fr_FR\" \/>\n<meta property=\"og:type\" content=\"article\" \/>\n<meta property=\"og:title\" content=\"Team building - Ev\u00e9nements d&#039;entreprise France et C\u00f4te d&#039;Azur\" \/>\n<meta property=\"og:description\" content=\"Le team building est g\u00e9n\u00e9ralement propos\u00e9 \u00e0 l&#039;initiative du d\u00e9partement des ressources humaines, du chef d&#039;entreprise, du chef d&#039;\u00e9quipe ou m\u00eame du directeur\" \/>\n<meta property=\"og:url\" content=\"https:\/\/rivierabarcrawltours.com\/fr\/formation-dequipes\/\" \/>\n<meta property=\"og:site_name\" content=\"Riviera Bar Crawl Tours\" \/>\n<meta property=\"article:publisher\" content=\"https:\/\/www.facebook.com\/RivieraBarCrawltours\/\" \/>\n<meta property=\"article:modified_time\" content=\"2026-02-17T08:14:25+00:00\" \/>\n<meta property=\"og:image\" content=\"https:\/\/rivierabarcrawltours.com\/wp-content\/uploads\/2021\/01\/teambuilding-nice.jpg\" \/>\n\t<meta property=\"og:image:width\" content=\"1600\" \/>\n\t<meta property=\"og:image:height\" content=\"1200\" \/>\n\t<meta property=\"og:image:type\" content=\"image\/jpeg\" \/>\n<meta name=\"twitter:card\" content=\"summary_large_image\" \/>\n<meta name=\"twitter:site\" content=\"@rivierabarcrawl\" \/>\n<meta name=\"twitter:label1\" content=\"Dur\u00e9e de lecture estim\u00e9e\" \/>\n\t<meta name=\"twitter:data1\" content=\"10 minutes\" \/>\n<!-- \/ Yoast SEO plugin. -->","yoast_head_json":{"title":"Team building - Ev\u00e9nements d'entreprise France et C\u00f4te d'Azur","description":"Le team building est g\u00e9n\u00e9ralement propos\u00e9 \u00e0 l'initiative du d\u00e9partement des ressources humaines, du chef d'entreprise, du chef d'\u00e9quipe ou m\u00eame du directeur","robots":{"index":"index","follow":"follow","max-snippet":"max-snippet:-1","max-image-preview":"max-image-preview:large","max-video-preview":"max-video-preview:-1"},"canonical":"https:\/\/rivierabarcrawltours.com\/fr\/formation-dequipes\/","og_locale":"fr_FR","og_type":"article","og_title":"Team building - Ev\u00e9nements d'entreprise France et C\u00f4te d'Azur","og_description":"Le team building est g\u00e9n\u00e9ralement propos\u00e9 \u00e0 l'initiative du d\u00e9partement des ressources humaines, du chef d'entreprise, du chef d'\u00e9quipe ou m\u00eame du directeur","og_url":"https:\/\/rivierabarcrawltours.com\/fr\/formation-dequipes\/","og_site_name":"Riviera Bar Crawl Tours","article_publisher":"https:\/\/www.facebook.com\/RivieraBarCrawltours\/","article_modified_time":"2026-02-17T08:14:25+00:00","og_image":[{"width":1600,"height":1200,"url":"https:\/\/rivierabarcrawltours.com\/wp-content\/uploads\/2021\/01\/teambuilding-nice.jpg","type":"image\/jpeg"}],"twitter_card":"summary_large_image","twitter_site":"@rivierabarcrawl","twitter_misc":{"Dur\u00e9e de lecture estim\u00e9e":"10 minutes"},"schema":{"@context":"https:\/\/schema.org","@graph":[{"@type":"WebPage","@id":"https:\/\/rivierabarcrawltours.com\/fr\/formation-dequipes\/","url":"https:\/\/rivierabarcrawltours.com\/fr\/formation-dequipes\/","name":"Team building - Ev\u00e9nements d'entreprise France et C\u00f4te d'Azur","isPartOf":{"@id":"https:\/\/rivierabarcrawltours.com\/#website"},"primaryImageOfPage":{"@id":"https:\/\/rivierabarcrawltours.com\/fr\/formation-dequipes\/#primaryimage"},"image":{"@id":"https:\/\/rivierabarcrawltours.com\/fr\/formation-dequipes\/#primaryimage"},"thumbnailUrl":"https:\/\/rivierabarcrawltours.com\/wp-content\/uploads\/2021\/01\/teambuilding-nice.jpg","datePublished":"2021-02-26T13:14:36+00:00","dateModified":"2026-02-17T08:14:25+00:00","description":"Le team building est g\u00e9n\u00e9ralement propos\u00e9 \u00e0 l'initiative du d\u00e9partement des ressources humaines, du chef d'entreprise, du chef d'\u00e9quipe ou m\u00eame du directeur","breadcrumb":{"@id":"https:\/\/rivierabarcrawltours.com\/fr\/formation-dequipes\/#breadcrumb"},"inLanguage":"fr-FR","potentialAction":[{"@type":"ReadAction","target":["https:\/\/rivierabarcrawltours.com\/fr\/formation-dequipes\/"]}]},{"@type":"ImageObject","inLanguage":"fr-FR","@id":"https:\/\/rivierabarcrawltours.com\/fr\/formation-dequipes\/#primaryimage","url":"https:\/\/rivierabarcrawltours.com\/wp-content\/uploads\/2021\/01\/teambuilding-nice.jpg","contentUrl":"https:\/\/rivierabarcrawltours.com\/wp-content\/uploads\/2021\/01\/teambuilding-nice.jpg","width":1600,"height":1200,"caption":"Formation d'\u00e9quipes"},{"@type":"BreadcrumbList","@id":"https:\/\/rivierabarcrawltours.com\/fr\/formation-dequipes\/#breadcrumb","itemListElement":[{"@type":"ListItem","position":1,"name":"Home","item":"https:\/\/rivierabarcrawltours.com\/fr\/"},{"@type":"ListItem","position":2,"name":"Concept","item":"https:\/\/rivierabarcrawltours.com\/fr\/concept\/"},{"@type":"ListItem","position":3,"name":"Renforcement de l&#8217;esprit d&#8217;\u00e9quipe"}]},{"@type":"WebSite","@id":"https:\/\/rivierabarcrawltours.com\/#website","url":"https:\/\/rivierabarcrawltours.com\/","name":"Riviera Bar Crawl Tours","description":"Fun Day &amp; Night Experiences I Tour operator I Guided Tours I Bar Crawls I Food Tours I","publisher":{"@id":"https:\/\/rivierabarcrawltours.com\/#organization"},"potentialAction":[{"@type":"SearchAction","target":{"@type":"EntryPoint","urlTemplate":"https:\/\/rivierabarcrawltours.com\/?s={search_term_string}"},"query-input":{"@type":"PropertyValueSpecification","valueRequired":true,"valueName":"search_term_string"}}],"inLanguage":"fr-FR"},{"@type":"Organization","@id":"https:\/\/rivierabarcrawltours.com\/#organization","name":"Riviera Bar Crawl Tours","url":"https:\/\/rivierabarcrawltours.com\/","logo":{"@type":"ImageObject","inLanguage":"fr-FR","@id":"https:\/\/rivierabarcrawltours.com\/#\/schema\/logo\/image\/","url":"https:\/\/rivierabarcrawltours.com\/wp-content\/uploads\/2019\/07\/logo.png","contentUrl":"https:\/\/rivierabarcrawltours.com\/wp-content\/uploads\/2019\/07\/logo.png","width":479,"height":453,"caption":"Riviera Bar Crawl Tours"},"image":{"@id":"https:\/\/rivierabarcrawltours.com\/#\/schema\/logo\/image\/"},"sameAs":["https:\/\/www.facebook.com\/RivieraBarCrawltours\/","https:\/\/x.com\/rivierabarcrawl"]}]}},"_links":{"self":[{"href":"https:\/\/rivierabarcrawltours.com\/fr\/wp-json\/wp\/v2\/pages\/70664","targetHints":{"allow":["GET"]}}],"collection":[{"href":"https:\/\/rivierabarcrawltours.com\/fr\/wp-json\/wp\/v2\/pages"}],"about":[{"href":"https:\/\/rivierabarcrawltours.com\/fr\/wp-json\/wp\/v2\/types\/page"}],"author":[{"embeddable":true,"href":"https:\/\/rivierabarcrawltours.com\/fr\/wp-json\/wp\/v2\/users\/2"}],"replies":[{"embeddable":true,"href":"https:\/\/rivierabarcrawltours.com\/fr\/wp-json\/wp\/v2\/comments?post=70664"}],"version-history":[{"count":4,"href":"https:\/\/rivierabarcrawltours.com\/fr\/wp-json\/wp\/v2\/pages\/70664\/revisions"}],"predecessor-version":[{"id":126619,"href":"https:\/\/rivierabarcrawltours.com\/fr\/wp-json\/wp\/v2\/pages\/70664\/revisions\/126619"}],"wp:featuredmedia":[{"embeddable":true,"href":"https:\/\/rivierabarcrawltours.com\/fr\/wp-json\/wp\/v2\/media\/63068"}],"wp:attachment":[{"href":"https:\/\/rivierabarcrawltours.com\/fr\/wp-json\/wp\/v2\/media?parent=70664"}],"curies":[{"name":"wp","href":"https:\/\/api.w.org\/{rel}","templated":true}]}}