{"id":70658,"date":"2021-02-26T14:06:31","date_gmt":"2021-02-26T13:06:31","guid":{"rendered":"https:\/\/rivierabarcrawltours.com\/concept\/excursions-a-terre\/"},"modified":"2022-04-09T08:02:07","modified_gmt":"2022-04-09T06:02:07","slug":"excursions-a-terre","status":"publish","type":"page","link":"https:\/\/rivierabarcrawltours.com\/fr\/excursions-a-terre\/","title":{"rendered":"Excursions \u00e0 terre"},"content":{"rendered":"<div class=\"wpb-content-wrapper\"><p>[vc_row equal_height=\u00a0\u00bbyes\u00a0\u00bb el_class=\u00a0\u00bbcity-tours-custom\u00a0\u00bb css=\u00a0\u00bb.vc_custom_1612424639627{margin-top: 40px !important;margin-bottom: 20px !important;}\u00a0\u00bb][vc_column][vc_column_text]<\/p>\n<h2>Toutes nos excursions \u00e0 terre<\/h2>\n<p>[\/vc_column_text]<div class='list_tours'>   <div class=\"concept-listings owl-carousel owl-theme\">\n   <\/div>\n\n    \n<script type=\"text\/javascript\">\n$(document).ready(function() {\n       $(\".concept-listings\").owlCarousel({\n        margin:20,\n                dots:true,\n        responsiveClass:true,\n        responsive:{\n            0:{\n                items:1,\n                nav:false\n            },\n            600:{\n                items:3,\n                nav:false\n            },\n            1000:{\n                items:4,\n                nav:true\n            }\n        }\n       });\n}); \n\n<\/script>\n\n<style type=\"text\/css\">\n.concept-listings .owl-stage {\n    display: -webkit-box !important;\n    display: -moz-box !important;\n    display: -ms-box !important;\n    display: box !important;\n}\n.concept-listings .owl-dots {\n    margin-top: 10px;\n    text-align: center;\n}\n.concept-listings .owl-dots .owl-dot {\n    display: inline-block;\n    background: 0 0;\n    color: inherit;\n    border: none;\n    padding: 0 !important;\n}\n.concept-listings .owl-dots .owl-dot.active span {\n    background: var(--link-color, #5191FA);\n}\n.concept-listings .owl-dots .owl-dot span {\n    width: 10px;\n    height: 10px;\n    margin: 5px 7px;\n    background: var(--light-grey-color, #EAEEF3);\n    display: block;\n    transition: opacity 0.2s ease;\n    border-radius: 30px;\n}\n.city-tours-custom .feature_class{\n  left: 0 !important;\n}\n.concept-listings .owl-nav {\n    position: absolute;\n    height: 100%;\n    top: 0;\n    width: 100%;\n    z-index: -1;\n}\n.concept-listings .owl-nav button {\n    position: absolute;\n    top: 50%;\n    margin-top: -18px;\n}\n.concept-listings .owl-nav button.owl-next {\n    right: -66px;\n}\n.concept-listings .owl-nav button.owl-prev {\n    left: -66px;\n}\n.concept-listings .owl-nav button.owl-next span {\n    width: 36px;\n    height: 36px;\n    display: block;\n    background: url(https:\/\/rivierabarcrawltours.com\/wp-content\/uploads\/2021\/06\/arrow-right.png) center center no-repeat;\n    background-size: 100% auto;\n    color: transparent;\n}\n.concept-listings .owl-nav button.owl-prev span {\n    width: 36px;\n    height: 36px;\n    display: block;\n    background: url(https:\/\/rivierabarcrawltours.com\/wp-content\/uploads\/2021\/02\/arrow-left.png) center center no-repeat;\n    background-size: 100% auto;\n    color: transparent;\n}\n\n.city-tours-custom .thumb{\n    border: none !important;\n}\n<\/style><\/div>[vc_separator][\/vc_column][\/vc_row][vc_row][vc_column][vc_row_inner][vc_column_inner][vc_column_text]<\/p>\n<h2>Toutes nos excursions \u00e0 terre<\/h2>\n<p>[\/vc_column_text][\/vc_column_inner][\/vc_row_inner][vc_row_inner][vc_column_inner][vc_column_text]La C\u00f4te d&rsquo;Azur est la destination de r\u00eave de tout touriste. Et est-ce vraiment une surprise ? Apr\u00e8s tout, la r\u00e9gion regorge d&rsquo;attractions merveilleuses ! Que vous souhaitiez prendre le soleil sur la plage, go\u00fbter au meilleur de la cuisine locale, explorer les joyaux cach\u00e9s de la C\u00f4te d&rsquo;Azur ou d\u00e9guster un bon vin, vous \u00eates s\u00fbr de le trouver ici, sur la C\u00f4te d&rsquo;Azur.<\/p>\n<p>Ayant travaill\u00e9 dans l&rsquo;industrie du tourisme pendant de nombreuses ann\u00e9es, nous avons compris ce qui fait une exp\u00e9rience m\u00e9morable. Et nous essayons d&rsquo;appliquer cela \u00e0 tous nos circuits et activit\u00e9s. Lors de nos excursions sur la c\u00f4te, vous \u00eates entre les mains d&rsquo;un expert local de confiance qui a des ann\u00e9es d&rsquo;exp\u00e9rience et une vaste connaissance de la r\u00e9gion. Ils connaissent la C\u00f4te d&rsquo;Azur comme leur poche, vous pouvez donc \u00eatre s\u00fbr d&rsquo;apprendre tous les meilleurs trucs et astuces pour tirer le meilleur parti de votre s\u00e9jour. Nos guides sont \u00e9galement l\u00e0 parce qu&rsquo;ils aiment travailler avec les gens et partager avec eux notre culture unique. N&rsquo;ayez donc pas peur d&rsquo;interagir et de poser des questions, nos guides se feront un plaisir de vous aider !<\/p>\n<p>Oui, nous offrons notre part de visites et d&rsquo;activit\u00e9s g\u00e9n\u00e9rales. Cependant, vous ne pouvez pas profiter des avantages d&rsquo;une visite priv\u00e9e personnalis\u00e9e. Si vous voyagez d\u00e9j\u00e0 avec un groupe, il est logique de vouloir profiter de l&rsquo;exp\u00e9rience et de vous faire des souvenirs entre vous. Ce qui peut \u00eatre difficile \u00e0 faire si vous \u00eates bloqu\u00e9 dans un groupe de 50 autres touristes bruyants. De plus, gr\u00e2ce \u00e0 nos visites et activit\u00e9s priv\u00e9es, vous pouvez personnaliser votre journ\u00e9e. Vous souhaitez vous arr\u00eater quelque part pour d\u00e9jeuner ou organiser un transport pour venir vous chercher \u00e0 votre h\u00f4tel ? Il vous suffit de nous en informer \u00e0 l&rsquo;avance et nous organiserons la sortie id\u00e9ale pour vous et votre groupe en 72 heures seulement. Sans oublier l&rsquo;attention personnelle que vous recevrez de nos guides comp\u00e9tents. \u00c9chappez aux corbeaux et apprenez \u00e0 conna\u00eetre la ville plus intimement.<\/p>\n<p>Organiser vos vacances les plus m\u00e9morables n&rsquo;a jamais \u00e9t\u00e9 aussi facile qu&rsquo;avec nos forfaits d&rsquo;excursion \u00e0 terre. Alors, faites vos r\u00e9servations et n&rsquo;h\u00e9sitez pas \u00e0 nous contacter pour toute demande ou question. Apr\u00e8s tout, votre satisfaction est notre priorit\u00e9 absolue ![\/vc_column_text][vc_column_text]<\/p>\n<\/div>","protected":false},"excerpt":{"rendered":"<p>[vc_row equal_height=\u00a0\u00bbyes\u00a0\u00bb el_class=\u00a0\u00bbcity-tours-custom\u00a0\u00bb css=\u00a0\u00bb.vc_custom_1612424639627{margin-top: 40px !important;margin-bottom: 20px !important;}\u00a0\u00bb][vc_column][vc_column_text] Toutes nos excursions \u00e0 terre [\/vc_column_text][vc_separator][\/vc_column][\/vc_row][vc_row][vc_column][vc_row_inner][vc_column_inner][vc_column_text] Toutes nos excursions \u00e0 terre [\/vc_column_text][\/vc_column_inner][\/vc_row_inner][vc_row_inner][vc_column_inner][vc_column_text]La C\u00f4te d&rsquo;Azur est la destination de r\u00eave de tout touriste. Et est-ce vraiment une surprise ? Apr\u00e8s tout, la r\u00e9gion regorge d&rsquo;attractions merveilleuses ! Que vous souhaitiez prendre le soleil sur la plage, go\u00fbter au [&hellip;]<\/p>\n","protected":false},"author":2,"featured_media":63623,"parent":0,"menu_order":0,"comment_status":"closed","ping_status":"closed","template":"template-home-modern.php","meta":{"_acf_changed":false,"footnotes":""},"class_list":["post-70658","page","type-page","status-publish","has-post-thumbnail","hentry"],"acf":[],"yoast_head":"<!-- This site is optimized with the Yoast SEO plugin v27.3 - https:\/\/yoast.com\/product\/yoast-seo-wordpress\/ -->\n<title>Archives des  | Riviera Bar Crawl Tours<\/title>\n<meta name=\"description\" content=\"La C\u00f4te d&#039;Azur est associ\u00e9e \u00e0 un climat agr\u00e9able, \u00e0 de belles plages et \u00e0 des paysages \u00e9tonnants. Que vous soyez en vacances ou de passage.\" \/>\n<meta name=\"robots\" content=\"index, follow, max-snippet:-1, max-image-preview:large, max-video-preview:-1\" \/>\n<link rel=\"canonical\" href=\"https:\/\/rivierabarcrawltours.com\/fr\/excursions-a-terre\/\" \/>\n<meta property=\"og:locale\" content=\"fr_FR\" \/>\n<meta property=\"og:type\" content=\"article\" \/>\n<meta property=\"og:title\" content=\"Archives des  | Riviera Bar Crawl Tours\" \/>\n<meta property=\"og:description\" content=\"La C\u00f4te d&#039;Azur est associ\u00e9e \u00e0 un climat agr\u00e9able, \u00e0 de belles plages et \u00e0 des paysages \u00e9tonnants. Que vous soyez en vacances ou de passage.\" \/>\n<meta property=\"og:url\" content=\"https:\/\/rivierabarcrawltours.com\/fr\/excursions-a-terre\/\" \/>\n<meta property=\"og:site_name\" content=\"Riviera Bar Crawl Tours\" \/>\n<meta property=\"article:publisher\" content=\"https:\/\/www.facebook.com\/RivieraBarCrawltours\/\" \/>\n<meta property=\"article:modified_time\" content=\"2022-04-09T06:02:07+00:00\" \/>\n<meta property=\"og:image\" content=\"https:\/\/rivierabarcrawltours.com\/wp-content\/uploads\/2021\/02\/shore-excursions-pic6.jpg\" \/>\n\t<meta property=\"og:image:width\" content=\"1920\" \/>\n\t<meta property=\"og:image:height\" content=\"1825\" \/>\n\t<meta property=\"og:image:type\" content=\"image\/jpeg\" \/>\n<meta name=\"twitter:card\" content=\"summary_large_image\" \/>\n<meta name=\"twitter:site\" content=\"@rivierabarcrawl\" \/>\n<meta name=\"twitter:label1\" content=\"Dur\u00e9e de lecture estim\u00e9e\" \/>\n\t<meta name=\"twitter:data1\" content=\"2 minutes\" \/>\n<!-- \/ Yoast SEO plugin. -->","yoast_head_json":{"title":"Archives des  | Riviera Bar Crawl Tours","description":"La C\u00f4te d'Azur est associ\u00e9e \u00e0 un climat agr\u00e9able, \u00e0 de belles plages et \u00e0 des paysages \u00e9tonnants. Que vous soyez en vacances ou de passage.","robots":{"index":"index","follow":"follow","max-snippet":"max-snippet:-1","max-image-preview":"max-image-preview:large","max-video-preview":"max-video-preview:-1"},"canonical":"https:\/\/rivierabarcrawltours.com\/fr\/excursions-a-terre\/","og_locale":"fr_FR","og_type":"article","og_title":"Archives des  | Riviera Bar Crawl Tours","og_description":"La C\u00f4te d'Azur est associ\u00e9e \u00e0 un climat agr\u00e9able, \u00e0 de belles plages et \u00e0 des paysages \u00e9tonnants. Que vous soyez en vacances ou de passage.","og_url":"https:\/\/rivierabarcrawltours.com\/fr\/excursions-a-terre\/","og_site_name":"Riviera Bar Crawl Tours","article_publisher":"https:\/\/www.facebook.com\/RivieraBarCrawltours\/","article_modified_time":"2022-04-09T06:02:07+00:00","og_image":[{"width":1920,"height":1825,"url":"https:\/\/rivierabarcrawltours.com\/wp-content\/uploads\/2021\/02\/shore-excursions-pic6.jpg","type":"image\/jpeg"}],"twitter_card":"summary_large_image","twitter_site":"@rivierabarcrawl","twitter_misc":{"Dur\u00e9e de lecture estim\u00e9e":"2 minutes"},"schema":{"@context":"https:\/\/schema.org","@graph":[{"@type":"WebPage","@id":"https:\/\/rivierabarcrawltours.com\/fr\/excursions-a-terre\/","url":"https:\/\/rivierabarcrawltours.com\/fr\/excursions-a-terre\/","name":"Archives des | Riviera Bar Crawl Tours","isPartOf":{"@id":"https:\/\/rivierabarcrawltours.com\/#website"},"primaryImageOfPage":{"@id":"https:\/\/rivierabarcrawltours.com\/fr\/excursions-a-terre\/#primaryimage"},"image":{"@id":"https:\/\/rivierabarcrawltours.com\/fr\/excursions-a-terre\/#primaryimage"},"thumbnailUrl":"https:\/\/rivierabarcrawltours.com\/wp-content\/uploads\/2021\/02\/shore-excursions-pic6.jpg","datePublished":"2021-02-26T13:06:31+00:00","dateModified":"2022-04-09T06:02:07+00:00","description":"La C\u00f4te d'Azur est associ\u00e9e \u00e0 un climat agr\u00e9able, \u00e0 de belles plages et \u00e0 des paysages \u00e9tonnants. Que vous soyez en vacances ou de passage.","breadcrumb":{"@id":"https:\/\/rivierabarcrawltours.com\/fr\/excursions-a-terre\/#breadcrumb"},"inLanguage":"fr-FR","potentialAction":[{"@type":"ReadAction","target":["https:\/\/rivierabarcrawltours.com\/fr\/excursions-a-terre\/"]}]},{"@type":"ImageObject","inLanguage":"fr-FR","@id":"https:\/\/rivierabarcrawltours.com\/fr\/excursions-a-terre\/#primaryimage","url":"https:\/\/rivierabarcrawltours.com\/wp-content\/uploads\/2021\/02\/shore-excursions-pic6.jpg","contentUrl":"https:\/\/rivierabarcrawltours.com\/wp-content\/uploads\/2021\/02\/shore-excursions-pic6.jpg","width":1920,"height":1825,"caption":"shore-excursions"},{"@type":"BreadcrumbList","@id":"https:\/\/rivierabarcrawltours.com\/fr\/excursions-a-terre\/#breadcrumb","itemListElement":[{"@type":"ListItem","position":1,"name":"Home","item":"https:\/\/rivierabarcrawltours.com\/fr\/"},{"@type":"ListItem","position":2,"name":"Concept","item":"https:\/\/rivierabarcrawltours.com\/fr\/concept\/"},{"@type":"ListItem","position":3,"name":"Excursions \u00e0 terre"}]},{"@type":"WebSite","@id":"https:\/\/rivierabarcrawltours.com\/#website","url":"https:\/\/rivierabarcrawltours.com\/","name":"Riviera Bar Crawl Tours","description":"Fun Day &amp; Night Experiences I Tour operator I Guided Tours I Bar Crawls I Food Tours I","publisher":{"@id":"https:\/\/rivierabarcrawltours.com\/#organization"},"potentialAction":[{"@type":"SearchAction","target":{"@type":"EntryPoint","urlTemplate":"https:\/\/rivierabarcrawltours.com\/?s={search_term_string}"},"query-input":{"@type":"PropertyValueSpecification","valueRequired":true,"valueName":"search_term_string"}}],"inLanguage":"fr-FR"},{"@type":"Organization","@id":"https:\/\/rivierabarcrawltours.com\/#organization","name":"Riviera Bar Crawl Tours","url":"https:\/\/rivierabarcrawltours.com\/","logo":{"@type":"ImageObject","inLanguage":"fr-FR","@id":"https:\/\/rivierabarcrawltours.com\/#\/schema\/logo\/image\/","url":"https:\/\/rivierabarcrawltours.com\/wp-content\/uploads\/2019\/07\/logo.png","contentUrl":"https:\/\/rivierabarcrawltours.com\/wp-content\/uploads\/2019\/07\/logo.png","width":479,"height":453,"caption":"Riviera Bar Crawl Tours"},"image":{"@id":"https:\/\/rivierabarcrawltours.com\/#\/schema\/logo\/image\/"},"sameAs":["https:\/\/www.facebook.com\/RivieraBarCrawltours\/","https:\/\/x.com\/rivierabarcrawl"]}]}},"_links":{"self":[{"href":"https:\/\/rivierabarcrawltours.com\/fr\/wp-json\/wp\/v2\/pages\/70658","targetHints":{"allow":["GET"]}}],"collection":[{"href":"https:\/\/rivierabarcrawltours.com\/fr\/wp-json\/wp\/v2\/pages"}],"about":[{"href":"https:\/\/rivierabarcrawltours.com\/fr\/wp-json\/wp\/v2\/types\/page"}],"author":[{"embeddable":true,"href":"https:\/\/rivierabarcrawltours.com\/fr\/wp-json\/wp\/v2\/users\/2"}],"replies":[{"embeddable":true,"href":"https:\/\/rivierabarcrawltours.com\/fr\/wp-json\/wp\/v2\/comments?post=70658"}],"version-history":[{"count":3,"href":"https:\/\/rivierabarcrawltours.com\/fr\/wp-json\/wp\/v2\/pages\/70658\/revisions"}],"predecessor-version":[{"id":94522,"href":"https:\/\/rivierabarcrawltours.com\/fr\/wp-json\/wp\/v2\/pages\/70658\/revisions\/94522"}],"wp:featuredmedia":[{"embeddable":true,"href":"https:\/\/rivierabarcrawltours.com\/fr\/wp-json\/wp\/v2\/media\/63623"}],"wp:attachment":[{"href":"https:\/\/rivierabarcrawltours.com\/fr\/wp-json\/wp\/v2\/media?parent=70658"}],"curies":[{"name":"wp","href":"https:\/\/api.w.org\/{rel}","templated":true}]}}