{"id":70629,"date":"2021-02-26T13:27:48","date_gmt":"2021-02-26T12:27:48","guid":{"rendered":"https:\/\/rivierabarcrawltours.com\/concept\/visites-privees\/"},"modified":"2021-06-26T11:00:28","modified_gmt":"2021-06-26T09:00:28","slug":"visites-privees","status":"publish","type":"page","link":"https:\/\/rivierabarcrawltours.com\/fr\/visites-privees\/","title":{"rendered":"Visites priv\u00e9es"},"content":{"rendered":"<div class=\"wpb-content-wrapper\"><p>[vc_row el_class=\u00a0\u00bbcity-tours-custom\u00a0\u00bb css=\u00a0\u00bb.vc_custom_1624698007125{margin-top: 40px !important;margin-bottom: 20px !important;}\u00a0\u00bb][vc_column][vc_column_text]<\/p>\n<h2>Toutes nos visites priv\u00e9es<\/h2>\n<p>[\/vc_column_text]<div class='list_tours'>   <div class=\"concept-listings owl-carousel owl-theme\">\n          <div class=\"style_box\">\n                      <div class=\"thumb\">\n               <header class=\"thumb-header st_avatar_fix\">\n                                      <a href=\"https:\/\/rivierabarcrawltours.com\/fr\/tour\/visite-privee-du-marais-paris\/\" class=\"hover-img\">\n                       <img decoding=\"async\" width=\"260\" height=\"190\" src=\"https:\/\/rivierabarcrawltours.com\/wp-content\/uploads\/2021\/10\/Private-Tour-le-Marais-Paris-2-260x190.jpg\" class=\"attachment-260x190x1 size-260x190x1 wp-post-image\" alt=\"Visite priv\u00e9e du Marais Paris\" \/>                       <h5 class=\"hover-title hover-hold text-center\">\n                           Visite priv\u00e9e du Marais Paris                       <\/h5>\n                   <\/a>\n                                  <\/header>\n           <\/div>\n       <\/div>\n          <div class=\"style_box\">\n                      <div class=\"thumb\">\n               <header class=\"thumb-header st_avatar_fix\">\n                                      <a href=\"https:\/\/rivierabarcrawltours.com\/fr\/tour\/visite-privee-des-champs-elysees-paris\/\" class=\"hover-img\">\n                       <img decoding=\"async\" width=\"260\" height=\"190\" src=\"https:\/\/rivierabarcrawltours.com\/wp-content\/uploads\/2021\/10\/Private-tour-les-Champs-Elysees-Paris-2-260x190.jpg\" class=\"attachment-260x190x1 size-260x190x1 wp-post-image\" alt=\"Visite priv\u00e9e des Champs-\u00c9lys\u00e9es Paris\" \/>                       <h5 class=\"hover-title hover-hold text-center\">\n                           Visite priv\u00e9e des Champs-\u00c9lys\u00e9es Paris                       <\/h5>\n                   <\/a>\n                                  <\/header>\n           <\/div>\n       <\/div>\n          <div class=\"style_box\">\n                      <div class=\"thumb\">\n               <header class=\"thumb-header st_avatar_fix\">\n                                      <a href=\"https:\/\/rivierabarcrawltours.com\/fr\/tour\/visite-privee-quartier-latin-paris\/\" class=\"hover-img\">\n                       <img decoding=\"async\" width=\"260\" height=\"190\" src=\"https:\/\/rivierabarcrawltours.com\/wp-content\/uploads\/2021\/10\/Private-Tour-Latin-Quarter-Paris-2-260x190.jpeg\" class=\"attachment-260x190x1 size-260x190x1 wp-post-image\" alt=\"Visite priv\u00e9e Quartier latin Paris\" \/>                       <h5 class=\"hover-title hover-hold text-center\">\n                           Visite priv\u00e9e Quartier latin Paris                       <\/h5>\n                   <\/a>\n                                  <\/header>\n           <\/div>\n       <\/div>\n          <div class=\"style_box\">\n                      <div class=\"thumb\">\n               <header class=\"thumb-header st_avatar_fix\">\n                                      <a href=\"https:\/\/rivierabarcrawltours.com\/fr\/tour\/circuits-touristiques-sur-la-cote-dazur\/\" class=\"hover-img\">\n                       <img decoding=\"async\" width=\"260\" height=\"190\" src=\"https:\/\/rivierabarcrawltours.com\/wp-content\/uploads\/2021\/02\/French-Riviera-Private-Stadtfuhrungen-4-260x190.jpg\" class=\"attachment-260x190x1 size-260x190x1 wp-post-image\" alt=\"Tours priv\u00e9s de la C\u00f4te d&#039;Azur\" \/>                       <h5 class=\"hover-title hover-hold text-center\">\n                           Circuits touristiques sur la C\u00f4te d&rsquo;Azur                       <\/h5>\n                   <\/a>\n                                  <\/header>\n           <\/div>\n       <\/div>\n          <div class=\"style_box\">\n                      <div class=\"thumb\">\n               <header class=\"thumb-header st_avatar_fix\">\n                                      <a href=\"https:\/\/rivierabarcrawltours.com\/fr\/tour\/visites-guidees-de-cannes\/\" class=\"hover-img\">\n                       <img decoding=\"async\" width=\"260\" height=\"190\" src=\"https:\/\/rivierabarcrawltours.com\/wp-content\/uploads\/2023\/04\/Cannes-260x190.jpg\" class=\"attachment-260x190x1 size-260x190x1 wp-post-image\" alt=\"Cannes Tours\" \/>                       <h5 class=\"hover-title hover-hold text-center\">\n                           Visites guid\u00e9es de Cannes                       <\/h5>\n                   <\/a>\n                                  <\/header>\n           <\/div>\n       <\/div>\n          <div class=\"style_box\">\n                      <div class=\"thumb\">\n               <header class=\"thumb-header st_avatar_fix\">\n                                      <a href=\"https:\/\/rivierabarcrawltours.com\/fr\/tour\/visites-guidees-a-monaco\/\" class=\"hover-img\">\n                       <img decoding=\"async\" width=\"260\" height=\"190\" src=\"https:\/\/rivierabarcrawltours.com\/wp-content\/uploads\/2021\/05\/Sightseeing-Tours-in-Monaco-1-260x190.jpg\" class=\"attachment-260x190x1 size-260x190x1 wp-post-image\" alt=\"Visites guid\u00e9es \u00e0 Monaco\" \/>                       <h5 class=\"hover-title hover-hold text-center\">\n                           Visites guid\u00e9es \u00e0 Monaco                       <\/h5>\n                   <\/a>\n                                  <\/header>\n           <\/div>\n       <\/div>\n          <div class=\"style_box\">\n                      <div class=\"thumb\">\n               <header class=\"thumb-header st_avatar_fix\">\n                                      <a href=\"https:\/\/rivierabarcrawltours.com\/fr\/tour\/explorez-les-bars-caches-et-les-bars-clandestins-a-nice\/\" class=\"hover-img\">\n                       <img decoding=\"async\" width=\"260\" height=\"190\" src=\"https:\/\/rivierabarcrawltours.com\/wp-content\/uploads\/2024\/02\/Speak-easy-nice-france-260x190.jpg\" class=\"attachment-260x190x1 size-260x190x1 wp-post-image\" alt=\"Speak easy nice france\" \/>                       <h5 class=\"hover-title hover-hold text-center\">\n                           Explorez les bars cach\u00e9s et les bars clandestins \u00e0 Nice                       <\/h5>\n                   <\/a>\n                                  <\/header>\n           <\/div>\n       <\/div>\n          <div class=\"style_box\">\n                      <div class=\"thumb\">\n               <header class=\"thumb-header st_avatar_fix\">\n                                      <a href=\"https:\/\/rivierabarcrawltours.com\/fr\/tour\/tour-du-circuit-monaco-grand-prix-formule-1\/\" class=\"hover-img\">\n                       <img decoding=\"async\" width=\"260\" height=\"190\" src=\"https:\/\/rivierabarcrawltours.com\/wp-content\/uploads\/2024\/02\/monaco-grand-Prix-Gp-private-tour24-1-260x190.jpeg\" class=\"attachment-260x190x1 size-260x190x1 wp-post-image\" alt=\"visite priv\u00e9e du grand prix de monaco Gp\" \/>                       <h5 class=\"hover-title hover-hold text-center\">\n                           Visite guid\u00e9e priv\u00e9e du circuit du Grand Prix de F1 de Monaco                       <\/h5>\n                   <\/a>\n                                  <\/header>\n           <\/div>\n       <\/div>\n          <div class=\"style_box\">\n                      <div class=\"thumb\">\n               <header class=\"thumb-header st_avatar_fix\">\n                                      <a href=\"https:\/\/rivierabarcrawltours.com\/fr\/tour\/riviera-boat-party-cannes-france\/\" class=\"hover-img\">\n                       <img decoding=\"async\" width=\"260\" height=\"190\" src=\"https:\/\/rivierabarcrawltours.com\/wp-content\/uploads\/2023\/05\/Riviera-Boat-Party-cannes-260x190.jpeg\" class=\"attachment-260x190x1 size-260x190x1 wp-post-image\" alt=\"Riviera boat party Cannes\" \/>                       <h5 class=\"hover-title hover-hold text-center\">\n                           Riviera Boat Party \u00e0 Cannes, France                       <\/h5>\n                   <\/a>\n                                  <\/header>\n           <\/div>\n       <\/div>\n          <div class=\"style_box\">\n           <div class=\"feature_class st_featured featured\">Featured<\/div>           <div class=\"thumb\">\n               <header class=\"thumb-header st_avatar_fix\">\n                                      <a href=\"https:\/\/rivierabarcrawltours.com\/fr\/tour\/party-bus-paris-france\/\" class=\"hover-img\">\n                       <img decoding=\"async\" width=\"260\" height=\"190\" src=\"https:\/\/rivierabarcrawltours.com\/wp-content\/uploads\/2022\/03\/party-bus-paris-1-260x190.jpg\" class=\"attachment-260x190x1 size-260x190x1 wp-post-image\" alt=\"party bus paris\" \/>                       <h5 class=\"hover-title hover-hold text-center\">\n                           Party Bus Paris France\u00a0et Bar Crawl                       <\/h5>\n                   <\/a>\n                                  <\/header>\n           <\/div>\n       <\/div>\n   <\/div>\n\n            <style type=\"text\/css\">\n            .concept-listings .owl-dots.disabled,\n            .concept-listings .owl-nav.disabled{\n                display: block !important;\n            }\n        <\/style>\n    \n<script type=\"text\/javascript\">\n$(document).ready(function() {\n       $(\".concept-listings\").owlCarousel({\n        margin:20,\n                loop:true,\n                dots:true,\n        responsiveClass:true,\n        responsive:{\n            0:{\n                items:1,\n                nav:false\n            },\n            600:{\n                items:3,\n                nav:false\n            },\n            1000:{\n                items:4,\n                nav:true\n            }\n        }\n       });\n}); \n\n<\/script>\n\n<style type=\"text\/css\">\n.concept-listings .owl-stage {\n    display: -webkit-box !important;\n    display: -moz-box !important;\n    display: -ms-box !important;\n    display: box !important;\n}\n.concept-listings .owl-dots {\n    margin-top: 10px;\n    text-align: center;\n}\n.concept-listings .owl-dots .owl-dot {\n    display: inline-block;\n    background: 0 0;\n    color: inherit;\n    border: none;\n    padding: 0 !important;\n}\n.concept-listings .owl-dots .owl-dot.active span {\n    background: var(--link-color, #5191FA);\n}\n.concept-listings .owl-dots .owl-dot span {\n    width: 10px;\n    height: 10px;\n    margin: 5px 7px;\n    background: var(--light-grey-color, #EAEEF3);\n    display: block;\n    transition: opacity 0.2s ease;\n    border-radius: 30px;\n}\n.city-tours-custom .feature_class{\n  left: 0 !important;\n}\n.concept-listings .owl-nav {\n    position: absolute;\n    height: 100%;\n    top: 0;\n    width: 100%;\n    z-index: -1;\n}\n.concept-listings .owl-nav button {\n    position: absolute;\n    top: 50%;\n    margin-top: -18px;\n}\n.concept-listings .owl-nav button.owl-next {\n    right: -66px;\n}\n.concept-listings .owl-nav button.owl-prev {\n    left: -66px;\n}\n.concept-listings .owl-nav button.owl-next span {\n    width: 36px;\n    height: 36px;\n    display: block;\n    background: url(https:\/\/rivierabarcrawltours.com\/wp-content\/uploads\/2021\/06\/arrow-right.png) center center no-repeat;\n    background-size: 100% auto;\n    color: transparent;\n}\n.concept-listings .owl-nav button.owl-prev span {\n    width: 36px;\n    height: 36px;\n    display: block;\n    background: url(https:\/\/rivierabarcrawltours.com\/wp-content\/uploads\/2021\/02\/arrow-left.png) center center no-repeat;\n    background-size: 100% auto;\n    color: transparent;\n}\n\n.city-tours-custom .thumb{\n    border: none !important;\n}\n<\/style><\/div>[vc_separator][\/vc_column][\/vc_row][vc_row][vc_column][vc_row_inner][vc_column_inner][vc_column_text]<\/p>\n<h2>\u00c0 propos de nos visites priv\u00e9es<\/h2>\n<p>[\/vc_column_text][\/vc_column_inner][\/vc_row_inner][vc_row_inner][vc_column_inner width=\u00a0\u00bb1\/2&Prime;][vc_column_text]<br \/>\nVous recherchez une exp\u00e9rience plus personnalis\u00e9e, priv\u00e9e ou sp\u00e9cifique ? Alors, la visite \u00e0 pied priv\u00e9e ou personnalis\u00e9e est faite pour vous.<\/p>\n<p>L&rsquo;avantage d&rsquo;un circuit priv\u00e9 sur mesure est que vous pouvez l&rsquo;adapter \u00e0 vos besoins et \u00e0 vos go\u00fbts sp\u00e9cifiques afin de tirer le meilleur parti de vos vacances.<\/p>\n<p>Pour les voyageurs d\u00e9sireux de s&rsquo;engager activement dans la ville, une visite priv\u00e9e est un excellent moyen de d\u00e9couvrir toutes les facettes d&rsquo;une ville et son caract\u00e8re \u00e0 un niveau priv\u00e9 et personnel. M\u00eame si vous aimez d\u00e9couvrir un nouvel endroit en vous perdant dans ses ruelles et en d\u00e9couvrant des endroits inattendus, une visite priv\u00e9e peut \u00eatre un excellent compl\u00e9ment \u00e0 ce type de vacances.<\/p>\n<p>Les visites priv\u00e9es et personnalis\u00e9es vous offrent les recommandations parfaites pour r\u00e9pondre \u00e0 tous vos besoins, du choix du meilleur restaurant pour manger, aux conseils pratiques sur les transports et bien d&rsquo;autres choses encore.<br \/>\n[\/vc_column_text][\/vc_column_inner][vc_column_inner width=\u00a0\u00bb1\/2&Prime;][vc_column_text]<br \/>\nPourquoi perdre du temps et s&rsquo;inqui\u00e9ter d&rsquo;essayer de lire une carte et de se frayer un chemin dans les petites rues et ruelles, quand on peut se confier aux connaissances confiantes d&rsquo;un guide qui sait tout. Ainsi, non seulement vous pourrez vous d\u00e9tendre, vous lib\u00e9rer du stress li\u00e9 \u00e0 la perte de vos rep\u00e8res dans un environnement inconnu, mais vous pourrez \u00e9galement vous plonger dans la culture, l&rsquo;histoire et les traditions locales en discutant avec votre guide.<\/p>\n<p>Nous sommes ravis de vous proposer des circuits p\u00e9destres priv\u00e9s et personnalis\u00e9s sur toute la C\u00f4te d&rsquo;Azur !<\/p>\n<p>Profitez de l&rsquo;attention personnelle de votre guide et \u00e9chappez \u00e0 la foule des visites \u00e0 pied publiques ! Nos visites priv\u00e9es sur mesure sont sp\u00e9cialement con\u00e7ues pour vous permettre de conna\u00eetre intimement les meilleurs endroits de la C\u00f4te d&rsquo;Azur.<br \/>\n[\/vc_column_text][\/vc_column_inner][\/vc_row_inner][\/vc_column][\/vc_row]<\/p>\n<\/div>","protected":false},"excerpt":{"rendered":"<p>[vc_row el_class=\u00a0\u00bbcity-tours-custom\u00a0\u00bb css=\u00a0\u00bb.vc_custom_1624698007125{margin-top: 40px !important;margin-bottom: 20px !important;}\u00a0\u00bb][vc_column][vc_column_text] Toutes nos visites priv\u00e9es [\/vc_column_text][vc_separator][\/vc_column][\/vc_row][vc_row][vc_column][vc_row_inner][vc_column_inner][vc_column_text] \u00c0 propos de nos visites priv\u00e9es [\/vc_column_text][\/vc_column_inner][\/vc_row_inner][vc_row_inner][vc_column_inner width=\u00a0\u00bb1\/2&Prime;][vc_column_text] Vous recherchez une exp\u00e9rience plus personnalis\u00e9e, priv\u00e9e ou sp\u00e9cifique ? Alors, la visite \u00e0 pied priv\u00e9e ou personnalis\u00e9e est faite pour vous. L&rsquo;avantage d&rsquo;un circuit priv\u00e9 sur mesure est que vous pouvez l&rsquo;adapter \u00e0 vos [&hellip;]<\/p>\n","protected":false},"author":2,"featured_media":35934,"parent":0,"menu_order":0,"comment_status":"closed","ping_status":"closed","template":"template-home-modern.php","meta":{"_acf_changed":false,"footnotes":""},"class_list":["post-70629","page","type-page","status-publish","has-post-thumbnail","hentry"],"acf":[],"yoast_head":"<!-- This site is optimized with the Yoast SEO plugin v27.3 - https:\/\/yoast.com\/product\/yoast-seo-wordpress\/ -->\n<title>French Riviera Private Tours | Riviera Bar Crawl Tours<\/title>\n<meta name=\"description\" content=\"D\u00e9couvrez le meilleur de la C\u00f4te d&#039;Azur avec nos circuits priv\u00e9s \u00e0 Monaco, Cannes, Nice avec des guides locaux. Et dans toute l&#039;Europe.\" \/>\n<meta name=\"robots\" content=\"index, follow, max-snippet:-1, max-image-preview:large, max-video-preview:-1\" \/>\n<link rel=\"canonical\" href=\"https:\/\/rivierabarcrawltours.com\/fr\/visites-privees\/\" \/>\n<meta property=\"og:locale\" content=\"fr_FR\" \/>\n<meta property=\"og:type\" content=\"article\" \/>\n<meta property=\"og:title\" content=\"French Riviera Private Tours | Riviera Bar Crawl Tours\" \/>\n<meta property=\"og:description\" content=\"D\u00e9couvrez le meilleur de la C\u00f4te d&#039;Azur avec nos circuits priv\u00e9s \u00e0 Monaco, Cannes, Nice avec des guides locaux. Et dans toute l&#039;Europe.\" \/>\n<meta property=\"og:url\" content=\"https:\/\/rivierabarcrawltours.com\/fr\/visites-privees\/\" \/>\n<meta property=\"og:site_name\" content=\"Riviera Bar Crawl Tours\" \/>\n<meta property=\"article:publisher\" content=\"https:\/\/www.facebook.com\/RivieraBarCrawltours\/\" \/>\n<meta property=\"article:modified_time\" content=\"2021-06-26T09:00:28+00:00\" \/>\n<meta property=\"og:image\" content=\"https:\/\/rivierabarcrawltours.com\/wp-content\/uploads\/2019\/07\/frenc-riviera-private-tours-image.jpg\" \/>\n\t<meta property=\"og:image:width\" content=\"1920\" \/>\n\t<meta property=\"og:image:height\" content=\"900\" \/>\n\t<meta property=\"og:image:type\" content=\"image\/jpeg\" \/>\n<meta name=\"twitter:card\" content=\"summary_large_image\" \/>\n<meta name=\"twitter:site\" content=\"@rivierabarcrawl\" \/>\n<meta name=\"twitter:label1\" content=\"Dur\u00e9e de lecture estim\u00e9e\" \/>\n\t<meta name=\"twitter:data1\" content=\"2 minutes\" \/>\n<!-- \/ Yoast SEO plugin. -->","yoast_head_json":{"title":"French Riviera Private Tours | Riviera Bar Crawl Tours","description":"D\u00e9couvrez le meilleur de la C\u00f4te d'Azur avec nos circuits priv\u00e9s \u00e0 Monaco, Cannes, Nice avec des guides locaux. Et dans toute l'Europe.","robots":{"index":"index","follow":"follow","max-snippet":"max-snippet:-1","max-image-preview":"max-image-preview:large","max-video-preview":"max-video-preview:-1"},"canonical":"https:\/\/rivierabarcrawltours.com\/fr\/visites-privees\/","og_locale":"fr_FR","og_type":"article","og_title":"French Riviera Private Tours | Riviera Bar Crawl Tours","og_description":"D\u00e9couvrez le meilleur de la C\u00f4te d'Azur avec nos circuits priv\u00e9s \u00e0 Monaco, Cannes, Nice avec des guides locaux. Et dans toute l'Europe.","og_url":"https:\/\/rivierabarcrawltours.com\/fr\/visites-privees\/","og_site_name":"Riviera Bar Crawl Tours","article_publisher":"https:\/\/www.facebook.com\/RivieraBarCrawltours\/","article_modified_time":"2021-06-26T09:00:28+00:00","og_image":[{"width":1920,"height":900,"url":"https:\/\/rivierabarcrawltours.com\/wp-content\/uploads\/2019\/07\/frenc-riviera-private-tours-image.jpg","type":"image\/jpeg"}],"twitter_card":"summary_large_image","twitter_site":"@rivierabarcrawl","twitter_misc":{"Dur\u00e9e de lecture estim\u00e9e":"2 minutes"},"schema":{"@context":"https:\/\/schema.org","@graph":[{"@type":"WebPage","@id":"https:\/\/rivierabarcrawltours.com\/fr\/visites-privees\/","url":"https:\/\/rivierabarcrawltours.com\/fr\/visites-privees\/","name":"French Riviera Private Tours | Riviera Bar Crawl Tours","isPartOf":{"@id":"https:\/\/rivierabarcrawltours.com\/#website"},"primaryImageOfPage":{"@id":"https:\/\/rivierabarcrawltours.com\/fr\/visites-privees\/#primaryimage"},"image":{"@id":"https:\/\/rivierabarcrawltours.com\/fr\/visites-privees\/#primaryimage"},"thumbnailUrl":"https:\/\/rivierabarcrawltours.com\/wp-content\/uploads\/2019\/07\/frenc-riviera-private-tours-image.jpg","datePublished":"2021-02-26T12:27:48+00:00","dateModified":"2021-06-26T09:00:28+00:00","description":"D\u00e9couvrez le meilleur de la C\u00f4te d'Azur avec nos circuits priv\u00e9s \u00e0 Monaco, Cannes, Nice avec des guides locaux. Et dans toute l'Europe.","breadcrumb":{"@id":"https:\/\/rivierabarcrawltours.com\/fr\/visites-privees\/#breadcrumb"},"inLanguage":"fr-FR","potentialAction":[{"@type":"ReadAction","target":["https:\/\/rivierabarcrawltours.com\/fr\/visites-privees\/"]}]},{"@type":"ImageObject","inLanguage":"fr-FR","@id":"https:\/\/rivierabarcrawltours.com\/fr\/visites-privees\/#primaryimage","url":"https:\/\/rivierabarcrawltours.com\/wp-content\/uploads\/2019\/07\/frenc-riviera-private-tours-image.jpg","contentUrl":"https:\/\/rivierabarcrawltours.com\/wp-content\/uploads\/2019\/07\/frenc-riviera-private-tours-image.jpg","width":1920,"height":900,"caption":"visites priv\u00e9es de la riviera fran\u00e7aise visites de bars \u00e0 crawl de la riviera"},{"@type":"BreadcrumbList","@id":"https:\/\/rivierabarcrawltours.com\/fr\/visites-privees\/#breadcrumb","itemListElement":[{"@type":"ListItem","position":1,"name":"Home","item":"https:\/\/rivierabarcrawltours.com\/fr\/"},{"@type":"ListItem","position":2,"name":"Concept","item":"https:\/\/rivierabarcrawltours.com\/fr\/concept\/"},{"@type":"ListItem","position":3,"name":"Visites priv\u00e9es"}]},{"@type":"WebSite","@id":"https:\/\/rivierabarcrawltours.com\/#website","url":"https:\/\/rivierabarcrawltours.com\/","name":"Riviera Bar Crawl Tours","description":"Fun Day &amp; Night Experiences I Tour operator I Guided Tours I Bar Crawls I Food Tours I","publisher":{"@id":"https:\/\/rivierabarcrawltours.com\/#organization"},"potentialAction":[{"@type":"SearchAction","target":{"@type":"EntryPoint","urlTemplate":"https:\/\/rivierabarcrawltours.com\/?s={search_term_string}"},"query-input":{"@type":"PropertyValueSpecification","valueRequired":true,"valueName":"search_term_string"}}],"inLanguage":"fr-FR"},{"@type":"Organization","@id":"https:\/\/rivierabarcrawltours.com\/#organization","name":"Riviera Bar Crawl Tours","url":"https:\/\/rivierabarcrawltours.com\/","logo":{"@type":"ImageObject","inLanguage":"fr-FR","@id":"https:\/\/rivierabarcrawltours.com\/#\/schema\/logo\/image\/","url":"https:\/\/rivierabarcrawltours.com\/wp-content\/uploads\/2019\/07\/logo.png","contentUrl":"https:\/\/rivierabarcrawltours.com\/wp-content\/uploads\/2019\/07\/logo.png","width":479,"height":453,"caption":"Riviera Bar Crawl Tours"},"image":{"@id":"https:\/\/rivierabarcrawltours.com\/#\/schema\/logo\/image\/"},"sameAs":["https:\/\/www.facebook.com\/RivieraBarCrawltours\/","https:\/\/x.com\/rivierabarcrawl"]}]}},"_links":{"self":[{"href":"https:\/\/rivierabarcrawltours.com\/fr\/wp-json\/wp\/v2\/pages\/70629","targetHints":{"allow":["GET"]}}],"collection":[{"href":"https:\/\/rivierabarcrawltours.com\/fr\/wp-json\/wp\/v2\/pages"}],"about":[{"href":"https:\/\/rivierabarcrawltours.com\/fr\/wp-json\/wp\/v2\/types\/page"}],"author":[{"embeddable":true,"href":"https:\/\/rivierabarcrawltours.com\/fr\/wp-json\/wp\/v2\/users\/2"}],"replies":[{"embeddable":true,"href":"https:\/\/rivierabarcrawltours.com\/fr\/wp-json\/wp\/v2\/comments?post=70629"}],"version-history":[{"count":3,"href":"https:\/\/rivierabarcrawltours.com\/fr\/wp-json\/wp\/v2\/pages\/70629\/revisions"}],"predecessor-version":[{"id":77639,"href":"https:\/\/rivierabarcrawltours.com\/fr\/wp-json\/wp\/v2\/pages\/70629\/revisions\/77639"}],"wp:featuredmedia":[{"embeddable":true,"href":"https:\/\/rivierabarcrawltours.com\/fr\/wp-json\/wp\/v2\/media\/35934"}],"wp:attachment":[{"href":"https:\/\/rivierabarcrawltours.com\/fr\/wp-json\/wp\/v2\/media?parent=70629"}],"curies":[{"name":"wp","href":"https:\/\/api.w.org\/{rel}","templated":true}]}}