{"id":70614,"date":"2021-02-26T13:11:50","date_gmt":"2021-02-26T12:11:50","guid":{"rendered":"https:\/\/rivierabarcrawltours.com\/concept\/circuits-alimentaires\/"},"modified":"2021-06-26T11:00:44","modified_gmt":"2021-06-26T09:00:44","slug":"circuits-alimentaires","status":"publish","type":"page","link":"https:\/\/rivierabarcrawltours.com\/fr\/circuits-alimentaires\/","title":{"rendered":"Circuits alimentaires"},"content":{"rendered":"<div class=\"wpb-content-wrapper\"><p>[vc_row el_class=\u00a0\u00bbcity-tours-custom\u00a0\u00bb css=\u00a0\u00bb.vc_custom_1624698021747{margin-top: 40px !important;margin-bottom: 20px !important;}\u00a0\u00bb][vc_column][vc_column_text]<\/p>\n<h2>Tous nos circuits alimentaires<\/h2>\n<p>[\/vc_column_text][vc_separator]<div class='list_tours'>   <div class=\"concept-listings owl-carousel owl-theme\">\n          <div class=\"style_box\">\n                      <div class=\"thumb\">\n               <header class=\"thumb-header st_avatar_fix\">\n                                      <a href=\"https:\/\/rivierabarcrawltours.com\/fr\/tour\/tour-gastronomique-de-monaco\/\" class=\"hover-img\">\n                       <img decoding=\"async\" width=\"260\" height=\"190\" src=\"https:\/\/rivierabarcrawltours.com\/wp-content\/uploads\/2016\/03\/Food-tasting-tour-Nice-260x190.jpg\" class=\"attachment-260x190x1 size-260x190x1 wp-post-image\" alt=\"visites gastronomiques\" \/>                       <h5 class=\"hover-title hover-hold text-center\">\n                           Les saveurs de Monaco &#8211; Visite gastronomique priv\u00e9e                       <\/h5>\n                   <\/a>\n                                  <\/header>\n           <\/div>\n       <\/div>\n          <div class=\"style_box\">\n                      <div class=\"thumb\">\n               <header class=\"thumb-header st_avatar_fix\">\n                                      <a href=\"https:\/\/rivierabarcrawltours.com\/fr\/tour\/visite-de-degustation-de-produits-locaux-a-antibes\/\" class=\"hover-img\">\n                       <img decoding=\"async\" width=\"260\" height=\"190\" src=\"https:\/\/rivierabarcrawltours.com\/wp-content\/uploads\/2022\/04\/antibes-food-tours-e1676558154826-260x190.jpg\" class=\"attachment-260x190x1 size-260x190x1 wp-post-image\" alt=\"antibes food tours\" \/>                       <h5 class=\"hover-title hover-hold text-center\">\n                           Visite de d\u00e9gustation de produits locaux \u00e0 Antibes                       <\/h5>\n                   <\/a>\n                                  <\/header>\n           <\/div>\n       <\/div>\n          <div class=\"style_box\">\n           <div class=\"feature_class st_featured featured\">Featured<\/div>           <div class=\"thumb\">\n               <header class=\"thumb-header st_avatar_fix\">\n                                      <a href=\"https:\/\/rivierabarcrawltours.com\/fr\/tour\/circuit-gourmand-cannois\/\" class=\"hover-img\">\n                       <img decoding=\"async\" width=\"260\" height=\"190\" src=\"https:\/\/rivierabarcrawltours.com\/wp-content\/uploads\/2022\/01\/Cannes-Food-Tours-2022.mp4_000037866-260x190.png\" class=\"attachment-260x190x1 size-260x190x1 wp-post-image\" alt=\"Cannes Food tours\" \/>                       <h5 class=\"hover-title hover-hold text-center\">\n                           Visite guid\u00e9e des saveurs de Cannes                       <\/h5>\n                   <\/a>\n                                  <\/header>\n           <\/div>\n       <\/div>\n          <div class=\"style_box\">\n                      <div class=\"thumb\">\n               <header class=\"thumb-header st_avatar_fix\">\n                                      <a href=\"https:\/\/rivierabarcrawltours.com\/fr\/tour\/pique-nique-de-luxe-nice-cote-dazur\/\" class=\"hover-img\">\n                       <img decoding=\"async\" width=\"260\" height=\"190\" src=\"https:\/\/rivierabarcrawltours.com\/wp-content\/uploads\/2021\/02\/luxury-picnic-2-260x190.jpg\" class=\"attachment-260x190x1 size-260x190x1 wp-post-image\" alt=\"Pique nique de luxe Nice Cote D&#039;Azur\" \/>                       <h5 class=\"hover-title hover-hold text-center\">\n                           Circuit pique-nique de luxe Nice C\u00f4te d&rsquo;Azur                       <\/h5>\n                   <\/a>\n                                  <\/header>\n           <\/div>\n       <\/div>\n          <div class=\"style_box\">\n                      <div class=\"thumb\">\n               <header class=\"thumb-header st_avatar_fix\">\n                                      <a href=\"https:\/\/rivierabarcrawltours.com\/fr\/tour\/degustation-specialites-nicoises\/\" class=\"hover-img\">\n                       <img decoding=\"async\" width=\"260\" height=\"190\" src=\"https:\/\/rivierabarcrawltours.com\/wp-content\/uploads\/2022\/01\/Food-tours-Cannes-260x190.jpg\" class=\"attachment-260x190x1 size-260x190x1 wp-post-image\" alt=\"Visites gastronomiques agr\u00e9ables\" \/>                       <h5 class=\"hover-title hover-hold text-center\">\n                           Les saveurs de Nice : visites gastronomiques priv\u00e9es                       <\/h5>\n                   <\/a>\n                                  <\/header>\n           <\/div>\n       <\/div>\n   <\/div>\n\n            <style type=\"text\/css\">\n            .concept-listings .owl-dots.disabled,\n            .concept-listings .owl-nav.disabled{\n                display: block !important;\n            }\n        <\/style>\n    \n<script type=\"text\/javascript\">\n$(document).ready(function() {\n       $(\".concept-listings\").owlCarousel({\n        margin:20,\n                loop:true,\n                dots:true,\n        responsiveClass:true,\n        responsive:{\n            0:{\n                items:1,\n                nav:false\n            },\n            600:{\n                items:3,\n                nav:false\n            },\n            1000:{\n                items:4,\n                nav:true\n            }\n        }\n       });\n}); \n\n<\/script>\n\n<style type=\"text\/css\">\n.concept-listings .owl-stage {\n    display: -webkit-box !important;\n    display: -moz-box !important;\n    display: -ms-box !important;\n    display: box !important;\n}\n.concept-listings .owl-dots {\n    margin-top: 10px;\n    text-align: center;\n}\n.concept-listings .owl-dots .owl-dot {\n    display: inline-block;\n    background: 0 0;\n    color: inherit;\n    border: none;\n    padding: 0 !important;\n}\n.concept-listings .owl-dots .owl-dot.active span {\n    background: var(--link-color, #5191FA);\n}\n.concept-listings .owl-dots .owl-dot span {\n    width: 10px;\n    height: 10px;\n    margin: 5px 7px;\n    background: var(--light-grey-color, #EAEEF3);\n    display: block;\n    transition: opacity 0.2s ease;\n    border-radius: 30px;\n}\n.city-tours-custom .feature_class{\n  left: 0 !important;\n}\n.concept-listings .owl-nav {\n    position: absolute;\n    height: 100%;\n    top: 0;\n    width: 100%;\n    z-index: -1;\n}\n.concept-listings .owl-nav button {\n    position: absolute;\n    top: 50%;\n    margin-top: -18px;\n}\n.concept-listings .owl-nav button.owl-next {\n    right: -66px;\n}\n.concept-listings .owl-nav button.owl-prev {\n    left: -66px;\n}\n.concept-listings .owl-nav button.owl-next span {\n    width: 36px;\n    height: 36px;\n    display: block;\n    background: url(https:\/\/rivierabarcrawltours.com\/wp-content\/uploads\/2021\/06\/arrow-right.png) center center no-repeat;\n    background-size: 100% auto;\n    color: transparent;\n}\n.concept-listings .owl-nav button.owl-prev span {\n    width: 36px;\n    height: 36px;\n    display: block;\n    background: url(https:\/\/rivierabarcrawltours.com\/wp-content\/uploads\/2021\/02\/arrow-left.png) center center no-repeat;\n    background-size: 100% auto;\n    color: transparent;\n}\n\n.city-tours-custom .thumb{\n    border: none !important;\n}\n<\/style><\/div>[\/vc_column][\/vc_row][vc_row][vc_column][vc_row_inner][vc_column_inner][vc_column_text]<\/p>\n<h2>\u00c0 propos de nos circuits alimentaires<\/h2>\n<p>[\/vc_column_text][\/vc_column_inner][\/vc_row_inner][vc_row_inner][vc_column_inner width=\u00a0\u00bb1\/2&Prime;][vc_column_text]Nous avons tous le d\u00e9sir de d\u00e9couvrir le plus possible lorsque nous voyageons dans une nouvelle ville ou un nouveau pays. Et lorsque vous voyagez en France, trouver et comprendre la culture locale passe aussi par la d\u00e9couverte de sa gastronomie.<\/p>\n<p>Que vous soyez un voyageur \u00e9tranger en France, un local qui accueille des amis internationaux qui viennent nous rendre visite de temps en temps avec le d\u00e9sir de d\u00e9couvrir la vraie France, les circuits gastronomiques sont le meilleur moyen de conna\u00eetre les locaux, leur ville et leur culture \u00e0 travers ce qu&rsquo;ils aiment manger et o\u00f9 ils aiment le manger.<\/p>\n<p>Pourquoi devriez-vous participer \u00e0 un circuit gastronomique ?<br \/>\nEn tant que voyageur et touriste, nous r\u00eavons de Paris, Nice, Monaco, la C\u00f4te d&rsquo;Azur, comme nous pourrions r\u00eaver de Tokyo ou de New York et nous ne voulons pas manquer leur s\u00e9jour. Nous voulons d\u00e9couvrir les saveurs fran\u00e7aises, go\u00fbter aux bons produits r\u00e9gionaux, mais aussi go\u00fbter \u00e0 d&rsquo;excellents vins.<\/p>\n<p>Ainsi, ce qui pourrait s&rsquo;av\u00e9rer compliqu\u00e9 \u00e0 planifier, devrait rapidement devenir \u00e0 la fois d\u00e9tendu et amusant gr\u00e2ce au concept g\u00e9nial de Food Tours.<\/p>\n<p>Pour mieux comprendre ce qu&rsquo;est un grand tour gastronomique, nous avons rencontr\u00e9 quelques guides locaux qui organisent les meilleurs tours gastronomiques de Nice. Riviera Bar Crawl &amp; Tours est un expert en mati\u00e8re de visites guid\u00e9es priv\u00e9es, de promenades, de visites de bars et d&rsquo;autres activit\u00e9s amusantes sur la C\u00f4te d&rsquo;Azur et \u00e0 Paris. C&rsquo;est une jeune entreprise avec des individus locaux talentueux qui offre l&rsquo;opportunit\u00e9 de d\u00e9couvrir une ville et la gastronomie fran\u00e7aise diff\u00e9remment !<\/p>\n<p>Le concept des circuits gastronomiques<br \/>\nSi vous voulez faire un tour de la C\u00f4te d&rsquo;Azur pour vous restaurer, vous pouvez choisir de d\u00e9couvrir des villes comme Nice, Monaco, Antibes, ou plus encore. Pour proposer des circuits culinaires de qualit\u00e9 dans diff\u00e9rentes villes et quartiers, un bon voyage gastronomique doit \u00eatre men\u00e9 par des \u00ab\u00a0gastronomes\u00a0\u00bb, des guides locaux et des amoureux de la ville que vous visitez. Ces guides gastronomiques doivent aimer leur quartier mais aussi les bons produits.<\/p>\n<p>Un circuit gastronomique doit \u00e9galement permettre de d\u00e9couvrir une ville et ses meilleurs artisans en petits groupes. Au programme, une visite de 5, 6, 7 boutiques ou plus, tri\u00e9es sur le volet, et vous devriez pouvoir d\u00e9guster de 10 \u00e0 15 produits locaux diff\u00e9rents : macarons, fromage, vin, huile d&rsquo;olive, tapenade, etc.<\/p>\n<p>Mais une visite gastronomique ne se limite pas \u00e0 la nourriture et \u00e0 la boisson. Mais une visite gastronomique ne se limite pas \u00e0 la nourriture et aux boissons. Vous devez d\u00e9couvrir la vie locale et la culture gastronomique, gr\u00e2ce \u00e0 des visites priv\u00e9es, des randonn\u00e9es, des arr\u00eats dans des stands de produits locaux, ou m\u00eame un cours de cuisine.<\/p>\n<p>Une visite gastronomique doit \u00e9galement pouvoir accueillir des personnes dans diff\u00e9rentes langues comme l&rsquo;anglais, le fran\u00e7ais et l&rsquo;espagnol, mais aussi dans d&rsquo;autres langues !<\/p>\n<p>Le concept d&rsquo;une visite gastronomique doit \u00e9galement vous emmener dans diff\u00e9rents quartiers de la ville, pour voir les march\u00e9s locaux, afin que vous puissiez go\u00fbter la nourriture et ressentir l&rsquo;atmosph\u00e8re locale, en mettant l&rsquo;accent sur les accords mets et vins.<\/p>\n<p>Les meilleurs organisateurs de circuits gastronomiques s\u00e9lectionnent avec soin chaque \u00e9tablissement et chaque produit pr\u00e9sent\u00e9. Ils s&rsquo;assurent qu&rsquo;ils respectent les valeurs que nous souhaitons mettre en avant : la qualit\u00e9 des produits, le savoir-faire traditionnel, une approche r\u00e9gionale des produits, une production artisanale, autant d&rsquo;\u00e9l\u00e9ments qui font la sp\u00e9cificit\u00e9 du terroir fran\u00e7ais et la r\u00e9putation de la gastronomie fran\u00e7aise dans le monde.<\/p>\n<p>Tous les ateliers, les haltes gourmandes, ont \u00e9t\u00e9 d\u00e9velopp\u00e9s sp\u00e9cifiquement pour les invit\u00e9s, en fonction de leur cahier des charges, et sont directement anim\u00e9s par les personnes rencontr\u00e9es sur le chemin et les produits pr\u00e9sent\u00e9s.[\/vc_column_text][\/vc_column_inner][vc_column_inner width=\u00a0\u00bb1\/2&Prime;][vc_column_text]<\/p>\n<h3>Les options de la tourn\u00e9e des restaurants<\/h3>\n<p>Riviera Bar Crawl and Tours est une agence sp\u00e9cialis\u00e9e dans l&rsquo;organisation d&rsquo;activit\u00e9s et de visites guid\u00e9es sur la C\u00f4te d&rsquo;Azur et \u00e0 Paris. Vous pouvez choisir entre des visites \u00e0 pied, des visites guid\u00e9es priv\u00e9es pour d\u00e9couvrir les meilleurs monuments et sites, ou opter pour des visites gastronomiques sur le th\u00e8me de la gastronomie fran\u00e7aise, de l&rsquo;\u0153nologie et des produits du terroir.<\/p>\n<p>Un circuit alimentaire est une forme de tourisme culturel. La d\u00e9couverte d&rsquo;une r\u00e9gion se d\u00e9finit \u00e0 travers les exp\u00e9riences de d\u00e9gustation et les temps forts du patrimoine gastronomique fran\u00e7ais de plusieurs fa\u00e7ons :<\/p>\n<ul>\n<li>Visites guid\u00e9es gastronomiques dans des villes anim\u00e9es telles que Nice, Cannes ou Monaco<\/li>\n<li>Ateliers de d\u00e9gustation et repas atypiques<\/li>\n<li>Cours de cuisine personnalis\u00e9e<\/li>\n<li>Excursions et voyages gastronomiques<\/li>\n<\/ul>\n<p>Dans tous les cas, lorsque vous choisissez un circuit alimentaire, les points forts et les activit\u00e9s sont les suivants<\/p>\n<ul>\n<li>Un th\u00e8me original et amusant alliant culture, gastronomie et histoire<\/li>\n<li>Une s\u00e9lection des plus grands amateurs et artisans de la r\u00e9gion<\/li>\n<li>Guides d&rsquo;experts en alimentation et cultures alimentaires<\/li>\n<li>Des d\u00e9gustations g\u00e9n\u00e9reuses pour go\u00fbter les sp\u00e9cialit\u00e9s locales<\/li>\n<li>Des groupes plus petits pour une meilleure interaction<br \/>\nItin\u00e9raires et explications adapt\u00e9s en fonction du public<\/li>\n<\/ul>\n<p>Tous nos services propos\u00e9s dans le cadre d&rsquo;un grand circuit gastronomique sont soigneusement cr\u00e9\u00e9s. Vous devez avoir la possibilit\u00e9 d&rsquo;organiser un circuit alimentaire sur mesure de A \u00e0 Z en interne par une \u00e9quipe multiculturelle compos\u00e9e d&rsquo;experts en cultures alimentaires qui partagent une passion commune pour la gastronomie et qui souhaitent transmettre leurs connaissances.<\/p>\n<p>Chaque nouvelle destination gastronomique fait l&rsquo;objet d&rsquo;\u00e9tudes et de recherches approfondies au pr\u00e9alable, tant sur le plan historique, g\u00e9ographique, architectural que culturel. Des guides experts du patrimoine culinaire fran\u00e7ais doivent diriger toutes les promenades et les visites gastronomiques.<\/p>\n<p>A partir de l\u00e0, les possibilit\u00e9s sont infinies, et vous vous ouvrez \u00e0 des d\u00e9couvertes incroyables et \u00e0 une meilleure compr\u00e9hension de la ville et de la r\u00e9gion que vous visitez. Les th\u00e8mes de votre prochain circuit gastronomique sont infinis : L&rsquo;alimentation de luxe fran\u00e7aise, le terroir et les paysages, la gastronomie locale, les labels et la qualit\u00e9, le march\u00e9 biologique, les magasins d&rsquo;alimentation traditionnelle, le monde de la p\u00e2tisserie, les chefs cuisiniers, et m\u00eame les nouveaux modes de consommation avec les camions de nourriture locale et la nourriture de rue.[\/vc_column_text][\/vc_column_inner][\/vc_row_inner][\/vc_column][\/vc_row][vc_row][vc_column][vc_column_text]<\/p>\n<div id=\"gtx-trans\" style=\"position: absolute; left: -7px; top: 113.812px;\">\n<div class=\"gtx-trans-icon\"><\/div>\n<\/div>\n<p>[\/vc_column_text][\/vc_column][\/vc_row]<\/p>\n<\/div>","protected":false},"excerpt":{"rendered":"<p>[vc_row el_class=\u00a0\u00bbcity-tours-custom\u00a0\u00bb css=\u00a0\u00bb.vc_custom_1624698021747{margin-top: 40px !important;margin-bottom: 20px !important;}\u00a0\u00bb][vc_column][vc_column_text] Tous nos circuits alimentaires [\/vc_column_text][vc_separator][\/vc_column][\/vc_row][vc_row][vc_column][vc_row_inner][vc_column_inner][vc_column_text] \u00c0 propos de nos circuits alimentaires [\/vc_column_text][\/vc_column_inner][\/vc_row_inner][vc_row_inner][vc_column_inner width=\u00a0\u00bb1\/2&Prime;][vc_column_text]Nous avons tous le d\u00e9sir de d\u00e9couvrir le plus possible lorsque nous voyageons dans une nouvelle ville ou un nouveau pays. Et lorsque vous voyagez en France, trouver et comprendre la culture locale passe aussi par [&hellip;]<\/p>\n","protected":false},"author":2,"featured_media":37676,"parent":0,"menu_order":0,"comment_status":"closed","ping_status":"closed","template":"template-home-modern.php","meta":{"_acf_changed":false,"footnotes":""},"class_list":["post-70614","page","type-page","status-publish","has-post-thumbnail","hentry"],"acf":[],"yoast_head":"<!-- This site is optimized with the Yoast SEO plugin v27.3 - https:\/\/yoast.com\/product\/yoast-seo-wordpress\/ -->\n<title>Archives des  | Riviera Bar Crawl Tours<\/title>\n<meta name=\"description\" content=\"Il faut aussi faire un circuit alimentaire pour d\u00e9couvrir une ville et ses meilleurs artisans en petits groupes | Il faut aussi faire un circuit alimentaire pour d\u00e9couvrir une ville\" \/>\n<meta name=\"robots\" content=\"index, follow, max-snippet:-1, max-image-preview:large, max-video-preview:-1\" \/>\n<link rel=\"canonical\" href=\"https:\/\/rivierabarcrawltours.com\/fr\/circuits-alimentaires\/\" \/>\n<meta property=\"og:locale\" content=\"fr_FR\" \/>\n<meta property=\"og:type\" content=\"article\" \/>\n<meta property=\"og:title\" content=\"Archives des  | Riviera Bar Crawl Tours\" \/>\n<meta property=\"og:description\" content=\"Il faut aussi faire un circuit alimentaire pour d\u00e9couvrir une ville et ses meilleurs artisans en petits groupes | Il faut aussi faire un circuit alimentaire pour d\u00e9couvrir une ville\" \/>\n<meta property=\"og:url\" content=\"https:\/\/rivierabarcrawltours.com\/fr\/circuits-alimentaires\/\" \/>\n<meta property=\"og:site_name\" content=\"Riviera Bar Crawl Tours\" \/>\n<meta property=\"article:publisher\" content=\"https:\/\/www.facebook.com\/RivieraBarCrawltours\/\" \/>\n<meta property=\"article:modified_time\" content=\"2021-06-26T09:00:44+00:00\" \/>\n<meta property=\"og:image\" content=\"https:\/\/rivierabarcrawltours.com\/wp-content\/uploads\/2019\/12\/food-tasting-nice-team-building.jpg\" \/>\n\t<meta property=\"og:image:width\" content=\"1080\" \/>\n\t<meta property=\"og:image:height\" content=\"720\" \/>\n\t<meta property=\"og:image:type\" content=\"image\/jpeg\" \/>\n<meta name=\"twitter:card\" content=\"summary_large_image\" \/>\n<meta name=\"twitter:site\" content=\"@rivierabarcrawl\" \/>\n<meta name=\"twitter:label1\" content=\"Dur\u00e9e de lecture estim\u00e9e\" \/>\n\t<meta name=\"twitter:data1\" content=\"6 minutes\" \/>\n<!-- \/ Yoast SEO plugin. -->","yoast_head_json":{"title":"Archives des  | Riviera Bar Crawl Tours","description":"Il faut aussi faire un circuit alimentaire pour d\u00e9couvrir une ville et ses meilleurs artisans en petits groupes | Il faut aussi faire un circuit alimentaire pour d\u00e9couvrir une ville","robots":{"index":"index","follow":"follow","max-snippet":"max-snippet:-1","max-image-preview":"max-image-preview:large","max-video-preview":"max-video-preview:-1"},"canonical":"https:\/\/rivierabarcrawltours.com\/fr\/circuits-alimentaires\/","og_locale":"fr_FR","og_type":"article","og_title":"Archives des  | Riviera Bar Crawl Tours","og_description":"Il faut aussi faire un circuit alimentaire pour d\u00e9couvrir une ville et ses meilleurs artisans en petits groupes | Il faut aussi faire un circuit alimentaire pour d\u00e9couvrir une ville","og_url":"https:\/\/rivierabarcrawltours.com\/fr\/circuits-alimentaires\/","og_site_name":"Riviera Bar Crawl Tours","article_publisher":"https:\/\/www.facebook.com\/RivieraBarCrawltours\/","article_modified_time":"2021-06-26T09:00:44+00:00","og_image":[{"width":1080,"height":720,"url":"https:\/\/rivierabarcrawltours.com\/wp-content\/uploads\/2019\/12\/food-tasting-nice-team-building.jpg","type":"image\/jpeg"}],"twitter_card":"summary_large_image","twitter_site":"@rivierabarcrawl","twitter_misc":{"Dur\u00e9e de lecture estim\u00e9e":"6 minutes"},"schema":{"@context":"https:\/\/schema.org","@graph":[{"@type":"WebPage","@id":"https:\/\/rivierabarcrawltours.com\/fr\/circuits-alimentaires\/","url":"https:\/\/rivierabarcrawltours.com\/fr\/circuits-alimentaires\/","name":"Archives des | Riviera Bar Crawl Tours","isPartOf":{"@id":"https:\/\/rivierabarcrawltours.com\/#website"},"primaryImageOfPage":{"@id":"https:\/\/rivierabarcrawltours.com\/fr\/circuits-alimentaires\/#primaryimage"},"image":{"@id":"https:\/\/rivierabarcrawltours.com\/fr\/circuits-alimentaires\/#primaryimage"},"thumbnailUrl":"https:\/\/rivierabarcrawltours.com\/wp-content\/uploads\/2019\/12\/food-tasting-nice-team-building.jpg","datePublished":"2021-02-26T12:11:50+00:00","dateModified":"2021-06-26T09:00:44+00:00","description":"Il faut aussi faire un circuit alimentaire pour d\u00e9couvrir une ville et ses meilleurs artisans en petits groupes | Il faut aussi faire un circuit alimentaire pour d\u00e9couvrir une ville","breadcrumb":{"@id":"https:\/\/rivierabarcrawltours.com\/fr\/circuits-alimentaires\/#breadcrumb"},"inLanguage":"fr-FR","potentialAction":[{"@type":"ReadAction","target":["https:\/\/rivierabarcrawltours.com\/fr\/circuits-alimentaires\/"]}]},{"@type":"ImageObject","inLanguage":"fr-FR","@id":"https:\/\/rivierabarcrawltours.com\/fr\/circuits-alimentaires\/#primaryimage","url":"https:\/\/rivierabarcrawltours.com\/wp-content\/uploads\/2019\/12\/food-tasting-nice-team-building.jpg","contentUrl":"https:\/\/rivierabarcrawltours.com\/wp-content\/uploads\/2019\/12\/food-tasting-nice-team-building.jpg","width":1080,"height":720,"caption":"d\u00e9gustation d'aliments agr\u00e9able team building riviera bar crawl tours"},{"@type":"BreadcrumbList","@id":"https:\/\/rivierabarcrawltours.com\/fr\/circuits-alimentaires\/#breadcrumb","itemListElement":[{"@type":"ListItem","position":1,"name":"Home","item":"https:\/\/rivierabarcrawltours.com\/fr\/"},{"@type":"ListItem","position":2,"name":"Concept","item":"https:\/\/rivierabarcrawltours.com\/fr\/concept\/"},{"@type":"ListItem","position":3,"name":"Circuits alimentaires"}]},{"@type":"WebSite","@id":"https:\/\/rivierabarcrawltours.com\/#website","url":"https:\/\/rivierabarcrawltours.com\/","name":"Riviera Bar Crawl Tours","description":"Fun Day &amp; Night Experiences I Tour operator I Guided Tours I Bar Crawls I Food Tours I","publisher":{"@id":"https:\/\/rivierabarcrawltours.com\/#organization"},"potentialAction":[{"@type":"SearchAction","target":{"@type":"EntryPoint","urlTemplate":"https:\/\/rivierabarcrawltours.com\/?s={search_term_string}"},"query-input":{"@type":"PropertyValueSpecification","valueRequired":true,"valueName":"search_term_string"}}],"inLanguage":"fr-FR"},{"@type":"Organization","@id":"https:\/\/rivierabarcrawltours.com\/#organization","name":"Riviera Bar Crawl Tours","url":"https:\/\/rivierabarcrawltours.com\/","logo":{"@type":"ImageObject","inLanguage":"fr-FR","@id":"https:\/\/rivierabarcrawltours.com\/#\/schema\/logo\/image\/","url":"https:\/\/rivierabarcrawltours.com\/wp-content\/uploads\/2019\/07\/logo.png","contentUrl":"https:\/\/rivierabarcrawltours.com\/wp-content\/uploads\/2019\/07\/logo.png","width":479,"height":453,"caption":"Riviera Bar Crawl Tours"},"image":{"@id":"https:\/\/rivierabarcrawltours.com\/#\/schema\/logo\/image\/"},"sameAs":["https:\/\/www.facebook.com\/RivieraBarCrawltours\/","https:\/\/x.com\/rivierabarcrawl"]}]}},"_links":{"self":[{"href":"https:\/\/rivierabarcrawltours.com\/fr\/wp-json\/wp\/v2\/pages\/70614","targetHints":{"allow":["GET"]}}],"collection":[{"href":"https:\/\/rivierabarcrawltours.com\/fr\/wp-json\/wp\/v2\/pages"}],"about":[{"href":"https:\/\/rivierabarcrawltours.com\/fr\/wp-json\/wp\/v2\/types\/page"}],"author":[{"embeddable":true,"href":"https:\/\/rivierabarcrawltours.com\/fr\/wp-json\/wp\/v2\/users\/2"}],"replies":[{"embeddable":true,"href":"https:\/\/rivierabarcrawltours.com\/fr\/wp-json\/wp\/v2\/comments?post=70614"}],"version-history":[{"count":6,"href":"https:\/\/rivierabarcrawltours.com\/fr\/wp-json\/wp\/v2\/pages\/70614\/revisions"}],"predecessor-version":[{"id":77640,"href":"https:\/\/rivierabarcrawltours.com\/fr\/wp-json\/wp\/v2\/pages\/70614\/revisions\/77640"}],"wp:featuredmedia":[{"embeddable":true,"href":"https:\/\/rivierabarcrawltours.com\/fr\/wp-json\/wp\/v2\/media\/37676"}],"wp:attachment":[{"href":"https:\/\/rivierabarcrawltours.com\/fr\/wp-json\/wp\/v2\/media?parent=70614"}],"curies":[{"name":"wp","href":"https:\/\/api.w.org\/{rel}","templated":true}]}}