{"id":70515,"date":"2021-02-26T11:58:20","date_gmt":"2021-02-26T10:58:20","guid":{"rendered":"https:\/\/rivierabarcrawltours.com\/concept\/"},"modified":"2022-07-31T10:59:09","modified_gmt":"2022-07-31T08:59:09","slug":"concept","status":"publish","type":"page","link":"https:\/\/rivierabarcrawltours.com\/fr\/concept\/","title":{"rendered":"Concept"},"content":{"rendered":"<div class=\"wpb-content-wrapper\"><p>[vc_row css=\u00a0\u00bb.vc_custom_1612431259800{margin-top: 40px !important;}\u00a0\u00bb][vc_column][vc_column_text]<\/p>\n<h2>Concept<\/h2>\n<p>[\/vc_column_text][\/vc_column][\/vc_row][vc_row][vc_column width=\u00a0\u00bb1\/4&Prime; el_class=\u00a0\u00bbmain-col\u00a0\u00bb css=\u00a0\u00bb.vc_custom_1612431923475{margin-bottom: 20px !important;}\u00a0\u00bb][vc_column_text css=\u00a0\u00bb.vc_custom_1612433291524{background-image: url(https:\/\/rivierabarcrawltours.com\/wp-content\/uploads\/2020\/04\/private-tours-paris-france-1-1.jpg?id=53673) !important;}\u00a0\u00bb]<a href=\"https:\/\/rivierabarcrawltours.com\/fr\/concept\/visites-privees\/\">Visites priv\u00e9es<\/a>[\/vc_column_text][\/vc_column][vc_column width=\u00a0\u00bb1\/4&Prime; el_class=\u00a0\u00bbmain-col\u00a0\u00bb css=\u00a0\u00bb.vc_custom_1612432008756{margin-bottom: 20px !important;}\u00a0\u00bb][vc_column_text css=\u00a0\u00bb.vc_custom_1659257943330{background-image: url(https:\/\/rivierabarcrawltours.com\/wp-content\/uploads\/2021\/01\/teambuilding-nice.jpg?id=63064) !important;}\u00a0\u00bb]<a href=\"https:\/\/rivierabarcrawltours.com\/fr\/concept\/formation-dequipes\/\">Team Building<\/a>[\/vc_column_text][\/vc_column][vc_column width=\u00a0\u00bb1\/4&Prime; el_class=\u00a0\u00bbmain-col\u00a0\u00bb css=\u00a0\u00bb.vc_custom_1613118716288{margin-bottom: 20px !important;}\u00a0\u00bb][vc_column_text css=\u00a0\u00bb.vc_custom_1613118881269{background-image: url(https:\/\/rivierabarcrawltours.com\/wp-content\/uploads\/2020\/12\/Free-Nice-Walking-Tour-8.jpg?id=65711) !important;}\u00a0\u00bb]<a href=\"https:\/\/rivierabarcrawltours.com\/fr\/concept\/%d0%bf%d0%b5%d1%88%d0%b5%d1%85%d0%be%d0%b4%d0%bd%d1%8b%d0%b5-%d1%82%d1%83%d1%80%d1%8b\/\">Visites \u00e0 pied<\/a>[\/vc_column_text][\/vc_column][vc_column width=\u00a0\u00bb1\/4&Prime; el_class=\u00a0\u00bbmain-col\u00a0\u00bb css=\u00a0\u00bb.vc_custom_1612432062266{margin-bottom: 20px !important;}\u00a0\u00bb][vc_column_text css=\u00a0\u00bb.vc_custom_1613118198822{background-image: url(https:\/\/rivierabarcrawltours.com\/wp-content\/uploads\/2020\/05\/how-to-organise-a-pub-crawl-fundraiser-pic2.jpg?id=56219) !important;}\u00a0\u00bb]<a href=\"https:\/\/rivierabarcrawltours.com\/fr\/concept\/pub-crawls\/\">Pub Crawls<\/a>[\/vc_column_text][\/vc_column][\/vc_row][vc_row][vc_column width=\u00a0\u00bb1\/4&Prime; css=\u00a0\u00bb.vc_custom_1612432148899{margin-bottom: 20px !important;}\u00a0\u00bb el_class=\u00a0\u00bbmain-col\u00a0\u00bb][vc_column_text css=\u00a0\u00bb.vc_custom_1612436149047{background-image: url(https:\/\/rivierabarcrawltours.com\/wp-content\/uploads\/2020\/04\/How-to-Start-a-Food-Tour-Business-in-3-Steps-pic2-2.jpg?id=55092) !important;}\u00a0\u00bb]<\/p>\n<p><a href=\"https:\/\/rivierabarcrawltours.com\/fr\/concept\/circuits-alimentaires\/\">Circuits alimentaires<\/a><\/p>\n<p>[\/vc_column_text][\/vc_column][vc_column width=\u00a0\u00bb1\/4&Prime; css=\u00a0\u00bb.vc_custom_1612432188507{margin-bottom: 20px !important;}\u00a0\u00bb el_class=\u00a0\u00bbmain-col\u00a0\u00bb][vc_column_text css=\u00a0\u00bb.vc_custom_1612437069872{background-image: url(https:\/\/rivierabarcrawltours.com\/wp-content\/uploads\/2020\/03\/vineyard-tours-nice-france.pic-2.jpg?id=51786) !important;}\u00a0\u00bb]<\/p>\n<p><a href=\"https:\/\/rivierabarcrawltours.com\/fr\/concept\/%d0%b4%d0%b5%d0%b3%d1%83%d1%81%d1%82%d0%b0%d1%86%d0%b8%d1%8f-%d0%b2%d0%b8%d0%bd%d0%b0\/\">D\u00e9gustation de vin<\/a><\/p>\n<p>[\/vc_column_text][\/vc_column][vc_column width=\u00a0\u00bb1\/4&Prime; css=\u00a0\u00bb.vc_custom_1612432233144{margin-bottom: 20px !important;}\u00a0\u00bb el_class=\u00a0\u00bbmain-col\u00a0\u00bb][vc_column_text css=\u00a0\u00bb.vc_custom_1612437515398{background-image: url(https:\/\/rivierabarcrawltours.com\/wp-content\/uploads\/2021\/02\/shore-excursions-pic6.jpg?id=63619) !important;}\u00a0\u00bb]<a href=\"https:\/\/rivierabarcrawltours.com\/fr\/concept\/excursions-a-terre\/\">Excursions \u00e0 terre<\/a>[\/vc_column_text][\/vc_column][vc_column width=\u00a0\u00bb1\/4&Prime;][\/vc_column][\/vc_row]<\/p>\n<\/div>","protected":false},"excerpt":{"rendered":"<p>[vc_row css=\u00a0\u00bb.vc_custom_1612431259800{margin-top: 40px !important;}\u00a0\u00bb][vc_column][vc_column_text] Concept [\/vc_column_text][\/vc_column][\/vc_row][vc_row][vc_column width=\u00a0\u00bb1\/4&Prime; el_class=\u00a0\u00bbmain-col\u00a0\u00bb css=\u00a0\u00bb.vc_custom_1612431923475{margin-bottom: 20px !important;}\u00a0\u00bb][vc_column_text css=\u00a0\u00bb.vc_custom_1612433291524{background-image: url(https:\/\/rivierabarcrawltours.com\/wp-content\/uploads\/2020\/04\/private-tours-paris-france-1-1.jpg?id=53673) !important;}\u00a0\u00bb]Visites priv\u00e9es[\/vc_column_text][\/vc_column][vc_column width=\u00a0\u00bb1\/4&Prime; el_class=\u00a0\u00bbmain-col\u00a0\u00bb css=\u00a0\u00bb.vc_custom_1612432008756{margin-bottom: 20px !important;}\u00a0\u00bb][vc_column_text css=\u00a0\u00bb.vc_custom_1659257943330{background-image: url(https:\/\/rivierabarcrawltours.com\/wp-content\/uploads\/2021\/01\/teambuilding-nice.jpg?id=63064) !important;}\u00a0\u00bb]Team Building[\/vc_column_text][\/vc_column][vc_column width=\u00a0\u00bb1\/4&Prime; el_class=\u00a0\u00bbmain-col\u00a0\u00bb css=\u00a0\u00bb.vc_custom_1613118716288{margin-bottom: 20px !important;}\u00a0\u00bb][vc_column_text css=\u00a0\u00bb.vc_custom_1613118881269{background-image: url(https:\/\/rivierabarcrawltours.com\/wp-content\/uploads\/2020\/12\/Free-Nice-Walking-Tour-8.jpg?id=65711) !important;}\u00a0\u00bb]Visites \u00e0 pied[\/vc_column_text][\/vc_column][vc_column width=\u00a0\u00bb1\/4&Prime; el_class=\u00a0\u00bbmain-col\u00a0\u00bb css=\u00a0\u00bb.vc_custom_1612432062266{margin-bottom: 20px !important;}\u00a0\u00bb][vc_column_text css=\u00a0\u00bb.vc_custom_1613118198822{background-image: url(https:\/\/rivierabarcrawltours.com\/wp-content\/uploads\/2020\/05\/how-to-organise-a-pub-crawl-fundraiser-pic2.jpg?id=56219) !important;}\u00a0\u00bb]Pub Crawls[\/vc_column_text][\/vc_column][\/vc_row][vc_row][vc_column width=\u00a0\u00bb1\/4&Prime; css=\u00a0\u00bb.vc_custom_1612432148899{margin-bottom: 20px !important;}\u00a0\u00bb el_class=\u00a0\u00bbmain-col\u00a0\u00bb][vc_column_text css=\u00a0\u00bb.vc_custom_1612436149047{background-image: url(https:\/\/rivierabarcrawltours.com\/wp-content\/uploads\/2020\/04\/How-to-Start-a-Food-Tour-Business-in-3-Steps-pic2-2.jpg?id=55092) !important;}\u00a0\u00bb] Circuits alimentaires [\/vc_column_text][\/vc_column][vc_column width=\u00a0\u00bb1\/4&Prime; [&hellip;]<\/p>\n","protected":false},"author":2,"featured_media":62636,"parent":0,"menu_order":0,"comment_status":"closed","ping_status":"closed","template":"template-home-modern.php","meta":{"_acf_changed":false,"footnotes":""},"class_list":["post-70515","page","type-page","status-publish","has-post-thumbnail","hentry"],"acf":[],"yoast_head":"<!-- This site is optimized with the Yoast SEO plugin v27.4 - https:\/\/yoast.com\/product\/yoast-seo-wordpress\/ -->\n<title>Concept | Riviera Bar Crawl Tours<\/title>\n<meta name=\"description\" content=\"Riviera Bar Crawl &amp; Tours donne vie \u00e0 la Riviera. Nous nous sp\u00e9cialisons dans les activit\u00e9s formidables, les f\u00eates super amusantes et les excursions rapides \u00e0 travers la C\u00f4te d&#039;Azur\" \/>\n<meta name=\"robots\" content=\"index, follow, max-snippet:-1, max-image-preview:large, max-video-preview:-1\" \/>\n<link rel=\"canonical\" href=\"https:\/\/rivierabarcrawltours.com\/fr\/concept\/\" \/>\n<meta property=\"og:locale\" content=\"fr_FR\" \/>\n<meta property=\"og:type\" content=\"article\" \/>\n<meta property=\"og:title\" content=\"Concept | Riviera Bar Crawl Tours\" \/>\n<meta property=\"og:description\" content=\"Riviera Bar Crawl &amp; Tours donne vie \u00e0 la Riviera. Nous nous sp\u00e9cialisons dans les activit\u00e9s formidables, les f\u00eates super amusantes et les excursions rapides \u00e0 travers la C\u00f4te d&#039;Azur\" \/>\n<meta property=\"og:url\" content=\"https:\/\/rivierabarcrawltours.com\/fr\/concept\/\" \/>\n<meta property=\"og:site_name\" content=\"Riviera Bar Crawl Tours\" \/>\n<meta property=\"article:publisher\" content=\"https:\/\/www.facebook.com\/RivieraBarCrawltours\/\" \/>\n<meta property=\"article:modified_time\" content=\"2022-07-31T08:59:09+00:00\" \/>\n<meta property=\"og:image\" content=\"https:\/\/rivierabarcrawltours.com\/wp-content\/uploads\/2020\/12\/banner-riviera-bar-crawl-tours.jpg\" \/>\n\t<meta property=\"og:image:width\" content=\"1820\" \/>\n\t<meta property=\"og:image:height\" content=\"450\" \/>\n\t<meta property=\"og:image:type\" content=\"image\/jpeg\" \/>\n<meta name=\"twitter:card\" content=\"summary_large_image\" \/>\n<meta name=\"twitter:site\" content=\"@rivierabarcrawl\" \/>\n<meta name=\"twitter:label1\" content=\"Dur\u00e9e de lecture estim\u00e9e\" \/>\n\t<meta name=\"twitter:data1\" content=\"1 minute\" \/>\n<!-- \/ Yoast SEO plugin. -->","yoast_head_json":{"title":"Concept | Riviera Bar Crawl Tours","description":"Riviera Bar Crawl & Tours donne vie \u00e0 la Riviera. Nous nous sp\u00e9cialisons dans les activit\u00e9s formidables, les f\u00eates super amusantes et les excursions rapides \u00e0 travers la C\u00f4te d'Azur","robots":{"index":"index","follow":"follow","max-snippet":"max-snippet:-1","max-image-preview":"max-image-preview:large","max-video-preview":"max-video-preview:-1"},"canonical":"https:\/\/rivierabarcrawltours.com\/fr\/concept\/","og_locale":"fr_FR","og_type":"article","og_title":"Concept | Riviera Bar Crawl Tours","og_description":"Riviera Bar Crawl & Tours donne vie \u00e0 la Riviera. Nous nous sp\u00e9cialisons dans les activit\u00e9s formidables, les f\u00eates super amusantes et les excursions rapides \u00e0 travers la C\u00f4te d'Azur","og_url":"https:\/\/rivierabarcrawltours.com\/fr\/concept\/","og_site_name":"Riviera Bar Crawl Tours","article_publisher":"https:\/\/www.facebook.com\/RivieraBarCrawltours\/","article_modified_time":"2022-07-31T08:59:09+00:00","og_image":[{"width":1820,"height":450,"url":"https:\/\/rivierabarcrawltours.com\/wp-content\/uploads\/2020\/12\/banner-riviera-bar-crawl-tours.jpg","type":"image\/jpeg"}],"twitter_card":"summary_large_image","twitter_site":"@rivierabarcrawl","twitter_misc":{"Dur\u00e9e de lecture estim\u00e9e":"1 minute"},"schema":{"@context":"https:\/\/schema.org","@graph":[{"@type":"WebPage","@id":"https:\/\/rivierabarcrawltours.com\/fr\/concept\/","url":"https:\/\/rivierabarcrawltours.com\/fr\/concept\/","name":"Concept | Riviera Bar Crawl Tours","isPartOf":{"@id":"https:\/\/rivierabarcrawltours.com\/#website"},"primaryImageOfPage":{"@id":"https:\/\/rivierabarcrawltours.com\/fr\/concept\/#primaryimage"},"image":{"@id":"https:\/\/rivierabarcrawltours.com\/fr\/concept\/#primaryimage"},"thumbnailUrl":"https:\/\/rivierabarcrawltours.com\/wp-content\/uploads\/2020\/12\/banner-riviera-bar-crawl-tours.jpg","datePublished":"2021-02-26T10:58:20+00:00","dateModified":"2022-07-31T08:59:09+00:00","description":"Riviera Bar Crawl & Tours donne vie \u00e0 la Riviera. Nous nous sp\u00e9cialisons dans les activit\u00e9s formidables, les f\u00eates super amusantes et les excursions rapides \u00e0 travers la C\u00f4te d'Azur","breadcrumb":{"@id":"https:\/\/rivierabarcrawltours.com\/fr\/concept\/#breadcrumb"},"inLanguage":"fr-FR","potentialAction":[{"@type":"ReadAction","target":["https:\/\/rivierabarcrawltours.com\/fr\/concept\/"]}]},{"@type":"ImageObject","inLanguage":"fr-FR","@id":"https:\/\/rivierabarcrawltours.com\/fr\/concept\/#primaryimage","url":"https:\/\/rivierabarcrawltours.com\/wp-content\/uploads\/2020\/12\/banner-riviera-bar-crawl-tours.jpg","contentUrl":"https:\/\/rivierabarcrawltours.com\/wp-content\/uploads\/2020\/12\/banner-riviera-bar-crawl-tours.jpg","width":1820,"height":450,"caption":"banner-riviera-bar-crawl-tours"},{"@type":"BreadcrumbList","@id":"https:\/\/rivierabarcrawltours.com\/fr\/concept\/#breadcrumb","itemListElement":[{"@type":"ListItem","position":1,"name":"Home","item":"https:\/\/rivierabarcrawltours.com\/fr\/"},{"@type":"ListItem","position":2,"name":"Concept"}]},{"@type":"WebSite","@id":"https:\/\/rivierabarcrawltours.com\/#website","url":"https:\/\/rivierabarcrawltours.com\/","name":"Riviera Bar Crawl Tours","description":"Fun Day &amp; Night Experiences I Tour operator I Guided Tours I Bar Crawls I Food Tours I","publisher":{"@id":"https:\/\/rivierabarcrawltours.com\/#organization"},"potentialAction":[{"@type":"SearchAction","target":{"@type":"EntryPoint","urlTemplate":"https:\/\/rivierabarcrawltours.com\/?s={search_term_string}"},"query-input":{"@type":"PropertyValueSpecification","valueRequired":true,"valueName":"search_term_string"}}],"inLanguage":"fr-FR"},{"@type":"Organization","@id":"https:\/\/rivierabarcrawltours.com\/#organization","name":"Riviera Bar Crawl Tours","url":"https:\/\/rivierabarcrawltours.com\/","logo":{"@type":"ImageObject","inLanguage":"fr-FR","@id":"https:\/\/rivierabarcrawltours.com\/#\/schema\/logo\/image\/","url":"https:\/\/rivierabarcrawltours.com\/wp-content\/uploads\/2019\/07\/logo.png","contentUrl":"https:\/\/rivierabarcrawltours.com\/wp-content\/uploads\/2019\/07\/logo.png","width":479,"height":453,"caption":"Riviera Bar Crawl Tours"},"image":{"@id":"https:\/\/rivierabarcrawltours.com\/#\/schema\/logo\/image\/"},"sameAs":["https:\/\/www.facebook.com\/RivieraBarCrawltours\/","https:\/\/x.com\/rivierabarcrawl"]}]}},"_links":{"self":[{"href":"https:\/\/rivierabarcrawltours.com\/fr\/wp-json\/wp\/v2\/pages\/70515","targetHints":{"allow":["GET"]}}],"collection":[{"href":"https:\/\/rivierabarcrawltours.com\/fr\/wp-json\/wp\/v2\/pages"}],"about":[{"href":"https:\/\/rivierabarcrawltours.com\/fr\/wp-json\/wp\/v2\/types\/page"}],"author":[{"embeddable":true,"href":"https:\/\/rivierabarcrawltours.com\/fr\/wp-json\/wp\/v2\/users\/2"}],"replies":[{"embeddable":true,"href":"https:\/\/rivierabarcrawltours.com\/fr\/wp-json\/wp\/v2\/comments?post=70515"}],"version-history":[{"count":11,"href":"https:\/\/rivierabarcrawltours.com\/fr\/wp-json\/wp\/v2\/pages\/70515\/revisions"}],"predecessor-version":[{"id":96507,"href":"https:\/\/rivierabarcrawltours.com\/fr\/wp-json\/wp\/v2\/pages\/70515\/revisions\/96507"}],"wp:featuredmedia":[{"embeddable":true,"href":"https:\/\/rivierabarcrawltours.com\/fr\/wp-json\/wp\/v2\/media\/62636"}],"wp:attachment":[{"href":"https:\/\/rivierabarcrawltours.com\/fr\/wp-json\/wp\/v2\/media?parent=70515"}],"curies":[{"name":"wp","href":"https:\/\/api.w.org\/{rel}","templated":true}]}}