{"id":67039,"date":"2021-02-21T07:47:15","date_gmt":"2021-02-21T06:47:15","guid":{"rendered":"https:\/\/rivierabarcrawltours.com\/pied-de-page\/"},"modified":"2026-02-24T23:00:28","modified_gmt":"2026-02-24T22:00:28","slug":"pied-de-page","status":"publish","type":"page","link":"https:\/\/rivierabarcrawltours.com\/fr\/pied-de-page\/","title":{"rendered":"Pied de page"},"content":{"rendered":"<div class=\"wpb-content-wrapper\"><p>[vc_row css=\u00a0\u00bb.vc_custom_1611112894050{margin-bottom: 50px !important;padding-top: 40px !important;padding-bottom: 10px !important;background-color: #f5f5f5 !important;}\u00a0\u00bb][vc_column width=\u00a0\u00bb1\/2&Prime;][vc_row_inner][vc_column_inner width=\u00a0\u00bb1\/4&Prime;][vc_single_image image=\u00a0\u00bb62928&Prime; img_size=\u00a0\u00bbfull\u00a0\u00bb alignment=\u00a0\u00bbcenter\u00a0\u00bb][\/vc_column_inner][vc_column_inner width=\u00a0\u00bb3\/4&Prime;][vc_column_text]<\/p>\n<h4 class=\"media-heading st-heading-section f24\" style=\"text-align: left;\">Inscrivez-vous \u00e0 notre newsletter<\/h4>\n<p class=\"f16 c-grey\" style=\"text-align: left;\">Recevez nos actualit\u00e9s et bons plans<\/p>\n<p>[\/vc_column_text][\/vc_column_inner][\/vc_row_inner][\/vc_column][vc_column width=\u00a0\u00bb1\/2&Prime;][vc_column_text][sibwp_form id=2][\/vc_column_text][\/vc_column][\/vc_row][vc_row][vc_column width=\u00a0\u00bb1\/4&Prime;][vc_column_text]<\/p>\n<h3 style=\"text-align: left; font-size: 13px; font-weight: 800;\">Besoin d&rsquo;aide ?<\/h3>\n<p>[\/vc_column_text][vc_separator align=\u00a0\u00bbalign_left\u00a0\u00bb el_width=\u00a0\u00bb40&Prime;][vc_column_text css=\u00a0\u00bb.vc_custom_1611673701592{border-left-width: 3px !important;padding-left: 20px !important;border-left-color: #e11e26 !important;border-left-style: solid !important;}\u00a0\u00bb]Whatsapp :<\/p>\n<h5>+33 649 244 407<\/h5>\n<p>[\/vc_column_text][vc_separator align=\u00a0\u00bbalign_left\u00a0\u00bb el_width=\u00a0\u00bb40&Prime;][vc_column_text css=\u00a0\u00bb.vc_custom_1613122747804{border-left-width: 3px !important;padding-left: 20px !important;border-left-color: #e11e26 !important;border-left-style: solid !important;}\u00a0\u00bb]Email :<\/p>\n<h5>info@rivierabarcrawltours.com<\/h5>\n<p>[\/vc_column_text][vc_separator align=\u00a0\u00bbalign_left\u00a0\u00bb el_width=\u00a0\u00bb40&Prime;][vc_column_text css=\u00a0\u00bb.vc_custom_1611845896861{border-left-width: 3px !important;padding-left: 20px !important;border-left-color: #e11e26 !important;border-left-style: solid !important;}\u00a0\u00bb]Suivez nous<\/p>\n<p><a style=\"margin-right: 20px; display: inline-block;\" href=\"https:\/\/www.facebook.com\/RivieraBarCrawltours\/\" target=\"_blank\" rel=\"noopener noreferrer\"><noscript><img decoding=\"async\" class=\"alignnone wp-image-7794 size-full\" src=\"https:\/\/rivierabarcrawltours.com\/wp-content\/uploads\/2021\/01\/ico_facebook_footer.png\" alt=\"\" width=\"21\" height=\"25\" \/><\/noscript><img decoding=\"async\" class=\"alignnone wp-image-7794 size-full lazyloaded\" src=\"https:\/\/rivierabarcrawltours.com\/wp-content\/uploads\/2021\/01\/ico_facebook_footer.png\" alt=\"\" width=\"21\" height=\"25\" data-src=\"https:\/\/rivierabarcrawltours.com\/wp-content\/uploads\/2021\/01\/ico_facebook_footer.png\" \/><\/a><a style=\"margin-right: 20px; display: inline-block;\" href=\"https:\/\/twitter.com\/rivierabarcrawl\/\" target=\"_blank\" rel=\"noopener noreferrer\"><noscript><img decoding=\"async\" class=\"alignnone wp-image-7795 size-full\" src=\"https:\/\/rivierabarcrawltours.com\/wp-content\/uploads\/2021\/01\/ico_twitter_footer.png\" alt=\"\" width=\"32\" height=\"24\" \/><\/noscript><img decoding=\"async\" class=\"alignnone wp-image-7795 size-full lazyloaded\" src=\"https:\/\/rivierabarcrawltours.com\/wp-content\/uploads\/2021\/01\/ico_twitter_footer.png\" alt=\"\" width=\"32\" height=\"24\" data-src=\"https:\/\/rivierabarcrawltours.com\/wp-content\/uploads\/2021\/01\/ico_twitter_footer.png\" \/><\/a><a style=\"margin-right: 20px; display: inline-block;\" href=\"https:\/\/www.instagram.com\/rivierabarcrawltours\/\" target=\"_blank\" rel=\"noopener noreferrer\"><noscript><img decoding=\"async\" class=\"alignnone wp-image-7796 size-full\" src=\"https:\/\/rivierabarcrawltours.com\/wp-content\/uploads\/2021\/01\/ico_instagram_footer.png\" alt=\"\" width=\"24\" height=\"22\" \/><\/noscript><img decoding=\"async\" class=\"alignnone wp-image-7796 size-full lazyloaded\" src=\"https:\/\/rivierabarcrawltours.com\/wp-content\/uploads\/2021\/01\/ico_instagram_footer.png\" alt=\"\" width=\"24\" height=\"22\" data-src=\"https:\/\/rivierabarcrawltours.com\/wp-content\/uploads\/2021\/01\/ico_instagram_footer.png\" \/><\/a><a style=\"margin-right: 20px; display: inline-block;\" href=\"https:\/\/www.pinterest.fr\/rivierabarcrawltours\/\" target=\"_blank\" rel=\"noopener noreferrer\"><noscript><img decoding=\"async\" class=\"alignnone wp-image-7796 size-full\" src=\"https:\/\/rivierabarcrawltours.com\/wp-content\/uploads\/2021\/01\/ico_pinterest_footer.png\" alt=\"\" width=\"24\" height=\"20\" \/><\/noscript><img decoding=\"async\" class=\"alignnone wp-image-7796 size-full lazyloaded\" src=\"https:\/\/rivierabarcrawltours.com\/wp-content\/uploads\/2021\/01\/ico_pinterest_footer.png\" alt=\"\" width=\"24\" height=\"20\" data-src=\"https:\/\/rivierabarcrawltours.com\/wp-content\/uploads\/2021\/01\/ico_pinterest_footer.png\" \/><\/a><a style=\"margin-right: 20px; display: inline-block;\" href=\"https:\/\/www.youtube.com\/user\/rivierabarcrawl\" target=\"_blank\" rel=\"noopener noreferrer\"><noscript><img decoding=\"async\" class=\"alignnone wp-image-7796 size-full\" src=\"https:\/\/rivierabarcrawltours.com\/wp-content\/uploads\/2021\/01\/ico_youtube_footer.png\" alt=\"\" width=\"24\" height=\"20\" \/><\/noscript><img decoding=\"async\" class=\"alignnone wp-image-7796 size-full lazyloaded\" src=\"https:\/\/rivierabarcrawltours.com\/wp-content\/uploads\/2021\/01\/ico_youtube_footer.png\" alt=\"\" width=\"24\" height=\"20\" data-src=\"https:\/\/rivierabarcrawltours.com\/wp-content\/uploads\/2021\/01\/ico_youtube_footer.png\" \/><\/a>[\/vc_column_text][\/vc_column][vc_column width=\u00a0\u00bb1\/4&Prime;][vc_column_text]<\/p>\n<h3 style=\"text-align: left; font-size: 13px; font-weight: 800;\">Company<\/h3>\n<p>[\/vc_column_text][vc_separator align=\u00a0\u00bbalign_left\u00a0\u00bb el_width=\u00a0\u00bb40&Prime;]<div class=\"widget widget_nav_menu\"><ul id=\"menu-conceptfr\" class=\"menu\"><li id=\"menu-item-127127\" class=\"menu-item menu-item-type-post_type menu-item-object-page menu-item-127127\"><a href=\"https:\/\/rivierabarcrawltours.com\/fr\/a-propos-de-nous\/\">A propos<\/a><\/li>\n<li id=\"menu-item-127129\" class=\"menu-item menu-item-type-post_type menu-item-object-page menu-item-127129\"><a href=\"https:\/\/rivierabarcrawltours.com\/fr\/partenaires-de-ressellers-riviera-bar-crawl-tours\/\">Programme d\u2019affiliation<\/a><\/li>\n<li id=\"menu-item-127124\" class=\"menu-item menu-item-type-post_type menu-item-object-page menu-item-127124\"><a href=\"https:\/\/rivierabarcrawltours.com\/fr\/devenez-partenaire-nouveau\/\">Devenez partenaire Nouveau<\/a><\/li>\n<li id=\"menu-item-127128\" class=\"menu-item menu-item-type-custom menu-item-object-custom menu-item-127128\"><a href=\"#\">Become a Franchisee<\/a><\/li>\n<li id=\"menu-item-127130\" class=\"menu-item menu-item-type-post_type menu-item-object-page menu-item-127130\"><a href=\"https:\/\/rivierabarcrawltours.com\/fr\/nous-contacter\/\">Contactez nous<\/a><\/li>\n<\/ul><\/div>[\/vc_column][vc_column width=\u00a0\u00bb1\/4&Prime;][vc_column_text]<\/p>\n<h3 style=\"text-align: left; font-size: 13px; font-weight: 800;\"><span class=\"VIiyi\" lang=\"fr\"><span class=\"JLqJ4b ChMk0b\" data-language-for-alternatives=\"fr\" data-language-to-translate-into=\"auto\" data-phrase-index=\"0\">Villes<\/span><\/span><\/h3>\n<p>[\/vc_column_text][vc_separator align=\u00a0\u00bbalign_left\u00a0\u00bb el_width=\u00a0\u00bb40&Prime;]<div class=\"widget widget_nav_menu\"><ul id=\"menu-footer2\" class=\"menu\"><li id=\"menu-item-62917\" class=\"menu-item menu-item-type-post_type menu-item-object-location menu-item-62917\"><a href=\"https:\/\/rivierabarcrawltours.com\/city\/europe\/france\/antibes-4\/\">Antibes<\/a><\/li>\n<li id=\"menu-item-62916\" class=\"menu-item menu-item-type-post_type menu-item-object-location menu-item-62916\"><a href=\"https:\/\/rivierabarcrawltours.com\/city\/europe\/france\/cannes\/\">Cannes<\/a><\/li>\n<li id=\"menu-item-110672\" class=\"menu-item menu-item-type-custom menu-item-object-custom menu-item-110672\"><a href=\"https:\/\/rivierabarcrawltours.com\/city\/europe\/france\/marseille\/\">Marseille<\/a><\/li>\n<li id=\"menu-item-73334\" class=\"menu-item menu-item-type-post_type menu-item-object-location menu-item-73334\"><a href=\"https:\/\/rivierabarcrawltours.com\/city\/europe\/france\/menton\/\">Menton<\/a><\/li>\n<li id=\"menu-item-112179\" class=\"menu-item menu-item-type-post_type menu-item-object-location menu-item-112179\"><a href=\"https:\/\/rivierabarcrawltours.com\/city\/europe\/italy\/milan\/\">Milan<\/a><\/li>\n<li id=\"menu-item-63149\" class=\"menu-item menu-item-type-post_type menu-item-object-location menu-item-63149\"><a href=\"https:\/\/rivierabarcrawltours.com\/city\/europe\/monaco\/\">Monaco<\/a><\/li>\n<li id=\"menu-item-62918\" class=\"menu-item menu-item-type-post_type menu-item-object-location menu-item-62918\"><a href=\"https:\/\/rivierabarcrawltours.com\/city\/europe\/france\/nice\/\">Nice<\/a><\/li>\n<li id=\"menu-item-62919\" class=\"menu-item menu-item-type-post_type menu-item-object-location menu-item-62919\"><a href=\"https:\/\/rivierabarcrawltours.com\/city\/europe\/france\/paris\/\">Paris<\/a><\/li>\n<li id=\"menu-item-103477\" class=\"menu-item menu-item-type-custom menu-item-object-custom menu-item-103477\"><a href=\"https:\/\/rivierabarcrawltours.com\/city\/europe\/france\/lyon\/\">Lyon<\/a><\/li>\n<li id=\"menu-item-73335\" class=\"menu-item menu-item-type-post_type menu-item-object-location menu-item-73335\"><a href=\"https:\/\/rivierabarcrawltours.com\/city\/europe\/france\/saint-tropez\/\">Saint-Tropez<\/a><\/li>\n<\/ul><\/div>[\/vc_column][vc_column width=\u00a0\u00bb1\/4&Prime;][vc_column_text]<\/p>\n<h3 style=\"text-align: left; font-size: 13px; font-weight: 800;\">R\u00e9glages?<\/h3>\n<p>[\/vc_column_text][vc_separator align=\u00a0\u00bbalign_left\u00a0\u00bb el_width=\u00a0\u00bb40&Prime;]    <div class=\"form-group\">\r\n        <label class=\"block f14 c-grey font-normal\">Languages<\/label>\r\n        <select name=\"language\" class=\" f14 select2-languages\">\r\n                            <option value=\"English\"                         data-target=\"https:\/\/rivierabarcrawltours.com\/\">English<\/option>\r\n                                <option value=\"Fran\u00e7ais\" selected                        data-target=\"https:\/\/rivierabarcrawltours.com\/fr\/\">Fran\u00e7ais<\/option>\r\n                                <option value=\"Deutsch\"                         data-target=\"https:\/\/rivierabarcrawltours.com\/de\/\">Deutsch<\/option>\r\n                                <option value=\"Italiano\"                         data-target=\"https:\/\/rivierabarcrawltours.com\/it\/\">Italiano<\/option>\r\n                                <option value=\"Espa\u00f1ol\"                         data-target=\"https:\/\/rivierabarcrawltours.com\/es\/\">Espa\u00f1ol<\/option>\r\n                                <option value=\"\u7b80\u4f53\u4e2d\u6587\"                         data-target=\"https:\/\/rivierabarcrawltours.com\/zh-hans\/\">\u7b80\u4f53\u4e2d\u6587<\/option>\r\n                                <option value=\"\u0420\u0443\u0441\u0441\u043a\u0438\u0439\"                         data-target=\"https:\/\/rivierabarcrawltours.com\/ru\/\">\u0420\u0443\u0441\u0441\u043a\u0438\u0439<\/option>\r\n                                <option value=\"Portugu\u00eas\"                         data-target=\"https:\/\/rivierabarcrawltours.com\/pt-pt\/\">Portugu\u00eas<\/option>\r\n                        <\/select>\r\n    <\/div>\r\n    <div class=\"form-group mt30\">\r\n    <label class=\"block f14 c-grey font-normal\">Currencies<\/label>\r\n    <select name=\"currency\" class=\" f14 select2-currencies\">\r\n                        <option                         value=\"USD\"\r\n                        data-target=\"\/fr\/wp-json\/wp\/v2\/pages\/67039?currency=USD\">USD<\/option>\r\n                                <option  selected='selected'                        value=\"EUR\"\r\n                        data-target=\"\/fr\/wp-json\/wp\/v2\/pages\/67039?currency=EUR\">EUR<\/option>\r\n                    <\/select>\r\n<\/div>\r\n[\/vc_column][\/vc_row]<\/p>\n<\/div>","protected":false},"excerpt":{"rendered":"<p>[vc_row css=\u00a0\u00bb.vc_custom_1611112894050{margin-bottom: 50px !important;padding-top: 40px !important;padding-bottom: 10px !important;background-color: #f5f5f5 !important;}\u00a0\u00bb][vc_column width=\u00a0\u00bb1\/2&Prime;][vc_row_inner][vc_column_inner width=\u00a0\u00bb1\/4&Prime;][vc_single_image image=\u00a0\u00bb62928&Prime; img_size=\u00a0\u00bbfull\u00a0\u00bb alignment=\u00a0\u00bbcenter\u00a0\u00bb][\/vc_column_inner][vc_column_inner width=\u00a0\u00bb3\/4&Prime;][vc_column_text] Inscrivez-vous \u00e0 notre newsletter Recevez nos actualit\u00e9s et bons plans [\/vc_column_text][\/vc_column_inner][\/vc_row_inner][\/vc_column][vc_column width=\u00a0\u00bb1\/2&Prime;][vc_column_text][sibwp_form id=2][\/vc_column_text][\/vc_column][\/vc_row][vc_row][vc_column width=\u00a0\u00bb1\/4&Prime;][vc_column_text] Besoin d&rsquo;aide ? [\/vc_column_text][vc_separator align=\u00a0\u00bbalign_left\u00a0\u00bb el_width=\u00a0\u00bb40&Prime;][vc_column_text css=\u00a0\u00bb.vc_custom_1611673701592{border-left-width: 3px !important;padding-left: 20px !important;border-left-color: #e11e26 !important;border-left-style: solid !important;}\u00a0\u00bb]Whatsapp : +33 649 244 407 [\/vc_column_text][vc_separator align=\u00a0\u00bbalign_left\u00a0\u00bb el_width=\u00a0\u00bb40&Prime;][vc_column_text css=\u00a0\u00bb.vc_custom_1613122747804{border-left-width: 3px [&hellip;]<\/p>\n","protected":false},"author":2,"featured_media":0,"parent":0,"menu_order":0,"comment_status":"closed","ping_status":"closed","template":"","meta":{"_acf_changed":false,"footnotes":""},"class_list":["post-67039","page","type-page","status-publish","has-post-thumbnail","hentry"],"acf":[],"yoast_head":"<!-- This site is optimized with the Yoast SEO plugin v27.5 - https:\/\/yoast.com\/product\/yoast-seo-wordpress\/ -->\n<title>D\u00e9couvrez la C\u00f4te d&#039;Azur avec Riviera Bar Crawl Tours<\/title>\n<meta name=\"description\" content=\"Besoin d&#039;aide ? Contactez-nous \u00e0 l&#039;adresse info@rivierabarcrawltours.com - nous serons heureux de vous aider \u00e0 r\u00e9soudre vos probl\u00e8mes ! Pied de page\" \/>\n<meta name=\"robots\" content=\"index, follow, max-snippet:-1, max-image-preview:large, max-video-preview:-1\" \/>\n<link rel=\"canonical\" href=\"https:\/\/rivierabarcrawltours.com\/fr\/pied-de-page\/\" \/>\n<meta property=\"og:locale\" content=\"fr_FR\" \/>\n<meta property=\"og:type\" content=\"article\" \/>\n<meta property=\"og:title\" content=\"D\u00e9couvrez la C\u00f4te d&#039;Azur avec Riviera Bar Crawl Tours\" \/>\n<meta property=\"og:description\" content=\"Besoin d&#039;aide ? Contactez-nous \u00e0 l&#039;adresse info@rivierabarcrawltours.com - nous serons heureux de vous aider \u00e0 r\u00e9soudre vos probl\u00e8mes ! Pied de page\" \/>\n<meta property=\"og:url\" content=\"https:\/\/rivierabarcrawltours.com\/fr\/pied-de-page\/\" \/>\n<meta property=\"og:site_name\" content=\"Riviera Bar Crawl Tours\" \/>\n<meta property=\"article:publisher\" content=\"https:\/\/www.facebook.com\/RivieraBarCrawltours\/\" \/>\n<meta property=\"article:modified_time\" content=\"2026-02-24T22:00:28+00:00\" \/>\n<meta property=\"og:image\" content=\"https:\/\/rivierabarcrawltours.com\/wp-content\/uploads\/2021\/01\/ico_facebook_footer.png\" \/>\n<meta name=\"twitter:card\" content=\"summary_large_image\" \/>\n<meta name=\"twitter:site\" content=\"@rivierabarcrawl\" \/>\n<meta name=\"twitter:label1\" content=\"Dur\u00e9e de lecture estim\u00e9e\" \/>\n\t<meta name=\"twitter:data1\" content=\"1 minute\" \/>\n<!-- \/ Yoast SEO plugin. -->","yoast_head_json":{"title":"D\u00e9couvrez la C\u00f4te d'Azur avec Riviera Bar Crawl Tours","description":"Besoin d'aide ? Contactez-nous \u00e0 l'adresse info@rivierabarcrawltours.com - nous serons heureux de vous aider \u00e0 r\u00e9soudre vos probl\u00e8mes ! Pied de page","robots":{"index":"index","follow":"follow","max-snippet":"max-snippet:-1","max-image-preview":"max-image-preview:large","max-video-preview":"max-video-preview:-1"},"canonical":"https:\/\/rivierabarcrawltours.com\/fr\/pied-de-page\/","og_locale":"fr_FR","og_type":"article","og_title":"D\u00e9couvrez la C\u00f4te d'Azur avec Riviera Bar Crawl Tours","og_description":"Besoin d'aide ? Contactez-nous \u00e0 l'adresse info@rivierabarcrawltours.com - nous serons heureux de vous aider \u00e0 r\u00e9soudre vos probl\u00e8mes ! Pied de page","og_url":"https:\/\/rivierabarcrawltours.com\/fr\/pied-de-page\/","og_site_name":"Riviera Bar Crawl Tours","article_publisher":"https:\/\/www.facebook.com\/RivieraBarCrawltours\/","article_modified_time":"2026-02-24T22:00:28+00:00","og_image":[{"url":"https:\/\/rivierabarcrawltours.com\/wp-content\/uploads\/2021\/01\/ico_facebook_footer.png","type":"","width":"","height":""}],"twitter_card":"summary_large_image","twitter_site":"@rivierabarcrawl","twitter_misc":{"Dur\u00e9e de lecture estim\u00e9e":"1 minute"},"schema":{"@context":"https:\/\/schema.org","@graph":[{"@type":"WebPage","@id":"https:\/\/rivierabarcrawltours.com\/fr\/pied-de-page\/","url":"https:\/\/rivierabarcrawltours.com\/fr\/pied-de-page\/","name":"D\u00e9couvrez la C\u00f4te d'Azur avec Riviera Bar Crawl Tours","isPartOf":{"@id":"https:\/\/rivierabarcrawltours.com\/#website"},"primaryImageOfPage":{"@id":"https:\/\/rivierabarcrawltours.com\/fr\/pied-de-page\/#primaryimage"},"image":{"@id":"https:\/\/rivierabarcrawltours.com\/fr\/pied-de-page\/#primaryimage"},"thumbnailUrl":"https:\/\/rivierabarcrawltours.com\/wp-content\/uploads\/2021\/01\/ico_facebook_footer.png","datePublished":"2021-02-21T06:47:15+00:00","dateModified":"2026-02-24T22:00:28+00:00","description":"Besoin d'aide ? Contactez-nous \u00e0 l'adresse info@rivierabarcrawltours.com - nous serons heureux de vous aider \u00e0 r\u00e9soudre vos probl\u00e8mes ! Pied de page","breadcrumb":{"@id":"https:\/\/rivierabarcrawltours.com\/fr\/pied-de-page\/#breadcrumb"},"inLanguage":"fr-FR","potentialAction":[{"@type":"ReadAction","target":["https:\/\/rivierabarcrawltours.com\/fr\/pied-de-page\/"]}]},{"@type":"ImageObject","inLanguage":"fr-FR","@id":"https:\/\/rivierabarcrawltours.com\/fr\/pied-de-page\/#primaryimage","url":"https:\/\/rivierabarcrawltours.com\/wp-content\/uploads\/2021\/01\/ico_facebook_footer.png","contentUrl":"https:\/\/rivierabarcrawltours.com\/wp-content\/uploads\/2021\/01\/ico_facebook_footer.png"},{"@type":"BreadcrumbList","@id":"https:\/\/rivierabarcrawltours.com\/fr\/pied-de-page\/#breadcrumb","itemListElement":[{"@type":"ListItem","position":1,"name":"Home","item":"https:\/\/rivierabarcrawltours.com\/fr\/"},{"@type":"ListItem","position":2,"name":"Pied de page"}]},{"@type":"WebSite","@id":"https:\/\/rivierabarcrawltours.com\/#website","url":"https:\/\/rivierabarcrawltours.com\/","name":"Riviera Bar Crawl Tours","description":"Fun Day &amp; Night Experiences I Tour operator I Guided Tours I Bar Crawls I Food Tours I","publisher":{"@id":"https:\/\/rivierabarcrawltours.com\/#organization"},"potentialAction":[{"@type":"SearchAction","target":{"@type":"EntryPoint","urlTemplate":"https:\/\/rivierabarcrawltours.com\/?s={search_term_string}"},"query-input":{"@type":"PropertyValueSpecification","valueRequired":true,"valueName":"search_term_string"}}],"inLanguage":"fr-FR"},{"@type":"Organization","@id":"https:\/\/rivierabarcrawltours.com\/#organization","name":"Riviera Bar Crawl Tours","url":"https:\/\/rivierabarcrawltours.com\/","logo":{"@type":"ImageObject","inLanguage":"fr-FR","@id":"https:\/\/rivierabarcrawltours.com\/#\/schema\/logo\/image\/","url":"https:\/\/rivierabarcrawltours.com\/wp-content\/uploads\/2019\/07\/logo.png","contentUrl":"https:\/\/rivierabarcrawltours.com\/wp-content\/uploads\/2019\/07\/logo.png","width":479,"height":453,"caption":"Riviera Bar Crawl Tours"},"image":{"@id":"https:\/\/rivierabarcrawltours.com\/#\/schema\/logo\/image\/"},"sameAs":["https:\/\/www.facebook.com\/RivieraBarCrawltours\/","https:\/\/x.com\/rivierabarcrawl"]}]}},"_links":{"self":[{"href":"https:\/\/rivierabarcrawltours.com\/fr\/wp-json\/wp\/v2\/pages\/67039","targetHints":{"allow":["GET"]}}],"collection":[{"href":"https:\/\/rivierabarcrawltours.com\/fr\/wp-json\/wp\/v2\/pages"}],"about":[{"href":"https:\/\/rivierabarcrawltours.com\/fr\/wp-json\/wp\/v2\/types\/page"}],"author":[{"embeddable":true,"href":"https:\/\/rivierabarcrawltours.com\/fr\/wp-json\/wp\/v2\/users\/2"}],"replies":[{"embeddable":true,"href":"https:\/\/rivierabarcrawltours.com\/fr\/wp-json\/wp\/v2\/comments?post=67039"}],"version-history":[{"count":10,"href":"https:\/\/rivierabarcrawltours.com\/fr\/wp-json\/wp\/v2\/pages\/67039\/revisions"}],"predecessor-version":[{"id":127123,"href":"https:\/\/rivierabarcrawltours.com\/fr\/wp-json\/wp\/v2\/pages\/67039\/revisions\/127123"}],"wp:attachment":[{"href":"https:\/\/rivierabarcrawltours.com\/fr\/wp-json\/wp\/v2\/media?parent=67039"}],"curies":[{"name":"wp","href":"https:\/\/api.w.org\/{rel}","templated":true}]}}